{"id":13774,"date":"2024-09-09T15:35:15","date_gmt":"2024-09-09T12:35:15","guid":{"rendered":"https:\/\/skaitytaknyga.lt\/?post_type=product&#038;p=13774"},"modified":"2025-05-15T12:55:44","modified_gmt":"2025-05-15T09:55:44","slug":"paulo-coelho-piligrimas","status":"publish","type":"product","link":"https:\/\/skaitytaknyga.lt\/en\/produktas\/paulo-coelho-piligrimas\/","title":{"rendered":"Piligrimas"},"content":{"rendered":"<p>Pirmoji brazil\u0173 ra\u0161ytojo knyga, i\u0161garsinusi autori\u0173 visame pasaulyje. \u0160is k\u016brinys \u2013 tai lyg visos brazil\u0173 ra\u0161ytojo k\u016brybos \u012f\u017eanga, jo filosofijos raktas: autorius pasakoja apie savo kelion\u0119 \u012f Santjago de Kompostel\u0105, kur nuo seniausi\u0173 laik\u0173 keliauja vis\u0173 \u0161ali\u0173 piligrimai pagerbti \u0160ventojo Jok\u016bbo kapo. Tame kelyje jis sutinka ir draug\u0173, ir prie\u0161\u0173, i\u0161moksta kovoti su demonais, \u012f\u017evelgti slapt\u0105j\u0105 kasdieni\u0173 dalyk\u0173 prasm\u0119, i\u0161moksta atminties, intuicijos, d\u0117mesio ugdymo pratim\u0173, kuriuos jam d\u0117sto paslaptingas vedlys.<\/p>\n<p>\u201e<em>\u010cionai atva\u017eiavau autobusu, va\u017ein\u0117jan\u010diu tarp Pedrafitos, esan\u010dios netoli Sebreiro, ir Kompostelos. Per keturias valandas \u012fveik\u0117me pusantro \u0161imto kilometr\u0173, skirian\u010di\u0173 tuos du miestus, ir kaipgi \u010dia neprisiminsi, jog mudu su Petrusu eidavome tok\u012f atstum\u0105 dvejet\u0105 savai\u010di\u0173. Netrukus i\u0161eisiu i\u0161 vie\u0161bu\u010dio ir ant \u0161ventojo Jok\u016bbo kapo pad\u0117siu \u0160ven\u010diausiosios Mergel\u0117s paveiksl\u0105, pritvirtint\u0105 prie trij\u0173 kriaukli\u0173. Paskiau kaip galima grei\u010diau i\u0161skrisiu \u012f Brazilij\u0105, nes ten man\u0119s laukia galyb\u0117 neatid\u0117liotin\u0173 reikal\u0173. Pamenu, Petrusas man sak\u0117, jog visus piligrimyst\u0117s prisiminimus jis sud\u0117jo \u012f paveiksl\u0105, o man galvon dingtel\u0117jo mintis para\u0161yti knyg\u0105&#8230;\u201c<\/em><\/p>\n<p>Paulo Coelho<\/p>\n<ul class=\"about-product d-none d-xl-block mt-4\">\n<li><strong>Originalus pavadinimas:<\/strong>\u00a0O Diario De Um Mago<\/li>\n<li><strong>Autorius:<\/strong>\u00a0Paulo Coelho<\/li>\n<li><strong>Leid\u0117jas:<\/strong>\u00a0Vaga<\/li>\n<li><strong>Metai:<\/strong>\u00a02007<\/li>\n<li><strong>Puslapiai:<\/strong>\u00a0240<\/li>\n<li><strong>ISBN:<\/strong>\u00a09785415019465<\/li>\n<li><strong>Versijos kodas:<\/strong>\u00a0PT.<\/li>\n<li><strong>Formatas:<\/strong>\u00a015 x 22 cm, mink\u0161ti vir\u0161eliai<\/li>\n<li><strong>Kalba:<\/strong>\u00a0Lietuvi\u0173<\/li>\n<li><strong>Vert\u0117jas:<\/strong>\u00a0Valdas V. Petrauskas<\/li>\n<\/ul>\n","protected":false},"excerpt":{"rendered":"<p>Pirmoji brazil\u0173 ra\u0161ytojo knyga, i\u0161garsinusi autori\u0173 visame pasaulyje. \u0160is k\u016brinys \u2013 tai lyg visos brazil\u0173 ra\u0161ytojo k\u016brybos \u012f\u017eanga, jo filosofijos raktas: autorius pasakoja apie savo kelion\u0119 \u012f Santjago de Kompostel\u0105, kur nuo seniausi\u0173 laik\u0173 keliauja vis\u0173 \u0161ali\u0173 piligrimai pagerbti \u0160ventojo Jok\u016bbo kapo. Tame kelyje jis sutinka ir draug\u0173, ir prie\u0161\u0173, i\u0161moksta kovoti su demonais, \u012f\u017evelgti slapt\u0105j\u0105 kasdieni\u0173 dalyk\u0173 prasm\u0119, i\u0161moksta atminties, intuicijos, d\u0117mesio ugdymo pratim\u0173, kuriuos jam d\u0117sto paslaptingas vedlys. \u201e\u010cionai atva\u017eiavau autobusu, va\u017ein\u0117jan\u010diu tarp Pedrafitos, esan\u010dios netoli Sebreiro, ir Kompostelos. Per keturias valandas \u012fveik\u0117me pusantro \u0161imto kilometr\u0173, skirian\u010di\u0173 tuos du miestus, ir kaipgi \u010dia neprisiminsi, jog mudu su Petrusu eidavome tok\u012f atstum\u0105 dvejet\u0105 savai\u010di\u0173. Netrukus i\u0161eisiu i\u0161 vie\u0161bu\u010dio ir ant \u0161ventojo Jok\u016bbo kapo pad\u0117siu \u0160ven\u010diausiosios Mergel\u0117s paveiksl\u0105, pritvirtint\u0105 prie trij\u0173 kriaukli\u0173. Paskiau kaip galima grei\u010diau i\u0161skrisiu \u012f Brazilij\u0105, nes ten man\u0119s laukia galyb\u0117 neatid\u0117liotin\u0173 reikal\u0173. Pamenu, Petrusas man sak\u0117, jog visus piligrimyst\u0117s prisiminimus jis sud\u0117jo \u012f paveiksl\u0105, o man galvon dingtel\u0117jo mintis para\u0161yti knyg\u0105&#8230;\u201c Paulo Coelho Originalus pavadinimas:\u00a0O Diario De Um Mago Autorius:\u00a0Paulo Coelho Leid\u0117jas:\u00a0Vaga Metai:\u00a02007 Puslapiai:\u00a0240 ISBN:\u00a09785415019465 Versijos kodas:\u00a0PT. Formatas:\u00a015 x 22 cm, mink\u0161ti vir\u0161eliai Kalba:\u00a0Lietuvi\u0173 Vert\u0117jas:\u00a0Valdas V. Petrauskas<\/p>\n","protected":false},"featured_media":13781,"comment_status":"open","ping_status":"closed","template":"","meta":{"_acf_changed":false,"site-sidebar-layout":"default","site-content-layout":"","ast-site-content-layout":"default","site-content-style":"default","site-sidebar-style":"default","ast-global-header-display":"","ast-banner-title-visibility":"","ast-main-header-display":"","ast-hfb-above-header-display":"","ast-hfb-below-header-display":"","ast-hfb-mobile-header-display":"","site-post-title":"","ast-breadcrumbs-content":"","ast-featured-img":"","footer-sml-layout":"","ast-disable-related-posts":"","theme-transparent-header-meta":"default","adv-header-id-meta":"","stick-header-meta":"","header-above-stick-meta":"","header-main-stick-meta":"","header-below-stick-meta":"","astra-migrate-meta-layouts":"set","ast-page-background-enabled":"default","ast-page-background-meta":{"desktop":{"background-color":"","background-image":"","background-repeat":"repeat","background-position":"center center","background-size":"auto","background-attachment":"scroll","background-type":"","background-media":"","overlay-type":"","overlay-color":"","overlay-opacity":"","overlay-gradient":""},"tablet":{"background-color":"","background-image":"","background-repeat":"repeat","background-position":"center center","background-size":"auto","background-attachment":"scroll","background-type":"","background-media":"","overlay-type":"","overlay-color":"","overlay-opacity":"","overlay-gradient":""},"mobile":{"background-color":"","background-image":"","background-repeat":"repeat","background-position":"center center","background-size":"auto","background-attachment":"scroll","background-type":"","background-media":"","overlay-type":"","overlay-color":"","overlay-opacity":"","overlay-gradient":""}},"ast-content-background-meta":{"desktop":{"background-color":"var(--ast-global-color-4)","background-image":"","background-repeat":"repeat","background-position":"center center","background-size":"auto","background-attachment":"scroll","background-type":"","background-media":"","overlay-type":"","overlay-color":"","overlay-opacity":"","overlay-gradient":""},"tablet":{"background-color":"var(--ast-global-color-4)","background-image":"","background-repeat":"repeat","background-position":"center center","background-size":"auto","background-attachment":"scroll","background-type":"","background-media":"","overlay-type":"","overlay-color":"","overlay-opacity":"","overlay-gradient":""},"mobile":{"background-color":"var(--ast-global-color-4)","background-image":"","background-repeat":"repeat","background-position":"center center","background-size":"auto","background-attachment":"scroll","background-type":"","background-media":"","overlay-type":"","overlay-color":"","overlay-opacity":"","overlay-gradient":""}}},"product_brand":[],"product_cat":[31,15],"product_tag":[1777,3113,3122,3123],"class_list":{"0":"post-13774","1":"product","2":"type-product","3":"status-publish","4":"has-post-thumbnail","6":"product_cat-grozine-literatura","7":"product_cat-uncategorized","8":"product_tag-dvasinis-kelias","9":"product_tag-paulo-coelho","10":"product_tag-piligrimyste","11":"product_tag-saves-atradimas","12":"desktop-align-left","13":"tablet-align-left","14":"mobile-align-left","16":"first","17":"outofstock","18":"shipping-taxable","19":"purchasable","20":"product-type-simple"},"acf":[],"yoast_head":"<!-- This site is optimized with the Yoast SEO plugin v27.0 - https:\/\/yoast.com\/product\/yoast-seo-wordpress\/ -->\n<title>Piligrimas<\/title>\n<meta name=\"description\" content=\"Pirmoji brazil\u0173 ra\u0161ytojo knyga, i\u0161garsinusi autori\u0173 visame pasaulyje. \u0160is k\u016brinys \u2013 tai lyg visos brazil\u0173 ra\u0161ytojo k\u016brybos \u012f\u017eanga, jo filosofijos raktas:\" \/>\n<meta name=\"robots\" content=\"index, follow, max-snippet:-1, max-image-preview:large, max-video-preview:-1\" \/>\n<link rel=\"canonical\" href=\"https:\/\/skaitytaknyga.lt\/en\/produktas\/paulo-coelho-piligrimas\/\" \/>\n<meta property=\"og:locale\" content=\"en_GB\" \/>\n<meta property=\"og:locale:alternate\" content=\"lt_LT\" \/>\n<meta property=\"og:type\" content=\"article\" \/>\n<meta property=\"og:title\" content=\"Piligrimas\" \/>\n<meta property=\"og:description\" content=\"Pirmoji brazil\u0173 ra\u0161ytojo knyga, i\u0161garsinusi autori\u0173 visame pasaulyje. \u0160is k\u016brinys \u2013 tai lyg visos brazil\u0173 ra\u0161ytojo k\u016brybos \u012f\u017eanga, jo filosofijos raktas:\" \/>\n<meta property=\"og:url\" content=\"https:\/\/skaitytaknyga.lt\/en\/produktas\/paulo-coelho-piligrimas\/\" \/>\n<meta property=\"og:site_name\" content=\"Skaitytaknyga\" \/>\n<meta property=\"article:publisher\" content=\"https:\/\/www.facebook.com\/skaitytaknyga\/\" \/>\n<meta property=\"article:modified_time\" content=\"2025-05-15T09:55:44+00:00\" \/>\n<meta property=\"og:image\" content=\"https:\/\/skaitytaknyga.lt\/wp-content\/uploads\/2024\/09\/Paulo-Coelho-\u201ePiligrimas.webp\" \/>\n\t<meta property=\"og:image:width\" content=\"337\" \/>\n\t<meta property=\"og:image:height\" content=\"500\" \/>\n\t<meta property=\"og:image:type\" content=\"image\/webp\" \/>\n<meta name=\"twitter:card\" content=\"summary_large_image\" \/>\n<meta name=\"twitter:label1\" content=\"Estimated reading time\" \/>\n\t<meta name=\"twitter:data1\" content=\"2 minutes\" \/>\n<script type=\"application\/ld+json\" class=\"yoast-schema-graph\">{\"@context\":\"https:\/\/schema.org\",\"@graph\":[{\"@type\":\"WebPage\",\"@id\":\"https:\/\/skaitytaknyga.lt\/produktas\/paulo-coelho-piligrimas\/\",\"url\":\"https:\/\/skaitytaknyga.lt\/produktas\/paulo-coelho-piligrimas\/\",\"name\":\"Piligrimas\",\"isPartOf\":{\"@id\":\"https:\/\/skaitytaknyga.lt\/#website\"},\"primaryImageOfPage\":{\"@id\":\"https:\/\/skaitytaknyga.lt\/produktas\/paulo-coelho-piligrimas\/#primaryimage\"},\"image\":{\"@id\":\"https:\/\/skaitytaknyga.lt\/produktas\/paulo-coelho-piligrimas\/#primaryimage\"},\"thumbnailUrl\":\"https:\/\/skaitytaknyga.lt\/wp-content\/uploads\/2024\/09\/Paulo-Coelho-\u201ePiligrimas.webp\",\"datePublished\":\"2024-09-09T12:35:15+00:00\",\"dateModified\":\"2025-05-15T09:55:44+00:00\",\"description\":\"Pirmoji brazil\u0173 ra\u0161ytojo knyga, i\u0161garsinusi autori\u0173 visame pasaulyje. \u0160is k\u016brinys \u2013 tai lyg visos brazil\u0173 ra\u0161ytojo k\u016brybos \u012f\u017eanga, jo filosofijos raktas:\",\"breadcrumb\":{\"@id\":\"https:\/\/skaitytaknyga.lt\/produktas\/paulo-coelho-piligrimas\/#breadcrumb\"},\"inLanguage\":\"en-GB\",\"potentialAction\":[{\"@type\":\"ReadAction\",\"target\":[\"https:\/\/skaitytaknyga.lt\/produktas\/paulo-coelho-piligrimas\/\"]}]},{\"@type\":\"ImageObject\",\"inLanguage\":\"en-GB\",\"@id\":\"https:\/\/skaitytaknyga.lt\/produktas\/paulo-coelho-piligrimas\/#primaryimage\",\"url\":\"https:\/\/skaitytaknyga.lt\/wp-content\/uploads\/2024\/09\/Paulo-Coelho-\u201ePiligrimas.webp\",\"contentUrl\":\"https:\/\/skaitytaknyga.lt\/wp-content\/uploads\/2024\/09\/Paulo-Coelho-\u201ePiligrimas.webp\",\"width\":337,\"height\":500,\"caption\":\"Paulo Coelho \u201ePiligrimas\u201c\"},{\"@type\":\"BreadcrumbList\",\"@id\":\"https:\/\/skaitytaknyga.lt\/produktas\/paulo-coelho-piligrimas\/#breadcrumb\",\"itemListElement\":[{\"@type\":\"ListItem\",\"position\":1,\"name\":\"Home\",\"item\":\"https:\/\/skaitytaknyga.lt\/\"},{\"@type\":\"ListItem\",\"position\":2,\"name\":\"Parduotuv\u0117\",\"item\":\"https:\/\/skaitytaknyga.lt\/knygu-parduotuve\/\"},{\"@type\":\"ListItem\",\"position\":3,\"name\":\"Piligrimas\"}]},{\"@type\":\"WebSite\",\"@id\":\"https:\/\/skaitytaknyga.lt\/#website\",\"url\":\"https:\/\/skaitytaknyga.lt\/\",\"name\":\"skaitytaknyga.lt\",\"description\":\"Skaitytaknyga.lt \u2013 tai ma\u017eas \u0161eimos verslas, kuris prasid\u0117jo nuo meil\u0117s knygoms ir siekio i\u0161gelb\u0117ti knygas nuo likimo prie konteinerio. Kas vienam nereikalingas daiktas \u2013 kitam lobis, o mes esame tarpininkai, kurie padeda abiems tapti laimingesniems ???? \u017dinome kaip nelengva i\u0161gyventi ma\u017eiems verslams, tad nuo \u0161iol, \u010dia rasite ir kit\u0173, ma\u017e\u0173 \u0161eim\u0173 versl\u0173, rank\u0173 darbo, dovan\u0173 sau ir artimiesiems.\",\"publisher\":{\"@id\":\"https:\/\/skaitytaknyga.lt\/#organization\"},\"potentialAction\":[{\"@type\":\"SearchAction\",\"target\":{\"@type\":\"EntryPoint\",\"urlTemplate\":\"https:\/\/skaitytaknyga.lt\/?s={search_term_string}\"},\"query-input\":{\"@type\":\"PropertyValueSpecification\",\"valueRequired\":true,\"valueName\":\"search_term_string\"}}],\"inLanguage\":\"en-GB\"},{\"@type\":\"Organization\",\"@id\":\"https:\/\/skaitytaknyga.lt\/#organization\",\"name\":\"skaitytaknyga.lt\",\"url\":\"https:\/\/skaitytaknyga.lt\/\",\"logo\":{\"@type\":\"ImageObject\",\"inLanguage\":\"en-GB\",\"@id\":\"https:\/\/skaitytaknyga.lt\/#\/schema\/logo\/image\/\",\"url\":\"https:\/\/skaitytaknyga.lt\/wp-content\/uploads\/2024\/05\/cropped-cropped-cropped-02_00843_jt3bggkj1j3HLc7SyY6rEUpg.jpeg\",\"contentUrl\":\"https:\/\/skaitytaknyga.lt\/wp-content\/uploads\/2024\/05\/cropped-cropped-cropped-02_00843_jt3bggkj1j3HLc7SyY6rEUpg.jpeg\",\"width\":1600,\"height\":1600,\"caption\":\"skaitytaknyga.lt\"},\"image\":{\"@id\":\"https:\/\/skaitytaknyga.lt\/#\/schema\/logo\/image\/\"},\"sameAs\":[\"https:\/\/www.facebook.com\/skaitytaknyga\/\"]}]}<\/script>\n<!-- \/ Yoast SEO plugin. -->","yoast_head_json":{"title":"Piligrimas","description":"Pirmoji brazil\u0173 ra\u0161ytojo knyga, i\u0161garsinusi autori\u0173 visame pasaulyje. \u0160is k\u016brinys \u2013 tai lyg visos brazil\u0173 ra\u0161ytojo k\u016brybos \u012f\u017eanga, jo filosofijos raktas:","robots":{"index":"index","follow":"follow","max-snippet":"max-snippet:-1","max-image-preview":"max-image-preview:large","max-video-preview":"max-video-preview:-1"},"canonical":"https:\/\/skaitytaknyga.lt\/en\/produktas\/paulo-coelho-piligrimas\/","og_locale":"en_GB","og_type":"article","og_title":"[:lt]Piligrimas[:] - Skaitytaknyga","og_description":"Pirmoji brazil\u0173 ra\u0161ytojo knyga, i\u0161garsinusi autori\u0173 visame pasaulyje. \u0160is k\u016brinys \u2013 tai lyg visos brazil\u0173 ra\u0161ytojo k\u016brybos \u012f\u017eanga, jo filosofijos raktas:","og_url":"https:\/\/skaitytaknyga.lt\/en\/produktas\/paulo-coelho-piligrimas\/","og_site_name":"Skaitytaknyga","article_publisher":"https:\/\/www.facebook.com\/skaitytaknyga\/","article_modified_time":"2025-05-15T09:55:44+00:00","og_image":[{"width":337,"height":500,"url":"https:\/\/skaitytaknyga.lt\/wp-content\/uploads\/2024\/09\/Paulo-Coelho-\u201ePiligrimas.webp","type":"image\/webp"}],"twitter_card":"summary_large_image","twitter_misc":{"Estimated reading time":"2 minutes"},"schema":{"@context":"https:\/\/schema.org","@graph":[{"@type":"WebPage","@id":"https:\/\/skaitytaknyga.lt\/produktas\/paulo-coelho-piligrimas\/","url":"https:\/\/skaitytaknyga.lt\/produktas\/paulo-coelho-piligrimas\/","name":"Piligrimas","isPartOf":{"@id":"https:\/\/skaitytaknyga.lt\/#website"},"primaryImageOfPage":{"@id":"https:\/\/skaitytaknyga.lt\/produktas\/paulo-coelho-piligrimas\/#primaryimage"},"image":{"@id":"https:\/\/skaitytaknyga.lt\/produktas\/paulo-coelho-piligrimas\/#primaryimage"},"thumbnailUrl":"https:\/\/skaitytaknyga.lt\/wp-content\/uploads\/2024\/09\/Paulo-Coelho-\u201ePiligrimas.webp","datePublished":"2024-09-09T12:35:15+00:00","dateModified":"2025-05-15T09:55:44+00:00","description":"Pirmoji brazil\u0173 ra\u0161ytojo knyga, i\u0161garsinusi autori\u0173 visame pasaulyje. \u0160is k\u016brinys \u2013 tai lyg visos brazil\u0173 ra\u0161ytojo k\u016brybos \u012f\u017eanga, jo filosofijos raktas:","breadcrumb":{"@id":"https:\/\/skaitytaknyga.lt\/produktas\/paulo-coelho-piligrimas\/#breadcrumb"},"inLanguage":"en-GB","potentialAction":[{"@type":"ReadAction","target":["https:\/\/skaitytaknyga.lt\/produktas\/paulo-coelho-piligrimas\/"]}]},{"@type":"ImageObject","inLanguage":"en-GB","@id":"https:\/\/skaitytaknyga.lt\/produktas\/paulo-coelho-piligrimas\/#primaryimage","url":"https:\/\/skaitytaknyga.lt\/wp-content\/uploads\/2024\/09\/Paulo-Coelho-\u201ePiligrimas.webp","contentUrl":"https:\/\/skaitytaknyga.lt\/wp-content\/uploads\/2024\/09\/Paulo-Coelho-\u201ePiligrimas.webp","width":337,"height":500,"caption":"Paulo Coelho \u201ePiligrimas\u201c"},{"@type":"BreadcrumbList","@id":"https:\/\/skaitytaknyga.lt\/produktas\/paulo-coelho-piligrimas\/#breadcrumb","itemListElement":[{"@type":"ListItem","position":1,"name":"Home","item":"https:\/\/skaitytaknyga.lt\/"},{"@type":"ListItem","position":2,"name":"Parduotuv\u0117","item":"https:\/\/skaitytaknyga.lt\/knygu-parduotuve\/"},{"@type":"ListItem","position":3,"name":"Piligrimas"}]},{"@type":"WebSite","@id":"https:\/\/skaitytaknyga.lt\/#website","url":"https:\/\/skaitytaknyga.lt\/","name":"skaitytaknyga.lt","description":"Skaitytaknyga.lt \u2013 tai ma\u017eas \u0161eimos verslas, kuris prasid\u0117jo nuo meil\u0117s knygoms ir siekio i\u0161gelb\u0117ti knygas nuo likimo prie konteinerio. Kas vienam nereikalingas daiktas \u2013 kitam lobis, o mes esame tarpininkai, kurie padeda abiems tapti laimingesniems ???? \u017dinome kaip nelengva i\u0161gyventi ma\u017eiems verslams, tad nuo \u0161iol, \u010dia rasite ir kit\u0173, ma\u017e\u0173 \u0161eim\u0173 versl\u0173, rank\u0173 darbo, dovan\u0173 sau ir artimiesiems.","publisher":{"@id":"https:\/\/skaitytaknyga.lt\/#organization"},"potentialAction":[{"@type":"SearchAction","target":{"@type":"EntryPoint","urlTemplate":"https:\/\/skaitytaknyga.lt\/?s={search_term_string}"},"query-input":{"@type":"PropertyValueSpecification","valueRequired":true,"valueName":"search_term_string"}}],"inLanguage":"en-GB"},{"@type":"Organization","@id":"https:\/\/skaitytaknyga.lt\/#organization","name":"skaitytaknyga.lt","url":"https:\/\/skaitytaknyga.lt\/","logo":{"@type":"ImageObject","inLanguage":"en-GB","@id":"https:\/\/skaitytaknyga.lt\/#\/schema\/logo\/image\/","url":"https:\/\/skaitytaknyga.lt\/wp-content\/uploads\/2024\/05\/cropped-cropped-cropped-02_00843_jt3bggkj1j3HLc7SyY6rEUpg.jpeg","contentUrl":"https:\/\/skaitytaknyga.lt\/wp-content\/uploads\/2024\/05\/cropped-cropped-cropped-02_00843_jt3bggkj1j3HLc7SyY6rEUpg.jpeg","width":1600,"height":1600,"caption":"skaitytaknyga.lt"},"image":{"@id":"https:\/\/skaitytaknyga.lt\/#\/schema\/logo\/image\/"},"sameAs":["https:\/\/www.facebook.com\/skaitytaknyga\/"]}]}},"_links":{"self":[{"href":"https:\/\/skaitytaknyga.lt\/en\/wp-json\/wp\/v2\/product\/13774","targetHints":{"allow":["GET"]}}],"collection":[{"href":"https:\/\/skaitytaknyga.lt\/en\/wp-json\/wp\/v2\/product"}],"about":[{"href":"https:\/\/skaitytaknyga.lt\/en\/wp-json\/wp\/v2\/types\/product"}],"replies":[{"embeddable":true,"href":"https:\/\/skaitytaknyga.lt\/en\/wp-json\/wp\/v2\/comments?post=13774"}],"wp:featuredmedia":[{"embeddable":true,"href":"https:\/\/skaitytaknyga.lt\/en\/wp-json\/wp\/v2\/media\/13781"}],"wp:attachment":[{"href":"https:\/\/skaitytaknyga.lt\/en\/wp-json\/wp\/v2\/media?parent=13774"}],"wp:term":[{"taxonomy":"product_brand","embeddable":true,"href":"https:\/\/skaitytaknyga.lt\/en\/wp-json\/wp\/v2\/product_brand?post=13774"},{"taxonomy":"product_cat","embeddable":true,"href":"https:\/\/skaitytaknyga.lt\/en\/wp-json\/wp\/v2\/product_cat?post=13774"},{"taxonomy":"product_tag","embeddable":true,"href":"https:\/\/skaitytaknyga.lt\/en\/wp-json\/wp\/v2\/product_tag?post=13774"}],"curies":[{"name":"wp","href":"https:\/\/api.w.org\/{rel}","templated":true}]}}