{"id":13773,"date":"2024-09-09T15:35:15","date_gmt":"2024-09-09T12:35:15","guid":{"rendered":"https:\/\/skaitytaknyga.lt\/?post_type=product&#038;p=13773"},"modified":"2025-05-15T12:55:34","modified_gmt":"2025-05-15T09:55:34","slug":"paulo-coelho-vienuolika-minuciu","status":"publish","type":"product","link":"https:\/\/skaitytaknyga.lt\/en\/produktas\/paulo-coelho-vienuolika-minuciu\/","title":{"rendered":"Vienuolika minu\u010di\u0173"},"content":{"rendered":"<p>Romane\u00a0<strong>\u201eVienuolika minu\u010di\u0173\u201c<a href=\"https:\/\/www.knygos.lt\/lt\/knygos\/autorius\/paulo-coelho\/\">\u00a0Paulo Coelho<\/a><\/strong>\u00a0tyrin\u0117ja sakrali\u0105j\u0105 sekso ir meil\u0117s prigimt\u012f, ragina skaitytojus per\u017eengti savus prietarus, nugal\u0117ti savus demonus ir atrasti sav\u0105j\u0105 vidin\u0119 \u0161vies\u0105.<\/p>\n<p>Romanas pasakoja Marijos, jaunos provincial\u0117s brazil\u0117s, istorij\u0105. Nuo vaikyst\u0117s Marija buvo \u012ftikin\u0117jama, kad ji niekada neras tikros meil\u0117s. Ir i\u0161 ties\u0173 pirmosios nekaltos meil\u0117s patirtis sudau\u017eys jos \u0161ird\u012f ir Marija patik\u0117s, kad meil\u0117 atne\u0161a tik kan\u010di\u0105. Atsitiktinumas nuveda j\u0105 \u012f \u017denev\u0105, kur ji svajoja padaryti karjer\u0105 ir b\u016bti laiminga, bet viskas baigiasi tuo, kad Marija tampa prostitute. Ta\u010diau nors ir ver\u010diasi prostitucija, jai nusi\u0161ypso laim\u0117 \u2013 ji sutinka jaun\u0105 \u017eav\u0173 dailinink\u0105 ir juodu vienas kit\u0105 pamilsta.<\/p>\n<p>Ie\u0161kodama sav\u0119s, Marija turi pasirinkti: ar eiti tamsiu, bevaisiu seksualini\u0173 malonum\u0173 keliu, ar viskuo surizikavus atrasti savo vidin\u0119 \u0161vies\u0105.<\/p>\n<ul class=\"about-product d-none d-xl-block mt-4\">\n<li><strong>Originalus pavadinimas:<\/strong>\u00a0Onze minutos<\/li>\n<li><strong>Autorius:<\/strong>\u00a0Paulo Coelho<\/li>\n<li><strong>Leid\u0117jas:<\/strong>\u00a0Vaga<\/li>\n<li><strong>Puslapiai:<\/strong>\u00a0245<\/li>\n<li><strong>ISBN:<\/strong>\u00a09785415017231<\/li>\n<li><strong>Versijos kodas:<\/strong>\u00a0PT.<\/li>\n<li><strong>Formatas:<\/strong>\u00a014 x 21 cm, mink\u0161ti vir\u0161eliai<\/li>\n<li><strong>Kalba:<\/strong>\u00a0Lietuvi\u0173<\/li>\n<li><strong>Vert\u0117jas:<\/strong>\u00a0Audius Musteikis, Valentina Rim\u0161ien\u0117<\/li>\n<\/ul>\n","protected":false},"excerpt":{"rendered":"<p>Romane\u00a0\u201eVienuolika minu\u010di\u0173\u201c\u00a0Paulo Coelho\u00a0tyrin\u0117ja sakrali\u0105j\u0105 sekso ir meil\u0117s prigimt\u012f, ragina skaitytojus per\u017eengti savus prietarus, nugal\u0117ti savus demonus ir atrasti sav\u0105j\u0105 vidin\u0119 \u0161vies\u0105. Romanas pasakoja Marijos, jaunos provincial\u0117s brazil\u0117s, istorij\u0105. Nuo vaikyst\u0117s Marija buvo \u012ftikin\u0117jama, kad ji niekada neras tikros meil\u0117s. Ir i\u0161 ties\u0173 pirmosios nekaltos meil\u0117s patirtis sudau\u017eys jos \u0161ird\u012f ir Marija patik\u0117s, kad meil\u0117 atne\u0161a tik kan\u010di\u0105. Atsitiktinumas nuveda j\u0105 \u012f \u017denev\u0105, kur ji svajoja padaryti karjer\u0105 ir b\u016bti laiminga, bet viskas baigiasi tuo, kad Marija tampa prostitute. Ta\u010diau nors ir ver\u010diasi prostitucija, jai nusi\u0161ypso laim\u0117 \u2013 ji sutinka jaun\u0105 \u017eav\u0173 dailinink\u0105 ir juodu vienas kit\u0105 pamilsta. Ie\u0161kodama sav\u0119s, Marija turi pasirinkti: ar eiti tamsiu, bevaisiu seksualini\u0173 malonum\u0173 keliu, ar viskuo surizikavus atrasti savo vidin\u0119 \u0161vies\u0105. Originalus pavadinimas:\u00a0Onze minutos Autorius:\u00a0Paulo Coelho Leid\u0117jas:\u00a0Vaga Puslapiai:\u00a0245 ISBN:\u00a09785415017231 Versijos kodas:\u00a0PT. Formatas:\u00a014 x 21 cm, mink\u0161ti vir\u0161eliai Kalba:\u00a0Lietuvi\u0173 Vert\u0117jas:\u00a0Audius Musteikis, Valentina Rim\u0161ien\u0117<\/p>\n","protected":false},"featured_media":13782,"comment_status":"open","ping_status":"closed","template":"","meta":{"_acf_changed":false,"site-sidebar-layout":"default","site-content-layout":"","ast-site-content-layout":"default","site-content-style":"default","site-sidebar-style":"default","ast-global-header-display":"","ast-banner-title-visibility":"","ast-main-header-display":"","ast-hfb-above-header-display":"","ast-hfb-below-header-display":"","ast-hfb-mobile-header-display":"","site-post-title":"","ast-breadcrumbs-content":"","ast-featured-img":"","footer-sml-layout":"","ast-disable-related-posts":"","theme-transparent-header-meta":"default","adv-header-id-meta":"","stick-header-meta":"","header-above-stick-meta":"","header-main-stick-meta":"","header-below-stick-meta":"","astra-migrate-meta-layouts":"set","ast-page-background-enabled":"default","ast-page-background-meta":{"desktop":{"background-color":"","background-image":"","background-repeat":"repeat","background-position":"center center","background-size":"auto","background-attachment":"scroll","background-type":"","background-media":"","overlay-type":"","overlay-color":"","overlay-opacity":"","overlay-gradient":""},"tablet":{"background-color":"","background-image":"","background-repeat":"repeat","background-position":"center center","background-size":"auto","background-attachment":"scroll","background-type":"","background-media":"","overlay-type":"","overlay-color":"","overlay-opacity":"","overlay-gradient":""},"mobile":{"background-color":"","background-image":"","background-repeat":"repeat","background-position":"center center","background-size":"auto","background-attachment":"scroll","background-type":"","background-media":"","overlay-type":"","overlay-color":"","overlay-opacity":"","overlay-gradient":""}},"ast-content-background-meta":{"desktop":{"background-color":"var(--ast-global-color-4)","background-image":"","background-repeat":"repeat","background-position":"center center","background-size":"auto","background-attachment":"scroll","background-type":"","background-media":"","overlay-type":"","overlay-color":"","overlay-opacity":"","overlay-gradient":""},"tablet":{"background-color":"var(--ast-global-color-4)","background-image":"","background-repeat":"repeat","background-position":"center center","background-size":"auto","background-attachment":"scroll","background-type":"","background-media":"","overlay-type":"","overlay-color":"","overlay-opacity":"","overlay-gradient":""},"mobile":{"background-color":"var(--ast-global-color-4)","background-image":"","background-repeat":"repeat","background-position":"center center","background-size":"auto","background-attachment":"scroll","background-type":"","background-media":"","overlay-type":"","overlay-color":"","overlay-opacity":"","overlay-gradient":""}}},"product_brand":[],"product_cat":[31,15],"product_tag":[1796,3113,3121,3119,3120],"class_list":{"0":"post-13773","1":"product","2":"type-product","3":"status-publish","4":"has-post-thumbnail","6":"product_cat-grozine-literatura","7":"product_cat-uncategorized","8":"product_tag-meile","9":"product_tag-paulo-coelho","10":"product_tag-saves-paieska","11":"product_tag-seksas","12":"product_tag-vidine-sviesa","13":"desktop-align-left","14":"tablet-align-left","15":"mobile-align-left","17":"first","18":"instock","19":"shipping-taxable","20":"purchasable","21":"product-type-simple"},"acf":[],"yoast_head":"<!-- This site is optimized with the Yoast SEO plugin v27.0 - https:\/\/yoast.com\/product\/yoast-seo-wordpress\/ -->\n<title>Vienuolika minu\u010di\u0173<\/title>\n<meta name=\"description\" content=\"Romane\u00a0\u201eVienuolika minu\u010di\u0173\u201c\u00a0Paulo Coelho\u00a0tyrin\u0117ja sakrali\u0105j\u0105 sekso ir meil\u0117s prigimt\u012f, ragina skaitytojus per\u017eengti savus prietarus, nugal\u0117ti savus\" \/>\n<meta name=\"robots\" content=\"index, follow, max-snippet:-1, max-image-preview:large, max-video-preview:-1\" \/>\n<link rel=\"canonical\" href=\"https:\/\/skaitytaknyga.lt\/en\/produktas\/paulo-coelho-vienuolika-minuciu\/\" \/>\n<meta property=\"og:locale\" content=\"en_GB\" \/>\n<meta property=\"og:locale:alternate\" content=\"lt_LT\" \/>\n<meta property=\"og:type\" content=\"article\" \/>\n<meta property=\"og:title\" content=\"Vienuolika minu\u010di\u0173\" \/>\n<meta property=\"og:description\" content=\"Romane\u00a0\u201eVienuolika minu\u010di\u0173\u201c\u00a0Paulo Coelho\u00a0tyrin\u0117ja sakrali\u0105j\u0105 sekso ir meil\u0117s prigimt\u012f, ragina skaitytojus per\u017eengti savus prietarus, nugal\u0117ti savus\" \/>\n<meta property=\"og:url\" content=\"https:\/\/skaitytaknyga.lt\/en\/produktas\/paulo-coelho-vienuolika-minuciu\/\" \/>\n<meta property=\"og:site_name\" content=\"Skaitytaknyga\" \/>\n<meta property=\"article:publisher\" content=\"https:\/\/www.facebook.com\/skaitytaknyga\/\" \/>\n<meta property=\"article:modified_time\" content=\"2025-05-15T09:55:34+00:00\" \/>\n<meta property=\"og:image\" content=\"https:\/\/skaitytaknyga.lt\/wp-content\/uploads\/2024\/09\/Vienuolika-minuciu.webp\" \/>\n\t<meta property=\"og:image:width\" content=\"341\" \/>\n\t<meta property=\"og:image:height\" content=\"500\" \/>\n\t<meta property=\"og:image:type\" content=\"image\/webp\" \/>\n<meta name=\"twitter:card\" content=\"summary_large_image\" \/>\n<meta name=\"twitter:label1\" content=\"Estimated reading time\" \/>\n\t<meta name=\"twitter:data1\" content=\"2 minutes\" \/>\n<script type=\"application\/ld+json\" class=\"yoast-schema-graph\">{\"@context\":\"https:\/\/schema.org\",\"@graph\":[{\"@type\":\"WebPage\",\"@id\":\"https:\/\/skaitytaknyga.lt\/produktas\/paulo-coelho-vienuolika-minuciu\/\",\"url\":\"https:\/\/skaitytaknyga.lt\/produktas\/paulo-coelho-vienuolika-minuciu\/\",\"name\":\"Vienuolika minu\u010di\u0173\",\"isPartOf\":{\"@id\":\"https:\/\/skaitytaknyga.lt\/#website\"},\"primaryImageOfPage\":{\"@id\":\"https:\/\/skaitytaknyga.lt\/produktas\/paulo-coelho-vienuolika-minuciu\/#primaryimage\"},\"image\":{\"@id\":\"https:\/\/skaitytaknyga.lt\/produktas\/paulo-coelho-vienuolika-minuciu\/#primaryimage\"},\"thumbnailUrl\":\"https:\/\/skaitytaknyga.lt\/wp-content\/uploads\/2024\/09\/Vienuolika-minuciu.webp\",\"datePublished\":\"2024-09-09T12:35:15+00:00\",\"dateModified\":\"2025-05-15T09:55:34+00:00\",\"description\":\"Romane\u00a0\u201eVienuolika minu\u010di\u0173\u201c\u00a0Paulo Coelho\u00a0tyrin\u0117ja sakrali\u0105j\u0105 sekso ir meil\u0117s prigimt\u012f, ragina skaitytojus per\u017eengti savus prietarus, nugal\u0117ti savus\",\"breadcrumb\":{\"@id\":\"https:\/\/skaitytaknyga.lt\/produktas\/paulo-coelho-vienuolika-minuciu\/#breadcrumb\"},\"inLanguage\":\"en-GB\",\"potentialAction\":[{\"@type\":\"ReadAction\",\"target\":[\"https:\/\/skaitytaknyga.lt\/produktas\/paulo-coelho-vienuolika-minuciu\/\"]}]},{\"@type\":\"ImageObject\",\"inLanguage\":\"en-GB\",\"@id\":\"https:\/\/skaitytaknyga.lt\/produktas\/paulo-coelho-vienuolika-minuciu\/#primaryimage\",\"url\":\"https:\/\/skaitytaknyga.lt\/wp-content\/uploads\/2024\/09\/Vienuolika-minuciu.webp\",\"contentUrl\":\"https:\/\/skaitytaknyga.lt\/wp-content\/uploads\/2024\/09\/Vienuolika-minuciu.webp\",\"width\":341,\"height\":500,\"caption\":\"Paulo Coelho \u201eVienuolika minu\u010di\u0173\u201c\"},{\"@type\":\"BreadcrumbList\",\"@id\":\"https:\/\/skaitytaknyga.lt\/produktas\/paulo-coelho-vienuolika-minuciu\/#breadcrumb\",\"itemListElement\":[{\"@type\":\"ListItem\",\"position\":1,\"name\":\"Home\",\"item\":\"https:\/\/skaitytaknyga.lt\/\"},{\"@type\":\"ListItem\",\"position\":2,\"name\":\"Parduotuv\u0117\",\"item\":\"https:\/\/skaitytaknyga.lt\/knygu-parduotuve\/\"},{\"@type\":\"ListItem\",\"position\":3,\"name\":\"Vienuolika minu\u010di\u0173\"}]},{\"@type\":\"WebSite\",\"@id\":\"https:\/\/skaitytaknyga.lt\/#website\",\"url\":\"https:\/\/skaitytaknyga.lt\/\",\"name\":\"skaitytaknyga.lt\",\"description\":\"Skaitytaknyga.lt \u2013 tai ma\u017eas \u0161eimos verslas, kuris prasid\u0117jo nuo meil\u0117s knygoms ir siekio i\u0161gelb\u0117ti knygas nuo likimo prie konteinerio. Kas vienam nereikalingas daiktas \u2013 kitam lobis, o mes esame tarpininkai, kurie padeda abiems tapti laimingesniems ???? \u017dinome kaip nelengva i\u0161gyventi ma\u017eiems verslams, tad nuo \u0161iol, \u010dia rasite ir kit\u0173, ma\u017e\u0173 \u0161eim\u0173 versl\u0173, rank\u0173 darbo, dovan\u0173 sau ir artimiesiems.\",\"publisher\":{\"@id\":\"https:\/\/skaitytaknyga.lt\/#organization\"},\"potentialAction\":[{\"@type\":\"SearchAction\",\"target\":{\"@type\":\"EntryPoint\",\"urlTemplate\":\"https:\/\/skaitytaknyga.lt\/?s={search_term_string}\"},\"query-input\":{\"@type\":\"PropertyValueSpecification\",\"valueRequired\":true,\"valueName\":\"search_term_string\"}}],\"inLanguage\":\"en-GB\"},{\"@type\":\"Organization\",\"@id\":\"https:\/\/skaitytaknyga.lt\/#organization\",\"name\":\"skaitytaknyga.lt\",\"url\":\"https:\/\/skaitytaknyga.lt\/\",\"logo\":{\"@type\":\"ImageObject\",\"inLanguage\":\"en-GB\",\"@id\":\"https:\/\/skaitytaknyga.lt\/#\/schema\/logo\/image\/\",\"url\":\"https:\/\/skaitytaknyga.lt\/wp-content\/uploads\/2024\/05\/cropped-cropped-cropped-02_00843_jt3bggkj1j3HLc7SyY6rEUpg.jpeg\",\"contentUrl\":\"https:\/\/skaitytaknyga.lt\/wp-content\/uploads\/2024\/05\/cropped-cropped-cropped-02_00843_jt3bggkj1j3HLc7SyY6rEUpg.jpeg\",\"width\":1600,\"height\":1600,\"caption\":\"skaitytaknyga.lt\"},\"image\":{\"@id\":\"https:\/\/skaitytaknyga.lt\/#\/schema\/logo\/image\/\"},\"sameAs\":[\"https:\/\/www.facebook.com\/skaitytaknyga\/\"]}]}<\/script>\n<!-- \/ Yoast SEO plugin. -->","yoast_head_json":{"title":"Vienuolika minu\u010di\u0173","description":"Romane\u00a0\u201eVienuolika minu\u010di\u0173\u201c\u00a0Paulo Coelho\u00a0tyrin\u0117ja sakrali\u0105j\u0105 sekso ir meil\u0117s prigimt\u012f, ragina skaitytojus per\u017eengti savus prietarus, nugal\u0117ti savus","robots":{"index":"index","follow":"follow","max-snippet":"max-snippet:-1","max-image-preview":"max-image-preview:large","max-video-preview":"max-video-preview:-1"},"canonical":"https:\/\/skaitytaknyga.lt\/en\/produktas\/paulo-coelho-vienuolika-minuciu\/","og_locale":"en_GB","og_type":"article","og_title":"[:lt]Vienuolika minu\u010di\u0173[:] - Skaitytaknyga","og_description":"Romane\u00a0\u201eVienuolika minu\u010di\u0173\u201c\u00a0Paulo Coelho\u00a0tyrin\u0117ja sakrali\u0105j\u0105 sekso ir meil\u0117s prigimt\u012f, ragina skaitytojus per\u017eengti savus prietarus, nugal\u0117ti savus","og_url":"https:\/\/skaitytaknyga.lt\/en\/produktas\/paulo-coelho-vienuolika-minuciu\/","og_site_name":"Skaitytaknyga","article_publisher":"https:\/\/www.facebook.com\/skaitytaknyga\/","article_modified_time":"2025-05-15T09:55:34+00:00","og_image":[{"width":341,"height":500,"url":"https:\/\/skaitytaknyga.lt\/wp-content\/uploads\/2024\/09\/Vienuolika-minuciu.webp","type":"image\/webp"}],"twitter_card":"summary_large_image","twitter_misc":{"Estimated reading time":"2 minutes"},"schema":{"@context":"https:\/\/schema.org","@graph":[{"@type":"WebPage","@id":"https:\/\/skaitytaknyga.lt\/produktas\/paulo-coelho-vienuolika-minuciu\/","url":"https:\/\/skaitytaknyga.lt\/produktas\/paulo-coelho-vienuolika-minuciu\/","name":"Vienuolika minu\u010di\u0173","isPartOf":{"@id":"https:\/\/skaitytaknyga.lt\/#website"},"primaryImageOfPage":{"@id":"https:\/\/skaitytaknyga.lt\/produktas\/paulo-coelho-vienuolika-minuciu\/#primaryimage"},"image":{"@id":"https:\/\/skaitytaknyga.lt\/produktas\/paulo-coelho-vienuolika-minuciu\/#primaryimage"},"thumbnailUrl":"https:\/\/skaitytaknyga.lt\/wp-content\/uploads\/2024\/09\/Vienuolika-minuciu.webp","datePublished":"2024-09-09T12:35:15+00:00","dateModified":"2025-05-15T09:55:34+00:00","description":"Romane\u00a0\u201eVienuolika minu\u010di\u0173\u201c\u00a0Paulo Coelho\u00a0tyrin\u0117ja sakrali\u0105j\u0105 sekso ir meil\u0117s prigimt\u012f, ragina skaitytojus per\u017eengti savus prietarus, nugal\u0117ti savus","breadcrumb":{"@id":"https:\/\/skaitytaknyga.lt\/produktas\/paulo-coelho-vienuolika-minuciu\/#breadcrumb"},"inLanguage":"en-GB","potentialAction":[{"@type":"ReadAction","target":["https:\/\/skaitytaknyga.lt\/produktas\/paulo-coelho-vienuolika-minuciu\/"]}]},{"@type":"ImageObject","inLanguage":"en-GB","@id":"https:\/\/skaitytaknyga.lt\/produktas\/paulo-coelho-vienuolika-minuciu\/#primaryimage","url":"https:\/\/skaitytaknyga.lt\/wp-content\/uploads\/2024\/09\/Vienuolika-minuciu.webp","contentUrl":"https:\/\/skaitytaknyga.lt\/wp-content\/uploads\/2024\/09\/Vienuolika-minuciu.webp","width":341,"height":500,"caption":"Paulo Coelho \u201eVienuolika minu\u010di\u0173\u201c"},{"@type":"BreadcrumbList","@id":"https:\/\/skaitytaknyga.lt\/produktas\/paulo-coelho-vienuolika-minuciu\/#breadcrumb","itemListElement":[{"@type":"ListItem","position":1,"name":"Home","item":"https:\/\/skaitytaknyga.lt\/"},{"@type":"ListItem","position":2,"name":"Parduotuv\u0117","item":"https:\/\/skaitytaknyga.lt\/knygu-parduotuve\/"},{"@type":"ListItem","position":3,"name":"Vienuolika minu\u010di\u0173"}]},{"@type":"WebSite","@id":"https:\/\/skaitytaknyga.lt\/#website","url":"https:\/\/skaitytaknyga.lt\/","name":"skaitytaknyga.lt","description":"Skaitytaknyga.lt \u2013 tai ma\u017eas \u0161eimos verslas, kuris prasid\u0117jo nuo meil\u0117s knygoms ir siekio i\u0161gelb\u0117ti knygas nuo likimo prie konteinerio. Kas vienam nereikalingas daiktas \u2013 kitam lobis, o mes esame tarpininkai, kurie padeda abiems tapti laimingesniems ???? \u017dinome kaip nelengva i\u0161gyventi ma\u017eiems verslams, tad nuo \u0161iol, \u010dia rasite ir kit\u0173, ma\u017e\u0173 \u0161eim\u0173 versl\u0173, rank\u0173 darbo, dovan\u0173 sau ir artimiesiems.","publisher":{"@id":"https:\/\/skaitytaknyga.lt\/#organization"},"potentialAction":[{"@type":"SearchAction","target":{"@type":"EntryPoint","urlTemplate":"https:\/\/skaitytaknyga.lt\/?s={search_term_string}"},"query-input":{"@type":"PropertyValueSpecification","valueRequired":true,"valueName":"search_term_string"}}],"inLanguage":"en-GB"},{"@type":"Organization","@id":"https:\/\/skaitytaknyga.lt\/#organization","name":"skaitytaknyga.lt","url":"https:\/\/skaitytaknyga.lt\/","logo":{"@type":"ImageObject","inLanguage":"en-GB","@id":"https:\/\/skaitytaknyga.lt\/#\/schema\/logo\/image\/","url":"https:\/\/skaitytaknyga.lt\/wp-content\/uploads\/2024\/05\/cropped-cropped-cropped-02_00843_jt3bggkj1j3HLc7SyY6rEUpg.jpeg","contentUrl":"https:\/\/skaitytaknyga.lt\/wp-content\/uploads\/2024\/05\/cropped-cropped-cropped-02_00843_jt3bggkj1j3HLc7SyY6rEUpg.jpeg","width":1600,"height":1600,"caption":"skaitytaknyga.lt"},"image":{"@id":"https:\/\/skaitytaknyga.lt\/#\/schema\/logo\/image\/"},"sameAs":["https:\/\/www.facebook.com\/skaitytaknyga\/"]}]}},"_links":{"self":[{"href":"https:\/\/skaitytaknyga.lt\/en\/wp-json\/wp\/v2\/product\/13773","targetHints":{"allow":["GET"]}}],"collection":[{"href":"https:\/\/skaitytaknyga.lt\/en\/wp-json\/wp\/v2\/product"}],"about":[{"href":"https:\/\/skaitytaknyga.lt\/en\/wp-json\/wp\/v2\/types\/product"}],"replies":[{"embeddable":true,"href":"https:\/\/skaitytaknyga.lt\/en\/wp-json\/wp\/v2\/comments?post=13773"}],"wp:featuredmedia":[{"embeddable":true,"href":"https:\/\/skaitytaknyga.lt\/en\/wp-json\/wp\/v2\/media\/13782"}],"wp:attachment":[{"href":"https:\/\/skaitytaknyga.lt\/en\/wp-json\/wp\/v2\/media?parent=13773"}],"wp:term":[{"taxonomy":"product_brand","embeddable":true,"href":"https:\/\/skaitytaknyga.lt\/en\/wp-json\/wp\/v2\/product_brand?post=13773"},{"taxonomy":"product_cat","embeddable":true,"href":"https:\/\/skaitytaknyga.lt\/en\/wp-json\/wp\/v2\/product_cat?post=13773"},{"taxonomy":"product_tag","embeddable":true,"href":"https:\/\/skaitytaknyga.lt\/en\/wp-json\/wp\/v2\/product_tag?post=13773"}],"curies":[{"name":"wp","href":"https:\/\/api.w.org\/{rel}","templated":true}]}}