{"id":13771,"date":"2024-09-09T15:35:15","date_gmt":"2024-09-09T12:35:15","guid":{"rendered":"https:\/\/skaitytaknyga.lt\/?post_type=product&#038;p=13771"},"modified":"2025-10-06T14:30:13","modified_gmt":"2025-10-06T11:30:13","slug":"peter-kreeft-trys-gyvenimo-filosofijos","status":"publish","type":"product","link":"https:\/\/skaitytaknyga.lt\/en\/produktas\/peter-kreeft-trys-gyvenimo-filosofijos\/","title":{"rendered":"Trys gyvenimo filosofijos"},"content":{"rendered":"<p>Koheletas: gyvenimas \u2013 tai tu\u0161tyb\u0117; Jobas: gyvenimas \u2013 tai kan\u010dia; Giesmi\u0173 giesm\u0117: gyvenimas \u2013 tai meil\u0117.<\/p>\n<p>Per tris i\u0161mintingas filosofines \u0160ventojo Ra\u0161to Koheleto, Jobo ir Giesmi\u0173 giesm\u0117s knygas autorius prie\u0161 m\u016bs\u0173 akis i\u0161skleid\u017eia Dant\u0117s \u201eDievi\u0161k\u0105j\u0105 komedij\u0105\u201c. Koheleto \u201etu\u0161tyb\u0117\u201c nusako pragar\u0105. Jobo kan\u010dia \u2013 skaistykl\u0105. O Giesmi\u0173 giesm\u0117s meil\u0117 apdainuoja dang\u0173. Bet \u0161i istorija vystosi m\u016bs\u0173 gyvenimuose ir \u0161irdyse, \u010dia ir dabar. Meil\u0117 yra geriausias atsakymas Koheleto ie\u0161kojimams, alternatyva tu\u0161tybei ir tikroji gyvenimo prasm\u0117. Galiausiai Peteris Kreeftas \u0161iose knygose \u012f\u017evelgia perteikiamas dievi\u0161k\u0105sias tik\u0117jimo, vilties ir meil\u0117s dorybes, \u201edvasin\u0117s pasaulio istorijos santrauk\u0105\u201c.<\/p>\n<p>&nbsp;<\/p>\n<ul class=\"about-product d-none d-xl-block mt-4\">\n<li><strong>Autorius:<\/strong>\u00a0Peter Kreeft<\/li>\n<li><strong>Leid\u0117jas:<\/strong>\u00a0Katalik\u0173 pasaulio leidiniai<\/li>\n<li><strong>Metai:<\/strong>\u00a02013<\/li>\n<li><strong>Puslapiai:<\/strong>\u00a0152<\/li>\n<li><strong>ISBN:<\/strong>\u00a09789955292258<\/li>\n<li><strong>Formatas:<\/strong>\u00a014 x 21 cm, mink\u0161ti vir\u0161eliai<\/li>\n<li><strong>Kalba:<\/strong>\u00a0Lietuvi\u0173<\/li>\n<li><strong>Vert\u0117jas:<\/strong>\u00a0Ieva Venskevi\u010di\u016bt\u0117<\/li>\n<\/ul>\n","protected":false},"excerpt":{"rendered":"<p>Koheletas: gyvenimas \u2013 tai tu\u0161tyb\u0117; Jobas: gyvenimas \u2013 tai kan\u010dia; Giesmi\u0173 giesm\u0117: gyvenimas \u2013 tai meil\u0117. Per tris i\u0161mintingas filosofines \u0160ventojo Ra\u0161to Koheleto, Jobo ir Giesmi\u0173 giesm\u0117s knygas autorius prie\u0161 m\u016bs\u0173 akis i\u0161skleid\u017eia Dant\u0117s \u201eDievi\u0161k\u0105j\u0105 komedij\u0105\u201c. Koheleto \u201etu\u0161tyb\u0117\u201c nusako pragar\u0105. Jobo kan\u010dia \u2013 skaistykl\u0105. O Giesmi\u0173 giesm\u0117s meil\u0117 apdainuoja dang\u0173. Bet \u0161i istorija vystosi m\u016bs\u0173 gyvenimuose ir \u0161irdyse, \u010dia ir dabar. Meil\u0117 yra geriausias atsakymas Koheleto ie\u0161kojimams, alternatyva tu\u0161tybei ir tikroji gyvenimo prasm\u0117. Galiausiai Peteris Kreeftas \u0161iose knygose \u012f\u017evelgia perteikiamas dievi\u0161k\u0105sias tik\u0117jimo, vilties ir meil\u0117s dorybes, \u201edvasin\u0117s pasaulio istorijos santrauk\u0105\u201c. &nbsp; Autorius:\u00a0Peter Kreeft Leid\u0117jas:\u00a0Katalik\u0173 pasaulio leidiniai Metai:\u00a02013 Puslapiai:\u00a0152 ISBN:\u00a09789955292258 Formatas:\u00a014 x 21 cm, mink\u0161ti vir\u0161eliai Kalba:\u00a0Lietuvi\u0173 Vert\u0117jas:\u00a0Ieva Venskevi\u010di\u016bt\u0117<\/p>\n","protected":false},"featured_media":13787,"comment_status":"open","ping_status":"closed","template":"","meta":{"_acf_changed":false,"site-sidebar-layout":"default","site-content-layout":"","ast-site-content-layout":"default","site-content-style":"default","site-sidebar-style":"default","ast-global-header-display":"","ast-banner-title-visibility":"","ast-main-header-display":"","ast-hfb-above-header-display":"","ast-hfb-below-header-display":"","ast-hfb-mobile-header-display":"","site-post-title":"","ast-breadcrumbs-content":"","ast-featured-img":"","footer-sml-layout":"","ast-disable-related-posts":"","theme-transparent-header-meta":"default","adv-header-id-meta":"","stick-header-meta":"","header-above-stick-meta":"","header-main-stick-meta":"","header-below-stick-meta":"","astra-migrate-meta-layouts":"set","ast-page-background-enabled":"default","ast-page-background-meta":{"desktop":{"background-color":"","background-image":"","background-repeat":"repeat","background-position":"center center","background-size":"auto","background-attachment":"scroll","background-type":"","background-media":"","overlay-type":"","overlay-color":"","overlay-opacity":"","overlay-gradient":""},"tablet":{"background-color":"","background-image":"","background-repeat":"repeat","background-position":"center center","background-size":"auto","background-attachment":"scroll","background-type":"","background-media":"","overlay-type":"","overlay-color":"","overlay-opacity":"","overlay-gradient":""},"mobile":{"background-color":"","background-image":"","background-repeat":"repeat","background-position":"center center","background-size":"auto","background-attachment":"scroll","background-type":"","background-media":"","overlay-type":"","overlay-color":"","overlay-opacity":"","overlay-gradient":""}},"ast-content-background-meta":{"desktop":{"background-color":"var(--ast-global-color-4)","background-image":"","background-repeat":"repeat","background-position":"center center","background-size":"auto","background-attachment":"scroll","background-type":"","background-media":"","overlay-type":"","overlay-color":"","overlay-opacity":"","overlay-gradient":""},"tablet":{"background-color":"var(--ast-global-color-4)","background-image":"","background-repeat":"repeat","background-position":"center center","background-size":"auto","background-attachment":"scroll","background-type":"","background-media":"","overlay-type":"","overlay-color":"","overlay-opacity":"","overlay-gradient":""},"mobile":{"background-color":"var(--ast-global-color-4)","background-image":"","background-repeat":"repeat","background-position":"center center","background-size":"auto","background-attachment":"scroll","background-type":"","background-media":"","overlay-type":"","overlay-color":"","overlay-opacity":"","overlay-gradient":""}}},"product_brand":[],"product_cat":[15,165],"product_tag":[],"class_list":{"0":"post-13771","1":"product","2":"type-product","3":"status-publish","4":"has-post-thumbnail","6":"product_cat-uncategorized","7":"product_cat-religija-filosofija-ir-ezoterika","8":"desktop-align-left","9":"tablet-align-left","10":"mobile-align-left","12":"first","13":"instock","14":"shipping-taxable","15":"purchasable","16":"product-type-simple"},"acf":[],"yoast_head":"<!-- This site is optimized with the Yoast SEO plugin v27.0 - https:\/\/yoast.com\/product\/yoast-seo-wordpress\/ -->\n<title>Trys gyvenimo filosofijos<\/title>\n<meta name=\"description\" content=\"Koheletas: gyvenimas \u2013 tai tu\u0161tyb\u0117; Jobas: gyvenimas \u2013 tai kan\u010dia; Giesmi\u0173 giesm\u0117: gyvenimas \u2013 tai meil\u0117. Per tris i\u0161mintingas filosofines \u0160ventojo Ra\u0161to\" \/>\n<meta name=\"robots\" content=\"index, follow, max-snippet:-1, max-image-preview:large, max-video-preview:-1\" \/>\n<link rel=\"canonical\" href=\"https:\/\/skaitytaknyga.lt\/en\/produktas\/peter-kreeft-trys-gyvenimo-filosofijos\/\" \/>\n<meta property=\"og:locale\" content=\"en_GB\" \/>\n<meta property=\"og:locale:alternate\" content=\"lt_LT\" \/>\n<meta property=\"og:type\" content=\"article\" \/>\n<meta property=\"og:title\" content=\"Trys gyvenimo filosofijos\" \/>\n<meta property=\"og:description\" content=\"Koheletas: gyvenimas \u2013 tai tu\u0161tyb\u0117; Jobas: gyvenimas \u2013 tai kan\u010dia; Giesmi\u0173 giesm\u0117: gyvenimas \u2013 tai meil\u0117. Per tris i\u0161mintingas filosofines \u0160ventojo Ra\u0161to\" \/>\n<meta property=\"og:url\" content=\"https:\/\/skaitytaknyga.lt\/en\/produktas\/peter-kreeft-trys-gyvenimo-filosofijos\/\" \/>\n<meta property=\"og:site_name\" content=\"Skaitytaknyga\" \/>\n<meta property=\"article:publisher\" content=\"https:\/\/www.facebook.com\/skaitytaknyga\/\" \/>\n<meta property=\"article:modified_time\" content=\"2025-10-06T11:30:13+00:00\" \/>\n<meta property=\"og:image\" content=\"https:\/\/skaitytaknyga.lt\/wp-content\/uploads\/2024\/09\/Peter-Kreeft-\u201eTrys-gyvenimo-filosofijos.webp\" \/>\n\t<meta property=\"og:image:width\" content=\"375\" \/>\n\t<meta property=\"og:image:height\" content=\"600\" \/>\n\t<meta property=\"og:image:type\" content=\"image\/webp\" \/>\n<meta name=\"twitter:card\" content=\"summary_large_image\" \/>\n<meta name=\"twitter:label1\" content=\"Estimated reading time\" \/>\n\t<meta name=\"twitter:data1\" content=\"1 minute\" \/>\n<script type=\"application\/ld+json\" class=\"yoast-schema-graph\">{\"@context\":\"https:\/\/schema.org\",\"@graph\":[{\"@type\":\"WebPage\",\"@id\":\"https:\/\/skaitytaknyga.lt\/produktas\/peter-kreeft-trys-gyvenimo-filosofijos\/\",\"url\":\"https:\/\/skaitytaknyga.lt\/produktas\/peter-kreeft-trys-gyvenimo-filosofijos\/\",\"name\":\"Trys gyvenimo filosofijos\",\"isPartOf\":{\"@id\":\"https:\/\/skaitytaknyga.lt\/#website\"},\"primaryImageOfPage\":{\"@id\":\"https:\/\/skaitytaknyga.lt\/produktas\/peter-kreeft-trys-gyvenimo-filosofijos\/#primaryimage\"},\"image\":{\"@id\":\"https:\/\/skaitytaknyga.lt\/produktas\/peter-kreeft-trys-gyvenimo-filosofijos\/#primaryimage\"},\"thumbnailUrl\":\"https:\/\/skaitytaknyga.lt\/wp-content\/uploads\/2024\/09\/Peter-Kreeft-\u201eTrys-gyvenimo-filosofijos.webp\",\"datePublished\":\"2024-09-09T12:35:15+00:00\",\"dateModified\":\"2025-10-06T11:30:13+00:00\",\"description\":\"Koheletas: gyvenimas \u2013 tai tu\u0161tyb\u0117; Jobas: gyvenimas \u2013 tai kan\u010dia; Giesmi\u0173 giesm\u0117: gyvenimas \u2013 tai meil\u0117. Per tris i\u0161mintingas filosofines \u0160ventojo Ra\u0161to\",\"breadcrumb\":{\"@id\":\"https:\/\/skaitytaknyga.lt\/produktas\/peter-kreeft-trys-gyvenimo-filosofijos\/#breadcrumb\"},\"inLanguage\":\"en-GB\",\"potentialAction\":[{\"@type\":\"ReadAction\",\"target\":[\"https:\/\/skaitytaknyga.lt\/produktas\/peter-kreeft-trys-gyvenimo-filosofijos\/\"]}]},{\"@type\":\"ImageObject\",\"inLanguage\":\"en-GB\",\"@id\":\"https:\/\/skaitytaknyga.lt\/produktas\/peter-kreeft-trys-gyvenimo-filosofijos\/#primaryimage\",\"url\":\"https:\/\/skaitytaknyga.lt\/wp-content\/uploads\/2024\/09\/Peter-Kreeft-\u201eTrys-gyvenimo-filosofijos.webp\",\"contentUrl\":\"https:\/\/skaitytaknyga.lt\/wp-content\/uploads\/2024\/09\/Peter-Kreeft-\u201eTrys-gyvenimo-filosofijos.webp\",\"width\":375,\"height\":600,\"caption\":\"Peter Kreeft \u201eTrys gyvenimo filosofijos\u201c\"},{\"@type\":\"BreadcrumbList\",\"@id\":\"https:\/\/skaitytaknyga.lt\/produktas\/peter-kreeft-trys-gyvenimo-filosofijos\/#breadcrumb\",\"itemListElement\":[{\"@type\":\"ListItem\",\"position\":1,\"name\":\"Home\",\"item\":\"https:\/\/skaitytaknyga.lt\/\"},{\"@type\":\"ListItem\",\"position\":2,\"name\":\"Parduotuv\u0117\",\"item\":\"https:\/\/skaitytaknyga.lt\/knygu-parduotuve\/\"},{\"@type\":\"ListItem\",\"position\":3,\"name\":\"Trys gyvenimo filosofijos\"}]},{\"@type\":\"WebSite\",\"@id\":\"https:\/\/skaitytaknyga.lt\/#website\",\"url\":\"https:\/\/skaitytaknyga.lt\/\",\"name\":\"skaitytaknyga.lt\",\"description\":\"Skaitytaknyga.lt \u2013 tai ma\u017eas \u0161eimos verslas, kuris prasid\u0117jo nuo meil\u0117s knygoms ir siekio i\u0161gelb\u0117ti knygas nuo likimo prie konteinerio. Kas vienam nereikalingas daiktas \u2013 kitam lobis, o mes esame tarpininkai, kurie padeda abiems tapti laimingesniems ???? \u017dinome kaip nelengva i\u0161gyventi ma\u017eiems verslams, tad nuo \u0161iol, \u010dia rasite ir kit\u0173, ma\u017e\u0173 \u0161eim\u0173 versl\u0173, rank\u0173 darbo, dovan\u0173 sau ir artimiesiems.\",\"publisher\":{\"@id\":\"https:\/\/skaitytaknyga.lt\/#organization\"},\"potentialAction\":[{\"@type\":\"SearchAction\",\"target\":{\"@type\":\"EntryPoint\",\"urlTemplate\":\"https:\/\/skaitytaknyga.lt\/?s={search_term_string}\"},\"query-input\":{\"@type\":\"PropertyValueSpecification\",\"valueRequired\":true,\"valueName\":\"search_term_string\"}}],\"inLanguage\":\"en-GB\"},{\"@type\":\"Organization\",\"@id\":\"https:\/\/skaitytaknyga.lt\/#organization\",\"name\":\"skaitytaknyga.lt\",\"url\":\"https:\/\/skaitytaknyga.lt\/\",\"logo\":{\"@type\":\"ImageObject\",\"inLanguage\":\"en-GB\",\"@id\":\"https:\/\/skaitytaknyga.lt\/#\/schema\/logo\/image\/\",\"url\":\"https:\/\/skaitytaknyga.lt\/wp-content\/uploads\/2024\/05\/cropped-cropped-cropped-02_00843_jt3bggkj1j3HLc7SyY6rEUpg.jpeg\",\"contentUrl\":\"https:\/\/skaitytaknyga.lt\/wp-content\/uploads\/2024\/05\/cropped-cropped-cropped-02_00843_jt3bggkj1j3HLc7SyY6rEUpg.jpeg\",\"width\":1600,\"height\":1600,\"caption\":\"skaitytaknyga.lt\"},\"image\":{\"@id\":\"https:\/\/skaitytaknyga.lt\/#\/schema\/logo\/image\/\"},\"sameAs\":[\"https:\/\/www.facebook.com\/skaitytaknyga\/\"]}]}<\/script>\n<!-- \/ Yoast SEO plugin. -->","yoast_head_json":{"title":"Trys gyvenimo filosofijos","description":"Koheletas: gyvenimas \u2013 tai tu\u0161tyb\u0117; Jobas: gyvenimas \u2013 tai kan\u010dia; Giesmi\u0173 giesm\u0117: gyvenimas \u2013 tai meil\u0117. Per tris i\u0161mintingas filosofines \u0160ventojo Ra\u0161to","robots":{"index":"index","follow":"follow","max-snippet":"max-snippet:-1","max-image-preview":"max-image-preview:large","max-video-preview":"max-video-preview:-1"},"canonical":"https:\/\/skaitytaknyga.lt\/en\/produktas\/peter-kreeft-trys-gyvenimo-filosofijos\/","og_locale":"en_GB","og_type":"article","og_title":"[:lt]Trys gyvenimo filosofijos[:] - Skaitytaknyga","og_description":"Koheletas: gyvenimas \u2013 tai tu\u0161tyb\u0117; Jobas: gyvenimas \u2013 tai kan\u010dia; Giesmi\u0173 giesm\u0117: gyvenimas \u2013 tai meil\u0117. Per tris i\u0161mintingas filosofines \u0160ventojo Ra\u0161to","og_url":"https:\/\/skaitytaknyga.lt\/en\/produktas\/peter-kreeft-trys-gyvenimo-filosofijos\/","og_site_name":"Skaitytaknyga","article_publisher":"https:\/\/www.facebook.com\/skaitytaknyga\/","article_modified_time":"2025-10-06T11:30:13+00:00","og_image":[{"width":375,"height":600,"url":"https:\/\/skaitytaknyga.lt\/wp-content\/uploads\/2024\/09\/Peter-Kreeft-\u201eTrys-gyvenimo-filosofijos.webp","type":"image\/webp"}],"twitter_card":"summary_large_image","twitter_misc":{"Estimated reading time":"1 minute"},"schema":{"@context":"https:\/\/schema.org","@graph":[{"@type":"WebPage","@id":"https:\/\/skaitytaknyga.lt\/produktas\/peter-kreeft-trys-gyvenimo-filosofijos\/","url":"https:\/\/skaitytaknyga.lt\/produktas\/peter-kreeft-trys-gyvenimo-filosofijos\/","name":"Trys gyvenimo filosofijos","isPartOf":{"@id":"https:\/\/skaitytaknyga.lt\/#website"},"primaryImageOfPage":{"@id":"https:\/\/skaitytaknyga.lt\/produktas\/peter-kreeft-trys-gyvenimo-filosofijos\/#primaryimage"},"image":{"@id":"https:\/\/skaitytaknyga.lt\/produktas\/peter-kreeft-trys-gyvenimo-filosofijos\/#primaryimage"},"thumbnailUrl":"https:\/\/skaitytaknyga.lt\/wp-content\/uploads\/2024\/09\/Peter-Kreeft-\u201eTrys-gyvenimo-filosofijos.webp","datePublished":"2024-09-09T12:35:15+00:00","dateModified":"2025-10-06T11:30:13+00:00","description":"Koheletas: gyvenimas \u2013 tai tu\u0161tyb\u0117; Jobas: gyvenimas \u2013 tai kan\u010dia; Giesmi\u0173 giesm\u0117: gyvenimas \u2013 tai meil\u0117. Per tris i\u0161mintingas filosofines \u0160ventojo Ra\u0161to","breadcrumb":{"@id":"https:\/\/skaitytaknyga.lt\/produktas\/peter-kreeft-trys-gyvenimo-filosofijos\/#breadcrumb"},"inLanguage":"en-GB","potentialAction":[{"@type":"ReadAction","target":["https:\/\/skaitytaknyga.lt\/produktas\/peter-kreeft-trys-gyvenimo-filosofijos\/"]}]},{"@type":"ImageObject","inLanguage":"en-GB","@id":"https:\/\/skaitytaknyga.lt\/produktas\/peter-kreeft-trys-gyvenimo-filosofijos\/#primaryimage","url":"https:\/\/skaitytaknyga.lt\/wp-content\/uploads\/2024\/09\/Peter-Kreeft-\u201eTrys-gyvenimo-filosofijos.webp","contentUrl":"https:\/\/skaitytaknyga.lt\/wp-content\/uploads\/2024\/09\/Peter-Kreeft-\u201eTrys-gyvenimo-filosofijos.webp","width":375,"height":600,"caption":"Peter Kreeft \u201eTrys gyvenimo filosofijos\u201c"},{"@type":"BreadcrumbList","@id":"https:\/\/skaitytaknyga.lt\/produktas\/peter-kreeft-trys-gyvenimo-filosofijos\/#breadcrumb","itemListElement":[{"@type":"ListItem","position":1,"name":"Home","item":"https:\/\/skaitytaknyga.lt\/"},{"@type":"ListItem","position":2,"name":"Parduotuv\u0117","item":"https:\/\/skaitytaknyga.lt\/knygu-parduotuve\/"},{"@type":"ListItem","position":3,"name":"Trys gyvenimo filosofijos"}]},{"@type":"WebSite","@id":"https:\/\/skaitytaknyga.lt\/#website","url":"https:\/\/skaitytaknyga.lt\/","name":"skaitytaknyga.lt","description":"Skaitytaknyga.lt \u2013 tai ma\u017eas \u0161eimos verslas, kuris prasid\u0117jo nuo meil\u0117s knygoms ir siekio i\u0161gelb\u0117ti knygas nuo likimo prie konteinerio. Kas vienam nereikalingas daiktas \u2013 kitam lobis, o mes esame tarpininkai, kurie padeda abiems tapti laimingesniems ???? \u017dinome kaip nelengva i\u0161gyventi ma\u017eiems verslams, tad nuo \u0161iol, \u010dia rasite ir kit\u0173, ma\u017e\u0173 \u0161eim\u0173 versl\u0173, rank\u0173 darbo, dovan\u0173 sau ir artimiesiems.","publisher":{"@id":"https:\/\/skaitytaknyga.lt\/#organization"},"potentialAction":[{"@type":"SearchAction","target":{"@type":"EntryPoint","urlTemplate":"https:\/\/skaitytaknyga.lt\/?s={search_term_string}"},"query-input":{"@type":"PropertyValueSpecification","valueRequired":true,"valueName":"search_term_string"}}],"inLanguage":"en-GB"},{"@type":"Organization","@id":"https:\/\/skaitytaknyga.lt\/#organization","name":"skaitytaknyga.lt","url":"https:\/\/skaitytaknyga.lt\/","logo":{"@type":"ImageObject","inLanguage":"en-GB","@id":"https:\/\/skaitytaknyga.lt\/#\/schema\/logo\/image\/","url":"https:\/\/skaitytaknyga.lt\/wp-content\/uploads\/2024\/05\/cropped-cropped-cropped-02_00843_jt3bggkj1j3HLc7SyY6rEUpg.jpeg","contentUrl":"https:\/\/skaitytaknyga.lt\/wp-content\/uploads\/2024\/05\/cropped-cropped-cropped-02_00843_jt3bggkj1j3HLc7SyY6rEUpg.jpeg","width":1600,"height":1600,"caption":"skaitytaknyga.lt"},"image":{"@id":"https:\/\/skaitytaknyga.lt\/#\/schema\/logo\/image\/"},"sameAs":["https:\/\/www.facebook.com\/skaitytaknyga\/"]}]}},"_links":{"self":[{"href":"https:\/\/skaitytaknyga.lt\/en\/wp-json\/wp\/v2\/product\/13771","targetHints":{"allow":["GET"]}}],"collection":[{"href":"https:\/\/skaitytaknyga.lt\/en\/wp-json\/wp\/v2\/product"}],"about":[{"href":"https:\/\/skaitytaknyga.lt\/en\/wp-json\/wp\/v2\/types\/product"}],"replies":[{"embeddable":true,"href":"https:\/\/skaitytaknyga.lt\/en\/wp-json\/wp\/v2\/comments?post=13771"}],"wp:featuredmedia":[{"embeddable":true,"href":"https:\/\/skaitytaknyga.lt\/en\/wp-json\/wp\/v2\/media\/13787"}],"wp:attachment":[{"href":"https:\/\/skaitytaknyga.lt\/en\/wp-json\/wp\/v2\/media?parent=13771"}],"wp:term":[{"taxonomy":"product_brand","embeddable":true,"href":"https:\/\/skaitytaknyga.lt\/en\/wp-json\/wp\/v2\/product_brand?post=13771"},{"taxonomy":"product_cat","embeddable":true,"href":"https:\/\/skaitytaknyga.lt\/en\/wp-json\/wp\/v2\/product_cat?post=13771"},{"taxonomy":"product_tag","embeddable":true,"href":"https:\/\/skaitytaknyga.lt\/en\/wp-json\/wp\/v2\/product_tag?post=13771"}],"curies":[{"name":"wp","href":"https:\/\/api.w.org\/{rel}","templated":true}]}}