{"id":13769,"date":"2024-09-09T15:35:15","date_gmt":"2024-09-09T12:35:15","guid":{"rendered":"https:\/\/skaitytaknyga.lt\/?post_type=product&#038;p=13769"},"modified":"2025-10-06T10:40:49","modified_gmt":"2025-10-06T07:40:49","slug":"brian-tracy-iprociai-verti-milijono","status":"publish","type":"product","link":"https:\/\/skaitytaknyga.lt\/en\/produktas\/brian-tracy-iprociai-verti-milijono\/","title":{"rendered":"\u012epro\u010diai, verti milijono"},"content":{"rendered":"<p>Turb\u016bt svarbiausias faktas, atskleistas psicholog\u0173 ir s\u0117km\u0117s tyrin\u0117toj\u0173, yra \u0161is: 95 procentai vis\u0173 min\u010di\u0173, jausm\u0173, veiksm\u0173 bei pasiekim\u0173 yra \u012fpro\u010di\u0173 rezultatas. J\u016bs esate susiformav\u0119 daugyb\u0119 s\u0105lygini\u0173 refleks\u0173, kurie bema\u017e visose situacijose ver\u010dia jus elgtis automati\u0161kai.<\/p>\n<p>Gera \u017einia ta, kad \u012fmanoma i\u0161siugdyti naujus \u012fpro\u010dius \u2013 tokius, koki\u0173 panor\u0117site. Valios j\u0117ga ir disciplina galima formuoti asmenyb\u0119 ir gludinti charakter\u012f. Jei jums nepatinka dabartinis j\u016bs\u0173 gyvenimo scenarijus, supl\u0117\u0161ykite j\u012f ir para\u0161ykite nauj\u0105!<\/p>\n<p>Geri \u012fpro\u010diai lemia did\u017ei\u0105j\u0105 dal\u012f j\u016bs\u0173 \u0161iandienin\u0117s laim\u0117s ir s\u0117km\u0117s, o blogi \u2013 daugel\u012f problem\u0173 ir nusivylim\u0173. Kadangi blogi \u012fpro\u010diai irgi yra kitados i\u0161siugdyti, juos galima i\u0161guiti ir pakeisti gerais.<\/p>\n<ul class=\"about-product d-none d-xl-block mt-4\">\n<li><strong>Originalus pavadinimas:<\/strong>\u00a0Million Dollar Habits<\/li>\n<li><strong>Autorius:<\/strong>\u00a0Brian Tracy<\/li>\n<li><strong>Leid\u0117jas:<\/strong>\u00a0Luceo<\/li>\n<li><strong>Metai:<\/strong>\u00a02010<\/li>\n<li><strong>Puslapiai:<\/strong>\u00a0256<\/li>\n<li><strong>ISBN:<\/strong>\u00a09789955678564<\/li>\n<li><strong>Versijos kodas:<\/strong>\u00a0PT.<\/li>\n<li><strong>Formatas:<\/strong>\u00a011 x 18 x 1,5 cm, mink\u0161ti vir\u0161eliai<\/li>\n<li><strong>Kalba:<\/strong>\u00a0Lietuvi\u0173<\/li>\n<li><strong>Vert\u0117jas:<\/strong>\u00a0Algirdas Kugevi\u010dius<\/li>\n<\/ul>\n","protected":false},"excerpt":{"rendered":"<p>Turb\u016bt svarbiausias faktas, atskleistas psicholog\u0173 ir s\u0117km\u0117s tyrin\u0117toj\u0173, yra \u0161is: 95 procentai vis\u0173 min\u010di\u0173, jausm\u0173, veiksm\u0173 bei pasiekim\u0173 yra \u012fpro\u010di\u0173 rezultatas. J\u016bs esate susiformav\u0119 daugyb\u0119 s\u0105lygini\u0173 refleks\u0173, kurie bema\u017e visose situacijose ver\u010dia jus elgtis automati\u0161kai. Gera \u017einia ta, kad \u012fmanoma i\u0161siugdyti naujus \u012fpro\u010dius \u2013 tokius, koki\u0173 panor\u0117site. Valios j\u0117ga ir disciplina galima formuoti asmenyb\u0119 ir gludinti charakter\u012f. Jei jums nepatinka dabartinis j\u016bs\u0173 gyvenimo scenarijus, supl\u0117\u0161ykite j\u012f ir para\u0161ykite nauj\u0105! Geri \u012fpro\u010diai lemia did\u017ei\u0105j\u0105 dal\u012f j\u016bs\u0173 \u0161iandienin\u0117s laim\u0117s ir s\u0117km\u0117s, o blogi \u2013 daugel\u012f problem\u0173 ir nusivylim\u0173. Kadangi blogi \u012fpro\u010diai irgi yra kitados i\u0161siugdyti, juos galima i\u0161guiti ir pakeisti gerais. Originalus pavadinimas:\u00a0Million Dollar Habits Autorius:\u00a0Brian Tracy Leid\u0117jas:\u00a0Luceo Metai:\u00a02010 Puslapiai:\u00a0256 ISBN:\u00a09789955678564 Versijos kodas:\u00a0PT. Formatas:\u00a011 x 18 x 1,5 cm, mink\u0161ti vir\u0161eliai Kalba:\u00a0Lietuvi\u0173 Vert\u0117jas:\u00a0Algirdas Kugevi\u010dius<\/p>\n","protected":false},"featured_media":13785,"comment_status":"open","ping_status":"closed","template":"","meta":{"_acf_changed":false,"site-sidebar-layout":"default","site-content-layout":"","ast-site-content-layout":"default","site-content-style":"default","site-sidebar-style":"default","ast-global-header-display":"","ast-banner-title-visibility":"","ast-main-header-display":"","ast-hfb-above-header-display":"","ast-hfb-below-header-display":"","ast-hfb-mobile-header-display":"","site-post-title":"","ast-breadcrumbs-content":"","ast-featured-img":"","footer-sml-layout":"","ast-disable-related-posts":"","theme-transparent-header-meta":"default","adv-header-id-meta":"","stick-header-meta":"","header-above-stick-meta":"","header-main-stick-meta":"","header-below-stick-meta":"","astra-migrate-meta-layouts":"set","ast-page-background-enabled":"default","ast-page-background-meta":{"desktop":{"background-color":"","background-image":"","background-repeat":"repeat","background-position":"center center","background-size":"auto","background-attachment":"scroll","background-type":"","background-media":"","overlay-type":"","overlay-color":"","overlay-opacity":"","overlay-gradient":""},"tablet":{"background-color":"","background-image":"","background-repeat":"repeat","background-position":"center center","background-size":"auto","background-attachment":"scroll","background-type":"","background-media":"","overlay-type":"","overlay-color":"","overlay-opacity":"","overlay-gradient":""},"mobile":{"background-color":"","background-image":"","background-repeat":"repeat","background-position":"center center","background-size":"auto","background-attachment":"scroll","background-type":"","background-media":"","overlay-type":"","overlay-color":"","overlay-opacity":"","overlay-gradient":""}},"ast-content-background-meta":{"desktop":{"background-color":"var(--ast-global-color-4)","background-image":"","background-repeat":"repeat","background-position":"center center","background-size":"auto","background-attachment":"scroll","background-type":"","background-media":"","overlay-type":"","overlay-color":"","overlay-opacity":"","overlay-gradient":""},"tablet":{"background-color":"var(--ast-global-color-4)","background-image":"","background-repeat":"repeat","background-position":"center center","background-size":"auto","background-attachment":"scroll","background-type":"","background-media":"","overlay-type":"","overlay-color":"","overlay-opacity":"","overlay-gradient":""},"mobile":{"background-color":"var(--ast-global-color-4)","background-image":"","background-repeat":"repeat","background-position":"center center","background-size":"auto","background-attachment":"scroll","background-type":"","background-media":"","overlay-type":"","overlay-color":"","overlay-opacity":"","overlay-gradient":""}}},"product_brand":[],"product_cat":[15,30,26],"product_tag":[],"class_list":{"0":"post-13769","1":"product","2":"type-product","3":"status-publish","4":"has-post-thumbnail","6":"product_cat-uncategorized","7":"product_cat-psichologija-ir-saviugda","8":"product_cat-verslas-vadyba-ir-finansai","9":"desktop-align-left","10":"tablet-align-left","11":"mobile-align-left","13":"first","14":"instock","15":"shipping-taxable","16":"purchasable","17":"product-type-simple"},"acf":[],"yoast_head":"<!-- This site is optimized with the Yoast SEO plugin v27.0 - https:\/\/yoast.com\/product\/yoast-seo-wordpress\/ -->\n<title>\u012epro\u010diai, verti milijono<\/title>\n<meta name=\"description\" content=\"Turb\u016bt svarbiausias faktas, atskleistas psicholog\u0173 ir s\u0117km\u0117s tyrin\u0117toj\u0173, yra \u0161is: 95 procentai vis\u0173 min\u010di\u0173, jausm\u0173, veiksm\u0173 bei pasiekim\u0173 yra \u012fpro\u010di\u0173\" \/>\n<meta name=\"robots\" content=\"index, follow, max-snippet:-1, max-image-preview:large, max-video-preview:-1\" \/>\n<link rel=\"canonical\" href=\"https:\/\/skaitytaknyga.lt\/en\/produktas\/brian-tracy-iprociai-verti-milijono\/\" \/>\n<meta property=\"og:locale\" content=\"en_GB\" \/>\n<meta property=\"og:locale:alternate\" content=\"lt_LT\" \/>\n<meta property=\"og:type\" content=\"article\" \/>\n<meta property=\"og:title\" content=\"\u012epro\u010diai, verti milijono\" \/>\n<meta property=\"og:description\" content=\"Turb\u016bt svarbiausias faktas, atskleistas psicholog\u0173 ir s\u0117km\u0117s tyrin\u0117toj\u0173, yra \u0161is: 95 procentai vis\u0173 min\u010di\u0173, jausm\u0173, veiksm\u0173 bei pasiekim\u0173 yra \u012fpro\u010di\u0173\" \/>\n<meta property=\"og:url\" content=\"https:\/\/skaitytaknyga.lt\/en\/produktas\/brian-tracy-iprociai-verti-milijono\/\" \/>\n<meta property=\"og:site_name\" content=\"Skaitytaknyga\" \/>\n<meta property=\"article:publisher\" content=\"https:\/\/www.facebook.com\/skaitytaknyga\/\" \/>\n<meta property=\"article:modified_time\" content=\"2025-10-06T07:40:49+00:00\" \/>\n<meta property=\"og:image\" content=\"https:\/\/skaitytaknyga.lt\/wp-content\/uploads\/2024\/09\/IPROCIAI-VERTI-MILIJONO.webp\" \/>\n\t<meta property=\"og:image:width\" content=\"486\" \/>\n\t<meta property=\"og:image:height\" content=\"799\" \/>\n\t<meta property=\"og:image:type\" content=\"image\/webp\" \/>\n<meta name=\"twitter:card\" content=\"summary_large_image\" \/>\n<meta name=\"twitter:label1\" content=\"Estimated reading time\" \/>\n\t<meta name=\"twitter:data1\" content=\"1 minute\" \/>\n<script type=\"application\/ld+json\" class=\"yoast-schema-graph\">{\"@context\":\"https:\/\/schema.org\",\"@graph\":[{\"@type\":\"WebPage\",\"@id\":\"https:\/\/skaitytaknyga.lt\/produktas\/brian-tracy-iprociai-verti-milijono\/\",\"url\":\"https:\/\/skaitytaknyga.lt\/produktas\/brian-tracy-iprociai-verti-milijono\/\",\"name\":\"\u012epro\u010diai, verti milijono\",\"isPartOf\":{\"@id\":\"https:\/\/skaitytaknyga.lt\/#website\"},\"primaryImageOfPage\":{\"@id\":\"https:\/\/skaitytaknyga.lt\/produktas\/brian-tracy-iprociai-verti-milijono\/#primaryimage\"},\"image\":{\"@id\":\"https:\/\/skaitytaknyga.lt\/produktas\/brian-tracy-iprociai-verti-milijono\/#primaryimage\"},\"thumbnailUrl\":\"https:\/\/skaitytaknyga.lt\/wp-content\/uploads\/2024\/09\/IPROCIAI-VERTI-MILIJONO.webp\",\"datePublished\":\"2024-09-09T12:35:15+00:00\",\"dateModified\":\"2025-10-06T07:40:49+00:00\",\"description\":\"Turb\u016bt svarbiausias faktas, atskleistas psicholog\u0173 ir s\u0117km\u0117s tyrin\u0117toj\u0173, yra \u0161is: 95 procentai vis\u0173 min\u010di\u0173, jausm\u0173, veiksm\u0173 bei pasiekim\u0173 yra \u012fpro\u010di\u0173\",\"breadcrumb\":{\"@id\":\"https:\/\/skaitytaknyga.lt\/produktas\/brian-tracy-iprociai-verti-milijono\/#breadcrumb\"},\"inLanguage\":\"en-GB\",\"potentialAction\":[{\"@type\":\"ReadAction\",\"target\":[\"https:\/\/skaitytaknyga.lt\/produktas\/brian-tracy-iprociai-verti-milijono\/\"]}]},{\"@type\":\"ImageObject\",\"inLanguage\":\"en-GB\",\"@id\":\"https:\/\/skaitytaknyga.lt\/produktas\/brian-tracy-iprociai-verti-milijono\/#primaryimage\",\"url\":\"https:\/\/skaitytaknyga.lt\/wp-content\/uploads\/2024\/09\/IPROCIAI-VERTI-MILIJONO.webp\",\"contentUrl\":\"https:\/\/skaitytaknyga.lt\/wp-content\/uploads\/2024\/09\/IPROCIAI-VERTI-MILIJONO.webp\",\"width\":486,\"height\":799,\"caption\":\"Brian Tracy \u201e\u012epro\u010diai, verti milijono\u201c\"},{\"@type\":\"BreadcrumbList\",\"@id\":\"https:\/\/skaitytaknyga.lt\/produktas\/brian-tracy-iprociai-verti-milijono\/#breadcrumb\",\"itemListElement\":[{\"@type\":\"ListItem\",\"position\":1,\"name\":\"Home\",\"item\":\"https:\/\/skaitytaknyga.lt\/\"},{\"@type\":\"ListItem\",\"position\":2,\"name\":\"Parduotuv\u0117\",\"item\":\"https:\/\/skaitytaknyga.lt\/knygu-parduotuve\/\"},{\"@type\":\"ListItem\",\"position\":3,\"name\":\"\u012epro\u010diai, verti milijono\"}]},{\"@type\":\"WebSite\",\"@id\":\"https:\/\/skaitytaknyga.lt\/#website\",\"url\":\"https:\/\/skaitytaknyga.lt\/\",\"name\":\"skaitytaknyga.lt\",\"description\":\"Skaitytaknyga.lt \u2013 tai ma\u017eas \u0161eimos verslas, kuris prasid\u0117jo nuo meil\u0117s knygoms ir siekio i\u0161gelb\u0117ti knygas nuo likimo prie konteinerio. Kas vienam nereikalingas daiktas \u2013 kitam lobis, o mes esame tarpininkai, kurie padeda abiems tapti laimingesniems ???? \u017dinome kaip nelengva i\u0161gyventi ma\u017eiems verslams, tad nuo \u0161iol, \u010dia rasite ir kit\u0173, ma\u017e\u0173 \u0161eim\u0173 versl\u0173, rank\u0173 darbo, dovan\u0173 sau ir artimiesiems.\",\"publisher\":{\"@id\":\"https:\/\/skaitytaknyga.lt\/#organization\"},\"potentialAction\":[{\"@type\":\"SearchAction\",\"target\":{\"@type\":\"EntryPoint\",\"urlTemplate\":\"https:\/\/skaitytaknyga.lt\/?s={search_term_string}\"},\"query-input\":{\"@type\":\"PropertyValueSpecification\",\"valueRequired\":true,\"valueName\":\"search_term_string\"}}],\"inLanguage\":\"en-GB\"},{\"@type\":\"Organization\",\"@id\":\"https:\/\/skaitytaknyga.lt\/#organization\",\"name\":\"skaitytaknyga.lt\",\"url\":\"https:\/\/skaitytaknyga.lt\/\",\"logo\":{\"@type\":\"ImageObject\",\"inLanguage\":\"en-GB\",\"@id\":\"https:\/\/skaitytaknyga.lt\/#\/schema\/logo\/image\/\",\"url\":\"https:\/\/skaitytaknyga.lt\/wp-content\/uploads\/2024\/05\/cropped-cropped-cropped-02_00843_jt3bggkj1j3HLc7SyY6rEUpg.jpeg\",\"contentUrl\":\"https:\/\/skaitytaknyga.lt\/wp-content\/uploads\/2024\/05\/cropped-cropped-cropped-02_00843_jt3bggkj1j3HLc7SyY6rEUpg.jpeg\",\"width\":1600,\"height\":1600,\"caption\":\"skaitytaknyga.lt\"},\"image\":{\"@id\":\"https:\/\/skaitytaknyga.lt\/#\/schema\/logo\/image\/\"},\"sameAs\":[\"https:\/\/www.facebook.com\/skaitytaknyga\/\"]}]}<\/script>\n<!-- \/ Yoast SEO plugin. -->","yoast_head_json":{"title":"\u012epro\u010diai, verti milijono","description":"Turb\u016bt svarbiausias faktas, atskleistas psicholog\u0173 ir s\u0117km\u0117s tyrin\u0117toj\u0173, yra \u0161is: 95 procentai vis\u0173 min\u010di\u0173, jausm\u0173, veiksm\u0173 bei pasiekim\u0173 yra \u012fpro\u010di\u0173","robots":{"index":"index","follow":"follow","max-snippet":"max-snippet:-1","max-image-preview":"max-image-preview:large","max-video-preview":"max-video-preview:-1"},"canonical":"https:\/\/skaitytaknyga.lt\/en\/produktas\/brian-tracy-iprociai-verti-milijono\/","og_locale":"en_GB","og_type":"article","og_title":"[:lt]\u012epro\u010diai, verti milijono[:] - Skaitytaknyga","og_description":"Turb\u016bt svarbiausias faktas, atskleistas psicholog\u0173 ir s\u0117km\u0117s tyrin\u0117toj\u0173, yra \u0161is: 95 procentai vis\u0173 min\u010di\u0173, jausm\u0173, veiksm\u0173 bei pasiekim\u0173 yra \u012fpro\u010di\u0173","og_url":"https:\/\/skaitytaknyga.lt\/en\/produktas\/brian-tracy-iprociai-verti-milijono\/","og_site_name":"Skaitytaknyga","article_publisher":"https:\/\/www.facebook.com\/skaitytaknyga\/","article_modified_time":"2025-10-06T07:40:49+00:00","og_image":[{"width":486,"height":799,"url":"https:\/\/skaitytaknyga.lt\/wp-content\/uploads\/2024\/09\/IPROCIAI-VERTI-MILIJONO.webp","type":"image\/webp"}],"twitter_card":"summary_large_image","twitter_misc":{"Estimated reading time":"1 minute"},"schema":{"@context":"https:\/\/schema.org","@graph":[{"@type":"WebPage","@id":"https:\/\/skaitytaknyga.lt\/produktas\/brian-tracy-iprociai-verti-milijono\/","url":"https:\/\/skaitytaknyga.lt\/produktas\/brian-tracy-iprociai-verti-milijono\/","name":"\u012epro\u010diai, verti milijono","isPartOf":{"@id":"https:\/\/skaitytaknyga.lt\/#website"},"primaryImageOfPage":{"@id":"https:\/\/skaitytaknyga.lt\/produktas\/brian-tracy-iprociai-verti-milijono\/#primaryimage"},"image":{"@id":"https:\/\/skaitytaknyga.lt\/produktas\/brian-tracy-iprociai-verti-milijono\/#primaryimage"},"thumbnailUrl":"https:\/\/skaitytaknyga.lt\/wp-content\/uploads\/2024\/09\/IPROCIAI-VERTI-MILIJONO.webp","datePublished":"2024-09-09T12:35:15+00:00","dateModified":"2025-10-06T07:40:49+00:00","description":"Turb\u016bt svarbiausias faktas, atskleistas psicholog\u0173 ir s\u0117km\u0117s tyrin\u0117toj\u0173, yra \u0161is: 95 procentai vis\u0173 min\u010di\u0173, jausm\u0173, veiksm\u0173 bei pasiekim\u0173 yra \u012fpro\u010di\u0173","breadcrumb":{"@id":"https:\/\/skaitytaknyga.lt\/produktas\/brian-tracy-iprociai-verti-milijono\/#breadcrumb"},"inLanguage":"en-GB","potentialAction":[{"@type":"ReadAction","target":["https:\/\/skaitytaknyga.lt\/produktas\/brian-tracy-iprociai-verti-milijono\/"]}]},{"@type":"ImageObject","inLanguage":"en-GB","@id":"https:\/\/skaitytaknyga.lt\/produktas\/brian-tracy-iprociai-verti-milijono\/#primaryimage","url":"https:\/\/skaitytaknyga.lt\/wp-content\/uploads\/2024\/09\/IPROCIAI-VERTI-MILIJONO.webp","contentUrl":"https:\/\/skaitytaknyga.lt\/wp-content\/uploads\/2024\/09\/IPROCIAI-VERTI-MILIJONO.webp","width":486,"height":799,"caption":"Brian Tracy \u201e\u012epro\u010diai, verti milijono\u201c"},{"@type":"BreadcrumbList","@id":"https:\/\/skaitytaknyga.lt\/produktas\/brian-tracy-iprociai-verti-milijono\/#breadcrumb","itemListElement":[{"@type":"ListItem","position":1,"name":"Home","item":"https:\/\/skaitytaknyga.lt\/"},{"@type":"ListItem","position":2,"name":"Parduotuv\u0117","item":"https:\/\/skaitytaknyga.lt\/knygu-parduotuve\/"},{"@type":"ListItem","position":3,"name":"\u012epro\u010diai, verti milijono"}]},{"@type":"WebSite","@id":"https:\/\/skaitytaknyga.lt\/#website","url":"https:\/\/skaitytaknyga.lt\/","name":"skaitytaknyga.lt","description":"Skaitytaknyga.lt \u2013 tai ma\u017eas \u0161eimos verslas, kuris prasid\u0117jo nuo meil\u0117s knygoms ir siekio i\u0161gelb\u0117ti knygas nuo likimo prie konteinerio. Kas vienam nereikalingas daiktas \u2013 kitam lobis, o mes esame tarpininkai, kurie padeda abiems tapti laimingesniems ???? \u017dinome kaip nelengva i\u0161gyventi ma\u017eiems verslams, tad nuo \u0161iol, \u010dia rasite ir kit\u0173, ma\u017e\u0173 \u0161eim\u0173 versl\u0173, rank\u0173 darbo, dovan\u0173 sau ir artimiesiems.","publisher":{"@id":"https:\/\/skaitytaknyga.lt\/#organization"},"potentialAction":[{"@type":"SearchAction","target":{"@type":"EntryPoint","urlTemplate":"https:\/\/skaitytaknyga.lt\/?s={search_term_string}"},"query-input":{"@type":"PropertyValueSpecification","valueRequired":true,"valueName":"search_term_string"}}],"inLanguage":"en-GB"},{"@type":"Organization","@id":"https:\/\/skaitytaknyga.lt\/#organization","name":"skaitytaknyga.lt","url":"https:\/\/skaitytaknyga.lt\/","logo":{"@type":"ImageObject","inLanguage":"en-GB","@id":"https:\/\/skaitytaknyga.lt\/#\/schema\/logo\/image\/","url":"https:\/\/skaitytaknyga.lt\/wp-content\/uploads\/2024\/05\/cropped-cropped-cropped-02_00843_jt3bggkj1j3HLc7SyY6rEUpg.jpeg","contentUrl":"https:\/\/skaitytaknyga.lt\/wp-content\/uploads\/2024\/05\/cropped-cropped-cropped-02_00843_jt3bggkj1j3HLc7SyY6rEUpg.jpeg","width":1600,"height":1600,"caption":"skaitytaknyga.lt"},"image":{"@id":"https:\/\/skaitytaknyga.lt\/#\/schema\/logo\/image\/"},"sameAs":["https:\/\/www.facebook.com\/skaitytaknyga\/"]}]}},"_links":{"self":[{"href":"https:\/\/skaitytaknyga.lt\/en\/wp-json\/wp\/v2\/product\/13769","targetHints":{"allow":["GET"]}}],"collection":[{"href":"https:\/\/skaitytaknyga.lt\/en\/wp-json\/wp\/v2\/product"}],"about":[{"href":"https:\/\/skaitytaknyga.lt\/en\/wp-json\/wp\/v2\/types\/product"}],"replies":[{"embeddable":true,"href":"https:\/\/skaitytaknyga.lt\/en\/wp-json\/wp\/v2\/comments?post=13769"}],"wp:featuredmedia":[{"embeddable":true,"href":"https:\/\/skaitytaknyga.lt\/en\/wp-json\/wp\/v2\/media\/13785"}],"wp:attachment":[{"href":"https:\/\/skaitytaknyga.lt\/en\/wp-json\/wp\/v2\/media?parent=13769"}],"wp:term":[{"taxonomy":"product_brand","embeddable":true,"href":"https:\/\/skaitytaknyga.lt\/en\/wp-json\/wp\/v2\/product_brand?post=13769"},{"taxonomy":"product_cat","embeddable":true,"href":"https:\/\/skaitytaknyga.lt\/en\/wp-json\/wp\/v2\/product_cat?post=13769"},{"taxonomy":"product_tag","embeddable":true,"href":"https:\/\/skaitytaknyga.lt\/en\/wp-json\/wp\/v2\/product_tag?post=13769"}],"curies":[{"name":"wp","href":"https:\/\/api.w.org\/{rel}","templated":true}]}}