{"id":13768,"date":"2024-09-09T15:35:14","date_gmt":"2024-09-09T12:35:14","guid":{"rendered":"https:\/\/skaitytaknyga.lt\/?post_type=product&#038;p=13768"},"modified":"2025-05-24T20:53:32","modified_gmt":"2025-05-24T17:53:32","slug":"eva-tombak-laimes-piliules","status":"publish","type":"product","link":"https:\/\/skaitytaknyga.lt\/en\/produktas\/eva-tombak-laimes-piliules\/","title":{"rendered":"Laim\u0117s piliul\u0117s"},"content":{"rendered":"<p>Knyga<strong>\u00a0\u201eLaim\u0117s piliul\u0117s&#8221;<\/strong>\u00a0pravers tiems, kurie nor\u0117t\u0173 pasveikti nuo pozityvumo greitlig\u0117s, arba bijo j\u0105 apsikr\u0117sti. Piliul\u0117s ne tik mal\u0161ina pavojingiausi\u0105 ligos simptom\u0105 \u2013 \u0161ablonin\u012f m\u0105stym\u0105, bet ir s\u0117kmingai kovoja su jos prie\u017eastimi \u2013 susireik\u0161minimu ir egoizmu. J\u0173 sud\u0117tyje esanti sveiko skepticizmo doz\u0117 i\u0161skaido tokius pavojingus m\u0105stymo trombus kaip \u201egalvok pozityviai&#8221; bei \u201eb\u016bk laimingas \u010dia ir dabar&#8221;, atkuria laisv\u0105 min\u010di\u0173 cirkuliavim\u0105. Nesukelia priklausomyb\u0117s.<\/p>\n<p>\u0160e\u0161\u0117liai ir netgi pati tamsa n\u0117ra pasaulio pabaiga \u2013 tik i\u0161\u0161\u016bkiai. Tamsoje reikia dr\u0105sos ir pasitik\u0117jimo. Ne tik gyvenimu, s\u0117kme, bet ir pa\u010dia tamsa. Tik\u0117jimo, kad ji yra tik \u012f laim\u0119 vedan\u010dio kelio pos\u016bkis.<\/p>\n<p>\u201eI\u0161gersi m\u0117lyn\u0105 piliul\u0119 \u2013 nepatogumai baigsis, atsibusi savo lovoje ir tik\u0117si tuo, kuo nori tik\u0117ti. I\u0161gersi raudon\u0105 \u2013 liksi stebukl\u0173 \u0161alyje ir su\u017einosi, koks gilus ki\u0161kio urvas. A\u0161 si\u016blau ties\u0105, nieko daugiau&#8221;, \u2013 sako filmo \u201eMatrica&#8221; herojus Morf\u0117jus.<\/p>\n<p>O a\u0161 si\u016blau spalvingesni\u0173 \u2013 svajoni\u0173, ties\u0173, sapn\u0173 ir iliuzij\u0173 piliuli\u0173.\u00a0<strong>\u201eLaim\u0117s piliul\u0117s&#8221;<\/strong>\u00a0\u2013 tai pasirinkim\u0173 vaistin\u0117l\u0117. Vartojimo instrukcij\u0105 prisegu, apie \u0161alutin\u012f poveik\u012f informuoju.<\/p>\n<p><em>N\u0117ra keli\u0173 \u012f laim\u0119, pats kelias yra laim\u0117.<\/em><\/p>\n<p>Dalai Lama<\/p>\n<ul class=\"about-product d-none d-xl-block mt-4\">\n<li><strong>Autorius:<\/strong>\u00a0Eva Tombak<\/li>\n<li><strong>Leid\u0117jas:<\/strong>\u00a0Alma littera<\/li>\n<li><strong>Metai:<\/strong>\u00a02016<\/li>\n<li><strong>Puslapiai:<\/strong>\u00a0288<\/li>\n<li><strong>ISBN:<\/strong>\u00a09786090122150<\/li>\n<li><strong>Versijos kodas:<\/strong>\u00a0PT.<\/li>\n<li><strong>Formatas:<\/strong>\u00a014,3 x 21,3 x 2,8 cm, kieti vir\u0161eliai<\/li>\n<li><strong>Kalba:<\/strong>\u00a0Lietuvi\u0173<\/li>\n<\/ul>\n","protected":false},"excerpt":{"rendered":"<p>Knyga\u00a0\u201eLaim\u0117s piliul\u0117s&#8221;\u00a0pravers tiems, kurie nor\u0117t\u0173 pasveikti nuo pozityvumo greitlig\u0117s, arba bijo j\u0105 apsikr\u0117sti. Piliul\u0117s ne tik mal\u0161ina pavojingiausi\u0105 ligos simptom\u0105 \u2013 \u0161ablonin\u012f m\u0105stym\u0105, bet ir s\u0117kmingai kovoja su jos prie\u017eastimi \u2013 susireik\u0161minimu ir egoizmu. J\u0173 sud\u0117tyje esanti sveiko skepticizmo doz\u0117 i\u0161skaido tokius pavojingus m\u0105stymo trombus kaip \u201egalvok pozityviai&#8221; bei \u201eb\u016bk laimingas \u010dia ir dabar&#8221;, atkuria laisv\u0105 min\u010di\u0173 cirkuliavim\u0105. Nesukelia priklausomyb\u0117s. \u0160e\u0161\u0117liai ir netgi pati tamsa n\u0117ra pasaulio pabaiga \u2013 tik i\u0161\u0161\u016bkiai. Tamsoje reikia dr\u0105sos ir pasitik\u0117jimo. Ne tik gyvenimu, s\u0117kme, bet ir pa\u010dia tamsa. Tik\u0117jimo, kad ji yra tik \u012f laim\u0119 vedan\u010dio kelio pos\u016bkis. \u201eI\u0161gersi m\u0117lyn\u0105 piliul\u0119 \u2013 nepatogumai baigsis, atsibusi savo lovoje ir tik\u0117si tuo, kuo nori tik\u0117ti. I\u0161gersi raudon\u0105 \u2013 liksi stebukl\u0173 \u0161alyje ir su\u017einosi, koks gilus ki\u0161kio urvas. A\u0161 si\u016blau ties\u0105, nieko daugiau&#8221;, \u2013 sako filmo \u201eMatrica&#8221; herojus Morf\u0117jus. O a\u0161 si\u016blau spalvingesni\u0173 \u2013 svajoni\u0173, ties\u0173, sapn\u0173 ir iliuzij\u0173 piliuli\u0173.\u00a0\u201eLaim\u0117s piliul\u0117s&#8221;\u00a0\u2013 tai pasirinkim\u0173 vaistin\u0117l\u0117. Vartojimo instrukcij\u0105 prisegu, apie \u0161alutin\u012f poveik\u012f informuoju. N\u0117ra keli\u0173 \u012f laim\u0119, pats kelias yra laim\u0117. Dalai Lama Autorius:\u00a0Eva Tombak Leid\u0117jas:\u00a0Alma littera Metai:\u00a02016 Puslapiai:\u00a0288 ISBN:\u00a09786090122150 Versijos kodas:\u00a0PT. Formatas:\u00a014,3 x 21,3 x 2,8 cm, kieti vir\u0161eliai Kalba:\u00a0Lietuvi\u0173<\/p>\n","protected":false},"featured_media":13786,"comment_status":"open","ping_status":"closed","template":"","meta":{"_acf_changed":false,"site-sidebar-layout":"default","site-content-layout":"","ast-site-content-layout":"default","site-content-style":"default","site-sidebar-style":"default","ast-global-header-display":"","ast-banner-title-visibility":"","ast-main-header-display":"","ast-hfb-above-header-display":"","ast-hfb-below-header-display":"","ast-hfb-mobile-header-display":"","site-post-title":"","ast-breadcrumbs-content":"","ast-featured-img":"","footer-sml-layout":"","ast-disable-related-posts":"","theme-transparent-header-meta":"default","adv-header-id-meta":"","stick-header-meta":"","header-above-stick-meta":"","header-main-stick-meta":"","header-below-stick-meta":"","astra-migrate-meta-layouts":"set","ast-page-background-enabled":"default","ast-page-background-meta":{"desktop":{"background-color":"","background-image":"","background-repeat":"repeat","background-position":"center center","background-size":"auto","background-attachment":"scroll","background-type":"","background-media":"","overlay-type":"","overlay-color":"","overlay-opacity":"","overlay-gradient":""},"tablet":{"background-color":"","background-image":"","background-repeat":"repeat","background-position":"center center","background-size":"auto","background-attachment":"scroll","background-type":"","background-media":"","overlay-type":"","overlay-color":"","overlay-opacity":"","overlay-gradient":""},"mobile":{"background-color":"","background-image":"","background-repeat":"repeat","background-position":"center center","background-size":"auto","background-attachment":"scroll","background-type":"","background-media":"","overlay-type":"","overlay-color":"","overlay-opacity":"","overlay-gradient":""}},"ast-content-background-meta":{"desktop":{"background-color":"var(--ast-global-color-4)","background-image":"","background-repeat":"repeat","background-position":"center center","background-size":"auto","background-attachment":"scroll","background-type":"","background-media":"","overlay-type":"","overlay-color":"","overlay-opacity":"","overlay-gradient":""},"tablet":{"background-color":"var(--ast-global-color-4)","background-image":"","background-repeat":"repeat","background-position":"center center","background-size":"auto","background-attachment":"scroll","background-type":"","background-media":"","overlay-type":"","overlay-color":"","overlay-opacity":"","overlay-gradient":""},"mobile":{"background-color":"var(--ast-global-color-4)","background-image":"","background-repeat":"repeat","background-position":"center center","background-size":"auto","background-attachment":"scroll","background-type":"","background-media":"","overlay-type":"","overlay-color":"","overlay-opacity":"","overlay-gradient":""}}},"product_brand":[],"product_cat":[15,30],"product_tag":[],"class_list":{"0":"post-13768","1":"product","2":"type-product","3":"status-publish","4":"has-post-thumbnail","6":"product_cat-uncategorized","7":"product_cat-psichologija-ir-saviugda","8":"desktop-align-left","9":"tablet-align-left","10":"mobile-align-left","12":"first","13":"instock","14":"shipping-taxable","15":"purchasable","16":"product-type-simple"},"acf":[],"yoast_head":"<!-- This site is optimized with the Yoast SEO plugin v27.0 - https:\/\/yoast.com\/product\/yoast-seo-wordpress\/ -->\n<title>Laim\u0117s piliul\u0117s<\/title>\n<meta name=\"description\" content=\"Knyga\u00a0\u201eLaim\u0117s piliul\u0117s&quot;\u00a0pravers tiems, kurie nor\u0117t\u0173 pasveikti nuo pozityvumo greitlig\u0117s, arba bijo j\u0105 apsikr\u0117sti. Piliul\u0117s ne tik mal\u0161ina pavojingiausi\u0105\" \/>\n<meta name=\"robots\" content=\"index, follow, max-snippet:-1, max-image-preview:large, max-video-preview:-1\" \/>\n<link rel=\"canonical\" href=\"https:\/\/skaitytaknyga.lt\/en\/produktas\/eva-tombak-laimes-piliules\/\" \/>\n<meta property=\"og:locale\" content=\"en_GB\" \/>\n<meta property=\"og:locale:alternate\" content=\"lt_LT\" \/>\n<meta property=\"og:type\" content=\"article\" \/>\n<meta property=\"og:title\" content=\"Laim\u0117s piliul\u0117s\" \/>\n<meta property=\"og:description\" content=\"Knyga\u00a0\u201eLaim\u0117s piliul\u0117s&quot;\u00a0pravers tiems, kurie nor\u0117t\u0173 pasveikti nuo pozityvumo greitlig\u0117s, arba bijo j\u0105 apsikr\u0117sti. Piliul\u0117s ne tik mal\u0161ina pavojingiausi\u0105\" \/>\n<meta property=\"og:url\" content=\"https:\/\/skaitytaknyga.lt\/en\/produktas\/eva-tombak-laimes-piliules\/\" \/>\n<meta property=\"og:site_name\" content=\"Skaitytaknyga\" \/>\n<meta property=\"article:publisher\" content=\"https:\/\/www.facebook.com\/skaitytaknyga\/\" \/>\n<meta property=\"article:modified_time\" content=\"2025-05-24T17:53:32+00:00\" \/>\n<meta property=\"og:image\" content=\"https:\/\/skaitytaknyga.lt\/wp-content\/uploads\/2024\/09\/laimes-piliules.webp\" \/>\n\t<meta property=\"og:image:width\" content=\"462\" \/>\n\t<meta property=\"og:image:height\" content=\"692\" \/>\n\t<meta property=\"og:image:type\" content=\"image\/webp\" \/>\n<meta name=\"twitter:card\" content=\"summary_large_image\" \/>\n<meta name=\"twitter:label1\" content=\"Estimated reading time\" \/>\n\t<meta name=\"twitter:data1\" content=\"2 minutes\" \/>\n<script type=\"application\/ld+json\" class=\"yoast-schema-graph\">{\"@context\":\"https:\/\/schema.org\",\"@graph\":[{\"@type\":\"WebPage\",\"@id\":\"https:\/\/skaitytaknyga.lt\/produktas\/eva-tombak-laimes-piliules\/\",\"url\":\"https:\/\/skaitytaknyga.lt\/produktas\/eva-tombak-laimes-piliules\/\",\"name\":\"Laim\u0117s piliul\u0117s\",\"isPartOf\":{\"@id\":\"https:\/\/skaitytaknyga.lt\/#website\"},\"primaryImageOfPage\":{\"@id\":\"https:\/\/skaitytaknyga.lt\/produktas\/eva-tombak-laimes-piliules\/#primaryimage\"},\"image\":{\"@id\":\"https:\/\/skaitytaknyga.lt\/produktas\/eva-tombak-laimes-piliules\/#primaryimage\"},\"thumbnailUrl\":\"https:\/\/skaitytaknyga.lt\/wp-content\/uploads\/2024\/09\/laimes-piliules.webp\",\"datePublished\":\"2024-09-09T12:35:14+00:00\",\"dateModified\":\"2025-05-24T17:53:32+00:00\",\"description\":\"Knyga\u00a0\u201eLaim\u0117s piliul\u0117s\\\"\u00a0pravers tiems, kurie nor\u0117t\u0173 pasveikti nuo pozityvumo greitlig\u0117s, arba bijo j\u0105 apsikr\u0117sti. Piliul\u0117s ne tik mal\u0161ina pavojingiausi\u0105\",\"breadcrumb\":{\"@id\":\"https:\/\/skaitytaknyga.lt\/produktas\/eva-tombak-laimes-piliules\/#breadcrumb\"},\"inLanguage\":\"en-GB\",\"potentialAction\":[{\"@type\":\"ReadAction\",\"target\":[\"https:\/\/skaitytaknyga.lt\/produktas\/eva-tombak-laimes-piliules\/\"]}]},{\"@type\":\"ImageObject\",\"inLanguage\":\"en-GB\",\"@id\":\"https:\/\/skaitytaknyga.lt\/produktas\/eva-tombak-laimes-piliules\/#primaryimage\",\"url\":\"https:\/\/skaitytaknyga.lt\/wp-content\/uploads\/2024\/09\/laimes-piliules.webp\",\"contentUrl\":\"https:\/\/skaitytaknyga.lt\/wp-content\/uploads\/2024\/09\/laimes-piliules.webp\",\"width\":462,\"height\":692,\"caption\":\"Eva Tombak \u201eLaim\u0117s piliul\u0117s\u201c\"},{\"@type\":\"BreadcrumbList\",\"@id\":\"https:\/\/skaitytaknyga.lt\/produktas\/eva-tombak-laimes-piliules\/#breadcrumb\",\"itemListElement\":[{\"@type\":\"ListItem\",\"position\":1,\"name\":\"Home\",\"item\":\"https:\/\/skaitytaknyga.lt\/\"},{\"@type\":\"ListItem\",\"position\":2,\"name\":\"Parduotuv\u0117\",\"item\":\"https:\/\/skaitytaknyga.lt\/knygu-parduotuve\/\"},{\"@type\":\"ListItem\",\"position\":3,\"name\":\"Laim\u0117s piliul\u0117s\"}]},{\"@type\":\"WebSite\",\"@id\":\"https:\/\/skaitytaknyga.lt\/#website\",\"url\":\"https:\/\/skaitytaknyga.lt\/\",\"name\":\"skaitytaknyga.lt\",\"description\":\"Skaitytaknyga.lt \u2013 tai ma\u017eas \u0161eimos verslas, kuris prasid\u0117jo nuo meil\u0117s knygoms ir siekio i\u0161gelb\u0117ti knygas nuo likimo prie konteinerio. Kas vienam nereikalingas daiktas \u2013 kitam lobis, o mes esame tarpininkai, kurie padeda abiems tapti laimingesniems ???? \u017dinome kaip nelengva i\u0161gyventi ma\u017eiems verslams, tad nuo \u0161iol, \u010dia rasite ir kit\u0173, ma\u017e\u0173 \u0161eim\u0173 versl\u0173, rank\u0173 darbo, dovan\u0173 sau ir artimiesiems.\",\"publisher\":{\"@id\":\"https:\/\/skaitytaknyga.lt\/#organization\"},\"potentialAction\":[{\"@type\":\"SearchAction\",\"target\":{\"@type\":\"EntryPoint\",\"urlTemplate\":\"https:\/\/skaitytaknyga.lt\/?s={search_term_string}\"},\"query-input\":{\"@type\":\"PropertyValueSpecification\",\"valueRequired\":true,\"valueName\":\"search_term_string\"}}],\"inLanguage\":\"en-GB\"},{\"@type\":\"Organization\",\"@id\":\"https:\/\/skaitytaknyga.lt\/#organization\",\"name\":\"skaitytaknyga.lt\",\"url\":\"https:\/\/skaitytaknyga.lt\/\",\"logo\":{\"@type\":\"ImageObject\",\"inLanguage\":\"en-GB\",\"@id\":\"https:\/\/skaitytaknyga.lt\/#\/schema\/logo\/image\/\",\"url\":\"https:\/\/skaitytaknyga.lt\/wp-content\/uploads\/2024\/05\/cropped-cropped-cropped-02_00843_jt3bggkj1j3HLc7SyY6rEUpg.jpeg\",\"contentUrl\":\"https:\/\/skaitytaknyga.lt\/wp-content\/uploads\/2024\/05\/cropped-cropped-cropped-02_00843_jt3bggkj1j3HLc7SyY6rEUpg.jpeg\",\"width\":1600,\"height\":1600,\"caption\":\"skaitytaknyga.lt\"},\"image\":{\"@id\":\"https:\/\/skaitytaknyga.lt\/#\/schema\/logo\/image\/\"},\"sameAs\":[\"https:\/\/www.facebook.com\/skaitytaknyga\/\"]}]}<\/script>\n<!-- \/ Yoast SEO plugin. -->","yoast_head_json":{"title":"Laim\u0117s piliul\u0117s","description":"Knyga\u00a0\u201eLaim\u0117s piliul\u0117s\"\u00a0pravers tiems, kurie nor\u0117t\u0173 pasveikti nuo pozityvumo greitlig\u0117s, arba bijo j\u0105 apsikr\u0117sti. Piliul\u0117s ne tik mal\u0161ina pavojingiausi\u0105","robots":{"index":"index","follow":"follow","max-snippet":"max-snippet:-1","max-image-preview":"max-image-preview:large","max-video-preview":"max-video-preview:-1"},"canonical":"https:\/\/skaitytaknyga.lt\/en\/produktas\/eva-tombak-laimes-piliules\/","og_locale":"en_GB","og_type":"article","og_title":"[:lt]Laim\u0117s piliul\u0117s[:] - Skaitytaknyga","og_description":"Knyga\u00a0\u201eLaim\u0117s piliul\u0117s\"\u00a0pravers tiems, kurie nor\u0117t\u0173 pasveikti nuo pozityvumo greitlig\u0117s, arba bijo j\u0105 apsikr\u0117sti. Piliul\u0117s ne tik mal\u0161ina pavojingiausi\u0105","og_url":"https:\/\/skaitytaknyga.lt\/en\/produktas\/eva-tombak-laimes-piliules\/","og_site_name":"Skaitytaknyga","article_publisher":"https:\/\/www.facebook.com\/skaitytaknyga\/","article_modified_time":"2025-05-24T17:53:32+00:00","og_image":[{"width":462,"height":692,"url":"https:\/\/skaitytaknyga.lt\/wp-content\/uploads\/2024\/09\/laimes-piliules.webp","type":"image\/webp"}],"twitter_card":"summary_large_image","twitter_misc":{"Estimated reading time":"2 minutes"},"schema":{"@context":"https:\/\/schema.org","@graph":[{"@type":"WebPage","@id":"https:\/\/skaitytaknyga.lt\/produktas\/eva-tombak-laimes-piliules\/","url":"https:\/\/skaitytaknyga.lt\/produktas\/eva-tombak-laimes-piliules\/","name":"Laim\u0117s piliul\u0117s","isPartOf":{"@id":"https:\/\/skaitytaknyga.lt\/#website"},"primaryImageOfPage":{"@id":"https:\/\/skaitytaknyga.lt\/produktas\/eva-tombak-laimes-piliules\/#primaryimage"},"image":{"@id":"https:\/\/skaitytaknyga.lt\/produktas\/eva-tombak-laimes-piliules\/#primaryimage"},"thumbnailUrl":"https:\/\/skaitytaknyga.lt\/wp-content\/uploads\/2024\/09\/laimes-piliules.webp","datePublished":"2024-09-09T12:35:14+00:00","dateModified":"2025-05-24T17:53:32+00:00","description":"Knyga\u00a0\u201eLaim\u0117s piliul\u0117s\"\u00a0pravers tiems, kurie nor\u0117t\u0173 pasveikti nuo pozityvumo greitlig\u0117s, arba bijo j\u0105 apsikr\u0117sti. Piliul\u0117s ne tik mal\u0161ina pavojingiausi\u0105","breadcrumb":{"@id":"https:\/\/skaitytaknyga.lt\/produktas\/eva-tombak-laimes-piliules\/#breadcrumb"},"inLanguage":"en-GB","potentialAction":[{"@type":"ReadAction","target":["https:\/\/skaitytaknyga.lt\/produktas\/eva-tombak-laimes-piliules\/"]}]},{"@type":"ImageObject","inLanguage":"en-GB","@id":"https:\/\/skaitytaknyga.lt\/produktas\/eva-tombak-laimes-piliules\/#primaryimage","url":"https:\/\/skaitytaknyga.lt\/wp-content\/uploads\/2024\/09\/laimes-piliules.webp","contentUrl":"https:\/\/skaitytaknyga.lt\/wp-content\/uploads\/2024\/09\/laimes-piliules.webp","width":462,"height":692,"caption":"Eva Tombak \u201eLaim\u0117s piliul\u0117s\u201c"},{"@type":"BreadcrumbList","@id":"https:\/\/skaitytaknyga.lt\/produktas\/eva-tombak-laimes-piliules\/#breadcrumb","itemListElement":[{"@type":"ListItem","position":1,"name":"Home","item":"https:\/\/skaitytaknyga.lt\/"},{"@type":"ListItem","position":2,"name":"Parduotuv\u0117","item":"https:\/\/skaitytaknyga.lt\/knygu-parduotuve\/"},{"@type":"ListItem","position":3,"name":"Laim\u0117s piliul\u0117s"}]},{"@type":"WebSite","@id":"https:\/\/skaitytaknyga.lt\/#website","url":"https:\/\/skaitytaknyga.lt\/","name":"skaitytaknyga.lt","description":"Skaitytaknyga.lt \u2013 tai ma\u017eas \u0161eimos verslas, kuris prasid\u0117jo nuo meil\u0117s knygoms ir siekio i\u0161gelb\u0117ti knygas nuo likimo prie konteinerio. Kas vienam nereikalingas daiktas \u2013 kitam lobis, o mes esame tarpininkai, kurie padeda abiems tapti laimingesniems ???? \u017dinome kaip nelengva i\u0161gyventi ma\u017eiems verslams, tad nuo \u0161iol, \u010dia rasite ir kit\u0173, ma\u017e\u0173 \u0161eim\u0173 versl\u0173, rank\u0173 darbo, dovan\u0173 sau ir artimiesiems.","publisher":{"@id":"https:\/\/skaitytaknyga.lt\/#organization"},"potentialAction":[{"@type":"SearchAction","target":{"@type":"EntryPoint","urlTemplate":"https:\/\/skaitytaknyga.lt\/?s={search_term_string}"},"query-input":{"@type":"PropertyValueSpecification","valueRequired":true,"valueName":"search_term_string"}}],"inLanguage":"en-GB"},{"@type":"Organization","@id":"https:\/\/skaitytaknyga.lt\/#organization","name":"skaitytaknyga.lt","url":"https:\/\/skaitytaknyga.lt\/","logo":{"@type":"ImageObject","inLanguage":"en-GB","@id":"https:\/\/skaitytaknyga.lt\/#\/schema\/logo\/image\/","url":"https:\/\/skaitytaknyga.lt\/wp-content\/uploads\/2024\/05\/cropped-cropped-cropped-02_00843_jt3bggkj1j3HLc7SyY6rEUpg.jpeg","contentUrl":"https:\/\/skaitytaknyga.lt\/wp-content\/uploads\/2024\/05\/cropped-cropped-cropped-02_00843_jt3bggkj1j3HLc7SyY6rEUpg.jpeg","width":1600,"height":1600,"caption":"skaitytaknyga.lt"},"image":{"@id":"https:\/\/skaitytaknyga.lt\/#\/schema\/logo\/image\/"},"sameAs":["https:\/\/www.facebook.com\/skaitytaknyga\/"]}]}},"_links":{"self":[{"href":"https:\/\/skaitytaknyga.lt\/en\/wp-json\/wp\/v2\/product\/13768","targetHints":{"allow":["GET"]}}],"collection":[{"href":"https:\/\/skaitytaknyga.lt\/en\/wp-json\/wp\/v2\/product"}],"about":[{"href":"https:\/\/skaitytaknyga.lt\/en\/wp-json\/wp\/v2\/types\/product"}],"replies":[{"embeddable":true,"href":"https:\/\/skaitytaknyga.lt\/en\/wp-json\/wp\/v2\/comments?post=13768"}],"wp:featuredmedia":[{"embeddable":true,"href":"https:\/\/skaitytaknyga.lt\/en\/wp-json\/wp\/v2\/media\/13786"}],"wp:attachment":[{"href":"https:\/\/skaitytaknyga.lt\/en\/wp-json\/wp\/v2\/media?parent=13768"}],"wp:term":[{"taxonomy":"product_brand","embeddable":true,"href":"https:\/\/skaitytaknyga.lt\/en\/wp-json\/wp\/v2\/product_brand?post=13768"},{"taxonomy":"product_cat","embeddable":true,"href":"https:\/\/skaitytaknyga.lt\/en\/wp-json\/wp\/v2\/product_cat?post=13768"},{"taxonomy":"product_tag","embeddable":true,"href":"https:\/\/skaitytaknyga.lt\/en\/wp-json\/wp\/v2\/product_tag?post=13768"}],"curies":[{"name":"wp","href":"https:\/\/api.w.org\/{rel}","templated":true}]}}