{"id":13760,"date":"2024-09-09T11:13:26","date_gmt":"2024-09-09T08:13:26","guid":{"rendered":"https:\/\/skaitytaknyga.lt\/?post_type=product&#038;p=13760"},"modified":"2026-02-03T22:44:58","modified_gmt":"2026-02-03T20:44:58","slug":"meilute-ramoniene-loreta-vilkiene-po-truputi-lietuviu-kalbos-vadovelis-pradedantiesiems","status":"publish","type":"product","link":"https:\/\/skaitytaknyga.lt\/en\/produktas\/meilute-ramoniene-loreta-vilkiene-po-truputi-lietuviu-kalbos-vadovelis-pradedantiesiems\/","title":{"rendered":"Meilut\u0117 Ramonien\u0117, Loreta Vilkien\u0117 \u201ePo truput\u012f. Lietuvi\u0173 kalbos vadov\u0117lis pradedantiesiems\u201c"},"content":{"rendered":"<p>\u0160is vadov\u0117lis pad\u0117s i\u0161mokti bendrauti lietuvi\u0161kai &#8211; kalb\u0117ti ir ra\u0161yti, skaityti ir suprasti tekstus i\u0161 klausos. Jis skiriamas kitakalbiams, pradedantiems mokytis lietuvi\u0173 kalbos,<br \/>\ntiks taip pat ir tiems, kurie jau anks\u010diau buvo prad\u0117j\u0119, bet nepakankamai gerai i\u0161mok\u0119 vartoti kalb\u0105.<\/p>\n<p>Vadov\u0117lis para\u0161ytas remiantis modernia komunikacine svetim\u0173 kalb\u0173 mokymo metodika. 3 vadov\u0117lio knygos &#8211; mokinio knyga su kompaktine plok\u0161tele, pratyb\u0173 s\u0105siuvinis, mokytojo knyga &#8211; pad\u0117s i\u0161mokti \u0161nekamosios ir ra\u0161ytin\u0117s lietuvi\u0173 kalbos, tarties, pagrindini\u0173 gramatikos ir \u017eodyno dalyk\u0173, komunikacijos svarbiausiose gyvenimo situacijose.<\/p>\n","protected":false},"excerpt":{"rendered":"<p>\u0160is vadov\u0117lis pad\u0117s i\u0161mokti bendrauti lietuvi\u0161kai &#8211; kalb\u0117ti ir ra\u0161yti, skaityti ir suprasti tekstus i\u0161 klausos. Jis skiriamas kitakalbiams, pradedantiems mokytis lietuvi\u0173 kalbos, tiks taip pat ir tiems, kurie jau anks\u010diau buvo prad\u0117j\u0119, bet nepakankamai gerai i\u0161mok\u0119 vartoti kalb\u0105. Vadov\u0117lis para\u0161ytas remiantis modernia komunikacine svetim\u0173 kalb\u0173 mokymo metodika. 3 vadov\u0117lio knygos &#8211; mokinio knyga su kompaktine plok\u0161tele, pratyb\u0173 s\u0105siuvinis, mokytojo knyga &#8211; pad\u0117s i\u0161mokti \u0161nekamosios ir ra\u0161ytin\u0117s lietuvi\u0173 kalbos, tarties, pagrindini\u0173 gramatikos ir \u017eodyno dalyk\u0173, komunikacijos svarbiausiose gyvenimo situacijose.<\/p>\n","protected":false},"featured_media":13761,"comment_status":"open","ping_status":"closed","template":"","meta":{"_acf_changed":false,"site-sidebar-layout":"default","site-content-layout":"","ast-site-content-layout":"default","site-content-style":"default","site-sidebar-style":"default","ast-global-header-display":"","ast-banner-title-visibility":"","ast-main-header-display":"","ast-hfb-above-header-display":"","ast-hfb-below-header-display":"","ast-hfb-mobile-header-display":"","site-post-title":"","ast-breadcrumbs-content":"","ast-featured-img":"","footer-sml-layout":"","ast-disable-related-posts":"","theme-transparent-header-meta":"default","adv-header-id-meta":"","stick-header-meta":"","header-above-stick-meta":"","header-main-stick-meta":"","header-below-stick-meta":"","astra-migrate-meta-layouts":"set","ast-page-background-enabled":"default","ast-page-background-meta":{"desktop":{"background-color":"","background-image":"","background-repeat":"repeat","background-position":"center center","background-size":"auto","background-attachment":"scroll","background-type":"","background-media":"","overlay-type":"","overlay-color":"","overlay-opacity":"","overlay-gradient":""},"tablet":{"background-color":"","background-image":"","background-repeat":"repeat","background-position":"center center","background-size":"auto","background-attachment":"scroll","background-type":"","background-media":"","overlay-type":"","overlay-color":"","overlay-opacity":"","overlay-gradient":""},"mobile":{"background-color":"","background-image":"","background-repeat":"repeat","background-position":"center center","background-size":"auto","background-attachment":"scroll","background-type":"","background-media":"","overlay-type":"","overlay-color":"","overlay-opacity":"","overlay-gradient":""}},"ast-content-background-meta":{"desktop":{"background-color":"var(--ast-global-color-4)","background-image":"","background-repeat":"repeat","background-position":"center center","background-size":"auto","background-attachment":"scroll","background-type":"","background-media":"","overlay-type":"","overlay-color":"","overlay-opacity":"","overlay-gradient":""},"tablet":{"background-color":"var(--ast-global-color-4)","background-image":"","background-repeat":"repeat","background-position":"center center","background-size":"auto","background-attachment":"scroll","background-type":"","background-media":"","overlay-type":"","overlay-color":"","overlay-opacity":"","overlay-gradient":""},"mobile":{"background-color":"var(--ast-global-color-4)","background-image":"","background-repeat":"repeat","background-position":"center center","background-size":"auto","background-attachment":"scroll","background-type":"","background-media":"","overlay-type":"","overlay-color":"","overlay-opacity":"","overlay-gradient":""}}},"product_brand":[],"product_cat":[390,15],"product_tag":[],"class_list":{"0":"post-13760","1":"product","2":"type-product","3":"status-publish","4":"has-post-thumbnail","6":"product_cat-kalba-kalbotyra-zodynai","7":"product_cat-uncategorized","8":"desktop-align-left","9":"tablet-align-left","10":"mobile-align-left","12":"first","13":"instock","14":"shipping-taxable","15":"purchasable","16":"product-type-simple"},"acf":[],"yoast_head":"<!-- This site is optimized with the Yoast SEO plugin v27.0 - https:\/\/yoast.com\/product\/yoast-seo-wordpress\/ -->\n<title>Meilut\u0117 Ramonien\u0117, Loreta Vilkien\u0117 \u201ePo truput\u012f. Lietuvi\u0173 kalbos vadov\u0117lis pradedantiesiems\u201c<\/title>\n<meta name=\"description\" content=\"\u0160is vadov\u0117lis pad\u0117s i\u0161mokti bendrauti lietuvi\u0161kai - kalb\u0117ti ir ra\u0161yti, skaityti ir suprasti tekstus i\u0161 klausos. Jis skiriamas kitakalbiams, pradedantiems\" \/>\n<meta name=\"robots\" content=\"index, follow, max-snippet:-1, max-image-preview:large, max-video-preview:-1\" \/>\n<link rel=\"canonical\" href=\"https:\/\/skaitytaknyga.lt\/en\/produktas\/meilute-ramoniene-loreta-vilkiene-po-truputi-lietuviu-kalbos-vadovelis-pradedantiesiems\/\" \/>\n<meta property=\"og:locale\" content=\"en_GB\" \/>\n<meta property=\"og:locale:alternate\" content=\"lt_LT\" \/>\n<meta property=\"og:type\" content=\"article\" \/>\n<meta property=\"og:title\" content=\"Meilut\u0117 Ramonien\u0117, Loreta Vilkien\u0117 \u201ePo truput\u012f. Lietuvi\u0173 kalbos vadov\u0117lis pradedantiesiems\u201c\" \/>\n<meta property=\"og:description\" content=\"\u0160is vadov\u0117lis pad\u0117s i\u0161mokti bendrauti lietuvi\u0161kai - kalb\u0117ti ir ra\u0161yti, skaityti ir suprasti tekstus i\u0161 klausos. Jis skiriamas kitakalbiams, pradedantiems\" \/>\n<meta property=\"og:url\" content=\"https:\/\/skaitytaknyga.lt\/en\/produktas\/meilute-ramoniene-loreta-vilkiene-po-truputi-lietuviu-kalbos-vadovelis-pradedantiesiems\/\" \/>\n<meta property=\"og:site_name\" content=\"Skaitytaknyga\" \/>\n<meta property=\"article:publisher\" content=\"https:\/\/www.facebook.com\/skaitytaknyga\/\" \/>\n<meta property=\"article:modified_time\" content=\"2026-02-03T20:44:58+00:00\" \/>\n<meta property=\"og:image\" content=\"https:\/\/skaitytaknyga.lt\/wp-content\/uploads\/2024\/09\/f3c35c2a68e2da0635b9af9e60d2c4f6.webp\" \/>\n\t<meta property=\"og:image:width\" content=\"359\" \/>\n\t<meta property=\"og:image:height\" content=\"575\" \/>\n\t<meta property=\"og:image:type\" content=\"image\/webp\" \/>\n<meta name=\"twitter:card\" content=\"summary_large_image\" \/>\n<meta name=\"twitter:label1\" content=\"Estimated reading time\" \/>\n\t<meta name=\"twitter:data1\" content=\"1 minute\" \/>\n<script type=\"application\/ld+json\" class=\"yoast-schema-graph\">{\"@context\":\"https:\/\/schema.org\",\"@graph\":[{\"@type\":\"WebPage\",\"@id\":\"https:\/\/skaitytaknyga.lt\/produktas\/meilute-ramoniene-loreta-vilkiene-po-truputi-lietuviu-kalbos-vadovelis-pradedantiesiems\/\",\"url\":\"https:\/\/skaitytaknyga.lt\/produktas\/meilute-ramoniene-loreta-vilkiene-po-truputi-lietuviu-kalbos-vadovelis-pradedantiesiems\/\",\"name\":\"Meilut\u0117 Ramonien\u0117, Loreta Vilkien\u0117 \u201ePo truput\u012f. Lietuvi\u0173 kalbos vadov\u0117lis pradedantiesiems\u201c\",\"isPartOf\":{\"@id\":\"https:\/\/skaitytaknyga.lt\/#website\"},\"primaryImageOfPage\":{\"@id\":\"https:\/\/skaitytaknyga.lt\/produktas\/meilute-ramoniene-loreta-vilkiene-po-truputi-lietuviu-kalbos-vadovelis-pradedantiesiems\/#primaryimage\"},\"image\":{\"@id\":\"https:\/\/skaitytaknyga.lt\/produktas\/meilute-ramoniene-loreta-vilkiene-po-truputi-lietuviu-kalbos-vadovelis-pradedantiesiems\/#primaryimage\"},\"thumbnailUrl\":\"https:\/\/skaitytaknyga.lt\/wp-content\/uploads\/2024\/09\/f3c35c2a68e2da0635b9af9e60d2c4f6.webp\",\"datePublished\":\"2024-09-09T08:13:26+00:00\",\"dateModified\":\"2026-02-03T20:44:58+00:00\",\"description\":\"\u0160is vadov\u0117lis pad\u0117s i\u0161mokti bendrauti lietuvi\u0161kai - kalb\u0117ti ir ra\u0161yti, skaityti ir suprasti tekstus i\u0161 klausos. Jis skiriamas kitakalbiams, pradedantiems\",\"breadcrumb\":{\"@id\":\"https:\/\/skaitytaknyga.lt\/produktas\/meilute-ramoniene-loreta-vilkiene-po-truputi-lietuviu-kalbos-vadovelis-pradedantiesiems\/#breadcrumb\"},\"inLanguage\":\"en-GB\",\"potentialAction\":[{\"@type\":\"ReadAction\",\"target\":[\"https:\/\/skaitytaknyga.lt\/produktas\/meilute-ramoniene-loreta-vilkiene-po-truputi-lietuviu-kalbos-vadovelis-pradedantiesiems\/\"]}]},{\"@type\":\"ImageObject\",\"inLanguage\":\"en-GB\",\"@id\":\"https:\/\/skaitytaknyga.lt\/produktas\/meilute-ramoniene-loreta-vilkiene-po-truputi-lietuviu-kalbos-vadovelis-pradedantiesiems\/#primaryimage\",\"url\":\"https:\/\/skaitytaknyga.lt\/wp-content\/uploads\/2024\/09\/f3c35c2a68e2da0635b9af9e60d2c4f6.webp\",\"contentUrl\":\"https:\/\/skaitytaknyga.lt\/wp-content\/uploads\/2024\/09\/f3c35c2a68e2da0635b9af9e60d2c4f6.webp\",\"width\":359,\"height\":575,\"caption\":\"Meilut\u0117 Ramonien\u0117, Loreta Vilkien\u0117 \u201ePo truput\u012f. Lietuvi\u0173 kalbos vadov\u0117lis pradedantiesiems\u201c\"},{\"@type\":\"BreadcrumbList\",\"@id\":\"https:\/\/skaitytaknyga.lt\/produktas\/meilute-ramoniene-loreta-vilkiene-po-truputi-lietuviu-kalbos-vadovelis-pradedantiesiems\/#breadcrumb\",\"itemListElement\":[{\"@type\":\"ListItem\",\"position\":1,\"name\":\"Home\",\"item\":\"https:\/\/skaitytaknyga.lt\/\"},{\"@type\":\"ListItem\",\"position\":2,\"name\":\"Parduotuv\u0117\",\"item\":\"https:\/\/skaitytaknyga.lt\/knygu-parduotuve\/\"},{\"@type\":\"ListItem\",\"position\":3,\"name\":\"Meilut\u0117 Ramonien\u0117, Loreta Vilkien\u0117 \u201ePo truput\u012f. Lietuvi\u0173 kalbos vadov\u0117lis pradedantiesiems\u201c\"}]},{\"@type\":\"WebSite\",\"@id\":\"https:\/\/skaitytaknyga.lt\/#website\",\"url\":\"https:\/\/skaitytaknyga.lt\/\",\"name\":\"skaitytaknyga.lt\",\"description\":\"Skaitytaknyga.lt \u2013 tai ma\u017eas \u0161eimos verslas, kuris prasid\u0117jo nuo meil\u0117s knygoms ir siekio i\u0161gelb\u0117ti knygas nuo likimo prie konteinerio. Kas vienam nereikalingas daiktas \u2013 kitam lobis, o mes esame tarpininkai, kurie padeda abiems tapti laimingesniems ???? \u017dinome kaip nelengva i\u0161gyventi ma\u017eiems verslams, tad nuo \u0161iol, \u010dia rasite ir kit\u0173, ma\u017e\u0173 \u0161eim\u0173 versl\u0173, rank\u0173 darbo, dovan\u0173 sau ir artimiesiems.\",\"publisher\":{\"@id\":\"https:\/\/skaitytaknyga.lt\/#organization\"},\"potentialAction\":[{\"@type\":\"SearchAction\",\"target\":{\"@type\":\"EntryPoint\",\"urlTemplate\":\"https:\/\/skaitytaknyga.lt\/?s={search_term_string}\"},\"query-input\":{\"@type\":\"PropertyValueSpecification\",\"valueRequired\":true,\"valueName\":\"search_term_string\"}}],\"inLanguage\":\"en-GB\"},{\"@type\":\"Organization\",\"@id\":\"https:\/\/skaitytaknyga.lt\/#organization\",\"name\":\"skaitytaknyga.lt\",\"url\":\"https:\/\/skaitytaknyga.lt\/\",\"logo\":{\"@type\":\"ImageObject\",\"inLanguage\":\"en-GB\",\"@id\":\"https:\/\/skaitytaknyga.lt\/#\/schema\/logo\/image\/\",\"url\":\"https:\/\/skaitytaknyga.lt\/wp-content\/uploads\/2024\/05\/cropped-cropped-cropped-02_00843_jt3bggkj1j3HLc7SyY6rEUpg.jpeg\",\"contentUrl\":\"https:\/\/skaitytaknyga.lt\/wp-content\/uploads\/2024\/05\/cropped-cropped-cropped-02_00843_jt3bggkj1j3HLc7SyY6rEUpg.jpeg\",\"width\":1600,\"height\":1600,\"caption\":\"skaitytaknyga.lt\"},\"image\":{\"@id\":\"https:\/\/skaitytaknyga.lt\/#\/schema\/logo\/image\/\"},\"sameAs\":[\"https:\/\/www.facebook.com\/skaitytaknyga\/\"]}]}<\/script>\n<!-- \/ Yoast SEO plugin. -->","yoast_head_json":{"title":"Meilut\u0117 Ramonien\u0117, Loreta Vilkien\u0117 \u201ePo truput\u012f. Lietuvi\u0173 kalbos vadov\u0117lis pradedantiesiems\u201c","description":"\u0160is vadov\u0117lis pad\u0117s i\u0161mokti bendrauti lietuvi\u0161kai - kalb\u0117ti ir ra\u0161yti, skaityti ir suprasti tekstus i\u0161 klausos. Jis skiriamas kitakalbiams, pradedantiems","robots":{"index":"index","follow":"follow","max-snippet":"max-snippet:-1","max-image-preview":"max-image-preview:large","max-video-preview":"max-video-preview:-1"},"canonical":"https:\/\/skaitytaknyga.lt\/en\/produktas\/meilute-ramoniene-loreta-vilkiene-po-truputi-lietuviu-kalbos-vadovelis-pradedantiesiems\/","og_locale":"en_GB","og_type":"article","og_title":"[:lt]Meilut\u0117 Ramonien\u0117, Loreta Vilkien\u0117 \u201ePo truput\u012f. Lietuvi\u0173 kalbos vadov\u0117lis pradedantiesiems\u201c[:] - Skaitytaknyga","og_description":"\u0160is vadov\u0117lis pad\u0117s i\u0161mokti bendrauti lietuvi\u0161kai - kalb\u0117ti ir ra\u0161yti, skaityti ir suprasti tekstus i\u0161 klausos. Jis skiriamas kitakalbiams, pradedantiems","og_url":"https:\/\/skaitytaknyga.lt\/en\/produktas\/meilute-ramoniene-loreta-vilkiene-po-truputi-lietuviu-kalbos-vadovelis-pradedantiesiems\/","og_site_name":"Skaitytaknyga","article_publisher":"https:\/\/www.facebook.com\/skaitytaknyga\/","article_modified_time":"2026-02-03T20:44:58+00:00","og_image":[{"width":359,"height":575,"url":"https:\/\/skaitytaknyga.lt\/wp-content\/uploads\/2024\/09\/f3c35c2a68e2da0635b9af9e60d2c4f6.webp","type":"image\/webp"}],"twitter_card":"summary_large_image","twitter_misc":{"Estimated reading time":"1 minute"},"schema":{"@context":"https:\/\/schema.org","@graph":[{"@type":"WebPage","@id":"https:\/\/skaitytaknyga.lt\/produktas\/meilute-ramoniene-loreta-vilkiene-po-truputi-lietuviu-kalbos-vadovelis-pradedantiesiems\/","url":"https:\/\/skaitytaknyga.lt\/produktas\/meilute-ramoniene-loreta-vilkiene-po-truputi-lietuviu-kalbos-vadovelis-pradedantiesiems\/","name":"Meilut\u0117 Ramonien\u0117, Loreta Vilkien\u0117 \u201ePo truput\u012f. Lietuvi\u0173 kalbos vadov\u0117lis pradedantiesiems\u201c","isPartOf":{"@id":"https:\/\/skaitytaknyga.lt\/#website"},"primaryImageOfPage":{"@id":"https:\/\/skaitytaknyga.lt\/produktas\/meilute-ramoniene-loreta-vilkiene-po-truputi-lietuviu-kalbos-vadovelis-pradedantiesiems\/#primaryimage"},"image":{"@id":"https:\/\/skaitytaknyga.lt\/produktas\/meilute-ramoniene-loreta-vilkiene-po-truputi-lietuviu-kalbos-vadovelis-pradedantiesiems\/#primaryimage"},"thumbnailUrl":"https:\/\/skaitytaknyga.lt\/wp-content\/uploads\/2024\/09\/f3c35c2a68e2da0635b9af9e60d2c4f6.webp","datePublished":"2024-09-09T08:13:26+00:00","dateModified":"2026-02-03T20:44:58+00:00","description":"\u0160is vadov\u0117lis pad\u0117s i\u0161mokti bendrauti lietuvi\u0161kai - kalb\u0117ti ir ra\u0161yti, skaityti ir suprasti tekstus i\u0161 klausos. Jis skiriamas kitakalbiams, pradedantiems","breadcrumb":{"@id":"https:\/\/skaitytaknyga.lt\/produktas\/meilute-ramoniene-loreta-vilkiene-po-truputi-lietuviu-kalbos-vadovelis-pradedantiesiems\/#breadcrumb"},"inLanguage":"en-GB","potentialAction":[{"@type":"ReadAction","target":["https:\/\/skaitytaknyga.lt\/produktas\/meilute-ramoniene-loreta-vilkiene-po-truputi-lietuviu-kalbos-vadovelis-pradedantiesiems\/"]}]},{"@type":"ImageObject","inLanguage":"en-GB","@id":"https:\/\/skaitytaknyga.lt\/produktas\/meilute-ramoniene-loreta-vilkiene-po-truputi-lietuviu-kalbos-vadovelis-pradedantiesiems\/#primaryimage","url":"https:\/\/skaitytaknyga.lt\/wp-content\/uploads\/2024\/09\/f3c35c2a68e2da0635b9af9e60d2c4f6.webp","contentUrl":"https:\/\/skaitytaknyga.lt\/wp-content\/uploads\/2024\/09\/f3c35c2a68e2da0635b9af9e60d2c4f6.webp","width":359,"height":575,"caption":"Meilut\u0117 Ramonien\u0117, Loreta Vilkien\u0117 \u201ePo truput\u012f. Lietuvi\u0173 kalbos vadov\u0117lis pradedantiesiems\u201c"},{"@type":"BreadcrumbList","@id":"https:\/\/skaitytaknyga.lt\/produktas\/meilute-ramoniene-loreta-vilkiene-po-truputi-lietuviu-kalbos-vadovelis-pradedantiesiems\/#breadcrumb","itemListElement":[{"@type":"ListItem","position":1,"name":"Home","item":"https:\/\/skaitytaknyga.lt\/"},{"@type":"ListItem","position":2,"name":"Parduotuv\u0117","item":"https:\/\/skaitytaknyga.lt\/knygu-parduotuve\/"},{"@type":"ListItem","position":3,"name":"Meilut\u0117 Ramonien\u0117, Loreta Vilkien\u0117 \u201ePo truput\u012f. Lietuvi\u0173 kalbos vadov\u0117lis pradedantiesiems\u201c"}]},{"@type":"WebSite","@id":"https:\/\/skaitytaknyga.lt\/#website","url":"https:\/\/skaitytaknyga.lt\/","name":"skaitytaknyga.lt","description":"Skaitytaknyga.lt \u2013 tai ma\u017eas \u0161eimos verslas, kuris prasid\u0117jo nuo meil\u0117s knygoms ir siekio i\u0161gelb\u0117ti knygas nuo likimo prie konteinerio. Kas vienam nereikalingas daiktas \u2013 kitam lobis, o mes esame tarpininkai, kurie padeda abiems tapti laimingesniems ???? \u017dinome kaip nelengva i\u0161gyventi ma\u017eiems verslams, tad nuo \u0161iol, \u010dia rasite ir kit\u0173, ma\u017e\u0173 \u0161eim\u0173 versl\u0173, rank\u0173 darbo, dovan\u0173 sau ir artimiesiems.","publisher":{"@id":"https:\/\/skaitytaknyga.lt\/#organization"},"potentialAction":[{"@type":"SearchAction","target":{"@type":"EntryPoint","urlTemplate":"https:\/\/skaitytaknyga.lt\/?s={search_term_string}"},"query-input":{"@type":"PropertyValueSpecification","valueRequired":true,"valueName":"search_term_string"}}],"inLanguage":"en-GB"},{"@type":"Organization","@id":"https:\/\/skaitytaknyga.lt\/#organization","name":"skaitytaknyga.lt","url":"https:\/\/skaitytaknyga.lt\/","logo":{"@type":"ImageObject","inLanguage":"en-GB","@id":"https:\/\/skaitytaknyga.lt\/#\/schema\/logo\/image\/","url":"https:\/\/skaitytaknyga.lt\/wp-content\/uploads\/2024\/05\/cropped-cropped-cropped-02_00843_jt3bggkj1j3HLc7SyY6rEUpg.jpeg","contentUrl":"https:\/\/skaitytaknyga.lt\/wp-content\/uploads\/2024\/05\/cropped-cropped-cropped-02_00843_jt3bggkj1j3HLc7SyY6rEUpg.jpeg","width":1600,"height":1600,"caption":"skaitytaknyga.lt"},"image":{"@id":"https:\/\/skaitytaknyga.lt\/#\/schema\/logo\/image\/"},"sameAs":["https:\/\/www.facebook.com\/skaitytaknyga\/"]}]}},"_links":{"self":[{"href":"https:\/\/skaitytaknyga.lt\/en\/wp-json\/wp\/v2\/product\/13760","targetHints":{"allow":["GET"]}}],"collection":[{"href":"https:\/\/skaitytaknyga.lt\/en\/wp-json\/wp\/v2\/product"}],"about":[{"href":"https:\/\/skaitytaknyga.lt\/en\/wp-json\/wp\/v2\/types\/product"}],"replies":[{"embeddable":true,"href":"https:\/\/skaitytaknyga.lt\/en\/wp-json\/wp\/v2\/comments?post=13760"}],"wp:featuredmedia":[{"embeddable":true,"href":"https:\/\/skaitytaknyga.lt\/en\/wp-json\/wp\/v2\/media\/13761"}],"wp:attachment":[{"href":"https:\/\/skaitytaknyga.lt\/en\/wp-json\/wp\/v2\/media?parent=13760"}],"wp:term":[{"taxonomy":"product_brand","embeddable":true,"href":"https:\/\/skaitytaknyga.lt\/en\/wp-json\/wp\/v2\/product_brand?post=13760"},{"taxonomy":"product_cat","embeddable":true,"href":"https:\/\/skaitytaknyga.lt\/en\/wp-json\/wp\/v2\/product_cat?post=13760"},{"taxonomy":"product_tag","embeddable":true,"href":"https:\/\/skaitytaknyga.lt\/en\/wp-json\/wp\/v2\/product_tag?post=13760"}],"curies":[{"name":"wp","href":"https:\/\/api.w.org\/{rel}","templated":true}]}}