{"id":13759,"date":"2024-09-09T11:13:25","date_gmt":"2024-09-09T08:13:25","guid":{"rendered":"https:\/\/skaitytaknyga.lt\/?post_type=product&#038;p=13759"},"modified":"2024-09-09T11:40:56","modified_gmt":"2024-09-09T08:40:56","slug":"zanna-davidson-magiskieji-vienaragiai-vejo-burtai","status":"publish","type":"product","link":"https:\/\/skaitytaknyga.lt\/en\/produktas\/zanna-davidson-magiskieji-vienaragiai-vejo-burtai\/","title":{"rendered":"Zanna Davidson \u201eMagi\u0161kieji vienaragiai. V\u0117jo burtai\u201c"},"content":{"rendered":"<p>Vien\u0105 dien\u0105 mergaitei Zojai nutiko ne\u012ftik\u0117tinas dalykas. Ji surado keli\u0105 \u012f&#8230; stebukling\u0173 vienaragi\u0173 pasaul\u012f, kur susidraugavo su Astra \u2013 nuostabaus gro\u017eio balta vienarage su spindin\u010diomis sidabrin\u0117mis \u017evaig\u017ed\u0117mis ant viso k\u016bno. Zoja tokia laiminga, gal\u0117dama b\u016bti kartu su Astra Vienaragi\u0173 saloje! Juk drauge jos patiria tiek nepaprast\u0173 nuotyki\u0173. Ta\u010diau \u0161\u012fkart Vienaragi\u0173 sala v\u0117l pavojuje: piktasis \u0160e\u0161\u0117lis apgaule privert\u0117 Zoj\u0105 atidaryti V\u0117j\u0173 skrynel\u0119, ir v\u0117jai i\u0161tr\u016bko \u012f laisv\u0119. Jeigu nepavyks j\u0173 suvaldyti, jie sunaikins vis\u0105 sal\u0105 ir visk\u0105 nu\u0161luos nuo \u017eem\u0117s pavir\u0161iaus! Ar Zoja su Astra \u012fstengs sutramdyti ar\u0161iuosius v\u0117jus?<\/p>\n<p>Grei\u010diau atsiversk knyg\u0105 ir su\u017einok!<\/p>\n<ul class=\"about-product d-none d-xl-block mt-4\">\n<li><strong>Originalus pavadinimas:<\/strong>\u00a0Fairy unicorns: wind charm<\/li>\n<li><strong>Autorius:<\/strong>\u00a0Zanna Davidson<\/li>\n<li><strong>Leid\u0117jas:<\/strong>\u00a0Tyto alba<\/li>\n<li><strong>Metai:<\/strong>\u00a02018<\/li>\n<li><strong>Puslapiai:<\/strong>\u00a0112<\/li>\n<li><strong>ISBN:<\/strong>\u00a09786094663352<\/li>\n<li><strong>Versijos kodas:<\/strong>\u00a0PT.<\/li>\n<li><strong>Formatas:<\/strong>\u00a013,2 x 20,6 x 1,3 cm, kieti vir\u0161eliai<\/li>\n<li><strong>Kalba:<\/strong>\u00a0Lietuvi\u0173<\/li>\n<li><strong>Vert\u0117jas:<\/strong>\u00a0Darius Gr\u0117bli\u016bnas<\/li>\n<\/ul>\n","protected":false},"excerpt":{"rendered":"<p>Vien\u0105 dien\u0105 mergaitei Zojai nutiko ne\u012ftik\u0117tinas dalykas. Ji surado keli\u0105 \u012f&#8230; stebukling\u0173 vienaragi\u0173 pasaul\u012f, kur susidraugavo su Astra \u2013 nuostabaus gro\u017eio balta vienarage su spindin\u010diomis sidabrin\u0117mis \u017evaig\u017ed\u0117mis ant viso k\u016bno. Zoja tokia laiminga, gal\u0117dama b\u016bti kartu su Astra Vienaragi\u0173 saloje! Juk drauge jos patiria tiek nepaprast\u0173 nuotyki\u0173. Ta\u010diau \u0161\u012fkart Vienaragi\u0173 sala v\u0117l pavojuje: piktasis \u0160e\u0161\u0117lis apgaule privert\u0117 Zoj\u0105 atidaryti V\u0117j\u0173 skrynel\u0119, ir v\u0117jai i\u0161tr\u016bko \u012f laisv\u0119. Jeigu nepavyks j\u0173 suvaldyti, jie sunaikins vis\u0105 sal\u0105 ir visk\u0105 nu\u0161luos nuo \u017eem\u0117s pavir\u0161iaus! Ar Zoja su Astra \u012fstengs sutramdyti ar\u0161iuosius v\u0117jus? Grei\u010diau atsiversk knyg\u0105 ir su\u017einok! Originalus pavadinimas:\u00a0Fairy unicorns: wind charm Autorius:\u00a0Zanna Davidson Leid\u0117jas:\u00a0Tyto alba Metai:\u00a02018 Puslapiai:\u00a0112 ISBN:\u00a09786094663352 Versijos kodas:\u00a0PT. Formatas:\u00a013,2 x 20,6 x 1,3 cm, kieti vir\u0161eliai Kalba:\u00a0Lietuvi\u0173 Vert\u0117jas:\u00a0Darius Gr\u0117bli\u016bnas<\/p>\n","protected":false},"featured_media":13762,"comment_status":"open","ping_status":"closed","template":"","meta":{"_acf_changed":false,"site-sidebar-layout":"default","site-content-layout":"","ast-site-content-layout":"default","site-content-style":"default","site-sidebar-style":"default","ast-global-header-display":"","ast-banner-title-visibility":"","ast-main-header-display":"","ast-hfb-above-header-display":"","ast-hfb-below-header-display":"","ast-hfb-mobile-header-display":"","site-post-title":"","ast-breadcrumbs-content":"","ast-featured-img":"","footer-sml-layout":"","ast-disable-related-posts":"","theme-transparent-header-meta":"default","adv-header-id-meta":"","stick-header-meta":"","header-above-stick-meta":"","header-main-stick-meta":"","header-below-stick-meta":"","astra-migrate-meta-layouts":"set","ast-page-background-enabled":"default","ast-page-background-meta":{"desktop":{"background-color":"","background-image":"","background-repeat":"repeat","background-position":"center center","background-size":"auto","background-attachment":"scroll","background-type":"","background-media":"","overlay-type":"","overlay-color":"","overlay-opacity":"","overlay-gradient":""},"tablet":{"background-color":"","background-image":"","background-repeat":"repeat","background-position":"center center","background-size":"auto","background-attachment":"scroll","background-type":"","background-media":"","overlay-type":"","overlay-color":"","overlay-opacity":"","overlay-gradient":""},"mobile":{"background-color":"","background-image":"","background-repeat":"repeat","background-position":"center center","background-size":"auto","background-attachment":"scroll","background-type":"","background-media":"","overlay-type":"","overlay-color":"","overlay-opacity":"","overlay-gradient":""}},"ast-content-background-meta":{"desktop":{"background-color":"var(--ast-global-color-4)","background-image":"","background-repeat":"repeat","background-position":"center center","background-size":"auto","background-attachment":"scroll","background-type":"","background-media":"","overlay-type":"","overlay-color":"","overlay-opacity":"","overlay-gradient":""},"tablet":{"background-color":"var(--ast-global-color-4)","background-image":"","background-repeat":"repeat","background-position":"center center","background-size":"auto","background-attachment":"scroll","background-type":"","background-media":"","overlay-type":"","overlay-color":"","overlay-opacity":"","overlay-gradient":""},"mobile":{"background-color":"var(--ast-global-color-4)","background-image":"","background-repeat":"repeat","background-position":"center center","background-size":"auto","background-attachment":"scroll","background-type":"","background-media":"","overlay-type":"","overlay-color":"","overlay-opacity":"","overlay-gradient":""}}},"product_brand":[],"product_cat":[15,35],"product_tag":[],"class_list":{"0":"post-13759","1":"product","2":"type-product","3":"status-publish","4":"has-post-thumbnail","6":"product_cat-uncategorized","7":"product_cat-vaikams-ir-paaugliams","8":"desktop-align-left","9":"tablet-align-left","10":"mobile-align-left","12":"first","13":"instock","14":"shipping-taxable","15":"purchasable","16":"product-type-simple"},"acf":[],"yoast_head":"<!-- This site is optimized with the Yoast SEO plugin v27.0 - https:\/\/yoast.com\/product\/yoast-seo-wordpress\/ -->\n<title>Zanna Davidson \u201eMagi\u0161kieji vienaragiai. V\u0117jo burtai\u201c<\/title>\n<meta name=\"description\" content=\"Vien\u0105 dien\u0105 mergaitei Zojai nutiko ne\u012ftik\u0117tinas dalykas. Ji surado keli\u0105 \u012f... stebukling\u0173 vienaragi\u0173 pasaul\u012f, kur susidraugavo su Astra \u2013 nuostabaus\" \/>\n<meta name=\"robots\" content=\"index, follow, max-snippet:-1, max-image-preview:large, max-video-preview:-1\" \/>\n<link rel=\"canonical\" href=\"https:\/\/skaitytaknyga.lt\/en\/produktas\/zanna-davidson-magiskieji-vienaragiai-vejo-burtai\/\" \/>\n<meta property=\"og:locale\" content=\"en_GB\" \/>\n<meta property=\"og:locale:alternate\" content=\"lt_LT\" \/>\n<meta property=\"og:type\" content=\"article\" \/>\n<meta property=\"og:title\" content=\"Zanna Davidson \u201eMagi\u0161kieji vienaragiai. V\u0117jo burtai\u201c\" \/>\n<meta property=\"og:description\" content=\"Vien\u0105 dien\u0105 mergaitei Zojai nutiko ne\u012ftik\u0117tinas dalykas. Ji surado keli\u0105 \u012f... stebukling\u0173 vienaragi\u0173 pasaul\u012f, kur susidraugavo su Astra \u2013 nuostabaus\" \/>\n<meta property=\"og:url\" content=\"https:\/\/skaitytaknyga.lt\/en\/produktas\/zanna-davidson-magiskieji-vienaragiai-vejo-burtai\/\" \/>\n<meta property=\"og:site_name\" content=\"Skaitytaknyga\" \/>\n<meta property=\"article:publisher\" content=\"https:\/\/www.facebook.com\/skaitytaknyga\/\" \/>\n<meta property=\"article:modified_time\" content=\"2024-09-09T08:40:56+00:00\" \/>\n<meta property=\"og:image\" content=\"https:\/\/skaitytaknyga.lt\/wp-content\/uploads\/2024\/09\/Magiskieji-vienaragiai.-Vejo-burtai.webp\" \/>\n\t<meta property=\"og:image:width\" content=\"533\" \/>\n\t<meta property=\"og:image:height\" content=\"800\" \/>\n\t<meta property=\"og:image:type\" content=\"image\/webp\" \/>\n<meta name=\"twitter:card\" content=\"summary_large_image\" \/>\n<meta name=\"twitter:label1\" content=\"Estimated reading time\" \/>\n\t<meta name=\"twitter:data1\" content=\"1 minute\" \/>\n<script type=\"application\/ld+json\" class=\"yoast-schema-graph\">{\"@context\":\"https:\/\/schema.org\",\"@graph\":[{\"@type\":\"WebPage\",\"@id\":\"https:\/\/skaitytaknyga.lt\/produktas\/zanna-davidson-magiskieji-vienaragiai-vejo-burtai\/\",\"url\":\"https:\/\/skaitytaknyga.lt\/produktas\/zanna-davidson-magiskieji-vienaragiai-vejo-burtai\/\",\"name\":\"Zanna Davidson \u201eMagi\u0161kieji vienaragiai. V\u0117jo burtai\u201c\",\"isPartOf\":{\"@id\":\"https:\/\/skaitytaknyga.lt\/#website\"},\"primaryImageOfPage\":{\"@id\":\"https:\/\/skaitytaknyga.lt\/produktas\/zanna-davidson-magiskieji-vienaragiai-vejo-burtai\/#primaryimage\"},\"image\":{\"@id\":\"https:\/\/skaitytaknyga.lt\/produktas\/zanna-davidson-magiskieji-vienaragiai-vejo-burtai\/#primaryimage\"},\"thumbnailUrl\":\"https:\/\/skaitytaknyga.lt\/wp-content\/uploads\/2024\/09\/Magiskieji-vienaragiai.-Vejo-burtai.webp\",\"datePublished\":\"2024-09-09T08:13:25+00:00\",\"dateModified\":\"2024-09-09T08:40:56+00:00\",\"description\":\"Vien\u0105 dien\u0105 mergaitei Zojai nutiko ne\u012ftik\u0117tinas dalykas. Ji surado keli\u0105 \u012f... stebukling\u0173 vienaragi\u0173 pasaul\u012f, kur susidraugavo su Astra \u2013 nuostabaus\",\"breadcrumb\":{\"@id\":\"https:\/\/skaitytaknyga.lt\/produktas\/zanna-davidson-magiskieji-vienaragiai-vejo-burtai\/#breadcrumb\"},\"inLanguage\":\"en-GB\",\"potentialAction\":[{\"@type\":\"ReadAction\",\"target\":[\"https:\/\/skaitytaknyga.lt\/produktas\/zanna-davidson-magiskieji-vienaragiai-vejo-burtai\/\"]}]},{\"@type\":\"ImageObject\",\"inLanguage\":\"en-GB\",\"@id\":\"https:\/\/skaitytaknyga.lt\/produktas\/zanna-davidson-magiskieji-vienaragiai-vejo-burtai\/#primaryimage\",\"url\":\"https:\/\/skaitytaknyga.lt\/wp-content\/uploads\/2024\/09\/Magiskieji-vienaragiai.-Vejo-burtai.webp\",\"contentUrl\":\"https:\/\/skaitytaknyga.lt\/wp-content\/uploads\/2024\/09\/Magiskieji-vienaragiai.-Vejo-burtai.webp\",\"width\":533,\"height\":800,\"caption\":\"Zanna Davidson \u201eMagi\u0161kieji vienaragiai. V\u0117jo burtai\u201c\"},{\"@type\":\"BreadcrumbList\",\"@id\":\"https:\/\/skaitytaknyga.lt\/produktas\/zanna-davidson-magiskieji-vienaragiai-vejo-burtai\/#breadcrumb\",\"itemListElement\":[{\"@type\":\"ListItem\",\"position\":1,\"name\":\"Home\",\"item\":\"https:\/\/skaitytaknyga.lt\/\"},{\"@type\":\"ListItem\",\"position\":2,\"name\":\"Parduotuv\u0117\",\"item\":\"https:\/\/skaitytaknyga.lt\/knygu-parduotuve\/\"},{\"@type\":\"ListItem\",\"position\":3,\"name\":\"Zanna Davidson \u201eMagi\u0161kieji vienaragiai. V\u0117jo burtai\u201c\"}]},{\"@type\":\"WebSite\",\"@id\":\"https:\/\/skaitytaknyga.lt\/#website\",\"url\":\"https:\/\/skaitytaknyga.lt\/\",\"name\":\"skaitytaknyga.lt\",\"description\":\"Skaitytaknyga.lt \u2013 tai ma\u017eas \u0161eimos verslas, kuris prasid\u0117jo nuo meil\u0117s knygoms ir siekio i\u0161gelb\u0117ti knygas nuo likimo prie konteinerio. Kas vienam nereikalingas daiktas \u2013 kitam lobis, o mes esame tarpininkai, kurie padeda abiems tapti laimingesniems ???? \u017dinome kaip nelengva i\u0161gyventi ma\u017eiems verslams, tad nuo \u0161iol, \u010dia rasite ir kit\u0173, ma\u017e\u0173 \u0161eim\u0173 versl\u0173, rank\u0173 darbo, dovan\u0173 sau ir artimiesiems.\",\"publisher\":{\"@id\":\"https:\/\/skaitytaknyga.lt\/#organization\"},\"potentialAction\":[{\"@type\":\"SearchAction\",\"target\":{\"@type\":\"EntryPoint\",\"urlTemplate\":\"https:\/\/skaitytaknyga.lt\/?s={search_term_string}\"},\"query-input\":{\"@type\":\"PropertyValueSpecification\",\"valueRequired\":true,\"valueName\":\"search_term_string\"}}],\"inLanguage\":\"en-GB\"},{\"@type\":\"Organization\",\"@id\":\"https:\/\/skaitytaknyga.lt\/#organization\",\"name\":\"skaitytaknyga.lt\",\"url\":\"https:\/\/skaitytaknyga.lt\/\",\"logo\":{\"@type\":\"ImageObject\",\"inLanguage\":\"en-GB\",\"@id\":\"https:\/\/skaitytaknyga.lt\/#\/schema\/logo\/image\/\",\"url\":\"https:\/\/skaitytaknyga.lt\/wp-content\/uploads\/2024\/05\/cropped-cropped-cropped-02_00843_jt3bggkj1j3HLc7SyY6rEUpg.jpeg\",\"contentUrl\":\"https:\/\/skaitytaknyga.lt\/wp-content\/uploads\/2024\/05\/cropped-cropped-cropped-02_00843_jt3bggkj1j3HLc7SyY6rEUpg.jpeg\",\"width\":1600,\"height\":1600,\"caption\":\"skaitytaknyga.lt\"},\"image\":{\"@id\":\"https:\/\/skaitytaknyga.lt\/#\/schema\/logo\/image\/\"},\"sameAs\":[\"https:\/\/www.facebook.com\/skaitytaknyga\/\"]}]}<\/script>\n<!-- \/ Yoast SEO plugin. -->","yoast_head_json":{"title":"Zanna Davidson \u201eMagi\u0161kieji vienaragiai. V\u0117jo burtai\u201c","description":"Vien\u0105 dien\u0105 mergaitei Zojai nutiko ne\u012ftik\u0117tinas dalykas. Ji surado keli\u0105 \u012f... stebukling\u0173 vienaragi\u0173 pasaul\u012f, kur susidraugavo su Astra \u2013 nuostabaus","robots":{"index":"index","follow":"follow","max-snippet":"max-snippet:-1","max-image-preview":"max-image-preview:large","max-video-preview":"max-video-preview:-1"},"canonical":"https:\/\/skaitytaknyga.lt\/en\/produktas\/zanna-davidson-magiskieji-vienaragiai-vejo-burtai\/","og_locale":"en_GB","og_type":"article","og_title":"[:lt]Zanna Davidson \u201eMagi\u0161kieji vienaragiai. V\u0117jo burtai\u201c[:] - Skaitytaknyga","og_description":"Vien\u0105 dien\u0105 mergaitei Zojai nutiko ne\u012ftik\u0117tinas dalykas. Ji surado keli\u0105 \u012f... stebukling\u0173 vienaragi\u0173 pasaul\u012f, kur susidraugavo su Astra \u2013 nuostabaus","og_url":"https:\/\/skaitytaknyga.lt\/en\/produktas\/zanna-davidson-magiskieji-vienaragiai-vejo-burtai\/","og_site_name":"Skaitytaknyga","article_publisher":"https:\/\/www.facebook.com\/skaitytaknyga\/","article_modified_time":"2024-09-09T08:40:56+00:00","og_image":[{"width":533,"height":800,"url":"https:\/\/skaitytaknyga.lt\/wp-content\/uploads\/2024\/09\/Magiskieji-vienaragiai.-Vejo-burtai.webp","type":"image\/webp"}],"twitter_card":"summary_large_image","twitter_misc":{"Estimated reading time":"1 minute"},"schema":{"@context":"https:\/\/schema.org","@graph":[{"@type":"WebPage","@id":"https:\/\/skaitytaknyga.lt\/produktas\/zanna-davidson-magiskieji-vienaragiai-vejo-burtai\/","url":"https:\/\/skaitytaknyga.lt\/produktas\/zanna-davidson-magiskieji-vienaragiai-vejo-burtai\/","name":"Zanna Davidson \u201eMagi\u0161kieji vienaragiai. V\u0117jo burtai\u201c","isPartOf":{"@id":"https:\/\/skaitytaknyga.lt\/#website"},"primaryImageOfPage":{"@id":"https:\/\/skaitytaknyga.lt\/produktas\/zanna-davidson-magiskieji-vienaragiai-vejo-burtai\/#primaryimage"},"image":{"@id":"https:\/\/skaitytaknyga.lt\/produktas\/zanna-davidson-magiskieji-vienaragiai-vejo-burtai\/#primaryimage"},"thumbnailUrl":"https:\/\/skaitytaknyga.lt\/wp-content\/uploads\/2024\/09\/Magiskieji-vienaragiai.-Vejo-burtai.webp","datePublished":"2024-09-09T08:13:25+00:00","dateModified":"2024-09-09T08:40:56+00:00","description":"Vien\u0105 dien\u0105 mergaitei Zojai nutiko ne\u012ftik\u0117tinas dalykas. Ji surado keli\u0105 \u012f... stebukling\u0173 vienaragi\u0173 pasaul\u012f, kur susidraugavo su Astra \u2013 nuostabaus","breadcrumb":{"@id":"https:\/\/skaitytaknyga.lt\/produktas\/zanna-davidson-magiskieji-vienaragiai-vejo-burtai\/#breadcrumb"},"inLanguage":"en-GB","potentialAction":[{"@type":"ReadAction","target":["https:\/\/skaitytaknyga.lt\/produktas\/zanna-davidson-magiskieji-vienaragiai-vejo-burtai\/"]}]},{"@type":"ImageObject","inLanguage":"en-GB","@id":"https:\/\/skaitytaknyga.lt\/produktas\/zanna-davidson-magiskieji-vienaragiai-vejo-burtai\/#primaryimage","url":"https:\/\/skaitytaknyga.lt\/wp-content\/uploads\/2024\/09\/Magiskieji-vienaragiai.-Vejo-burtai.webp","contentUrl":"https:\/\/skaitytaknyga.lt\/wp-content\/uploads\/2024\/09\/Magiskieji-vienaragiai.-Vejo-burtai.webp","width":533,"height":800,"caption":"Zanna Davidson \u201eMagi\u0161kieji vienaragiai. V\u0117jo burtai\u201c"},{"@type":"BreadcrumbList","@id":"https:\/\/skaitytaknyga.lt\/produktas\/zanna-davidson-magiskieji-vienaragiai-vejo-burtai\/#breadcrumb","itemListElement":[{"@type":"ListItem","position":1,"name":"Home","item":"https:\/\/skaitytaknyga.lt\/"},{"@type":"ListItem","position":2,"name":"Parduotuv\u0117","item":"https:\/\/skaitytaknyga.lt\/knygu-parduotuve\/"},{"@type":"ListItem","position":3,"name":"Zanna Davidson \u201eMagi\u0161kieji vienaragiai. V\u0117jo burtai\u201c"}]},{"@type":"WebSite","@id":"https:\/\/skaitytaknyga.lt\/#website","url":"https:\/\/skaitytaknyga.lt\/","name":"skaitytaknyga.lt","description":"Skaitytaknyga.lt \u2013 tai ma\u017eas \u0161eimos verslas, kuris prasid\u0117jo nuo meil\u0117s knygoms ir siekio i\u0161gelb\u0117ti knygas nuo likimo prie konteinerio. Kas vienam nereikalingas daiktas \u2013 kitam lobis, o mes esame tarpininkai, kurie padeda abiems tapti laimingesniems ???? \u017dinome kaip nelengva i\u0161gyventi ma\u017eiems verslams, tad nuo \u0161iol, \u010dia rasite ir kit\u0173, ma\u017e\u0173 \u0161eim\u0173 versl\u0173, rank\u0173 darbo, dovan\u0173 sau ir artimiesiems.","publisher":{"@id":"https:\/\/skaitytaknyga.lt\/#organization"},"potentialAction":[{"@type":"SearchAction","target":{"@type":"EntryPoint","urlTemplate":"https:\/\/skaitytaknyga.lt\/?s={search_term_string}"},"query-input":{"@type":"PropertyValueSpecification","valueRequired":true,"valueName":"search_term_string"}}],"inLanguage":"en-GB"},{"@type":"Organization","@id":"https:\/\/skaitytaknyga.lt\/#organization","name":"skaitytaknyga.lt","url":"https:\/\/skaitytaknyga.lt\/","logo":{"@type":"ImageObject","inLanguage":"en-GB","@id":"https:\/\/skaitytaknyga.lt\/#\/schema\/logo\/image\/","url":"https:\/\/skaitytaknyga.lt\/wp-content\/uploads\/2024\/05\/cropped-cropped-cropped-02_00843_jt3bggkj1j3HLc7SyY6rEUpg.jpeg","contentUrl":"https:\/\/skaitytaknyga.lt\/wp-content\/uploads\/2024\/05\/cropped-cropped-cropped-02_00843_jt3bggkj1j3HLc7SyY6rEUpg.jpeg","width":1600,"height":1600,"caption":"skaitytaknyga.lt"},"image":{"@id":"https:\/\/skaitytaknyga.lt\/#\/schema\/logo\/image\/"},"sameAs":["https:\/\/www.facebook.com\/skaitytaknyga\/"]}]}},"_links":{"self":[{"href":"https:\/\/skaitytaknyga.lt\/en\/wp-json\/wp\/v2\/product\/13759","targetHints":{"allow":["GET"]}}],"collection":[{"href":"https:\/\/skaitytaknyga.lt\/en\/wp-json\/wp\/v2\/product"}],"about":[{"href":"https:\/\/skaitytaknyga.lt\/en\/wp-json\/wp\/v2\/types\/product"}],"replies":[{"embeddable":true,"href":"https:\/\/skaitytaknyga.lt\/en\/wp-json\/wp\/v2\/comments?post=13759"}],"wp:featuredmedia":[{"embeddable":true,"href":"https:\/\/skaitytaknyga.lt\/en\/wp-json\/wp\/v2\/media\/13762"}],"wp:attachment":[{"href":"https:\/\/skaitytaknyga.lt\/en\/wp-json\/wp\/v2\/media?parent=13759"}],"wp:term":[{"taxonomy":"product_brand","embeddable":true,"href":"https:\/\/skaitytaknyga.lt\/en\/wp-json\/wp\/v2\/product_brand?post=13759"},{"taxonomy":"product_cat","embeddable":true,"href":"https:\/\/skaitytaknyga.lt\/en\/wp-json\/wp\/v2\/product_cat?post=13759"},{"taxonomy":"product_tag","embeddable":true,"href":"https:\/\/skaitytaknyga.lt\/en\/wp-json\/wp\/v2\/product_tag?post=13759"}],"curies":[{"name":"wp","href":"https:\/\/api.w.org\/{rel}","templated":true}]}}