{"id":13758,"date":"2024-09-09T11:13:25","date_gmt":"2024-09-09T08:13:25","guid":{"rendered":"https:\/\/skaitytaknyga.lt\/?post_type=product&#038;p=13758"},"modified":"2024-09-09T11:40:20","modified_gmt":"2024-09-09T08:40:20","slug":"zanna-davidson-magiskieji-vienaragiai-stebuklu-miskas","status":"publish","type":"product","link":"https:\/\/skaitytaknyga.lt\/en\/produktas\/zanna-davidson-magiskieji-vienaragiai-stebuklu-miskas\/","title":{"rendered":"Zanna Davidson \u201eMagi\u0161kieji vienaragiai. Stebukl\u0173 mi\u0161kas\u201c"},"content":{"rendered":"<p>Ar \u017einai, kur gyvena stebuklingi vienaragiai?<\/p>\n<p>Ne\u017einai? Jei nori su\u017einoti \u2013 sek paskui mergait\u0119, vardu Zoja. Jai nutiko ne\u012ftik\u0117tinas dalykas: vien\u0105 nakt\u012f ji surado keli\u0105&#8230; \u012f f\u0117j\u0173 vienaragi\u0173 pasaul\u012f! O dar ten ji susidraugavo su Astra \u2013 nuostabaus gro\u017eio balta vienarage su spindin\u010diomis sidabrin\u0117mis \u017evaig\u017ed\u0117mis ant viso k\u016bno. Ta\u010diau pasirodo, kad vaivoryk\u0161t\u0117s spalvomis \u017eiban\u010diai stebuklingai Vienaragi\u0173 Salai gresia baisus pavojus.<\/p>\n<p>Mir\u0161ta nuostabieji med\u017eiai, apsaugantys sal\u0105 nuo vis\u0173 nelaimi\u0173&#8230; Sala \u017e\u016bsta! Zoja ir Astra leid\u017eiasi \u012f kelion\u0119, kad \u012fsp\u0117t\u0173 vienaragi\u0173 karali\u0173 apie pavoj\u0173. Ta\u010diau pasirodo, kad j\u012f \u012f nelaisv\u0119 pagrob\u0117 tamsos valdovas \u0160e\u0161\u0117lis! Ar sugeb\u0117s mergait\u0117 ir vienarag\u0117 i\u0161gelb\u0117ti magi\u0161k\u0105sias b\u016btybes ir vis\u0105 j\u0173 sal\u0105, kol dar ne v\u0117lu?<\/p>\n<p>Grei\u010diau leiskis \u012f kelion\u0119 ir su\u017einok, kuo viskas baig\u0117si!<\/p>\n<ul class=\"about-product d-none d-xl-block mt-4\">\n<li><strong>Originalus pavadinimas:<\/strong>\u00a0Fairy unicorns: magic forest<\/li>\n<li><strong>Autorius:<\/strong>\u00a0Zanna Davidson<\/li>\n<li><strong>Leid\u0117jas:<\/strong>\u00a0Tyto alba<\/li>\n<li><strong>Metai:<\/strong>\u00a02018<\/li>\n<li><strong>Puslapiai:<\/strong>\u00a0112<\/li>\n<li><strong>ISBN:<\/strong>\u00a09786094662850<\/li>\n<li><strong>Versijos kodas:<\/strong>\u00a0PT.<\/li>\n<li><strong>Formatas:<\/strong>\u00a013,3 x 20,6 x 1,2 cm, kieti vir\u0161eliai<\/li>\n<li><strong>Kalba:<\/strong>\u00a0Lietuvi\u0173<\/li>\n<li><strong>Vert\u0117jas:<\/strong>\u00a0Vytautas Varanius<\/li>\n<\/ul>\n","protected":false},"excerpt":{"rendered":"<p>Ar \u017einai, kur gyvena stebuklingi vienaragiai? Ne\u017einai? Jei nori su\u017einoti \u2013 sek paskui mergait\u0119, vardu Zoja. Jai nutiko ne\u012ftik\u0117tinas dalykas: vien\u0105 nakt\u012f ji surado keli\u0105&#8230; \u012f f\u0117j\u0173 vienaragi\u0173 pasaul\u012f! O dar ten ji susidraugavo su Astra \u2013 nuostabaus gro\u017eio balta vienarage su spindin\u010diomis sidabrin\u0117mis \u017evaig\u017ed\u0117mis ant viso k\u016bno. Ta\u010diau pasirodo, kad vaivoryk\u0161t\u0117s spalvomis \u017eiban\u010diai stebuklingai Vienaragi\u0173 Salai gresia baisus pavojus. Mir\u0161ta nuostabieji med\u017eiai, apsaugantys sal\u0105 nuo vis\u0173 nelaimi\u0173&#8230; Sala \u017e\u016bsta! Zoja ir Astra leid\u017eiasi \u012f kelion\u0119, kad \u012fsp\u0117t\u0173 vienaragi\u0173 karali\u0173 apie pavoj\u0173. Ta\u010diau pasirodo, kad j\u012f \u012f nelaisv\u0119 pagrob\u0117 tamsos valdovas \u0160e\u0161\u0117lis! Ar sugeb\u0117s mergait\u0117 ir vienarag\u0117 i\u0161gelb\u0117ti magi\u0161k\u0105sias b\u016btybes ir vis\u0105 j\u0173 sal\u0105, kol dar ne v\u0117lu? Grei\u010diau leiskis \u012f kelion\u0119 ir su\u017einok, kuo viskas baig\u0117si! Originalus pavadinimas:\u00a0Fairy unicorns: magic forest Autorius:\u00a0Zanna Davidson Leid\u0117jas:\u00a0Tyto alba Metai:\u00a02018 Puslapiai:\u00a0112 ISBN:\u00a09786094662850 Versijos kodas:\u00a0PT. Formatas:\u00a013,3 x 20,6 x 1,2 cm, kieti vir\u0161eliai Kalba:\u00a0Lietuvi\u0173 Vert\u0117jas:\u00a0Vytautas Varanius<\/p>\n","protected":false},"featured_media":13763,"comment_status":"open","ping_status":"closed","template":"","meta":{"_acf_changed":false,"site-sidebar-layout":"default","site-content-layout":"","ast-site-content-layout":"default","site-content-style":"default","site-sidebar-style":"default","ast-global-header-display":"","ast-banner-title-visibility":"","ast-main-header-display":"","ast-hfb-above-header-display":"","ast-hfb-below-header-display":"","ast-hfb-mobile-header-display":"","site-post-title":"","ast-breadcrumbs-content":"","ast-featured-img":"","footer-sml-layout":"","ast-disable-related-posts":"","theme-transparent-header-meta":"default","adv-header-id-meta":"","stick-header-meta":"","header-above-stick-meta":"","header-main-stick-meta":"","header-below-stick-meta":"","astra-migrate-meta-layouts":"set","ast-page-background-enabled":"default","ast-page-background-meta":{"desktop":{"background-color":"","background-image":"","background-repeat":"repeat","background-position":"center center","background-size":"auto","background-attachment":"scroll","background-type":"","background-media":"","overlay-type":"","overlay-color":"","overlay-opacity":"","overlay-gradient":""},"tablet":{"background-color":"","background-image":"","background-repeat":"repeat","background-position":"center center","background-size":"auto","background-attachment":"scroll","background-type":"","background-media":"","overlay-type":"","overlay-color":"","overlay-opacity":"","overlay-gradient":""},"mobile":{"background-color":"","background-image":"","background-repeat":"repeat","background-position":"center center","background-size":"auto","background-attachment":"scroll","background-type":"","background-media":"","overlay-type":"","overlay-color":"","overlay-opacity":"","overlay-gradient":""}},"ast-content-background-meta":{"desktop":{"background-color":"var(--ast-global-color-4)","background-image":"","background-repeat":"repeat","background-position":"center center","background-size":"auto","background-attachment":"scroll","background-type":"","background-media":"","overlay-type":"","overlay-color":"","overlay-opacity":"","overlay-gradient":""},"tablet":{"background-color":"var(--ast-global-color-4)","background-image":"","background-repeat":"repeat","background-position":"center center","background-size":"auto","background-attachment":"scroll","background-type":"","background-media":"","overlay-type":"","overlay-color":"","overlay-opacity":"","overlay-gradient":""},"mobile":{"background-color":"var(--ast-global-color-4)","background-image":"","background-repeat":"repeat","background-position":"center center","background-size":"auto","background-attachment":"scroll","background-type":"","background-media":"","overlay-type":"","overlay-color":"","overlay-opacity":"","overlay-gradient":""}}},"product_brand":[],"product_cat":[15,35],"product_tag":[],"class_list":{"0":"post-13758","1":"product","2":"type-product","3":"status-publish","4":"has-post-thumbnail","6":"product_cat-uncategorized","7":"product_cat-vaikams-ir-paaugliams","8":"desktop-align-left","9":"tablet-align-left","10":"mobile-align-left","12":"first","13":"instock","14":"shipping-taxable","15":"purchasable","16":"product-type-simple"},"acf":[],"yoast_head":"<!-- This site is optimized with the Yoast SEO plugin v27.0 - https:\/\/yoast.com\/product\/yoast-seo-wordpress\/ -->\n<title>Zanna Davidson \u201eMagi\u0161kieji vienaragiai. Stebukl\u0173 mi\u0161kas\u201c<\/title>\n<meta name=\"description\" content=\"Ar \u017einai, kur gyvena stebuklingi vienaragiai? Ne\u017einai? Jei nori su\u017einoti \u2013 sek paskui mergait\u0119, vardu Zoja. Jai nutiko ne\u012ftik\u0117tinas dalykas: vien\u0105 nakt\u012f\" \/>\n<meta name=\"robots\" content=\"index, follow, max-snippet:-1, max-image-preview:large, max-video-preview:-1\" \/>\n<link rel=\"canonical\" href=\"https:\/\/skaitytaknyga.lt\/en\/produktas\/zanna-davidson-magiskieji-vienaragiai-stebuklu-miskas\/\" \/>\n<meta property=\"og:locale\" content=\"en_GB\" \/>\n<meta property=\"og:locale:alternate\" content=\"lt_LT\" \/>\n<meta property=\"og:type\" content=\"article\" \/>\n<meta property=\"og:title\" content=\"Zanna Davidson \u201eMagi\u0161kieji vienaragiai. Stebukl\u0173 mi\u0161kas\u201c\" \/>\n<meta property=\"og:description\" content=\"Ar \u017einai, kur gyvena stebuklingi vienaragiai? Ne\u017einai? Jei nori su\u017einoti \u2013 sek paskui mergait\u0119, vardu Zoja. Jai nutiko ne\u012ftik\u0117tinas dalykas: vien\u0105 nakt\u012f\" \/>\n<meta property=\"og:url\" content=\"https:\/\/skaitytaknyga.lt\/en\/produktas\/zanna-davidson-magiskieji-vienaragiai-stebuklu-miskas\/\" \/>\n<meta property=\"og:site_name\" content=\"Skaitytaknyga\" \/>\n<meta property=\"article:publisher\" content=\"https:\/\/www.facebook.com\/skaitytaknyga\/\" \/>\n<meta property=\"article:modified_time\" content=\"2024-09-09T08:40:20+00:00\" \/>\n<meta property=\"og:image\" content=\"https:\/\/skaitytaknyga.lt\/wp-content\/uploads\/2024\/09\/Magiskieji-vienaragiai.-Stebuklu-miskas.webp\" \/>\n\t<meta property=\"og:image:width\" content=\"533\" \/>\n\t<meta property=\"og:image:height\" content=\"800\" \/>\n\t<meta property=\"og:image:type\" content=\"image\/webp\" \/>\n<meta name=\"twitter:card\" content=\"summary_large_image\" \/>\n<meta name=\"twitter:label1\" content=\"Estimated reading time\" \/>\n\t<meta name=\"twitter:data1\" content=\"2 minutes\" \/>\n<script type=\"application\/ld+json\" class=\"yoast-schema-graph\">{\"@context\":\"https:\/\/schema.org\",\"@graph\":[{\"@type\":\"WebPage\",\"@id\":\"https:\/\/skaitytaknyga.lt\/produktas\/zanna-davidson-magiskieji-vienaragiai-stebuklu-miskas\/\",\"url\":\"https:\/\/skaitytaknyga.lt\/produktas\/zanna-davidson-magiskieji-vienaragiai-stebuklu-miskas\/\",\"name\":\"Zanna Davidson \u201eMagi\u0161kieji vienaragiai. Stebukl\u0173 mi\u0161kas\u201c\",\"isPartOf\":{\"@id\":\"https:\/\/skaitytaknyga.lt\/#website\"},\"primaryImageOfPage\":{\"@id\":\"https:\/\/skaitytaknyga.lt\/produktas\/zanna-davidson-magiskieji-vienaragiai-stebuklu-miskas\/#primaryimage\"},\"image\":{\"@id\":\"https:\/\/skaitytaknyga.lt\/produktas\/zanna-davidson-magiskieji-vienaragiai-stebuklu-miskas\/#primaryimage\"},\"thumbnailUrl\":\"https:\/\/skaitytaknyga.lt\/wp-content\/uploads\/2024\/09\/Magiskieji-vienaragiai.-Stebuklu-miskas.webp\",\"datePublished\":\"2024-09-09T08:13:25+00:00\",\"dateModified\":\"2024-09-09T08:40:20+00:00\",\"description\":\"Ar \u017einai, kur gyvena stebuklingi vienaragiai? Ne\u017einai? Jei nori su\u017einoti \u2013 sek paskui mergait\u0119, vardu Zoja. Jai nutiko ne\u012ftik\u0117tinas dalykas: vien\u0105 nakt\u012f\",\"breadcrumb\":{\"@id\":\"https:\/\/skaitytaknyga.lt\/produktas\/zanna-davidson-magiskieji-vienaragiai-stebuklu-miskas\/#breadcrumb\"},\"inLanguage\":\"en-GB\",\"potentialAction\":[{\"@type\":\"ReadAction\",\"target\":[\"https:\/\/skaitytaknyga.lt\/produktas\/zanna-davidson-magiskieji-vienaragiai-stebuklu-miskas\/\"]}]},{\"@type\":\"ImageObject\",\"inLanguage\":\"en-GB\",\"@id\":\"https:\/\/skaitytaknyga.lt\/produktas\/zanna-davidson-magiskieji-vienaragiai-stebuklu-miskas\/#primaryimage\",\"url\":\"https:\/\/skaitytaknyga.lt\/wp-content\/uploads\/2024\/09\/Magiskieji-vienaragiai.-Stebuklu-miskas.webp\",\"contentUrl\":\"https:\/\/skaitytaknyga.lt\/wp-content\/uploads\/2024\/09\/Magiskieji-vienaragiai.-Stebuklu-miskas.webp\",\"width\":533,\"height\":800,\"caption\":\"Magi\u0161kieji vienaragiai. Stebukl\u0173 mi\u0161kas\"},{\"@type\":\"BreadcrumbList\",\"@id\":\"https:\/\/skaitytaknyga.lt\/produktas\/zanna-davidson-magiskieji-vienaragiai-stebuklu-miskas\/#breadcrumb\",\"itemListElement\":[{\"@type\":\"ListItem\",\"position\":1,\"name\":\"Home\",\"item\":\"https:\/\/skaitytaknyga.lt\/\"},{\"@type\":\"ListItem\",\"position\":2,\"name\":\"Parduotuv\u0117\",\"item\":\"https:\/\/skaitytaknyga.lt\/knygu-parduotuve\/\"},{\"@type\":\"ListItem\",\"position\":3,\"name\":\"Zanna Davidson \u201eMagi\u0161kieji vienaragiai. Stebukl\u0173 mi\u0161kas\u201c\"}]},{\"@type\":\"WebSite\",\"@id\":\"https:\/\/skaitytaknyga.lt\/#website\",\"url\":\"https:\/\/skaitytaknyga.lt\/\",\"name\":\"skaitytaknyga.lt\",\"description\":\"Skaitytaknyga.lt \u2013 tai ma\u017eas \u0161eimos verslas, kuris prasid\u0117jo nuo meil\u0117s knygoms ir siekio i\u0161gelb\u0117ti knygas nuo likimo prie konteinerio. Kas vienam nereikalingas daiktas \u2013 kitam lobis, o mes esame tarpininkai, kurie padeda abiems tapti laimingesniems ???? \u017dinome kaip nelengva i\u0161gyventi ma\u017eiems verslams, tad nuo \u0161iol, \u010dia rasite ir kit\u0173, ma\u017e\u0173 \u0161eim\u0173 versl\u0173, rank\u0173 darbo, dovan\u0173 sau ir artimiesiems.\",\"publisher\":{\"@id\":\"https:\/\/skaitytaknyga.lt\/#organization\"},\"potentialAction\":[{\"@type\":\"SearchAction\",\"target\":{\"@type\":\"EntryPoint\",\"urlTemplate\":\"https:\/\/skaitytaknyga.lt\/?s={search_term_string}\"},\"query-input\":{\"@type\":\"PropertyValueSpecification\",\"valueRequired\":true,\"valueName\":\"search_term_string\"}}],\"inLanguage\":\"en-GB\"},{\"@type\":\"Organization\",\"@id\":\"https:\/\/skaitytaknyga.lt\/#organization\",\"name\":\"skaitytaknyga.lt\",\"url\":\"https:\/\/skaitytaknyga.lt\/\",\"logo\":{\"@type\":\"ImageObject\",\"inLanguage\":\"en-GB\",\"@id\":\"https:\/\/skaitytaknyga.lt\/#\/schema\/logo\/image\/\",\"url\":\"https:\/\/skaitytaknyga.lt\/wp-content\/uploads\/2024\/05\/cropped-cropped-cropped-02_00843_jt3bggkj1j3HLc7SyY6rEUpg.jpeg\",\"contentUrl\":\"https:\/\/skaitytaknyga.lt\/wp-content\/uploads\/2024\/05\/cropped-cropped-cropped-02_00843_jt3bggkj1j3HLc7SyY6rEUpg.jpeg\",\"width\":1600,\"height\":1600,\"caption\":\"skaitytaknyga.lt\"},\"image\":{\"@id\":\"https:\/\/skaitytaknyga.lt\/#\/schema\/logo\/image\/\"},\"sameAs\":[\"https:\/\/www.facebook.com\/skaitytaknyga\/\"]}]}<\/script>\n<!-- \/ Yoast SEO plugin. -->","yoast_head_json":{"title":"Zanna Davidson \u201eMagi\u0161kieji vienaragiai. Stebukl\u0173 mi\u0161kas\u201c","description":"Ar \u017einai, kur gyvena stebuklingi vienaragiai? Ne\u017einai? Jei nori su\u017einoti \u2013 sek paskui mergait\u0119, vardu Zoja. Jai nutiko ne\u012ftik\u0117tinas dalykas: vien\u0105 nakt\u012f","robots":{"index":"index","follow":"follow","max-snippet":"max-snippet:-1","max-image-preview":"max-image-preview:large","max-video-preview":"max-video-preview:-1"},"canonical":"https:\/\/skaitytaknyga.lt\/en\/produktas\/zanna-davidson-magiskieji-vienaragiai-stebuklu-miskas\/","og_locale":"en_GB","og_type":"article","og_title":"[:lt]Zanna Davidson \u201eMagi\u0161kieji vienaragiai. Stebukl\u0173 mi\u0161kas\u201c[:] - Skaitytaknyga","og_description":"Ar \u017einai, kur gyvena stebuklingi vienaragiai? Ne\u017einai? Jei nori su\u017einoti \u2013 sek paskui mergait\u0119, vardu Zoja. Jai nutiko ne\u012ftik\u0117tinas dalykas: vien\u0105 nakt\u012f","og_url":"https:\/\/skaitytaknyga.lt\/en\/produktas\/zanna-davidson-magiskieji-vienaragiai-stebuklu-miskas\/","og_site_name":"Skaitytaknyga","article_publisher":"https:\/\/www.facebook.com\/skaitytaknyga\/","article_modified_time":"2024-09-09T08:40:20+00:00","og_image":[{"width":533,"height":800,"url":"https:\/\/skaitytaknyga.lt\/wp-content\/uploads\/2024\/09\/Magiskieji-vienaragiai.-Stebuklu-miskas.webp","type":"image\/webp"}],"twitter_card":"summary_large_image","twitter_misc":{"Estimated reading time":"2 minutes"},"schema":{"@context":"https:\/\/schema.org","@graph":[{"@type":"WebPage","@id":"https:\/\/skaitytaknyga.lt\/produktas\/zanna-davidson-magiskieji-vienaragiai-stebuklu-miskas\/","url":"https:\/\/skaitytaknyga.lt\/produktas\/zanna-davidson-magiskieji-vienaragiai-stebuklu-miskas\/","name":"Zanna Davidson \u201eMagi\u0161kieji vienaragiai. Stebukl\u0173 mi\u0161kas\u201c","isPartOf":{"@id":"https:\/\/skaitytaknyga.lt\/#website"},"primaryImageOfPage":{"@id":"https:\/\/skaitytaknyga.lt\/produktas\/zanna-davidson-magiskieji-vienaragiai-stebuklu-miskas\/#primaryimage"},"image":{"@id":"https:\/\/skaitytaknyga.lt\/produktas\/zanna-davidson-magiskieji-vienaragiai-stebuklu-miskas\/#primaryimage"},"thumbnailUrl":"https:\/\/skaitytaknyga.lt\/wp-content\/uploads\/2024\/09\/Magiskieji-vienaragiai.-Stebuklu-miskas.webp","datePublished":"2024-09-09T08:13:25+00:00","dateModified":"2024-09-09T08:40:20+00:00","description":"Ar \u017einai, kur gyvena stebuklingi vienaragiai? Ne\u017einai? Jei nori su\u017einoti \u2013 sek paskui mergait\u0119, vardu Zoja. Jai nutiko ne\u012ftik\u0117tinas dalykas: vien\u0105 nakt\u012f","breadcrumb":{"@id":"https:\/\/skaitytaknyga.lt\/produktas\/zanna-davidson-magiskieji-vienaragiai-stebuklu-miskas\/#breadcrumb"},"inLanguage":"en-GB","potentialAction":[{"@type":"ReadAction","target":["https:\/\/skaitytaknyga.lt\/produktas\/zanna-davidson-magiskieji-vienaragiai-stebuklu-miskas\/"]}]},{"@type":"ImageObject","inLanguage":"en-GB","@id":"https:\/\/skaitytaknyga.lt\/produktas\/zanna-davidson-magiskieji-vienaragiai-stebuklu-miskas\/#primaryimage","url":"https:\/\/skaitytaknyga.lt\/wp-content\/uploads\/2024\/09\/Magiskieji-vienaragiai.-Stebuklu-miskas.webp","contentUrl":"https:\/\/skaitytaknyga.lt\/wp-content\/uploads\/2024\/09\/Magiskieji-vienaragiai.-Stebuklu-miskas.webp","width":533,"height":800,"caption":"Magi\u0161kieji vienaragiai. Stebukl\u0173 mi\u0161kas"},{"@type":"BreadcrumbList","@id":"https:\/\/skaitytaknyga.lt\/produktas\/zanna-davidson-magiskieji-vienaragiai-stebuklu-miskas\/#breadcrumb","itemListElement":[{"@type":"ListItem","position":1,"name":"Home","item":"https:\/\/skaitytaknyga.lt\/"},{"@type":"ListItem","position":2,"name":"Parduotuv\u0117","item":"https:\/\/skaitytaknyga.lt\/knygu-parduotuve\/"},{"@type":"ListItem","position":3,"name":"Zanna Davidson \u201eMagi\u0161kieji vienaragiai. Stebukl\u0173 mi\u0161kas\u201c"}]},{"@type":"WebSite","@id":"https:\/\/skaitytaknyga.lt\/#website","url":"https:\/\/skaitytaknyga.lt\/","name":"skaitytaknyga.lt","description":"Skaitytaknyga.lt \u2013 tai ma\u017eas \u0161eimos verslas, kuris prasid\u0117jo nuo meil\u0117s knygoms ir siekio i\u0161gelb\u0117ti knygas nuo likimo prie konteinerio. Kas vienam nereikalingas daiktas \u2013 kitam lobis, o mes esame tarpininkai, kurie padeda abiems tapti laimingesniems ???? \u017dinome kaip nelengva i\u0161gyventi ma\u017eiems verslams, tad nuo \u0161iol, \u010dia rasite ir kit\u0173, ma\u017e\u0173 \u0161eim\u0173 versl\u0173, rank\u0173 darbo, dovan\u0173 sau ir artimiesiems.","publisher":{"@id":"https:\/\/skaitytaknyga.lt\/#organization"},"potentialAction":[{"@type":"SearchAction","target":{"@type":"EntryPoint","urlTemplate":"https:\/\/skaitytaknyga.lt\/?s={search_term_string}"},"query-input":{"@type":"PropertyValueSpecification","valueRequired":true,"valueName":"search_term_string"}}],"inLanguage":"en-GB"},{"@type":"Organization","@id":"https:\/\/skaitytaknyga.lt\/#organization","name":"skaitytaknyga.lt","url":"https:\/\/skaitytaknyga.lt\/","logo":{"@type":"ImageObject","inLanguage":"en-GB","@id":"https:\/\/skaitytaknyga.lt\/#\/schema\/logo\/image\/","url":"https:\/\/skaitytaknyga.lt\/wp-content\/uploads\/2024\/05\/cropped-cropped-cropped-02_00843_jt3bggkj1j3HLc7SyY6rEUpg.jpeg","contentUrl":"https:\/\/skaitytaknyga.lt\/wp-content\/uploads\/2024\/05\/cropped-cropped-cropped-02_00843_jt3bggkj1j3HLc7SyY6rEUpg.jpeg","width":1600,"height":1600,"caption":"skaitytaknyga.lt"},"image":{"@id":"https:\/\/skaitytaknyga.lt\/#\/schema\/logo\/image\/"},"sameAs":["https:\/\/www.facebook.com\/skaitytaknyga\/"]}]}},"_links":{"self":[{"href":"https:\/\/skaitytaknyga.lt\/en\/wp-json\/wp\/v2\/product\/13758","targetHints":{"allow":["GET"]}}],"collection":[{"href":"https:\/\/skaitytaknyga.lt\/en\/wp-json\/wp\/v2\/product"}],"about":[{"href":"https:\/\/skaitytaknyga.lt\/en\/wp-json\/wp\/v2\/types\/product"}],"replies":[{"embeddable":true,"href":"https:\/\/skaitytaknyga.lt\/en\/wp-json\/wp\/v2\/comments?post=13758"}],"wp:featuredmedia":[{"embeddable":true,"href":"https:\/\/skaitytaknyga.lt\/en\/wp-json\/wp\/v2\/media\/13763"}],"wp:attachment":[{"href":"https:\/\/skaitytaknyga.lt\/en\/wp-json\/wp\/v2\/media?parent=13758"}],"wp:term":[{"taxonomy":"product_brand","embeddable":true,"href":"https:\/\/skaitytaknyga.lt\/en\/wp-json\/wp\/v2\/product_brand?post=13758"},{"taxonomy":"product_cat","embeddable":true,"href":"https:\/\/skaitytaknyga.lt\/en\/wp-json\/wp\/v2\/product_cat?post=13758"},{"taxonomy":"product_tag","embeddable":true,"href":"https:\/\/skaitytaknyga.lt\/en\/wp-json\/wp\/v2\/product_tag?post=13758"}],"curies":[{"name":"wp","href":"https:\/\/api.w.org\/{rel}","templated":true}]}}