{"id":13757,"date":"2024-09-09T11:13:25","date_gmt":"2024-09-09T08:13:25","guid":{"rendered":"https:\/\/skaitytaknyga.lt\/?post_type=product&#038;p=13757"},"modified":"2024-09-09T11:42:59","modified_gmt":"2024-09-09T08:42:59","slug":"zanna-davidson-magiskieji-vienaragiai-seselio-kerai","status":"publish","type":"product","link":"https:\/\/skaitytaknyga.lt\/en\/produktas\/zanna-davidson-magiskieji-vienaragiai-seselio-kerai\/","title":{"rendered":"Zanna Davidson \u201eMagi\u0161kieji vienaragiai. \u0160e\u0161\u0117lio kerai\u201c"},"content":{"rendered":"<p>Mergait\u0117 Zoja \u2013 pati laimingiausia, nes ji \u017eino, kaip nukeliauti \u012f magi\u0161k\u0173j\u0173 vienaragi\u0173 sal\u0105. Ten jos visada laukia geriausia draug\u0117 Astra \u2013 gra\u017euol\u0117 balta vienarag\u0117 su spindin\u010diomis \u017evaig\u017ed\u0117mis ant kailiuko. Ta\u010diau \u0161\u012f kart\u0105 Astra atrodo ka\u017ekokia pasikeitusi&#8230; Kas jai nutiko? Zoja negali patik\u0117ti \u2013 geriausi\u0105 draug\u0119 u\u017eker\u0117jo \u0160e\u0161\u0117lis, piktasis ponis, siekiantis pasiglem\u017eti vienaragi\u0173 karaliaus sost\u0105. O juk laukia lemiama kova \u2013 vienaragiai ruo\u0161iasi \u0160e\u0161\u0117l\u012f sunaikinti kart\u0105 ir visiems laikams. Bet ar tikrai Astra per\u0117jo \u012f prie\u0161o pus\u0119? Su\u017einok visk\u0105 tuojau pat!<\/p>\n<ul class=\"about-product d-none d-xl-block mt-4\">\n<li><strong>Originalus pavadinimas:<\/strong>\u00a0Fairy unicorns: Star Spell<\/li>\n<li><strong>Autorius:<\/strong>\u00a0Zanna Davidson<\/li>\n<li><strong>Leid\u0117jas:<\/strong>\u00a0Tyto alba<\/li>\n<li><strong>Metai:<\/strong>\u00a02019<\/li>\n<li><strong>Puslapiai:<\/strong>\u00a0114<\/li>\n<li><strong>ISBN:<\/strong>\u00a09786094664052<\/li>\n<li><strong>Formatas:<\/strong>\u00a013,3 x 20,6 x 1,4 cm, kieti vir\u0161eliai<\/li>\n<li><strong>Kalba:<\/strong>\u00a0Lietuvi\u0173<\/li>\n<li><strong>Vert\u0117jas:<\/strong>\u00a0Darius Gr\u0117bli\u016bnas<\/li>\n<\/ul>\n","protected":false},"excerpt":{"rendered":"<p>Mergait\u0117 Zoja \u2013 pati laimingiausia, nes ji \u017eino, kaip nukeliauti \u012f magi\u0161k\u0173j\u0173 vienaragi\u0173 sal\u0105. Ten jos visada laukia geriausia draug\u0117 Astra \u2013 gra\u017euol\u0117 balta vienarag\u0117 su spindin\u010diomis \u017evaig\u017ed\u0117mis ant kailiuko. Ta\u010diau \u0161\u012f kart\u0105 Astra atrodo ka\u017ekokia pasikeitusi&#8230; Kas jai nutiko? Zoja negali patik\u0117ti \u2013 geriausi\u0105 draug\u0119 u\u017eker\u0117jo \u0160e\u0161\u0117lis, piktasis ponis, siekiantis pasiglem\u017eti vienaragi\u0173 karaliaus sost\u0105. O juk laukia lemiama kova \u2013 vienaragiai ruo\u0161iasi \u0160e\u0161\u0117l\u012f sunaikinti kart\u0105 ir visiems laikams. Bet ar tikrai Astra per\u0117jo \u012f prie\u0161o pus\u0119? Su\u017einok visk\u0105 tuojau pat! Originalus pavadinimas:\u00a0Fairy unicorns: Star Spell Autorius:\u00a0Zanna Davidson Leid\u0117jas:\u00a0Tyto alba Metai:\u00a02019 Puslapiai:\u00a0114 ISBN:\u00a09786094664052 Formatas:\u00a013,3 x 20,6 x 1,4 cm, kieti vir\u0161eliai Kalba:\u00a0Lietuvi\u0173 Vert\u0117jas:\u00a0Darius Gr\u0117bli\u016bnas<\/p>\n","protected":false},"featured_media":13764,"comment_status":"open","ping_status":"closed","template":"","meta":{"_acf_changed":false,"site-sidebar-layout":"default","site-content-layout":"","ast-site-content-layout":"default","site-content-style":"default","site-sidebar-style":"default","ast-global-header-display":"","ast-banner-title-visibility":"","ast-main-header-display":"","ast-hfb-above-header-display":"","ast-hfb-below-header-display":"","ast-hfb-mobile-header-display":"","site-post-title":"","ast-breadcrumbs-content":"","ast-featured-img":"","footer-sml-layout":"","ast-disable-related-posts":"","theme-transparent-header-meta":"default","adv-header-id-meta":"","stick-header-meta":"","header-above-stick-meta":"","header-main-stick-meta":"","header-below-stick-meta":"","astra-migrate-meta-layouts":"set","ast-page-background-enabled":"default","ast-page-background-meta":{"desktop":{"background-color":"","background-image":"","background-repeat":"repeat","background-position":"center center","background-size":"auto","background-attachment":"scroll","background-type":"","background-media":"","overlay-type":"","overlay-color":"","overlay-opacity":"","overlay-gradient":""},"tablet":{"background-color":"","background-image":"","background-repeat":"repeat","background-position":"center center","background-size":"auto","background-attachment":"scroll","background-type":"","background-media":"","overlay-type":"","overlay-color":"","overlay-opacity":"","overlay-gradient":""},"mobile":{"background-color":"","background-image":"","background-repeat":"repeat","background-position":"center center","background-size":"auto","background-attachment":"scroll","background-type":"","background-media":"","overlay-type":"","overlay-color":"","overlay-opacity":"","overlay-gradient":""}},"ast-content-background-meta":{"desktop":{"background-color":"var(--ast-global-color-4)","background-image":"","background-repeat":"repeat","background-position":"center center","background-size":"auto","background-attachment":"scroll","background-type":"","background-media":"","overlay-type":"","overlay-color":"","overlay-opacity":"","overlay-gradient":""},"tablet":{"background-color":"var(--ast-global-color-4)","background-image":"","background-repeat":"repeat","background-position":"center center","background-size":"auto","background-attachment":"scroll","background-type":"","background-media":"","overlay-type":"","overlay-color":"","overlay-opacity":"","overlay-gradient":""},"mobile":{"background-color":"var(--ast-global-color-4)","background-image":"","background-repeat":"repeat","background-position":"center center","background-size":"auto","background-attachment":"scroll","background-type":"","background-media":"","overlay-type":"","overlay-color":"","overlay-opacity":"","overlay-gradient":""}}},"product_brand":[],"product_cat":[15,35],"product_tag":[],"class_list":{"0":"post-13757","1":"product","2":"type-product","3":"status-publish","4":"has-post-thumbnail","6":"product_cat-uncategorized","7":"product_cat-vaikams-ir-paaugliams","8":"desktop-align-left","9":"tablet-align-left","10":"mobile-align-left","12":"first","13":"instock","14":"shipping-taxable","15":"purchasable","16":"product-type-simple"},"acf":[],"yoast_head":"<!-- This site is optimized with the Yoast SEO plugin v27.0 - https:\/\/yoast.com\/product\/yoast-seo-wordpress\/ -->\n<title>Zanna Davidson \u201eMagi\u0161kieji vienaragiai. \u0160e\u0161\u0117lio kerai\u201c<\/title>\n<meta name=\"description\" content=\"Mergait\u0117 Zoja \u2013 pati laimingiausia, nes ji \u017eino, kaip nukeliauti \u012f magi\u0161k\u0173j\u0173 vienaragi\u0173 sal\u0105. Ten jos visada laukia geriausia draug\u0117 Astra \u2013 gra\u017euol\u0117\" \/>\n<meta name=\"robots\" content=\"index, follow, max-snippet:-1, max-image-preview:large, max-video-preview:-1\" \/>\n<link rel=\"canonical\" href=\"https:\/\/skaitytaknyga.lt\/en\/produktas\/zanna-davidson-magiskieji-vienaragiai-seselio-kerai\/\" \/>\n<meta property=\"og:locale\" content=\"en_GB\" \/>\n<meta property=\"og:locale:alternate\" content=\"lt_LT\" \/>\n<meta property=\"og:type\" content=\"article\" \/>\n<meta property=\"og:title\" content=\"Zanna Davidson \u201eMagi\u0161kieji vienaragiai. \u0160e\u0161\u0117lio kerai\u201c\" \/>\n<meta property=\"og:description\" content=\"Mergait\u0117 Zoja \u2013 pati laimingiausia, nes ji \u017eino, kaip nukeliauti \u012f magi\u0161k\u0173j\u0173 vienaragi\u0173 sal\u0105. Ten jos visada laukia geriausia draug\u0117 Astra \u2013 gra\u017euol\u0117\" \/>\n<meta property=\"og:url\" content=\"https:\/\/skaitytaknyga.lt\/en\/produktas\/zanna-davidson-magiskieji-vienaragiai-seselio-kerai\/\" \/>\n<meta property=\"og:site_name\" content=\"Skaitytaknyga\" \/>\n<meta property=\"article:publisher\" content=\"https:\/\/www.facebook.com\/skaitytaknyga\/\" \/>\n<meta property=\"article:modified_time\" content=\"2024-09-09T08:42:59+00:00\" \/>\n<meta property=\"og:image\" content=\"https:\/\/skaitytaknyga.lt\/wp-content\/uploads\/2024\/09\/Magiskieji-vienaragiai.-Seselio-kerai.webp\" \/>\n\t<meta property=\"og:image:width\" content=\"533\" \/>\n\t<meta property=\"og:image:height\" content=\"800\" \/>\n\t<meta property=\"og:image:type\" content=\"image\/webp\" \/>\n<meta name=\"twitter:card\" content=\"summary_large_image\" \/>\n<meta name=\"twitter:label1\" content=\"Estimated reading time\" \/>\n\t<meta name=\"twitter:data1\" content=\"1 minute\" \/>\n<script type=\"application\/ld+json\" class=\"yoast-schema-graph\">{\"@context\":\"https:\/\/schema.org\",\"@graph\":[{\"@type\":\"WebPage\",\"@id\":\"https:\/\/skaitytaknyga.lt\/produktas\/zanna-davidson-magiskieji-vienaragiai-seselio-kerai\/\",\"url\":\"https:\/\/skaitytaknyga.lt\/produktas\/zanna-davidson-magiskieji-vienaragiai-seselio-kerai\/\",\"name\":\"Zanna Davidson \u201eMagi\u0161kieji vienaragiai. \u0160e\u0161\u0117lio kerai\u201c\",\"isPartOf\":{\"@id\":\"https:\/\/skaitytaknyga.lt\/#website\"},\"primaryImageOfPage\":{\"@id\":\"https:\/\/skaitytaknyga.lt\/produktas\/zanna-davidson-magiskieji-vienaragiai-seselio-kerai\/#primaryimage\"},\"image\":{\"@id\":\"https:\/\/skaitytaknyga.lt\/produktas\/zanna-davidson-magiskieji-vienaragiai-seselio-kerai\/#primaryimage\"},\"thumbnailUrl\":\"https:\/\/skaitytaknyga.lt\/wp-content\/uploads\/2024\/09\/Magiskieji-vienaragiai.-Seselio-kerai.webp\",\"datePublished\":\"2024-09-09T08:13:25+00:00\",\"dateModified\":\"2024-09-09T08:42:59+00:00\",\"description\":\"Mergait\u0117 Zoja \u2013 pati laimingiausia, nes ji \u017eino, kaip nukeliauti \u012f magi\u0161k\u0173j\u0173 vienaragi\u0173 sal\u0105. Ten jos visada laukia geriausia draug\u0117 Astra \u2013 gra\u017euol\u0117\",\"breadcrumb\":{\"@id\":\"https:\/\/skaitytaknyga.lt\/produktas\/zanna-davidson-magiskieji-vienaragiai-seselio-kerai\/#breadcrumb\"},\"inLanguage\":\"en-GB\",\"potentialAction\":[{\"@type\":\"ReadAction\",\"target\":[\"https:\/\/skaitytaknyga.lt\/produktas\/zanna-davidson-magiskieji-vienaragiai-seselio-kerai\/\"]}]},{\"@type\":\"ImageObject\",\"inLanguage\":\"en-GB\",\"@id\":\"https:\/\/skaitytaknyga.lt\/produktas\/zanna-davidson-magiskieji-vienaragiai-seselio-kerai\/#primaryimage\",\"url\":\"https:\/\/skaitytaknyga.lt\/wp-content\/uploads\/2024\/09\/Magiskieji-vienaragiai.-Seselio-kerai.webp\",\"contentUrl\":\"https:\/\/skaitytaknyga.lt\/wp-content\/uploads\/2024\/09\/Magiskieji-vienaragiai.-Seselio-kerai.webp\",\"width\":533,\"height\":800,\"caption\":\"Zanna Davidson \u201eMagi\u0161kieji vienaragiai. \u0160e\u0161\u0117lio kerai\u201c\"},{\"@type\":\"BreadcrumbList\",\"@id\":\"https:\/\/skaitytaknyga.lt\/produktas\/zanna-davidson-magiskieji-vienaragiai-seselio-kerai\/#breadcrumb\",\"itemListElement\":[{\"@type\":\"ListItem\",\"position\":1,\"name\":\"Home\",\"item\":\"https:\/\/skaitytaknyga.lt\/\"},{\"@type\":\"ListItem\",\"position\":2,\"name\":\"Parduotuv\u0117\",\"item\":\"https:\/\/skaitytaknyga.lt\/knygu-parduotuve\/\"},{\"@type\":\"ListItem\",\"position\":3,\"name\":\"Zanna Davidson \u201eMagi\u0161kieji vienaragiai. \u0160e\u0161\u0117lio kerai\u201c\"}]},{\"@type\":\"WebSite\",\"@id\":\"https:\/\/skaitytaknyga.lt\/#website\",\"url\":\"https:\/\/skaitytaknyga.lt\/\",\"name\":\"skaitytaknyga.lt\",\"description\":\"Skaitytaknyga.lt \u2013 tai ma\u017eas \u0161eimos verslas, kuris prasid\u0117jo nuo meil\u0117s knygoms ir siekio i\u0161gelb\u0117ti knygas nuo likimo prie konteinerio. Kas vienam nereikalingas daiktas \u2013 kitam lobis, o mes esame tarpininkai, kurie padeda abiems tapti laimingesniems ???? \u017dinome kaip nelengva i\u0161gyventi ma\u017eiems verslams, tad nuo \u0161iol, \u010dia rasite ir kit\u0173, ma\u017e\u0173 \u0161eim\u0173 versl\u0173, rank\u0173 darbo, dovan\u0173 sau ir artimiesiems.\",\"publisher\":{\"@id\":\"https:\/\/skaitytaknyga.lt\/#organization\"},\"potentialAction\":[{\"@type\":\"SearchAction\",\"target\":{\"@type\":\"EntryPoint\",\"urlTemplate\":\"https:\/\/skaitytaknyga.lt\/?s={search_term_string}\"},\"query-input\":{\"@type\":\"PropertyValueSpecification\",\"valueRequired\":true,\"valueName\":\"search_term_string\"}}],\"inLanguage\":\"en-GB\"},{\"@type\":\"Organization\",\"@id\":\"https:\/\/skaitytaknyga.lt\/#organization\",\"name\":\"skaitytaknyga.lt\",\"url\":\"https:\/\/skaitytaknyga.lt\/\",\"logo\":{\"@type\":\"ImageObject\",\"inLanguage\":\"en-GB\",\"@id\":\"https:\/\/skaitytaknyga.lt\/#\/schema\/logo\/image\/\",\"url\":\"https:\/\/skaitytaknyga.lt\/wp-content\/uploads\/2024\/05\/cropped-cropped-cropped-02_00843_jt3bggkj1j3HLc7SyY6rEUpg.jpeg\",\"contentUrl\":\"https:\/\/skaitytaknyga.lt\/wp-content\/uploads\/2024\/05\/cropped-cropped-cropped-02_00843_jt3bggkj1j3HLc7SyY6rEUpg.jpeg\",\"width\":1600,\"height\":1600,\"caption\":\"skaitytaknyga.lt\"},\"image\":{\"@id\":\"https:\/\/skaitytaknyga.lt\/#\/schema\/logo\/image\/\"},\"sameAs\":[\"https:\/\/www.facebook.com\/skaitytaknyga\/\"]}]}<\/script>\n<!-- \/ Yoast SEO plugin. -->","yoast_head_json":{"title":"Zanna Davidson \u201eMagi\u0161kieji vienaragiai. \u0160e\u0161\u0117lio kerai\u201c","description":"Mergait\u0117 Zoja \u2013 pati laimingiausia, nes ji \u017eino, kaip nukeliauti \u012f magi\u0161k\u0173j\u0173 vienaragi\u0173 sal\u0105. Ten jos visada laukia geriausia draug\u0117 Astra \u2013 gra\u017euol\u0117","robots":{"index":"index","follow":"follow","max-snippet":"max-snippet:-1","max-image-preview":"max-image-preview:large","max-video-preview":"max-video-preview:-1"},"canonical":"https:\/\/skaitytaknyga.lt\/en\/produktas\/zanna-davidson-magiskieji-vienaragiai-seselio-kerai\/","og_locale":"en_GB","og_type":"article","og_title":"[:lt]Zanna Davidson \u201eMagi\u0161kieji vienaragiai. \u0160e\u0161\u0117lio kerai\u201c[:] - Skaitytaknyga","og_description":"Mergait\u0117 Zoja \u2013 pati laimingiausia, nes ji \u017eino, kaip nukeliauti \u012f magi\u0161k\u0173j\u0173 vienaragi\u0173 sal\u0105. Ten jos visada laukia geriausia draug\u0117 Astra \u2013 gra\u017euol\u0117","og_url":"https:\/\/skaitytaknyga.lt\/en\/produktas\/zanna-davidson-magiskieji-vienaragiai-seselio-kerai\/","og_site_name":"Skaitytaknyga","article_publisher":"https:\/\/www.facebook.com\/skaitytaknyga\/","article_modified_time":"2024-09-09T08:42:59+00:00","og_image":[{"width":533,"height":800,"url":"https:\/\/skaitytaknyga.lt\/wp-content\/uploads\/2024\/09\/Magiskieji-vienaragiai.-Seselio-kerai.webp","type":"image\/webp"}],"twitter_card":"summary_large_image","twitter_misc":{"Estimated reading time":"1 minute"},"schema":{"@context":"https:\/\/schema.org","@graph":[{"@type":"WebPage","@id":"https:\/\/skaitytaknyga.lt\/produktas\/zanna-davidson-magiskieji-vienaragiai-seselio-kerai\/","url":"https:\/\/skaitytaknyga.lt\/produktas\/zanna-davidson-magiskieji-vienaragiai-seselio-kerai\/","name":"Zanna Davidson \u201eMagi\u0161kieji vienaragiai. \u0160e\u0161\u0117lio kerai\u201c","isPartOf":{"@id":"https:\/\/skaitytaknyga.lt\/#website"},"primaryImageOfPage":{"@id":"https:\/\/skaitytaknyga.lt\/produktas\/zanna-davidson-magiskieji-vienaragiai-seselio-kerai\/#primaryimage"},"image":{"@id":"https:\/\/skaitytaknyga.lt\/produktas\/zanna-davidson-magiskieji-vienaragiai-seselio-kerai\/#primaryimage"},"thumbnailUrl":"https:\/\/skaitytaknyga.lt\/wp-content\/uploads\/2024\/09\/Magiskieji-vienaragiai.-Seselio-kerai.webp","datePublished":"2024-09-09T08:13:25+00:00","dateModified":"2024-09-09T08:42:59+00:00","description":"Mergait\u0117 Zoja \u2013 pati laimingiausia, nes ji \u017eino, kaip nukeliauti \u012f magi\u0161k\u0173j\u0173 vienaragi\u0173 sal\u0105. Ten jos visada laukia geriausia draug\u0117 Astra \u2013 gra\u017euol\u0117","breadcrumb":{"@id":"https:\/\/skaitytaknyga.lt\/produktas\/zanna-davidson-magiskieji-vienaragiai-seselio-kerai\/#breadcrumb"},"inLanguage":"en-GB","potentialAction":[{"@type":"ReadAction","target":["https:\/\/skaitytaknyga.lt\/produktas\/zanna-davidson-magiskieji-vienaragiai-seselio-kerai\/"]}]},{"@type":"ImageObject","inLanguage":"en-GB","@id":"https:\/\/skaitytaknyga.lt\/produktas\/zanna-davidson-magiskieji-vienaragiai-seselio-kerai\/#primaryimage","url":"https:\/\/skaitytaknyga.lt\/wp-content\/uploads\/2024\/09\/Magiskieji-vienaragiai.-Seselio-kerai.webp","contentUrl":"https:\/\/skaitytaknyga.lt\/wp-content\/uploads\/2024\/09\/Magiskieji-vienaragiai.-Seselio-kerai.webp","width":533,"height":800,"caption":"Zanna Davidson \u201eMagi\u0161kieji vienaragiai. \u0160e\u0161\u0117lio kerai\u201c"},{"@type":"BreadcrumbList","@id":"https:\/\/skaitytaknyga.lt\/produktas\/zanna-davidson-magiskieji-vienaragiai-seselio-kerai\/#breadcrumb","itemListElement":[{"@type":"ListItem","position":1,"name":"Home","item":"https:\/\/skaitytaknyga.lt\/"},{"@type":"ListItem","position":2,"name":"Parduotuv\u0117","item":"https:\/\/skaitytaknyga.lt\/knygu-parduotuve\/"},{"@type":"ListItem","position":3,"name":"Zanna Davidson \u201eMagi\u0161kieji vienaragiai. \u0160e\u0161\u0117lio kerai\u201c"}]},{"@type":"WebSite","@id":"https:\/\/skaitytaknyga.lt\/#website","url":"https:\/\/skaitytaknyga.lt\/","name":"skaitytaknyga.lt","description":"Skaitytaknyga.lt \u2013 tai ma\u017eas \u0161eimos verslas, kuris prasid\u0117jo nuo meil\u0117s knygoms ir siekio i\u0161gelb\u0117ti knygas nuo likimo prie konteinerio. Kas vienam nereikalingas daiktas \u2013 kitam lobis, o mes esame tarpininkai, kurie padeda abiems tapti laimingesniems ???? \u017dinome kaip nelengva i\u0161gyventi ma\u017eiems verslams, tad nuo \u0161iol, \u010dia rasite ir kit\u0173, ma\u017e\u0173 \u0161eim\u0173 versl\u0173, rank\u0173 darbo, dovan\u0173 sau ir artimiesiems.","publisher":{"@id":"https:\/\/skaitytaknyga.lt\/#organization"},"potentialAction":[{"@type":"SearchAction","target":{"@type":"EntryPoint","urlTemplate":"https:\/\/skaitytaknyga.lt\/?s={search_term_string}"},"query-input":{"@type":"PropertyValueSpecification","valueRequired":true,"valueName":"search_term_string"}}],"inLanguage":"en-GB"},{"@type":"Organization","@id":"https:\/\/skaitytaknyga.lt\/#organization","name":"skaitytaknyga.lt","url":"https:\/\/skaitytaknyga.lt\/","logo":{"@type":"ImageObject","inLanguage":"en-GB","@id":"https:\/\/skaitytaknyga.lt\/#\/schema\/logo\/image\/","url":"https:\/\/skaitytaknyga.lt\/wp-content\/uploads\/2024\/05\/cropped-cropped-cropped-02_00843_jt3bggkj1j3HLc7SyY6rEUpg.jpeg","contentUrl":"https:\/\/skaitytaknyga.lt\/wp-content\/uploads\/2024\/05\/cropped-cropped-cropped-02_00843_jt3bggkj1j3HLc7SyY6rEUpg.jpeg","width":1600,"height":1600,"caption":"skaitytaknyga.lt"},"image":{"@id":"https:\/\/skaitytaknyga.lt\/#\/schema\/logo\/image\/"},"sameAs":["https:\/\/www.facebook.com\/skaitytaknyga\/"]}]}},"_links":{"self":[{"href":"https:\/\/skaitytaknyga.lt\/en\/wp-json\/wp\/v2\/product\/13757","targetHints":{"allow":["GET"]}}],"collection":[{"href":"https:\/\/skaitytaknyga.lt\/en\/wp-json\/wp\/v2\/product"}],"about":[{"href":"https:\/\/skaitytaknyga.lt\/en\/wp-json\/wp\/v2\/types\/product"}],"replies":[{"embeddable":true,"href":"https:\/\/skaitytaknyga.lt\/en\/wp-json\/wp\/v2\/comments?post=13757"}],"wp:featuredmedia":[{"embeddable":true,"href":"https:\/\/skaitytaknyga.lt\/en\/wp-json\/wp\/v2\/media\/13764"}],"wp:attachment":[{"href":"https:\/\/skaitytaknyga.lt\/en\/wp-json\/wp\/v2\/media?parent=13757"}],"wp:term":[{"taxonomy":"product_brand","embeddable":true,"href":"https:\/\/skaitytaknyga.lt\/en\/wp-json\/wp\/v2\/product_brand?post=13757"},{"taxonomy":"product_cat","embeddable":true,"href":"https:\/\/skaitytaknyga.lt\/en\/wp-json\/wp\/v2\/product_cat?post=13757"},{"taxonomy":"product_tag","embeddable":true,"href":"https:\/\/skaitytaknyga.lt\/en\/wp-json\/wp\/v2\/product_tag?post=13757"}],"curies":[{"name":"wp","href":"https:\/\/api.w.org\/{rel}","templated":true}]}}