{"id":13756,"date":"2024-04-09T11:13:25","date_gmt":"2024-04-09T08:13:25","guid":{"rendered":"https:\/\/skaitytaknyga.lt\/?post_type=product&#038;p=13756"},"modified":"2025-01-02T18:28:26","modified_gmt":"2025-01-02T16:28:26","slug":"gediminas-navaitis-geriausias-pasirinkimas-laimingesnes-lietuvos-galimybe-2","status":"publish","type":"product","link":"https:\/\/skaitytaknyga.lt\/en\/produktas\/gediminas-navaitis-geriausias-pasirinkimas-laimingesnes-lietuvos-galimybe-2\/","title":{"rendered":"Gediminas Navaitis \u201eGeriausias pasirinkimas: laimingesn\u0117s Lietuvos galimyb\u0117\u201c"},"content":{"rendered":"<p>Knygoje autorius aptaria laim\u0117s, laim\u0117s draug\u0173 ir prie\u0161\u0173, pl\u0117tros kryp\u010di\u0173, laim\u0117s tyrim\u0173, turto ir pajam\u0173, darbo ir \u0161eimos, ugdymo ir sveikatos, socialinio kapitalo ir valdymo temas. Aptar\u0119s min\u0117tas temas, knyga baigiama bendresni\u0173 laimingesn\u0117s visuomen\u0117s k\u016brimo prielaid\u0173 ap\u017evalga.<\/p>\n<ul class=\"about-product d-none d-xl-block mt-4\">\n<li><strong>Autorius:<\/strong>\u00a0Gediminas Navaitis<\/li>\n<li><strong>Leid\u0117jas:<\/strong>\u00a0Versus Aureus<\/li>\n<li><strong>Metai:<\/strong>\u00a02012<\/li>\n<li><strong>Puslapiai:<\/strong>\u00a0152<\/li>\n<li><strong>ISBN:<\/strong>\u00a09789955343493<\/li>\n<li><strong>Formatas:<\/strong>\u00a014 x 21 cm, mink\u0161ti vir\u0161eliai<\/li>\n<li><strong>Kalba:<\/strong>\u00a0Lietuvi\u0173<\/li>\n<\/ul>\n","protected":false},"excerpt":{"rendered":"<p>Knygoje autorius aptaria laim\u0117s, laim\u0117s draug\u0173 ir prie\u0161\u0173, pl\u0117tros kryp\u010di\u0173, laim\u0117s tyrim\u0173, turto ir pajam\u0173, darbo ir \u0161eimos, ugdymo ir sveikatos, socialinio kapitalo ir valdymo temas. Aptar\u0119s min\u0117tas temas, knyga baigiama bendresni\u0173 laimingesn\u0117s visuomen\u0117s k\u016brimo prielaid\u0173 ap\u017evalga. Autorius:\u00a0Gediminas Navaitis Leid\u0117jas:\u00a0Versus Aureus Metai:\u00a02012 Puslapiai:\u00a0152 ISBN:\u00a09789955343493 Formatas:\u00a014 x 21 cm, mink\u0161ti vir\u0161eliai Kalba:\u00a0Lietuvi\u0173<\/p>\n","protected":false},"featured_media":13830,"comment_status":"open","ping_status":"closed","template":"","meta":{"_acf_changed":false,"site-sidebar-layout":"default","site-content-layout":"","ast-site-content-layout":"default","site-content-style":"default","site-sidebar-style":"default","ast-global-header-display":"","ast-banner-title-visibility":"","ast-main-header-display":"","ast-hfb-above-header-display":"","ast-hfb-below-header-display":"","ast-hfb-mobile-header-display":"","site-post-title":"","ast-breadcrumbs-content":"","ast-featured-img":"","footer-sml-layout":"","ast-disable-related-posts":"","theme-transparent-header-meta":"default","adv-header-id-meta":"","stick-header-meta":"","header-above-stick-meta":"","header-main-stick-meta":"","header-below-stick-meta":"","astra-migrate-meta-layouts":"set","ast-page-background-enabled":"default","ast-page-background-meta":{"desktop":{"background-color":"","background-image":"","background-repeat":"repeat","background-position":"center center","background-size":"auto","background-attachment":"scroll","background-type":"","background-media":"","overlay-type":"","overlay-color":"","overlay-opacity":"","overlay-gradient":""},"tablet":{"background-color":"","background-image":"","background-repeat":"repeat","background-position":"center center","background-size":"auto","background-attachment":"scroll","background-type":"","background-media":"","overlay-type":"","overlay-color":"","overlay-opacity":"","overlay-gradient":""},"mobile":{"background-color":"","background-image":"","background-repeat":"repeat","background-position":"center center","background-size":"auto","background-attachment":"scroll","background-type":"","background-media":"","overlay-type":"","overlay-color":"","overlay-opacity":"","overlay-gradient":""}},"ast-content-background-meta":{"desktop":{"background-color":"var(--ast-global-color-4)","background-image":"","background-repeat":"repeat","background-position":"center center","background-size":"auto","background-attachment":"scroll","background-type":"","background-media":"","overlay-type":"","overlay-color":"","overlay-opacity":"","overlay-gradient":""},"tablet":{"background-color":"var(--ast-global-color-4)","background-image":"","background-repeat":"repeat","background-position":"center center","background-size":"auto","background-attachment":"scroll","background-type":"","background-media":"","overlay-type":"","overlay-color":"","overlay-opacity":"","overlay-gradient":""},"mobile":{"background-color":"var(--ast-global-color-4)","background-image":"","background-repeat":"repeat","background-position":"center center","background-size":"auto","background-attachment":"scroll","background-type":"","background-media":"","overlay-type":"","overlay-color":"","overlay-opacity":"","overlay-gradient":""}}},"product_brand":[],"product_cat":[15,30,165],"product_tag":[],"class_list":{"0":"post-13756","1":"product","2":"type-product","3":"status-publish","4":"has-post-thumbnail","6":"product_cat-uncategorized","7":"product_cat-psichologija-ir-saviugda","8":"product_cat-religija-filosofija-ir-ezoterika","9":"desktop-align-left","10":"tablet-align-left","11":"mobile-align-left","13":"first","14":"outofstock","15":"shipping-taxable","16":"purchasable","17":"product-type-simple"},"acf":[],"yoast_head":"<!-- This site is optimized with the Yoast SEO plugin v27.0 - https:\/\/yoast.com\/product\/yoast-seo-wordpress\/ -->\n<title>Gediminas Navaitis \u201eGeriausias pasirinkimas: laimingesn\u0117s Lietuvos galimyb\u0117\u201c<\/title>\n<meta name=\"description\" content=\"Knygoje autorius aptaria laim\u0117s, laim\u0117s draug\u0173 ir prie\u0161\u0173, pl\u0117tros kryp\u010di\u0173, laim\u0117s tyrim\u0173, turto ir pajam\u0173, darbo ir \u0161eimos, ugdymo ir sveikatos,\" \/>\n<meta name=\"robots\" content=\"index, follow, max-snippet:-1, max-image-preview:large, max-video-preview:-1\" \/>\n<link rel=\"canonical\" href=\"https:\/\/skaitytaknyga.lt\/en\/produktas\/gediminas-navaitis-geriausias-pasirinkimas-laimingesnes-lietuvos-galimybe-2\/\" \/>\n<meta property=\"og:locale\" content=\"en_GB\" \/>\n<meta property=\"og:locale:alternate\" content=\"lt_LT\" \/>\n<meta property=\"og:type\" content=\"article\" \/>\n<meta property=\"og:title\" content=\"Gediminas Navaitis \u201eGeriausias pasirinkimas: laimingesn\u0117s Lietuvos galimyb\u0117\u201c\" \/>\n<meta property=\"og:description\" content=\"Knygoje autorius aptaria laim\u0117s, laim\u0117s draug\u0173 ir prie\u0161\u0173, pl\u0117tros kryp\u010di\u0173, laim\u0117s tyrim\u0173, turto ir pajam\u0173, darbo ir \u0161eimos, ugdymo ir sveikatos,\" \/>\n<meta property=\"og:url\" content=\"https:\/\/skaitytaknyga.lt\/en\/produktas\/gediminas-navaitis-geriausias-pasirinkimas-laimingesnes-lietuvos-galimybe-2\/\" \/>\n<meta property=\"og:site_name\" content=\"Skaitytaknyga\" \/>\n<meta property=\"article:publisher\" content=\"https:\/\/www.facebook.com\/skaitytaknyga\/\" \/>\n<meta property=\"article:modified_time\" content=\"2025-01-02T16:28:26+00:00\" \/>\n<meta property=\"og:image\" content=\"https:\/\/skaitytaknyga.lt\/wp-content\/uploads\/2024\/09\/Gediminas-Navaitis-\u201eGeriausias-pasirinkimas-laimingesnes-Lietuvos-galimybe.webp\" \/>\n\t<meta property=\"og:image:width\" content=\"511\" \/>\n\t<meta property=\"og:image:height\" content=\"800\" \/>\n\t<meta property=\"og:image:type\" content=\"image\/webp\" \/>\n<meta name=\"twitter:card\" content=\"summary_large_image\" \/>\n<meta name=\"twitter:label1\" content=\"Estimated reading time\" \/>\n\t<meta name=\"twitter:data1\" content=\"1 minute\" \/>\n<script type=\"application\/ld+json\" class=\"yoast-schema-graph\">{\"@context\":\"https:\/\/schema.org\",\"@graph\":[{\"@type\":\"WebPage\",\"@id\":\"https:\/\/skaitytaknyga.lt\/produktas\/gediminas-navaitis-geriausias-pasirinkimas-laimingesnes-lietuvos-galimybe-2\/\",\"url\":\"https:\/\/skaitytaknyga.lt\/produktas\/gediminas-navaitis-geriausias-pasirinkimas-laimingesnes-lietuvos-galimybe-2\/\",\"name\":\"Gediminas Navaitis \u201eGeriausias pasirinkimas: laimingesn\u0117s Lietuvos galimyb\u0117\u201c\",\"isPartOf\":{\"@id\":\"https:\/\/skaitytaknyga.lt\/#website\"},\"primaryImageOfPage\":{\"@id\":\"https:\/\/skaitytaknyga.lt\/produktas\/gediminas-navaitis-geriausias-pasirinkimas-laimingesnes-lietuvos-galimybe-2\/#primaryimage\"},\"image\":{\"@id\":\"https:\/\/skaitytaknyga.lt\/produktas\/gediminas-navaitis-geriausias-pasirinkimas-laimingesnes-lietuvos-galimybe-2\/#primaryimage\"},\"thumbnailUrl\":\"https:\/\/skaitytaknyga.lt\/wp-content\/uploads\/2024\/09\/Gediminas-Navaitis-\u201eGeriausias-pasirinkimas-laimingesnes-Lietuvos-galimybe.webp\",\"datePublished\":\"2024-04-09T08:13:25+00:00\",\"dateModified\":\"2025-01-02T16:28:26+00:00\",\"description\":\"Knygoje autorius aptaria laim\u0117s, laim\u0117s draug\u0173 ir prie\u0161\u0173, pl\u0117tros kryp\u010di\u0173, laim\u0117s tyrim\u0173, turto ir pajam\u0173, darbo ir \u0161eimos, ugdymo ir sveikatos,\",\"breadcrumb\":{\"@id\":\"https:\/\/skaitytaknyga.lt\/produktas\/gediminas-navaitis-geriausias-pasirinkimas-laimingesnes-lietuvos-galimybe-2\/#breadcrumb\"},\"inLanguage\":\"en-GB\",\"potentialAction\":[{\"@type\":\"ReadAction\",\"target\":[\"https:\/\/skaitytaknyga.lt\/produktas\/gediminas-navaitis-geriausias-pasirinkimas-laimingesnes-lietuvos-galimybe-2\/\"]}]},{\"@type\":\"ImageObject\",\"inLanguage\":\"en-GB\",\"@id\":\"https:\/\/skaitytaknyga.lt\/produktas\/gediminas-navaitis-geriausias-pasirinkimas-laimingesnes-lietuvos-galimybe-2\/#primaryimage\",\"url\":\"https:\/\/skaitytaknyga.lt\/wp-content\/uploads\/2024\/09\/Gediminas-Navaitis-\u201eGeriausias-pasirinkimas-laimingesnes-Lietuvos-galimybe.webp\",\"contentUrl\":\"https:\/\/skaitytaknyga.lt\/wp-content\/uploads\/2024\/09\/Gediminas-Navaitis-\u201eGeriausias-pasirinkimas-laimingesnes-Lietuvos-galimybe.webp\",\"width\":511,\"height\":800,\"caption\":\"Gediminas Navaitis \u201eGeriausias pasirinkimas: laimingesn\u0117s Lietuvos galimyb\u0117\u201c\"},{\"@type\":\"BreadcrumbList\",\"@id\":\"https:\/\/skaitytaknyga.lt\/produktas\/gediminas-navaitis-geriausias-pasirinkimas-laimingesnes-lietuvos-galimybe-2\/#breadcrumb\",\"itemListElement\":[{\"@type\":\"ListItem\",\"position\":1,\"name\":\"Home\",\"item\":\"https:\/\/skaitytaknyga.lt\/\"},{\"@type\":\"ListItem\",\"position\":2,\"name\":\"Parduotuv\u0117\",\"item\":\"https:\/\/skaitytaknyga.lt\/knygu-parduotuve\/\"},{\"@type\":\"ListItem\",\"position\":3,\"name\":\"Gediminas Navaitis \u201eGeriausias pasirinkimas: laimingesn\u0117s Lietuvos galimyb\u0117\u201c\"}]},{\"@type\":\"WebSite\",\"@id\":\"https:\/\/skaitytaknyga.lt\/#website\",\"url\":\"https:\/\/skaitytaknyga.lt\/\",\"name\":\"skaitytaknyga.lt\",\"description\":\"Skaitytaknyga.lt \u2013 tai ma\u017eas \u0161eimos verslas, kuris prasid\u0117jo nuo meil\u0117s knygoms ir siekio i\u0161gelb\u0117ti knygas nuo likimo prie konteinerio. Kas vienam nereikalingas daiktas \u2013 kitam lobis, o mes esame tarpininkai, kurie padeda abiems tapti laimingesniems ???? \u017dinome kaip nelengva i\u0161gyventi ma\u017eiems verslams, tad nuo \u0161iol, \u010dia rasite ir kit\u0173, ma\u017e\u0173 \u0161eim\u0173 versl\u0173, rank\u0173 darbo, dovan\u0173 sau ir artimiesiems.\",\"publisher\":{\"@id\":\"https:\/\/skaitytaknyga.lt\/#organization\"},\"potentialAction\":[{\"@type\":\"SearchAction\",\"target\":{\"@type\":\"EntryPoint\",\"urlTemplate\":\"https:\/\/skaitytaknyga.lt\/?s={search_term_string}\"},\"query-input\":{\"@type\":\"PropertyValueSpecification\",\"valueRequired\":true,\"valueName\":\"search_term_string\"}}],\"inLanguage\":\"en-GB\"},{\"@type\":\"Organization\",\"@id\":\"https:\/\/skaitytaknyga.lt\/#organization\",\"name\":\"skaitytaknyga.lt\",\"url\":\"https:\/\/skaitytaknyga.lt\/\",\"logo\":{\"@type\":\"ImageObject\",\"inLanguage\":\"en-GB\",\"@id\":\"https:\/\/skaitytaknyga.lt\/#\/schema\/logo\/image\/\",\"url\":\"https:\/\/skaitytaknyga.lt\/wp-content\/uploads\/2024\/05\/cropped-cropped-cropped-02_00843_jt3bggkj1j3HLc7SyY6rEUpg.jpeg\",\"contentUrl\":\"https:\/\/skaitytaknyga.lt\/wp-content\/uploads\/2024\/05\/cropped-cropped-cropped-02_00843_jt3bggkj1j3HLc7SyY6rEUpg.jpeg\",\"width\":1600,\"height\":1600,\"caption\":\"skaitytaknyga.lt\"},\"image\":{\"@id\":\"https:\/\/skaitytaknyga.lt\/#\/schema\/logo\/image\/\"},\"sameAs\":[\"https:\/\/www.facebook.com\/skaitytaknyga\/\"]}]}<\/script>\n<!-- \/ Yoast SEO plugin. -->","yoast_head_json":{"title":"Gediminas Navaitis \u201eGeriausias pasirinkimas: laimingesn\u0117s Lietuvos galimyb\u0117\u201c","description":"Knygoje autorius aptaria laim\u0117s, laim\u0117s draug\u0173 ir prie\u0161\u0173, pl\u0117tros kryp\u010di\u0173, laim\u0117s tyrim\u0173, turto ir pajam\u0173, darbo ir \u0161eimos, ugdymo ir sveikatos,","robots":{"index":"index","follow":"follow","max-snippet":"max-snippet:-1","max-image-preview":"max-image-preview:large","max-video-preview":"max-video-preview:-1"},"canonical":"https:\/\/skaitytaknyga.lt\/en\/produktas\/gediminas-navaitis-geriausias-pasirinkimas-laimingesnes-lietuvos-galimybe-2\/","og_locale":"en_GB","og_type":"article","og_title":"[:lt]Gediminas Navaitis \u201eGeriausias pasirinkimas: laimingesn\u0117s Lietuvos galimyb\u0117\u201c[:] - Skaitytaknyga","og_description":"Knygoje autorius aptaria laim\u0117s, laim\u0117s draug\u0173 ir prie\u0161\u0173, pl\u0117tros kryp\u010di\u0173, laim\u0117s tyrim\u0173, turto ir pajam\u0173, darbo ir \u0161eimos, ugdymo ir sveikatos,","og_url":"https:\/\/skaitytaknyga.lt\/en\/produktas\/gediminas-navaitis-geriausias-pasirinkimas-laimingesnes-lietuvos-galimybe-2\/","og_site_name":"Skaitytaknyga","article_publisher":"https:\/\/www.facebook.com\/skaitytaknyga\/","article_modified_time":"2025-01-02T16:28:26+00:00","og_image":[{"width":511,"height":800,"url":"https:\/\/skaitytaknyga.lt\/wp-content\/uploads\/2024\/09\/Gediminas-Navaitis-\u201eGeriausias-pasirinkimas-laimingesnes-Lietuvos-galimybe.webp","type":"image\/webp"}],"twitter_card":"summary_large_image","twitter_misc":{"Estimated reading time":"1 minute"},"schema":{"@context":"https:\/\/schema.org","@graph":[{"@type":"WebPage","@id":"https:\/\/skaitytaknyga.lt\/produktas\/gediminas-navaitis-geriausias-pasirinkimas-laimingesnes-lietuvos-galimybe-2\/","url":"https:\/\/skaitytaknyga.lt\/produktas\/gediminas-navaitis-geriausias-pasirinkimas-laimingesnes-lietuvos-galimybe-2\/","name":"Gediminas Navaitis \u201eGeriausias pasirinkimas: laimingesn\u0117s Lietuvos galimyb\u0117\u201c","isPartOf":{"@id":"https:\/\/skaitytaknyga.lt\/#website"},"primaryImageOfPage":{"@id":"https:\/\/skaitytaknyga.lt\/produktas\/gediminas-navaitis-geriausias-pasirinkimas-laimingesnes-lietuvos-galimybe-2\/#primaryimage"},"image":{"@id":"https:\/\/skaitytaknyga.lt\/produktas\/gediminas-navaitis-geriausias-pasirinkimas-laimingesnes-lietuvos-galimybe-2\/#primaryimage"},"thumbnailUrl":"https:\/\/skaitytaknyga.lt\/wp-content\/uploads\/2024\/09\/Gediminas-Navaitis-\u201eGeriausias-pasirinkimas-laimingesnes-Lietuvos-galimybe.webp","datePublished":"2024-04-09T08:13:25+00:00","dateModified":"2025-01-02T16:28:26+00:00","description":"Knygoje autorius aptaria laim\u0117s, laim\u0117s draug\u0173 ir prie\u0161\u0173, pl\u0117tros kryp\u010di\u0173, laim\u0117s tyrim\u0173, turto ir pajam\u0173, darbo ir \u0161eimos, ugdymo ir sveikatos,","breadcrumb":{"@id":"https:\/\/skaitytaknyga.lt\/produktas\/gediminas-navaitis-geriausias-pasirinkimas-laimingesnes-lietuvos-galimybe-2\/#breadcrumb"},"inLanguage":"en-GB","potentialAction":[{"@type":"ReadAction","target":["https:\/\/skaitytaknyga.lt\/produktas\/gediminas-navaitis-geriausias-pasirinkimas-laimingesnes-lietuvos-galimybe-2\/"]}]},{"@type":"ImageObject","inLanguage":"en-GB","@id":"https:\/\/skaitytaknyga.lt\/produktas\/gediminas-navaitis-geriausias-pasirinkimas-laimingesnes-lietuvos-galimybe-2\/#primaryimage","url":"https:\/\/skaitytaknyga.lt\/wp-content\/uploads\/2024\/09\/Gediminas-Navaitis-\u201eGeriausias-pasirinkimas-laimingesnes-Lietuvos-galimybe.webp","contentUrl":"https:\/\/skaitytaknyga.lt\/wp-content\/uploads\/2024\/09\/Gediminas-Navaitis-\u201eGeriausias-pasirinkimas-laimingesnes-Lietuvos-galimybe.webp","width":511,"height":800,"caption":"Gediminas Navaitis \u201eGeriausias pasirinkimas: laimingesn\u0117s Lietuvos galimyb\u0117\u201c"},{"@type":"BreadcrumbList","@id":"https:\/\/skaitytaknyga.lt\/produktas\/gediminas-navaitis-geriausias-pasirinkimas-laimingesnes-lietuvos-galimybe-2\/#breadcrumb","itemListElement":[{"@type":"ListItem","position":1,"name":"Home","item":"https:\/\/skaitytaknyga.lt\/"},{"@type":"ListItem","position":2,"name":"Parduotuv\u0117","item":"https:\/\/skaitytaknyga.lt\/knygu-parduotuve\/"},{"@type":"ListItem","position":3,"name":"Gediminas Navaitis \u201eGeriausias pasirinkimas: laimingesn\u0117s Lietuvos galimyb\u0117\u201c"}]},{"@type":"WebSite","@id":"https:\/\/skaitytaknyga.lt\/#website","url":"https:\/\/skaitytaknyga.lt\/","name":"skaitytaknyga.lt","description":"Skaitytaknyga.lt \u2013 tai ma\u017eas \u0161eimos verslas, kuris prasid\u0117jo nuo meil\u0117s knygoms ir siekio i\u0161gelb\u0117ti knygas nuo likimo prie konteinerio. Kas vienam nereikalingas daiktas \u2013 kitam lobis, o mes esame tarpininkai, kurie padeda abiems tapti laimingesniems ???? \u017dinome kaip nelengva i\u0161gyventi ma\u017eiems verslams, tad nuo \u0161iol, \u010dia rasite ir kit\u0173, ma\u017e\u0173 \u0161eim\u0173 versl\u0173, rank\u0173 darbo, dovan\u0173 sau ir artimiesiems.","publisher":{"@id":"https:\/\/skaitytaknyga.lt\/#organization"},"potentialAction":[{"@type":"SearchAction","target":{"@type":"EntryPoint","urlTemplate":"https:\/\/skaitytaknyga.lt\/?s={search_term_string}"},"query-input":{"@type":"PropertyValueSpecification","valueRequired":true,"valueName":"search_term_string"}}],"inLanguage":"en-GB"},{"@type":"Organization","@id":"https:\/\/skaitytaknyga.lt\/#organization","name":"skaitytaknyga.lt","url":"https:\/\/skaitytaknyga.lt\/","logo":{"@type":"ImageObject","inLanguage":"en-GB","@id":"https:\/\/skaitytaknyga.lt\/#\/schema\/logo\/image\/","url":"https:\/\/skaitytaknyga.lt\/wp-content\/uploads\/2024\/05\/cropped-cropped-cropped-02_00843_jt3bggkj1j3HLc7SyY6rEUpg.jpeg","contentUrl":"https:\/\/skaitytaknyga.lt\/wp-content\/uploads\/2024\/05\/cropped-cropped-cropped-02_00843_jt3bggkj1j3HLc7SyY6rEUpg.jpeg","width":1600,"height":1600,"caption":"skaitytaknyga.lt"},"image":{"@id":"https:\/\/skaitytaknyga.lt\/#\/schema\/logo\/image\/"},"sameAs":["https:\/\/www.facebook.com\/skaitytaknyga\/"]}]}},"_links":{"self":[{"href":"https:\/\/skaitytaknyga.lt\/en\/wp-json\/wp\/v2\/product\/13756","targetHints":{"allow":["GET"]}}],"collection":[{"href":"https:\/\/skaitytaknyga.lt\/en\/wp-json\/wp\/v2\/product"}],"about":[{"href":"https:\/\/skaitytaknyga.lt\/en\/wp-json\/wp\/v2\/types\/product"}],"replies":[{"embeddable":true,"href":"https:\/\/skaitytaknyga.lt\/en\/wp-json\/wp\/v2\/comments?post=13756"}],"wp:featuredmedia":[{"embeddable":true,"href":"https:\/\/skaitytaknyga.lt\/en\/wp-json\/wp\/v2\/media\/13830"}],"wp:attachment":[{"href":"https:\/\/skaitytaknyga.lt\/en\/wp-json\/wp\/v2\/media?parent=13756"}],"wp:term":[{"taxonomy":"product_brand","embeddable":true,"href":"https:\/\/skaitytaknyga.lt\/en\/wp-json\/wp\/v2\/product_brand?post=13756"},{"taxonomy":"product_cat","embeddable":true,"href":"https:\/\/skaitytaknyga.lt\/en\/wp-json\/wp\/v2\/product_cat?post=13756"},{"taxonomy":"product_tag","embeddable":true,"href":"https:\/\/skaitytaknyga.lt\/en\/wp-json\/wp\/v2\/product_tag?post=13756"}],"curies":[{"name":"wp","href":"https:\/\/api.w.org\/{rel}","templated":true}]}}