{"id":13755,"date":"2024-09-09T11:13:25","date_gmt":"2024-09-09T08:13:25","guid":{"rendered":"https:\/\/skaitytaknyga.lt\/?post_type=product&#038;p=13755"},"modified":"2024-09-09T11:42:36","modified_gmt":"2024-09-09T08:42:36","slug":"eve-marx-flirto-menas","status":"publish","type":"product","link":"https:\/\/skaitytaknyga.lt\/en\/produktas\/eve-marx-flirto-menas\/","title":{"rendered":"Eve Marx \u201eFlirto menas\u201c"},"content":{"rendered":"<p><em>..flirtas yra ta ma\u017eyt\u0117 stebuklinga lazdel\u0117, kuri gali visi\u0161kai pakeisti j\u016bs\u0173 gyvenim\u0105, jeigu \u017einote, kaip ja naudotis.<\/em><\/p>\n<p>\u0160i knyga skaitytojoms nuobod\u0173 pasimatym\u0105 pad\u0117s paversti nepaprastu nuotykiu! Jus su\u017eav\u0117s dr\u0105sios ir koketi\u0161kos pirmosios fraz\u0117s bei k\u016bno kalbos technika.<\/p>\n<p>Knygoje rasite daug nepakartojam\u0173 patarim\u0173 moterims, kurios nori b\u016bti pasteb\u0117tos.<\/p>\n<p>\u2022 24 valand\u0173 flirto tvarkara\u0161tis;<\/p>\n<p>\u2022 Tobulos pirmosios fraz\u0117s \u2013 dr\u0105sios koketi\u0161kos eilut\u0117s kiekvienai situacijai;<\/p>\n<p>\u2022 Erzinimo menas \u2013 \u012fp\u016bskite ugnies&#8230; ir u\u017eveskite j\u012f!;<\/p>\n<p>\u2022 Flirto mados \u2013 nuo l\u016bpda\u017eio iki apatinio trikota\u017eo \u2013 patarimai toms, kurios nori atrodyti ir jaustis puikiai.<\/p>\n<ul class=\"about-product d-none d-xl-block mt-4\">\n<li><strong>Autorius:<\/strong>\u00a0Eve Marx<\/li>\n<li><strong>Leid\u0117jas:<\/strong>\u00a0Alma littera<\/li>\n<li><strong>Metai:<\/strong>\u00a02007<\/li>\n<li><strong>Puslapiai:<\/strong>\u00a0240<\/li>\n<li><strong>ISBN:<\/strong>\u00a09789955244943<\/li>\n<li><strong>Versijos kodas:<\/strong>\u00a0PS<\/li>\n<li><strong>Formatas:<\/strong>\u00a016,5 x 20 cm, kieti vir\u0161eliai<\/li>\n<li><strong>Kalba:<\/strong>\u00a0Lietuvi\u0173<\/li>\n<li><strong>Vert\u0117jas:<\/strong>\u00a0Egl\u0117 Petrauskait\u0117<\/li>\n<\/ul>\n","protected":false},"excerpt":{"rendered":"<p>..flirtas yra ta ma\u017eyt\u0117 stebuklinga lazdel\u0117, kuri gali visi\u0161kai pakeisti j\u016bs\u0173 gyvenim\u0105, jeigu \u017einote, kaip ja naudotis. \u0160i knyga skaitytojoms nuobod\u0173 pasimatym\u0105 pad\u0117s paversti nepaprastu nuotykiu! Jus su\u017eav\u0117s dr\u0105sios ir koketi\u0161kos pirmosios fraz\u0117s bei k\u016bno kalbos technika. Knygoje rasite daug nepakartojam\u0173 patarim\u0173 moterims, kurios nori b\u016bti pasteb\u0117tos. \u2022 24 valand\u0173 flirto tvarkara\u0161tis; \u2022 Tobulos pirmosios fraz\u0117s \u2013 dr\u0105sios koketi\u0161kos eilut\u0117s kiekvienai situacijai; \u2022 Erzinimo menas \u2013 \u012fp\u016bskite ugnies&#8230; ir u\u017eveskite j\u012f!; \u2022 Flirto mados \u2013 nuo l\u016bpda\u017eio iki apatinio trikota\u017eo \u2013 patarimai toms, kurios nori atrodyti ir jaustis puikiai. Autorius:\u00a0Eve Marx Leid\u0117jas:\u00a0Alma littera Metai:\u00a02007 Puslapiai:\u00a0240 ISBN:\u00a09789955244943 Versijos kodas:\u00a0PS Formatas:\u00a016,5 x 20 cm, kieti vir\u0161eliai Kalba:\u00a0Lietuvi\u0173 Vert\u0117jas:\u00a0Egl\u0117 Petrauskait\u0117<\/p>\n","protected":false},"featured_media":13765,"comment_status":"open","ping_status":"closed","template":"","meta":{"_acf_changed":false,"site-sidebar-layout":"default","site-content-layout":"","ast-site-content-layout":"default","site-content-style":"default","site-sidebar-style":"default","ast-global-header-display":"","ast-banner-title-visibility":"","ast-main-header-display":"","ast-hfb-above-header-display":"","ast-hfb-below-header-display":"","ast-hfb-mobile-header-display":"","site-post-title":"","ast-breadcrumbs-content":"","ast-featured-img":"","footer-sml-layout":"","ast-disable-related-posts":"","theme-transparent-header-meta":"default","adv-header-id-meta":"","stick-header-meta":"","header-above-stick-meta":"","header-main-stick-meta":"","header-below-stick-meta":"","astra-migrate-meta-layouts":"set","ast-page-background-enabled":"default","ast-page-background-meta":{"desktop":{"background-color":"","background-image":"","background-repeat":"repeat","background-position":"center center","background-size":"auto","background-attachment":"scroll","background-type":"","background-media":"","overlay-type":"","overlay-color":"","overlay-opacity":"","overlay-gradient":""},"tablet":{"background-color":"","background-image":"","background-repeat":"repeat","background-position":"center center","background-size":"auto","background-attachment":"scroll","background-type":"","background-media":"","overlay-type":"","overlay-color":"","overlay-opacity":"","overlay-gradient":""},"mobile":{"background-color":"","background-image":"","background-repeat":"repeat","background-position":"center center","background-size":"auto","background-attachment":"scroll","background-type":"","background-media":"","overlay-type":"","overlay-color":"","overlay-opacity":"","overlay-gradient":""}},"ast-content-background-meta":{"desktop":{"background-color":"var(--ast-global-color-4)","background-image":"","background-repeat":"repeat","background-position":"center center","background-size":"auto","background-attachment":"scroll","background-type":"","background-media":"","overlay-type":"","overlay-color":"","overlay-opacity":"","overlay-gradient":""},"tablet":{"background-color":"var(--ast-global-color-4)","background-image":"","background-repeat":"repeat","background-position":"center center","background-size":"auto","background-attachment":"scroll","background-type":"","background-media":"","overlay-type":"","overlay-color":"","overlay-opacity":"","overlay-gradient":""},"mobile":{"background-color":"var(--ast-global-color-4)","background-image":"","background-repeat":"repeat","background-position":"center center","background-size":"auto","background-attachment":"scroll","background-type":"","background-media":"","overlay-type":"","overlay-color":"","overlay-opacity":"","overlay-gradient":""}}},"product_brand":[],"product_cat":[15,30],"product_tag":[],"class_list":{"0":"post-13755","1":"product","2":"type-product","3":"status-publish","4":"has-post-thumbnail","6":"product_cat-uncategorized","7":"product_cat-psichologija-ir-saviugda","8":"desktop-align-left","9":"tablet-align-left","10":"mobile-align-left","12":"first","13":"instock","14":"shipping-taxable","15":"purchasable","16":"product-type-simple"},"acf":[],"yoast_head":"<!-- This site is optimized with the Yoast SEO plugin v27.0 - https:\/\/yoast.com\/product\/yoast-seo-wordpress\/ -->\n<title>Eve Marx \u201eFlirto menas\u201c<\/title>\n<meta name=\"description\" content=\"..flirtas yra ta ma\u017eyt\u0117 stebuklinga lazdel\u0117, kuri gali visi\u0161kai pakeisti j\u016bs\u0173 gyvenim\u0105, jeigu \u017einote, kaip ja naudotis. \u0160i knyga skaitytojoms nuobod\u0173\" \/>\n<meta name=\"robots\" content=\"index, follow, max-snippet:-1, max-image-preview:large, max-video-preview:-1\" \/>\n<link rel=\"canonical\" href=\"https:\/\/skaitytaknyga.lt\/en\/produktas\/eve-marx-flirto-menas\/\" \/>\n<meta property=\"og:locale\" content=\"en_GB\" \/>\n<meta property=\"og:locale:alternate\" content=\"lt_LT\" \/>\n<meta property=\"og:type\" content=\"article\" \/>\n<meta property=\"og:title\" content=\"Eve Marx \u201eFlirto menas\u201c\" \/>\n<meta property=\"og:description\" content=\"..flirtas yra ta ma\u017eyt\u0117 stebuklinga lazdel\u0117, kuri gali visi\u0161kai pakeisti j\u016bs\u0173 gyvenim\u0105, jeigu \u017einote, kaip ja naudotis. \u0160i knyga skaitytojoms nuobod\u0173\" \/>\n<meta property=\"og:url\" content=\"https:\/\/skaitytaknyga.lt\/en\/produktas\/eve-marx-flirto-menas\/\" \/>\n<meta property=\"og:site_name\" content=\"Skaitytaknyga\" \/>\n<meta property=\"article:publisher\" content=\"https:\/\/www.facebook.com\/skaitytaknyga\/\" \/>\n<meta property=\"article:modified_time\" content=\"2024-09-09T08:42:36+00:00\" \/>\n<meta property=\"og:image\" content=\"https:\/\/skaitytaknyga.lt\/wp-content\/uploads\/2024\/09\/Flirto-menas.webp\" \/>\n\t<meta property=\"og:image:width\" content=\"630\" \/>\n\t<meta property=\"og:image:height\" content=\"800\" \/>\n\t<meta property=\"og:image:type\" content=\"image\/webp\" \/>\n<meta name=\"twitter:card\" content=\"summary_large_image\" \/>\n<meta name=\"twitter:label1\" content=\"Estimated reading time\" \/>\n\t<meta name=\"twitter:data1\" content=\"1 minute\" \/>\n<script type=\"application\/ld+json\" class=\"yoast-schema-graph\">{\"@context\":\"https:\/\/schema.org\",\"@graph\":[{\"@type\":\"WebPage\",\"@id\":\"https:\/\/skaitytaknyga.lt\/produktas\/eve-marx-flirto-menas\/\",\"url\":\"https:\/\/skaitytaknyga.lt\/produktas\/eve-marx-flirto-menas\/\",\"name\":\"Eve Marx \u201eFlirto menas\u201c\",\"isPartOf\":{\"@id\":\"https:\/\/skaitytaknyga.lt\/#website\"},\"primaryImageOfPage\":{\"@id\":\"https:\/\/skaitytaknyga.lt\/produktas\/eve-marx-flirto-menas\/#primaryimage\"},\"image\":{\"@id\":\"https:\/\/skaitytaknyga.lt\/produktas\/eve-marx-flirto-menas\/#primaryimage\"},\"thumbnailUrl\":\"https:\/\/skaitytaknyga.lt\/wp-content\/uploads\/2024\/09\/Flirto-menas.webp\",\"datePublished\":\"2024-09-09T08:13:25+00:00\",\"dateModified\":\"2024-09-09T08:42:36+00:00\",\"description\":\"..flirtas yra ta ma\u017eyt\u0117 stebuklinga lazdel\u0117, kuri gali visi\u0161kai pakeisti j\u016bs\u0173 gyvenim\u0105, jeigu \u017einote, kaip ja naudotis. \u0160i knyga skaitytojoms nuobod\u0173\",\"breadcrumb\":{\"@id\":\"https:\/\/skaitytaknyga.lt\/produktas\/eve-marx-flirto-menas\/#breadcrumb\"},\"inLanguage\":\"en-GB\",\"potentialAction\":[{\"@type\":\"ReadAction\",\"target\":[\"https:\/\/skaitytaknyga.lt\/produktas\/eve-marx-flirto-menas\/\"]}]},{\"@type\":\"ImageObject\",\"inLanguage\":\"en-GB\",\"@id\":\"https:\/\/skaitytaknyga.lt\/produktas\/eve-marx-flirto-menas\/#primaryimage\",\"url\":\"https:\/\/skaitytaknyga.lt\/wp-content\/uploads\/2024\/09\/Flirto-menas.webp\",\"contentUrl\":\"https:\/\/skaitytaknyga.lt\/wp-content\/uploads\/2024\/09\/Flirto-menas.webp\",\"width\":630,\"height\":800,\"caption\":\"Eve Marx \u201eFlirto menas\u201c\"},{\"@type\":\"BreadcrumbList\",\"@id\":\"https:\/\/skaitytaknyga.lt\/produktas\/eve-marx-flirto-menas\/#breadcrumb\",\"itemListElement\":[{\"@type\":\"ListItem\",\"position\":1,\"name\":\"Home\",\"item\":\"https:\/\/skaitytaknyga.lt\/\"},{\"@type\":\"ListItem\",\"position\":2,\"name\":\"Parduotuv\u0117\",\"item\":\"https:\/\/skaitytaknyga.lt\/knygu-parduotuve\/\"},{\"@type\":\"ListItem\",\"position\":3,\"name\":\"Eve Marx \u201eFlirto menas\u201c\"}]},{\"@type\":\"WebSite\",\"@id\":\"https:\/\/skaitytaknyga.lt\/#website\",\"url\":\"https:\/\/skaitytaknyga.lt\/\",\"name\":\"skaitytaknyga.lt\",\"description\":\"Skaitytaknyga.lt \u2013 tai ma\u017eas \u0161eimos verslas, kuris prasid\u0117jo nuo meil\u0117s knygoms ir siekio i\u0161gelb\u0117ti knygas nuo likimo prie konteinerio. Kas vienam nereikalingas daiktas \u2013 kitam lobis, o mes esame tarpininkai, kurie padeda abiems tapti laimingesniems ???? \u017dinome kaip nelengva i\u0161gyventi ma\u017eiems verslams, tad nuo \u0161iol, \u010dia rasite ir kit\u0173, ma\u017e\u0173 \u0161eim\u0173 versl\u0173, rank\u0173 darbo, dovan\u0173 sau ir artimiesiems.\",\"publisher\":{\"@id\":\"https:\/\/skaitytaknyga.lt\/#organization\"},\"potentialAction\":[{\"@type\":\"SearchAction\",\"target\":{\"@type\":\"EntryPoint\",\"urlTemplate\":\"https:\/\/skaitytaknyga.lt\/?s={search_term_string}\"},\"query-input\":{\"@type\":\"PropertyValueSpecification\",\"valueRequired\":true,\"valueName\":\"search_term_string\"}}],\"inLanguage\":\"en-GB\"},{\"@type\":\"Organization\",\"@id\":\"https:\/\/skaitytaknyga.lt\/#organization\",\"name\":\"skaitytaknyga.lt\",\"url\":\"https:\/\/skaitytaknyga.lt\/\",\"logo\":{\"@type\":\"ImageObject\",\"inLanguage\":\"en-GB\",\"@id\":\"https:\/\/skaitytaknyga.lt\/#\/schema\/logo\/image\/\",\"url\":\"https:\/\/skaitytaknyga.lt\/wp-content\/uploads\/2024\/05\/cropped-cropped-cropped-02_00843_jt3bggkj1j3HLc7SyY6rEUpg.jpeg\",\"contentUrl\":\"https:\/\/skaitytaknyga.lt\/wp-content\/uploads\/2024\/05\/cropped-cropped-cropped-02_00843_jt3bggkj1j3HLc7SyY6rEUpg.jpeg\",\"width\":1600,\"height\":1600,\"caption\":\"skaitytaknyga.lt\"},\"image\":{\"@id\":\"https:\/\/skaitytaknyga.lt\/#\/schema\/logo\/image\/\"},\"sameAs\":[\"https:\/\/www.facebook.com\/skaitytaknyga\/\"]}]}<\/script>\n<!-- \/ Yoast SEO plugin. -->","yoast_head_json":{"title":"Eve Marx \u201eFlirto menas\u201c","description":"..flirtas yra ta ma\u017eyt\u0117 stebuklinga lazdel\u0117, kuri gali visi\u0161kai pakeisti j\u016bs\u0173 gyvenim\u0105, jeigu \u017einote, kaip ja naudotis. \u0160i knyga skaitytojoms nuobod\u0173","robots":{"index":"index","follow":"follow","max-snippet":"max-snippet:-1","max-image-preview":"max-image-preview:large","max-video-preview":"max-video-preview:-1"},"canonical":"https:\/\/skaitytaknyga.lt\/en\/produktas\/eve-marx-flirto-menas\/","og_locale":"en_GB","og_type":"article","og_title":"[:lt]Eve Marx \u201eFlirto menas\u201c[:] - Skaitytaknyga","og_description":"..flirtas yra ta ma\u017eyt\u0117 stebuklinga lazdel\u0117, kuri gali visi\u0161kai pakeisti j\u016bs\u0173 gyvenim\u0105, jeigu \u017einote, kaip ja naudotis. \u0160i knyga skaitytojoms nuobod\u0173","og_url":"https:\/\/skaitytaknyga.lt\/en\/produktas\/eve-marx-flirto-menas\/","og_site_name":"Skaitytaknyga","article_publisher":"https:\/\/www.facebook.com\/skaitytaknyga\/","article_modified_time":"2024-09-09T08:42:36+00:00","og_image":[{"width":630,"height":800,"url":"https:\/\/skaitytaknyga.lt\/wp-content\/uploads\/2024\/09\/Flirto-menas.webp","type":"image\/webp"}],"twitter_card":"summary_large_image","twitter_misc":{"Estimated reading time":"1 minute"},"schema":{"@context":"https:\/\/schema.org","@graph":[{"@type":"WebPage","@id":"https:\/\/skaitytaknyga.lt\/produktas\/eve-marx-flirto-menas\/","url":"https:\/\/skaitytaknyga.lt\/produktas\/eve-marx-flirto-menas\/","name":"Eve Marx \u201eFlirto menas\u201c","isPartOf":{"@id":"https:\/\/skaitytaknyga.lt\/#website"},"primaryImageOfPage":{"@id":"https:\/\/skaitytaknyga.lt\/produktas\/eve-marx-flirto-menas\/#primaryimage"},"image":{"@id":"https:\/\/skaitytaknyga.lt\/produktas\/eve-marx-flirto-menas\/#primaryimage"},"thumbnailUrl":"https:\/\/skaitytaknyga.lt\/wp-content\/uploads\/2024\/09\/Flirto-menas.webp","datePublished":"2024-09-09T08:13:25+00:00","dateModified":"2024-09-09T08:42:36+00:00","description":"..flirtas yra ta ma\u017eyt\u0117 stebuklinga lazdel\u0117, kuri gali visi\u0161kai pakeisti j\u016bs\u0173 gyvenim\u0105, jeigu \u017einote, kaip ja naudotis. \u0160i knyga skaitytojoms nuobod\u0173","breadcrumb":{"@id":"https:\/\/skaitytaknyga.lt\/produktas\/eve-marx-flirto-menas\/#breadcrumb"},"inLanguage":"en-GB","potentialAction":[{"@type":"ReadAction","target":["https:\/\/skaitytaknyga.lt\/produktas\/eve-marx-flirto-menas\/"]}]},{"@type":"ImageObject","inLanguage":"en-GB","@id":"https:\/\/skaitytaknyga.lt\/produktas\/eve-marx-flirto-menas\/#primaryimage","url":"https:\/\/skaitytaknyga.lt\/wp-content\/uploads\/2024\/09\/Flirto-menas.webp","contentUrl":"https:\/\/skaitytaknyga.lt\/wp-content\/uploads\/2024\/09\/Flirto-menas.webp","width":630,"height":800,"caption":"Eve Marx \u201eFlirto menas\u201c"},{"@type":"BreadcrumbList","@id":"https:\/\/skaitytaknyga.lt\/produktas\/eve-marx-flirto-menas\/#breadcrumb","itemListElement":[{"@type":"ListItem","position":1,"name":"Home","item":"https:\/\/skaitytaknyga.lt\/"},{"@type":"ListItem","position":2,"name":"Parduotuv\u0117","item":"https:\/\/skaitytaknyga.lt\/knygu-parduotuve\/"},{"@type":"ListItem","position":3,"name":"Eve Marx \u201eFlirto menas\u201c"}]},{"@type":"WebSite","@id":"https:\/\/skaitytaknyga.lt\/#website","url":"https:\/\/skaitytaknyga.lt\/","name":"skaitytaknyga.lt","description":"Skaitytaknyga.lt \u2013 tai ma\u017eas \u0161eimos verslas, kuris prasid\u0117jo nuo meil\u0117s knygoms ir siekio i\u0161gelb\u0117ti knygas nuo likimo prie konteinerio. Kas vienam nereikalingas daiktas \u2013 kitam lobis, o mes esame tarpininkai, kurie padeda abiems tapti laimingesniems ???? \u017dinome kaip nelengva i\u0161gyventi ma\u017eiems verslams, tad nuo \u0161iol, \u010dia rasite ir kit\u0173, ma\u017e\u0173 \u0161eim\u0173 versl\u0173, rank\u0173 darbo, dovan\u0173 sau ir artimiesiems.","publisher":{"@id":"https:\/\/skaitytaknyga.lt\/#organization"},"potentialAction":[{"@type":"SearchAction","target":{"@type":"EntryPoint","urlTemplate":"https:\/\/skaitytaknyga.lt\/?s={search_term_string}"},"query-input":{"@type":"PropertyValueSpecification","valueRequired":true,"valueName":"search_term_string"}}],"inLanguage":"en-GB"},{"@type":"Organization","@id":"https:\/\/skaitytaknyga.lt\/#organization","name":"skaitytaknyga.lt","url":"https:\/\/skaitytaknyga.lt\/","logo":{"@type":"ImageObject","inLanguage":"en-GB","@id":"https:\/\/skaitytaknyga.lt\/#\/schema\/logo\/image\/","url":"https:\/\/skaitytaknyga.lt\/wp-content\/uploads\/2024\/05\/cropped-cropped-cropped-02_00843_jt3bggkj1j3HLc7SyY6rEUpg.jpeg","contentUrl":"https:\/\/skaitytaknyga.lt\/wp-content\/uploads\/2024\/05\/cropped-cropped-cropped-02_00843_jt3bggkj1j3HLc7SyY6rEUpg.jpeg","width":1600,"height":1600,"caption":"skaitytaknyga.lt"},"image":{"@id":"https:\/\/skaitytaknyga.lt\/#\/schema\/logo\/image\/"},"sameAs":["https:\/\/www.facebook.com\/skaitytaknyga\/"]}]}},"_links":{"self":[{"href":"https:\/\/skaitytaknyga.lt\/en\/wp-json\/wp\/v2\/product\/13755","targetHints":{"allow":["GET"]}}],"collection":[{"href":"https:\/\/skaitytaknyga.lt\/en\/wp-json\/wp\/v2\/product"}],"about":[{"href":"https:\/\/skaitytaknyga.lt\/en\/wp-json\/wp\/v2\/types\/product"}],"replies":[{"embeddable":true,"href":"https:\/\/skaitytaknyga.lt\/en\/wp-json\/wp\/v2\/comments?post=13755"}],"wp:featuredmedia":[{"embeddable":true,"href":"https:\/\/skaitytaknyga.lt\/en\/wp-json\/wp\/v2\/media\/13765"}],"wp:attachment":[{"href":"https:\/\/skaitytaknyga.lt\/en\/wp-json\/wp\/v2\/media?parent=13755"}],"wp:term":[{"taxonomy":"product_brand","embeddable":true,"href":"https:\/\/skaitytaknyga.lt\/en\/wp-json\/wp\/v2\/product_brand?post=13755"},{"taxonomy":"product_cat","embeddable":true,"href":"https:\/\/skaitytaknyga.lt\/en\/wp-json\/wp\/v2\/product_cat?post=13755"},{"taxonomy":"product_tag","embeddable":true,"href":"https:\/\/skaitytaknyga.lt\/en\/wp-json\/wp\/v2\/product_tag?post=13755"}],"curies":[{"name":"wp","href":"https:\/\/api.w.org\/{rel}","templated":true}]}}