{"id":13754,"date":"2024-04-09T11:13:25","date_gmt":"2024-04-09T08:13:25","guid":{"rendered":"https:\/\/skaitytaknyga.lt\/?post_type=product&#038;p=13754"},"modified":"2025-02-16T10:26:10","modified_gmt":"2025-02-16T08:26:10","slug":"nerijus-cepulis-pradzioje-buvo-zodis","status":"publish","type":"product","link":"https:\/\/skaitytaknyga.lt\/en\/produktas\/nerijus-cepulis-pradzioje-buvo-zodis\/","title":{"rendered":"Nerijus \u010cepulis \u201ePrad\u017eioje buvo \u017eodis\u201c"},"content":{"rendered":"<p>\u0160i knyga \u2013 tai biblin\u0117s meditacijos, kurios i\u0161 prad\u017ei\u0173 buvo i\u0161sakytos gyvu \u017eod\u017eiu, o po to klausytoj\u0173 pageidavimu \u012fgavo konspekt\u0173 pavidal\u0105. Autorius nesiek\u0117 pateikti vienintel\u0119 ir tikr\u0105 Biblijos tekst\u0173 interpretacij\u0105, o viso labo tik tai, kaip j\u012f asmeni\u0161kai prakalbino Dievo \u017dodis.<\/p>\n<p>Svarbiausias siekis \u2013 i\u0161provokuoti skaitytoj\u0105 pat\u012f skaityti \u0160vent\u0105j\u012f Ra\u0161t\u0105, pajusti, kad \u0161is tikrai gali atsiliepti \u012f jo kasdienius r\u016bpes\u010dius, nerim\u0105, d\u017eiaugsm\u0105.<\/p>\n<ul class=\"about-product d-none d-xl-block mt-4\">\n<li><strong>Autorius:<\/strong>\u00a0Nerijus \u010cepulis<\/li>\n<li><strong>Metai:<\/strong>\u00a02004<\/li>\n<li><strong>Puslapiai:<\/strong>\u00a0206<\/li>\n<li><strong>ISBN:<\/strong>\u00a09955962089<\/li>\n<li><strong>Formatas:<\/strong>\u00a015 x 18 cm, mink\u0161ti vir\u0161eliai<\/li>\n<li><strong>Kalba:<\/strong>\u00a0Lietuvi\u0173<\/li>\n<\/ul>\n","protected":false},"excerpt":{"rendered":"<p>\u0160i knyga \u2013 tai biblin\u0117s meditacijos, kurios i\u0161 prad\u017ei\u0173 buvo i\u0161sakytos gyvu \u017eod\u017eiu, o po to klausytoj\u0173 pageidavimu \u012fgavo konspekt\u0173 pavidal\u0105. Autorius nesiek\u0117 pateikti vienintel\u0119 ir tikr\u0105 Biblijos tekst\u0173 interpretacij\u0105, o viso labo tik tai, kaip j\u012f asmeni\u0161kai prakalbino Dievo \u017dodis. Svarbiausias siekis \u2013 i\u0161provokuoti skaitytoj\u0105 pat\u012f skaityti \u0160vent\u0105j\u012f Ra\u0161t\u0105, pajusti, kad \u0161is tikrai gali atsiliepti \u012f jo kasdienius r\u016bpes\u010dius, nerim\u0105, d\u017eiaugsm\u0105. Autorius:\u00a0Nerijus \u010cepulis Metai:\u00a02004 Puslapiai:\u00a0206 ISBN:\u00a09955962089 Formatas:\u00a015 x 18 cm, mink\u0161ti vir\u0161eliai Kalba:\u00a0Lietuvi\u0173<\/p>\n","protected":false},"featured_media":13832,"comment_status":"open","ping_status":"closed","template":"","meta":{"_acf_changed":false,"site-sidebar-layout":"default","site-content-layout":"","ast-site-content-layout":"default","site-content-style":"default","site-sidebar-style":"default","ast-global-header-display":"","ast-banner-title-visibility":"","ast-main-header-display":"","ast-hfb-above-header-display":"","ast-hfb-below-header-display":"","ast-hfb-mobile-header-display":"","site-post-title":"","ast-breadcrumbs-content":"","ast-featured-img":"","footer-sml-layout":"","ast-disable-related-posts":"","theme-transparent-header-meta":"default","adv-header-id-meta":"","stick-header-meta":"","header-above-stick-meta":"","header-main-stick-meta":"","header-below-stick-meta":"","astra-migrate-meta-layouts":"set","ast-page-background-enabled":"default","ast-page-background-meta":{"desktop":{"background-color":"","background-image":"","background-repeat":"repeat","background-position":"center center","background-size":"auto","background-attachment":"scroll","background-type":"","background-media":"","overlay-type":"","overlay-color":"","overlay-opacity":"","overlay-gradient":""},"tablet":{"background-color":"","background-image":"","background-repeat":"repeat","background-position":"center center","background-size":"auto","background-attachment":"scroll","background-type":"","background-media":"","overlay-type":"","overlay-color":"","overlay-opacity":"","overlay-gradient":""},"mobile":{"background-color":"","background-image":"","background-repeat":"repeat","background-position":"center center","background-size":"auto","background-attachment":"scroll","background-type":"","background-media":"","overlay-type":"","overlay-color":"","overlay-opacity":"","overlay-gradient":""}},"ast-content-background-meta":{"desktop":{"background-color":"var(--ast-global-color-4)","background-image":"","background-repeat":"repeat","background-position":"center center","background-size":"auto","background-attachment":"scroll","background-type":"","background-media":"","overlay-type":"","overlay-color":"","overlay-opacity":"","overlay-gradient":""},"tablet":{"background-color":"var(--ast-global-color-4)","background-image":"","background-repeat":"repeat","background-position":"center center","background-size":"auto","background-attachment":"scroll","background-type":"","background-media":"","overlay-type":"","overlay-color":"","overlay-opacity":"","overlay-gradient":""},"mobile":{"background-color":"var(--ast-global-color-4)","background-image":"","background-repeat":"repeat","background-position":"center center","background-size":"auto","background-attachment":"scroll","background-type":"","background-media":"","overlay-type":"","overlay-color":"","overlay-opacity":"","overlay-gradient":""}}},"product_brand":[],"product_cat":[15,165],"product_tag":[],"class_list":{"0":"post-13754","1":"product","2":"type-product","3":"status-publish","4":"has-post-thumbnail","6":"product_cat-uncategorized","7":"product_cat-religija-filosofija-ir-ezoterika","8":"desktop-align-left","9":"tablet-align-left","10":"mobile-align-left","12":"first","13":"outofstock","14":"shipping-taxable","15":"purchasable","16":"product-type-simple"},"acf":[],"yoast_head":"<!-- This site is optimized with the Yoast SEO plugin v27.0 - https:\/\/yoast.com\/product\/yoast-seo-wordpress\/ -->\n<title>Nerijus \u010cepulis \u201ePrad\u017eioje buvo \u017eodis\u201c<\/title>\n<meta name=\"description\" content=\"\u0160i knyga \u2013 tai biblin\u0117s meditacijos, kurios i\u0161 prad\u017ei\u0173 buvo i\u0161sakytos gyvu \u017eod\u017eiu, o po to klausytoj\u0173 pageidavimu \u012fgavo konspekt\u0173 pavidal\u0105. Autorius\" \/>\n<meta name=\"robots\" content=\"index, follow, max-snippet:-1, max-image-preview:large, max-video-preview:-1\" \/>\n<link rel=\"canonical\" href=\"https:\/\/skaitytaknyga.lt\/en\/produktas\/nerijus-cepulis-pradzioje-buvo-zodis\/\" \/>\n<meta property=\"og:locale\" content=\"en_GB\" \/>\n<meta property=\"og:locale:alternate\" content=\"lt_LT\" \/>\n<meta property=\"og:type\" content=\"article\" \/>\n<meta property=\"og:title\" content=\"Nerijus \u010cepulis \u201ePrad\u017eioje buvo \u017eodis\u201c\" \/>\n<meta property=\"og:description\" content=\"\u0160i knyga \u2013 tai biblin\u0117s meditacijos, kurios i\u0161 prad\u017ei\u0173 buvo i\u0161sakytos gyvu \u017eod\u017eiu, o po to klausytoj\u0173 pageidavimu \u012fgavo konspekt\u0173 pavidal\u0105. Autorius\" \/>\n<meta property=\"og:url\" content=\"https:\/\/skaitytaknyga.lt\/en\/produktas\/nerijus-cepulis-pradzioje-buvo-zodis\/\" \/>\n<meta property=\"og:site_name\" content=\"Skaitytaknyga\" \/>\n<meta property=\"article:publisher\" content=\"https:\/\/www.facebook.com\/skaitytaknyga\/\" \/>\n<meta property=\"article:modified_time\" content=\"2025-02-16T08:26:10+00:00\" \/>\n<meta property=\"og:image\" content=\"https:\/\/skaitytaknyga.lt\/wp-content\/uploads\/2024\/09\/Pradzioje-buvo-zodis.webp\" \/>\n\t<meta property=\"og:image:width\" content=\"378\" \/>\n\t<meta property=\"og:image:height\" content=\"589\" \/>\n\t<meta property=\"og:image:type\" content=\"image\/webp\" \/>\n<meta name=\"twitter:card\" content=\"summary_large_image\" \/>\n<meta name=\"twitter:label1\" content=\"Estimated reading time\" \/>\n\t<meta name=\"twitter:data1\" content=\"1 minute\" \/>\n<script type=\"application\/ld+json\" class=\"yoast-schema-graph\">{\"@context\":\"https:\/\/schema.org\",\"@graph\":[{\"@type\":\"WebPage\",\"@id\":\"https:\/\/skaitytaknyga.lt\/produktas\/nerijus-cepulis-pradzioje-buvo-zodis\/\",\"url\":\"https:\/\/skaitytaknyga.lt\/produktas\/nerijus-cepulis-pradzioje-buvo-zodis\/\",\"name\":\"Nerijus \u010cepulis \u201ePrad\u017eioje buvo \u017eodis\u201c\",\"isPartOf\":{\"@id\":\"https:\/\/skaitytaknyga.lt\/#website\"},\"primaryImageOfPage\":{\"@id\":\"https:\/\/skaitytaknyga.lt\/produktas\/nerijus-cepulis-pradzioje-buvo-zodis\/#primaryimage\"},\"image\":{\"@id\":\"https:\/\/skaitytaknyga.lt\/produktas\/nerijus-cepulis-pradzioje-buvo-zodis\/#primaryimage\"},\"thumbnailUrl\":\"https:\/\/skaitytaknyga.lt\/wp-content\/uploads\/2024\/09\/Pradzioje-buvo-zodis.webp\",\"datePublished\":\"2024-04-09T08:13:25+00:00\",\"dateModified\":\"2025-02-16T08:26:10+00:00\",\"description\":\"\u0160i knyga \u2013 tai biblin\u0117s meditacijos, kurios i\u0161 prad\u017ei\u0173 buvo i\u0161sakytos gyvu \u017eod\u017eiu, o po to klausytoj\u0173 pageidavimu \u012fgavo konspekt\u0173 pavidal\u0105. Autorius\",\"breadcrumb\":{\"@id\":\"https:\/\/skaitytaknyga.lt\/produktas\/nerijus-cepulis-pradzioje-buvo-zodis\/#breadcrumb\"},\"inLanguage\":\"en-GB\",\"potentialAction\":[{\"@type\":\"ReadAction\",\"target\":[\"https:\/\/skaitytaknyga.lt\/produktas\/nerijus-cepulis-pradzioje-buvo-zodis\/\"]}]},{\"@type\":\"ImageObject\",\"inLanguage\":\"en-GB\",\"@id\":\"https:\/\/skaitytaknyga.lt\/produktas\/nerijus-cepulis-pradzioje-buvo-zodis\/#primaryimage\",\"url\":\"https:\/\/skaitytaknyga.lt\/wp-content\/uploads\/2024\/09\/Pradzioje-buvo-zodis.webp\",\"contentUrl\":\"https:\/\/skaitytaknyga.lt\/wp-content\/uploads\/2024\/09\/Pradzioje-buvo-zodis.webp\",\"width\":378,\"height\":589,\"caption\":\"Prad\u017eioje buvo \u017eodis\"},{\"@type\":\"BreadcrumbList\",\"@id\":\"https:\/\/skaitytaknyga.lt\/produktas\/nerijus-cepulis-pradzioje-buvo-zodis\/#breadcrumb\",\"itemListElement\":[{\"@type\":\"ListItem\",\"position\":1,\"name\":\"Home\",\"item\":\"https:\/\/skaitytaknyga.lt\/\"},{\"@type\":\"ListItem\",\"position\":2,\"name\":\"Parduotuv\u0117\",\"item\":\"https:\/\/skaitytaknyga.lt\/knygu-parduotuve\/\"},{\"@type\":\"ListItem\",\"position\":3,\"name\":\"Nerijus \u010cepulis \u201ePrad\u017eioje buvo \u017eodis\u201c\"}]},{\"@type\":\"WebSite\",\"@id\":\"https:\/\/skaitytaknyga.lt\/#website\",\"url\":\"https:\/\/skaitytaknyga.lt\/\",\"name\":\"skaitytaknyga.lt\",\"description\":\"Skaitytaknyga.lt \u2013 tai ma\u017eas \u0161eimos verslas, kuris prasid\u0117jo nuo meil\u0117s knygoms ir siekio i\u0161gelb\u0117ti knygas nuo likimo prie konteinerio. Kas vienam nereikalingas daiktas \u2013 kitam lobis, o mes esame tarpininkai, kurie padeda abiems tapti laimingesniems ???? \u017dinome kaip nelengva i\u0161gyventi ma\u017eiems verslams, tad nuo \u0161iol, \u010dia rasite ir kit\u0173, ma\u017e\u0173 \u0161eim\u0173 versl\u0173, rank\u0173 darbo, dovan\u0173 sau ir artimiesiems.\",\"publisher\":{\"@id\":\"https:\/\/skaitytaknyga.lt\/#organization\"},\"potentialAction\":[{\"@type\":\"SearchAction\",\"target\":{\"@type\":\"EntryPoint\",\"urlTemplate\":\"https:\/\/skaitytaknyga.lt\/?s={search_term_string}\"},\"query-input\":{\"@type\":\"PropertyValueSpecification\",\"valueRequired\":true,\"valueName\":\"search_term_string\"}}],\"inLanguage\":\"en-GB\"},{\"@type\":\"Organization\",\"@id\":\"https:\/\/skaitytaknyga.lt\/#organization\",\"name\":\"skaitytaknyga.lt\",\"url\":\"https:\/\/skaitytaknyga.lt\/\",\"logo\":{\"@type\":\"ImageObject\",\"inLanguage\":\"en-GB\",\"@id\":\"https:\/\/skaitytaknyga.lt\/#\/schema\/logo\/image\/\",\"url\":\"https:\/\/skaitytaknyga.lt\/wp-content\/uploads\/2024\/05\/cropped-cropped-cropped-02_00843_jt3bggkj1j3HLc7SyY6rEUpg.jpeg\",\"contentUrl\":\"https:\/\/skaitytaknyga.lt\/wp-content\/uploads\/2024\/05\/cropped-cropped-cropped-02_00843_jt3bggkj1j3HLc7SyY6rEUpg.jpeg\",\"width\":1600,\"height\":1600,\"caption\":\"skaitytaknyga.lt\"},\"image\":{\"@id\":\"https:\/\/skaitytaknyga.lt\/#\/schema\/logo\/image\/\"},\"sameAs\":[\"https:\/\/www.facebook.com\/skaitytaknyga\/\"]}]}<\/script>\n<!-- \/ Yoast SEO plugin. -->","yoast_head_json":{"title":"Nerijus \u010cepulis \u201ePrad\u017eioje buvo \u017eodis\u201c","description":"\u0160i knyga \u2013 tai biblin\u0117s meditacijos, kurios i\u0161 prad\u017ei\u0173 buvo i\u0161sakytos gyvu \u017eod\u017eiu, o po to klausytoj\u0173 pageidavimu \u012fgavo konspekt\u0173 pavidal\u0105. Autorius","robots":{"index":"index","follow":"follow","max-snippet":"max-snippet:-1","max-image-preview":"max-image-preview:large","max-video-preview":"max-video-preview:-1"},"canonical":"https:\/\/skaitytaknyga.lt\/en\/produktas\/nerijus-cepulis-pradzioje-buvo-zodis\/","og_locale":"en_GB","og_type":"article","og_title":"[:lt]Nerijus \u010cepulis \u201ePrad\u017eioje buvo \u017eodis\u201c[:] - Skaitytaknyga","og_description":"\u0160i knyga \u2013 tai biblin\u0117s meditacijos, kurios i\u0161 prad\u017ei\u0173 buvo i\u0161sakytos gyvu \u017eod\u017eiu, o po to klausytoj\u0173 pageidavimu \u012fgavo konspekt\u0173 pavidal\u0105. Autorius","og_url":"https:\/\/skaitytaknyga.lt\/en\/produktas\/nerijus-cepulis-pradzioje-buvo-zodis\/","og_site_name":"Skaitytaknyga","article_publisher":"https:\/\/www.facebook.com\/skaitytaknyga\/","article_modified_time":"2025-02-16T08:26:10+00:00","og_image":[{"width":378,"height":589,"url":"https:\/\/skaitytaknyga.lt\/wp-content\/uploads\/2024\/09\/Pradzioje-buvo-zodis.webp","type":"image\/webp"}],"twitter_card":"summary_large_image","twitter_misc":{"Estimated reading time":"1 minute"},"schema":{"@context":"https:\/\/schema.org","@graph":[{"@type":"WebPage","@id":"https:\/\/skaitytaknyga.lt\/produktas\/nerijus-cepulis-pradzioje-buvo-zodis\/","url":"https:\/\/skaitytaknyga.lt\/produktas\/nerijus-cepulis-pradzioje-buvo-zodis\/","name":"Nerijus \u010cepulis \u201ePrad\u017eioje buvo \u017eodis\u201c","isPartOf":{"@id":"https:\/\/skaitytaknyga.lt\/#website"},"primaryImageOfPage":{"@id":"https:\/\/skaitytaknyga.lt\/produktas\/nerijus-cepulis-pradzioje-buvo-zodis\/#primaryimage"},"image":{"@id":"https:\/\/skaitytaknyga.lt\/produktas\/nerijus-cepulis-pradzioje-buvo-zodis\/#primaryimage"},"thumbnailUrl":"https:\/\/skaitytaknyga.lt\/wp-content\/uploads\/2024\/09\/Pradzioje-buvo-zodis.webp","datePublished":"2024-04-09T08:13:25+00:00","dateModified":"2025-02-16T08:26:10+00:00","description":"\u0160i knyga \u2013 tai biblin\u0117s meditacijos, kurios i\u0161 prad\u017ei\u0173 buvo i\u0161sakytos gyvu \u017eod\u017eiu, o po to klausytoj\u0173 pageidavimu \u012fgavo konspekt\u0173 pavidal\u0105. Autorius","breadcrumb":{"@id":"https:\/\/skaitytaknyga.lt\/produktas\/nerijus-cepulis-pradzioje-buvo-zodis\/#breadcrumb"},"inLanguage":"en-GB","potentialAction":[{"@type":"ReadAction","target":["https:\/\/skaitytaknyga.lt\/produktas\/nerijus-cepulis-pradzioje-buvo-zodis\/"]}]},{"@type":"ImageObject","inLanguage":"en-GB","@id":"https:\/\/skaitytaknyga.lt\/produktas\/nerijus-cepulis-pradzioje-buvo-zodis\/#primaryimage","url":"https:\/\/skaitytaknyga.lt\/wp-content\/uploads\/2024\/09\/Pradzioje-buvo-zodis.webp","contentUrl":"https:\/\/skaitytaknyga.lt\/wp-content\/uploads\/2024\/09\/Pradzioje-buvo-zodis.webp","width":378,"height":589,"caption":"Prad\u017eioje buvo \u017eodis"},{"@type":"BreadcrumbList","@id":"https:\/\/skaitytaknyga.lt\/produktas\/nerijus-cepulis-pradzioje-buvo-zodis\/#breadcrumb","itemListElement":[{"@type":"ListItem","position":1,"name":"Home","item":"https:\/\/skaitytaknyga.lt\/"},{"@type":"ListItem","position":2,"name":"Parduotuv\u0117","item":"https:\/\/skaitytaknyga.lt\/knygu-parduotuve\/"},{"@type":"ListItem","position":3,"name":"Nerijus \u010cepulis \u201ePrad\u017eioje buvo \u017eodis\u201c"}]},{"@type":"WebSite","@id":"https:\/\/skaitytaknyga.lt\/#website","url":"https:\/\/skaitytaknyga.lt\/","name":"skaitytaknyga.lt","description":"Skaitytaknyga.lt \u2013 tai ma\u017eas \u0161eimos verslas, kuris prasid\u0117jo nuo meil\u0117s knygoms ir siekio i\u0161gelb\u0117ti knygas nuo likimo prie konteinerio. Kas vienam nereikalingas daiktas \u2013 kitam lobis, o mes esame tarpininkai, kurie padeda abiems tapti laimingesniems ???? \u017dinome kaip nelengva i\u0161gyventi ma\u017eiems verslams, tad nuo \u0161iol, \u010dia rasite ir kit\u0173, ma\u017e\u0173 \u0161eim\u0173 versl\u0173, rank\u0173 darbo, dovan\u0173 sau ir artimiesiems.","publisher":{"@id":"https:\/\/skaitytaknyga.lt\/#organization"},"potentialAction":[{"@type":"SearchAction","target":{"@type":"EntryPoint","urlTemplate":"https:\/\/skaitytaknyga.lt\/?s={search_term_string}"},"query-input":{"@type":"PropertyValueSpecification","valueRequired":true,"valueName":"search_term_string"}}],"inLanguage":"en-GB"},{"@type":"Organization","@id":"https:\/\/skaitytaknyga.lt\/#organization","name":"skaitytaknyga.lt","url":"https:\/\/skaitytaknyga.lt\/","logo":{"@type":"ImageObject","inLanguage":"en-GB","@id":"https:\/\/skaitytaknyga.lt\/#\/schema\/logo\/image\/","url":"https:\/\/skaitytaknyga.lt\/wp-content\/uploads\/2024\/05\/cropped-cropped-cropped-02_00843_jt3bggkj1j3HLc7SyY6rEUpg.jpeg","contentUrl":"https:\/\/skaitytaknyga.lt\/wp-content\/uploads\/2024\/05\/cropped-cropped-cropped-02_00843_jt3bggkj1j3HLc7SyY6rEUpg.jpeg","width":1600,"height":1600,"caption":"skaitytaknyga.lt"},"image":{"@id":"https:\/\/skaitytaknyga.lt\/#\/schema\/logo\/image\/"},"sameAs":["https:\/\/www.facebook.com\/skaitytaknyga\/"]}]}},"_links":{"self":[{"href":"https:\/\/skaitytaknyga.lt\/en\/wp-json\/wp\/v2\/product\/13754","targetHints":{"allow":["GET"]}}],"collection":[{"href":"https:\/\/skaitytaknyga.lt\/en\/wp-json\/wp\/v2\/product"}],"about":[{"href":"https:\/\/skaitytaknyga.lt\/en\/wp-json\/wp\/v2\/types\/product"}],"replies":[{"embeddable":true,"href":"https:\/\/skaitytaknyga.lt\/en\/wp-json\/wp\/v2\/comments?post=13754"}],"wp:featuredmedia":[{"embeddable":true,"href":"https:\/\/skaitytaknyga.lt\/en\/wp-json\/wp\/v2\/media\/13832"}],"wp:attachment":[{"href":"https:\/\/skaitytaknyga.lt\/en\/wp-json\/wp\/v2\/media?parent=13754"}],"wp:term":[{"taxonomy":"product_brand","embeddable":true,"href":"https:\/\/skaitytaknyga.lt\/en\/wp-json\/wp\/v2\/product_brand?post=13754"},{"taxonomy":"product_cat","embeddable":true,"href":"https:\/\/skaitytaknyga.lt\/en\/wp-json\/wp\/v2\/product_cat?post=13754"},{"taxonomy":"product_tag","embeddable":true,"href":"https:\/\/skaitytaknyga.lt\/en\/wp-json\/wp\/v2\/product_tag?post=13754"}],"curies":[{"name":"wp","href":"https:\/\/api.w.org\/{rel}","templated":true}]}}