{"id":13753,"date":"2024-09-09T11:13:25","date_gmt":"2024-09-09T08:13:25","guid":{"rendered":"https:\/\/skaitytaknyga.lt\/?post_type=product&#038;p=13753"},"modified":"2024-09-10T10:40:31","modified_gmt":"2024-09-10T07:40:31","slug":"steven-cartier-julia-sokol-jis-bijo-ji-panikuoja-kaip-suprasti-pasleptas-baimes-kenkiancias-tarpusavio-santykiams","status":"publish","type":"product","link":"https:\/\/skaitytaknyga.lt\/en\/produktas\/steven-cartier-julia-sokol-jis-bijo-ji-panikuoja-kaip-suprasti-pasleptas-baimes-kenkiancias-tarpusavio-santykiams\/","title":{"rendered":"Steven Cartier, Julia Sokol \u201eJis bijo, ji panikuoja: kaip suprasti pasl\u0117ptas baimes, kenkian\u010dias tarpusavio santykiams\u201c"},"content":{"rendered":"<p>Tobulo partnerio paie\u0161ka ir baim\u0117 \u012fsipareigoti, nutr\u016bkusi\u0173 meil\u0117s ry\u0161i\u0173 prie\u017eastys, \u012fvairiausi\u0173 gyvenimi\u0161k\u0173 konflikt\u0173 aspektai \u0161ias ir daug kit\u0173 problem\u0173 nagrin\u0117ja knygos autoriai, remdamiesi savo patirtimi ir mokslo tyrimais. Kod\u0117l kaltiname vieni kitus ir nerandame i\u0161eities i\u0161 keblios situacijos? Jautriai patariama, kaip i\u0161vengti tarpusavio konflikt\u0173.<\/p>\n<ul class=\"about-product d-none d-xl-block mt-4\">\n<li><strong>Originalus pavadinimas:<\/strong>\u00a0He&#8217;s Scared, She&#8217;s Scared<\/li>\n<li><strong>Autorius:<\/strong>\u00a0Steven Cartier,\u00a0Julia Sokol<\/li>\n<li><strong>Leid\u0117jas:<\/strong>\u00a0Dajalita<\/li>\n<li><strong>Metai:<\/strong>\u00a02017<\/li>\n<li><strong>Puslapiai:<\/strong>\u00a0320<\/li>\n<li><strong>ISBN:<\/strong>\u00a09786094240867<\/li>\n<li><strong>Versijos kodas:<\/strong>\u00a0PT.<\/li>\n<li><strong>Formatas:<\/strong>\u00a014,5 x 21 x 1,1 cm, mink\u0161ti vir\u0161eliai<\/li>\n<li><strong>Kalba:<\/strong>\u00a0Lietuvi\u0173<\/li>\n<li><strong>Vert\u0117jas:<\/strong>\u00a0Regina Bylien\u0117<\/li>\n<\/ul>\n","protected":false},"excerpt":{"rendered":"<p>Tobulo partnerio paie\u0161ka ir baim\u0117 \u012fsipareigoti, nutr\u016bkusi\u0173 meil\u0117s ry\u0161i\u0173 prie\u017eastys, \u012fvairiausi\u0173 gyvenimi\u0161k\u0173 konflikt\u0173 aspektai \u0161ias ir daug kit\u0173 problem\u0173 nagrin\u0117ja knygos autoriai, remdamiesi savo patirtimi ir mokslo tyrimais. Kod\u0117l kaltiname vieni kitus ir nerandame i\u0161eities i\u0161 keblios situacijos? Jautriai patariama, kaip i\u0161vengti tarpusavio konflikt\u0173. Originalus pavadinimas:\u00a0He&#8217;s Scared, She&#8217;s Scared Autorius:\u00a0Steven Cartier,\u00a0Julia Sokol Leid\u0117jas:\u00a0Dajalita Metai:\u00a02017 Puslapiai:\u00a0320 ISBN:\u00a09786094240867 Versijos kodas:\u00a0PT. Formatas:\u00a014,5 x 21 x 1,1 cm, mink\u0161ti vir\u0161eliai Kalba:\u00a0Lietuvi\u0173 Vert\u0117jas:\u00a0Regina Bylien\u0117<\/p>\n","protected":false},"featured_media":13766,"comment_status":"open","ping_status":"closed","template":"","meta":{"_acf_changed":false,"site-sidebar-layout":"default","site-content-layout":"","ast-site-content-layout":"default","site-content-style":"default","site-sidebar-style":"default","ast-global-header-display":"","ast-banner-title-visibility":"","ast-main-header-display":"","ast-hfb-above-header-display":"","ast-hfb-below-header-display":"","ast-hfb-mobile-header-display":"","site-post-title":"","ast-breadcrumbs-content":"","ast-featured-img":"","footer-sml-layout":"","ast-disable-related-posts":"","theme-transparent-header-meta":"default","adv-header-id-meta":"","stick-header-meta":"","header-above-stick-meta":"","header-main-stick-meta":"","header-below-stick-meta":"","astra-migrate-meta-layouts":"set","ast-page-background-enabled":"default","ast-page-background-meta":{"desktop":{"background-color":"","background-image":"","background-repeat":"repeat","background-position":"center center","background-size":"auto","background-attachment":"scroll","background-type":"","background-media":"","overlay-type":"","overlay-color":"","overlay-opacity":"","overlay-gradient":""},"tablet":{"background-color":"","background-image":"","background-repeat":"repeat","background-position":"center center","background-size":"auto","background-attachment":"scroll","background-type":"","background-media":"","overlay-type":"","overlay-color":"","overlay-opacity":"","overlay-gradient":""},"mobile":{"background-color":"","background-image":"","background-repeat":"repeat","background-position":"center center","background-size":"auto","background-attachment":"scroll","background-type":"","background-media":"","overlay-type":"","overlay-color":"","overlay-opacity":"","overlay-gradient":""}},"ast-content-background-meta":{"desktop":{"background-color":"var(--ast-global-color-4)","background-image":"","background-repeat":"repeat","background-position":"center center","background-size":"auto","background-attachment":"scroll","background-type":"","background-media":"","overlay-type":"","overlay-color":"","overlay-opacity":"","overlay-gradient":""},"tablet":{"background-color":"var(--ast-global-color-4)","background-image":"","background-repeat":"repeat","background-position":"center center","background-size":"auto","background-attachment":"scroll","background-type":"","background-media":"","overlay-type":"","overlay-color":"","overlay-opacity":"","overlay-gradient":""},"mobile":{"background-color":"var(--ast-global-color-4)","background-image":"","background-repeat":"repeat","background-position":"center center","background-size":"auto","background-attachment":"scroll","background-type":"","background-media":"","overlay-type":"","overlay-color":"","overlay-opacity":"","overlay-gradient":""}}},"product_brand":[],"product_cat":[15],"product_tag":[],"class_list":{"0":"post-13753","1":"product","2":"type-product","3":"status-publish","4":"has-post-thumbnail","6":"product_cat-uncategorized","7":"desktop-align-left","8":"tablet-align-left","9":"mobile-align-left","11":"first","12":"instock","13":"shipping-taxable","14":"purchasable","15":"product-type-simple"},"acf":[],"yoast_head":"<!-- This site is optimized with the Yoast SEO plugin v27.0 - https:\/\/yoast.com\/product\/yoast-seo-wordpress\/ -->\n<title>Steven Cartier, Julia Sokol \u201eJis bijo, ji panikuoja: kaip suprasti pasl\u0117ptas baimes, kenkian\u010dias tarpusavio santykiams\u201c<\/title>\n<meta name=\"description\" content=\"Tobulo partnerio paie\u0161ka ir baim\u0117 \u012fsipareigoti, nutr\u016bkusi\u0173 meil\u0117s ry\u0161i\u0173 prie\u017eastys, \u012fvairiausi\u0173 gyvenimi\u0161k\u0173 konflikt\u0173 aspektai \u0161ias ir daug kit\u0173 problem\u0173\" \/>\n<meta name=\"robots\" content=\"index, follow, max-snippet:-1, max-image-preview:large, max-video-preview:-1\" \/>\n<link rel=\"canonical\" href=\"https:\/\/skaitytaknyga.lt\/en\/produktas\/steven-cartier-julia-sokol-jis-bijo-ji-panikuoja-kaip-suprasti-pasleptas-baimes-kenkiancias-tarpusavio-santykiams\/\" \/>\n<meta property=\"og:locale\" content=\"en_GB\" \/>\n<meta property=\"og:locale:alternate\" content=\"lt_LT\" \/>\n<meta property=\"og:type\" content=\"article\" \/>\n<meta property=\"og:title\" content=\"Steven Cartier, Julia Sokol \u201eJis bijo, ji panikuoja: kaip suprasti pasl\u0117ptas baimes, kenkian\u010dias tarpusavio santykiams\u201c\" \/>\n<meta property=\"og:description\" content=\"Tobulo partnerio paie\u0161ka ir baim\u0117 \u012fsipareigoti, nutr\u016bkusi\u0173 meil\u0117s ry\u0161i\u0173 prie\u017eastys, \u012fvairiausi\u0173 gyvenimi\u0161k\u0173 konflikt\u0173 aspektai \u0161ias ir daug kit\u0173 problem\u0173\" \/>\n<meta property=\"og:url\" content=\"https:\/\/skaitytaknyga.lt\/en\/produktas\/steven-cartier-julia-sokol-jis-bijo-ji-panikuoja-kaip-suprasti-pasleptas-baimes-kenkiancias-tarpusavio-santykiams\/\" \/>\n<meta property=\"og:site_name\" content=\"Skaitytaknyga\" \/>\n<meta property=\"article:publisher\" content=\"https:\/\/www.facebook.com\/skaitytaknyga\/\" \/>\n<meta property=\"article:modified_time\" content=\"2024-09-10T07:40:31+00:00\" \/>\n<meta property=\"og:image\" content=\"https:\/\/skaitytaknyga.lt\/wp-content\/uploads\/2024\/09\/Jis-bijo-ji-panikuoja.webp\" \/>\n\t<meta property=\"og:image:width\" content=\"543\" \/>\n\t<meta property=\"og:image:height\" content=\"800\" \/>\n\t<meta property=\"og:image:type\" content=\"image\/webp\" \/>\n<meta name=\"twitter:card\" content=\"summary_large_image\" \/>\n<meta name=\"twitter:label1\" content=\"Estimated reading time\" \/>\n\t<meta name=\"twitter:data1\" content=\"1 minute\" \/>\n<script type=\"application\/ld+json\" class=\"yoast-schema-graph\">{\"@context\":\"https:\/\/schema.org\",\"@graph\":[{\"@type\":\"WebPage\",\"@id\":\"https:\/\/skaitytaknyga.lt\/produktas\/steven-cartier-julia-sokol-jis-bijo-ji-panikuoja-kaip-suprasti-pasleptas-baimes-kenkiancias-tarpusavio-santykiams\/\",\"url\":\"https:\/\/skaitytaknyga.lt\/produktas\/steven-cartier-julia-sokol-jis-bijo-ji-panikuoja-kaip-suprasti-pasleptas-baimes-kenkiancias-tarpusavio-santykiams\/\",\"name\":\"Steven Cartier, Julia Sokol \u201eJis bijo, ji panikuoja: kaip suprasti pasl\u0117ptas baimes, kenkian\u010dias tarpusavio santykiams\u201c\",\"isPartOf\":{\"@id\":\"https:\/\/skaitytaknyga.lt\/#website\"},\"primaryImageOfPage\":{\"@id\":\"https:\/\/skaitytaknyga.lt\/produktas\/steven-cartier-julia-sokol-jis-bijo-ji-panikuoja-kaip-suprasti-pasleptas-baimes-kenkiancias-tarpusavio-santykiams\/#primaryimage\"},\"image\":{\"@id\":\"https:\/\/skaitytaknyga.lt\/produktas\/steven-cartier-julia-sokol-jis-bijo-ji-panikuoja-kaip-suprasti-pasleptas-baimes-kenkiancias-tarpusavio-santykiams\/#primaryimage\"},\"thumbnailUrl\":\"https:\/\/skaitytaknyga.lt\/wp-content\/uploads\/2024\/09\/Jis-bijo-ji-panikuoja.webp\",\"datePublished\":\"2024-09-09T08:13:25+00:00\",\"dateModified\":\"2024-09-10T07:40:31+00:00\",\"description\":\"Tobulo partnerio paie\u0161ka ir baim\u0117 \u012fsipareigoti, nutr\u016bkusi\u0173 meil\u0117s ry\u0161i\u0173 prie\u017eastys, \u012fvairiausi\u0173 gyvenimi\u0161k\u0173 konflikt\u0173 aspektai \u0161ias ir daug kit\u0173 problem\u0173\",\"breadcrumb\":{\"@id\":\"https:\/\/skaitytaknyga.lt\/produktas\/steven-cartier-julia-sokol-jis-bijo-ji-panikuoja-kaip-suprasti-pasleptas-baimes-kenkiancias-tarpusavio-santykiams\/#breadcrumb\"},\"inLanguage\":\"en-GB\",\"potentialAction\":[{\"@type\":\"ReadAction\",\"target\":[\"https:\/\/skaitytaknyga.lt\/produktas\/steven-cartier-julia-sokol-jis-bijo-ji-panikuoja-kaip-suprasti-pasleptas-baimes-kenkiancias-tarpusavio-santykiams\/\"]}]},{\"@type\":\"ImageObject\",\"inLanguage\":\"en-GB\",\"@id\":\"https:\/\/skaitytaknyga.lt\/produktas\/steven-cartier-julia-sokol-jis-bijo-ji-panikuoja-kaip-suprasti-pasleptas-baimes-kenkiancias-tarpusavio-santykiams\/#primaryimage\",\"url\":\"https:\/\/skaitytaknyga.lt\/wp-content\/uploads\/2024\/09\/Jis-bijo-ji-panikuoja.webp\",\"contentUrl\":\"https:\/\/skaitytaknyga.lt\/wp-content\/uploads\/2024\/09\/Jis-bijo-ji-panikuoja.webp\",\"width\":543,\"height\":800,\"caption\":\"Jis bijo, ji panikuoja\"},{\"@type\":\"BreadcrumbList\",\"@id\":\"https:\/\/skaitytaknyga.lt\/produktas\/steven-cartier-julia-sokol-jis-bijo-ji-panikuoja-kaip-suprasti-pasleptas-baimes-kenkiancias-tarpusavio-santykiams\/#breadcrumb\",\"itemListElement\":[{\"@type\":\"ListItem\",\"position\":1,\"name\":\"Home\",\"item\":\"https:\/\/skaitytaknyga.lt\/\"},{\"@type\":\"ListItem\",\"position\":2,\"name\":\"Parduotuv\u0117\",\"item\":\"https:\/\/skaitytaknyga.lt\/knygu-parduotuve\/\"},{\"@type\":\"ListItem\",\"position\":3,\"name\":\"Steven Cartier, Julia Sokol \u201eJis bijo, ji panikuoja: kaip suprasti pasl\u0117ptas baimes, kenkian\u010dias tarpusavio santykiams\u201c\"}]},{\"@type\":\"WebSite\",\"@id\":\"https:\/\/skaitytaknyga.lt\/#website\",\"url\":\"https:\/\/skaitytaknyga.lt\/\",\"name\":\"skaitytaknyga.lt\",\"description\":\"Skaitytaknyga.lt \u2013 tai ma\u017eas \u0161eimos verslas, kuris prasid\u0117jo nuo meil\u0117s knygoms ir siekio i\u0161gelb\u0117ti knygas nuo likimo prie konteinerio. Kas vienam nereikalingas daiktas \u2013 kitam lobis, o mes esame tarpininkai, kurie padeda abiems tapti laimingesniems ???? \u017dinome kaip nelengva i\u0161gyventi ma\u017eiems verslams, tad nuo \u0161iol, \u010dia rasite ir kit\u0173, ma\u017e\u0173 \u0161eim\u0173 versl\u0173, rank\u0173 darbo, dovan\u0173 sau ir artimiesiems.\",\"publisher\":{\"@id\":\"https:\/\/skaitytaknyga.lt\/#organization\"},\"potentialAction\":[{\"@type\":\"SearchAction\",\"target\":{\"@type\":\"EntryPoint\",\"urlTemplate\":\"https:\/\/skaitytaknyga.lt\/?s={search_term_string}\"},\"query-input\":{\"@type\":\"PropertyValueSpecification\",\"valueRequired\":true,\"valueName\":\"search_term_string\"}}],\"inLanguage\":\"en-GB\"},{\"@type\":\"Organization\",\"@id\":\"https:\/\/skaitytaknyga.lt\/#organization\",\"name\":\"skaitytaknyga.lt\",\"url\":\"https:\/\/skaitytaknyga.lt\/\",\"logo\":{\"@type\":\"ImageObject\",\"inLanguage\":\"en-GB\",\"@id\":\"https:\/\/skaitytaknyga.lt\/#\/schema\/logo\/image\/\",\"url\":\"https:\/\/skaitytaknyga.lt\/wp-content\/uploads\/2024\/05\/cropped-cropped-cropped-02_00843_jt3bggkj1j3HLc7SyY6rEUpg.jpeg\",\"contentUrl\":\"https:\/\/skaitytaknyga.lt\/wp-content\/uploads\/2024\/05\/cropped-cropped-cropped-02_00843_jt3bggkj1j3HLc7SyY6rEUpg.jpeg\",\"width\":1600,\"height\":1600,\"caption\":\"skaitytaknyga.lt\"},\"image\":{\"@id\":\"https:\/\/skaitytaknyga.lt\/#\/schema\/logo\/image\/\"},\"sameAs\":[\"https:\/\/www.facebook.com\/skaitytaknyga\/\"]}]}<\/script>\n<!-- \/ Yoast SEO plugin. -->","yoast_head_json":{"title":"Steven Cartier, Julia Sokol \u201eJis bijo, ji panikuoja: kaip suprasti pasl\u0117ptas baimes, kenkian\u010dias tarpusavio santykiams\u201c","description":"Tobulo partnerio paie\u0161ka ir baim\u0117 \u012fsipareigoti, nutr\u016bkusi\u0173 meil\u0117s ry\u0161i\u0173 prie\u017eastys, \u012fvairiausi\u0173 gyvenimi\u0161k\u0173 konflikt\u0173 aspektai \u0161ias ir daug kit\u0173 problem\u0173","robots":{"index":"index","follow":"follow","max-snippet":"max-snippet:-1","max-image-preview":"max-image-preview:large","max-video-preview":"max-video-preview:-1"},"canonical":"https:\/\/skaitytaknyga.lt\/en\/produktas\/steven-cartier-julia-sokol-jis-bijo-ji-panikuoja-kaip-suprasti-pasleptas-baimes-kenkiancias-tarpusavio-santykiams\/","og_locale":"en_GB","og_type":"article","og_title":"[:lt]Steven Cartier, Julia Sokol \u201eJis bijo, ji panikuoja: kaip suprasti pasl\u0117ptas baimes, kenkian\u010dias tarpusavio santykiams\u201c[:] - Skaitytaknyga","og_description":"Tobulo partnerio paie\u0161ka ir baim\u0117 \u012fsipareigoti, nutr\u016bkusi\u0173 meil\u0117s ry\u0161i\u0173 prie\u017eastys, \u012fvairiausi\u0173 gyvenimi\u0161k\u0173 konflikt\u0173 aspektai \u0161ias ir daug kit\u0173 problem\u0173","og_url":"https:\/\/skaitytaknyga.lt\/en\/produktas\/steven-cartier-julia-sokol-jis-bijo-ji-panikuoja-kaip-suprasti-pasleptas-baimes-kenkiancias-tarpusavio-santykiams\/","og_site_name":"Skaitytaknyga","article_publisher":"https:\/\/www.facebook.com\/skaitytaknyga\/","article_modified_time":"2024-09-10T07:40:31+00:00","og_image":[{"width":543,"height":800,"url":"https:\/\/skaitytaknyga.lt\/wp-content\/uploads\/2024\/09\/Jis-bijo-ji-panikuoja.webp","type":"image\/webp"}],"twitter_card":"summary_large_image","twitter_misc":{"Estimated reading time":"1 minute"},"schema":{"@context":"https:\/\/schema.org","@graph":[{"@type":"WebPage","@id":"https:\/\/skaitytaknyga.lt\/produktas\/steven-cartier-julia-sokol-jis-bijo-ji-panikuoja-kaip-suprasti-pasleptas-baimes-kenkiancias-tarpusavio-santykiams\/","url":"https:\/\/skaitytaknyga.lt\/produktas\/steven-cartier-julia-sokol-jis-bijo-ji-panikuoja-kaip-suprasti-pasleptas-baimes-kenkiancias-tarpusavio-santykiams\/","name":"Steven Cartier, Julia Sokol \u201eJis bijo, ji panikuoja: kaip suprasti pasl\u0117ptas baimes, kenkian\u010dias tarpusavio santykiams\u201c","isPartOf":{"@id":"https:\/\/skaitytaknyga.lt\/#website"},"primaryImageOfPage":{"@id":"https:\/\/skaitytaknyga.lt\/produktas\/steven-cartier-julia-sokol-jis-bijo-ji-panikuoja-kaip-suprasti-pasleptas-baimes-kenkiancias-tarpusavio-santykiams\/#primaryimage"},"image":{"@id":"https:\/\/skaitytaknyga.lt\/produktas\/steven-cartier-julia-sokol-jis-bijo-ji-panikuoja-kaip-suprasti-pasleptas-baimes-kenkiancias-tarpusavio-santykiams\/#primaryimage"},"thumbnailUrl":"https:\/\/skaitytaknyga.lt\/wp-content\/uploads\/2024\/09\/Jis-bijo-ji-panikuoja.webp","datePublished":"2024-09-09T08:13:25+00:00","dateModified":"2024-09-10T07:40:31+00:00","description":"Tobulo partnerio paie\u0161ka ir baim\u0117 \u012fsipareigoti, nutr\u016bkusi\u0173 meil\u0117s ry\u0161i\u0173 prie\u017eastys, \u012fvairiausi\u0173 gyvenimi\u0161k\u0173 konflikt\u0173 aspektai \u0161ias ir daug kit\u0173 problem\u0173","breadcrumb":{"@id":"https:\/\/skaitytaknyga.lt\/produktas\/steven-cartier-julia-sokol-jis-bijo-ji-panikuoja-kaip-suprasti-pasleptas-baimes-kenkiancias-tarpusavio-santykiams\/#breadcrumb"},"inLanguage":"en-GB","potentialAction":[{"@type":"ReadAction","target":["https:\/\/skaitytaknyga.lt\/produktas\/steven-cartier-julia-sokol-jis-bijo-ji-panikuoja-kaip-suprasti-pasleptas-baimes-kenkiancias-tarpusavio-santykiams\/"]}]},{"@type":"ImageObject","inLanguage":"en-GB","@id":"https:\/\/skaitytaknyga.lt\/produktas\/steven-cartier-julia-sokol-jis-bijo-ji-panikuoja-kaip-suprasti-pasleptas-baimes-kenkiancias-tarpusavio-santykiams\/#primaryimage","url":"https:\/\/skaitytaknyga.lt\/wp-content\/uploads\/2024\/09\/Jis-bijo-ji-panikuoja.webp","contentUrl":"https:\/\/skaitytaknyga.lt\/wp-content\/uploads\/2024\/09\/Jis-bijo-ji-panikuoja.webp","width":543,"height":800,"caption":"Jis bijo, ji panikuoja"},{"@type":"BreadcrumbList","@id":"https:\/\/skaitytaknyga.lt\/produktas\/steven-cartier-julia-sokol-jis-bijo-ji-panikuoja-kaip-suprasti-pasleptas-baimes-kenkiancias-tarpusavio-santykiams\/#breadcrumb","itemListElement":[{"@type":"ListItem","position":1,"name":"Home","item":"https:\/\/skaitytaknyga.lt\/"},{"@type":"ListItem","position":2,"name":"Parduotuv\u0117","item":"https:\/\/skaitytaknyga.lt\/knygu-parduotuve\/"},{"@type":"ListItem","position":3,"name":"Steven Cartier, Julia Sokol \u201eJis bijo, ji panikuoja: kaip suprasti pasl\u0117ptas baimes, kenkian\u010dias tarpusavio santykiams\u201c"}]},{"@type":"WebSite","@id":"https:\/\/skaitytaknyga.lt\/#website","url":"https:\/\/skaitytaknyga.lt\/","name":"skaitytaknyga.lt","description":"Skaitytaknyga.lt \u2013 tai ma\u017eas \u0161eimos verslas, kuris prasid\u0117jo nuo meil\u0117s knygoms ir siekio i\u0161gelb\u0117ti knygas nuo likimo prie konteinerio. Kas vienam nereikalingas daiktas \u2013 kitam lobis, o mes esame tarpininkai, kurie padeda abiems tapti laimingesniems ???? \u017dinome kaip nelengva i\u0161gyventi ma\u017eiems verslams, tad nuo \u0161iol, \u010dia rasite ir kit\u0173, ma\u017e\u0173 \u0161eim\u0173 versl\u0173, rank\u0173 darbo, dovan\u0173 sau ir artimiesiems.","publisher":{"@id":"https:\/\/skaitytaknyga.lt\/#organization"},"potentialAction":[{"@type":"SearchAction","target":{"@type":"EntryPoint","urlTemplate":"https:\/\/skaitytaknyga.lt\/?s={search_term_string}"},"query-input":{"@type":"PropertyValueSpecification","valueRequired":true,"valueName":"search_term_string"}}],"inLanguage":"en-GB"},{"@type":"Organization","@id":"https:\/\/skaitytaknyga.lt\/#organization","name":"skaitytaknyga.lt","url":"https:\/\/skaitytaknyga.lt\/","logo":{"@type":"ImageObject","inLanguage":"en-GB","@id":"https:\/\/skaitytaknyga.lt\/#\/schema\/logo\/image\/","url":"https:\/\/skaitytaknyga.lt\/wp-content\/uploads\/2024\/05\/cropped-cropped-cropped-02_00843_jt3bggkj1j3HLc7SyY6rEUpg.jpeg","contentUrl":"https:\/\/skaitytaknyga.lt\/wp-content\/uploads\/2024\/05\/cropped-cropped-cropped-02_00843_jt3bggkj1j3HLc7SyY6rEUpg.jpeg","width":1600,"height":1600,"caption":"skaitytaknyga.lt"},"image":{"@id":"https:\/\/skaitytaknyga.lt\/#\/schema\/logo\/image\/"},"sameAs":["https:\/\/www.facebook.com\/skaitytaknyga\/"]}]}},"_links":{"self":[{"href":"https:\/\/skaitytaknyga.lt\/en\/wp-json\/wp\/v2\/product\/13753","targetHints":{"allow":["GET"]}}],"collection":[{"href":"https:\/\/skaitytaknyga.lt\/en\/wp-json\/wp\/v2\/product"}],"about":[{"href":"https:\/\/skaitytaknyga.lt\/en\/wp-json\/wp\/v2\/types\/product"}],"replies":[{"embeddable":true,"href":"https:\/\/skaitytaknyga.lt\/en\/wp-json\/wp\/v2\/comments?post=13753"}],"wp:featuredmedia":[{"embeddable":true,"href":"https:\/\/skaitytaknyga.lt\/en\/wp-json\/wp\/v2\/media\/13766"}],"wp:attachment":[{"href":"https:\/\/skaitytaknyga.lt\/en\/wp-json\/wp\/v2\/media?parent=13753"}],"wp:term":[{"taxonomy":"product_brand","embeddable":true,"href":"https:\/\/skaitytaknyga.lt\/en\/wp-json\/wp\/v2\/product_brand?post=13753"},{"taxonomy":"product_cat","embeddable":true,"href":"https:\/\/skaitytaknyga.lt\/en\/wp-json\/wp\/v2\/product_cat?post=13753"},{"taxonomy":"product_tag","embeddable":true,"href":"https:\/\/skaitytaknyga.lt\/en\/wp-json\/wp\/v2\/product_tag?post=13753"}],"curies":[{"name":"wp","href":"https:\/\/api.w.org\/{rel}","templated":true}]}}