{"id":13752,"date":"2024-04-09T11:13:25","date_gmt":"2024-04-09T08:13:25","guid":{"rendered":"https:\/\/skaitytaknyga.lt\/?post_type=product&#038;p=13752"},"modified":"2024-09-10T10:37:54","modified_gmt":"2024-09-10T07:37:54","slug":"svelnios-tylos-balsas","status":"publish","type":"product","link":"https:\/\/skaitytaknyga.lt\/en\/produktas\/svelnios-tylos-balsas\/","title":{"rendered":"\u0160velnios tylos balsas"},"content":{"rendered":"<p>Knygoje aptariamas Katalik\u0173 Ba\u017eny\u010dios po\u017ei\u016bris \u012f ne\u012fprastus rei\u0161kinius- reg\u0117jimus bei aprei\u0161kimus, jie skirstomi \u012f tikrus ir tariamus. \u012evair\u0173s paranormal\u016bs rei\u0161kiniai turi b\u016bti labai atsargiai vertinami, nes tai gali b\u016bti \u017emogaus nesveikos psichikos ar sutrikusios pas\u0105mon\u0117s veikimo rezultatas. Tai, kas nepaai\u0161kinama, neb\u016btinai yra dievi\u0161ka arba antgamti\u0161ka: be to, galima saviapgaul\u0117 arba net velnio \u012fsiki\u0161imas. Tod\u0117l labai svarbu tokiais atvejais kreiptis \u012f sielovadininkus ir jais pasitik\u0117ti. Ta\u010diau Vie\u0161pats gali si\u0173sti \u012fsp\u0117jimus, kai jie yra b\u016btini ir \u017emon\u0117ms naudingi. Tai- Ba\u017eny\u010dios aprobuoti aprei\u0161kimai.<\/p>\n","protected":false},"excerpt":{"rendered":"<p>Knygoje aptariamas Katalik\u0173 Ba\u017eny\u010dios po\u017ei\u016bris \u012f ne\u012fprastus rei\u0161kinius- reg\u0117jimus bei aprei\u0161kimus, jie skirstomi \u012f tikrus ir tariamus. \u012evair\u0173s paranormal\u016bs rei\u0161kiniai turi b\u016bti labai atsargiai vertinami, nes tai gali b\u016bti \u017emogaus nesveikos psichikos ar sutrikusios pas\u0105mon\u0117s veikimo rezultatas. Tai, kas nepaai\u0161kinama, neb\u016btinai yra dievi\u0161ka arba antgamti\u0161ka: be to, galima saviapgaul\u0117 arba net velnio \u012fsiki\u0161imas. Tod\u0117l labai svarbu tokiais atvejais kreiptis \u012f sielovadininkus ir jais pasitik\u0117ti. Ta\u010diau Vie\u0161pats gali si\u0173sti \u012fsp\u0117jimus, kai jie yra b\u016btini ir \u017emon\u0117ms naudingi. Tai- Ba\u017eny\u010dios aprobuoti aprei\u0161kimai.<\/p>\n","protected":false},"featured_media":13831,"comment_status":"open","ping_status":"closed","template":"","meta":{"_acf_changed":false,"site-sidebar-layout":"default","site-content-layout":"","ast-site-content-layout":"default","site-content-style":"default","site-sidebar-style":"default","ast-global-header-display":"","ast-banner-title-visibility":"","ast-main-header-display":"","ast-hfb-above-header-display":"","ast-hfb-below-header-display":"","ast-hfb-mobile-header-display":"","site-post-title":"","ast-breadcrumbs-content":"","ast-featured-img":"","footer-sml-layout":"","ast-disable-related-posts":"","theme-transparent-header-meta":"default","adv-header-id-meta":"","stick-header-meta":"","header-above-stick-meta":"","header-main-stick-meta":"","header-below-stick-meta":"","astra-migrate-meta-layouts":"set","ast-page-background-enabled":"default","ast-page-background-meta":{"desktop":{"background-color":"","background-image":"","background-repeat":"repeat","background-position":"center center","background-size":"auto","background-attachment":"scroll","background-type":"","background-media":"","overlay-type":"","overlay-color":"","overlay-opacity":"","overlay-gradient":""},"tablet":{"background-color":"","background-image":"","background-repeat":"repeat","background-position":"center center","background-size":"auto","background-attachment":"scroll","background-type":"","background-media":"","overlay-type":"","overlay-color":"","overlay-opacity":"","overlay-gradient":""},"mobile":{"background-color":"","background-image":"","background-repeat":"repeat","background-position":"center center","background-size":"auto","background-attachment":"scroll","background-type":"","background-media":"","overlay-type":"","overlay-color":"","overlay-opacity":"","overlay-gradient":""}},"ast-content-background-meta":{"desktop":{"background-color":"var(--ast-global-color-4)","background-image":"","background-repeat":"repeat","background-position":"center center","background-size":"auto","background-attachment":"scroll","background-type":"","background-media":"","overlay-type":"","overlay-color":"","overlay-opacity":"","overlay-gradient":""},"tablet":{"background-color":"var(--ast-global-color-4)","background-image":"","background-repeat":"repeat","background-position":"center center","background-size":"auto","background-attachment":"scroll","background-type":"","background-media":"","overlay-type":"","overlay-color":"","overlay-opacity":"","overlay-gradient":""},"mobile":{"background-color":"var(--ast-global-color-4)","background-image":"","background-repeat":"repeat","background-position":"center center","background-size":"auto","background-attachment":"scroll","background-type":"","background-media":"","overlay-type":"","overlay-color":"","overlay-opacity":"","overlay-gradient":""}}},"product_brand":[],"product_cat":[15,165],"product_tag":[],"class_list":{"0":"post-13752","1":"product","2":"type-product","3":"status-publish","4":"has-post-thumbnail","6":"product_cat-uncategorized","7":"product_cat-religija-filosofija-ir-ezoterika","8":"desktop-align-left","9":"tablet-align-left","10":"mobile-align-left","12":"first","13":"instock","14":"shipping-taxable","15":"purchasable","16":"product-type-simple"},"acf":[],"yoast_head":"<!-- This site is optimized with the Yoast SEO plugin v27.0 - https:\/\/yoast.com\/product\/yoast-seo-wordpress\/ -->\n<title>\u0160velnios tylos balsas<\/title>\n<meta name=\"description\" content=\"Knygoje aptariamas Katalik\u0173 Ba\u017eny\u010dios po\u017ei\u016bris \u012f ne\u012fprastus rei\u0161kinius- reg\u0117jimus bei aprei\u0161kimus, jie skirstomi \u012f tikrus ir tariamus. \u012evair\u0173s\" \/>\n<meta name=\"robots\" content=\"index, follow, max-snippet:-1, max-image-preview:large, max-video-preview:-1\" \/>\n<link rel=\"canonical\" href=\"https:\/\/skaitytaknyga.lt\/en\/produktas\/svelnios-tylos-balsas\/\" \/>\n<meta property=\"og:locale\" content=\"en_GB\" \/>\n<meta property=\"og:locale:alternate\" content=\"lt_LT\" \/>\n<meta property=\"og:type\" content=\"article\" \/>\n<meta property=\"og:title\" content=\"\u0160velnios tylos balsas\" \/>\n<meta property=\"og:description\" content=\"Knygoje aptariamas Katalik\u0173 Ba\u017eny\u010dios po\u017ei\u016bris \u012f ne\u012fprastus rei\u0161kinius- reg\u0117jimus bei aprei\u0161kimus, jie skirstomi \u012f tikrus ir tariamus. \u012evair\u0173s\" \/>\n<meta property=\"og:url\" content=\"https:\/\/skaitytaknyga.lt\/en\/produktas\/svelnios-tylos-balsas\/\" \/>\n<meta property=\"og:site_name\" content=\"Skaitytaknyga\" \/>\n<meta property=\"article:publisher\" content=\"https:\/\/www.facebook.com\/skaitytaknyga\/\" \/>\n<meta property=\"article:modified_time\" content=\"2024-09-10T07:37:54+00:00\" \/>\n<meta property=\"og:image\" content=\"https:\/\/skaitytaknyga.lt\/wp-content\/uploads\/2024\/09\/Svelnios-tylos-balsas-e1725953859622.webp\" \/>\n\t<meta property=\"og:image:width\" content=\"334\" \/>\n\t<meta property=\"og:image:height\" content=\"466\" \/>\n\t<meta property=\"og:image:type\" content=\"image\/webp\" \/>\n<meta name=\"twitter:card\" content=\"summary_large_image\" \/>\n<meta name=\"twitter:label1\" content=\"Estimated reading time\" \/>\n\t<meta name=\"twitter:data1\" content=\"1 minute\" \/>\n<script type=\"application\/ld+json\" class=\"yoast-schema-graph\">{\"@context\":\"https:\/\/schema.org\",\"@graph\":[{\"@type\":\"WebPage\",\"@id\":\"https:\/\/skaitytaknyga.lt\/produktas\/svelnios-tylos-balsas\/\",\"url\":\"https:\/\/skaitytaknyga.lt\/produktas\/svelnios-tylos-balsas\/\",\"name\":\"\u0160velnios tylos balsas\",\"isPartOf\":{\"@id\":\"https:\/\/skaitytaknyga.lt\/#website\"},\"primaryImageOfPage\":{\"@id\":\"https:\/\/skaitytaknyga.lt\/produktas\/svelnios-tylos-balsas\/#primaryimage\"},\"image\":{\"@id\":\"https:\/\/skaitytaknyga.lt\/produktas\/svelnios-tylos-balsas\/#primaryimage\"},\"thumbnailUrl\":\"https:\/\/skaitytaknyga.lt\/wp-content\/uploads\/2024\/09\/Svelnios-tylos-balsas-e1725953859622.webp\",\"datePublished\":\"2024-04-09T08:13:25+00:00\",\"dateModified\":\"2024-09-10T07:37:54+00:00\",\"description\":\"Knygoje aptariamas Katalik\u0173 Ba\u017eny\u010dios po\u017ei\u016bris \u012f ne\u012fprastus rei\u0161kinius- reg\u0117jimus bei aprei\u0161kimus, jie skirstomi \u012f tikrus ir tariamus. \u012evair\u0173s\",\"breadcrumb\":{\"@id\":\"https:\/\/skaitytaknyga.lt\/produktas\/svelnios-tylos-balsas\/#breadcrumb\"},\"inLanguage\":\"en-GB\",\"potentialAction\":[{\"@type\":\"ReadAction\",\"target\":[\"https:\/\/skaitytaknyga.lt\/produktas\/svelnios-tylos-balsas\/\"]}]},{\"@type\":\"ImageObject\",\"inLanguage\":\"en-GB\",\"@id\":\"https:\/\/skaitytaknyga.lt\/produktas\/svelnios-tylos-balsas\/#primaryimage\",\"url\":\"https:\/\/skaitytaknyga.lt\/wp-content\/uploads\/2024\/09\/Svelnios-tylos-balsas-e1725953859622.webp\",\"contentUrl\":\"https:\/\/skaitytaknyga.lt\/wp-content\/uploads\/2024\/09\/Svelnios-tylos-balsas-e1725953859622.webp\",\"width\":334,\"height\":466,\"caption\":\"\u0160velnios tylos balsas\"},{\"@type\":\"BreadcrumbList\",\"@id\":\"https:\/\/skaitytaknyga.lt\/produktas\/svelnios-tylos-balsas\/#breadcrumb\",\"itemListElement\":[{\"@type\":\"ListItem\",\"position\":1,\"name\":\"Home\",\"item\":\"https:\/\/skaitytaknyga.lt\/\"},{\"@type\":\"ListItem\",\"position\":2,\"name\":\"Parduotuv\u0117\",\"item\":\"https:\/\/skaitytaknyga.lt\/knygu-parduotuve\/\"},{\"@type\":\"ListItem\",\"position\":3,\"name\":\"\u0160velnios tylos balsas\"}]},{\"@type\":\"WebSite\",\"@id\":\"https:\/\/skaitytaknyga.lt\/#website\",\"url\":\"https:\/\/skaitytaknyga.lt\/\",\"name\":\"skaitytaknyga.lt\",\"description\":\"Skaitytaknyga.lt \u2013 tai ma\u017eas \u0161eimos verslas, kuris prasid\u0117jo nuo meil\u0117s knygoms ir siekio i\u0161gelb\u0117ti knygas nuo likimo prie konteinerio. Kas vienam nereikalingas daiktas \u2013 kitam lobis, o mes esame tarpininkai, kurie padeda abiems tapti laimingesniems ???? \u017dinome kaip nelengva i\u0161gyventi ma\u017eiems verslams, tad nuo \u0161iol, \u010dia rasite ir kit\u0173, ma\u017e\u0173 \u0161eim\u0173 versl\u0173, rank\u0173 darbo, dovan\u0173 sau ir artimiesiems.\",\"publisher\":{\"@id\":\"https:\/\/skaitytaknyga.lt\/#organization\"},\"potentialAction\":[{\"@type\":\"SearchAction\",\"target\":{\"@type\":\"EntryPoint\",\"urlTemplate\":\"https:\/\/skaitytaknyga.lt\/?s={search_term_string}\"},\"query-input\":{\"@type\":\"PropertyValueSpecification\",\"valueRequired\":true,\"valueName\":\"search_term_string\"}}],\"inLanguage\":\"en-GB\"},{\"@type\":\"Organization\",\"@id\":\"https:\/\/skaitytaknyga.lt\/#organization\",\"name\":\"skaitytaknyga.lt\",\"url\":\"https:\/\/skaitytaknyga.lt\/\",\"logo\":{\"@type\":\"ImageObject\",\"inLanguage\":\"en-GB\",\"@id\":\"https:\/\/skaitytaknyga.lt\/#\/schema\/logo\/image\/\",\"url\":\"https:\/\/skaitytaknyga.lt\/wp-content\/uploads\/2024\/05\/cropped-cropped-cropped-02_00843_jt3bggkj1j3HLc7SyY6rEUpg.jpeg\",\"contentUrl\":\"https:\/\/skaitytaknyga.lt\/wp-content\/uploads\/2024\/05\/cropped-cropped-cropped-02_00843_jt3bggkj1j3HLc7SyY6rEUpg.jpeg\",\"width\":1600,\"height\":1600,\"caption\":\"skaitytaknyga.lt\"},\"image\":{\"@id\":\"https:\/\/skaitytaknyga.lt\/#\/schema\/logo\/image\/\"},\"sameAs\":[\"https:\/\/www.facebook.com\/skaitytaknyga\/\"]}]}<\/script>\n<!-- \/ Yoast SEO plugin. -->","yoast_head_json":{"title":"\u0160velnios tylos balsas","description":"Knygoje aptariamas Katalik\u0173 Ba\u017eny\u010dios po\u017ei\u016bris \u012f ne\u012fprastus rei\u0161kinius- reg\u0117jimus bei aprei\u0161kimus, jie skirstomi \u012f tikrus ir tariamus. \u012evair\u0173s","robots":{"index":"index","follow":"follow","max-snippet":"max-snippet:-1","max-image-preview":"max-image-preview:large","max-video-preview":"max-video-preview:-1"},"canonical":"https:\/\/skaitytaknyga.lt\/en\/produktas\/svelnios-tylos-balsas\/","og_locale":"en_GB","og_type":"article","og_title":"[:lt]\u0160velnios tylos balsas[:] - Skaitytaknyga","og_description":"Knygoje aptariamas Katalik\u0173 Ba\u017eny\u010dios po\u017ei\u016bris \u012f ne\u012fprastus rei\u0161kinius- reg\u0117jimus bei aprei\u0161kimus, jie skirstomi \u012f tikrus ir tariamus. \u012evair\u0173s","og_url":"https:\/\/skaitytaknyga.lt\/en\/produktas\/svelnios-tylos-balsas\/","og_site_name":"Skaitytaknyga","article_publisher":"https:\/\/www.facebook.com\/skaitytaknyga\/","article_modified_time":"2024-09-10T07:37:54+00:00","og_image":[{"width":334,"height":466,"url":"https:\/\/skaitytaknyga.lt\/wp-content\/uploads\/2024\/09\/Svelnios-tylos-balsas-e1725953859622.webp","type":"image\/webp"}],"twitter_card":"summary_large_image","twitter_misc":{"Estimated reading time":"1 minute"},"schema":{"@context":"https:\/\/schema.org","@graph":[{"@type":"WebPage","@id":"https:\/\/skaitytaknyga.lt\/produktas\/svelnios-tylos-balsas\/","url":"https:\/\/skaitytaknyga.lt\/produktas\/svelnios-tylos-balsas\/","name":"\u0160velnios tylos balsas","isPartOf":{"@id":"https:\/\/skaitytaknyga.lt\/#website"},"primaryImageOfPage":{"@id":"https:\/\/skaitytaknyga.lt\/produktas\/svelnios-tylos-balsas\/#primaryimage"},"image":{"@id":"https:\/\/skaitytaknyga.lt\/produktas\/svelnios-tylos-balsas\/#primaryimage"},"thumbnailUrl":"https:\/\/skaitytaknyga.lt\/wp-content\/uploads\/2024\/09\/Svelnios-tylos-balsas-e1725953859622.webp","datePublished":"2024-04-09T08:13:25+00:00","dateModified":"2024-09-10T07:37:54+00:00","description":"Knygoje aptariamas Katalik\u0173 Ba\u017eny\u010dios po\u017ei\u016bris \u012f ne\u012fprastus rei\u0161kinius- reg\u0117jimus bei aprei\u0161kimus, jie skirstomi \u012f tikrus ir tariamus. \u012evair\u0173s","breadcrumb":{"@id":"https:\/\/skaitytaknyga.lt\/produktas\/svelnios-tylos-balsas\/#breadcrumb"},"inLanguage":"en-GB","potentialAction":[{"@type":"ReadAction","target":["https:\/\/skaitytaknyga.lt\/produktas\/svelnios-tylos-balsas\/"]}]},{"@type":"ImageObject","inLanguage":"en-GB","@id":"https:\/\/skaitytaknyga.lt\/produktas\/svelnios-tylos-balsas\/#primaryimage","url":"https:\/\/skaitytaknyga.lt\/wp-content\/uploads\/2024\/09\/Svelnios-tylos-balsas-e1725953859622.webp","contentUrl":"https:\/\/skaitytaknyga.lt\/wp-content\/uploads\/2024\/09\/Svelnios-tylos-balsas-e1725953859622.webp","width":334,"height":466,"caption":"\u0160velnios tylos balsas"},{"@type":"BreadcrumbList","@id":"https:\/\/skaitytaknyga.lt\/produktas\/svelnios-tylos-balsas\/#breadcrumb","itemListElement":[{"@type":"ListItem","position":1,"name":"Home","item":"https:\/\/skaitytaknyga.lt\/"},{"@type":"ListItem","position":2,"name":"Parduotuv\u0117","item":"https:\/\/skaitytaknyga.lt\/knygu-parduotuve\/"},{"@type":"ListItem","position":3,"name":"\u0160velnios tylos balsas"}]},{"@type":"WebSite","@id":"https:\/\/skaitytaknyga.lt\/#website","url":"https:\/\/skaitytaknyga.lt\/","name":"skaitytaknyga.lt","description":"Skaitytaknyga.lt \u2013 tai ma\u017eas \u0161eimos verslas, kuris prasid\u0117jo nuo meil\u0117s knygoms ir siekio i\u0161gelb\u0117ti knygas nuo likimo prie konteinerio. Kas vienam nereikalingas daiktas \u2013 kitam lobis, o mes esame tarpininkai, kurie padeda abiems tapti laimingesniems ???? \u017dinome kaip nelengva i\u0161gyventi ma\u017eiems verslams, tad nuo \u0161iol, \u010dia rasite ir kit\u0173, ma\u017e\u0173 \u0161eim\u0173 versl\u0173, rank\u0173 darbo, dovan\u0173 sau ir artimiesiems.","publisher":{"@id":"https:\/\/skaitytaknyga.lt\/#organization"},"potentialAction":[{"@type":"SearchAction","target":{"@type":"EntryPoint","urlTemplate":"https:\/\/skaitytaknyga.lt\/?s={search_term_string}"},"query-input":{"@type":"PropertyValueSpecification","valueRequired":true,"valueName":"search_term_string"}}],"inLanguage":"en-GB"},{"@type":"Organization","@id":"https:\/\/skaitytaknyga.lt\/#organization","name":"skaitytaknyga.lt","url":"https:\/\/skaitytaknyga.lt\/","logo":{"@type":"ImageObject","inLanguage":"en-GB","@id":"https:\/\/skaitytaknyga.lt\/#\/schema\/logo\/image\/","url":"https:\/\/skaitytaknyga.lt\/wp-content\/uploads\/2024\/05\/cropped-cropped-cropped-02_00843_jt3bggkj1j3HLc7SyY6rEUpg.jpeg","contentUrl":"https:\/\/skaitytaknyga.lt\/wp-content\/uploads\/2024\/05\/cropped-cropped-cropped-02_00843_jt3bggkj1j3HLc7SyY6rEUpg.jpeg","width":1600,"height":1600,"caption":"skaitytaknyga.lt"},"image":{"@id":"https:\/\/skaitytaknyga.lt\/#\/schema\/logo\/image\/"},"sameAs":["https:\/\/www.facebook.com\/skaitytaknyga\/"]}]}},"_links":{"self":[{"href":"https:\/\/skaitytaknyga.lt\/en\/wp-json\/wp\/v2\/product\/13752","targetHints":{"allow":["GET"]}}],"collection":[{"href":"https:\/\/skaitytaknyga.lt\/en\/wp-json\/wp\/v2\/product"}],"about":[{"href":"https:\/\/skaitytaknyga.lt\/en\/wp-json\/wp\/v2\/types\/product"}],"replies":[{"embeddable":true,"href":"https:\/\/skaitytaknyga.lt\/en\/wp-json\/wp\/v2\/comments?post=13752"}],"wp:featuredmedia":[{"embeddable":true,"href":"https:\/\/skaitytaknyga.lt\/en\/wp-json\/wp\/v2\/media\/13831"}],"wp:attachment":[{"href":"https:\/\/skaitytaknyga.lt\/en\/wp-json\/wp\/v2\/media?parent=13752"}],"wp:term":[{"taxonomy":"product_brand","embeddable":true,"href":"https:\/\/skaitytaknyga.lt\/en\/wp-json\/wp\/v2\/product_brand?post=13752"},{"taxonomy":"product_cat","embeddable":true,"href":"https:\/\/skaitytaknyga.lt\/en\/wp-json\/wp\/v2\/product_cat?post=13752"},{"taxonomy":"product_tag","embeddable":true,"href":"https:\/\/skaitytaknyga.lt\/en\/wp-json\/wp\/v2\/product_tag?post=13752"}],"curies":[{"name":"wp","href":"https:\/\/api.w.org\/{rel}","templated":true}]}}