{"id":13751,"date":"2024-09-09T11:13:24","date_gmt":"2024-09-09T08:13:24","guid":{"rendered":"https:\/\/skaitytaknyga.lt\/?post_type=product&#038;p=13751"},"modified":"2025-06-26T15:36:40","modified_gmt":"2025-06-26T12:36:40","slug":"abraham-joshua-heschel-sabas","status":"publish","type":"product","link":"https:\/\/skaitytaknyga.lt\/en\/produktas\/abraham-joshua-heschel-sabas\/","title":{"rendered":"\u0160abas"},"content":{"rendered":"<p><strong>Abrahamas Joshua Heschelis<\/strong>\u00a0(1907\u2013 1972) \u2013 garsus \u017eyd\u0173 teologas ir m\u0105stytojas, rabinas. Gim\u0117 Lenkijoje, kelet\u0105 met\u0173 jaunyst\u0117je gyveno Vilniuje. 1927 metais baig\u0117 Vilniaus Matematikos ir gamtos moksl\u0173 gimnazij\u0105. Tuo laiku priklaus\u0117 \u017eyd\u0173 literat\u0173 ir meninink\u0173 grupei Jung Vilne (Jaunasis Vilnius). V\u0117liau studijavo universitete Berlyne, dirbo Vokietijoje, Lenkijoje, Did\u017eiojoje Britanijoje. 1940 metais persik\u0117l\u0117 gyventi \u012f JAV.<\/p>\n<p>Para\u0161\u0117 knyg\u0173 filosofijos, teologijos, \u017eyd\u0173 kult\u016bros ir istorijos temomis.<\/p>\n<p><strong>\u201e\u0160abas: jo reik\u0161m\u0117 \u0161iuolaikiniam \u017emogui\u201c<\/strong>\u00a0\u2013 viena gra\u017eiausi\u0173 garsaus \u017eyd\u0173 teologo ir m\u0105stytojo, rabino\u00a0<strong>Abrahamo Joshua Heschelio<\/strong>\u00a0(1907\u20131972) knyg\u0173. Gil\u016bs filosofiniai apm\u0105stymai apie \u0161abo \u0161ventimo reik\u0161m\u0119 judaizme yra svarb\u016bs visiems \u017emon\u0117ms, kurie ie\u0161ko savo gyvenime \u0161ventumo.<\/p>\n<p><strong>Abrahamas J. Heschelis<\/strong>\u00a0ra\u0161o apie judaizm\u0105 kaip apie laiko religij\u0105, prie\u0161prie\u0161indamas j\u0105 transformuojamai technin\u0117s civilizacijos erdvei. Pasak\u00a0<strong>Heschelio<\/strong>, \u201eBiblija labiau domisi laiku nei erdve&#8221;, ir kelias \u012f susitikim\u0105 su Dievu veda tik per laiko karalyst\u0119. Tai, kas bibliniame pasakojime apie suk\u016brim\u0105 apibr\u0117\u017eta kaip \u0161venta, yra ne kokia nors \u0161venta vieta ar daiktas, bet b\u016btent \u0161abas \u2013 laikas, kai nustojama manipuliuoti daiktais, erdve, materijos pasauliu. Laiko karalyst\u0117, autoriaus nuomone, yra ten, \u201ekur siekiama ne tur\u0117ti, bet b\u016bti, ne savintis, bet duoti, ne valdyti, bet dalytis, ne pavergti, bet prisiderinti&#8221;.<\/p>\n<p><strong>\u201e\u0160abo\u201c<\/strong>\u00a0iliustracij\u0173 autorius Ilya Schoras (1904\u20131961) gim\u0117 Vakar\u0173 Ukrainoje, Zolo\u010dive. Mok\u0117si metalo liejybos ir graviravimo meno, v\u0117liau Var\u0161uvos dail\u0117s akademijoje studijavo tapyb\u0105. 1937 metais laim\u0117jo stipendij\u0105 mokytis Pary\u017eiuje. 1941-aisiais kartu su \u017emona Resia Schor emigravo \u012f JAV. \u012esik\u016br\u0117 Niujorke. Jo k\u016bryba labai \u012fvairi (paveikslai, aukso ir sidabro juvelyrika, kulto reikmenys, med\u017eio rai\u017einiai), glaud\u017eiai susijusi su \u017eyd\u0173 kult\u016bra ir religija, prisiminimais apie \u017eyd\u0173 gyvenim\u0105 Ryt\u0173 Europoje. Suk\u016br\u0117 iliustracij\u0173 Sholemo Aleichemo ir Abrahamo Joshua Heschelio knygoms. I. Schoro darbai saugomi Metropoliteno meno muziejuje, \u017dyd\u0173 muziejuje Niujorke, kituose muziejuose ir priva\u010diose kolekcijose.<\/p>\n<ul class=\"about-product d-none d-xl-block mt-4\">\n<li><strong>Originalus pavadinimas:<\/strong>\u00a0The Sabbath: Its Meaning for Modern Man<\/li>\n<li><strong>Autorius:<\/strong>\u00a0Abraham Joshua Heschel<\/li>\n<li><strong>Leid\u0117jas:<\/strong>\u00a0Katalik\u0173 pasaulio leidiniai<\/li>\n<li><strong>Metai:<\/strong>\u00a02016<\/li>\n<li><strong>Puslapiai:<\/strong>\u00a0176<\/li>\n<li><strong>ISBN:<\/strong>\u00a09789955293064<\/li>\n<li><strong>Versijos kodas:<\/strong>\u00a0PT.<\/li>\n<li><strong>Formatas:<\/strong>\u00a015 x 21 cm, mink\u0161ti vir\u0161eliai<\/li>\n<li><strong>Kalba:<\/strong>\u00a0Lietuvi\u0173<\/li>\n<li><strong>Vert\u0117jas:<\/strong>\u00a0Asta Leskauskait\u0117<\/li>\n<\/ul>\n","protected":false},"excerpt":{"rendered":"<p>Abrahamas Joshua Heschelis\u00a0(1907\u2013 1972) \u2013 garsus \u017eyd\u0173 teologas ir m\u0105stytojas, rabinas. Gim\u0117 Lenkijoje, kelet\u0105 met\u0173 jaunyst\u0117je gyveno Vilniuje. 1927 metais baig\u0117 Vilniaus Matematikos ir gamtos moksl\u0173 gimnazij\u0105. Tuo laiku priklaus\u0117 \u017eyd\u0173 literat\u0173 ir meninink\u0173 grupei Jung Vilne (Jaunasis Vilnius). V\u0117liau studijavo universitete Berlyne, dirbo Vokietijoje, Lenkijoje, Did\u017eiojoje Britanijoje. 1940 metais persik\u0117l\u0117 gyventi \u012f JAV. Para\u0161\u0117 knyg\u0173 filosofijos, teologijos, \u017eyd\u0173 kult\u016bros ir istorijos temomis. \u201e\u0160abas: jo reik\u0161m\u0117 \u0161iuolaikiniam \u017emogui\u201c\u00a0\u2013 viena gra\u017eiausi\u0173 garsaus \u017eyd\u0173 teologo ir m\u0105stytojo, rabino\u00a0Abrahamo Joshua Heschelio\u00a0(1907\u20131972) knyg\u0173. Gil\u016bs filosofiniai apm\u0105stymai apie \u0161abo \u0161ventimo reik\u0161m\u0119 judaizme yra svarb\u016bs visiems \u017emon\u0117ms, kurie ie\u0161ko savo gyvenime \u0161ventumo. Abrahamas J. Heschelis\u00a0ra\u0161o apie judaizm\u0105 kaip apie laiko religij\u0105, prie\u0161prie\u0161indamas j\u0105 transformuojamai technin\u0117s civilizacijos erdvei. Pasak\u00a0Heschelio, \u201eBiblija labiau domisi laiku nei erdve&#8221;, ir kelias \u012f susitikim\u0105 su Dievu veda tik per laiko karalyst\u0119. Tai, kas bibliniame pasakojime apie suk\u016brim\u0105 apibr\u0117\u017eta kaip \u0161venta, yra ne kokia nors \u0161venta vieta ar daiktas, bet b\u016btent \u0161abas \u2013 laikas, kai nustojama manipuliuoti daiktais, erdve, materijos pasauliu. Laiko karalyst\u0117, autoriaus nuomone, yra ten, \u201ekur siekiama ne tur\u0117ti, bet b\u016bti, ne savintis, bet duoti, ne valdyti, bet dalytis, ne pavergti, bet prisiderinti&#8221;. \u201e\u0160abo\u201c\u00a0iliustracij\u0173 autorius Ilya Schoras (1904\u20131961) gim\u0117 Vakar\u0173 Ukrainoje, Zolo\u010dive. Mok\u0117si metalo liejybos ir graviravimo meno, v\u0117liau Var\u0161uvos dail\u0117s akademijoje studijavo tapyb\u0105. 1937 metais laim\u0117jo stipendij\u0105 mokytis Pary\u017eiuje. 1941-aisiais kartu su \u017emona Resia Schor emigravo \u012f JAV. \u012esik\u016br\u0117 Niujorke. Jo k\u016bryba labai \u012fvairi (paveikslai, aukso ir sidabro juvelyrika, kulto reikmenys, med\u017eio rai\u017einiai), glaud\u017eiai susijusi su \u017eyd\u0173 kult\u016bra ir religija, prisiminimais apie \u017eyd\u0173 gyvenim\u0105 Ryt\u0173 Europoje. Suk\u016br\u0117 iliustracij\u0173 Sholemo Aleichemo ir Abrahamo Joshua Heschelio knygoms. I. Schoro darbai saugomi Metropoliteno meno muziejuje, \u017dyd\u0173 muziejuje Niujorke, kituose muziejuose ir priva\u010diose kolekcijose. Originalus pavadinimas:\u00a0The Sabbath: Its Meaning for Modern Man Autorius:\u00a0Abraham Joshua Heschel Leid\u0117jas:\u00a0Katalik\u0173 pasaulio leidiniai Metai:\u00a02016 Puslapiai:\u00a0176 ISBN:\u00a09789955293064 Versijos kodas:\u00a0PT. Formatas:\u00a015 x 21 cm, mink\u0161ti vir\u0161eliai Kalba:\u00a0Lietuvi\u0173 Vert\u0117jas:\u00a0Asta Leskauskait\u0117<\/p>\n","protected":false},"featured_media":13767,"comment_status":"open","ping_status":"closed","template":"","meta":{"_acf_changed":false,"site-sidebar-layout":"default","site-content-layout":"","ast-site-content-layout":"default","site-content-style":"default","site-sidebar-style":"default","ast-global-header-display":"","ast-banner-title-visibility":"","ast-main-header-display":"","ast-hfb-above-header-display":"","ast-hfb-below-header-display":"","ast-hfb-mobile-header-display":"","site-post-title":"","ast-breadcrumbs-content":"","ast-featured-img":"","footer-sml-layout":"","ast-disable-related-posts":"","theme-transparent-header-meta":"default","adv-header-id-meta":"","stick-header-meta":"","header-above-stick-meta":"","header-main-stick-meta":"","header-below-stick-meta":"","astra-migrate-meta-layouts":"set","ast-page-background-enabled":"default","ast-page-background-meta":{"desktop":{"background-color":"","background-image":"","background-repeat":"repeat","background-position":"center center","background-size":"auto","background-attachment":"scroll","background-type":"","background-media":"","overlay-type":"","overlay-color":"","overlay-opacity":"","overlay-gradient":""},"tablet":{"background-color":"","background-image":"","background-repeat":"repeat","background-position":"center center","background-size":"auto","background-attachment":"scroll","background-type":"","background-media":"","overlay-type":"","overlay-color":"","overlay-opacity":"","overlay-gradient":""},"mobile":{"background-color":"","background-image":"","background-repeat":"repeat","background-position":"center center","background-size":"auto","background-attachment":"scroll","background-type":"","background-media":"","overlay-type":"","overlay-color":"","overlay-opacity":"","overlay-gradient":""}},"ast-content-background-meta":{"desktop":{"background-color":"var(--ast-global-color-4)","background-image":"","background-repeat":"repeat","background-position":"center center","background-size":"auto","background-attachment":"scroll","background-type":"","background-media":"","overlay-type":"","overlay-color":"","overlay-opacity":"","overlay-gradient":""},"tablet":{"background-color":"var(--ast-global-color-4)","background-image":"","background-repeat":"repeat","background-position":"center center","background-size":"auto","background-attachment":"scroll","background-type":"","background-media":"","overlay-type":"","overlay-color":"","overlay-opacity":"","overlay-gradient":""},"mobile":{"background-color":"var(--ast-global-color-4)","background-image":"","background-repeat":"repeat","background-position":"center center","background-size":"auto","background-attachment":"scroll","background-type":"","background-media":"","overlay-type":"","overlay-color":"","overlay-opacity":"","overlay-gradient":""}}},"product_brand":[],"product_cat":[15,165],"product_tag":[4573,1467,4574,2376,2277,4575,2259],"class_list":{"0":"post-13751","1":"product","2":"type-product","3":"status-publish","4":"has-post-thumbnail","6":"product_cat-uncategorized","7":"product_cat-religija-filosofija-ir-ezoterika","8":"product_tag-abraham-joshua-heschel","9":"product_tag-filosofija","10":"product_tag-judaizmas","11":"product_tag-kultura","12":"product_tag-religija","13":"product_tag-sabas","14":"product_tag-teologija","15":"desktop-align-left","16":"tablet-align-left","17":"mobile-align-left","19":"first","20":"outofstock","21":"shipping-taxable","22":"purchasable","23":"product-type-simple"},"acf":[],"yoast_head":"<!-- This site is optimized with the Yoast SEO plugin v27.0 - https:\/\/yoast.com\/product\/yoast-seo-wordpress\/ -->\n<title>\u0160abas<\/title>\n<meta name=\"description\" content=\"Abrahamas Joshua Heschelis\u00a0(1907\u2013 1972) \u2013 garsus \u017eyd\u0173 teologas ir m\u0105stytojas, rabinas. Gim\u0117 Lenkijoje, kelet\u0105 met\u0173 jaunyst\u0117je gyveno Vilniuje. 1927 metais\" \/>\n<meta name=\"robots\" content=\"index, follow, max-snippet:-1, max-image-preview:large, max-video-preview:-1\" \/>\n<link rel=\"canonical\" href=\"https:\/\/skaitytaknyga.lt\/en\/produktas\/abraham-joshua-heschel-sabas\/\" \/>\n<meta property=\"og:locale\" content=\"en_GB\" \/>\n<meta property=\"og:locale:alternate\" content=\"lt_LT\" \/>\n<meta property=\"og:type\" content=\"article\" \/>\n<meta property=\"og:title\" content=\"\u0160abas\" \/>\n<meta property=\"og:description\" content=\"Abrahamas Joshua Heschelis\u00a0(1907\u2013 1972) \u2013 garsus \u017eyd\u0173 teologas ir m\u0105stytojas, rabinas. Gim\u0117 Lenkijoje, kelet\u0105 met\u0173 jaunyst\u0117je gyveno Vilniuje. 1927 metais\" \/>\n<meta property=\"og:url\" content=\"https:\/\/skaitytaknyga.lt\/en\/produktas\/abraham-joshua-heschel-sabas\/\" \/>\n<meta property=\"og:site_name\" content=\"Skaitytaknyga\" \/>\n<meta property=\"article:publisher\" content=\"https:\/\/www.facebook.com\/skaitytaknyga\/\" \/>\n<meta property=\"article:modified_time\" content=\"2025-06-26T12:36:40+00:00\" \/>\n<meta property=\"og:image\" content=\"https:\/\/skaitytaknyga.lt\/wp-content\/uploads\/2024\/09\/Sabas.webp\" \/>\n\t<meta property=\"og:image:width\" content=\"303\" \/>\n\t<meta property=\"og:image:height\" content=\"450\" \/>\n\t<meta property=\"og:image:type\" content=\"image\/webp\" \/>\n<meta name=\"twitter:card\" content=\"summary_large_image\" \/>\n<meta name=\"twitter:label1\" content=\"Estimated reading time\" \/>\n\t<meta name=\"twitter:data1\" content=\"2 minutes\" \/>\n<script type=\"application\/ld+json\" class=\"yoast-schema-graph\">{\"@context\":\"https:\/\/schema.org\",\"@graph\":[{\"@type\":\"WebPage\",\"@id\":\"https:\/\/skaitytaknyga.lt\/produktas\/abraham-joshua-heschel-sabas\/\",\"url\":\"https:\/\/skaitytaknyga.lt\/produktas\/abraham-joshua-heschel-sabas\/\",\"name\":\"\u0160abas\",\"isPartOf\":{\"@id\":\"https:\/\/skaitytaknyga.lt\/#website\"},\"primaryImageOfPage\":{\"@id\":\"https:\/\/skaitytaknyga.lt\/produktas\/abraham-joshua-heschel-sabas\/#primaryimage\"},\"image\":{\"@id\":\"https:\/\/skaitytaknyga.lt\/produktas\/abraham-joshua-heschel-sabas\/#primaryimage\"},\"thumbnailUrl\":\"https:\/\/skaitytaknyga.lt\/wp-content\/uploads\/2024\/09\/Sabas.webp\",\"datePublished\":\"2024-09-09T08:13:24+00:00\",\"dateModified\":\"2025-06-26T12:36:40+00:00\",\"description\":\"Abrahamas Joshua Heschelis\u00a0(1907\u2013 1972) \u2013 garsus \u017eyd\u0173 teologas ir m\u0105stytojas, rabinas. Gim\u0117 Lenkijoje, kelet\u0105 met\u0173 jaunyst\u0117je gyveno Vilniuje. 1927 metais\",\"breadcrumb\":{\"@id\":\"https:\/\/skaitytaknyga.lt\/produktas\/abraham-joshua-heschel-sabas\/#breadcrumb\"},\"inLanguage\":\"en-GB\",\"potentialAction\":[{\"@type\":\"ReadAction\",\"target\":[\"https:\/\/skaitytaknyga.lt\/produktas\/abraham-joshua-heschel-sabas\/\"]}]},{\"@type\":\"ImageObject\",\"inLanguage\":\"en-GB\",\"@id\":\"https:\/\/skaitytaknyga.lt\/produktas\/abraham-joshua-heschel-sabas\/#primaryimage\",\"url\":\"https:\/\/skaitytaknyga.lt\/wp-content\/uploads\/2024\/09\/Sabas.webp\",\"contentUrl\":\"https:\/\/skaitytaknyga.lt\/wp-content\/uploads\/2024\/09\/Sabas.webp\",\"width\":303,\"height\":450},{\"@type\":\"BreadcrumbList\",\"@id\":\"https:\/\/skaitytaknyga.lt\/produktas\/abraham-joshua-heschel-sabas\/#breadcrumb\",\"itemListElement\":[{\"@type\":\"ListItem\",\"position\":1,\"name\":\"Home\",\"item\":\"https:\/\/skaitytaknyga.lt\/\"},{\"@type\":\"ListItem\",\"position\":2,\"name\":\"Parduotuv\u0117\",\"item\":\"https:\/\/skaitytaknyga.lt\/knygu-parduotuve\/\"},{\"@type\":\"ListItem\",\"position\":3,\"name\":\"\u0160abas\"}]},{\"@type\":\"WebSite\",\"@id\":\"https:\/\/skaitytaknyga.lt\/#website\",\"url\":\"https:\/\/skaitytaknyga.lt\/\",\"name\":\"skaitytaknyga.lt\",\"description\":\"Skaitytaknyga.lt \u2013 tai ma\u017eas \u0161eimos verslas, kuris prasid\u0117jo nuo meil\u0117s knygoms ir siekio i\u0161gelb\u0117ti knygas nuo likimo prie konteinerio. Kas vienam nereikalingas daiktas \u2013 kitam lobis, o mes esame tarpininkai, kurie padeda abiems tapti laimingesniems ???? \u017dinome kaip nelengva i\u0161gyventi ma\u017eiems verslams, tad nuo \u0161iol, \u010dia rasite ir kit\u0173, ma\u017e\u0173 \u0161eim\u0173 versl\u0173, rank\u0173 darbo, dovan\u0173 sau ir artimiesiems.\",\"publisher\":{\"@id\":\"https:\/\/skaitytaknyga.lt\/#organization\"},\"potentialAction\":[{\"@type\":\"SearchAction\",\"target\":{\"@type\":\"EntryPoint\",\"urlTemplate\":\"https:\/\/skaitytaknyga.lt\/?s={search_term_string}\"},\"query-input\":{\"@type\":\"PropertyValueSpecification\",\"valueRequired\":true,\"valueName\":\"search_term_string\"}}],\"inLanguage\":\"en-GB\"},{\"@type\":\"Organization\",\"@id\":\"https:\/\/skaitytaknyga.lt\/#organization\",\"name\":\"skaitytaknyga.lt\",\"url\":\"https:\/\/skaitytaknyga.lt\/\",\"logo\":{\"@type\":\"ImageObject\",\"inLanguage\":\"en-GB\",\"@id\":\"https:\/\/skaitytaknyga.lt\/#\/schema\/logo\/image\/\",\"url\":\"https:\/\/skaitytaknyga.lt\/wp-content\/uploads\/2024\/05\/cropped-cropped-cropped-02_00843_jt3bggkj1j3HLc7SyY6rEUpg.jpeg\",\"contentUrl\":\"https:\/\/skaitytaknyga.lt\/wp-content\/uploads\/2024\/05\/cropped-cropped-cropped-02_00843_jt3bggkj1j3HLc7SyY6rEUpg.jpeg\",\"width\":1600,\"height\":1600,\"caption\":\"skaitytaknyga.lt\"},\"image\":{\"@id\":\"https:\/\/skaitytaknyga.lt\/#\/schema\/logo\/image\/\"},\"sameAs\":[\"https:\/\/www.facebook.com\/skaitytaknyga\/\"]}]}<\/script>\n<!-- \/ Yoast SEO plugin. -->","yoast_head_json":{"title":"\u0160abas","description":"Abrahamas Joshua Heschelis\u00a0(1907\u2013 1972) \u2013 garsus \u017eyd\u0173 teologas ir m\u0105stytojas, rabinas. Gim\u0117 Lenkijoje, kelet\u0105 met\u0173 jaunyst\u0117je gyveno Vilniuje. 1927 metais","robots":{"index":"index","follow":"follow","max-snippet":"max-snippet:-1","max-image-preview":"max-image-preview:large","max-video-preview":"max-video-preview:-1"},"canonical":"https:\/\/skaitytaknyga.lt\/en\/produktas\/abraham-joshua-heschel-sabas\/","og_locale":"en_GB","og_type":"article","og_title":"[:lt]\u0160abas[:] - Skaitytaknyga","og_description":"Abrahamas Joshua Heschelis\u00a0(1907\u2013 1972) \u2013 garsus \u017eyd\u0173 teologas ir m\u0105stytojas, rabinas. Gim\u0117 Lenkijoje, kelet\u0105 met\u0173 jaunyst\u0117je gyveno Vilniuje. 1927 metais","og_url":"https:\/\/skaitytaknyga.lt\/en\/produktas\/abraham-joshua-heschel-sabas\/","og_site_name":"Skaitytaknyga","article_publisher":"https:\/\/www.facebook.com\/skaitytaknyga\/","article_modified_time":"2025-06-26T12:36:40+00:00","og_image":[{"width":303,"height":450,"url":"https:\/\/skaitytaknyga.lt\/wp-content\/uploads\/2024\/09\/Sabas.webp","type":"image\/webp"}],"twitter_card":"summary_large_image","twitter_misc":{"Estimated reading time":"2 minutes"},"schema":{"@context":"https:\/\/schema.org","@graph":[{"@type":"WebPage","@id":"https:\/\/skaitytaknyga.lt\/produktas\/abraham-joshua-heschel-sabas\/","url":"https:\/\/skaitytaknyga.lt\/produktas\/abraham-joshua-heschel-sabas\/","name":"\u0160abas","isPartOf":{"@id":"https:\/\/skaitytaknyga.lt\/#website"},"primaryImageOfPage":{"@id":"https:\/\/skaitytaknyga.lt\/produktas\/abraham-joshua-heschel-sabas\/#primaryimage"},"image":{"@id":"https:\/\/skaitytaknyga.lt\/produktas\/abraham-joshua-heschel-sabas\/#primaryimage"},"thumbnailUrl":"https:\/\/skaitytaknyga.lt\/wp-content\/uploads\/2024\/09\/Sabas.webp","datePublished":"2024-09-09T08:13:24+00:00","dateModified":"2025-06-26T12:36:40+00:00","description":"Abrahamas Joshua Heschelis\u00a0(1907\u2013 1972) \u2013 garsus \u017eyd\u0173 teologas ir m\u0105stytojas, rabinas. Gim\u0117 Lenkijoje, kelet\u0105 met\u0173 jaunyst\u0117je gyveno Vilniuje. 1927 metais","breadcrumb":{"@id":"https:\/\/skaitytaknyga.lt\/produktas\/abraham-joshua-heschel-sabas\/#breadcrumb"},"inLanguage":"en-GB","potentialAction":[{"@type":"ReadAction","target":["https:\/\/skaitytaknyga.lt\/produktas\/abraham-joshua-heschel-sabas\/"]}]},{"@type":"ImageObject","inLanguage":"en-GB","@id":"https:\/\/skaitytaknyga.lt\/produktas\/abraham-joshua-heschel-sabas\/#primaryimage","url":"https:\/\/skaitytaknyga.lt\/wp-content\/uploads\/2024\/09\/Sabas.webp","contentUrl":"https:\/\/skaitytaknyga.lt\/wp-content\/uploads\/2024\/09\/Sabas.webp","width":303,"height":450},{"@type":"BreadcrumbList","@id":"https:\/\/skaitytaknyga.lt\/produktas\/abraham-joshua-heschel-sabas\/#breadcrumb","itemListElement":[{"@type":"ListItem","position":1,"name":"Home","item":"https:\/\/skaitytaknyga.lt\/"},{"@type":"ListItem","position":2,"name":"Parduotuv\u0117","item":"https:\/\/skaitytaknyga.lt\/knygu-parduotuve\/"},{"@type":"ListItem","position":3,"name":"\u0160abas"}]},{"@type":"WebSite","@id":"https:\/\/skaitytaknyga.lt\/#website","url":"https:\/\/skaitytaknyga.lt\/","name":"skaitytaknyga.lt","description":"Skaitytaknyga.lt \u2013 tai ma\u017eas \u0161eimos verslas, kuris prasid\u0117jo nuo meil\u0117s knygoms ir siekio i\u0161gelb\u0117ti knygas nuo likimo prie konteinerio. Kas vienam nereikalingas daiktas \u2013 kitam lobis, o mes esame tarpininkai, kurie padeda abiems tapti laimingesniems ???? \u017dinome kaip nelengva i\u0161gyventi ma\u017eiems verslams, tad nuo \u0161iol, \u010dia rasite ir kit\u0173, ma\u017e\u0173 \u0161eim\u0173 versl\u0173, rank\u0173 darbo, dovan\u0173 sau ir artimiesiems.","publisher":{"@id":"https:\/\/skaitytaknyga.lt\/#organization"},"potentialAction":[{"@type":"SearchAction","target":{"@type":"EntryPoint","urlTemplate":"https:\/\/skaitytaknyga.lt\/?s={search_term_string}"},"query-input":{"@type":"PropertyValueSpecification","valueRequired":true,"valueName":"search_term_string"}}],"inLanguage":"en-GB"},{"@type":"Organization","@id":"https:\/\/skaitytaknyga.lt\/#organization","name":"skaitytaknyga.lt","url":"https:\/\/skaitytaknyga.lt\/","logo":{"@type":"ImageObject","inLanguage":"en-GB","@id":"https:\/\/skaitytaknyga.lt\/#\/schema\/logo\/image\/","url":"https:\/\/skaitytaknyga.lt\/wp-content\/uploads\/2024\/05\/cropped-cropped-cropped-02_00843_jt3bggkj1j3HLc7SyY6rEUpg.jpeg","contentUrl":"https:\/\/skaitytaknyga.lt\/wp-content\/uploads\/2024\/05\/cropped-cropped-cropped-02_00843_jt3bggkj1j3HLc7SyY6rEUpg.jpeg","width":1600,"height":1600,"caption":"skaitytaknyga.lt"},"image":{"@id":"https:\/\/skaitytaknyga.lt\/#\/schema\/logo\/image\/"},"sameAs":["https:\/\/www.facebook.com\/skaitytaknyga\/"]}]}},"_links":{"self":[{"href":"https:\/\/skaitytaknyga.lt\/en\/wp-json\/wp\/v2\/product\/13751","targetHints":{"allow":["GET"]}}],"collection":[{"href":"https:\/\/skaitytaknyga.lt\/en\/wp-json\/wp\/v2\/product"}],"about":[{"href":"https:\/\/skaitytaknyga.lt\/en\/wp-json\/wp\/v2\/types\/product"}],"replies":[{"embeddable":true,"href":"https:\/\/skaitytaknyga.lt\/en\/wp-json\/wp\/v2\/comments?post=13751"}],"wp:featuredmedia":[{"embeddable":true,"href":"https:\/\/skaitytaknyga.lt\/en\/wp-json\/wp\/v2\/media\/13767"}],"wp:attachment":[{"href":"https:\/\/skaitytaknyga.lt\/en\/wp-json\/wp\/v2\/media?parent=13751"}],"wp:term":[{"taxonomy":"product_brand","embeddable":true,"href":"https:\/\/skaitytaknyga.lt\/en\/wp-json\/wp\/v2\/product_brand?post=13751"},{"taxonomy":"product_cat","embeddable":true,"href":"https:\/\/skaitytaknyga.lt\/en\/wp-json\/wp\/v2\/product_cat?post=13751"},{"taxonomy":"product_tag","embeddable":true,"href":"https:\/\/skaitytaknyga.lt\/en\/wp-json\/wp\/v2\/product_tag?post=13751"}],"curies":[{"name":"wp","href":"https:\/\/api.w.org\/{rel}","templated":true}]}}