{"id":13739,"date":"2024-09-09T10:02:34","date_gmt":"2024-09-09T07:02:34","guid":{"rendered":"https:\/\/skaitytaknyga.lt\/?post_type=product&#038;p=13739"},"modified":"2025-05-28T09:31:16","modified_gmt":"2025-05-28T06:31:16","slug":"j-gintautas-tiesiu-keliu","status":"publish","type":"product","link":"https:\/\/skaitytaknyga.lt\/en\/produktas\/j-gintautas-tiesiu-keliu\/","title":{"rendered":"Tiesiu keliu"},"content":{"rendered":"<p>Knygos autorius \u2013 Tel\u0161i\u0173 vyskupas Justinas Staugaitis, kuris Gintauto slapyvard\u017eiu 1934\u20131935 m. Kaune i\u0161leido roman\u0105\u00a0<strong>\u201eTiesiu keliu&#8221;<\/strong>,\u00a0kaip atsak\u0105 \u012f Vinco Mikolai\u010dio-Putino roman\u0105 \u201eAltori\u0173 \u0161e\u0161\u0117lyje&#8221;. \u0160iame romane vaizduojamas pagrindinio herojaus Juozo Sauliaus gyvenimas, apimantis gimnazisto, seminaristo, kunigo tarnyst\u0117s metus. \u0160iuo k\u016briniu siekiama atskleisti kunigyst\u0117s pa\u0161aukimo kilnum\u0105 ir gro\u017e\u012f, parodyti, kaip prasminga tarnauti Dievui ir \u017emon\u0117ms, daug d\u0117mesio skiriama lietuvyb\u0117s i\u0161saugojimui, T\u0117vyn\u0117s meil\u0117s skleidimui. \u0160iame romane taip kaip ir Vinco Mikolai\u010dio Putino romane yra nema\u017eai ir Justino Staugai\u010dio biografijos detali\u0173.<\/p>\n<ul class=\"about-product d-none d-xl-block mt-4\">\n<li><strong>Autorius:<\/strong>\u00a0J. Gintautas<\/li>\n<li><strong>Leid\u0117jas:<\/strong>\u00a0Druka<\/li>\n<li><strong>Metai:<\/strong>\u00a02018<\/li>\n<li><strong>Puslapiai:<\/strong>\u00a0240<\/li>\n<li><strong>ISBN:<\/strong>\u00a09786094042577<\/li>\n<li><strong>Formatas:<\/strong>\u00a017,5 x 24 cm, mink\u0161ti vir\u0161eliai<\/li>\n<li><strong>Kalba:<\/strong>\u00a0Lietuvi\u0173<\/li>\n<\/ul>\n","protected":false},"excerpt":{"rendered":"<p>Knygos autorius \u2013 Tel\u0161i\u0173 vyskupas Justinas Staugaitis, kuris Gintauto slapyvard\u017eiu 1934\u20131935 m. Kaune i\u0161leido roman\u0105\u00a0\u201eTiesiu keliu&#8221;,\u00a0kaip atsak\u0105 \u012f Vinco Mikolai\u010dio-Putino roman\u0105 \u201eAltori\u0173 \u0161e\u0161\u0117lyje&#8221;. \u0160iame romane vaizduojamas pagrindinio herojaus Juozo Sauliaus gyvenimas, apimantis gimnazisto, seminaristo, kunigo tarnyst\u0117s metus. \u0160iuo k\u016briniu siekiama atskleisti kunigyst\u0117s pa\u0161aukimo kilnum\u0105 ir gro\u017e\u012f, parodyti, kaip prasminga tarnauti Dievui ir \u017emon\u0117ms, daug d\u0117mesio skiriama lietuvyb\u0117s i\u0161saugojimui, T\u0117vyn\u0117s meil\u0117s skleidimui. \u0160iame romane taip kaip ir Vinco Mikolai\u010dio Putino romane yra nema\u017eai ir Justino Staugai\u010dio biografijos detali\u0173. Autorius:\u00a0J. Gintautas Leid\u0117jas:\u00a0Druka Metai:\u00a02018 Puslapiai:\u00a0240 ISBN:\u00a09786094042577 Formatas:\u00a017,5 x 24 cm, mink\u0161ti vir\u0161eliai Kalba:\u00a0Lietuvi\u0173<\/p>\n","protected":false},"featured_media":13749,"comment_status":"open","ping_status":"closed","template":"","meta":{"_acf_changed":false,"site-sidebar-layout":"default","site-content-layout":"","ast-site-content-layout":"default","site-content-style":"default","site-sidebar-style":"default","ast-global-header-display":"","ast-banner-title-visibility":"","ast-main-header-display":"","ast-hfb-above-header-display":"","ast-hfb-below-header-display":"","ast-hfb-mobile-header-display":"","site-post-title":"","ast-breadcrumbs-content":"","ast-featured-img":"","footer-sml-layout":"","ast-disable-related-posts":"","theme-transparent-header-meta":"default","adv-header-id-meta":"","stick-header-meta":"","header-above-stick-meta":"","header-main-stick-meta":"","header-below-stick-meta":"","astra-migrate-meta-layouts":"set","ast-page-background-enabled":"default","ast-page-background-meta":{"desktop":{"background-color":"","background-image":"","background-repeat":"repeat","background-position":"center center","background-size":"auto","background-attachment":"scroll","background-type":"","background-media":"","overlay-type":"","overlay-color":"","overlay-opacity":"","overlay-gradient":""},"tablet":{"background-color":"","background-image":"","background-repeat":"repeat","background-position":"center center","background-size":"auto","background-attachment":"scroll","background-type":"","background-media":"","overlay-type":"","overlay-color":"","overlay-opacity":"","overlay-gradient":""},"mobile":{"background-color":"","background-image":"","background-repeat":"repeat","background-position":"center center","background-size":"auto","background-attachment":"scroll","background-type":"","background-media":"","overlay-type":"","overlay-color":"","overlay-opacity":"","overlay-gradient":""}},"ast-content-background-meta":{"desktop":{"background-color":"var(--ast-global-color-4)","background-image":"","background-repeat":"repeat","background-position":"center center","background-size":"auto","background-attachment":"scroll","background-type":"","background-media":"","overlay-type":"","overlay-color":"","overlay-opacity":"","overlay-gradient":""},"tablet":{"background-color":"var(--ast-global-color-4)","background-image":"","background-repeat":"repeat","background-position":"center center","background-size":"auto","background-attachment":"scroll","background-type":"","background-media":"","overlay-type":"","overlay-color":"","overlay-opacity":"","overlay-gradient":""},"mobile":{"background-color":"var(--ast-global-color-4)","background-image":"","background-repeat":"repeat","background-position":"center center","background-size":"auto","background-attachment":"scroll","background-type":"","background-media":"","overlay-type":"","overlay-color":"","overlay-opacity":"","overlay-gradient":""}}},"product_brand":[],"product_cat":[15,165],"product_tag":[4513,4511,1942,4512,4514],"class_list":{"0":"post-13739","1":"product","2":"type-product","3":"status-publish","4":"has-post-thumbnail","6":"product_cat-uncategorized","7":"product_cat-religija-filosofija-ir-ezoterika","8":"product_tag-atsakas-altoriu-seselyje","9":"product_tag-j-gintautas","10":"product_tag-krikscionybe","11":"product_tag-kunigyste","12":"product_tag-religinis-romanas","13":"desktop-align-left","14":"tablet-align-left","15":"mobile-align-left","17":"first","18":"outofstock","19":"shipping-taxable","20":"purchasable","21":"product-type-simple"},"acf":[],"yoast_head":"<!-- This site is optimized with the Yoast SEO plugin v27.0 - https:\/\/yoast.com\/product\/yoast-seo-wordpress\/ -->\n<title>Tiesiu keliu<\/title>\n<meta name=\"description\" content=\"Knygos autorius \u2013 Tel\u0161i\u0173 vyskupas Justinas Staugaitis, kuris Gintauto slapyvard\u017eiu 1934\u20131935 m. Kaune i\u0161leido roman\u0105\u00a0\u201eTiesiu keliu&quot;,\u00a0kaip atsak\u0105 \u012f Vinco\" \/>\n<meta name=\"robots\" content=\"index, follow, max-snippet:-1, max-image-preview:large, max-video-preview:-1\" \/>\n<link rel=\"canonical\" href=\"https:\/\/skaitytaknyga.lt\/en\/produktas\/j-gintautas-tiesiu-keliu\/\" \/>\n<meta property=\"og:locale\" content=\"en_GB\" \/>\n<meta property=\"og:locale:alternate\" content=\"lt_LT\" \/>\n<meta property=\"og:type\" content=\"article\" \/>\n<meta property=\"og:title\" content=\"Tiesiu keliu\" \/>\n<meta property=\"og:description\" content=\"Knygos autorius \u2013 Tel\u0161i\u0173 vyskupas Justinas Staugaitis, kuris Gintauto slapyvard\u017eiu 1934\u20131935 m. Kaune i\u0161leido roman\u0105\u00a0\u201eTiesiu keliu&quot;,\u00a0kaip atsak\u0105 \u012f Vinco\" \/>\n<meta property=\"og:url\" content=\"https:\/\/skaitytaknyga.lt\/en\/produktas\/j-gintautas-tiesiu-keliu\/\" \/>\n<meta property=\"og:site_name\" content=\"Skaitytaknyga\" \/>\n<meta property=\"article:publisher\" content=\"https:\/\/www.facebook.com\/skaitytaknyga\/\" \/>\n<meta property=\"article:modified_time\" content=\"2025-05-28T06:31:16+00:00\" \/>\n<meta property=\"og:image\" content=\"https:\/\/skaitytaknyga.lt\/wp-content\/uploads\/2024\/09\/Tiesiu-keliu.webp\" \/>\n\t<meta property=\"og:image:width\" content=\"388\" \/>\n\t<meta property=\"og:image:height\" content=\"550\" \/>\n\t<meta property=\"og:image:type\" content=\"image\/webp\" \/>\n<meta name=\"twitter:card\" content=\"summary_large_image\" \/>\n<meta name=\"twitter:label1\" content=\"Estimated reading time\" \/>\n\t<meta name=\"twitter:data1\" content=\"1 minute\" \/>\n<script type=\"application\/ld+json\" class=\"yoast-schema-graph\">{\"@context\":\"https:\/\/schema.org\",\"@graph\":[{\"@type\":\"WebPage\",\"@id\":\"https:\/\/skaitytaknyga.lt\/produktas\/j-gintautas-tiesiu-keliu\/\",\"url\":\"https:\/\/skaitytaknyga.lt\/produktas\/j-gintautas-tiesiu-keliu\/\",\"name\":\"Tiesiu keliu\",\"isPartOf\":{\"@id\":\"https:\/\/skaitytaknyga.lt\/#website\"},\"primaryImageOfPage\":{\"@id\":\"https:\/\/skaitytaknyga.lt\/produktas\/j-gintautas-tiesiu-keliu\/#primaryimage\"},\"image\":{\"@id\":\"https:\/\/skaitytaknyga.lt\/produktas\/j-gintautas-tiesiu-keliu\/#primaryimage\"},\"thumbnailUrl\":\"https:\/\/skaitytaknyga.lt\/wp-content\/uploads\/2024\/09\/Tiesiu-keliu.webp\",\"datePublished\":\"2024-09-09T07:02:34+00:00\",\"dateModified\":\"2025-05-28T06:31:16+00:00\",\"description\":\"Knygos autorius \u2013 Tel\u0161i\u0173 vyskupas Justinas Staugaitis, kuris Gintauto slapyvard\u017eiu 1934\u20131935 m. Kaune i\u0161leido roman\u0105\u00a0\u201eTiesiu keliu\\\",\u00a0kaip atsak\u0105 \u012f Vinco\",\"breadcrumb\":{\"@id\":\"https:\/\/skaitytaknyga.lt\/produktas\/j-gintautas-tiesiu-keliu\/#breadcrumb\"},\"inLanguage\":\"en-GB\",\"potentialAction\":[{\"@type\":\"ReadAction\",\"target\":[\"https:\/\/skaitytaknyga.lt\/produktas\/j-gintautas-tiesiu-keliu\/\"]}]},{\"@type\":\"ImageObject\",\"inLanguage\":\"en-GB\",\"@id\":\"https:\/\/skaitytaknyga.lt\/produktas\/j-gintautas-tiesiu-keliu\/#primaryimage\",\"url\":\"https:\/\/skaitytaknyga.lt\/wp-content\/uploads\/2024\/09\/Tiesiu-keliu.webp\",\"contentUrl\":\"https:\/\/skaitytaknyga.lt\/wp-content\/uploads\/2024\/09\/Tiesiu-keliu.webp\",\"width\":388,\"height\":550,\"caption\":\"J. Gintautas \u201eTiesiu keliu\u201c\"},{\"@type\":\"BreadcrumbList\",\"@id\":\"https:\/\/skaitytaknyga.lt\/produktas\/j-gintautas-tiesiu-keliu\/#breadcrumb\",\"itemListElement\":[{\"@type\":\"ListItem\",\"position\":1,\"name\":\"Home\",\"item\":\"https:\/\/skaitytaknyga.lt\/\"},{\"@type\":\"ListItem\",\"position\":2,\"name\":\"Parduotuv\u0117\",\"item\":\"https:\/\/skaitytaknyga.lt\/knygu-parduotuve\/\"},{\"@type\":\"ListItem\",\"position\":3,\"name\":\"Tiesiu keliu\"}]},{\"@type\":\"WebSite\",\"@id\":\"https:\/\/skaitytaknyga.lt\/#website\",\"url\":\"https:\/\/skaitytaknyga.lt\/\",\"name\":\"skaitytaknyga.lt\",\"description\":\"Skaitytaknyga.lt \u2013 tai ma\u017eas \u0161eimos verslas, kuris prasid\u0117jo nuo meil\u0117s knygoms ir siekio i\u0161gelb\u0117ti knygas nuo likimo prie konteinerio. Kas vienam nereikalingas daiktas \u2013 kitam lobis, o mes esame tarpininkai, kurie padeda abiems tapti laimingesniems ???? \u017dinome kaip nelengva i\u0161gyventi ma\u017eiems verslams, tad nuo \u0161iol, \u010dia rasite ir kit\u0173, ma\u017e\u0173 \u0161eim\u0173 versl\u0173, rank\u0173 darbo, dovan\u0173 sau ir artimiesiems.\",\"publisher\":{\"@id\":\"https:\/\/skaitytaknyga.lt\/#organization\"},\"potentialAction\":[{\"@type\":\"SearchAction\",\"target\":{\"@type\":\"EntryPoint\",\"urlTemplate\":\"https:\/\/skaitytaknyga.lt\/?s={search_term_string}\"},\"query-input\":{\"@type\":\"PropertyValueSpecification\",\"valueRequired\":true,\"valueName\":\"search_term_string\"}}],\"inLanguage\":\"en-GB\"},{\"@type\":\"Organization\",\"@id\":\"https:\/\/skaitytaknyga.lt\/#organization\",\"name\":\"skaitytaknyga.lt\",\"url\":\"https:\/\/skaitytaknyga.lt\/\",\"logo\":{\"@type\":\"ImageObject\",\"inLanguage\":\"en-GB\",\"@id\":\"https:\/\/skaitytaknyga.lt\/#\/schema\/logo\/image\/\",\"url\":\"https:\/\/skaitytaknyga.lt\/wp-content\/uploads\/2024\/05\/cropped-cropped-cropped-02_00843_jt3bggkj1j3HLc7SyY6rEUpg.jpeg\",\"contentUrl\":\"https:\/\/skaitytaknyga.lt\/wp-content\/uploads\/2024\/05\/cropped-cropped-cropped-02_00843_jt3bggkj1j3HLc7SyY6rEUpg.jpeg\",\"width\":1600,\"height\":1600,\"caption\":\"skaitytaknyga.lt\"},\"image\":{\"@id\":\"https:\/\/skaitytaknyga.lt\/#\/schema\/logo\/image\/\"},\"sameAs\":[\"https:\/\/www.facebook.com\/skaitytaknyga\/\"]}]}<\/script>\n<!-- \/ Yoast SEO plugin. -->","yoast_head_json":{"title":"Tiesiu keliu","description":"Knygos autorius \u2013 Tel\u0161i\u0173 vyskupas Justinas Staugaitis, kuris Gintauto slapyvard\u017eiu 1934\u20131935 m. Kaune i\u0161leido roman\u0105\u00a0\u201eTiesiu keliu\",\u00a0kaip atsak\u0105 \u012f Vinco","robots":{"index":"index","follow":"follow","max-snippet":"max-snippet:-1","max-image-preview":"max-image-preview:large","max-video-preview":"max-video-preview:-1"},"canonical":"https:\/\/skaitytaknyga.lt\/en\/produktas\/j-gintautas-tiesiu-keliu\/","og_locale":"en_GB","og_type":"article","og_title":"[:lt]Tiesiu keliu[:] - Skaitytaknyga","og_description":"Knygos autorius \u2013 Tel\u0161i\u0173 vyskupas Justinas Staugaitis, kuris Gintauto slapyvard\u017eiu 1934\u20131935 m. Kaune i\u0161leido roman\u0105\u00a0\u201eTiesiu keliu\",\u00a0kaip atsak\u0105 \u012f Vinco","og_url":"https:\/\/skaitytaknyga.lt\/en\/produktas\/j-gintautas-tiesiu-keliu\/","og_site_name":"Skaitytaknyga","article_publisher":"https:\/\/www.facebook.com\/skaitytaknyga\/","article_modified_time":"2025-05-28T06:31:16+00:00","og_image":[{"width":388,"height":550,"url":"https:\/\/skaitytaknyga.lt\/wp-content\/uploads\/2024\/09\/Tiesiu-keliu.webp","type":"image\/webp"}],"twitter_card":"summary_large_image","twitter_misc":{"Estimated reading time":"1 minute"},"schema":{"@context":"https:\/\/schema.org","@graph":[{"@type":"WebPage","@id":"https:\/\/skaitytaknyga.lt\/produktas\/j-gintautas-tiesiu-keliu\/","url":"https:\/\/skaitytaknyga.lt\/produktas\/j-gintautas-tiesiu-keliu\/","name":"Tiesiu keliu","isPartOf":{"@id":"https:\/\/skaitytaknyga.lt\/#website"},"primaryImageOfPage":{"@id":"https:\/\/skaitytaknyga.lt\/produktas\/j-gintautas-tiesiu-keliu\/#primaryimage"},"image":{"@id":"https:\/\/skaitytaknyga.lt\/produktas\/j-gintautas-tiesiu-keliu\/#primaryimage"},"thumbnailUrl":"https:\/\/skaitytaknyga.lt\/wp-content\/uploads\/2024\/09\/Tiesiu-keliu.webp","datePublished":"2024-09-09T07:02:34+00:00","dateModified":"2025-05-28T06:31:16+00:00","description":"Knygos autorius \u2013 Tel\u0161i\u0173 vyskupas Justinas Staugaitis, kuris Gintauto slapyvard\u017eiu 1934\u20131935 m. Kaune i\u0161leido roman\u0105\u00a0\u201eTiesiu keliu\",\u00a0kaip atsak\u0105 \u012f Vinco","breadcrumb":{"@id":"https:\/\/skaitytaknyga.lt\/produktas\/j-gintautas-tiesiu-keliu\/#breadcrumb"},"inLanguage":"en-GB","potentialAction":[{"@type":"ReadAction","target":["https:\/\/skaitytaknyga.lt\/produktas\/j-gintautas-tiesiu-keliu\/"]}]},{"@type":"ImageObject","inLanguage":"en-GB","@id":"https:\/\/skaitytaknyga.lt\/produktas\/j-gintautas-tiesiu-keliu\/#primaryimage","url":"https:\/\/skaitytaknyga.lt\/wp-content\/uploads\/2024\/09\/Tiesiu-keliu.webp","contentUrl":"https:\/\/skaitytaknyga.lt\/wp-content\/uploads\/2024\/09\/Tiesiu-keliu.webp","width":388,"height":550,"caption":"J. Gintautas \u201eTiesiu keliu\u201c"},{"@type":"BreadcrumbList","@id":"https:\/\/skaitytaknyga.lt\/produktas\/j-gintautas-tiesiu-keliu\/#breadcrumb","itemListElement":[{"@type":"ListItem","position":1,"name":"Home","item":"https:\/\/skaitytaknyga.lt\/"},{"@type":"ListItem","position":2,"name":"Parduotuv\u0117","item":"https:\/\/skaitytaknyga.lt\/knygu-parduotuve\/"},{"@type":"ListItem","position":3,"name":"Tiesiu keliu"}]},{"@type":"WebSite","@id":"https:\/\/skaitytaknyga.lt\/#website","url":"https:\/\/skaitytaknyga.lt\/","name":"skaitytaknyga.lt","description":"Skaitytaknyga.lt \u2013 tai ma\u017eas \u0161eimos verslas, kuris prasid\u0117jo nuo meil\u0117s knygoms ir siekio i\u0161gelb\u0117ti knygas nuo likimo prie konteinerio. Kas vienam nereikalingas daiktas \u2013 kitam lobis, o mes esame tarpininkai, kurie padeda abiems tapti laimingesniems ???? \u017dinome kaip nelengva i\u0161gyventi ma\u017eiems verslams, tad nuo \u0161iol, \u010dia rasite ir kit\u0173, ma\u017e\u0173 \u0161eim\u0173 versl\u0173, rank\u0173 darbo, dovan\u0173 sau ir artimiesiems.","publisher":{"@id":"https:\/\/skaitytaknyga.lt\/#organization"},"potentialAction":[{"@type":"SearchAction","target":{"@type":"EntryPoint","urlTemplate":"https:\/\/skaitytaknyga.lt\/?s={search_term_string}"},"query-input":{"@type":"PropertyValueSpecification","valueRequired":true,"valueName":"search_term_string"}}],"inLanguage":"en-GB"},{"@type":"Organization","@id":"https:\/\/skaitytaknyga.lt\/#organization","name":"skaitytaknyga.lt","url":"https:\/\/skaitytaknyga.lt\/","logo":{"@type":"ImageObject","inLanguage":"en-GB","@id":"https:\/\/skaitytaknyga.lt\/#\/schema\/logo\/image\/","url":"https:\/\/skaitytaknyga.lt\/wp-content\/uploads\/2024\/05\/cropped-cropped-cropped-02_00843_jt3bggkj1j3HLc7SyY6rEUpg.jpeg","contentUrl":"https:\/\/skaitytaknyga.lt\/wp-content\/uploads\/2024\/05\/cropped-cropped-cropped-02_00843_jt3bggkj1j3HLc7SyY6rEUpg.jpeg","width":1600,"height":1600,"caption":"skaitytaknyga.lt"},"image":{"@id":"https:\/\/skaitytaknyga.lt\/#\/schema\/logo\/image\/"},"sameAs":["https:\/\/www.facebook.com\/skaitytaknyga\/"]}]}},"_links":{"self":[{"href":"https:\/\/skaitytaknyga.lt\/en\/wp-json\/wp\/v2\/product\/13739","targetHints":{"allow":["GET"]}}],"collection":[{"href":"https:\/\/skaitytaknyga.lt\/en\/wp-json\/wp\/v2\/product"}],"about":[{"href":"https:\/\/skaitytaknyga.lt\/en\/wp-json\/wp\/v2\/types\/product"}],"replies":[{"embeddable":true,"href":"https:\/\/skaitytaknyga.lt\/en\/wp-json\/wp\/v2\/comments?post=13739"}],"wp:featuredmedia":[{"embeddable":true,"href":"https:\/\/skaitytaknyga.lt\/en\/wp-json\/wp\/v2\/media\/13749"}],"wp:attachment":[{"href":"https:\/\/skaitytaknyga.lt\/en\/wp-json\/wp\/v2\/media?parent=13739"}],"wp:term":[{"taxonomy":"product_brand","embeddable":true,"href":"https:\/\/skaitytaknyga.lt\/en\/wp-json\/wp\/v2\/product_brand?post=13739"},{"taxonomy":"product_cat","embeddable":true,"href":"https:\/\/skaitytaknyga.lt\/en\/wp-json\/wp\/v2\/product_cat?post=13739"},{"taxonomy":"product_tag","embeddable":true,"href":"https:\/\/skaitytaknyga.lt\/en\/wp-json\/wp\/v2\/product_tag?post=13739"}],"curies":[{"name":"wp","href":"https:\/\/api.w.org\/{rel}","templated":true}]}}