{"id":13736,"date":"2024-09-09T10:02:33","date_gmt":"2024-09-09T07:02:33","guid":{"rendered":"https:\/\/skaitytaknyga.lt\/?post_type=product&#038;p=13736"},"modified":"2024-10-15T19:09:34","modified_gmt":"2024-10-15T16:09:34","slug":"viskas-ka-norejai-suzinoti-apie-dangu-bet-ne-nesvajojai-paklausti","status":"publish","type":"product","link":"https:\/\/skaitytaknyga.lt\/en\/produktas\/viskas-ka-norejai-suzinoti-apie-dangu-bet-ne-nesvajojai-paklausti\/","title":{"rendered":"Viskas, k\u0105 nor\u0117jai su\u017einoti apie Dang\u0173&#8230; Bet n\u0117 nesvajojai paklausti (pagelt\u0119s vir\u0161us)"},"content":{"rendered":"<p>\u0160ioje knygoje kalb\u0117damas apie Dang\u0173, t\u0105 \u201eneatrast\u0105 \u0161al\u012f\u201c, autorius visiems skaitytojams pateikia gaivinan\u010diai ai\u0161k\u0173, teologi\u0161kai pagr\u012fst\u0105 ir nuolat stebinant\u012f po\u017ei\u016br\u012f. Patrauklus ir turiningas Piterio Kryfto pasakojimas i\u0161samiai nagrin\u0117ja tokius intriguojan\u010dius klausimus: Kaip galime \u017einoti, koks yra Dangus? K\u0105 veiksime Danguje? Kod\u0117l Danguje tur\u0117tume tur\u0117ti k\u016bnus? Ar Danguje yra lytis? Ar Danguje \u017einosime visk\u0105? Kokio am\u017eiaus b\u016bsime Danguje? Ar Danguje yra gyv\u016bn\u0173? Kaip Danguje atpa\u017einsime vienas kit\u0105?<\/p>\n<p>P. Kryftas solid\u0173 moksli\u0161kum\u0105 puikiai derina su gyvu savo atradim\u0173 pateikimo b\u016bdu. Jis kalba \u0161ird\u017eiai ir protui, jungdamas dabartin\u012f m\u0105stym\u0105 ir klasikines pa\u017ei\u016bras, bei pateikia neprilygstam\u0105 po\u017ei\u016br\u012f \u012f vien\u0105 populiariausi\u0173, ta\u010diau ma\u017eiausiai suprantam\u0173, religijos tem\u0173.<\/p>\n<p><strong>Piteris Kryftas<\/strong>\u00a0(Peter Kreeft) yra Bostono koled\u017eo filosofijos profesorius ir daugelio knyg\u0173 autorius.<\/p>\n<ul class=\"about-product d-none d-xl-block mt-4\">\n<li><strong>Autorius:<\/strong>\u00a0Peter Kreeft<\/li>\n<li><strong>Leid\u0117jas:<\/strong>\u00a0Katalik\u0173 pasaulio leidiniai<\/li>\n<li><strong>Metai:<\/strong>\u00a02009<\/li>\n<li><strong>Puslapiai:<\/strong>\u00a0278<\/li>\n<li><strong>ISBN:<\/strong>\u00a09789955290872<\/li>\n<li><strong>Versijos kodas:<\/strong>\u00a0PT.<\/li>\n<li><strong>Formatas:<\/strong>\u00a014 x 21 cm, mink\u0161ti vir\u0161eliai<\/li>\n<li><strong>Kalba:<\/strong>\u00a0Lietuvi\u0173<\/li>\n<li><strong>Vert\u0117jas:<\/strong>\u00a0K\u0119stutis Pulokas<\/li>\n<\/ul>\n","protected":false},"excerpt":{"rendered":"<p>\u0160ioje knygoje kalb\u0117damas apie Dang\u0173, t\u0105 \u201eneatrast\u0105 \u0161al\u012f\u201c, autorius visiems skaitytojams pateikia gaivinan\u010diai ai\u0161k\u0173, teologi\u0161kai pagr\u012fst\u0105 ir nuolat stebinant\u012f po\u017ei\u016br\u012f. Patrauklus ir turiningas Piterio Kryfto pasakojimas i\u0161samiai nagrin\u0117ja tokius intriguojan\u010dius klausimus: Kaip galime \u017einoti, koks yra Dangus? K\u0105 veiksime Danguje? Kod\u0117l Danguje tur\u0117tume tur\u0117ti k\u016bnus? Ar Danguje yra lytis? Ar Danguje \u017einosime visk\u0105? Kokio am\u017eiaus b\u016bsime Danguje? Ar Danguje yra gyv\u016bn\u0173? Kaip Danguje atpa\u017einsime vienas kit\u0105? P. Kryftas solid\u0173 moksli\u0161kum\u0105 puikiai derina su gyvu savo atradim\u0173 pateikimo b\u016bdu. Jis kalba \u0161ird\u017eiai ir protui, jungdamas dabartin\u012f m\u0105stym\u0105 ir klasikines pa\u017ei\u016bras, bei pateikia neprilygstam\u0105 po\u017ei\u016br\u012f \u012f vien\u0105 populiariausi\u0173, ta\u010diau ma\u017eiausiai suprantam\u0173, religijos tem\u0173. Piteris Kryftas\u00a0(Peter Kreeft) yra Bostono koled\u017eo filosofijos profesorius ir daugelio knyg\u0173 autorius. Autorius:\u00a0Peter Kreeft Leid\u0117jas:\u00a0Katalik\u0173 pasaulio leidiniai Metai:\u00a02009 Puslapiai:\u00a0278 ISBN:\u00a09789955290872 Versijos kodas:\u00a0PT. Formatas:\u00a014 x 21 cm, mink\u0161ti vir\u0161eliai Kalba:\u00a0Lietuvi\u0173 Vert\u0117jas:\u00a0K\u0119stutis Pulokas<\/p>\n","protected":false},"featured_media":13748,"comment_status":"open","ping_status":"closed","template":"","meta":{"_acf_changed":false,"site-sidebar-layout":"default","site-content-layout":"","ast-site-content-layout":"default","site-content-style":"default","site-sidebar-style":"default","ast-global-header-display":"","ast-banner-title-visibility":"","ast-main-header-display":"","ast-hfb-above-header-display":"","ast-hfb-below-header-display":"","ast-hfb-mobile-header-display":"","site-post-title":"","ast-breadcrumbs-content":"","ast-featured-img":"","footer-sml-layout":"","ast-disable-related-posts":"","theme-transparent-header-meta":"default","adv-header-id-meta":"","stick-header-meta":"","header-above-stick-meta":"","header-main-stick-meta":"","header-below-stick-meta":"","astra-migrate-meta-layouts":"set","ast-page-background-enabled":"default","ast-page-background-meta":{"desktop":{"background-color":"","background-image":"","background-repeat":"repeat","background-position":"center center","background-size":"auto","background-attachment":"scroll","background-type":"","background-media":"","overlay-type":"","overlay-color":"","overlay-opacity":"","overlay-gradient":""},"tablet":{"background-color":"","background-image":"","background-repeat":"repeat","background-position":"center center","background-size":"auto","background-attachment":"scroll","background-type":"","background-media":"","overlay-type":"","overlay-color":"","overlay-opacity":"","overlay-gradient":""},"mobile":{"background-color":"","background-image":"","background-repeat":"repeat","background-position":"center center","background-size":"auto","background-attachment":"scroll","background-type":"","background-media":"","overlay-type":"","overlay-color":"","overlay-opacity":"","overlay-gradient":""}},"ast-content-background-meta":{"desktop":{"background-color":"var(--ast-global-color-4)","background-image":"","background-repeat":"repeat","background-position":"center center","background-size":"auto","background-attachment":"scroll","background-type":"","background-media":"","overlay-type":"","overlay-color":"","overlay-opacity":"","overlay-gradient":""},"tablet":{"background-color":"var(--ast-global-color-4)","background-image":"","background-repeat":"repeat","background-position":"center center","background-size":"auto","background-attachment":"scroll","background-type":"","background-media":"","overlay-type":"","overlay-color":"","overlay-opacity":"","overlay-gradient":""},"mobile":{"background-color":"var(--ast-global-color-4)","background-image":"","background-repeat":"repeat","background-position":"center center","background-size":"auto","background-attachment":"scroll","background-type":"","background-media":"","overlay-type":"","overlay-color":"","overlay-opacity":"","overlay-gradient":""}}},"product_brand":[],"product_cat":[15,165],"product_tag":[],"class_list":{"0":"post-13736","1":"product","2":"type-product","3":"status-publish","4":"has-post-thumbnail","6":"product_cat-uncategorized","7":"product_cat-religija-filosofija-ir-ezoterika","8":"desktop-align-left","9":"tablet-align-left","10":"mobile-align-left","12":"first","13":"instock","14":"shipping-taxable","15":"purchasable","16":"product-type-simple"},"acf":[],"yoast_head":"<!-- This site is optimized with the Yoast SEO plugin v27.0 - https:\/\/yoast.com\/product\/yoast-seo-wordpress\/ -->\n<title>Viskas, k\u0105 nor\u0117jai su\u017einoti apie Dang\u0173... Bet n\u0117 nesvajojai paklausti (pagelt\u0119s vir\u0161us)<\/title>\n<meta name=\"description\" content=\"\u0160ioje knygoje kalb\u0117damas apie Dang\u0173, t\u0105 \u201eneatrast\u0105 \u0161al\u012f\u201c, autorius visiems skaitytojams pateikia gaivinan\u010diai ai\u0161k\u0173, teologi\u0161kai pagr\u012fst\u0105 ir nuolat\" \/>\n<meta name=\"robots\" content=\"index, follow, max-snippet:-1, max-image-preview:large, max-video-preview:-1\" \/>\n<link rel=\"canonical\" href=\"https:\/\/skaitytaknyga.lt\/en\/produktas\/viskas-ka-norejai-suzinoti-apie-dangu-bet-ne-nesvajojai-paklausti\/\" \/>\n<meta property=\"og:locale\" content=\"en_GB\" \/>\n<meta property=\"og:locale:alternate\" content=\"lt_LT\" \/>\n<meta property=\"og:type\" content=\"article\" \/>\n<meta property=\"og:title\" content=\"Viskas, k\u0105 nor\u0117jai su\u017einoti apie Dang\u0173... Bet n\u0117 nesvajojai paklausti (pagelt\u0119s vir\u0161us)\" \/>\n<meta property=\"og:description\" content=\"\u0160ioje knygoje kalb\u0117damas apie Dang\u0173, t\u0105 \u201eneatrast\u0105 \u0161al\u012f\u201c, autorius visiems skaitytojams pateikia gaivinan\u010diai ai\u0161k\u0173, teologi\u0161kai pagr\u012fst\u0105 ir nuolat\" \/>\n<meta property=\"og:url\" content=\"https:\/\/skaitytaknyga.lt\/en\/produktas\/viskas-ka-norejai-suzinoti-apie-dangu-bet-ne-nesvajojai-paklausti\/\" \/>\n<meta property=\"og:site_name\" content=\"Skaitytaknyga\" \/>\n<meta property=\"article:publisher\" content=\"https:\/\/www.facebook.com\/skaitytaknyga\/\" \/>\n<meta property=\"article:modified_time\" content=\"2024-10-15T16:09:34+00:00\" \/>\n<meta property=\"og:image\" content=\"https:\/\/skaitytaknyga.lt\/wp-content\/uploads\/2024\/09\/Viskas-ka-norejai-suzinoti-apie-Dangu.-Bet-ne-nesvajojai-paklausti.webp\" \/>\n\t<meta property=\"og:image:width\" content=\"493\" \/>\n\t<meta property=\"og:image:height\" content=\"800\" \/>\n\t<meta property=\"og:image:type\" content=\"image\/webp\" \/>\n<meta name=\"twitter:card\" content=\"summary_large_image\" \/>\n<meta name=\"twitter:label1\" content=\"Estimated reading time\" \/>\n\t<meta name=\"twitter:data1\" content=\"1 minute\" \/>\n<script type=\"application\/ld+json\" class=\"yoast-schema-graph\">{\"@context\":\"https:\/\/schema.org\",\"@graph\":[{\"@type\":\"WebPage\",\"@id\":\"https:\/\/skaitytaknyga.lt\/produktas\/viskas-ka-norejai-suzinoti-apie-dangu-bet-ne-nesvajojai-paklausti\/\",\"url\":\"https:\/\/skaitytaknyga.lt\/produktas\/viskas-ka-norejai-suzinoti-apie-dangu-bet-ne-nesvajojai-paklausti\/\",\"name\":\"Viskas, k\u0105 nor\u0117jai su\u017einoti apie Dang\u0173... Bet n\u0117 nesvajojai paklausti (pagelt\u0119s vir\u0161us)\",\"isPartOf\":{\"@id\":\"https:\/\/skaitytaknyga.lt\/#website\"},\"primaryImageOfPage\":{\"@id\":\"https:\/\/skaitytaknyga.lt\/produktas\/viskas-ka-norejai-suzinoti-apie-dangu-bet-ne-nesvajojai-paklausti\/#primaryimage\"},\"image\":{\"@id\":\"https:\/\/skaitytaknyga.lt\/produktas\/viskas-ka-norejai-suzinoti-apie-dangu-bet-ne-nesvajojai-paklausti\/#primaryimage\"},\"thumbnailUrl\":\"https:\/\/skaitytaknyga.lt\/wp-content\/uploads\/2024\/09\/Viskas-ka-norejai-suzinoti-apie-Dangu.-Bet-ne-nesvajojai-paklausti.webp\",\"datePublished\":\"2024-09-09T07:02:33+00:00\",\"dateModified\":\"2024-10-15T16:09:34+00:00\",\"description\":\"\u0160ioje knygoje kalb\u0117damas apie Dang\u0173, t\u0105 \u201eneatrast\u0105 \u0161al\u012f\u201c, autorius visiems skaitytojams pateikia gaivinan\u010diai ai\u0161k\u0173, teologi\u0161kai pagr\u012fst\u0105 ir nuolat\",\"breadcrumb\":{\"@id\":\"https:\/\/skaitytaknyga.lt\/produktas\/viskas-ka-norejai-suzinoti-apie-dangu-bet-ne-nesvajojai-paklausti\/#breadcrumb\"},\"inLanguage\":\"en-GB\",\"potentialAction\":[{\"@type\":\"ReadAction\",\"target\":[\"https:\/\/skaitytaknyga.lt\/produktas\/viskas-ka-norejai-suzinoti-apie-dangu-bet-ne-nesvajojai-paklausti\/\"]}]},{\"@type\":\"ImageObject\",\"inLanguage\":\"en-GB\",\"@id\":\"https:\/\/skaitytaknyga.lt\/produktas\/viskas-ka-norejai-suzinoti-apie-dangu-bet-ne-nesvajojai-paklausti\/#primaryimage\",\"url\":\"https:\/\/skaitytaknyga.lt\/wp-content\/uploads\/2024\/09\/Viskas-ka-norejai-suzinoti-apie-Dangu.-Bet-ne-nesvajojai-paklausti.webp\",\"contentUrl\":\"https:\/\/skaitytaknyga.lt\/wp-content\/uploads\/2024\/09\/Viskas-ka-norejai-suzinoti-apie-Dangu.-Bet-ne-nesvajojai-paklausti.webp\",\"width\":493,\"height\":800,\"caption\":\"Viskas, k\u0105 nor\u0117jai su\u017einoti apie Dang\u0173... Bet n\u0117 nesvajojai paklausti\"},{\"@type\":\"BreadcrumbList\",\"@id\":\"https:\/\/skaitytaknyga.lt\/produktas\/viskas-ka-norejai-suzinoti-apie-dangu-bet-ne-nesvajojai-paklausti\/#breadcrumb\",\"itemListElement\":[{\"@type\":\"ListItem\",\"position\":1,\"name\":\"Home\",\"item\":\"https:\/\/skaitytaknyga.lt\/\"},{\"@type\":\"ListItem\",\"position\":2,\"name\":\"Parduotuv\u0117\",\"item\":\"https:\/\/skaitytaknyga.lt\/knygu-parduotuve\/\"},{\"@type\":\"ListItem\",\"position\":3,\"name\":\"Viskas, k\u0105 nor\u0117jai su\u017einoti apie Dang\u0173&#8230; Bet n\u0117 nesvajojai paklausti (pagelt\u0119s vir\u0161us)\"}]},{\"@type\":\"WebSite\",\"@id\":\"https:\/\/skaitytaknyga.lt\/#website\",\"url\":\"https:\/\/skaitytaknyga.lt\/\",\"name\":\"skaitytaknyga.lt\",\"description\":\"Skaitytaknyga.lt \u2013 tai ma\u017eas \u0161eimos verslas, kuris prasid\u0117jo nuo meil\u0117s knygoms ir siekio i\u0161gelb\u0117ti knygas nuo likimo prie konteinerio. Kas vienam nereikalingas daiktas \u2013 kitam lobis, o mes esame tarpininkai, kurie padeda abiems tapti laimingesniems ???? \u017dinome kaip nelengva i\u0161gyventi ma\u017eiems verslams, tad nuo \u0161iol, \u010dia rasite ir kit\u0173, ma\u017e\u0173 \u0161eim\u0173 versl\u0173, rank\u0173 darbo, dovan\u0173 sau ir artimiesiems.\",\"publisher\":{\"@id\":\"https:\/\/skaitytaknyga.lt\/#organization\"},\"potentialAction\":[{\"@type\":\"SearchAction\",\"target\":{\"@type\":\"EntryPoint\",\"urlTemplate\":\"https:\/\/skaitytaknyga.lt\/?s={search_term_string}\"},\"query-input\":{\"@type\":\"PropertyValueSpecification\",\"valueRequired\":true,\"valueName\":\"search_term_string\"}}],\"inLanguage\":\"en-GB\"},{\"@type\":\"Organization\",\"@id\":\"https:\/\/skaitytaknyga.lt\/#organization\",\"name\":\"skaitytaknyga.lt\",\"url\":\"https:\/\/skaitytaknyga.lt\/\",\"logo\":{\"@type\":\"ImageObject\",\"inLanguage\":\"en-GB\",\"@id\":\"https:\/\/skaitytaknyga.lt\/#\/schema\/logo\/image\/\",\"url\":\"https:\/\/skaitytaknyga.lt\/wp-content\/uploads\/2024\/05\/cropped-cropped-cropped-02_00843_jt3bggkj1j3HLc7SyY6rEUpg.jpeg\",\"contentUrl\":\"https:\/\/skaitytaknyga.lt\/wp-content\/uploads\/2024\/05\/cropped-cropped-cropped-02_00843_jt3bggkj1j3HLc7SyY6rEUpg.jpeg\",\"width\":1600,\"height\":1600,\"caption\":\"skaitytaknyga.lt\"},\"image\":{\"@id\":\"https:\/\/skaitytaknyga.lt\/#\/schema\/logo\/image\/\"},\"sameAs\":[\"https:\/\/www.facebook.com\/skaitytaknyga\/\"]}]}<\/script>\n<!-- \/ Yoast SEO plugin. -->","yoast_head_json":{"title":"Viskas, k\u0105 nor\u0117jai su\u017einoti apie Dang\u0173... Bet n\u0117 nesvajojai paklausti (pagelt\u0119s vir\u0161us)","description":"\u0160ioje knygoje kalb\u0117damas apie Dang\u0173, t\u0105 \u201eneatrast\u0105 \u0161al\u012f\u201c, autorius visiems skaitytojams pateikia gaivinan\u010diai ai\u0161k\u0173, teologi\u0161kai pagr\u012fst\u0105 ir nuolat","robots":{"index":"index","follow":"follow","max-snippet":"max-snippet:-1","max-image-preview":"max-image-preview:large","max-video-preview":"max-video-preview:-1"},"canonical":"https:\/\/skaitytaknyga.lt\/en\/produktas\/viskas-ka-norejai-suzinoti-apie-dangu-bet-ne-nesvajojai-paklausti\/","og_locale":"en_GB","og_type":"article","og_title":"[:lt]Viskas, k\u0105 nor\u0117jai su\u017einoti apie Dang\u0173... Bet n\u0117 nesvajojai paklausti (pagelt\u0119s vir\u0161us)[:] - Skaitytaknyga","og_description":"\u0160ioje knygoje kalb\u0117damas apie Dang\u0173, t\u0105 \u201eneatrast\u0105 \u0161al\u012f\u201c, autorius visiems skaitytojams pateikia gaivinan\u010diai ai\u0161k\u0173, teologi\u0161kai pagr\u012fst\u0105 ir nuolat","og_url":"https:\/\/skaitytaknyga.lt\/en\/produktas\/viskas-ka-norejai-suzinoti-apie-dangu-bet-ne-nesvajojai-paklausti\/","og_site_name":"Skaitytaknyga","article_publisher":"https:\/\/www.facebook.com\/skaitytaknyga\/","article_modified_time":"2024-10-15T16:09:34+00:00","og_image":[{"width":493,"height":800,"url":"https:\/\/skaitytaknyga.lt\/wp-content\/uploads\/2024\/09\/Viskas-ka-norejai-suzinoti-apie-Dangu.-Bet-ne-nesvajojai-paklausti.webp","type":"image\/webp"}],"twitter_card":"summary_large_image","twitter_misc":{"Estimated reading time":"1 minute"},"schema":{"@context":"https:\/\/schema.org","@graph":[{"@type":"WebPage","@id":"https:\/\/skaitytaknyga.lt\/produktas\/viskas-ka-norejai-suzinoti-apie-dangu-bet-ne-nesvajojai-paklausti\/","url":"https:\/\/skaitytaknyga.lt\/produktas\/viskas-ka-norejai-suzinoti-apie-dangu-bet-ne-nesvajojai-paklausti\/","name":"Viskas, k\u0105 nor\u0117jai su\u017einoti apie Dang\u0173... Bet n\u0117 nesvajojai paklausti (pagelt\u0119s vir\u0161us)","isPartOf":{"@id":"https:\/\/skaitytaknyga.lt\/#website"},"primaryImageOfPage":{"@id":"https:\/\/skaitytaknyga.lt\/produktas\/viskas-ka-norejai-suzinoti-apie-dangu-bet-ne-nesvajojai-paklausti\/#primaryimage"},"image":{"@id":"https:\/\/skaitytaknyga.lt\/produktas\/viskas-ka-norejai-suzinoti-apie-dangu-bet-ne-nesvajojai-paklausti\/#primaryimage"},"thumbnailUrl":"https:\/\/skaitytaknyga.lt\/wp-content\/uploads\/2024\/09\/Viskas-ka-norejai-suzinoti-apie-Dangu.-Bet-ne-nesvajojai-paklausti.webp","datePublished":"2024-09-09T07:02:33+00:00","dateModified":"2024-10-15T16:09:34+00:00","description":"\u0160ioje knygoje kalb\u0117damas apie Dang\u0173, t\u0105 \u201eneatrast\u0105 \u0161al\u012f\u201c, autorius visiems skaitytojams pateikia gaivinan\u010diai ai\u0161k\u0173, teologi\u0161kai pagr\u012fst\u0105 ir nuolat","breadcrumb":{"@id":"https:\/\/skaitytaknyga.lt\/produktas\/viskas-ka-norejai-suzinoti-apie-dangu-bet-ne-nesvajojai-paklausti\/#breadcrumb"},"inLanguage":"en-GB","potentialAction":[{"@type":"ReadAction","target":["https:\/\/skaitytaknyga.lt\/produktas\/viskas-ka-norejai-suzinoti-apie-dangu-bet-ne-nesvajojai-paklausti\/"]}]},{"@type":"ImageObject","inLanguage":"en-GB","@id":"https:\/\/skaitytaknyga.lt\/produktas\/viskas-ka-norejai-suzinoti-apie-dangu-bet-ne-nesvajojai-paklausti\/#primaryimage","url":"https:\/\/skaitytaknyga.lt\/wp-content\/uploads\/2024\/09\/Viskas-ka-norejai-suzinoti-apie-Dangu.-Bet-ne-nesvajojai-paklausti.webp","contentUrl":"https:\/\/skaitytaknyga.lt\/wp-content\/uploads\/2024\/09\/Viskas-ka-norejai-suzinoti-apie-Dangu.-Bet-ne-nesvajojai-paklausti.webp","width":493,"height":800,"caption":"Viskas, k\u0105 nor\u0117jai su\u017einoti apie Dang\u0173... Bet n\u0117 nesvajojai paklausti"},{"@type":"BreadcrumbList","@id":"https:\/\/skaitytaknyga.lt\/produktas\/viskas-ka-norejai-suzinoti-apie-dangu-bet-ne-nesvajojai-paklausti\/#breadcrumb","itemListElement":[{"@type":"ListItem","position":1,"name":"Home","item":"https:\/\/skaitytaknyga.lt\/"},{"@type":"ListItem","position":2,"name":"Parduotuv\u0117","item":"https:\/\/skaitytaknyga.lt\/knygu-parduotuve\/"},{"@type":"ListItem","position":3,"name":"Viskas, k\u0105 nor\u0117jai su\u017einoti apie Dang\u0173&#8230; Bet n\u0117 nesvajojai paklausti (pagelt\u0119s vir\u0161us)"}]},{"@type":"WebSite","@id":"https:\/\/skaitytaknyga.lt\/#website","url":"https:\/\/skaitytaknyga.lt\/","name":"skaitytaknyga.lt","description":"Skaitytaknyga.lt \u2013 tai ma\u017eas \u0161eimos verslas, kuris prasid\u0117jo nuo meil\u0117s knygoms ir siekio i\u0161gelb\u0117ti knygas nuo likimo prie konteinerio. Kas vienam nereikalingas daiktas \u2013 kitam lobis, o mes esame tarpininkai, kurie padeda abiems tapti laimingesniems ???? \u017dinome kaip nelengva i\u0161gyventi ma\u017eiems verslams, tad nuo \u0161iol, \u010dia rasite ir kit\u0173, ma\u017e\u0173 \u0161eim\u0173 versl\u0173, rank\u0173 darbo, dovan\u0173 sau ir artimiesiems.","publisher":{"@id":"https:\/\/skaitytaknyga.lt\/#organization"},"potentialAction":[{"@type":"SearchAction","target":{"@type":"EntryPoint","urlTemplate":"https:\/\/skaitytaknyga.lt\/?s={search_term_string}"},"query-input":{"@type":"PropertyValueSpecification","valueRequired":true,"valueName":"search_term_string"}}],"inLanguage":"en-GB"},{"@type":"Organization","@id":"https:\/\/skaitytaknyga.lt\/#organization","name":"skaitytaknyga.lt","url":"https:\/\/skaitytaknyga.lt\/","logo":{"@type":"ImageObject","inLanguage":"en-GB","@id":"https:\/\/skaitytaknyga.lt\/#\/schema\/logo\/image\/","url":"https:\/\/skaitytaknyga.lt\/wp-content\/uploads\/2024\/05\/cropped-cropped-cropped-02_00843_jt3bggkj1j3HLc7SyY6rEUpg.jpeg","contentUrl":"https:\/\/skaitytaknyga.lt\/wp-content\/uploads\/2024\/05\/cropped-cropped-cropped-02_00843_jt3bggkj1j3HLc7SyY6rEUpg.jpeg","width":1600,"height":1600,"caption":"skaitytaknyga.lt"},"image":{"@id":"https:\/\/skaitytaknyga.lt\/#\/schema\/logo\/image\/"},"sameAs":["https:\/\/www.facebook.com\/skaitytaknyga\/"]}]}},"_links":{"self":[{"href":"https:\/\/skaitytaknyga.lt\/en\/wp-json\/wp\/v2\/product\/13736","targetHints":{"allow":["GET"]}}],"collection":[{"href":"https:\/\/skaitytaknyga.lt\/en\/wp-json\/wp\/v2\/product"}],"about":[{"href":"https:\/\/skaitytaknyga.lt\/en\/wp-json\/wp\/v2\/types\/product"}],"replies":[{"embeddable":true,"href":"https:\/\/skaitytaknyga.lt\/en\/wp-json\/wp\/v2\/comments?post=13736"}],"wp:featuredmedia":[{"embeddable":true,"href":"https:\/\/skaitytaknyga.lt\/en\/wp-json\/wp\/v2\/media\/13748"}],"wp:attachment":[{"href":"https:\/\/skaitytaknyga.lt\/en\/wp-json\/wp\/v2\/media?parent=13736"}],"wp:term":[{"taxonomy":"product_brand","embeddable":true,"href":"https:\/\/skaitytaknyga.lt\/en\/wp-json\/wp\/v2\/product_brand?post=13736"},{"taxonomy":"product_cat","embeddable":true,"href":"https:\/\/skaitytaknyga.lt\/en\/wp-json\/wp\/v2\/product_cat?post=13736"},{"taxonomy":"product_tag","embeddable":true,"href":"https:\/\/skaitytaknyga.lt\/en\/wp-json\/wp\/v2\/product_tag?post=13736"}],"curies":[{"name":"wp","href":"https:\/\/api.w.org\/{rel}","templated":true}]}}