{"id":13735,"date":"2024-09-09T10:02:33","date_gmt":"2024-09-09T07:02:33","guid":{"rendered":"https:\/\/skaitytaknyga.lt\/?post_type=product&#038;p=13735"},"modified":"2026-03-18T14:59:53","modified_gmt":"2026-03-18T12:59:53","slug":"juozas-daumantas-partizanai-lietuvos-partizano-liudijimas-siu-dienu-lietuvos-patriotui","status":"publish","type":"product","link":"https:\/\/skaitytaknyga.lt\/en\/produktas\/juozas-daumantas-partizanai-lietuvos-partizano-liudijimas-siu-dienu-lietuvos-patriotui\/","title":{"rendered":"Partizanai. Lietuvos partizano liudijimas \u0161i\u0173 dien\u0173 Lietuvos patriotui"},"content":{"rendered":"<p>Jis buvo jaunas, talentingas, sporti\u0161kas, gabus menams, vienas i\u0161 keturi\u0173 broli\u0173 Luk\u0161\u0173. \u012esisi\u016bbavus Antrajam pasauliniam karui gal\u0117jo baigti architekt\u016bros studijas ir kaip daugelis pasitraukti \u012f u\u017esien\u012f. Arba likti gimtin\u0117je ir statyti namus. Juozas pasielg\u0117 kitaip.<\/p>\n<p>Jau pirmame architekt\u016bros studij\u0173 kurse kartu su broliais \u012fsitrauk\u0117 \u012f rezistencin\u012f jud\u0117jim\u0105, s\u0117d\u0117jo kal\u0117jime u\u017e antisovietin\u0119 veikl\u0105, prasid\u0117jus karui prie\u0161inosi fa\u0161ist\u0173 okupacijai, paskui \u2013 v\u0117l soviet\u0173. Suprasdamas, kaip svarbu organizuotas ir gerai apr\u016bpintas pasiprie\u0161inimo s\u0105j\u016bdis, dirbo rezistencini\u0173 laikra\u0161\u010di\u0173 redaktoriumi, prisid\u0117jo prie Vyriausiosios partizan\u0173 vadovyb\u0117s k\u016brimo, buvo Lietuvos laisv\u0117s kovos s\u0105j\u016bd\u017eio atstovas u\u017esienyje.<\/p>\n<p>Kelis kartus prasiver\u017e\u0117 \u012f u\u017esien\u012f, visais \u012fmanomais b\u016bdais siek\u0117 atkreipti pasaulio visuomen\u0117s d\u0117mes\u012f \u012f trypiamos tautos likim\u0105. Pranc\u016bzijoje ruo\u0161\u0117si gr\u012f\u017eti \u012f t\u0117vyn\u0119 jau kaip profesionalus \u017evalgas.<\/p>\n<p>Vis\u0105 laisvalaik\u012f skyr\u0117 atsiminimams apie bendra\u017eygius, t\u0117vynainius ir okupantus \u2013 knygai \u201ePartizanai u\u017e gele\u017ein\u0117s u\u017edangos\u201c. Nebuvo naivus, mat\u0117, kad partizaninis pasiprie\u0161inimas neatlaikys nei\u0161senkamo Soviet\u0173 S\u0105jungos spaudimo, nujaut\u0117, kad teks atsigulti \u0161alia kit\u0173 Lietuvos didvyri\u0173 kauleli\u0173, bet nesudvejojo, kai reik\u0117jo rinktis: gr\u012f\u017eti gimtin\u0117n ar m\u0117gautis medaus m\u0117nesiu Pranc\u016bzijoje. Buvusio bendra\u017eygio Jono Kukausko i\u0161duotas, labiausiai med\u017eiotas partizanas, majoras Juozas Luk\u0161a-Daumantas \u017euvo 1951 m. rugs\u0117jo 4-osios nakt\u012f \u0161alia Garliavos.<br \/>\nJam buvo 30 met\u0173&#8230;<\/p>\n","protected":false},"excerpt":{"rendered":"<p>Jis buvo jaunas, talentingas, sporti\u0161kas, gabus menams, vienas i\u0161 keturi\u0173 broli\u0173 Luk\u0161\u0173. \u012esisi\u016bbavus Antrajam pasauliniam karui gal\u0117jo baigti architekt\u016bros studijas ir kaip daugelis pasitraukti \u012f u\u017esien\u012f. Arba likti gimtin\u0117je ir statyti namus. Juozas pasielg\u0117 kitaip. Jau pirmame architekt\u016bros studij\u0173 kurse kartu su broliais \u012fsitrauk\u0117 \u012f rezistencin\u012f jud\u0117jim\u0105, s\u0117d\u0117jo kal\u0117jime u\u017e antisovietin\u0119 veikl\u0105, prasid\u0117jus karui prie\u0161inosi fa\u0161ist\u0173 okupacijai, paskui \u2013 v\u0117l soviet\u0173. Suprasdamas, kaip svarbu organizuotas ir gerai apr\u016bpintas pasiprie\u0161inimo s\u0105j\u016bdis, dirbo rezistencini\u0173 laikra\u0161\u010di\u0173 redaktoriumi, prisid\u0117jo prie Vyriausiosios partizan\u0173 vadovyb\u0117s k\u016brimo, buvo Lietuvos laisv\u0117s kovos s\u0105j\u016bd\u017eio atstovas u\u017esienyje. Kelis kartus prasiver\u017e\u0117 \u012f u\u017esien\u012f, visais \u012fmanomais b\u016bdais siek\u0117 atkreipti pasaulio visuomen\u0117s d\u0117mes\u012f \u012f trypiamos tautos likim\u0105. Pranc\u016bzijoje ruo\u0161\u0117si gr\u012f\u017eti \u012f t\u0117vyn\u0119 jau kaip profesionalus \u017evalgas. Vis\u0105 laisvalaik\u012f skyr\u0117 atsiminimams apie bendra\u017eygius, t\u0117vynainius ir okupantus \u2013 knygai \u201ePartizanai u\u017e gele\u017ein\u0117s u\u017edangos\u201c. Nebuvo naivus, mat\u0117, kad partizaninis pasiprie\u0161inimas neatlaikys nei\u0161senkamo Soviet\u0173 S\u0105jungos spaudimo, nujaut\u0117, kad teks atsigulti \u0161alia kit\u0173 Lietuvos didvyri\u0173 kauleli\u0173, bet nesudvejojo, kai reik\u0117jo rinktis: gr\u012f\u017eti gimtin\u0117n ar m\u0117gautis medaus m\u0117nesiu Pranc\u016bzijoje. Buvusio bendra\u017eygio Jono Kukausko i\u0161duotas, labiausiai med\u017eiotas partizanas, majoras Juozas Luk\u0161a-Daumantas \u017euvo 1951 m. rugs\u0117jo 4-osios nakt\u012f \u0161alia Garliavos. Jam buvo 30 met\u0173&#8230;<\/p>\n","protected":false},"featured_media":13746,"comment_status":"open","ping_status":"closed","template":"","meta":{"_acf_changed":false,"site-sidebar-layout":"default","site-content-layout":"","ast-site-content-layout":"default","site-content-style":"default","site-sidebar-style":"default","ast-global-header-display":"","ast-banner-title-visibility":"","ast-main-header-display":"","ast-hfb-above-header-display":"","ast-hfb-below-header-display":"","ast-hfb-mobile-header-display":"","site-post-title":"","ast-breadcrumbs-content":"","ast-featured-img":"","footer-sml-layout":"","ast-disable-related-posts":"","theme-transparent-header-meta":"default","adv-header-id-meta":"","stick-header-meta":"","header-above-stick-meta":"","header-main-stick-meta":"","header-below-stick-meta":"","astra-migrate-meta-layouts":"set","ast-page-background-enabled":"default","ast-page-background-meta":{"desktop":{"background-color":"","background-image":"","background-repeat":"repeat","background-position":"center center","background-size":"auto","background-attachment":"scroll","background-type":"","background-media":"","overlay-type":"","overlay-color":"","overlay-opacity":"","overlay-gradient":""},"tablet":{"background-color":"","background-image":"","background-repeat":"repeat","background-position":"center center","background-size":"auto","background-attachment":"scroll","background-type":"","background-media":"","overlay-type":"","overlay-color":"","overlay-opacity":"","overlay-gradient":""},"mobile":{"background-color":"","background-image":"","background-repeat":"repeat","background-position":"center center","background-size":"auto","background-attachment":"scroll","background-type":"","background-media":"","overlay-type":"","overlay-color":"","overlay-opacity":"","overlay-gradient":""}},"ast-content-background-meta":{"desktop":{"background-color":"var(--ast-global-color-4)","background-image":"","background-repeat":"repeat","background-position":"center center","background-size":"auto","background-attachment":"scroll","background-type":"","background-media":"","overlay-type":"","overlay-color":"","overlay-opacity":"","overlay-gradient":""},"tablet":{"background-color":"var(--ast-global-color-4)","background-image":"","background-repeat":"repeat","background-position":"center center","background-size":"auto","background-attachment":"scroll","background-type":"","background-media":"","overlay-type":"","overlay-color":"","overlay-opacity":"","overlay-gradient":""},"mobile":{"background-color":"var(--ast-global-color-4)","background-image":"","background-repeat":"repeat","background-position":"center center","background-size":"auto","background-attachment":"scroll","background-type":"","background-media":"","overlay-type":"","overlay-color":"","overlay-opacity":"","overlay-gradient":""}}},"product_brand":[],"product_cat":[9862,174,15],"product_tag":[1349,2437,2445,2444],"class_list":{"0":"post-13735","1":"product","2":"type-product","3":"status-publish","4":"has-post-thumbnail","6":"product_cat-lietuvos-istorija","7":"product_cat-istorija-ir-politologija","8":"product_cat-uncategorized","9":"product_tag-atsiminimai","10":"product_tag-lietuvos-partizanai","11":"product_tag-pasipriesinimas","12":"product_tag-patriotizmas","13":"desktop-align-left","14":"tablet-align-left","15":"mobile-align-left","17":"first","18":"outofstock","19":"shipping-taxable","20":"purchasable","21":"product-type-simple"},"acf":[],"yoast_head":"<!-- This site is optimized with the Yoast SEO plugin v27.0 - https:\/\/yoast.com\/product\/yoast-seo-wordpress\/ -->\n<title>Partizanai. Lietuvos partizano liudijimas \u0161i\u0173 dien\u0173 Lietuvos patriotui<\/title>\n<meta name=\"description\" content=\"Jis buvo jaunas, talentingas, sporti\u0161kas, gabus menams, vienas i\u0161 keturi\u0173 broli\u0173 Luk\u0161\u0173. \u012esisi\u016bbavus Antrajam pasauliniam karui gal\u0117jo baigti architekt\u016bros\" \/>\n<meta name=\"robots\" content=\"index, follow, max-snippet:-1, max-image-preview:large, max-video-preview:-1\" \/>\n<link rel=\"canonical\" href=\"https:\/\/skaitytaknyga.lt\/en\/produktas\/juozas-daumantas-partizanai-lietuvos-partizano-liudijimas-siu-dienu-lietuvos-patriotui\/\" \/>\n<meta property=\"og:locale\" content=\"en_GB\" \/>\n<meta property=\"og:locale:alternate\" content=\"lt_LT\" \/>\n<meta property=\"og:type\" content=\"article\" \/>\n<meta property=\"og:title\" content=\"Partizanai. Lietuvos partizano liudijimas \u0161i\u0173 dien\u0173 Lietuvos patriotui\" \/>\n<meta property=\"og:description\" content=\"Jis buvo jaunas, talentingas, sporti\u0161kas, gabus menams, vienas i\u0161 keturi\u0173 broli\u0173 Luk\u0161\u0173. \u012esisi\u016bbavus Antrajam pasauliniam karui gal\u0117jo baigti architekt\u016bros\" \/>\n<meta property=\"og:url\" content=\"https:\/\/skaitytaknyga.lt\/en\/produktas\/juozas-daumantas-partizanai-lietuvos-partizano-liudijimas-siu-dienu-lietuvos-patriotui\/\" \/>\n<meta property=\"og:site_name\" content=\"Skaitytaknyga\" \/>\n<meta property=\"article:publisher\" content=\"https:\/\/www.facebook.com\/skaitytaknyga\/\" \/>\n<meta property=\"article:modified_time\" content=\"2026-03-18T12:59:53+00:00\" \/>\n<meta property=\"og:image\" content=\"https:\/\/skaitytaknyga.lt\/wp-content\/uploads\/2024\/09\/Juozas-Daumantas.jpg\" \/>\n\t<meta property=\"og:image:width\" content=\"323\" \/>\n\t<meta property=\"og:image:height\" content=\"450\" \/>\n\t<meta property=\"og:image:type\" content=\"image\/jpeg\" \/>\n<meta name=\"twitter:card\" content=\"summary_large_image\" \/>\n<meta name=\"twitter:label1\" content=\"Estimated reading time\" \/>\n\t<meta name=\"twitter:data1\" content=\"2 minutes\" \/>\n<script type=\"application\/ld+json\" class=\"yoast-schema-graph\">{\"@context\":\"https:\/\/schema.org\",\"@graph\":[{\"@type\":\"WebPage\",\"@id\":\"https:\/\/skaitytaknyga.lt\/produktas\/juozas-daumantas-partizanai-lietuvos-partizano-liudijimas-siu-dienu-lietuvos-patriotui\/\",\"url\":\"https:\/\/skaitytaknyga.lt\/produktas\/juozas-daumantas-partizanai-lietuvos-partizano-liudijimas-siu-dienu-lietuvos-patriotui\/\",\"name\":\"Partizanai. Lietuvos partizano liudijimas \u0161i\u0173 dien\u0173 Lietuvos patriotui\",\"isPartOf\":{\"@id\":\"https:\/\/skaitytaknyga.lt\/#website\"},\"primaryImageOfPage\":{\"@id\":\"https:\/\/skaitytaknyga.lt\/produktas\/juozas-daumantas-partizanai-lietuvos-partizano-liudijimas-siu-dienu-lietuvos-patriotui\/#primaryimage\"},\"image\":{\"@id\":\"https:\/\/skaitytaknyga.lt\/produktas\/juozas-daumantas-partizanai-lietuvos-partizano-liudijimas-siu-dienu-lietuvos-patriotui\/#primaryimage\"},\"thumbnailUrl\":\"https:\/\/skaitytaknyga.lt\/wp-content\/uploads\/2024\/09\/Juozas-Daumantas.jpg\",\"datePublished\":\"2024-09-09T07:02:33+00:00\",\"dateModified\":\"2026-03-18T12:59:53+00:00\",\"description\":\"Jis buvo jaunas, talentingas, sporti\u0161kas, gabus menams, vienas i\u0161 keturi\u0173 broli\u0173 Luk\u0161\u0173. \u012esisi\u016bbavus Antrajam pasauliniam karui gal\u0117jo baigti architekt\u016bros\",\"breadcrumb\":{\"@id\":\"https:\/\/skaitytaknyga.lt\/produktas\/juozas-daumantas-partizanai-lietuvos-partizano-liudijimas-siu-dienu-lietuvos-patriotui\/#breadcrumb\"},\"inLanguage\":\"en-GB\",\"potentialAction\":[{\"@type\":\"ReadAction\",\"target\":[\"https:\/\/skaitytaknyga.lt\/produktas\/juozas-daumantas-partizanai-lietuvos-partizano-liudijimas-siu-dienu-lietuvos-patriotui\/\"]}]},{\"@type\":\"ImageObject\",\"inLanguage\":\"en-GB\",\"@id\":\"https:\/\/skaitytaknyga.lt\/produktas\/juozas-daumantas-partizanai-lietuvos-partizano-liudijimas-siu-dienu-lietuvos-patriotui\/#primaryimage\",\"url\":\"https:\/\/skaitytaknyga.lt\/wp-content\/uploads\/2024\/09\/Juozas-Daumantas.jpg\",\"contentUrl\":\"https:\/\/skaitytaknyga.lt\/wp-content\/uploads\/2024\/09\/Juozas-Daumantas.jpg\",\"width\":323,\"height\":450,\"caption\":\"Juozas Daumantas \u201ePartizanai. Lietuvos partizano liudijimas \u0161i\u0173 dien\u0173 Lietuvos patriotui\u201c\"},{\"@type\":\"BreadcrumbList\",\"@id\":\"https:\/\/skaitytaknyga.lt\/produktas\/juozas-daumantas-partizanai-lietuvos-partizano-liudijimas-siu-dienu-lietuvos-patriotui\/#breadcrumb\",\"itemListElement\":[{\"@type\":\"ListItem\",\"position\":1,\"name\":\"Home\",\"item\":\"https:\/\/skaitytaknyga.lt\/\"},{\"@type\":\"ListItem\",\"position\":2,\"name\":\"Parduotuv\u0117\",\"item\":\"https:\/\/skaitytaknyga.lt\/knygu-parduotuve\/\"},{\"@type\":\"ListItem\",\"position\":3,\"name\":\"Partizanai. Lietuvos partizano liudijimas \u0161i\u0173 dien\u0173 Lietuvos patriotui\"}]},{\"@type\":\"WebSite\",\"@id\":\"https:\/\/skaitytaknyga.lt\/#website\",\"url\":\"https:\/\/skaitytaknyga.lt\/\",\"name\":\"skaitytaknyga.lt\",\"description\":\"Skaitytaknyga.lt \u2013 tai ma\u017eas \u0161eimos verslas, kuris prasid\u0117jo nuo meil\u0117s knygoms ir siekio i\u0161gelb\u0117ti knygas nuo likimo prie konteinerio. Kas vienam nereikalingas daiktas \u2013 kitam lobis, o mes esame tarpininkai, kurie padeda abiems tapti laimingesniems ???? \u017dinome kaip nelengva i\u0161gyventi ma\u017eiems verslams, tad nuo \u0161iol, \u010dia rasite ir kit\u0173, ma\u017e\u0173 \u0161eim\u0173 versl\u0173, rank\u0173 darbo, dovan\u0173 sau ir artimiesiems.\",\"publisher\":{\"@id\":\"https:\/\/skaitytaknyga.lt\/#organization\"},\"potentialAction\":[{\"@type\":\"SearchAction\",\"target\":{\"@type\":\"EntryPoint\",\"urlTemplate\":\"https:\/\/skaitytaknyga.lt\/?s={search_term_string}\"},\"query-input\":{\"@type\":\"PropertyValueSpecification\",\"valueRequired\":true,\"valueName\":\"search_term_string\"}}],\"inLanguage\":\"en-GB\"},{\"@type\":\"Organization\",\"@id\":\"https:\/\/skaitytaknyga.lt\/#organization\",\"name\":\"skaitytaknyga.lt\",\"url\":\"https:\/\/skaitytaknyga.lt\/\",\"logo\":{\"@type\":\"ImageObject\",\"inLanguage\":\"en-GB\",\"@id\":\"https:\/\/skaitytaknyga.lt\/#\/schema\/logo\/image\/\",\"url\":\"https:\/\/skaitytaknyga.lt\/wp-content\/uploads\/2024\/05\/cropped-cropped-cropped-02_00843_jt3bggkj1j3HLc7SyY6rEUpg.jpeg\",\"contentUrl\":\"https:\/\/skaitytaknyga.lt\/wp-content\/uploads\/2024\/05\/cropped-cropped-cropped-02_00843_jt3bggkj1j3HLc7SyY6rEUpg.jpeg\",\"width\":1600,\"height\":1600,\"caption\":\"skaitytaknyga.lt\"},\"image\":{\"@id\":\"https:\/\/skaitytaknyga.lt\/#\/schema\/logo\/image\/\"},\"sameAs\":[\"https:\/\/www.facebook.com\/skaitytaknyga\/\"]}]}<\/script>\n<!-- \/ Yoast SEO plugin. -->","yoast_head_json":{"title":"Partizanai. Lietuvos partizano liudijimas \u0161i\u0173 dien\u0173 Lietuvos patriotui","description":"Jis buvo jaunas, talentingas, sporti\u0161kas, gabus menams, vienas i\u0161 keturi\u0173 broli\u0173 Luk\u0161\u0173. \u012esisi\u016bbavus Antrajam pasauliniam karui gal\u0117jo baigti architekt\u016bros","robots":{"index":"index","follow":"follow","max-snippet":"max-snippet:-1","max-image-preview":"max-image-preview:large","max-video-preview":"max-video-preview:-1"},"canonical":"https:\/\/skaitytaknyga.lt\/en\/produktas\/juozas-daumantas-partizanai-lietuvos-partizano-liudijimas-siu-dienu-lietuvos-patriotui\/","og_locale":"en_GB","og_type":"article","og_title":"[:lt]Partizanai. Lietuvos partizano liudijimas \u0161i\u0173 dien\u0173 Lietuvos patriotui[:] - Skaitytaknyga","og_description":"Jis buvo jaunas, talentingas, sporti\u0161kas, gabus menams, vienas i\u0161 keturi\u0173 broli\u0173 Luk\u0161\u0173. \u012esisi\u016bbavus Antrajam pasauliniam karui gal\u0117jo baigti architekt\u016bros","og_url":"https:\/\/skaitytaknyga.lt\/en\/produktas\/juozas-daumantas-partizanai-lietuvos-partizano-liudijimas-siu-dienu-lietuvos-patriotui\/","og_site_name":"Skaitytaknyga","article_publisher":"https:\/\/www.facebook.com\/skaitytaknyga\/","article_modified_time":"2026-03-18T12:59:53+00:00","og_image":[{"width":323,"height":450,"url":"https:\/\/skaitytaknyga.lt\/wp-content\/uploads\/2024\/09\/Juozas-Daumantas.jpg","type":"image\/jpeg"}],"twitter_card":"summary_large_image","twitter_misc":{"Estimated reading time":"2 minutes"},"schema":{"@context":"https:\/\/schema.org","@graph":[{"@type":"WebPage","@id":"https:\/\/skaitytaknyga.lt\/produktas\/juozas-daumantas-partizanai-lietuvos-partizano-liudijimas-siu-dienu-lietuvos-patriotui\/","url":"https:\/\/skaitytaknyga.lt\/produktas\/juozas-daumantas-partizanai-lietuvos-partizano-liudijimas-siu-dienu-lietuvos-patriotui\/","name":"Partizanai. Lietuvos partizano liudijimas \u0161i\u0173 dien\u0173 Lietuvos patriotui","isPartOf":{"@id":"https:\/\/skaitytaknyga.lt\/#website"},"primaryImageOfPage":{"@id":"https:\/\/skaitytaknyga.lt\/produktas\/juozas-daumantas-partizanai-lietuvos-partizano-liudijimas-siu-dienu-lietuvos-patriotui\/#primaryimage"},"image":{"@id":"https:\/\/skaitytaknyga.lt\/produktas\/juozas-daumantas-partizanai-lietuvos-partizano-liudijimas-siu-dienu-lietuvos-patriotui\/#primaryimage"},"thumbnailUrl":"https:\/\/skaitytaknyga.lt\/wp-content\/uploads\/2024\/09\/Juozas-Daumantas.jpg","datePublished":"2024-09-09T07:02:33+00:00","dateModified":"2026-03-18T12:59:53+00:00","description":"Jis buvo jaunas, talentingas, sporti\u0161kas, gabus menams, vienas i\u0161 keturi\u0173 broli\u0173 Luk\u0161\u0173. \u012esisi\u016bbavus Antrajam pasauliniam karui gal\u0117jo baigti architekt\u016bros","breadcrumb":{"@id":"https:\/\/skaitytaknyga.lt\/produktas\/juozas-daumantas-partizanai-lietuvos-partizano-liudijimas-siu-dienu-lietuvos-patriotui\/#breadcrumb"},"inLanguage":"en-GB","potentialAction":[{"@type":"ReadAction","target":["https:\/\/skaitytaknyga.lt\/produktas\/juozas-daumantas-partizanai-lietuvos-partizano-liudijimas-siu-dienu-lietuvos-patriotui\/"]}]},{"@type":"ImageObject","inLanguage":"en-GB","@id":"https:\/\/skaitytaknyga.lt\/produktas\/juozas-daumantas-partizanai-lietuvos-partizano-liudijimas-siu-dienu-lietuvos-patriotui\/#primaryimage","url":"https:\/\/skaitytaknyga.lt\/wp-content\/uploads\/2024\/09\/Juozas-Daumantas.jpg","contentUrl":"https:\/\/skaitytaknyga.lt\/wp-content\/uploads\/2024\/09\/Juozas-Daumantas.jpg","width":323,"height":450,"caption":"Juozas Daumantas \u201ePartizanai. Lietuvos partizano liudijimas \u0161i\u0173 dien\u0173 Lietuvos patriotui\u201c"},{"@type":"BreadcrumbList","@id":"https:\/\/skaitytaknyga.lt\/produktas\/juozas-daumantas-partizanai-lietuvos-partizano-liudijimas-siu-dienu-lietuvos-patriotui\/#breadcrumb","itemListElement":[{"@type":"ListItem","position":1,"name":"Home","item":"https:\/\/skaitytaknyga.lt\/"},{"@type":"ListItem","position":2,"name":"Parduotuv\u0117","item":"https:\/\/skaitytaknyga.lt\/knygu-parduotuve\/"},{"@type":"ListItem","position":3,"name":"Partizanai. Lietuvos partizano liudijimas \u0161i\u0173 dien\u0173 Lietuvos patriotui"}]},{"@type":"WebSite","@id":"https:\/\/skaitytaknyga.lt\/#website","url":"https:\/\/skaitytaknyga.lt\/","name":"skaitytaknyga.lt","description":"Skaitytaknyga.lt \u2013 tai ma\u017eas \u0161eimos verslas, kuris prasid\u0117jo nuo meil\u0117s knygoms ir siekio i\u0161gelb\u0117ti knygas nuo likimo prie konteinerio. Kas vienam nereikalingas daiktas \u2013 kitam lobis, o mes esame tarpininkai, kurie padeda abiems tapti laimingesniems ???? \u017dinome kaip nelengva i\u0161gyventi ma\u017eiems verslams, tad nuo \u0161iol, \u010dia rasite ir kit\u0173, ma\u017e\u0173 \u0161eim\u0173 versl\u0173, rank\u0173 darbo, dovan\u0173 sau ir artimiesiems.","publisher":{"@id":"https:\/\/skaitytaknyga.lt\/#organization"},"potentialAction":[{"@type":"SearchAction","target":{"@type":"EntryPoint","urlTemplate":"https:\/\/skaitytaknyga.lt\/?s={search_term_string}"},"query-input":{"@type":"PropertyValueSpecification","valueRequired":true,"valueName":"search_term_string"}}],"inLanguage":"en-GB"},{"@type":"Organization","@id":"https:\/\/skaitytaknyga.lt\/#organization","name":"skaitytaknyga.lt","url":"https:\/\/skaitytaknyga.lt\/","logo":{"@type":"ImageObject","inLanguage":"en-GB","@id":"https:\/\/skaitytaknyga.lt\/#\/schema\/logo\/image\/","url":"https:\/\/skaitytaknyga.lt\/wp-content\/uploads\/2024\/05\/cropped-cropped-cropped-02_00843_jt3bggkj1j3HLc7SyY6rEUpg.jpeg","contentUrl":"https:\/\/skaitytaknyga.lt\/wp-content\/uploads\/2024\/05\/cropped-cropped-cropped-02_00843_jt3bggkj1j3HLc7SyY6rEUpg.jpeg","width":1600,"height":1600,"caption":"skaitytaknyga.lt"},"image":{"@id":"https:\/\/skaitytaknyga.lt\/#\/schema\/logo\/image\/"},"sameAs":["https:\/\/www.facebook.com\/skaitytaknyga\/"]}]}},"_links":{"self":[{"href":"https:\/\/skaitytaknyga.lt\/en\/wp-json\/wp\/v2\/product\/13735","targetHints":{"allow":["GET"]}}],"collection":[{"href":"https:\/\/skaitytaknyga.lt\/en\/wp-json\/wp\/v2\/product"}],"about":[{"href":"https:\/\/skaitytaknyga.lt\/en\/wp-json\/wp\/v2\/types\/product"}],"replies":[{"embeddable":true,"href":"https:\/\/skaitytaknyga.lt\/en\/wp-json\/wp\/v2\/comments?post=13735"}],"wp:featuredmedia":[{"embeddable":true,"href":"https:\/\/skaitytaknyga.lt\/en\/wp-json\/wp\/v2\/media\/13746"}],"wp:attachment":[{"href":"https:\/\/skaitytaknyga.lt\/en\/wp-json\/wp\/v2\/media?parent=13735"}],"wp:term":[{"taxonomy":"product_brand","embeddable":true,"href":"https:\/\/skaitytaknyga.lt\/en\/wp-json\/wp\/v2\/product_brand?post=13735"},{"taxonomy":"product_cat","embeddable":true,"href":"https:\/\/skaitytaknyga.lt\/en\/wp-json\/wp\/v2\/product_cat?post=13735"},{"taxonomy":"product_tag","embeddable":true,"href":"https:\/\/skaitytaknyga.lt\/en\/wp-json\/wp\/v2\/product_tag?post=13735"}],"curies":[{"name":"wp","href":"https:\/\/api.w.org\/{rel}","templated":true}]}}