{"id":13734,"date":"2024-09-09T10:02:33","date_gmt":"2024-09-09T07:02:33","guid":{"rendered":"https:\/\/skaitytaknyga.lt\/?post_type=product&#038;p=13734"},"modified":"2025-05-12T14:05:56","modified_gmt":"2025-05-12T11:05:56","slug":"john-odonohue-palaiminimu-knyga","status":"publish","type":"product","link":"https:\/\/skaitytaknyga.lt\/en\/produktas\/john-odonohue-palaiminimu-knyga\/","title":{"rendered":"Palaiminim\u0173 knyga"},"content":{"rendered":"<p><em>Praradome tarpusavio ry\u0161io prieglobst\u012f. Tod\u0117l atsid\u016br\u0119 ties lemtingais gyvenimo slenks\u010diais nebeturime ritual\u0173, saugan\u010di\u0173, dr\u0105sinan\u010di\u0173 ir padedan\u010di\u0173 \u017eengti \u012f ne\u017einomyb\u0119. Tokiems per\u0117jimams reikia rasti nauj\u0173 \u017eod\u017ei\u0173.<br \/>\n<\/em><\/p>\n<p><em>Rami am\u017einyb\u0117, gl\u016bdinti m\u016bs\u0173 sielose, yra tyli ir nepastebima; laiminant ji prabunda m\u016bs\u0173 nuraminti ir pasotinti. Prad\u0117kime mokytis laiminti vienas kit\u0105. Kai laimini kit\u0105, palaiminimas visada gr\u012f\u017eta ir tau.<\/em><\/p>\n<p>Ra\u0161ytojas kalba apie lemtingus \u017emogaus gyvenimo slenks\u010dius \u2013 meil\u0117, santuoka, vaik\u0173 gimimas, naujas darbas ar nauji namai, taip pat nelaim\u0117s ir netektys. Jis atkreipia d\u0117mes\u012f \u012f am\u017ein\u0105sias tiesas, parodo j\u0173 gali\u0105 duoti atsakym\u0105 \u012f \u0161iuolaikinius klausimus ir palengvinti m\u016bs\u0173 dali\u0105 did\u017ei\u0173j\u0173 poky\u010di\u0173 laiku. \u017dmogui, \u017eengian\u010diam i\u0161 gerai pa\u017e\u012fstamo pasaulio \u012f nauj\u0105, nei\u0161tirt\u0105 teritorij\u0105, si\u016blo pagalb\u0105 \u2013 palaiminim\u0105, kuris padeda i\u0161saugoti dvasios ramyb\u0119 arba j\u0105 susikurti. Palaiminimas, pasak O\u2018Donohue, \u2013 tai gyvenimo b\u016bdas, savoti\u0161kas didinamasis stiklas, pro kur\u012f \u017ei\u016brint pasaulis pasikei\u010dia. Poetine, vaizdinga kalba autorius kreipiasi \u012f kiekvien\u0105 i\u0161 m\u016bs\u0173, si\u016blydamas laiminti ir b\u016bti palaimintiems. Jis kvie\u010dia atsigr\u0119\u017eti \u012f tikr\u0105sias vertybes ir pasitelkus mald\u0105 v\u0117l apgyvendinti savo \u0161irdyse ramyb\u0119, meil\u0119 ir palaim\u0105.<\/p>\n<p><strong>Apie autori\u0173<\/strong><\/p>\n<p>Johnas O\u2019Donohue (D\u017eonas O\u2018Donahju; 1956\u20132008), airi\u0173 filosofas, teologas, mokytojas ir poetas, skaitytoj\u0173 pam\u0117gt\u0173 knyg\u0173 \u201eAnam \u010bara: kelt\u0173 pasaulio dvasin\u0117 i\u0161mintis\u201c ir \u201eAm\u017einyb\u0117s atbalsiai:<em>\u00a0<\/em>tikr\u0173j\u0173 nam\u0173 ilgesys\u201c autorius, gars\u0117jo talentu \u012fkvepian\u010diai taikyti i\u0161minties \u017eod\u017eius \u0161iuolaikiniam gyvenimui. \u201ePalaiminim\u0173 knyga\u201c \u2013 paskutinis J. O\u2018Donohue k\u016brinys, i\u0161leistas likus keliems m\u0117nesiams iki jo mirties. Tai paprasta, bet i\u0161mintinga knyga, skirta visiems, kam tenka priimti svarbius gyvenimo sprendimus, keisti \u012fprast\u0105 kasdienyb\u0117s tvark\u0105, visiems, kuriuos i\u0161tinka netik\u0117ti poky\u010diai.<\/p>\n<ul class=\"about-product d-none d-xl-block mt-4\">\n<li><strong>Autorius:<\/strong>\u00a0John O&#8217;Donohue<\/li>\n<li><strong>Leid\u0117jas:<\/strong>\u00a0Tyto alba<\/li>\n<li><strong>Metai:<\/strong>\u00a02011<\/li>\n<li><strong>Puslapiai:<\/strong>\u00a0240<\/li>\n<li><strong>ISBN:<\/strong>\u00a09789986168539<\/li>\n<li><strong>Versijos kodas:<\/strong>\u00a0PT.<\/li>\n<li><strong>Formatas:<\/strong>\u00a013 x 20,5 cm, kieti vir\u0161eliai<\/li>\n<li><strong>Kalba:<\/strong>\u00a0Lietuvi\u0173<\/li>\n<li><strong>Vert\u0117jas:<\/strong>\u00a0Dalia Judita Vabalien\u0117<\/li>\n<\/ul>\n","protected":false},"excerpt":{"rendered":"<p>Praradome tarpusavio ry\u0161io prieglobst\u012f. Tod\u0117l atsid\u016br\u0119 ties lemtingais gyvenimo slenks\u010diais nebeturime ritual\u0173, saugan\u010di\u0173, dr\u0105sinan\u010di\u0173 ir padedan\u010di\u0173 \u017eengti \u012f ne\u017einomyb\u0119. Tokiems per\u0117jimams reikia rasti nauj\u0173 \u017eod\u017ei\u0173. Rami am\u017einyb\u0117, gl\u016bdinti m\u016bs\u0173 sielose, yra tyli ir nepastebima; laiminant ji prabunda m\u016bs\u0173 nuraminti ir pasotinti. Prad\u0117kime mokytis laiminti vienas kit\u0105. Kai laimini kit\u0105, palaiminimas visada gr\u012f\u017eta ir tau. Ra\u0161ytojas kalba apie lemtingus \u017emogaus gyvenimo slenks\u010dius \u2013 meil\u0117, santuoka, vaik\u0173 gimimas, naujas darbas ar nauji namai, taip pat nelaim\u0117s ir netektys. Jis atkreipia d\u0117mes\u012f \u012f am\u017ein\u0105sias tiesas, parodo j\u0173 gali\u0105 duoti atsakym\u0105 \u012f \u0161iuolaikinius klausimus ir palengvinti m\u016bs\u0173 dali\u0105 did\u017ei\u0173j\u0173 poky\u010di\u0173 laiku. \u017dmogui, \u017eengian\u010diam i\u0161 gerai pa\u017e\u012fstamo pasaulio \u012f nauj\u0105, nei\u0161tirt\u0105 teritorij\u0105, si\u016blo pagalb\u0105 \u2013 palaiminim\u0105, kuris padeda i\u0161saugoti dvasios ramyb\u0119 arba j\u0105 susikurti. Palaiminimas, pasak O\u2018Donohue, \u2013 tai gyvenimo b\u016bdas, savoti\u0161kas didinamasis stiklas, pro kur\u012f \u017ei\u016brint pasaulis pasikei\u010dia. Poetine, vaizdinga kalba autorius kreipiasi \u012f kiekvien\u0105 i\u0161 m\u016bs\u0173, si\u016blydamas laiminti ir b\u016bti palaimintiems. Jis kvie\u010dia atsigr\u0119\u017eti \u012f tikr\u0105sias vertybes ir pasitelkus mald\u0105 v\u0117l apgyvendinti savo \u0161irdyse ramyb\u0119, meil\u0119 ir palaim\u0105. Apie autori\u0173 Johnas O\u2019Donohue (D\u017eonas O\u2018Donahju; 1956\u20132008), airi\u0173 filosofas, teologas, mokytojas ir poetas, skaitytoj\u0173 pam\u0117gt\u0173 knyg\u0173 \u201eAnam \u010bara: kelt\u0173 pasaulio dvasin\u0117 i\u0161mintis\u201c ir \u201eAm\u017einyb\u0117s atbalsiai:\u00a0tikr\u0173j\u0173 nam\u0173 ilgesys\u201c autorius, gars\u0117jo talentu \u012fkvepian\u010diai taikyti i\u0161minties \u017eod\u017eius \u0161iuolaikiniam gyvenimui. \u201ePalaiminim\u0173 knyga\u201c \u2013 paskutinis J. O\u2018Donohue k\u016brinys, i\u0161leistas likus keliems m\u0117nesiams iki jo mirties. Tai paprasta, bet i\u0161mintinga knyga, skirta visiems, kam tenka priimti svarbius gyvenimo sprendimus, keisti \u012fprast\u0105 kasdienyb\u0117s tvark\u0105, visiems, kuriuos i\u0161tinka netik\u0117ti poky\u010diai. Autorius:\u00a0John O&#8217;Donohue Leid\u0117jas:\u00a0Tyto alba Metai:\u00a02011 Puslapiai:\u00a0240 ISBN:\u00a09789986168539 Versijos kodas:\u00a0PT. Formatas:\u00a013 x 20,5 cm, kieti vir\u0161eliai Kalba:\u00a0Lietuvi\u0173 Vert\u0117jas:\u00a0Dalia Judita Vabalien\u0117<\/p>\n","protected":false},"featured_media":13744,"comment_status":"open","ping_status":"closed","template":"","meta":{"_acf_changed":false,"site-sidebar-layout":"default","site-content-layout":"","ast-site-content-layout":"default","site-content-style":"default","site-sidebar-style":"default","ast-global-header-display":"","ast-banner-title-visibility":"","ast-main-header-display":"","ast-hfb-above-header-display":"","ast-hfb-below-header-display":"","ast-hfb-mobile-header-display":"","site-post-title":"","ast-breadcrumbs-content":"","ast-featured-img":"","footer-sml-layout":"","ast-disable-related-posts":"","theme-transparent-header-meta":"default","adv-header-id-meta":"","stick-header-meta":"","header-above-stick-meta":"","header-main-stick-meta":"","header-below-stick-meta":"","astra-migrate-meta-layouts":"set","ast-page-background-enabled":"default","ast-page-background-meta":{"desktop":{"background-color":"","background-image":"","background-repeat":"repeat","background-position":"center center","background-size":"auto","background-attachment":"scroll","background-type":"","background-media":"","overlay-type":"","overlay-color":"","overlay-opacity":"","overlay-gradient":""},"tablet":{"background-color":"","background-image":"","background-repeat":"repeat","background-position":"center center","background-size":"auto","background-attachment":"scroll","background-type":"","background-media":"","overlay-type":"","overlay-color":"","overlay-opacity":"","overlay-gradient":""},"mobile":{"background-color":"","background-image":"","background-repeat":"repeat","background-position":"center center","background-size":"auto","background-attachment":"scroll","background-type":"","background-media":"","overlay-type":"","overlay-color":"","overlay-opacity":"","overlay-gradient":""}},"ast-content-background-meta":{"desktop":{"background-color":"var(--ast-global-color-4)","background-image":"","background-repeat":"repeat","background-position":"center center","background-size":"auto","background-attachment":"scroll","background-type":"","background-media":"","overlay-type":"","overlay-color":"","overlay-opacity":"","overlay-gradient":""},"tablet":{"background-color":"var(--ast-global-color-4)","background-image":"","background-repeat":"repeat","background-position":"center center","background-size":"auto","background-attachment":"scroll","background-type":"","background-media":"","overlay-type":"","overlay-color":"","overlay-opacity":"","overlay-gradient":""},"mobile":{"background-color":"var(--ast-global-color-4)","background-image":"","background-repeat":"repeat","background-position":"center center","background-size":"auto","background-attachment":"scroll","background-type":"","background-media":"","overlay-type":"","overlay-color":"","overlay-opacity":"","overlay-gradient":""}}},"product_brand":[],"product_cat":[165,15],"product_tag":[1948,1627,1947,1950,1949,1809],"class_list":{"0":"post-13734","1":"product","2":"type-product","3":"status-publish","4":"has-post-thumbnail","6":"product_cat-religija-filosofija-ir-ezoterika","7":"product_cat-uncategorized","8":"product_tag-dvasine-ismintis","9":"product_tag-gyvenimo-prasme","10":"product_tag-john-odonohue","11":"product_tag-keltu-tradicija","12":"product_tag-palaiminimai","13":"product_tag-poezija","14":"desktop-align-left","15":"tablet-align-left","16":"mobile-align-left","18":"first","19":"outofstock","20":"shipping-taxable","21":"purchasable","22":"product-type-simple"},"acf":[],"yoast_head":"<!-- This site is optimized with the Yoast SEO plugin v27.4 - https:\/\/yoast.com\/product\/yoast-seo-wordpress\/ -->\n<title>Palaiminim\u0173 knyga<\/title>\n<meta name=\"description\" content=\"Praradome tarpusavio ry\u0161io prieglobst\u012f. Tod\u0117l atsid\u016br\u0119 ties lemtingais gyvenimo slenks\u010diais nebeturime ritual\u0173, saugan\u010di\u0173, dr\u0105sinan\u010di\u0173 ir padedan\u010di\u0173\" \/>\n<meta name=\"robots\" content=\"index, follow, max-snippet:-1, max-image-preview:large, max-video-preview:-1\" \/>\n<link rel=\"canonical\" href=\"https:\/\/skaitytaknyga.lt\/en\/produktas\/john-odonohue-palaiminimu-knyga\/\" \/>\n<meta property=\"og:locale\" content=\"en_GB\" \/>\n<meta property=\"og:locale:alternate\" content=\"lt_LT\" \/>\n<meta property=\"og:type\" content=\"article\" \/>\n<meta property=\"og:title\" content=\"Palaiminim\u0173 knyga\" \/>\n<meta property=\"og:description\" content=\"Praradome tarpusavio ry\u0161io prieglobst\u012f. Tod\u0117l atsid\u016br\u0119 ties lemtingais gyvenimo slenks\u010diais nebeturime ritual\u0173, saugan\u010di\u0173, dr\u0105sinan\u010di\u0173 ir padedan\u010di\u0173\" \/>\n<meta property=\"og:url\" content=\"https:\/\/skaitytaknyga.lt\/en\/produktas\/john-odonohue-palaiminimu-knyga\/\" \/>\n<meta property=\"og:site_name\" content=\"Skaitytaknyga\" \/>\n<meta property=\"article:publisher\" content=\"https:\/\/www.facebook.com\/skaitytaknyga\/\" \/>\n<meta property=\"article:modified_time\" content=\"2025-05-12T11:05:56+00:00\" \/>\n<meta property=\"og:image\" content=\"https:\/\/skaitytaknyga.lt\/wp-content\/uploads\/2024\/09\/1462873948_palaiminimu-knyga.webp\" \/>\n\t<meta property=\"og:image:width\" content=\"394\" \/>\n\t<meta property=\"og:image:height\" content=\"612\" \/>\n\t<meta property=\"og:image:type\" content=\"image\/webp\" \/>\n<meta name=\"twitter:card\" content=\"summary_large_image\" \/>\n<meta name=\"twitter:label1\" content=\"Estimated reading time\" \/>\n\t<meta name=\"twitter:data1\" content=\"2 minutes\" \/>\n<script type=\"application\/ld+json\" class=\"yoast-schema-graph\">{\"@context\":\"https:\\\/\\\/schema.org\",\"@graph\":[{\"@type\":\"WebPage\",\"@id\":\"https:\\\/\\\/skaitytaknyga.lt\\\/produktas\\\/john-odonohue-palaiminimu-knyga\\\/\",\"url\":\"https:\\\/\\\/skaitytaknyga.lt\\\/produktas\\\/john-odonohue-palaiminimu-knyga\\\/\",\"name\":\"Palaiminim\u0173 knyga\",\"isPartOf\":{\"@id\":\"https:\\\/\\\/skaitytaknyga.lt\\\/#website\"},\"primaryImageOfPage\":{\"@id\":\"https:\\\/\\\/skaitytaknyga.lt\\\/produktas\\\/john-odonohue-palaiminimu-knyga\\\/#primaryimage\"},\"image\":{\"@id\":\"https:\\\/\\\/skaitytaknyga.lt\\\/produktas\\\/john-odonohue-palaiminimu-knyga\\\/#primaryimage\"},\"thumbnailUrl\":\"https:\\\/\\\/skaitytaknyga.lt\\\/wp-content\\\/uploads\\\/2024\\\/09\\\/1462873948_palaiminimu-knyga.webp\",\"datePublished\":\"2024-09-09T07:02:33+00:00\",\"dateModified\":\"2025-05-12T11:05:56+00:00\",\"description\":\"Praradome tarpusavio ry\u0161io prieglobst\u012f. Tod\u0117l atsid\u016br\u0119 ties lemtingais gyvenimo slenks\u010diais nebeturime ritual\u0173, saugan\u010di\u0173, dr\u0105sinan\u010di\u0173 ir padedan\u010di\u0173\",\"breadcrumb\":{\"@id\":\"https:\\\/\\\/skaitytaknyga.lt\\\/produktas\\\/john-odonohue-palaiminimu-knyga\\\/#breadcrumb\"},\"inLanguage\":\"en-GB\",\"potentialAction\":[{\"@type\":\"ReadAction\",\"target\":[\"https:\\\/\\\/skaitytaknyga.lt\\\/produktas\\\/john-odonohue-palaiminimu-knyga\\\/\"]}]},{\"@type\":\"ImageObject\",\"inLanguage\":\"en-GB\",\"@id\":\"https:\\\/\\\/skaitytaknyga.lt\\\/produktas\\\/john-odonohue-palaiminimu-knyga\\\/#primaryimage\",\"url\":\"https:\\\/\\\/skaitytaknyga.lt\\\/wp-content\\\/uploads\\\/2024\\\/09\\\/1462873948_palaiminimu-knyga.webp\",\"contentUrl\":\"https:\\\/\\\/skaitytaknyga.lt\\\/wp-content\\\/uploads\\\/2024\\\/09\\\/1462873948_palaiminimu-knyga.webp\",\"width\":394,\"height\":612,\"caption\":\"John O'Donohue \u201ePalaiminim\u0173 knyga\u201c\"},{\"@type\":\"BreadcrumbList\",\"@id\":\"https:\\\/\\\/skaitytaknyga.lt\\\/produktas\\\/john-odonohue-palaiminimu-knyga\\\/#breadcrumb\",\"itemListElement\":[{\"@type\":\"ListItem\",\"position\":1,\"name\":\"Home\",\"item\":\"https:\\\/\\\/skaitytaknyga.lt\\\/\"},{\"@type\":\"ListItem\",\"position\":2,\"name\":\"Parduotuv\u0117\",\"item\":\"https:\\\/\\\/skaitytaknyga.lt\\\/knygu-parduotuve\\\/\"},{\"@type\":\"ListItem\",\"position\":3,\"name\":\"Palaiminim\u0173 knyga\"}]},{\"@type\":\"WebSite\",\"@id\":\"https:\\\/\\\/skaitytaknyga.lt\\\/#website\",\"url\":\"https:\\\/\\\/skaitytaknyga.lt\\\/\",\"name\":\"skaitytaknyga.lt\",\"description\":\"Skaitytaknyga.lt \u2013 tai ma\u017eas \u0161eimos verslas, kuris prasid\u0117jo nuo meil\u0117s knygoms ir siekio i\u0161gelb\u0117ti knygas nuo likimo prie konteinerio. Kas vienam nereikalingas daiktas \u2013 kitam lobis, o mes esame tarpininkai, kurie padeda abiems tapti laimingesniems ???? \u017dinome kaip nelengva i\u0161gyventi ma\u017eiems verslams, tad nuo \u0161iol, \u010dia rasite ir kit\u0173, ma\u017e\u0173 \u0161eim\u0173 versl\u0173, rank\u0173 darbo, dovan\u0173 sau ir artimiesiems.\",\"publisher\":{\"@id\":\"https:\\\/\\\/skaitytaknyga.lt\\\/#organization\"},\"potentialAction\":[{\"@type\":\"SearchAction\",\"target\":{\"@type\":\"EntryPoint\",\"urlTemplate\":\"https:\\\/\\\/skaitytaknyga.lt\\\/?s={search_term_string}\"},\"query-input\":{\"@type\":\"PropertyValueSpecification\",\"valueRequired\":true,\"valueName\":\"search_term_string\"}}],\"inLanguage\":\"en-GB\"},{\"@type\":\"Organization\",\"@id\":\"https:\\\/\\\/skaitytaknyga.lt\\\/#organization\",\"name\":\"skaitytaknyga.lt\",\"url\":\"https:\\\/\\\/skaitytaknyga.lt\\\/\",\"logo\":{\"@type\":\"ImageObject\",\"inLanguage\":\"en-GB\",\"@id\":\"https:\\\/\\\/skaitytaknyga.lt\\\/#\\\/schema\\\/logo\\\/image\\\/\",\"url\":\"https:\\\/\\\/skaitytaknyga.lt\\\/wp-content\\\/uploads\\\/2024\\\/05\\\/cropped-cropped-cropped-02_00843_jt3bggkj1j3HLc7SyY6rEUpg.jpeg\",\"contentUrl\":\"https:\\\/\\\/skaitytaknyga.lt\\\/wp-content\\\/uploads\\\/2024\\\/05\\\/cropped-cropped-cropped-02_00843_jt3bggkj1j3HLc7SyY6rEUpg.jpeg\",\"width\":1600,\"height\":1600,\"caption\":\"skaitytaknyga.lt\"},\"image\":{\"@id\":\"https:\\\/\\\/skaitytaknyga.lt\\\/#\\\/schema\\\/logo\\\/image\\\/\"},\"sameAs\":[\"https:\\\/\\\/www.facebook.com\\\/skaitytaknyga\\\/\"]}]}<\/script>\n<!-- \/ Yoast SEO plugin. -->","yoast_head_json":{"title":"Palaiminim\u0173 knyga","description":"Praradome tarpusavio ry\u0161io prieglobst\u012f. Tod\u0117l atsid\u016br\u0119 ties lemtingais gyvenimo slenks\u010diais nebeturime ritual\u0173, saugan\u010di\u0173, dr\u0105sinan\u010di\u0173 ir padedan\u010di\u0173","robots":{"index":"index","follow":"follow","max-snippet":"max-snippet:-1","max-image-preview":"max-image-preview:large","max-video-preview":"max-video-preview:-1"},"canonical":"https:\/\/skaitytaknyga.lt\/en\/produktas\/john-odonohue-palaiminimu-knyga\/","og_locale":"en_GB","og_type":"article","og_title":"[:lt]Palaiminim\u0173 knyga[:] - Skaitytaknyga","og_description":"Praradome tarpusavio ry\u0161io prieglobst\u012f. Tod\u0117l atsid\u016br\u0119 ties lemtingais gyvenimo slenks\u010diais nebeturime ritual\u0173, saugan\u010di\u0173, dr\u0105sinan\u010di\u0173 ir padedan\u010di\u0173","og_url":"https:\/\/skaitytaknyga.lt\/en\/produktas\/john-odonohue-palaiminimu-knyga\/","og_site_name":"Skaitytaknyga","article_publisher":"https:\/\/www.facebook.com\/skaitytaknyga\/","article_modified_time":"2025-05-12T11:05:56+00:00","og_image":[{"width":394,"height":612,"url":"https:\/\/skaitytaknyga.lt\/wp-content\/uploads\/2024\/09\/1462873948_palaiminimu-knyga.webp","type":"image\/webp"}],"twitter_card":"summary_large_image","twitter_misc":{"Estimated reading time":"2 minutes"},"schema":{"@context":"https:\/\/schema.org","@graph":[{"@type":"WebPage","@id":"https:\/\/skaitytaknyga.lt\/produktas\/john-odonohue-palaiminimu-knyga\/","url":"https:\/\/skaitytaknyga.lt\/produktas\/john-odonohue-palaiminimu-knyga\/","name":"Palaiminim\u0173 knyga","isPartOf":{"@id":"https:\/\/skaitytaknyga.lt\/#website"},"primaryImageOfPage":{"@id":"https:\/\/skaitytaknyga.lt\/produktas\/john-odonohue-palaiminimu-knyga\/#primaryimage"},"image":{"@id":"https:\/\/skaitytaknyga.lt\/produktas\/john-odonohue-palaiminimu-knyga\/#primaryimage"},"thumbnailUrl":"https:\/\/skaitytaknyga.lt\/wp-content\/uploads\/2024\/09\/1462873948_palaiminimu-knyga.webp","datePublished":"2024-09-09T07:02:33+00:00","dateModified":"2025-05-12T11:05:56+00:00","description":"Praradome tarpusavio ry\u0161io prieglobst\u012f. Tod\u0117l atsid\u016br\u0119 ties lemtingais gyvenimo slenks\u010diais nebeturime ritual\u0173, saugan\u010di\u0173, dr\u0105sinan\u010di\u0173 ir padedan\u010di\u0173","breadcrumb":{"@id":"https:\/\/skaitytaknyga.lt\/produktas\/john-odonohue-palaiminimu-knyga\/#breadcrumb"},"inLanguage":"en-GB","potentialAction":[{"@type":"ReadAction","target":["https:\/\/skaitytaknyga.lt\/produktas\/john-odonohue-palaiminimu-knyga\/"]}]},{"@type":"ImageObject","inLanguage":"en-GB","@id":"https:\/\/skaitytaknyga.lt\/produktas\/john-odonohue-palaiminimu-knyga\/#primaryimage","url":"https:\/\/skaitytaknyga.lt\/wp-content\/uploads\/2024\/09\/1462873948_palaiminimu-knyga.webp","contentUrl":"https:\/\/skaitytaknyga.lt\/wp-content\/uploads\/2024\/09\/1462873948_palaiminimu-knyga.webp","width":394,"height":612,"caption":"John O'Donohue \u201ePalaiminim\u0173 knyga\u201c"},{"@type":"BreadcrumbList","@id":"https:\/\/skaitytaknyga.lt\/produktas\/john-odonohue-palaiminimu-knyga\/#breadcrumb","itemListElement":[{"@type":"ListItem","position":1,"name":"Home","item":"https:\/\/skaitytaknyga.lt\/"},{"@type":"ListItem","position":2,"name":"Parduotuv\u0117","item":"https:\/\/skaitytaknyga.lt\/knygu-parduotuve\/"},{"@type":"ListItem","position":3,"name":"Palaiminim\u0173 knyga"}]},{"@type":"WebSite","@id":"https:\/\/skaitytaknyga.lt\/#website","url":"https:\/\/skaitytaknyga.lt\/","name":"skaitytaknyga.lt","description":"Skaitytaknyga.lt \u2013 tai ma\u017eas \u0161eimos verslas, kuris prasid\u0117jo nuo meil\u0117s knygoms ir siekio i\u0161gelb\u0117ti knygas nuo likimo prie konteinerio. Kas vienam nereikalingas daiktas \u2013 kitam lobis, o mes esame tarpininkai, kurie padeda abiems tapti laimingesniems ???? \u017dinome kaip nelengva i\u0161gyventi ma\u017eiems verslams, tad nuo \u0161iol, \u010dia rasite ir kit\u0173, ma\u017e\u0173 \u0161eim\u0173 versl\u0173, rank\u0173 darbo, dovan\u0173 sau ir artimiesiems.","publisher":{"@id":"https:\/\/skaitytaknyga.lt\/#organization"},"potentialAction":[{"@type":"SearchAction","target":{"@type":"EntryPoint","urlTemplate":"https:\/\/skaitytaknyga.lt\/?s={search_term_string}"},"query-input":{"@type":"PropertyValueSpecification","valueRequired":true,"valueName":"search_term_string"}}],"inLanguage":"en-GB"},{"@type":"Organization","@id":"https:\/\/skaitytaknyga.lt\/#organization","name":"skaitytaknyga.lt","url":"https:\/\/skaitytaknyga.lt\/","logo":{"@type":"ImageObject","inLanguage":"en-GB","@id":"https:\/\/skaitytaknyga.lt\/#\/schema\/logo\/image\/","url":"https:\/\/skaitytaknyga.lt\/wp-content\/uploads\/2024\/05\/cropped-cropped-cropped-02_00843_jt3bggkj1j3HLc7SyY6rEUpg.jpeg","contentUrl":"https:\/\/skaitytaknyga.lt\/wp-content\/uploads\/2024\/05\/cropped-cropped-cropped-02_00843_jt3bggkj1j3HLc7SyY6rEUpg.jpeg","width":1600,"height":1600,"caption":"skaitytaknyga.lt"},"image":{"@id":"https:\/\/skaitytaknyga.lt\/#\/schema\/logo\/image\/"},"sameAs":["https:\/\/www.facebook.com\/skaitytaknyga\/"]}]}},"_links":{"self":[{"href":"https:\/\/skaitytaknyga.lt\/en\/wp-json\/wp\/v2\/product\/13734","targetHints":{"allow":["GET"]}}],"collection":[{"href":"https:\/\/skaitytaknyga.lt\/en\/wp-json\/wp\/v2\/product"}],"about":[{"href":"https:\/\/skaitytaknyga.lt\/en\/wp-json\/wp\/v2\/types\/product"}],"replies":[{"embeddable":true,"href":"https:\/\/skaitytaknyga.lt\/en\/wp-json\/wp\/v2\/comments?post=13734"}],"wp:featuredmedia":[{"embeddable":true,"href":"https:\/\/skaitytaknyga.lt\/en\/wp-json\/wp\/v2\/media\/13744"}],"wp:attachment":[{"href":"https:\/\/skaitytaknyga.lt\/en\/wp-json\/wp\/v2\/media?parent=13734"}],"wp:term":[{"taxonomy":"product_brand","embeddable":true,"href":"https:\/\/skaitytaknyga.lt\/en\/wp-json\/wp\/v2\/product_brand?post=13734"},{"taxonomy":"product_cat","embeddable":true,"href":"https:\/\/skaitytaknyga.lt\/en\/wp-json\/wp\/v2\/product_cat?post=13734"},{"taxonomy":"product_tag","embeddable":true,"href":"https:\/\/skaitytaknyga.lt\/en\/wp-json\/wp\/v2\/product_tag?post=13734"}],"curies":[{"name":"wp","href":"https:\/\/api.w.org\/{rel}","templated":true}]}}