{"id":13733,"date":"2024-09-09T10:02:33","date_gmt":"2024-09-09T07:02:33","guid":{"rendered":"https:\/\/skaitytaknyga.lt\/?post_type=product&#038;p=13733"},"modified":"2025-05-15T09:37:05","modified_gmt":"2025-05-15T06:37:05","slug":"gintautas-vaitoska-kas-is-vaiku-pagrobe-gandra","status":"publish","type":"product","link":"https:\/\/skaitytaknyga.lt\/en\/produktas\/gintautas-vaitoska-kas-is-vaiku-pagrobe-gandra\/","title":{"rendered":"Kas i\u0161 vaik\u0173 pagrob\u0117 gandr\u0105?"},"content":{"rendered":"<p>Knygoje su\u017einosite apie tragi\u0161kas vaikus ne\u0161davusio gandro \u017e\u016bties aplinkybes. Taip pat, k\u0105 apie vaik\u0173 gimim\u0105 kalb\u0117ti vaikams ir jaunimui. Kaip pad\u0117ti jiems suprasti \u0161io vaisingumo simbolio reik\u0161m\u0119 (jo spalvos simbolizuoja svajon\u0119 apie meil\u0119). Ir kaip \u012fvertinti laiming\u0105j\u012f laukin\u012f, kuris t\u0105 gandr\u0105 i\u0161kep\u0117 ir suvalg\u0117. Ar tikrai jis laimingas?<\/p>\n<p>Toliau gvildenamos \u012fvairios temos. Kai kurios naujai, dauguma &#8211; pagal kelet\u0105 met\u0173 ra\u0161ytus straipsnius. Apie sielos \u017eaizdas, pakei\u010dian\u010dias gimtinio potraukio krypt\u012f, apie skaistum\u0105 ir gro\u017e\u012f, homoseksuali\u0173 santyki\u0173 keliam\u0105 gr\u0117sm\u0119 sveikatai, santuokos nuotyk\u012f, aborto skausm\u0105 ir kt.<\/p>\n<p>Gintautas Vaito\u0161ka (g. 1960) yra baig\u0119s Vilniaus universiteto Medicinos fakultet\u0105 (1984), studijavo Jono Pauliaus II \u0161eimos ir santuokos studij\u0173 institute Va\u0161ingtone (1992\u20131995) ir \u0160eimos psichoterapijos centre D\u017eord\u017etaune (1995). Yra \u012fgij\u0119s santuokos srities teologijos licenciato laipsn\u012f, nuo 2000 m. Tarptautiniame teologijos institute Trumau (Austrija) d\u0117sto psichologij\u0105 ir pastoracin\u0119 teologij\u0105. 2007 m. i\u0161leido knyg\u0105 \u201eLengvas gyvenimas: krik\u0161\u010dioni\u0161kosios psichologijos etiudai sutuoktiniams\u201c (leidykla \u201eKatalik\u0173 pasaulio leidiniai\u201c).<\/p>\n<ul class=\"about-product d-none d-xl-block mt-4\">\n<li><strong>Autorius:<\/strong>\u00a0Gintautas Vaito\u0161ka<\/li>\n<li><strong>Leid\u0117jas:<\/strong>\u00a0Katalik\u0173 pasaulio leidiniai<\/li>\n<li><strong>Metai:<\/strong>\u00a02010<\/li>\n<li><strong>Puslapiai:<\/strong>\u00a0214<\/li>\n<li><strong>ISBN:<\/strong>\u00a09789955291251<\/li>\n<li><strong>Formatas:<\/strong>\u00a012,5 x 20 cm, mink\u0161ti vir\u0161eliai<\/li>\n<li><strong>Kalba:<\/strong>\u00a0Lietuvi\u0173<\/li>\n<\/ul>\n","protected":false},"excerpt":{"rendered":"<p>Knygoje su\u017einosite apie tragi\u0161kas vaikus ne\u0161davusio gandro \u017e\u016bties aplinkybes. Taip pat, k\u0105 apie vaik\u0173 gimim\u0105 kalb\u0117ti vaikams ir jaunimui. Kaip pad\u0117ti jiems suprasti \u0161io vaisingumo simbolio reik\u0161m\u0119 (jo spalvos simbolizuoja svajon\u0119 apie meil\u0119). Ir kaip \u012fvertinti laiming\u0105j\u012f laukin\u012f, kuris t\u0105 gandr\u0105 i\u0161kep\u0117 ir suvalg\u0117. Ar tikrai jis laimingas? Toliau gvildenamos \u012fvairios temos. Kai kurios naujai, dauguma &#8211; pagal kelet\u0105 met\u0173 ra\u0161ytus straipsnius. Apie sielos \u017eaizdas, pakei\u010dian\u010dias gimtinio potraukio krypt\u012f, apie skaistum\u0105 ir gro\u017e\u012f, homoseksuali\u0173 santyki\u0173 keliam\u0105 gr\u0117sm\u0119 sveikatai, santuokos nuotyk\u012f, aborto skausm\u0105 ir kt. Gintautas Vaito\u0161ka (g. 1960) yra baig\u0119s Vilniaus universiteto Medicinos fakultet\u0105 (1984), studijavo Jono Pauliaus II \u0161eimos ir santuokos studij\u0173 institute Va\u0161ingtone (1992\u20131995) ir \u0160eimos psichoterapijos centre D\u017eord\u017etaune (1995). Yra \u012fgij\u0119s santuokos srities teologijos licenciato laipsn\u012f, nuo 2000 m. Tarptautiniame teologijos institute Trumau (Austrija) d\u0117sto psichologij\u0105 ir pastoracin\u0119 teologij\u0105. 2007 m. i\u0161leido knyg\u0105 \u201eLengvas gyvenimas: krik\u0161\u010dioni\u0161kosios psichologijos etiudai sutuoktiniams\u201c (leidykla \u201eKatalik\u0173 pasaulio leidiniai\u201c). Autorius:\u00a0Gintautas Vaito\u0161ka Leid\u0117jas:\u00a0Katalik\u0173 pasaulio leidiniai Metai:\u00a02010 Puslapiai:\u00a0214 ISBN:\u00a09789955291251 Formatas:\u00a012,5 x 20 cm, mink\u0161ti vir\u0161eliai Kalba:\u00a0Lietuvi\u0173<\/p>\n","protected":false},"featured_media":13750,"comment_status":"open","ping_status":"closed","template":"","meta":{"_acf_changed":false,"site-sidebar-layout":"default","site-content-layout":"","ast-site-content-layout":"default","site-content-style":"default","site-sidebar-style":"default","ast-global-header-display":"","ast-banner-title-visibility":"","ast-main-header-display":"","ast-hfb-above-header-display":"","ast-hfb-below-header-display":"","ast-hfb-mobile-header-display":"","site-post-title":"","ast-breadcrumbs-content":"","ast-featured-img":"","footer-sml-layout":"","ast-disable-related-posts":"","theme-transparent-header-meta":"default","adv-header-id-meta":"","stick-header-meta":"","header-above-stick-meta":"","header-main-stick-meta":"","header-below-stick-meta":"","astra-migrate-meta-layouts":"set","ast-page-background-enabled":"default","ast-page-background-meta":{"desktop":{"background-color":"","background-image":"","background-repeat":"repeat","background-position":"center center","background-size":"auto","background-attachment":"scroll","background-type":"","background-media":"","overlay-type":"","overlay-color":"","overlay-opacity":"","overlay-gradient":""},"tablet":{"background-color":"","background-image":"","background-repeat":"repeat","background-position":"center center","background-size":"auto","background-attachment":"scroll","background-type":"","background-media":"","overlay-type":"","overlay-color":"","overlay-opacity":"","overlay-gradient":""},"mobile":{"background-color":"","background-image":"","background-repeat":"repeat","background-position":"center center","background-size":"auto","background-attachment":"scroll","background-type":"","background-media":"","overlay-type":"","overlay-color":"","overlay-opacity":"","overlay-gradient":""}},"ast-content-background-meta":{"desktop":{"background-color":"var(--ast-global-color-4)","background-image":"","background-repeat":"repeat","background-position":"center center","background-size":"auto","background-attachment":"scroll","background-type":"","background-media":"","overlay-type":"","overlay-color":"","overlay-opacity":"","overlay-gradient":""},"tablet":{"background-color":"var(--ast-global-color-4)","background-image":"","background-repeat":"repeat","background-position":"center center","background-size":"auto","background-attachment":"scroll","background-type":"","background-media":"","overlay-type":"","overlay-color":"","overlay-opacity":"","overlay-gradient":""},"mobile":{"background-color":"var(--ast-global-color-4)","background-image":"","background-repeat":"repeat","background-position":"center center","background-size":"auto","background-attachment":"scroll","background-type":"","background-media":"","overlay-type":"","overlay-color":"","overlay-opacity":"","overlay-gradient":""}}},"product_brand":[],"product_cat":[15,165],"product_tag":[2759,2760,2763,2097,2761,1927,2206,2764,2762,2765],"class_list":{"0":"post-13733","1":"product","2":"type-product","3":"status-publish","4":"has-post-thumbnail","6":"product_cat-uncategorized","7":"product_cat-religija-filosofija-ir-ezoterika","8":"product_tag-gintautas-vaitoska","9":"product_tag-krikscioniskos-vertybes","10":"product_tag-lytinis-svietimas","11":"product_tag-morale","12":"product_tag-seimos-ugdymas","13":"product_tag-seksualumas","14":"product_tag-tevyste","15":"product_tag-tradicine-seima","16":"product_tag-vaiku-auklejimas","17":"product_tag-visuomenes-problemos","18":"desktop-align-left","19":"tablet-align-left","20":"mobile-align-left","22":"first","23":"instock","24":"shipping-taxable","25":"purchasable","26":"product-type-simple"},"acf":[],"yoast_head":"<!-- This site is optimized with the Yoast SEO plugin v27.0 - https:\/\/yoast.com\/product\/yoast-seo-wordpress\/ -->\n<title>Kas i\u0161 vaik\u0173 pagrob\u0117 gandr\u0105?<\/title>\n<meta name=\"description\" content=\"Knygoje su\u017einosite apie tragi\u0161kas vaikus ne\u0161davusio gandro \u017e\u016bties aplinkybes. Taip pat, k\u0105 apie vaik\u0173 gimim\u0105 kalb\u0117ti vaikams ir jaunimui. Kaip pad\u0117ti\" \/>\n<meta name=\"robots\" content=\"index, follow, max-snippet:-1, max-image-preview:large, max-video-preview:-1\" \/>\n<link rel=\"canonical\" href=\"https:\/\/skaitytaknyga.lt\/en\/produktas\/gintautas-vaitoska-kas-is-vaiku-pagrobe-gandra\/\" \/>\n<meta property=\"og:locale\" content=\"en_GB\" \/>\n<meta property=\"og:locale:alternate\" content=\"lt_LT\" \/>\n<meta property=\"og:type\" content=\"article\" \/>\n<meta property=\"og:title\" content=\"Kas i\u0161 vaik\u0173 pagrob\u0117 gandr\u0105?\" \/>\n<meta property=\"og:description\" content=\"Knygoje su\u017einosite apie tragi\u0161kas vaikus ne\u0161davusio gandro \u017e\u016bties aplinkybes. Taip pat, k\u0105 apie vaik\u0173 gimim\u0105 kalb\u0117ti vaikams ir jaunimui. Kaip pad\u0117ti\" \/>\n<meta property=\"og:url\" content=\"https:\/\/skaitytaknyga.lt\/en\/produktas\/gintautas-vaitoska-kas-is-vaiku-pagrobe-gandra\/\" \/>\n<meta property=\"og:site_name\" content=\"Skaitytaknyga\" \/>\n<meta property=\"article:publisher\" content=\"https:\/\/www.facebook.com\/skaitytaknyga\/\" \/>\n<meta property=\"article:modified_time\" content=\"2025-05-15T06:37:05+00:00\" \/>\n<meta property=\"og:image\" content=\"https:\/\/skaitytaknyga.lt\/wp-content\/uploads\/2024\/09\/Gintautas-Vaitoska-Kas-is-vaiku-pagrobe-gandra.webp\" \/>\n\t<meta property=\"og:image:width\" content=\"504\" \/>\n\t<meta property=\"og:image:height\" content=\"799\" \/>\n\t<meta property=\"og:image:type\" content=\"image\/webp\" \/>\n<meta name=\"twitter:card\" content=\"summary_large_image\" \/>\n<meta name=\"twitter:label1\" content=\"Estimated reading time\" \/>\n\t<meta name=\"twitter:data1\" content=\"2 minutes\" \/>\n<script type=\"application\/ld+json\" class=\"yoast-schema-graph\">{\"@context\":\"https:\/\/schema.org\",\"@graph\":[{\"@type\":\"WebPage\",\"@id\":\"https:\/\/skaitytaknyga.lt\/produktas\/gintautas-vaitoska-kas-is-vaiku-pagrobe-gandra\/\",\"url\":\"https:\/\/skaitytaknyga.lt\/produktas\/gintautas-vaitoska-kas-is-vaiku-pagrobe-gandra\/\",\"name\":\"Kas i\u0161 vaik\u0173 pagrob\u0117 gandr\u0105?\",\"isPartOf\":{\"@id\":\"https:\/\/skaitytaknyga.lt\/#website\"},\"primaryImageOfPage\":{\"@id\":\"https:\/\/skaitytaknyga.lt\/produktas\/gintautas-vaitoska-kas-is-vaiku-pagrobe-gandra\/#primaryimage\"},\"image\":{\"@id\":\"https:\/\/skaitytaknyga.lt\/produktas\/gintautas-vaitoska-kas-is-vaiku-pagrobe-gandra\/#primaryimage\"},\"thumbnailUrl\":\"https:\/\/skaitytaknyga.lt\/wp-content\/uploads\/2024\/09\/Gintautas-Vaitoska-Kas-is-vaiku-pagrobe-gandra.webp\",\"datePublished\":\"2024-09-09T07:02:33+00:00\",\"dateModified\":\"2025-05-15T06:37:05+00:00\",\"description\":\"Knygoje su\u017einosite apie tragi\u0161kas vaikus ne\u0161davusio gandro \u017e\u016bties aplinkybes. Taip pat, k\u0105 apie vaik\u0173 gimim\u0105 kalb\u0117ti vaikams ir jaunimui. Kaip pad\u0117ti\",\"breadcrumb\":{\"@id\":\"https:\/\/skaitytaknyga.lt\/produktas\/gintautas-vaitoska-kas-is-vaiku-pagrobe-gandra\/#breadcrumb\"},\"inLanguage\":\"en-GB\",\"potentialAction\":[{\"@type\":\"ReadAction\",\"target\":[\"https:\/\/skaitytaknyga.lt\/produktas\/gintautas-vaitoska-kas-is-vaiku-pagrobe-gandra\/\"]}]},{\"@type\":\"ImageObject\",\"inLanguage\":\"en-GB\",\"@id\":\"https:\/\/skaitytaknyga.lt\/produktas\/gintautas-vaitoska-kas-is-vaiku-pagrobe-gandra\/#primaryimage\",\"url\":\"https:\/\/skaitytaknyga.lt\/wp-content\/uploads\/2024\/09\/Gintautas-Vaitoska-Kas-is-vaiku-pagrobe-gandra.webp\",\"contentUrl\":\"https:\/\/skaitytaknyga.lt\/wp-content\/uploads\/2024\/09\/Gintautas-Vaitoska-Kas-is-vaiku-pagrobe-gandra.webp\",\"width\":504,\"height\":799,\"caption\":\"Gintautas Vaito\u0161ka \u201eKas i\u0161 vaik\u0173 pagrob\u0117 gandr\u0105\"},{\"@type\":\"BreadcrumbList\",\"@id\":\"https:\/\/skaitytaknyga.lt\/produktas\/gintautas-vaitoska-kas-is-vaiku-pagrobe-gandra\/#breadcrumb\",\"itemListElement\":[{\"@type\":\"ListItem\",\"position\":1,\"name\":\"Home\",\"item\":\"https:\/\/skaitytaknyga.lt\/\"},{\"@type\":\"ListItem\",\"position\":2,\"name\":\"Parduotuv\u0117\",\"item\":\"https:\/\/skaitytaknyga.lt\/knygu-parduotuve\/\"},{\"@type\":\"ListItem\",\"position\":3,\"name\":\"Kas i\u0161 vaik\u0173 pagrob\u0117 gandr\u0105?\"}]},{\"@type\":\"WebSite\",\"@id\":\"https:\/\/skaitytaknyga.lt\/#website\",\"url\":\"https:\/\/skaitytaknyga.lt\/\",\"name\":\"skaitytaknyga.lt\",\"description\":\"Skaitytaknyga.lt \u2013 tai ma\u017eas \u0161eimos verslas, kuris prasid\u0117jo nuo meil\u0117s knygoms ir siekio i\u0161gelb\u0117ti knygas nuo likimo prie konteinerio. Kas vienam nereikalingas daiktas \u2013 kitam lobis, o mes esame tarpininkai, kurie padeda abiems tapti laimingesniems ???? \u017dinome kaip nelengva i\u0161gyventi ma\u017eiems verslams, tad nuo \u0161iol, \u010dia rasite ir kit\u0173, ma\u017e\u0173 \u0161eim\u0173 versl\u0173, rank\u0173 darbo, dovan\u0173 sau ir artimiesiems.\",\"publisher\":{\"@id\":\"https:\/\/skaitytaknyga.lt\/#organization\"},\"potentialAction\":[{\"@type\":\"SearchAction\",\"target\":{\"@type\":\"EntryPoint\",\"urlTemplate\":\"https:\/\/skaitytaknyga.lt\/?s={search_term_string}\"},\"query-input\":{\"@type\":\"PropertyValueSpecification\",\"valueRequired\":true,\"valueName\":\"search_term_string\"}}],\"inLanguage\":\"en-GB\"},{\"@type\":\"Organization\",\"@id\":\"https:\/\/skaitytaknyga.lt\/#organization\",\"name\":\"skaitytaknyga.lt\",\"url\":\"https:\/\/skaitytaknyga.lt\/\",\"logo\":{\"@type\":\"ImageObject\",\"inLanguage\":\"en-GB\",\"@id\":\"https:\/\/skaitytaknyga.lt\/#\/schema\/logo\/image\/\",\"url\":\"https:\/\/skaitytaknyga.lt\/wp-content\/uploads\/2024\/05\/cropped-cropped-cropped-02_00843_jt3bggkj1j3HLc7SyY6rEUpg.jpeg\",\"contentUrl\":\"https:\/\/skaitytaknyga.lt\/wp-content\/uploads\/2024\/05\/cropped-cropped-cropped-02_00843_jt3bggkj1j3HLc7SyY6rEUpg.jpeg\",\"width\":1600,\"height\":1600,\"caption\":\"skaitytaknyga.lt\"},\"image\":{\"@id\":\"https:\/\/skaitytaknyga.lt\/#\/schema\/logo\/image\/\"},\"sameAs\":[\"https:\/\/www.facebook.com\/skaitytaknyga\/\"]}]}<\/script>\n<!-- \/ Yoast SEO plugin. -->","yoast_head_json":{"title":"Kas i\u0161 vaik\u0173 pagrob\u0117 gandr\u0105?","description":"Knygoje su\u017einosite apie tragi\u0161kas vaikus ne\u0161davusio gandro \u017e\u016bties aplinkybes. Taip pat, k\u0105 apie vaik\u0173 gimim\u0105 kalb\u0117ti vaikams ir jaunimui. Kaip pad\u0117ti","robots":{"index":"index","follow":"follow","max-snippet":"max-snippet:-1","max-image-preview":"max-image-preview:large","max-video-preview":"max-video-preview:-1"},"canonical":"https:\/\/skaitytaknyga.lt\/en\/produktas\/gintautas-vaitoska-kas-is-vaiku-pagrobe-gandra\/","og_locale":"en_GB","og_type":"article","og_title":"[:lt]Kas i\u0161 vaik\u0173 pagrob\u0117 gandr\u0105?[:] - Skaitytaknyga","og_description":"Knygoje su\u017einosite apie tragi\u0161kas vaikus ne\u0161davusio gandro \u017e\u016bties aplinkybes. Taip pat, k\u0105 apie vaik\u0173 gimim\u0105 kalb\u0117ti vaikams ir jaunimui. Kaip pad\u0117ti","og_url":"https:\/\/skaitytaknyga.lt\/en\/produktas\/gintautas-vaitoska-kas-is-vaiku-pagrobe-gandra\/","og_site_name":"Skaitytaknyga","article_publisher":"https:\/\/www.facebook.com\/skaitytaknyga\/","article_modified_time":"2025-05-15T06:37:05+00:00","og_image":[{"width":504,"height":799,"url":"https:\/\/skaitytaknyga.lt\/wp-content\/uploads\/2024\/09\/Gintautas-Vaitoska-Kas-is-vaiku-pagrobe-gandra.webp","type":"image\/webp"}],"twitter_card":"summary_large_image","twitter_misc":{"Estimated reading time":"2 minutes"},"schema":{"@context":"https:\/\/schema.org","@graph":[{"@type":"WebPage","@id":"https:\/\/skaitytaknyga.lt\/produktas\/gintautas-vaitoska-kas-is-vaiku-pagrobe-gandra\/","url":"https:\/\/skaitytaknyga.lt\/produktas\/gintautas-vaitoska-kas-is-vaiku-pagrobe-gandra\/","name":"Kas i\u0161 vaik\u0173 pagrob\u0117 gandr\u0105?","isPartOf":{"@id":"https:\/\/skaitytaknyga.lt\/#website"},"primaryImageOfPage":{"@id":"https:\/\/skaitytaknyga.lt\/produktas\/gintautas-vaitoska-kas-is-vaiku-pagrobe-gandra\/#primaryimage"},"image":{"@id":"https:\/\/skaitytaknyga.lt\/produktas\/gintautas-vaitoska-kas-is-vaiku-pagrobe-gandra\/#primaryimage"},"thumbnailUrl":"https:\/\/skaitytaknyga.lt\/wp-content\/uploads\/2024\/09\/Gintautas-Vaitoska-Kas-is-vaiku-pagrobe-gandra.webp","datePublished":"2024-09-09T07:02:33+00:00","dateModified":"2025-05-15T06:37:05+00:00","description":"Knygoje su\u017einosite apie tragi\u0161kas vaikus ne\u0161davusio gandro \u017e\u016bties aplinkybes. Taip pat, k\u0105 apie vaik\u0173 gimim\u0105 kalb\u0117ti vaikams ir jaunimui. Kaip pad\u0117ti","breadcrumb":{"@id":"https:\/\/skaitytaknyga.lt\/produktas\/gintautas-vaitoska-kas-is-vaiku-pagrobe-gandra\/#breadcrumb"},"inLanguage":"en-GB","potentialAction":[{"@type":"ReadAction","target":["https:\/\/skaitytaknyga.lt\/produktas\/gintautas-vaitoska-kas-is-vaiku-pagrobe-gandra\/"]}]},{"@type":"ImageObject","inLanguage":"en-GB","@id":"https:\/\/skaitytaknyga.lt\/produktas\/gintautas-vaitoska-kas-is-vaiku-pagrobe-gandra\/#primaryimage","url":"https:\/\/skaitytaknyga.lt\/wp-content\/uploads\/2024\/09\/Gintautas-Vaitoska-Kas-is-vaiku-pagrobe-gandra.webp","contentUrl":"https:\/\/skaitytaknyga.lt\/wp-content\/uploads\/2024\/09\/Gintautas-Vaitoska-Kas-is-vaiku-pagrobe-gandra.webp","width":504,"height":799,"caption":"Gintautas Vaito\u0161ka \u201eKas i\u0161 vaik\u0173 pagrob\u0117 gandr\u0105"},{"@type":"BreadcrumbList","@id":"https:\/\/skaitytaknyga.lt\/produktas\/gintautas-vaitoska-kas-is-vaiku-pagrobe-gandra\/#breadcrumb","itemListElement":[{"@type":"ListItem","position":1,"name":"Home","item":"https:\/\/skaitytaknyga.lt\/"},{"@type":"ListItem","position":2,"name":"Parduotuv\u0117","item":"https:\/\/skaitytaknyga.lt\/knygu-parduotuve\/"},{"@type":"ListItem","position":3,"name":"Kas i\u0161 vaik\u0173 pagrob\u0117 gandr\u0105?"}]},{"@type":"WebSite","@id":"https:\/\/skaitytaknyga.lt\/#website","url":"https:\/\/skaitytaknyga.lt\/","name":"skaitytaknyga.lt","description":"Skaitytaknyga.lt \u2013 tai ma\u017eas \u0161eimos verslas, kuris prasid\u0117jo nuo meil\u0117s knygoms ir siekio i\u0161gelb\u0117ti knygas nuo likimo prie konteinerio. Kas vienam nereikalingas daiktas \u2013 kitam lobis, o mes esame tarpininkai, kurie padeda abiems tapti laimingesniems ???? \u017dinome kaip nelengva i\u0161gyventi ma\u017eiems verslams, tad nuo \u0161iol, \u010dia rasite ir kit\u0173, ma\u017e\u0173 \u0161eim\u0173 versl\u0173, rank\u0173 darbo, dovan\u0173 sau ir artimiesiems.","publisher":{"@id":"https:\/\/skaitytaknyga.lt\/#organization"},"potentialAction":[{"@type":"SearchAction","target":{"@type":"EntryPoint","urlTemplate":"https:\/\/skaitytaknyga.lt\/?s={search_term_string}"},"query-input":{"@type":"PropertyValueSpecification","valueRequired":true,"valueName":"search_term_string"}}],"inLanguage":"en-GB"},{"@type":"Organization","@id":"https:\/\/skaitytaknyga.lt\/#organization","name":"skaitytaknyga.lt","url":"https:\/\/skaitytaknyga.lt\/","logo":{"@type":"ImageObject","inLanguage":"en-GB","@id":"https:\/\/skaitytaknyga.lt\/#\/schema\/logo\/image\/","url":"https:\/\/skaitytaknyga.lt\/wp-content\/uploads\/2024\/05\/cropped-cropped-cropped-02_00843_jt3bggkj1j3HLc7SyY6rEUpg.jpeg","contentUrl":"https:\/\/skaitytaknyga.lt\/wp-content\/uploads\/2024\/05\/cropped-cropped-cropped-02_00843_jt3bggkj1j3HLc7SyY6rEUpg.jpeg","width":1600,"height":1600,"caption":"skaitytaknyga.lt"},"image":{"@id":"https:\/\/skaitytaknyga.lt\/#\/schema\/logo\/image\/"},"sameAs":["https:\/\/www.facebook.com\/skaitytaknyga\/"]}]}},"_links":{"self":[{"href":"https:\/\/skaitytaknyga.lt\/en\/wp-json\/wp\/v2\/product\/13733","targetHints":{"allow":["GET"]}}],"collection":[{"href":"https:\/\/skaitytaknyga.lt\/en\/wp-json\/wp\/v2\/product"}],"about":[{"href":"https:\/\/skaitytaknyga.lt\/en\/wp-json\/wp\/v2\/types\/product"}],"replies":[{"embeddable":true,"href":"https:\/\/skaitytaknyga.lt\/en\/wp-json\/wp\/v2\/comments?post=13733"}],"wp:featuredmedia":[{"embeddable":true,"href":"https:\/\/skaitytaknyga.lt\/en\/wp-json\/wp\/v2\/media\/13750"}],"wp:attachment":[{"href":"https:\/\/skaitytaknyga.lt\/en\/wp-json\/wp\/v2\/media?parent=13733"}],"wp:term":[{"taxonomy":"product_brand","embeddable":true,"href":"https:\/\/skaitytaknyga.lt\/en\/wp-json\/wp\/v2\/product_brand?post=13733"},{"taxonomy":"product_cat","embeddable":true,"href":"https:\/\/skaitytaknyga.lt\/en\/wp-json\/wp\/v2\/product_cat?post=13733"},{"taxonomy":"product_tag","embeddable":true,"href":"https:\/\/skaitytaknyga.lt\/en\/wp-json\/wp\/v2\/product_tag?post=13733"}],"curies":[{"name":"wp","href":"https:\/\/api.w.org\/{rel}","templated":true}]}}