{"id":13718,"date":"2024-09-09T08:49:17","date_gmt":"2024-09-09T05:49:17","guid":{"rendered":"https:\/\/skaitytaknyga.lt\/?post_type=product&#038;p=13718"},"modified":"2025-12-20T17:18:02","modified_gmt":"2025-12-20T15:18:02","slug":"james-c-humes-cercilio-iskalba-linkolno-tvirtybe-geriausiu-oratoriu-sekmes-paslaptys","status":"publish","type":"product","link":"https:\/\/skaitytaknyga.lt\/en\/produktas\/james-c-humes-cercilio-iskalba-linkolno-tvirtybe-geriausiu-oratoriu-sekmes-paslaptys\/","title":{"rendered":"\u010cer\u010dilio i\u0161kalba, Linkolno tvirtyb\u0117: geriausi\u0173 oratori\u0173 s\u0117km\u0117s paslaptys"},"content":{"rendered":"<p>Paklauskite sav\u0119s, ar turite bendravimo \u012fg\u016bd\u017ei\u0173, reikaling\u0173 norint i\u0161kilti? Ar turite \u017evaig\u017ed\u0117ms b\u016bding\u0173 gali\u0173, kurios palaikyt\u0173 j\u016bs\u0173 kompanijos augim\u0105?<\/p>\n<p>Vinstonas \u010cer\u010dilis, Abraomas Linkolnas, Margaret Te\u010der, Napoleonas ir kiti oratoriai ir permain\u0173 organizatoriai naudojo charizmos ir patrauklumo triukus. Be dideli\u0173 pastang\u0173 j\u0173 galite i\u0161mokti ir j\u016bs. \u0160ie metodai pad\u0117s jums u\u017esitikrinti \u012fsp\u016bding\u0105 i\u0161vaizd\u0105, sugeb\u0117jim\u0105 \u0161altakrauji\u0161kai elgtis ir savo kalba paveikti, \u012fkv\u0117pti kitus.<\/p>\n<p>Ra\u0161ytojas sujungia istorij\u0105 ir i\u0161kalbos men\u0105, siekdamas atskleisti s\u0117kmingo pasisakymo paslaptis bei \u017eod\u017eio gali\u0105.<\/p>\n<ul class=\"about-product d-none d-xl-block mt-4\">\n<li><strong>Autorius:<\/strong>\u00a0James C. Humes<\/li>\n<li><strong>Leid\u0117jas:<\/strong>\u00a0Vaga<\/li>\n<li><strong>Metai:<\/strong>\u00a02012<\/li>\n<li><strong>Puslapiai:<\/strong>\u00a0230<\/li>\n<li><strong>ISBN:<\/strong>\u00a09785415018659<\/li>\n<li><strong>Versijos kodas:<\/strong>\u00a0PT.<\/li>\n<li><strong>Formatas:<\/strong>\u00a015 x 22 cm, kieti vir\u0161eliai<\/li>\n<li><strong>Kalba:<\/strong>\u00a0Lietuvi\u0173<\/li>\n<li><strong>Vert\u0117jas:<\/strong>\u00a0Leonas Tamas<\/li>\n<\/ul>\n","protected":false},"excerpt":{"rendered":"<p>Paklauskite sav\u0119s, ar turite bendravimo \u012fg\u016bd\u017ei\u0173, reikaling\u0173 norint i\u0161kilti? Ar turite \u017evaig\u017ed\u0117ms b\u016bding\u0173 gali\u0173, kurios palaikyt\u0173 j\u016bs\u0173 kompanijos augim\u0105? Vinstonas \u010cer\u010dilis, Abraomas Linkolnas, Margaret Te\u010der, Napoleonas ir kiti oratoriai ir permain\u0173 organizatoriai naudojo charizmos ir patrauklumo triukus. Be dideli\u0173 pastang\u0173 j\u0173 galite i\u0161mokti ir j\u016bs. \u0160ie metodai pad\u0117s jums u\u017esitikrinti \u012fsp\u016bding\u0105 i\u0161vaizd\u0105, sugeb\u0117jim\u0105 \u0161altakrauji\u0161kai elgtis ir savo kalba paveikti, \u012fkv\u0117pti kitus. Ra\u0161ytojas sujungia istorij\u0105 ir i\u0161kalbos men\u0105, siekdamas atskleisti s\u0117kmingo pasisakymo paslaptis bei \u017eod\u017eio gali\u0105. Autorius:\u00a0James C. Humes Leid\u0117jas:\u00a0Vaga Metai:\u00a02012 Puslapiai:\u00a0230 ISBN:\u00a09785415018659 Versijos kodas:\u00a0PT. Formatas:\u00a015 x 22 cm, kieti vir\u0161eliai Kalba:\u00a0Lietuvi\u0173 Vert\u0117jas:\u00a0Leonas Tamas<\/p>\n","protected":false},"featured_media":13720,"comment_status":"open","ping_status":"closed","template":"","meta":{"_acf_changed":false,"site-sidebar-layout":"default","site-content-layout":"","ast-site-content-layout":"default","site-content-style":"default","site-sidebar-style":"default","ast-global-header-display":"","ast-banner-title-visibility":"","ast-main-header-display":"","ast-hfb-above-header-display":"","ast-hfb-below-header-display":"","ast-hfb-mobile-header-display":"","site-post-title":"","ast-breadcrumbs-content":"","ast-featured-img":"","footer-sml-layout":"","ast-disable-related-posts":"","theme-transparent-header-meta":"default","adv-header-id-meta":"","stick-header-meta":"","header-above-stick-meta":"","header-main-stick-meta":"","header-below-stick-meta":"","astra-migrate-meta-layouts":"set","ast-page-background-enabled":"default","ast-page-background-meta":{"desktop":{"background-color":"","background-image":"","background-repeat":"repeat","background-position":"center center","background-size":"auto","background-attachment":"scroll","background-type":"","background-media":"","overlay-type":"","overlay-color":"","overlay-opacity":"","overlay-gradient":""},"tablet":{"background-color":"","background-image":"","background-repeat":"repeat","background-position":"center center","background-size":"auto","background-attachment":"scroll","background-type":"","background-media":"","overlay-type":"","overlay-color":"","overlay-opacity":"","overlay-gradient":""},"mobile":{"background-color":"","background-image":"","background-repeat":"repeat","background-position":"center center","background-size":"auto","background-attachment":"scroll","background-type":"","background-media":"","overlay-type":"","overlay-color":"","overlay-opacity":"","overlay-gradient":""}},"ast-content-background-meta":{"desktop":{"background-color":"var(--ast-global-color-4)","background-image":"","background-repeat":"repeat","background-position":"center center","background-size":"auto","background-attachment":"scroll","background-type":"","background-media":"","overlay-type":"","overlay-color":"","overlay-opacity":"","overlay-gradient":""},"tablet":{"background-color":"var(--ast-global-color-4)","background-image":"","background-repeat":"repeat","background-position":"center center","background-size":"auto","background-attachment":"scroll","background-type":"","background-media":"","overlay-type":"","overlay-color":"","overlay-opacity":"","overlay-gradient":""},"mobile":{"background-color":"var(--ast-global-color-4)","background-image":"","background-repeat":"repeat","background-position":"center center","background-size":"auto","background-attachment":"scroll","background-type":"","background-media":"","overlay-type":"","overlay-color":"","overlay-opacity":"","overlay-gradient":""}}},"product_brand":[],"product_cat":[174,15,26],"product_tag":[4364,4363,2224,4361,1408,4362,1396],"class_list":{"0":"post-13718","1":"product","2":"type-product","3":"status-publish","4":"has-post-thumbnail","6":"product_cat-istorija-ir-politologija","7":"product_cat-uncategorized","8":"product_cat-verslas-vadyba-ir-finansai","9":"product_tag-charizma","10":"product_tag-iskalba","11":"product_tag-istorija","12":"product_tag-james-c-humes","13":"product_tag-lyderyste","14":"product_tag-oratoryste","15":"product_tag-saviugda","16":"desktop-align-left","17":"tablet-align-left","18":"mobile-align-left","20":"first","21":"instock","22":"shipping-taxable","23":"purchasable","24":"product-type-simple"},"acf":[],"yoast_head":"<!-- This site is optimized with the Yoast SEO plugin v27.0 - https:\/\/yoast.com\/product\/yoast-seo-wordpress\/ -->\n<title>\u010cer\u010dilio i\u0161kalba, Linkolno tvirtyb\u0117: geriausi\u0173 oratori\u0173 s\u0117km\u0117s paslaptys<\/title>\n<meta name=\"description\" content=\"Paklauskite sav\u0119s, ar turite bendravimo \u012fg\u016bd\u017ei\u0173, reikaling\u0173 norint i\u0161kilti? Ar turite \u017evaig\u017ed\u0117ms b\u016bding\u0173 gali\u0173, kurios palaikyt\u0173 j\u016bs\u0173 kompanijos augim\u0105?\" \/>\n<meta name=\"robots\" content=\"index, follow, max-snippet:-1, max-image-preview:large, max-video-preview:-1\" \/>\n<link rel=\"canonical\" href=\"https:\/\/skaitytaknyga.lt\/en\/produktas\/james-c-humes-cercilio-iskalba-linkolno-tvirtybe-geriausiu-oratoriu-sekmes-paslaptys\/\" \/>\n<meta property=\"og:locale\" content=\"en_GB\" \/>\n<meta property=\"og:locale:alternate\" content=\"lt_LT\" \/>\n<meta property=\"og:type\" content=\"article\" \/>\n<meta property=\"og:title\" content=\"\u010cer\u010dilio i\u0161kalba, Linkolno tvirtyb\u0117: geriausi\u0173 oratori\u0173 s\u0117km\u0117s paslaptys\" \/>\n<meta property=\"og:description\" content=\"Paklauskite sav\u0119s, ar turite bendravimo \u012fg\u016bd\u017ei\u0173, reikaling\u0173 norint i\u0161kilti? Ar turite \u017evaig\u017ed\u0117ms b\u016bding\u0173 gali\u0173, kurios palaikyt\u0173 j\u016bs\u0173 kompanijos augim\u0105?\" \/>\n<meta property=\"og:url\" content=\"https:\/\/skaitytaknyga.lt\/en\/produktas\/james-c-humes-cercilio-iskalba-linkolno-tvirtybe-geriausiu-oratoriu-sekmes-paslaptys\/\" \/>\n<meta property=\"og:site_name\" content=\"Skaitytaknyga\" \/>\n<meta property=\"article:publisher\" content=\"https:\/\/www.facebook.com\/skaitytaknyga\/\" \/>\n<meta property=\"article:modified_time\" content=\"2025-12-20T15:18:02+00:00\" \/>\n<meta property=\"og:image\" content=\"https:\/\/skaitytaknyga.lt\/wp-content\/uploads\/2024\/09\/Cercilio-iskalba-Linkolno-tvirtybe-geriausiu-oratoriu-sekmes-paslaptys.webp\" \/>\n\t<meta property=\"og:image:width\" content=\"535\" \/>\n\t<meta property=\"og:image:height\" content=\"799\" \/>\n\t<meta property=\"og:image:type\" content=\"image\/webp\" \/>\n<meta name=\"twitter:card\" content=\"summary_large_image\" \/>\n<meta name=\"twitter:label1\" content=\"Estimated reading time\" \/>\n\t<meta name=\"twitter:data1\" content=\"1 minute\" \/>\n<script type=\"application\/ld+json\" class=\"yoast-schema-graph\">{\"@context\":\"https:\/\/schema.org\",\"@graph\":[{\"@type\":\"WebPage\",\"@id\":\"https:\/\/skaitytaknyga.lt\/produktas\/james-c-humes-cercilio-iskalba-linkolno-tvirtybe-geriausiu-oratoriu-sekmes-paslaptys\/\",\"url\":\"https:\/\/skaitytaknyga.lt\/produktas\/james-c-humes-cercilio-iskalba-linkolno-tvirtybe-geriausiu-oratoriu-sekmes-paslaptys\/\",\"name\":\"\u010cer\u010dilio i\u0161kalba, Linkolno tvirtyb\u0117: geriausi\u0173 oratori\u0173 s\u0117km\u0117s paslaptys\",\"isPartOf\":{\"@id\":\"https:\/\/skaitytaknyga.lt\/#website\"},\"primaryImageOfPage\":{\"@id\":\"https:\/\/skaitytaknyga.lt\/produktas\/james-c-humes-cercilio-iskalba-linkolno-tvirtybe-geriausiu-oratoriu-sekmes-paslaptys\/#primaryimage\"},\"image\":{\"@id\":\"https:\/\/skaitytaknyga.lt\/produktas\/james-c-humes-cercilio-iskalba-linkolno-tvirtybe-geriausiu-oratoriu-sekmes-paslaptys\/#primaryimage\"},\"thumbnailUrl\":\"https:\/\/skaitytaknyga.lt\/wp-content\/uploads\/2024\/09\/Cercilio-iskalba-Linkolno-tvirtybe-geriausiu-oratoriu-sekmes-paslaptys.webp\",\"datePublished\":\"2024-09-09T05:49:17+00:00\",\"dateModified\":\"2025-12-20T15:18:02+00:00\",\"description\":\"Paklauskite sav\u0119s, ar turite bendravimo \u012fg\u016bd\u017ei\u0173, reikaling\u0173 norint i\u0161kilti? Ar turite \u017evaig\u017ed\u0117ms b\u016bding\u0173 gali\u0173, kurios palaikyt\u0173 j\u016bs\u0173 kompanijos augim\u0105?\",\"breadcrumb\":{\"@id\":\"https:\/\/skaitytaknyga.lt\/produktas\/james-c-humes-cercilio-iskalba-linkolno-tvirtybe-geriausiu-oratoriu-sekmes-paslaptys\/#breadcrumb\"},\"inLanguage\":\"en-GB\",\"potentialAction\":[{\"@type\":\"ReadAction\",\"target\":[\"https:\/\/skaitytaknyga.lt\/produktas\/james-c-humes-cercilio-iskalba-linkolno-tvirtybe-geriausiu-oratoriu-sekmes-paslaptys\/\"]}]},{\"@type\":\"ImageObject\",\"inLanguage\":\"en-GB\",\"@id\":\"https:\/\/skaitytaknyga.lt\/produktas\/james-c-humes-cercilio-iskalba-linkolno-tvirtybe-geriausiu-oratoriu-sekmes-paslaptys\/#primaryimage\",\"url\":\"https:\/\/skaitytaknyga.lt\/wp-content\/uploads\/2024\/09\/Cercilio-iskalba-Linkolno-tvirtybe-geriausiu-oratoriu-sekmes-paslaptys.webp\",\"contentUrl\":\"https:\/\/skaitytaknyga.lt\/wp-content\/uploads\/2024\/09\/Cercilio-iskalba-Linkolno-tvirtybe-geriausiu-oratoriu-sekmes-paslaptys.webp\",\"width\":535,\"height\":799,\"caption\":\"James C. Humes \u201e\u010cer\u010dilio i\u0161kalba, Linkolno tvirtyb\u0117: geriausi\u0173 oratori\u0173 s\u0117km\u0117s paslaptys\u201c\"},{\"@type\":\"BreadcrumbList\",\"@id\":\"https:\/\/skaitytaknyga.lt\/produktas\/james-c-humes-cercilio-iskalba-linkolno-tvirtybe-geriausiu-oratoriu-sekmes-paslaptys\/#breadcrumb\",\"itemListElement\":[{\"@type\":\"ListItem\",\"position\":1,\"name\":\"Home\",\"item\":\"https:\/\/skaitytaknyga.lt\/\"},{\"@type\":\"ListItem\",\"position\":2,\"name\":\"Parduotuv\u0117\",\"item\":\"https:\/\/skaitytaknyga.lt\/knygu-parduotuve\/\"},{\"@type\":\"ListItem\",\"position\":3,\"name\":\"\u010cer\u010dilio i\u0161kalba, Linkolno tvirtyb\u0117: geriausi\u0173 oratori\u0173 s\u0117km\u0117s paslaptys\"}]},{\"@type\":\"WebSite\",\"@id\":\"https:\/\/skaitytaknyga.lt\/#website\",\"url\":\"https:\/\/skaitytaknyga.lt\/\",\"name\":\"skaitytaknyga.lt\",\"description\":\"Skaitytaknyga.lt \u2013 tai ma\u017eas \u0161eimos verslas, kuris prasid\u0117jo nuo meil\u0117s knygoms ir siekio i\u0161gelb\u0117ti knygas nuo likimo prie konteinerio. Kas vienam nereikalingas daiktas \u2013 kitam lobis, o mes esame tarpininkai, kurie padeda abiems tapti laimingesniems ???? \u017dinome kaip nelengva i\u0161gyventi ma\u017eiems verslams, tad nuo \u0161iol, \u010dia rasite ir kit\u0173, ma\u017e\u0173 \u0161eim\u0173 versl\u0173, rank\u0173 darbo, dovan\u0173 sau ir artimiesiems.\",\"publisher\":{\"@id\":\"https:\/\/skaitytaknyga.lt\/#organization\"},\"potentialAction\":[{\"@type\":\"SearchAction\",\"target\":{\"@type\":\"EntryPoint\",\"urlTemplate\":\"https:\/\/skaitytaknyga.lt\/?s={search_term_string}\"},\"query-input\":{\"@type\":\"PropertyValueSpecification\",\"valueRequired\":true,\"valueName\":\"search_term_string\"}}],\"inLanguage\":\"en-GB\"},{\"@type\":\"Organization\",\"@id\":\"https:\/\/skaitytaknyga.lt\/#organization\",\"name\":\"skaitytaknyga.lt\",\"url\":\"https:\/\/skaitytaknyga.lt\/\",\"logo\":{\"@type\":\"ImageObject\",\"inLanguage\":\"en-GB\",\"@id\":\"https:\/\/skaitytaknyga.lt\/#\/schema\/logo\/image\/\",\"url\":\"https:\/\/skaitytaknyga.lt\/wp-content\/uploads\/2024\/05\/cropped-cropped-cropped-02_00843_jt3bggkj1j3HLc7SyY6rEUpg.jpeg\",\"contentUrl\":\"https:\/\/skaitytaknyga.lt\/wp-content\/uploads\/2024\/05\/cropped-cropped-cropped-02_00843_jt3bggkj1j3HLc7SyY6rEUpg.jpeg\",\"width\":1600,\"height\":1600,\"caption\":\"skaitytaknyga.lt\"},\"image\":{\"@id\":\"https:\/\/skaitytaknyga.lt\/#\/schema\/logo\/image\/\"},\"sameAs\":[\"https:\/\/www.facebook.com\/skaitytaknyga\/\"]}]}<\/script>\n<!-- \/ Yoast SEO plugin. -->","yoast_head_json":{"title":"\u010cer\u010dilio i\u0161kalba, Linkolno tvirtyb\u0117: geriausi\u0173 oratori\u0173 s\u0117km\u0117s paslaptys","description":"Paklauskite sav\u0119s, ar turite bendravimo \u012fg\u016bd\u017ei\u0173, reikaling\u0173 norint i\u0161kilti? Ar turite \u017evaig\u017ed\u0117ms b\u016bding\u0173 gali\u0173, kurios palaikyt\u0173 j\u016bs\u0173 kompanijos augim\u0105?","robots":{"index":"index","follow":"follow","max-snippet":"max-snippet:-1","max-image-preview":"max-image-preview:large","max-video-preview":"max-video-preview:-1"},"canonical":"https:\/\/skaitytaknyga.lt\/en\/produktas\/james-c-humes-cercilio-iskalba-linkolno-tvirtybe-geriausiu-oratoriu-sekmes-paslaptys\/","og_locale":"en_GB","og_type":"article","og_title":"[:lt]\u010cer\u010dilio i\u0161kalba, Linkolno tvirtyb\u0117: geriausi\u0173 oratori\u0173 s\u0117km\u0117s paslaptys[:] - Skaitytaknyga","og_description":"Paklauskite sav\u0119s, ar turite bendravimo \u012fg\u016bd\u017ei\u0173, reikaling\u0173 norint i\u0161kilti? Ar turite \u017evaig\u017ed\u0117ms b\u016bding\u0173 gali\u0173, kurios palaikyt\u0173 j\u016bs\u0173 kompanijos augim\u0105?","og_url":"https:\/\/skaitytaknyga.lt\/en\/produktas\/james-c-humes-cercilio-iskalba-linkolno-tvirtybe-geriausiu-oratoriu-sekmes-paslaptys\/","og_site_name":"Skaitytaknyga","article_publisher":"https:\/\/www.facebook.com\/skaitytaknyga\/","article_modified_time":"2025-12-20T15:18:02+00:00","og_image":[{"width":535,"height":799,"url":"https:\/\/skaitytaknyga.lt\/wp-content\/uploads\/2024\/09\/Cercilio-iskalba-Linkolno-tvirtybe-geriausiu-oratoriu-sekmes-paslaptys.webp","type":"image\/webp"}],"twitter_card":"summary_large_image","twitter_misc":{"Estimated reading time":"1 minute"},"schema":{"@context":"https:\/\/schema.org","@graph":[{"@type":"WebPage","@id":"https:\/\/skaitytaknyga.lt\/produktas\/james-c-humes-cercilio-iskalba-linkolno-tvirtybe-geriausiu-oratoriu-sekmes-paslaptys\/","url":"https:\/\/skaitytaknyga.lt\/produktas\/james-c-humes-cercilio-iskalba-linkolno-tvirtybe-geriausiu-oratoriu-sekmes-paslaptys\/","name":"\u010cer\u010dilio i\u0161kalba, Linkolno tvirtyb\u0117: geriausi\u0173 oratori\u0173 s\u0117km\u0117s paslaptys","isPartOf":{"@id":"https:\/\/skaitytaknyga.lt\/#website"},"primaryImageOfPage":{"@id":"https:\/\/skaitytaknyga.lt\/produktas\/james-c-humes-cercilio-iskalba-linkolno-tvirtybe-geriausiu-oratoriu-sekmes-paslaptys\/#primaryimage"},"image":{"@id":"https:\/\/skaitytaknyga.lt\/produktas\/james-c-humes-cercilio-iskalba-linkolno-tvirtybe-geriausiu-oratoriu-sekmes-paslaptys\/#primaryimage"},"thumbnailUrl":"https:\/\/skaitytaknyga.lt\/wp-content\/uploads\/2024\/09\/Cercilio-iskalba-Linkolno-tvirtybe-geriausiu-oratoriu-sekmes-paslaptys.webp","datePublished":"2024-09-09T05:49:17+00:00","dateModified":"2025-12-20T15:18:02+00:00","description":"Paklauskite sav\u0119s, ar turite bendravimo \u012fg\u016bd\u017ei\u0173, reikaling\u0173 norint i\u0161kilti? Ar turite \u017evaig\u017ed\u0117ms b\u016bding\u0173 gali\u0173, kurios palaikyt\u0173 j\u016bs\u0173 kompanijos augim\u0105?","breadcrumb":{"@id":"https:\/\/skaitytaknyga.lt\/produktas\/james-c-humes-cercilio-iskalba-linkolno-tvirtybe-geriausiu-oratoriu-sekmes-paslaptys\/#breadcrumb"},"inLanguage":"en-GB","potentialAction":[{"@type":"ReadAction","target":["https:\/\/skaitytaknyga.lt\/produktas\/james-c-humes-cercilio-iskalba-linkolno-tvirtybe-geriausiu-oratoriu-sekmes-paslaptys\/"]}]},{"@type":"ImageObject","inLanguage":"en-GB","@id":"https:\/\/skaitytaknyga.lt\/produktas\/james-c-humes-cercilio-iskalba-linkolno-tvirtybe-geriausiu-oratoriu-sekmes-paslaptys\/#primaryimage","url":"https:\/\/skaitytaknyga.lt\/wp-content\/uploads\/2024\/09\/Cercilio-iskalba-Linkolno-tvirtybe-geriausiu-oratoriu-sekmes-paslaptys.webp","contentUrl":"https:\/\/skaitytaknyga.lt\/wp-content\/uploads\/2024\/09\/Cercilio-iskalba-Linkolno-tvirtybe-geriausiu-oratoriu-sekmes-paslaptys.webp","width":535,"height":799,"caption":"James C. Humes \u201e\u010cer\u010dilio i\u0161kalba, Linkolno tvirtyb\u0117: geriausi\u0173 oratori\u0173 s\u0117km\u0117s paslaptys\u201c"},{"@type":"BreadcrumbList","@id":"https:\/\/skaitytaknyga.lt\/produktas\/james-c-humes-cercilio-iskalba-linkolno-tvirtybe-geriausiu-oratoriu-sekmes-paslaptys\/#breadcrumb","itemListElement":[{"@type":"ListItem","position":1,"name":"Home","item":"https:\/\/skaitytaknyga.lt\/"},{"@type":"ListItem","position":2,"name":"Parduotuv\u0117","item":"https:\/\/skaitytaknyga.lt\/knygu-parduotuve\/"},{"@type":"ListItem","position":3,"name":"\u010cer\u010dilio i\u0161kalba, Linkolno tvirtyb\u0117: geriausi\u0173 oratori\u0173 s\u0117km\u0117s paslaptys"}]},{"@type":"WebSite","@id":"https:\/\/skaitytaknyga.lt\/#website","url":"https:\/\/skaitytaknyga.lt\/","name":"skaitytaknyga.lt","description":"Skaitytaknyga.lt \u2013 tai ma\u017eas \u0161eimos verslas, kuris prasid\u0117jo nuo meil\u0117s knygoms ir siekio i\u0161gelb\u0117ti knygas nuo likimo prie konteinerio. Kas vienam nereikalingas daiktas \u2013 kitam lobis, o mes esame tarpininkai, kurie padeda abiems tapti laimingesniems ???? \u017dinome kaip nelengva i\u0161gyventi ma\u017eiems verslams, tad nuo \u0161iol, \u010dia rasite ir kit\u0173, ma\u017e\u0173 \u0161eim\u0173 versl\u0173, rank\u0173 darbo, dovan\u0173 sau ir artimiesiems.","publisher":{"@id":"https:\/\/skaitytaknyga.lt\/#organization"},"potentialAction":[{"@type":"SearchAction","target":{"@type":"EntryPoint","urlTemplate":"https:\/\/skaitytaknyga.lt\/?s={search_term_string}"},"query-input":{"@type":"PropertyValueSpecification","valueRequired":true,"valueName":"search_term_string"}}],"inLanguage":"en-GB"},{"@type":"Organization","@id":"https:\/\/skaitytaknyga.lt\/#organization","name":"skaitytaknyga.lt","url":"https:\/\/skaitytaknyga.lt\/","logo":{"@type":"ImageObject","inLanguage":"en-GB","@id":"https:\/\/skaitytaknyga.lt\/#\/schema\/logo\/image\/","url":"https:\/\/skaitytaknyga.lt\/wp-content\/uploads\/2024\/05\/cropped-cropped-cropped-02_00843_jt3bggkj1j3HLc7SyY6rEUpg.jpeg","contentUrl":"https:\/\/skaitytaknyga.lt\/wp-content\/uploads\/2024\/05\/cropped-cropped-cropped-02_00843_jt3bggkj1j3HLc7SyY6rEUpg.jpeg","width":1600,"height":1600,"caption":"skaitytaknyga.lt"},"image":{"@id":"https:\/\/skaitytaknyga.lt\/#\/schema\/logo\/image\/"},"sameAs":["https:\/\/www.facebook.com\/skaitytaknyga\/"]}]}},"_links":{"self":[{"href":"https:\/\/skaitytaknyga.lt\/en\/wp-json\/wp\/v2\/product\/13718","targetHints":{"allow":["GET"]}}],"collection":[{"href":"https:\/\/skaitytaknyga.lt\/en\/wp-json\/wp\/v2\/product"}],"about":[{"href":"https:\/\/skaitytaknyga.lt\/en\/wp-json\/wp\/v2\/types\/product"}],"replies":[{"embeddable":true,"href":"https:\/\/skaitytaknyga.lt\/en\/wp-json\/wp\/v2\/comments?post=13718"}],"wp:featuredmedia":[{"embeddable":true,"href":"https:\/\/skaitytaknyga.lt\/en\/wp-json\/wp\/v2\/media\/13720"}],"wp:attachment":[{"href":"https:\/\/skaitytaknyga.lt\/en\/wp-json\/wp\/v2\/media?parent=13718"}],"wp:term":[{"taxonomy":"product_brand","embeddable":true,"href":"https:\/\/skaitytaknyga.lt\/en\/wp-json\/wp\/v2\/product_brand?post=13718"},{"taxonomy":"product_cat","embeddable":true,"href":"https:\/\/skaitytaknyga.lt\/en\/wp-json\/wp\/v2\/product_cat?post=13718"},{"taxonomy":"product_tag","embeddable":true,"href":"https:\/\/skaitytaknyga.lt\/en\/wp-json\/wp\/v2\/product_tag?post=13718"}],"curies":[{"name":"wp","href":"https:\/\/api.w.org\/{rel}","templated":true}]}}