{"id":13717,"date":"2024-09-09T08:49:17","date_gmt":"2024-09-09T05:49:17","guid":{"rendered":"https:\/\/skaitytaknyga.lt\/?post_type=product&#038;p=13717"},"modified":"2024-09-10T19:27:31","modified_gmt":"2024-09-10T16:27:31","slug":"zen-kompasas","status":"publish","type":"product","link":"https:\/\/skaitytaknyga.lt\/en\/produktas\/zen-kompasas\/","title":{"rendered":"Zen kompasas"},"content":{"rendered":"<p>Dzeno kompasas &#8211; tai paprastas, ai\u0161kiai suprantamas ir da\u017enai linksmas pagrindini\u0173 budizmo tradicij\u0173 mokymo, i\u0161sivystan\u010dio iki dzeno (Zen), pristatymas. Daugyb\u0119 met\u0173 mokydamas visame pasaulyje, dzeno meistras Seung Sanas \u012fgijo \u0161lov\u0119 kaip unikaliai gebantis nepaprastai ai\u0161kiai atskleisti budizmo esm\u0119, pa\u010di\u0105 jo \u0161ird\u012f, kalb\u0117damas paprasta, ne ezoterine ir ne akademine kalba.<\/p>\n<p>Knyga, kuri sudaryta remiantis jo kalbomis, vaizdingai ir prieinamai pristato budizmo pagrindus, ai\u0161kina dzeno pratyb\u0173 esm\u0119. Knyg\u0105 u\u017ebaigia unikal\u016bs kongan\u0173 (koan) ir j\u0173 mokymo komentarai.<\/p>\n<ul class=\"about-product d-none d-xl-block mt-4\">\n<li><strong>Autorius:<\/strong>\u00a0Zen meistras Seung Sahnas<\/li>\n<li><strong>Leid\u0117jas:<\/strong>\u00a0Kauno Kwan Um dzeno mokyklos budistin\u0117 bendruomen\u0117<\/li>\n<li><strong>Metai:<\/strong>\u00a02006<\/li>\n<li><strong>Puslapiai:<\/strong>\u00a0440<\/li>\n<li><strong>ISBN:<\/strong>\u00a09789955971160<\/li>\n<li><strong>Versijos kodas:<\/strong>\u00a0PT.<\/li>\n<li><strong>Formatas:<\/strong>\u00a015 x 21,5 cm, kieti vir\u0161eliai<\/li>\n<li><strong>Kalba:<\/strong>\u00a0Lietuvi\u0173<\/li>\n<li><strong>Vert\u0117jas:<\/strong>\u00a0Jonas Vitk\u016bnas<\/li>\n<\/ul>\n","protected":false},"excerpt":{"rendered":"<p>Dzeno kompasas &#8211; tai paprastas, ai\u0161kiai suprantamas ir da\u017enai linksmas pagrindini\u0173 budizmo tradicij\u0173 mokymo, i\u0161sivystan\u010dio iki dzeno (Zen), pristatymas. Daugyb\u0119 met\u0173 mokydamas visame pasaulyje, dzeno meistras Seung Sanas \u012fgijo \u0161lov\u0119 kaip unikaliai gebantis nepaprastai ai\u0161kiai atskleisti budizmo esm\u0119, pa\u010di\u0105 jo \u0161ird\u012f, kalb\u0117damas paprasta, ne ezoterine ir ne akademine kalba. Knyga, kuri sudaryta remiantis jo kalbomis, vaizdingai ir prieinamai pristato budizmo pagrindus, ai\u0161kina dzeno pratyb\u0173 esm\u0119. Knyg\u0105 u\u017ebaigia unikal\u016bs kongan\u0173 (koan) ir j\u0173 mokymo komentarai. Autorius:\u00a0Zen meistras Seung Sahnas Leid\u0117jas:\u00a0Kauno Kwan Um dzeno mokyklos budistin\u0117 bendruomen\u0117 Metai:\u00a02006 Puslapiai:\u00a0440 ISBN:\u00a09789955971160 Versijos kodas:\u00a0PT. Formatas:\u00a015 x 21,5 cm, kieti vir\u0161eliai Kalba:\u00a0Lietuvi\u0173 Vert\u0117jas:\u00a0Jonas Vitk\u016bnas<\/p>\n","protected":false},"featured_media":13721,"comment_status":"open","ping_status":"closed","template":"","meta":{"_acf_changed":false,"site-sidebar-layout":"default","site-content-layout":"","ast-site-content-layout":"default","site-content-style":"default","site-sidebar-style":"default","ast-global-header-display":"","ast-banner-title-visibility":"","ast-main-header-display":"","ast-hfb-above-header-display":"","ast-hfb-below-header-display":"","ast-hfb-mobile-header-display":"","site-post-title":"","ast-breadcrumbs-content":"","ast-featured-img":"","footer-sml-layout":"","ast-disable-related-posts":"","theme-transparent-header-meta":"default","adv-header-id-meta":"","stick-header-meta":"","header-above-stick-meta":"","header-main-stick-meta":"","header-below-stick-meta":"","astra-migrate-meta-layouts":"set","ast-page-background-enabled":"default","ast-page-background-meta":{"desktop":{"background-color":"","background-image":"","background-repeat":"repeat","background-position":"center center","background-size":"auto","background-attachment":"scroll","background-type":"","background-media":"","overlay-type":"","overlay-color":"","overlay-opacity":"","overlay-gradient":""},"tablet":{"background-color":"","background-image":"","background-repeat":"repeat","background-position":"center center","background-size":"auto","background-attachment":"scroll","background-type":"","background-media":"","overlay-type":"","overlay-color":"","overlay-opacity":"","overlay-gradient":""},"mobile":{"background-color":"","background-image":"","background-repeat":"repeat","background-position":"center center","background-size":"auto","background-attachment":"scroll","background-type":"","background-media":"","overlay-type":"","overlay-color":"","overlay-opacity":"","overlay-gradient":""}},"ast-content-background-meta":{"desktop":{"background-color":"var(--ast-global-color-4)","background-image":"","background-repeat":"repeat","background-position":"center center","background-size":"auto","background-attachment":"scroll","background-type":"","background-media":"","overlay-type":"","overlay-color":"","overlay-opacity":"","overlay-gradient":""},"tablet":{"background-color":"var(--ast-global-color-4)","background-image":"","background-repeat":"repeat","background-position":"center center","background-size":"auto","background-attachment":"scroll","background-type":"","background-media":"","overlay-type":"","overlay-color":"","overlay-opacity":"","overlay-gradient":""},"mobile":{"background-color":"var(--ast-global-color-4)","background-image":"","background-repeat":"repeat","background-position":"center center","background-size":"auto","background-attachment":"scroll","background-type":"","background-media":"","overlay-type":"","overlay-color":"","overlay-opacity":"","overlay-gradient":""}}},"product_brand":[],"product_cat":[15,165],"product_tag":[],"class_list":{"0":"post-13717","1":"product","2":"type-product","3":"status-publish","4":"has-post-thumbnail","6":"product_cat-uncategorized","7":"product_cat-religija-filosofija-ir-ezoterika","8":"desktop-align-left","9":"tablet-align-left","10":"mobile-align-left","12":"first","13":"outofstock","14":"shipping-taxable","15":"purchasable","16":"product-type-simple"},"acf":[],"yoast_head":"<!-- This site is optimized with the Yoast SEO plugin v27.0 - https:\/\/yoast.com\/product\/yoast-seo-wordpress\/ -->\n<title>Zen kompasas<\/title>\n<meta name=\"description\" content=\"Dzeno kompasas - tai paprastas, ai\u0161kiai suprantamas ir da\u017enai linksmas pagrindini\u0173 budizmo tradicij\u0173 mokymo, i\u0161sivystan\u010dio iki dzeno (Zen), pristatymas.\" \/>\n<meta name=\"robots\" content=\"index, follow, max-snippet:-1, max-image-preview:large, max-video-preview:-1\" \/>\n<link rel=\"canonical\" href=\"https:\/\/skaitytaknyga.lt\/en\/produktas\/zen-kompasas\/\" \/>\n<meta property=\"og:locale\" content=\"en_GB\" \/>\n<meta property=\"og:locale:alternate\" content=\"lt_LT\" \/>\n<meta property=\"og:type\" content=\"article\" \/>\n<meta property=\"og:title\" content=\"Zen kompasas\" \/>\n<meta property=\"og:description\" content=\"Dzeno kompasas - tai paprastas, ai\u0161kiai suprantamas ir da\u017enai linksmas pagrindini\u0173 budizmo tradicij\u0173 mokymo, i\u0161sivystan\u010dio iki dzeno (Zen), pristatymas.\" \/>\n<meta property=\"og:url\" content=\"https:\/\/skaitytaknyga.lt\/en\/produktas\/zen-kompasas\/\" \/>\n<meta property=\"og:site_name\" content=\"Skaitytaknyga\" \/>\n<meta property=\"article:publisher\" content=\"https:\/\/www.facebook.com\/skaitytaknyga\/\" \/>\n<meta property=\"article:modified_time\" content=\"2024-09-10T16:27:31+00:00\" \/>\n<meta property=\"og:image\" content=\"https:\/\/skaitytaknyga.lt\/wp-content\/uploads\/2024\/09\/Zen-kompasas.webp\" \/>\n\t<meta property=\"og:image:width\" content=\"563\" \/>\n\t<meta property=\"og:image:height\" content=\"800\" \/>\n\t<meta property=\"og:image:type\" content=\"image\/webp\" \/>\n<meta name=\"twitter:card\" content=\"summary_large_image\" \/>\n<meta name=\"twitter:label1\" content=\"Estimated reading time\" \/>\n\t<meta name=\"twitter:data1\" content=\"1 minute\" \/>\n<script type=\"application\/ld+json\" class=\"yoast-schema-graph\">{\"@context\":\"https:\/\/schema.org\",\"@graph\":[{\"@type\":\"WebPage\",\"@id\":\"https:\/\/skaitytaknyga.lt\/produktas\/zen-kompasas\/\",\"url\":\"https:\/\/skaitytaknyga.lt\/produktas\/zen-kompasas\/\",\"name\":\"Zen kompasas\",\"isPartOf\":{\"@id\":\"https:\/\/skaitytaknyga.lt\/#website\"},\"primaryImageOfPage\":{\"@id\":\"https:\/\/skaitytaknyga.lt\/produktas\/zen-kompasas\/#primaryimage\"},\"image\":{\"@id\":\"https:\/\/skaitytaknyga.lt\/produktas\/zen-kompasas\/#primaryimage\"},\"thumbnailUrl\":\"https:\/\/skaitytaknyga.lt\/wp-content\/uploads\/2024\/09\/Zen-kompasas.webp\",\"datePublished\":\"2024-09-09T05:49:17+00:00\",\"dateModified\":\"2024-09-10T16:27:31+00:00\",\"description\":\"Dzeno kompasas - tai paprastas, ai\u0161kiai suprantamas ir da\u017enai linksmas pagrindini\u0173 budizmo tradicij\u0173 mokymo, i\u0161sivystan\u010dio iki dzeno (Zen), pristatymas.\",\"breadcrumb\":{\"@id\":\"https:\/\/skaitytaknyga.lt\/produktas\/zen-kompasas\/#breadcrumb\"},\"inLanguage\":\"en-GB\",\"potentialAction\":[{\"@type\":\"ReadAction\",\"target\":[\"https:\/\/skaitytaknyga.lt\/produktas\/zen-kompasas\/\"]}]},{\"@type\":\"ImageObject\",\"inLanguage\":\"en-GB\",\"@id\":\"https:\/\/skaitytaknyga.lt\/produktas\/zen-kompasas\/#primaryimage\",\"url\":\"https:\/\/skaitytaknyga.lt\/wp-content\/uploads\/2024\/09\/Zen-kompasas.webp\",\"contentUrl\":\"https:\/\/skaitytaknyga.lt\/wp-content\/uploads\/2024\/09\/Zen-kompasas.webp\",\"width\":563,\"height\":800,\"caption\":\"Zen kompasas\"},{\"@type\":\"BreadcrumbList\",\"@id\":\"https:\/\/skaitytaknyga.lt\/produktas\/zen-kompasas\/#breadcrumb\",\"itemListElement\":[{\"@type\":\"ListItem\",\"position\":1,\"name\":\"Home\",\"item\":\"https:\/\/skaitytaknyga.lt\/\"},{\"@type\":\"ListItem\",\"position\":2,\"name\":\"Parduotuv\u0117\",\"item\":\"https:\/\/skaitytaknyga.lt\/knygu-parduotuve\/\"},{\"@type\":\"ListItem\",\"position\":3,\"name\":\"Zen kompasas\"}]},{\"@type\":\"WebSite\",\"@id\":\"https:\/\/skaitytaknyga.lt\/#website\",\"url\":\"https:\/\/skaitytaknyga.lt\/\",\"name\":\"skaitytaknyga.lt\",\"description\":\"Skaitytaknyga.lt \u2013 tai ma\u017eas \u0161eimos verslas, kuris prasid\u0117jo nuo meil\u0117s knygoms ir siekio i\u0161gelb\u0117ti knygas nuo likimo prie konteinerio. Kas vienam nereikalingas daiktas \u2013 kitam lobis, o mes esame tarpininkai, kurie padeda abiems tapti laimingesniems ???? \u017dinome kaip nelengva i\u0161gyventi ma\u017eiems verslams, tad nuo \u0161iol, \u010dia rasite ir kit\u0173, ma\u017e\u0173 \u0161eim\u0173 versl\u0173, rank\u0173 darbo, dovan\u0173 sau ir artimiesiems.\",\"publisher\":{\"@id\":\"https:\/\/skaitytaknyga.lt\/#organization\"},\"potentialAction\":[{\"@type\":\"SearchAction\",\"target\":{\"@type\":\"EntryPoint\",\"urlTemplate\":\"https:\/\/skaitytaknyga.lt\/?s={search_term_string}\"},\"query-input\":{\"@type\":\"PropertyValueSpecification\",\"valueRequired\":true,\"valueName\":\"search_term_string\"}}],\"inLanguage\":\"en-GB\"},{\"@type\":\"Organization\",\"@id\":\"https:\/\/skaitytaknyga.lt\/#organization\",\"name\":\"skaitytaknyga.lt\",\"url\":\"https:\/\/skaitytaknyga.lt\/\",\"logo\":{\"@type\":\"ImageObject\",\"inLanguage\":\"en-GB\",\"@id\":\"https:\/\/skaitytaknyga.lt\/#\/schema\/logo\/image\/\",\"url\":\"https:\/\/skaitytaknyga.lt\/wp-content\/uploads\/2024\/05\/cropped-cropped-cropped-02_00843_jt3bggkj1j3HLc7SyY6rEUpg.jpeg\",\"contentUrl\":\"https:\/\/skaitytaknyga.lt\/wp-content\/uploads\/2024\/05\/cropped-cropped-cropped-02_00843_jt3bggkj1j3HLc7SyY6rEUpg.jpeg\",\"width\":1600,\"height\":1600,\"caption\":\"skaitytaknyga.lt\"},\"image\":{\"@id\":\"https:\/\/skaitytaknyga.lt\/#\/schema\/logo\/image\/\"},\"sameAs\":[\"https:\/\/www.facebook.com\/skaitytaknyga\/\"]}]}<\/script>\n<!-- \/ Yoast SEO plugin. -->","yoast_head_json":{"title":"Zen kompasas","description":"Dzeno kompasas - tai paprastas, ai\u0161kiai suprantamas ir da\u017enai linksmas pagrindini\u0173 budizmo tradicij\u0173 mokymo, i\u0161sivystan\u010dio iki dzeno (Zen), pristatymas.","robots":{"index":"index","follow":"follow","max-snippet":"max-snippet:-1","max-image-preview":"max-image-preview:large","max-video-preview":"max-video-preview:-1"},"canonical":"https:\/\/skaitytaknyga.lt\/en\/produktas\/zen-kompasas\/","og_locale":"en_GB","og_type":"article","og_title":"[:lt]Zen kompasas[:] - Skaitytaknyga","og_description":"Dzeno kompasas - tai paprastas, ai\u0161kiai suprantamas ir da\u017enai linksmas pagrindini\u0173 budizmo tradicij\u0173 mokymo, i\u0161sivystan\u010dio iki dzeno (Zen), pristatymas.","og_url":"https:\/\/skaitytaknyga.lt\/en\/produktas\/zen-kompasas\/","og_site_name":"Skaitytaknyga","article_publisher":"https:\/\/www.facebook.com\/skaitytaknyga\/","article_modified_time":"2024-09-10T16:27:31+00:00","og_image":[{"width":563,"height":800,"url":"https:\/\/skaitytaknyga.lt\/wp-content\/uploads\/2024\/09\/Zen-kompasas.webp","type":"image\/webp"}],"twitter_card":"summary_large_image","twitter_misc":{"Estimated reading time":"1 minute"},"schema":{"@context":"https:\/\/schema.org","@graph":[{"@type":"WebPage","@id":"https:\/\/skaitytaknyga.lt\/produktas\/zen-kompasas\/","url":"https:\/\/skaitytaknyga.lt\/produktas\/zen-kompasas\/","name":"Zen kompasas","isPartOf":{"@id":"https:\/\/skaitytaknyga.lt\/#website"},"primaryImageOfPage":{"@id":"https:\/\/skaitytaknyga.lt\/produktas\/zen-kompasas\/#primaryimage"},"image":{"@id":"https:\/\/skaitytaknyga.lt\/produktas\/zen-kompasas\/#primaryimage"},"thumbnailUrl":"https:\/\/skaitytaknyga.lt\/wp-content\/uploads\/2024\/09\/Zen-kompasas.webp","datePublished":"2024-09-09T05:49:17+00:00","dateModified":"2024-09-10T16:27:31+00:00","description":"Dzeno kompasas - tai paprastas, ai\u0161kiai suprantamas ir da\u017enai linksmas pagrindini\u0173 budizmo tradicij\u0173 mokymo, i\u0161sivystan\u010dio iki dzeno (Zen), pristatymas.","breadcrumb":{"@id":"https:\/\/skaitytaknyga.lt\/produktas\/zen-kompasas\/#breadcrumb"},"inLanguage":"en-GB","potentialAction":[{"@type":"ReadAction","target":["https:\/\/skaitytaknyga.lt\/produktas\/zen-kompasas\/"]}]},{"@type":"ImageObject","inLanguage":"en-GB","@id":"https:\/\/skaitytaknyga.lt\/produktas\/zen-kompasas\/#primaryimage","url":"https:\/\/skaitytaknyga.lt\/wp-content\/uploads\/2024\/09\/Zen-kompasas.webp","contentUrl":"https:\/\/skaitytaknyga.lt\/wp-content\/uploads\/2024\/09\/Zen-kompasas.webp","width":563,"height":800,"caption":"Zen kompasas"},{"@type":"BreadcrumbList","@id":"https:\/\/skaitytaknyga.lt\/produktas\/zen-kompasas\/#breadcrumb","itemListElement":[{"@type":"ListItem","position":1,"name":"Home","item":"https:\/\/skaitytaknyga.lt\/"},{"@type":"ListItem","position":2,"name":"Parduotuv\u0117","item":"https:\/\/skaitytaknyga.lt\/knygu-parduotuve\/"},{"@type":"ListItem","position":3,"name":"Zen kompasas"}]},{"@type":"WebSite","@id":"https:\/\/skaitytaknyga.lt\/#website","url":"https:\/\/skaitytaknyga.lt\/","name":"skaitytaknyga.lt","description":"Skaitytaknyga.lt \u2013 tai ma\u017eas \u0161eimos verslas, kuris prasid\u0117jo nuo meil\u0117s knygoms ir siekio i\u0161gelb\u0117ti knygas nuo likimo prie konteinerio. Kas vienam nereikalingas daiktas \u2013 kitam lobis, o mes esame tarpininkai, kurie padeda abiems tapti laimingesniems ???? \u017dinome kaip nelengva i\u0161gyventi ma\u017eiems verslams, tad nuo \u0161iol, \u010dia rasite ir kit\u0173, ma\u017e\u0173 \u0161eim\u0173 versl\u0173, rank\u0173 darbo, dovan\u0173 sau ir artimiesiems.","publisher":{"@id":"https:\/\/skaitytaknyga.lt\/#organization"},"potentialAction":[{"@type":"SearchAction","target":{"@type":"EntryPoint","urlTemplate":"https:\/\/skaitytaknyga.lt\/?s={search_term_string}"},"query-input":{"@type":"PropertyValueSpecification","valueRequired":true,"valueName":"search_term_string"}}],"inLanguage":"en-GB"},{"@type":"Organization","@id":"https:\/\/skaitytaknyga.lt\/#organization","name":"skaitytaknyga.lt","url":"https:\/\/skaitytaknyga.lt\/","logo":{"@type":"ImageObject","inLanguage":"en-GB","@id":"https:\/\/skaitytaknyga.lt\/#\/schema\/logo\/image\/","url":"https:\/\/skaitytaknyga.lt\/wp-content\/uploads\/2024\/05\/cropped-cropped-cropped-02_00843_jt3bggkj1j3HLc7SyY6rEUpg.jpeg","contentUrl":"https:\/\/skaitytaknyga.lt\/wp-content\/uploads\/2024\/05\/cropped-cropped-cropped-02_00843_jt3bggkj1j3HLc7SyY6rEUpg.jpeg","width":1600,"height":1600,"caption":"skaitytaknyga.lt"},"image":{"@id":"https:\/\/skaitytaknyga.lt\/#\/schema\/logo\/image\/"},"sameAs":["https:\/\/www.facebook.com\/skaitytaknyga\/"]}]}},"_links":{"self":[{"href":"https:\/\/skaitytaknyga.lt\/en\/wp-json\/wp\/v2\/product\/13717","targetHints":{"allow":["GET"]}}],"collection":[{"href":"https:\/\/skaitytaknyga.lt\/en\/wp-json\/wp\/v2\/product"}],"about":[{"href":"https:\/\/skaitytaknyga.lt\/en\/wp-json\/wp\/v2\/types\/product"}],"replies":[{"embeddable":true,"href":"https:\/\/skaitytaknyga.lt\/en\/wp-json\/wp\/v2\/comments?post=13717"}],"wp:featuredmedia":[{"embeddable":true,"href":"https:\/\/skaitytaknyga.lt\/en\/wp-json\/wp\/v2\/media\/13721"}],"wp:attachment":[{"href":"https:\/\/skaitytaknyga.lt\/en\/wp-json\/wp\/v2\/media?parent=13717"}],"wp:term":[{"taxonomy":"product_brand","embeddable":true,"href":"https:\/\/skaitytaknyga.lt\/en\/wp-json\/wp\/v2\/product_brand?post=13717"},{"taxonomy":"product_cat","embeddable":true,"href":"https:\/\/skaitytaknyga.lt\/en\/wp-json\/wp\/v2\/product_cat?post=13717"},{"taxonomy":"product_tag","embeddable":true,"href":"https:\/\/skaitytaknyga.lt\/en\/wp-json\/wp\/v2\/product_tag?post=13717"}],"curies":[{"name":"wp","href":"https:\/\/api.w.org\/{rel}","templated":true}]}}