{"id":13716,"date":"2024-09-09T08:49:17","date_gmt":"2024-09-09T05:49:17","guid":{"rendered":"https:\/\/skaitytaknyga.lt\/?post_type=product&#038;p=13716"},"modified":"2025-05-13T14:37:38","modified_gmt":"2025-05-13T11:37:38","slug":"dalai-lama-religiju-giminystes-link-pasaulio-religiju-galia-ir-skirtumai","status":"publish","type":"product","link":"https:\/\/skaitytaknyga.lt\/en\/produktas\/dalai-lama-religiju-giminystes-link-pasaulio-religiju-galia-ir-skirtumai\/","title":{"rendered":"Religij\u0173 giminyst\u0117s link: pasaulio religij\u0173 galia ir skirtumai"},"content":{"rendered":"<p><em>Visos tik\u0117jimu pagr\u012fstos tradicijos pabr\u0117\u017eia dor\u0105 ir prasming\u0105 gyvenim\u0105, gerus darbus, dvasios apvalym\u0105 nuo neigiam\u0173 min\u010di\u0173 ir impuls\u0173. Visos religijos turi pagrindines moral\u0117s normas, padedan\u010dias i\u0161vengti kenksming\u0173 veiksm\u0173 ir rinktis dorybes.<\/em><\/p>\n<p>Jo \u0160ventenyb\u0117 Dalai Lama<\/p>\n<p>Religijos istorijoje b\u016bta daug nesantaikos, \u012ftarin\u0117jim\u0173 ir ideologini\u0173 nesutarim\u0173. Iki \u0161iol tr\u016bksta deramos tolerancijos kitatikiams, tarpsta religinis fundamentalizmas ir ekstremizmas, prisidengiant tik\u0117jimu netgi liejamas kraujas. D\u0117l taikos pasaulyje Jo \u0160ventenyb\u0117 kvie\u010dia puosel\u0117ti ry\u0161\u012f tarp tik\u0117jim\u0173 tradicij\u0173, siekti savitarpio pripa\u017einimo ir nuo\u0161ird\u017eios pagarbos, nes tai padeda \u012fveikti i\u0161ankstines nuostatas, gesinti konfliktus, pagelb\u0117ti silpnesniems.<\/p>\n<p>Nepaisant tik\u0117jim\u0173 doktrinos skirtum\u0173, visi susiduriame su tais pa\u010diais klausimais: \u201eKas esu? I\u0161 kur atsiradau? Kur b\u016bsiu po mirties?&#8221;<\/p>\n<p>Pasaulio religijos pateikia skirtingus atsakymus, ta\u010diau visos \u012fkvepia kurti i\u0161 atjautos kylan\u010di\u0105 moral\u0117s sistem\u0105 ir skatina bendra\u017emogi\u0161kas dvasines vertybes.<\/p>\n<ul class=\"about-product d-none d-xl-block mt-4\">\n<li><strong>Originalus pavadinimas:<\/strong>\u00a0Toward a true kindship of faiths<\/li>\n<li><strong>Autorius:<\/strong>\u00a0Jo \u0161ventenyb\u0117 Dalai Lama<\/li>\n<li><strong>Leid\u0117jas:<\/strong>\u00a0Alma littera<\/li>\n<li><strong>Metai:<\/strong>\u00a02017<\/li>\n<li><strong>Puslapiai:<\/strong>\u00a0216<\/li>\n<li><strong>ISBN:<\/strong>\u00a09786090128503<\/li>\n<li><strong>Versijos kodas:<\/strong>\u00a0PT.<\/li>\n<li><strong>Formatas:<\/strong>\u00a014,3 x 21,3 x 2,2 cm, kieti vir\u0161eliai<\/li>\n<li><strong>Kalba:<\/strong>\u00a0Lietuvi\u0173<\/li>\n<li><strong>Vert\u0117jas:<\/strong>\u00a0Vita \u0160ileikien\u0117<\/li>\n<\/ul>\n","protected":false},"excerpt":{"rendered":"<p>Visos tik\u0117jimu pagr\u012fstos tradicijos pabr\u0117\u017eia dor\u0105 ir prasming\u0105 gyvenim\u0105, gerus darbus, dvasios apvalym\u0105 nuo neigiam\u0173 min\u010di\u0173 ir impuls\u0173. Visos religijos turi pagrindines moral\u0117s normas, padedan\u010dias i\u0161vengti kenksming\u0173 veiksm\u0173 ir rinktis dorybes. Jo \u0160ventenyb\u0117 Dalai Lama Religijos istorijoje b\u016bta daug nesantaikos, \u012ftarin\u0117jim\u0173 ir ideologini\u0173 nesutarim\u0173. Iki \u0161iol tr\u016bksta deramos tolerancijos kitatikiams, tarpsta religinis fundamentalizmas ir ekstremizmas, prisidengiant tik\u0117jimu netgi liejamas kraujas. D\u0117l taikos pasaulyje Jo \u0160ventenyb\u0117 kvie\u010dia puosel\u0117ti ry\u0161\u012f tarp tik\u0117jim\u0173 tradicij\u0173, siekti savitarpio pripa\u017einimo ir nuo\u0161ird\u017eios pagarbos, nes tai padeda \u012fveikti i\u0161ankstines nuostatas, gesinti konfliktus, pagelb\u0117ti silpnesniems. Nepaisant tik\u0117jim\u0173 doktrinos skirtum\u0173, visi susiduriame su tais pa\u010diais klausimais: \u201eKas esu? I\u0161 kur atsiradau? Kur b\u016bsiu po mirties?&#8221; Pasaulio religijos pateikia skirtingus atsakymus, ta\u010diau visos \u012fkvepia kurti i\u0161 atjautos kylan\u010di\u0105 moral\u0117s sistem\u0105 ir skatina bendra\u017emogi\u0161kas dvasines vertybes. Originalus pavadinimas:\u00a0Toward a true kindship of faiths Autorius:\u00a0Jo \u0161ventenyb\u0117 Dalai Lama Leid\u0117jas:\u00a0Alma littera Metai:\u00a02017 Puslapiai:\u00a0216 ISBN:\u00a09786090128503 Versijos kodas:\u00a0PT. Formatas:\u00a014,3 x 21,3 x 2,2 cm, kieti vir\u0161eliai Kalba:\u00a0Lietuvi\u0173 Vert\u0117jas:\u00a0Vita \u0160ileikien\u0117<\/p>\n","protected":false},"featured_media":13728,"comment_status":"open","ping_status":"closed","template":"","meta":{"_acf_changed":false,"site-sidebar-layout":"default","site-content-layout":"","ast-site-content-layout":"default","site-content-style":"default","site-sidebar-style":"default","ast-global-header-display":"","ast-banner-title-visibility":"","ast-main-header-display":"","ast-hfb-above-header-display":"","ast-hfb-below-header-display":"","ast-hfb-mobile-header-display":"","site-post-title":"","ast-breadcrumbs-content":"","ast-featured-img":"","footer-sml-layout":"","ast-disable-related-posts":"","theme-transparent-header-meta":"default","adv-header-id-meta":"","stick-header-meta":"","header-above-stick-meta":"","header-main-stick-meta":"","header-below-stick-meta":"","astra-migrate-meta-layouts":"set","ast-page-background-enabled":"default","ast-page-background-meta":{"desktop":{"background-color":"","background-image":"","background-repeat":"repeat","background-position":"center center","background-size":"auto","background-attachment":"scroll","background-type":"","background-media":"","overlay-type":"","overlay-color":"","overlay-opacity":"","overlay-gradient":""},"tablet":{"background-color":"","background-image":"","background-repeat":"repeat","background-position":"center center","background-size":"auto","background-attachment":"scroll","background-type":"","background-media":"","overlay-type":"","overlay-color":"","overlay-opacity":"","overlay-gradient":""},"mobile":{"background-color":"","background-image":"","background-repeat":"repeat","background-position":"center center","background-size":"auto","background-attachment":"scroll","background-type":"","background-media":"","overlay-type":"","overlay-color":"","overlay-opacity":"","overlay-gradient":""}},"ast-content-background-meta":{"desktop":{"background-color":"var(--ast-global-color-4)","background-image":"","background-repeat":"repeat","background-position":"center center","background-size":"auto","background-attachment":"scroll","background-type":"","background-media":"","overlay-type":"","overlay-color":"","overlay-opacity":"","overlay-gradient":""},"tablet":{"background-color":"var(--ast-global-color-4)","background-image":"","background-repeat":"repeat","background-position":"center center","background-size":"auto","background-attachment":"scroll","background-type":"","background-media":"","overlay-type":"","overlay-color":"","overlay-opacity":"","overlay-gradient":""},"mobile":{"background-color":"var(--ast-global-color-4)","background-image":"","background-repeat":"repeat","background-position":"center center","background-size":"auto","background-attachment":"scroll","background-type":"","background-media":"","overlay-type":"","overlay-color":"","overlay-opacity":"","overlay-gradient":""}}},"product_brand":[],"product_cat":[15,165],"product_tag":[2275,2257,2277,2280,2279],"class_list":{"0":"post-13716","1":"product","2":"type-product","3":"status-publish","4":"has-post-thumbnail","6":"product_cat-uncategorized","7":"product_cat-religija-filosofija-ir-ezoterika","8":"product_tag-dalai-lama","9":"product_tag-dvasinis-gyvenimas","10":"product_tag-religija","11":"product_tag-religiju-giminystes-link-pasaulio-religiju-galia-ir-skirtumai","12":"product_tag-tolerancija","13":"desktop-align-left","14":"tablet-align-left","15":"mobile-align-left","17":"first","18":"instock","19":"shipping-taxable","20":"purchasable","21":"product-type-simple"},"acf":[],"yoast_head":"<!-- This site is optimized with the Yoast SEO plugin v27.0 - https:\/\/yoast.com\/product\/yoast-seo-wordpress\/ -->\n<title>Religij\u0173 giminyst\u0117s link: pasaulio religij\u0173 galia ir skirtumai<\/title>\n<meta name=\"description\" content=\"Visos tik\u0117jimu pagr\u012fstos tradicijos pabr\u0117\u017eia dor\u0105 ir prasming\u0105 gyvenim\u0105, gerus darbus, dvasios apvalym\u0105 nuo neigiam\u0173 min\u010di\u0173 ir impuls\u0173. Visos religijos\" \/>\n<meta name=\"robots\" content=\"index, follow, max-snippet:-1, max-image-preview:large, max-video-preview:-1\" \/>\n<link rel=\"canonical\" href=\"https:\/\/skaitytaknyga.lt\/en\/produktas\/dalai-lama-religiju-giminystes-link-pasaulio-religiju-galia-ir-skirtumai\/\" \/>\n<meta property=\"og:locale\" content=\"en_GB\" \/>\n<meta property=\"og:locale:alternate\" content=\"lt_LT\" \/>\n<meta property=\"og:type\" content=\"article\" \/>\n<meta property=\"og:title\" content=\"Religij\u0173 giminyst\u0117s link: pasaulio religij\u0173 galia ir skirtumai\" \/>\n<meta property=\"og:description\" content=\"Visos tik\u0117jimu pagr\u012fstos tradicijos pabr\u0117\u017eia dor\u0105 ir prasming\u0105 gyvenim\u0105, gerus darbus, dvasios apvalym\u0105 nuo neigiam\u0173 min\u010di\u0173 ir impuls\u0173. Visos religijos\" \/>\n<meta property=\"og:url\" content=\"https:\/\/skaitytaknyga.lt\/en\/produktas\/dalai-lama-religiju-giminystes-link-pasaulio-religiju-galia-ir-skirtumai\/\" \/>\n<meta property=\"og:site_name\" content=\"Skaitytaknyga\" \/>\n<meta property=\"article:publisher\" content=\"https:\/\/www.facebook.com\/skaitytaknyga\/\" \/>\n<meta property=\"article:modified_time\" content=\"2025-05-13T11:37:38+00:00\" \/>\n<meta property=\"og:image\" content=\"https:\/\/skaitytaknyga.lt\/wp-content\/uploads\/2024\/09\/1498113380_cdb_Religiju-giminystes-link_p1.webp\" \/>\n\t<meta property=\"og:image:width\" content=\"285\" \/>\n\t<meta property=\"og:image:height\" content=\"425\" \/>\n\t<meta property=\"og:image:type\" content=\"image\/webp\" \/>\n<meta name=\"twitter:card\" content=\"summary_large_image\" \/>\n<meta name=\"twitter:label1\" content=\"Estimated reading time\" \/>\n\t<meta name=\"twitter:data1\" content=\"2 minutes\" \/>\n<script type=\"application\/ld+json\" class=\"yoast-schema-graph\">{\"@context\":\"https:\/\/schema.org\",\"@graph\":[{\"@type\":\"WebPage\",\"@id\":\"https:\/\/skaitytaknyga.lt\/produktas\/dalai-lama-religiju-giminystes-link-pasaulio-religiju-galia-ir-skirtumai\/\",\"url\":\"https:\/\/skaitytaknyga.lt\/produktas\/dalai-lama-religiju-giminystes-link-pasaulio-religiju-galia-ir-skirtumai\/\",\"name\":\"Religij\u0173 giminyst\u0117s link: pasaulio religij\u0173 galia ir skirtumai\",\"isPartOf\":{\"@id\":\"https:\/\/skaitytaknyga.lt\/#website\"},\"primaryImageOfPage\":{\"@id\":\"https:\/\/skaitytaknyga.lt\/produktas\/dalai-lama-religiju-giminystes-link-pasaulio-religiju-galia-ir-skirtumai\/#primaryimage\"},\"image\":{\"@id\":\"https:\/\/skaitytaknyga.lt\/produktas\/dalai-lama-religiju-giminystes-link-pasaulio-religiju-galia-ir-skirtumai\/#primaryimage\"},\"thumbnailUrl\":\"https:\/\/skaitytaknyga.lt\/wp-content\/uploads\/2024\/09\/1498113380_cdb_Religiju-giminystes-link_p1.webp\",\"datePublished\":\"2024-09-09T05:49:17+00:00\",\"dateModified\":\"2025-05-13T11:37:38+00:00\",\"description\":\"Visos tik\u0117jimu pagr\u012fstos tradicijos pabr\u0117\u017eia dor\u0105 ir prasming\u0105 gyvenim\u0105, gerus darbus, dvasios apvalym\u0105 nuo neigiam\u0173 min\u010di\u0173 ir impuls\u0173. Visos religijos\",\"breadcrumb\":{\"@id\":\"https:\/\/skaitytaknyga.lt\/produktas\/dalai-lama-religiju-giminystes-link-pasaulio-religiju-galia-ir-skirtumai\/#breadcrumb\"},\"inLanguage\":\"en-GB\",\"potentialAction\":[{\"@type\":\"ReadAction\",\"target\":[\"https:\/\/skaitytaknyga.lt\/produktas\/dalai-lama-religiju-giminystes-link-pasaulio-religiju-galia-ir-skirtumai\/\"]}]},{\"@type\":\"ImageObject\",\"inLanguage\":\"en-GB\",\"@id\":\"https:\/\/skaitytaknyga.lt\/produktas\/dalai-lama-religiju-giminystes-link-pasaulio-religiju-galia-ir-skirtumai\/#primaryimage\",\"url\":\"https:\/\/skaitytaknyga.lt\/wp-content\/uploads\/2024\/09\/1498113380_cdb_Religiju-giminystes-link_p1.webp\",\"contentUrl\":\"https:\/\/skaitytaknyga.lt\/wp-content\/uploads\/2024\/09\/1498113380_cdb_Religiju-giminystes-link_p1.webp\",\"width\":285,\"height\":425,\"caption\":\"Dalai Lama \u201eReligij\u0173 giminyst\u0117s link: pasaulio religij\u0173 galia ir skirtumai\u201c\"},{\"@type\":\"BreadcrumbList\",\"@id\":\"https:\/\/skaitytaknyga.lt\/produktas\/dalai-lama-religiju-giminystes-link-pasaulio-religiju-galia-ir-skirtumai\/#breadcrumb\",\"itemListElement\":[{\"@type\":\"ListItem\",\"position\":1,\"name\":\"Home\",\"item\":\"https:\/\/skaitytaknyga.lt\/\"},{\"@type\":\"ListItem\",\"position\":2,\"name\":\"Parduotuv\u0117\",\"item\":\"https:\/\/skaitytaknyga.lt\/knygu-parduotuve\/\"},{\"@type\":\"ListItem\",\"position\":3,\"name\":\"Religij\u0173 giminyst\u0117s link: pasaulio religij\u0173 galia ir skirtumai\"}]},{\"@type\":\"WebSite\",\"@id\":\"https:\/\/skaitytaknyga.lt\/#website\",\"url\":\"https:\/\/skaitytaknyga.lt\/\",\"name\":\"skaitytaknyga.lt\",\"description\":\"Skaitytaknyga.lt \u2013 tai ma\u017eas \u0161eimos verslas, kuris prasid\u0117jo nuo meil\u0117s knygoms ir siekio i\u0161gelb\u0117ti knygas nuo likimo prie konteinerio. Kas vienam nereikalingas daiktas \u2013 kitam lobis, o mes esame tarpininkai, kurie padeda abiems tapti laimingesniems ???? \u017dinome kaip nelengva i\u0161gyventi ma\u017eiems verslams, tad nuo \u0161iol, \u010dia rasite ir kit\u0173, ma\u017e\u0173 \u0161eim\u0173 versl\u0173, rank\u0173 darbo, dovan\u0173 sau ir artimiesiems.\",\"publisher\":{\"@id\":\"https:\/\/skaitytaknyga.lt\/#organization\"},\"potentialAction\":[{\"@type\":\"SearchAction\",\"target\":{\"@type\":\"EntryPoint\",\"urlTemplate\":\"https:\/\/skaitytaknyga.lt\/?s={search_term_string}\"},\"query-input\":{\"@type\":\"PropertyValueSpecification\",\"valueRequired\":true,\"valueName\":\"search_term_string\"}}],\"inLanguage\":\"en-GB\"},{\"@type\":\"Organization\",\"@id\":\"https:\/\/skaitytaknyga.lt\/#organization\",\"name\":\"skaitytaknyga.lt\",\"url\":\"https:\/\/skaitytaknyga.lt\/\",\"logo\":{\"@type\":\"ImageObject\",\"inLanguage\":\"en-GB\",\"@id\":\"https:\/\/skaitytaknyga.lt\/#\/schema\/logo\/image\/\",\"url\":\"https:\/\/skaitytaknyga.lt\/wp-content\/uploads\/2024\/05\/cropped-cropped-cropped-02_00843_jt3bggkj1j3HLc7SyY6rEUpg.jpeg\",\"contentUrl\":\"https:\/\/skaitytaknyga.lt\/wp-content\/uploads\/2024\/05\/cropped-cropped-cropped-02_00843_jt3bggkj1j3HLc7SyY6rEUpg.jpeg\",\"width\":1600,\"height\":1600,\"caption\":\"skaitytaknyga.lt\"},\"image\":{\"@id\":\"https:\/\/skaitytaknyga.lt\/#\/schema\/logo\/image\/\"},\"sameAs\":[\"https:\/\/www.facebook.com\/skaitytaknyga\/\"]}]}<\/script>\n<!-- \/ Yoast SEO plugin. -->","yoast_head_json":{"title":"Religij\u0173 giminyst\u0117s link: pasaulio religij\u0173 galia ir skirtumai","description":"Visos tik\u0117jimu pagr\u012fstos tradicijos pabr\u0117\u017eia dor\u0105 ir prasming\u0105 gyvenim\u0105, gerus darbus, dvasios apvalym\u0105 nuo neigiam\u0173 min\u010di\u0173 ir impuls\u0173. Visos religijos","robots":{"index":"index","follow":"follow","max-snippet":"max-snippet:-1","max-image-preview":"max-image-preview:large","max-video-preview":"max-video-preview:-1"},"canonical":"https:\/\/skaitytaknyga.lt\/en\/produktas\/dalai-lama-religiju-giminystes-link-pasaulio-religiju-galia-ir-skirtumai\/","og_locale":"en_GB","og_type":"article","og_title":"[:lt]Religij\u0173 giminyst\u0117s link: pasaulio religij\u0173 galia ir skirtumai[:] - Skaitytaknyga","og_description":"Visos tik\u0117jimu pagr\u012fstos tradicijos pabr\u0117\u017eia dor\u0105 ir prasming\u0105 gyvenim\u0105, gerus darbus, dvasios apvalym\u0105 nuo neigiam\u0173 min\u010di\u0173 ir impuls\u0173. Visos religijos","og_url":"https:\/\/skaitytaknyga.lt\/en\/produktas\/dalai-lama-religiju-giminystes-link-pasaulio-religiju-galia-ir-skirtumai\/","og_site_name":"Skaitytaknyga","article_publisher":"https:\/\/www.facebook.com\/skaitytaknyga\/","article_modified_time":"2025-05-13T11:37:38+00:00","og_image":[{"width":285,"height":425,"url":"https:\/\/skaitytaknyga.lt\/wp-content\/uploads\/2024\/09\/1498113380_cdb_Religiju-giminystes-link_p1.webp","type":"image\/webp"}],"twitter_card":"summary_large_image","twitter_misc":{"Estimated reading time":"2 minutes"},"schema":{"@context":"https:\/\/schema.org","@graph":[{"@type":"WebPage","@id":"https:\/\/skaitytaknyga.lt\/produktas\/dalai-lama-religiju-giminystes-link-pasaulio-religiju-galia-ir-skirtumai\/","url":"https:\/\/skaitytaknyga.lt\/produktas\/dalai-lama-religiju-giminystes-link-pasaulio-religiju-galia-ir-skirtumai\/","name":"Religij\u0173 giminyst\u0117s link: pasaulio religij\u0173 galia ir skirtumai","isPartOf":{"@id":"https:\/\/skaitytaknyga.lt\/#website"},"primaryImageOfPage":{"@id":"https:\/\/skaitytaknyga.lt\/produktas\/dalai-lama-religiju-giminystes-link-pasaulio-religiju-galia-ir-skirtumai\/#primaryimage"},"image":{"@id":"https:\/\/skaitytaknyga.lt\/produktas\/dalai-lama-religiju-giminystes-link-pasaulio-religiju-galia-ir-skirtumai\/#primaryimage"},"thumbnailUrl":"https:\/\/skaitytaknyga.lt\/wp-content\/uploads\/2024\/09\/1498113380_cdb_Religiju-giminystes-link_p1.webp","datePublished":"2024-09-09T05:49:17+00:00","dateModified":"2025-05-13T11:37:38+00:00","description":"Visos tik\u0117jimu pagr\u012fstos tradicijos pabr\u0117\u017eia dor\u0105 ir prasming\u0105 gyvenim\u0105, gerus darbus, dvasios apvalym\u0105 nuo neigiam\u0173 min\u010di\u0173 ir impuls\u0173. Visos religijos","breadcrumb":{"@id":"https:\/\/skaitytaknyga.lt\/produktas\/dalai-lama-religiju-giminystes-link-pasaulio-religiju-galia-ir-skirtumai\/#breadcrumb"},"inLanguage":"en-GB","potentialAction":[{"@type":"ReadAction","target":["https:\/\/skaitytaknyga.lt\/produktas\/dalai-lama-religiju-giminystes-link-pasaulio-religiju-galia-ir-skirtumai\/"]}]},{"@type":"ImageObject","inLanguage":"en-GB","@id":"https:\/\/skaitytaknyga.lt\/produktas\/dalai-lama-religiju-giminystes-link-pasaulio-religiju-galia-ir-skirtumai\/#primaryimage","url":"https:\/\/skaitytaknyga.lt\/wp-content\/uploads\/2024\/09\/1498113380_cdb_Religiju-giminystes-link_p1.webp","contentUrl":"https:\/\/skaitytaknyga.lt\/wp-content\/uploads\/2024\/09\/1498113380_cdb_Religiju-giminystes-link_p1.webp","width":285,"height":425,"caption":"Dalai Lama \u201eReligij\u0173 giminyst\u0117s link: pasaulio religij\u0173 galia ir skirtumai\u201c"},{"@type":"BreadcrumbList","@id":"https:\/\/skaitytaknyga.lt\/produktas\/dalai-lama-religiju-giminystes-link-pasaulio-religiju-galia-ir-skirtumai\/#breadcrumb","itemListElement":[{"@type":"ListItem","position":1,"name":"Home","item":"https:\/\/skaitytaknyga.lt\/"},{"@type":"ListItem","position":2,"name":"Parduotuv\u0117","item":"https:\/\/skaitytaknyga.lt\/knygu-parduotuve\/"},{"@type":"ListItem","position":3,"name":"Religij\u0173 giminyst\u0117s link: pasaulio religij\u0173 galia ir skirtumai"}]},{"@type":"WebSite","@id":"https:\/\/skaitytaknyga.lt\/#website","url":"https:\/\/skaitytaknyga.lt\/","name":"skaitytaknyga.lt","description":"Skaitytaknyga.lt \u2013 tai ma\u017eas \u0161eimos verslas, kuris prasid\u0117jo nuo meil\u0117s knygoms ir siekio i\u0161gelb\u0117ti knygas nuo likimo prie konteinerio. Kas vienam nereikalingas daiktas \u2013 kitam lobis, o mes esame tarpininkai, kurie padeda abiems tapti laimingesniems ???? \u017dinome kaip nelengva i\u0161gyventi ma\u017eiems verslams, tad nuo \u0161iol, \u010dia rasite ir kit\u0173, ma\u017e\u0173 \u0161eim\u0173 versl\u0173, rank\u0173 darbo, dovan\u0173 sau ir artimiesiems.","publisher":{"@id":"https:\/\/skaitytaknyga.lt\/#organization"},"potentialAction":[{"@type":"SearchAction","target":{"@type":"EntryPoint","urlTemplate":"https:\/\/skaitytaknyga.lt\/?s={search_term_string}"},"query-input":{"@type":"PropertyValueSpecification","valueRequired":true,"valueName":"search_term_string"}}],"inLanguage":"en-GB"},{"@type":"Organization","@id":"https:\/\/skaitytaknyga.lt\/#organization","name":"skaitytaknyga.lt","url":"https:\/\/skaitytaknyga.lt\/","logo":{"@type":"ImageObject","inLanguage":"en-GB","@id":"https:\/\/skaitytaknyga.lt\/#\/schema\/logo\/image\/","url":"https:\/\/skaitytaknyga.lt\/wp-content\/uploads\/2024\/05\/cropped-cropped-cropped-02_00843_jt3bggkj1j3HLc7SyY6rEUpg.jpeg","contentUrl":"https:\/\/skaitytaknyga.lt\/wp-content\/uploads\/2024\/05\/cropped-cropped-cropped-02_00843_jt3bggkj1j3HLc7SyY6rEUpg.jpeg","width":1600,"height":1600,"caption":"skaitytaknyga.lt"},"image":{"@id":"https:\/\/skaitytaknyga.lt\/#\/schema\/logo\/image\/"},"sameAs":["https:\/\/www.facebook.com\/skaitytaknyga\/"]}]}},"_links":{"self":[{"href":"https:\/\/skaitytaknyga.lt\/en\/wp-json\/wp\/v2\/product\/13716","targetHints":{"allow":["GET"]}}],"collection":[{"href":"https:\/\/skaitytaknyga.lt\/en\/wp-json\/wp\/v2\/product"}],"about":[{"href":"https:\/\/skaitytaknyga.lt\/en\/wp-json\/wp\/v2\/types\/product"}],"replies":[{"embeddable":true,"href":"https:\/\/skaitytaknyga.lt\/en\/wp-json\/wp\/v2\/comments?post=13716"}],"wp:featuredmedia":[{"embeddable":true,"href":"https:\/\/skaitytaknyga.lt\/en\/wp-json\/wp\/v2\/media\/13728"}],"wp:attachment":[{"href":"https:\/\/skaitytaknyga.lt\/en\/wp-json\/wp\/v2\/media?parent=13716"}],"wp:term":[{"taxonomy":"product_brand","embeddable":true,"href":"https:\/\/skaitytaknyga.lt\/en\/wp-json\/wp\/v2\/product_brand?post=13716"},{"taxonomy":"product_cat","embeddable":true,"href":"https:\/\/skaitytaknyga.lt\/en\/wp-json\/wp\/v2\/product_cat?post=13716"},{"taxonomy":"product_tag","embeddable":true,"href":"https:\/\/skaitytaknyga.lt\/en\/wp-json\/wp\/v2\/product_tag?post=13716"}],"curies":[{"name":"wp","href":"https:\/\/api.w.org\/{rel}","templated":true}]}}