{"id":13714,"date":"2024-09-09T08:49:17","date_gmt":"2024-09-09T05:49:17","guid":{"rendered":"https:\/\/skaitytaknyga.lt\/?post_type=product&#038;p=13714"},"modified":"2025-06-26T15:37:31","modified_gmt":"2025-06-26T12:37:31","slug":"ar-zinai","status":"publish","type":"product","link":"https:\/\/skaitytaknyga.lt\/en\/produktas\/ar-zinai\/","title":{"rendered":"Ar \u017einai&#8230;"},"content":{"rendered":"<p>Kiekvienas, baig\u0119s bendrojo lavinimo mokykl\u0105 ar gimnazij\u0105, tur\u0117t\u0173 b\u016bti sukaup\u0119s \u017eini\u0173 i\u0161 \u012fvairi\u0173 sri\u010di\u0173: istorijos ir politikos, geografijos ir astronomijos, technikos ir fizikos, medicinos ir chemijos, mitologijos ir archeologijos, religijos ir filosofijos, ekonomikos ir teises, kult\u016bros ir sporto, dail\u0117s ir literat\u016bros, muzikos ir kino.<\/p>\n<p>Skaitydami \u0161i\u0105 knyg\u0105 prisiminsite tai, k\u0105 jau seniai \u017einojote, bet galb\u016bt u\u017emir\u0161ote, ta\u010diau, be abejon\u0117s, kai kuriuos faktus su\u017einosite pirm\u0105 kart\u0105.<\/p>\n<p>Pasinaudokite galimybe pasitikrinti \u017einias ir prapl\u0117sti akirat\u012f.<\/p>\n<ul class=\"about-product d-none d-xl-block mt-4\">\n<li><strong>Metai:<\/strong>\u00a02005<\/li>\n<li><strong>Puslapiai:<\/strong>\u00a0272<\/li>\n<li><strong>ISBN:<\/strong>\u00a09789955130260<\/li>\n<li><strong>Formatas:<\/strong>\u00a017 x 24 cm, kieti vir\u0161eliai<\/li>\n<li><strong>Kalba:<\/strong>\u00a0Lietuvi\u0173<\/li>\n<\/ul>\n","protected":false},"excerpt":{"rendered":"<p>Kiekvienas, baig\u0119s bendrojo lavinimo mokykl\u0105 ar gimnazij\u0105, tur\u0117t\u0173 b\u016bti sukaup\u0119s \u017eini\u0173 i\u0161 \u012fvairi\u0173 sri\u010di\u0173: istorijos ir politikos, geografijos ir astronomijos, technikos ir fizikos, medicinos ir chemijos, mitologijos ir archeologijos, religijos ir filosofijos, ekonomikos ir teises, kult\u016bros ir sporto, dail\u0117s ir literat\u016bros, muzikos ir kino. Skaitydami \u0161i\u0105 knyg\u0105 prisiminsite tai, k\u0105 jau seniai \u017einojote, bet galb\u016bt u\u017emir\u0161ote, ta\u010diau, be abejon\u0117s, kai kuriuos faktus su\u017einosite pirm\u0105 kart\u0105. Pasinaudokite galimybe pasitikrinti \u017einias ir prapl\u0117sti akirat\u012f. Metai:\u00a02005 Puslapiai:\u00a0272 ISBN:\u00a09789955130260 Formatas:\u00a017 x 24 cm, kieti vir\u0161eliai Kalba:\u00a0Lietuvi\u0173<\/p>\n","protected":false},"featured_media":13723,"comment_status":"open","ping_status":"closed","template":"","meta":{"_acf_changed":false,"site-sidebar-layout":"default","site-content-layout":"","ast-site-content-layout":"default","site-content-style":"default","site-sidebar-style":"default","ast-global-header-display":"","ast-banner-title-visibility":"","ast-main-header-display":"","ast-hfb-above-header-display":"","ast-hfb-below-header-display":"","ast-hfb-mobile-header-display":"","site-post-title":"","ast-breadcrumbs-content":"","ast-featured-img":"","footer-sml-layout":"","ast-disable-related-posts":"","theme-transparent-header-meta":"default","adv-header-id-meta":"","stick-header-meta":"","header-above-stick-meta":"","header-main-stick-meta":"","header-below-stick-meta":"","astra-migrate-meta-layouts":"set","ast-page-background-enabled":"default","ast-page-background-meta":{"desktop":{"background-color":"","background-image":"","background-repeat":"repeat","background-position":"center center","background-size":"auto","background-attachment":"scroll","background-type":"","background-media":"","overlay-type":"","overlay-color":"","overlay-opacity":"","overlay-gradient":""},"tablet":{"background-color":"","background-image":"","background-repeat":"repeat","background-position":"center center","background-size":"auto","background-attachment":"scroll","background-type":"","background-media":"","overlay-type":"","overlay-color":"","overlay-opacity":"","overlay-gradient":""},"mobile":{"background-color":"","background-image":"","background-repeat":"repeat","background-position":"center center","background-size":"auto","background-attachment":"scroll","background-type":"","background-media":"","overlay-type":"","overlay-color":"","overlay-opacity":"","overlay-gradient":""}},"ast-content-background-meta":{"desktop":{"background-color":"var(--ast-global-color-4)","background-image":"","background-repeat":"repeat","background-position":"center center","background-size":"auto","background-attachment":"scroll","background-type":"","background-media":"","overlay-type":"","overlay-color":"","overlay-opacity":"","overlay-gradient":""},"tablet":{"background-color":"var(--ast-global-color-4)","background-image":"","background-repeat":"repeat","background-position":"center center","background-size":"auto","background-attachment":"scroll","background-type":"","background-media":"","overlay-type":"","overlay-color":"","overlay-opacity":"","overlay-gradient":""},"mobile":{"background-color":"var(--ast-global-color-4)","background-image":"","background-repeat":"repeat","background-position":"center center","background-size":"auto","background-attachment":"scroll","background-type":"","background-media":"","overlay-type":"","overlay-color":"","overlay-opacity":"","overlay-gradient":""}}},"product_brand":[],"product_cat":[15,73],"product_tag":[5829,2384,3807,5825,4597,3409,1529,1467,4596,5614,2224,3003,2376,1492,2095,1115,2898,2395,2277,3150,4477,5827,5826,5828],"class_list":{"0":"post-13714","1":"product","2":"type-product","3":"status-publish","4":"has-post-thumbnail","6":"product_cat-uncategorized","7":"product_cat-zinynai-ir-enciklopedijos","8":"product_tag-akiracio-prapletimas","9":"product_tag-archeologija","10":"product_tag-astronomija","11":"product_tag-bendrojo-lavinimo","12":"product_tag-chemija","13":"product_tag-daile","14":"product_tag-ekonomika","15":"product_tag-filosofija","16":"product_tag-fizika","17":"product_tag-geografija","18":"product_tag-istorija","19":"product_tag-kinas","20":"product_tag-kultura","21":"product_tag-literatura","22":"product_tag-medicina","23":"product_tag-mitologija","24":"product_tag-muzika","25":"product_tag-politika","26":"product_tag-religija","27":"product_tag-sportas","28":"product_tag-technika","29":"product_tag-teises","30":"product_tag-zinios","31":"product_tag-ziniu-patikrinimas","32":"desktop-align-left","33":"tablet-align-left","34":"mobile-align-left","36":"first","37":"instock","38":"shipping-taxable","39":"purchasable","40":"product-type-simple"},"acf":[],"yoast_head":"<!-- This site is optimized with the Yoast SEO plugin v27.0 - https:\/\/yoast.com\/product\/yoast-seo-wordpress\/ -->\n<title>Ar \u017einai...<\/title>\n<meta name=\"description\" content=\"Kiekvienas, baig\u0119s bendrojo lavinimo mokykl\u0105 ar gimnazij\u0105, tur\u0117t\u0173 b\u016bti sukaup\u0119s \u017eini\u0173 i\u0161 \u012fvairi\u0173 sri\u010di\u0173: istorijos ir politikos, geografijos ir\" \/>\n<meta name=\"robots\" content=\"index, follow, max-snippet:-1, max-image-preview:large, max-video-preview:-1\" \/>\n<link rel=\"canonical\" href=\"https:\/\/skaitytaknyga.lt\/en\/produktas\/ar-zinai\/\" \/>\n<meta property=\"og:locale\" content=\"en_GB\" \/>\n<meta property=\"og:locale:alternate\" content=\"lt_LT\" \/>\n<meta property=\"og:type\" content=\"article\" \/>\n<meta property=\"og:title\" content=\"Ar \u017einai...\" \/>\n<meta property=\"og:description\" content=\"Kiekvienas, baig\u0119s bendrojo lavinimo mokykl\u0105 ar gimnazij\u0105, tur\u0117t\u0173 b\u016bti sukaup\u0119s \u017eini\u0173 i\u0161 \u012fvairi\u0173 sri\u010di\u0173: istorijos ir politikos, geografijos ir\" \/>\n<meta property=\"og:url\" content=\"https:\/\/skaitytaknyga.lt\/en\/produktas\/ar-zinai\/\" \/>\n<meta property=\"og:site_name\" content=\"Skaitytaknyga\" \/>\n<meta property=\"article:publisher\" content=\"https:\/\/www.facebook.com\/skaitytaknyga\/\" \/>\n<meta property=\"article:modified_time\" content=\"2025-06-26T12:37:31+00:00\" \/>\n<meta property=\"og:image\" content=\"https:\/\/skaitytaknyga.lt\/wp-content\/uploads\/2024\/09\/Ar-zinai.webp\" \/>\n\t<meta property=\"og:image:width\" content=\"384\" \/>\n\t<meta property=\"og:image:height\" content=\"569\" \/>\n\t<meta property=\"og:image:type\" content=\"image\/webp\" \/>\n<meta name=\"twitter:card\" content=\"summary_large_image\" \/>\n<meta name=\"twitter:label1\" content=\"Estimated reading time\" \/>\n\t<meta name=\"twitter:data1\" content=\"1 minute\" \/>\n<script type=\"application\/ld+json\" class=\"yoast-schema-graph\">{\"@context\":\"https:\/\/schema.org\",\"@graph\":[{\"@type\":\"WebPage\",\"@id\":\"https:\/\/skaitytaknyga.lt\/produktas\/ar-zinai\/\",\"url\":\"https:\/\/skaitytaknyga.lt\/produktas\/ar-zinai\/\",\"name\":\"Ar \u017einai...\",\"isPartOf\":{\"@id\":\"https:\/\/skaitytaknyga.lt\/#website\"},\"primaryImageOfPage\":{\"@id\":\"https:\/\/skaitytaknyga.lt\/produktas\/ar-zinai\/#primaryimage\"},\"image\":{\"@id\":\"https:\/\/skaitytaknyga.lt\/produktas\/ar-zinai\/#primaryimage\"},\"thumbnailUrl\":\"https:\/\/skaitytaknyga.lt\/wp-content\/uploads\/2024\/09\/Ar-zinai.webp\",\"datePublished\":\"2024-09-09T05:49:17+00:00\",\"dateModified\":\"2025-06-26T12:37:31+00:00\",\"description\":\"Kiekvienas, baig\u0119s bendrojo lavinimo mokykl\u0105 ar gimnazij\u0105, tur\u0117t\u0173 b\u016bti sukaup\u0119s \u017eini\u0173 i\u0161 \u012fvairi\u0173 sri\u010di\u0173: istorijos ir politikos, geografijos ir\",\"breadcrumb\":{\"@id\":\"https:\/\/skaitytaknyga.lt\/produktas\/ar-zinai\/#breadcrumb\"},\"inLanguage\":\"en-GB\",\"potentialAction\":[{\"@type\":\"ReadAction\",\"target\":[\"https:\/\/skaitytaknyga.lt\/produktas\/ar-zinai\/\"]}]},{\"@type\":\"ImageObject\",\"inLanguage\":\"en-GB\",\"@id\":\"https:\/\/skaitytaknyga.lt\/produktas\/ar-zinai\/#primaryimage\",\"url\":\"https:\/\/skaitytaknyga.lt\/wp-content\/uploads\/2024\/09\/Ar-zinai.webp\",\"contentUrl\":\"https:\/\/skaitytaknyga.lt\/wp-content\/uploads\/2024\/09\/Ar-zinai.webp\",\"width\":384,\"height\":569,\"caption\":\"Ar \u017einai...\"},{\"@type\":\"BreadcrumbList\",\"@id\":\"https:\/\/skaitytaknyga.lt\/produktas\/ar-zinai\/#breadcrumb\",\"itemListElement\":[{\"@type\":\"ListItem\",\"position\":1,\"name\":\"Home\",\"item\":\"https:\/\/skaitytaknyga.lt\/\"},{\"@type\":\"ListItem\",\"position\":2,\"name\":\"Parduotuv\u0117\",\"item\":\"https:\/\/skaitytaknyga.lt\/knygu-parduotuve\/\"},{\"@type\":\"ListItem\",\"position\":3,\"name\":\"Ar \u017einai&#8230;\"}]},{\"@type\":\"WebSite\",\"@id\":\"https:\/\/skaitytaknyga.lt\/#website\",\"url\":\"https:\/\/skaitytaknyga.lt\/\",\"name\":\"skaitytaknyga.lt\",\"description\":\"Skaitytaknyga.lt \u2013 tai ma\u017eas \u0161eimos verslas, kuris prasid\u0117jo nuo meil\u0117s knygoms ir siekio i\u0161gelb\u0117ti knygas nuo likimo prie konteinerio. Kas vienam nereikalingas daiktas \u2013 kitam lobis, o mes esame tarpininkai, kurie padeda abiems tapti laimingesniems ???? \u017dinome kaip nelengva i\u0161gyventi ma\u017eiems verslams, tad nuo \u0161iol, \u010dia rasite ir kit\u0173, ma\u017e\u0173 \u0161eim\u0173 versl\u0173, rank\u0173 darbo, dovan\u0173 sau ir artimiesiems.\",\"publisher\":{\"@id\":\"https:\/\/skaitytaknyga.lt\/#organization\"},\"potentialAction\":[{\"@type\":\"SearchAction\",\"target\":{\"@type\":\"EntryPoint\",\"urlTemplate\":\"https:\/\/skaitytaknyga.lt\/?s={search_term_string}\"},\"query-input\":{\"@type\":\"PropertyValueSpecification\",\"valueRequired\":true,\"valueName\":\"search_term_string\"}}],\"inLanguage\":\"en-GB\"},{\"@type\":\"Organization\",\"@id\":\"https:\/\/skaitytaknyga.lt\/#organization\",\"name\":\"skaitytaknyga.lt\",\"url\":\"https:\/\/skaitytaknyga.lt\/\",\"logo\":{\"@type\":\"ImageObject\",\"inLanguage\":\"en-GB\",\"@id\":\"https:\/\/skaitytaknyga.lt\/#\/schema\/logo\/image\/\",\"url\":\"https:\/\/skaitytaknyga.lt\/wp-content\/uploads\/2024\/05\/cropped-cropped-cropped-02_00843_jt3bggkj1j3HLc7SyY6rEUpg.jpeg\",\"contentUrl\":\"https:\/\/skaitytaknyga.lt\/wp-content\/uploads\/2024\/05\/cropped-cropped-cropped-02_00843_jt3bggkj1j3HLc7SyY6rEUpg.jpeg\",\"width\":1600,\"height\":1600,\"caption\":\"skaitytaknyga.lt\"},\"image\":{\"@id\":\"https:\/\/skaitytaknyga.lt\/#\/schema\/logo\/image\/\"},\"sameAs\":[\"https:\/\/www.facebook.com\/skaitytaknyga\/\"]}]}<\/script>\n<!-- \/ Yoast SEO plugin. -->","yoast_head_json":{"title":"Ar \u017einai...","description":"Kiekvienas, baig\u0119s bendrojo lavinimo mokykl\u0105 ar gimnazij\u0105, tur\u0117t\u0173 b\u016bti sukaup\u0119s \u017eini\u0173 i\u0161 \u012fvairi\u0173 sri\u010di\u0173: istorijos ir politikos, geografijos ir","robots":{"index":"index","follow":"follow","max-snippet":"max-snippet:-1","max-image-preview":"max-image-preview:large","max-video-preview":"max-video-preview:-1"},"canonical":"https:\/\/skaitytaknyga.lt\/en\/produktas\/ar-zinai\/","og_locale":"en_GB","og_type":"article","og_title":"[:lt]Ar \u017einai...[:] - Skaitytaknyga","og_description":"Kiekvienas, baig\u0119s bendrojo lavinimo mokykl\u0105 ar gimnazij\u0105, tur\u0117t\u0173 b\u016bti sukaup\u0119s \u017eini\u0173 i\u0161 \u012fvairi\u0173 sri\u010di\u0173: istorijos ir politikos, geografijos ir","og_url":"https:\/\/skaitytaknyga.lt\/en\/produktas\/ar-zinai\/","og_site_name":"Skaitytaknyga","article_publisher":"https:\/\/www.facebook.com\/skaitytaknyga\/","article_modified_time":"2025-06-26T12:37:31+00:00","og_image":[{"width":384,"height":569,"url":"https:\/\/skaitytaknyga.lt\/wp-content\/uploads\/2024\/09\/Ar-zinai.webp","type":"image\/webp"}],"twitter_card":"summary_large_image","twitter_misc":{"Estimated reading time":"1 minute"},"schema":{"@context":"https:\/\/schema.org","@graph":[{"@type":"WebPage","@id":"https:\/\/skaitytaknyga.lt\/produktas\/ar-zinai\/","url":"https:\/\/skaitytaknyga.lt\/produktas\/ar-zinai\/","name":"Ar \u017einai...","isPartOf":{"@id":"https:\/\/skaitytaknyga.lt\/#website"},"primaryImageOfPage":{"@id":"https:\/\/skaitytaknyga.lt\/produktas\/ar-zinai\/#primaryimage"},"image":{"@id":"https:\/\/skaitytaknyga.lt\/produktas\/ar-zinai\/#primaryimage"},"thumbnailUrl":"https:\/\/skaitytaknyga.lt\/wp-content\/uploads\/2024\/09\/Ar-zinai.webp","datePublished":"2024-09-09T05:49:17+00:00","dateModified":"2025-06-26T12:37:31+00:00","description":"Kiekvienas, baig\u0119s bendrojo lavinimo mokykl\u0105 ar gimnazij\u0105, tur\u0117t\u0173 b\u016bti sukaup\u0119s \u017eini\u0173 i\u0161 \u012fvairi\u0173 sri\u010di\u0173: istorijos ir politikos, geografijos ir","breadcrumb":{"@id":"https:\/\/skaitytaknyga.lt\/produktas\/ar-zinai\/#breadcrumb"},"inLanguage":"en-GB","potentialAction":[{"@type":"ReadAction","target":["https:\/\/skaitytaknyga.lt\/produktas\/ar-zinai\/"]}]},{"@type":"ImageObject","inLanguage":"en-GB","@id":"https:\/\/skaitytaknyga.lt\/produktas\/ar-zinai\/#primaryimage","url":"https:\/\/skaitytaknyga.lt\/wp-content\/uploads\/2024\/09\/Ar-zinai.webp","contentUrl":"https:\/\/skaitytaknyga.lt\/wp-content\/uploads\/2024\/09\/Ar-zinai.webp","width":384,"height":569,"caption":"Ar \u017einai..."},{"@type":"BreadcrumbList","@id":"https:\/\/skaitytaknyga.lt\/produktas\/ar-zinai\/#breadcrumb","itemListElement":[{"@type":"ListItem","position":1,"name":"Home","item":"https:\/\/skaitytaknyga.lt\/"},{"@type":"ListItem","position":2,"name":"Parduotuv\u0117","item":"https:\/\/skaitytaknyga.lt\/knygu-parduotuve\/"},{"@type":"ListItem","position":3,"name":"Ar \u017einai&#8230;"}]},{"@type":"WebSite","@id":"https:\/\/skaitytaknyga.lt\/#website","url":"https:\/\/skaitytaknyga.lt\/","name":"skaitytaknyga.lt","description":"Skaitytaknyga.lt \u2013 tai ma\u017eas \u0161eimos verslas, kuris prasid\u0117jo nuo meil\u0117s knygoms ir siekio i\u0161gelb\u0117ti knygas nuo likimo prie konteinerio. Kas vienam nereikalingas daiktas \u2013 kitam lobis, o mes esame tarpininkai, kurie padeda abiems tapti laimingesniems ???? \u017dinome kaip nelengva i\u0161gyventi ma\u017eiems verslams, tad nuo \u0161iol, \u010dia rasite ir kit\u0173, ma\u017e\u0173 \u0161eim\u0173 versl\u0173, rank\u0173 darbo, dovan\u0173 sau ir artimiesiems.","publisher":{"@id":"https:\/\/skaitytaknyga.lt\/#organization"},"potentialAction":[{"@type":"SearchAction","target":{"@type":"EntryPoint","urlTemplate":"https:\/\/skaitytaknyga.lt\/?s={search_term_string}"},"query-input":{"@type":"PropertyValueSpecification","valueRequired":true,"valueName":"search_term_string"}}],"inLanguage":"en-GB"},{"@type":"Organization","@id":"https:\/\/skaitytaknyga.lt\/#organization","name":"skaitytaknyga.lt","url":"https:\/\/skaitytaknyga.lt\/","logo":{"@type":"ImageObject","inLanguage":"en-GB","@id":"https:\/\/skaitytaknyga.lt\/#\/schema\/logo\/image\/","url":"https:\/\/skaitytaknyga.lt\/wp-content\/uploads\/2024\/05\/cropped-cropped-cropped-02_00843_jt3bggkj1j3HLc7SyY6rEUpg.jpeg","contentUrl":"https:\/\/skaitytaknyga.lt\/wp-content\/uploads\/2024\/05\/cropped-cropped-cropped-02_00843_jt3bggkj1j3HLc7SyY6rEUpg.jpeg","width":1600,"height":1600,"caption":"skaitytaknyga.lt"},"image":{"@id":"https:\/\/skaitytaknyga.lt\/#\/schema\/logo\/image\/"},"sameAs":["https:\/\/www.facebook.com\/skaitytaknyga\/"]}]}},"_links":{"self":[{"href":"https:\/\/skaitytaknyga.lt\/en\/wp-json\/wp\/v2\/product\/13714","targetHints":{"allow":["GET"]}}],"collection":[{"href":"https:\/\/skaitytaknyga.lt\/en\/wp-json\/wp\/v2\/product"}],"about":[{"href":"https:\/\/skaitytaknyga.lt\/en\/wp-json\/wp\/v2\/types\/product"}],"replies":[{"embeddable":true,"href":"https:\/\/skaitytaknyga.lt\/en\/wp-json\/wp\/v2\/comments?post=13714"}],"wp:featuredmedia":[{"embeddable":true,"href":"https:\/\/skaitytaknyga.lt\/en\/wp-json\/wp\/v2\/media\/13723"}],"wp:attachment":[{"href":"https:\/\/skaitytaknyga.lt\/en\/wp-json\/wp\/v2\/media?parent=13714"}],"wp:term":[{"taxonomy":"product_brand","embeddable":true,"href":"https:\/\/skaitytaknyga.lt\/en\/wp-json\/wp\/v2\/product_brand?post=13714"},{"taxonomy":"product_cat","embeddable":true,"href":"https:\/\/skaitytaknyga.lt\/en\/wp-json\/wp\/v2\/product_cat?post=13714"},{"taxonomy":"product_tag","embeddable":true,"href":"https:\/\/skaitytaknyga.lt\/en\/wp-json\/wp\/v2\/product_tag?post=13714"}],"curies":[{"name":"wp","href":"https:\/\/api.w.org\/{rel}","templated":true}]}}