{"id":13712,"date":"2024-09-09T08:49:17","date_gmt":"2024-09-09T05:49:17","guid":{"rendered":"https:\/\/skaitytaknyga.lt\/?post_type=product&#038;p=13712"},"modified":"2024-09-09T09:16:36","modified_gmt":"2024-09-09T06:16:36","slug":"pradinge-miestai","status":"publish","type":"product","link":"https:\/\/skaitytaknyga.lt\/en\/produktas\/pradinge-miestai\/","title":{"rendered":"Prading\u0119 miestai"},"content":{"rendered":"<p>Senov\u0117s miestai, kuriuose gim\u0117 ir suklest\u0117jo civilizacijos, nul\u0117musios did\u017eiuli\u0173 imperij\u0173 ir kult\u016br\u0173 atsiradim\u0105, anot ekspert\u0173, yra \u0161ventos istorijos mokslui vietos. D\u0117l jose atlikto kruop\u0161taus archeolog\u0173 darbo tapo \u012fmanoma susieti garsi\u0173 civilizacij\u0173 istorijas, i\u0161tyrin\u0117ti senovin\u012f j\u0173 men\u0105 ir taip gr\u0105\u017einti \u017emonijai prarast\u0173 lobi\u0173 nuotrupas, atgaivinti tolim\u0105 praeit\u012f.<\/p>\n<p>Puikios nuotraukos bei tiksli plan\u0173 rekonstrukcija padeda skaitytojui suvokti \u0161i\u0173 miest\u0173 reik\u0161m\u0119 juos suk\u016brusioms civilizacijoms: Knoso ir At\u0117n\u0173, piet\u0173 Italijos, Romos imperijos, Leptis Magnos, T\u0117b\u0173, galingosios ir turtingosios Palmyros, Babilono megapolio, \u016aro ir Persepolio, senov\u0117s Kinijos imperijos sostini\u0173, magi\u0161kojo Anloro, Teotihuakano, \u010ci\u010den Icos, Kusko ir Ma\u010du Pik\u010du.<\/p>\n<ul class=\"about-product d-none d-xl-block mt-4\">\n<li><strong>Autorius:<\/strong>\u00a0Maria Teresa Guiatoli,\u00a0Simone Rambaldi<\/li>\n<li><strong>Leid\u0117jas:<\/strong>\u00a0Alma littera<\/li>\n<li><strong>Metai:<\/strong>\u00a02005<\/li>\n<li><strong>Puslapiai:<\/strong>\u00a0324<\/li>\n<li><strong>ISBN:<\/strong>\u00a09955088257<\/li>\n<li><strong>Formatas:<\/strong>\u00a027 x 37 cm, kieti vir\u0161eliai<\/li>\n<li><strong>Kalba:<\/strong>\u00a0Lietuvi\u0173<\/li>\n<li><strong>Vert\u0117jas:<\/strong>\u00a0Albinas Ba\u010delis, Gytis Kudarauskas, Dalia Zaleskien\u0117<\/li>\n<\/ul>\n","protected":false},"excerpt":{"rendered":"<p>Senov\u0117s miestai, kuriuose gim\u0117 ir suklest\u0117jo civilizacijos, nul\u0117musios did\u017eiuli\u0173 imperij\u0173 ir kult\u016br\u0173 atsiradim\u0105, anot ekspert\u0173, yra \u0161ventos istorijos mokslui vietos. D\u0117l jose atlikto kruop\u0161taus archeolog\u0173 darbo tapo \u012fmanoma susieti garsi\u0173 civilizacij\u0173 istorijas, i\u0161tyrin\u0117ti senovin\u012f j\u0173 men\u0105 ir taip gr\u0105\u017einti \u017emonijai prarast\u0173 lobi\u0173 nuotrupas, atgaivinti tolim\u0105 praeit\u012f. Puikios nuotraukos bei tiksli plan\u0173 rekonstrukcija padeda skaitytojui suvokti \u0161i\u0173 miest\u0173 reik\u0161m\u0119 juos suk\u016brusioms civilizacijoms: Knoso ir At\u0117n\u0173, piet\u0173 Italijos, Romos imperijos, Leptis Magnos, T\u0117b\u0173, galingosios ir turtingosios Palmyros, Babilono megapolio, \u016aro ir Persepolio, senov\u0117s Kinijos imperijos sostini\u0173, magi\u0161kojo Anloro, Teotihuakano, \u010ci\u010den Icos, Kusko ir Ma\u010du Pik\u010du. Autorius:\u00a0Maria Teresa Guiatoli,\u00a0Simone Rambaldi Leid\u0117jas:\u00a0Alma littera Metai:\u00a02005 Puslapiai:\u00a0324 ISBN:\u00a09955088257 Formatas:\u00a027 x 37 cm, kieti vir\u0161eliai Kalba:\u00a0Lietuvi\u0173 Vert\u0117jas:\u00a0Albinas Ba\u010delis, Gytis Kudarauskas, Dalia Zaleskien\u0117<\/p>\n","protected":false},"featured_media":13725,"comment_status":"open","ping_status":"closed","template":"","meta":{"_acf_changed":false,"site-sidebar-layout":"default","site-content-layout":"","ast-site-content-layout":"default","site-content-style":"default","site-sidebar-style":"default","ast-global-header-display":"","ast-banner-title-visibility":"","ast-main-header-display":"","ast-hfb-above-header-display":"","ast-hfb-below-header-display":"","ast-hfb-mobile-header-display":"","site-post-title":"","ast-breadcrumbs-content":"","ast-featured-img":"","footer-sml-layout":"","ast-disable-related-posts":"","theme-transparent-header-meta":"default","adv-header-id-meta":"","stick-header-meta":"","header-above-stick-meta":"","header-main-stick-meta":"","header-below-stick-meta":"","astra-migrate-meta-layouts":"set","ast-page-background-enabled":"default","ast-page-background-meta":{"desktop":{"background-color":"","background-image":"","background-repeat":"repeat","background-position":"center center","background-size":"auto","background-attachment":"scroll","background-type":"","background-media":"","overlay-type":"","overlay-color":"","overlay-opacity":"","overlay-gradient":""},"tablet":{"background-color":"","background-image":"","background-repeat":"repeat","background-position":"center center","background-size":"auto","background-attachment":"scroll","background-type":"","background-media":"","overlay-type":"","overlay-color":"","overlay-opacity":"","overlay-gradient":""},"mobile":{"background-color":"","background-image":"","background-repeat":"repeat","background-position":"center center","background-size":"auto","background-attachment":"scroll","background-type":"","background-media":"","overlay-type":"","overlay-color":"","overlay-opacity":"","overlay-gradient":""}},"ast-content-background-meta":{"desktop":{"background-color":"var(--ast-global-color-4)","background-image":"","background-repeat":"repeat","background-position":"center center","background-size":"auto","background-attachment":"scroll","background-type":"","background-media":"","overlay-type":"","overlay-color":"","overlay-opacity":"","overlay-gradient":""},"tablet":{"background-color":"var(--ast-global-color-4)","background-image":"","background-repeat":"repeat","background-position":"center center","background-size":"auto","background-attachment":"scroll","background-type":"","background-media":"","overlay-type":"","overlay-color":"","overlay-opacity":"","overlay-gradient":""},"mobile":{"background-color":"var(--ast-global-color-4)","background-image":"","background-repeat":"repeat","background-position":"center center","background-size":"auto","background-attachment":"scroll","background-type":"","background-media":"","overlay-type":"","overlay-color":"","overlay-opacity":"","overlay-gradient":""}}},"product_brand":[],"product_cat":[174,15],"product_tag":[],"class_list":{"0":"post-13712","1":"product","2":"type-product","3":"status-publish","4":"has-post-thumbnail","6":"product_cat-istorija-ir-politologija","7":"product_cat-uncategorized","8":"desktop-align-left","9":"tablet-align-left","10":"mobile-align-left","12":"first","13":"instock","14":"shipping-taxable","15":"purchasable","16":"product-type-simple"},"acf":[],"yoast_head":"<!-- This site is optimized with the Yoast SEO plugin v27.0 - https:\/\/yoast.com\/product\/yoast-seo-wordpress\/ -->\n<title>Prading\u0119 miestai<\/title>\n<meta name=\"description\" content=\"Senov\u0117s miestai, kuriuose gim\u0117 ir suklest\u0117jo civilizacijos, nul\u0117musios did\u017eiuli\u0173 imperij\u0173 ir kult\u016br\u0173 atsiradim\u0105, anot ekspert\u0173, yra \u0161ventos istorijos\" \/>\n<meta name=\"robots\" content=\"index, follow, max-snippet:-1, max-image-preview:large, max-video-preview:-1\" \/>\n<link rel=\"canonical\" href=\"https:\/\/skaitytaknyga.lt\/en\/produktas\/pradinge-miestai\/\" \/>\n<meta property=\"og:locale\" content=\"en_GB\" \/>\n<meta property=\"og:locale:alternate\" content=\"lt_LT\" \/>\n<meta property=\"og:type\" content=\"article\" \/>\n<meta property=\"og:title\" content=\"Prading\u0119 miestai\" \/>\n<meta property=\"og:description\" content=\"Senov\u0117s miestai, kuriuose gim\u0117 ir suklest\u0117jo civilizacijos, nul\u0117musios did\u017eiuli\u0173 imperij\u0173 ir kult\u016br\u0173 atsiradim\u0105, anot ekspert\u0173, yra \u0161ventos istorijos\" \/>\n<meta property=\"og:url\" content=\"https:\/\/skaitytaknyga.lt\/en\/produktas\/pradinge-miestai\/\" \/>\n<meta property=\"og:site_name\" content=\"Skaitytaknyga\" \/>\n<meta property=\"article:publisher\" content=\"https:\/\/www.facebook.com\/skaitytaknyga\/\" \/>\n<meta property=\"article:modified_time\" content=\"2024-09-09T06:16:36+00:00\" \/>\n<meta property=\"og:image\" content=\"https:\/\/skaitytaknyga.lt\/wp-content\/uploads\/2024\/09\/Pradinge-miestai.webp\" \/>\n\t<meta property=\"og:image:width\" content=\"424\" \/>\n\t<meta property=\"og:image:height\" content=\"600\" \/>\n\t<meta property=\"og:image:type\" content=\"image\/webp\" \/>\n<meta name=\"twitter:card\" content=\"summary_large_image\" \/>\n<meta name=\"twitter:label1\" content=\"Estimated reading time\" \/>\n\t<meta name=\"twitter:data1\" content=\"1 minute\" \/>\n<script type=\"application\/ld+json\" class=\"yoast-schema-graph\">{\"@context\":\"https:\/\/schema.org\",\"@graph\":[{\"@type\":\"WebPage\",\"@id\":\"https:\/\/skaitytaknyga.lt\/produktas\/pradinge-miestai\/\",\"url\":\"https:\/\/skaitytaknyga.lt\/produktas\/pradinge-miestai\/\",\"name\":\"Prading\u0119 miestai\",\"isPartOf\":{\"@id\":\"https:\/\/skaitytaknyga.lt\/#website\"},\"primaryImageOfPage\":{\"@id\":\"https:\/\/skaitytaknyga.lt\/produktas\/pradinge-miestai\/#primaryimage\"},\"image\":{\"@id\":\"https:\/\/skaitytaknyga.lt\/produktas\/pradinge-miestai\/#primaryimage\"},\"thumbnailUrl\":\"https:\/\/skaitytaknyga.lt\/wp-content\/uploads\/2024\/09\/Pradinge-miestai.webp\",\"datePublished\":\"2024-09-09T05:49:17+00:00\",\"dateModified\":\"2024-09-09T06:16:36+00:00\",\"description\":\"Senov\u0117s miestai, kuriuose gim\u0117 ir suklest\u0117jo civilizacijos, nul\u0117musios did\u017eiuli\u0173 imperij\u0173 ir kult\u016br\u0173 atsiradim\u0105, anot ekspert\u0173, yra \u0161ventos istorijos\",\"breadcrumb\":{\"@id\":\"https:\/\/skaitytaknyga.lt\/produktas\/pradinge-miestai\/#breadcrumb\"},\"inLanguage\":\"en-GB\",\"potentialAction\":[{\"@type\":\"ReadAction\",\"target\":[\"https:\/\/skaitytaknyga.lt\/produktas\/pradinge-miestai\/\"]}]},{\"@type\":\"ImageObject\",\"inLanguage\":\"en-GB\",\"@id\":\"https:\/\/skaitytaknyga.lt\/produktas\/pradinge-miestai\/#primaryimage\",\"url\":\"https:\/\/skaitytaknyga.lt\/wp-content\/uploads\/2024\/09\/Pradinge-miestai.webp\",\"contentUrl\":\"https:\/\/skaitytaknyga.lt\/wp-content\/uploads\/2024\/09\/Pradinge-miestai.webp\",\"width\":424,\"height\":600,\"caption\":\"Prading\u0119 miestai\"},{\"@type\":\"BreadcrumbList\",\"@id\":\"https:\/\/skaitytaknyga.lt\/produktas\/pradinge-miestai\/#breadcrumb\",\"itemListElement\":[{\"@type\":\"ListItem\",\"position\":1,\"name\":\"Home\",\"item\":\"https:\/\/skaitytaknyga.lt\/\"},{\"@type\":\"ListItem\",\"position\":2,\"name\":\"Parduotuv\u0117\",\"item\":\"https:\/\/skaitytaknyga.lt\/knygu-parduotuve\/\"},{\"@type\":\"ListItem\",\"position\":3,\"name\":\"Prading\u0119 miestai\"}]},{\"@type\":\"WebSite\",\"@id\":\"https:\/\/skaitytaknyga.lt\/#website\",\"url\":\"https:\/\/skaitytaknyga.lt\/\",\"name\":\"skaitytaknyga.lt\",\"description\":\"Skaitytaknyga.lt \u2013 tai ma\u017eas \u0161eimos verslas, kuris prasid\u0117jo nuo meil\u0117s knygoms ir siekio i\u0161gelb\u0117ti knygas nuo likimo prie konteinerio. Kas vienam nereikalingas daiktas \u2013 kitam lobis, o mes esame tarpininkai, kurie padeda abiems tapti laimingesniems ???? \u017dinome kaip nelengva i\u0161gyventi ma\u017eiems verslams, tad nuo \u0161iol, \u010dia rasite ir kit\u0173, ma\u017e\u0173 \u0161eim\u0173 versl\u0173, rank\u0173 darbo, dovan\u0173 sau ir artimiesiems.\",\"publisher\":{\"@id\":\"https:\/\/skaitytaknyga.lt\/#organization\"},\"potentialAction\":[{\"@type\":\"SearchAction\",\"target\":{\"@type\":\"EntryPoint\",\"urlTemplate\":\"https:\/\/skaitytaknyga.lt\/?s={search_term_string}\"},\"query-input\":{\"@type\":\"PropertyValueSpecification\",\"valueRequired\":true,\"valueName\":\"search_term_string\"}}],\"inLanguage\":\"en-GB\"},{\"@type\":\"Organization\",\"@id\":\"https:\/\/skaitytaknyga.lt\/#organization\",\"name\":\"skaitytaknyga.lt\",\"url\":\"https:\/\/skaitytaknyga.lt\/\",\"logo\":{\"@type\":\"ImageObject\",\"inLanguage\":\"en-GB\",\"@id\":\"https:\/\/skaitytaknyga.lt\/#\/schema\/logo\/image\/\",\"url\":\"https:\/\/skaitytaknyga.lt\/wp-content\/uploads\/2024\/05\/cropped-cropped-cropped-02_00843_jt3bggkj1j3HLc7SyY6rEUpg.jpeg\",\"contentUrl\":\"https:\/\/skaitytaknyga.lt\/wp-content\/uploads\/2024\/05\/cropped-cropped-cropped-02_00843_jt3bggkj1j3HLc7SyY6rEUpg.jpeg\",\"width\":1600,\"height\":1600,\"caption\":\"skaitytaknyga.lt\"},\"image\":{\"@id\":\"https:\/\/skaitytaknyga.lt\/#\/schema\/logo\/image\/\"},\"sameAs\":[\"https:\/\/www.facebook.com\/skaitytaknyga\/\"]}]}<\/script>\n<!-- \/ Yoast SEO plugin. -->","yoast_head_json":{"title":"Prading\u0119 miestai","description":"Senov\u0117s miestai, kuriuose gim\u0117 ir suklest\u0117jo civilizacijos, nul\u0117musios did\u017eiuli\u0173 imperij\u0173 ir kult\u016br\u0173 atsiradim\u0105, anot ekspert\u0173, yra \u0161ventos istorijos","robots":{"index":"index","follow":"follow","max-snippet":"max-snippet:-1","max-image-preview":"max-image-preview:large","max-video-preview":"max-video-preview:-1"},"canonical":"https:\/\/skaitytaknyga.lt\/en\/produktas\/pradinge-miestai\/","og_locale":"en_GB","og_type":"article","og_title":"[:lt]Prading\u0119 miestai[:] - Skaitytaknyga","og_description":"Senov\u0117s miestai, kuriuose gim\u0117 ir suklest\u0117jo civilizacijos, nul\u0117musios did\u017eiuli\u0173 imperij\u0173 ir kult\u016br\u0173 atsiradim\u0105, anot ekspert\u0173, yra \u0161ventos istorijos","og_url":"https:\/\/skaitytaknyga.lt\/en\/produktas\/pradinge-miestai\/","og_site_name":"Skaitytaknyga","article_publisher":"https:\/\/www.facebook.com\/skaitytaknyga\/","article_modified_time":"2024-09-09T06:16:36+00:00","og_image":[{"width":424,"height":600,"url":"https:\/\/skaitytaknyga.lt\/wp-content\/uploads\/2024\/09\/Pradinge-miestai.webp","type":"image\/webp"}],"twitter_card":"summary_large_image","twitter_misc":{"Estimated reading time":"1 minute"},"schema":{"@context":"https:\/\/schema.org","@graph":[{"@type":"WebPage","@id":"https:\/\/skaitytaknyga.lt\/produktas\/pradinge-miestai\/","url":"https:\/\/skaitytaknyga.lt\/produktas\/pradinge-miestai\/","name":"Prading\u0119 miestai","isPartOf":{"@id":"https:\/\/skaitytaknyga.lt\/#website"},"primaryImageOfPage":{"@id":"https:\/\/skaitytaknyga.lt\/produktas\/pradinge-miestai\/#primaryimage"},"image":{"@id":"https:\/\/skaitytaknyga.lt\/produktas\/pradinge-miestai\/#primaryimage"},"thumbnailUrl":"https:\/\/skaitytaknyga.lt\/wp-content\/uploads\/2024\/09\/Pradinge-miestai.webp","datePublished":"2024-09-09T05:49:17+00:00","dateModified":"2024-09-09T06:16:36+00:00","description":"Senov\u0117s miestai, kuriuose gim\u0117 ir suklest\u0117jo civilizacijos, nul\u0117musios did\u017eiuli\u0173 imperij\u0173 ir kult\u016br\u0173 atsiradim\u0105, anot ekspert\u0173, yra \u0161ventos istorijos","breadcrumb":{"@id":"https:\/\/skaitytaknyga.lt\/produktas\/pradinge-miestai\/#breadcrumb"},"inLanguage":"en-GB","potentialAction":[{"@type":"ReadAction","target":["https:\/\/skaitytaknyga.lt\/produktas\/pradinge-miestai\/"]}]},{"@type":"ImageObject","inLanguage":"en-GB","@id":"https:\/\/skaitytaknyga.lt\/produktas\/pradinge-miestai\/#primaryimage","url":"https:\/\/skaitytaknyga.lt\/wp-content\/uploads\/2024\/09\/Pradinge-miestai.webp","contentUrl":"https:\/\/skaitytaknyga.lt\/wp-content\/uploads\/2024\/09\/Pradinge-miestai.webp","width":424,"height":600,"caption":"Prading\u0119 miestai"},{"@type":"BreadcrumbList","@id":"https:\/\/skaitytaknyga.lt\/produktas\/pradinge-miestai\/#breadcrumb","itemListElement":[{"@type":"ListItem","position":1,"name":"Home","item":"https:\/\/skaitytaknyga.lt\/"},{"@type":"ListItem","position":2,"name":"Parduotuv\u0117","item":"https:\/\/skaitytaknyga.lt\/knygu-parduotuve\/"},{"@type":"ListItem","position":3,"name":"Prading\u0119 miestai"}]},{"@type":"WebSite","@id":"https:\/\/skaitytaknyga.lt\/#website","url":"https:\/\/skaitytaknyga.lt\/","name":"skaitytaknyga.lt","description":"Skaitytaknyga.lt \u2013 tai ma\u017eas \u0161eimos verslas, kuris prasid\u0117jo nuo meil\u0117s knygoms ir siekio i\u0161gelb\u0117ti knygas nuo likimo prie konteinerio. Kas vienam nereikalingas daiktas \u2013 kitam lobis, o mes esame tarpininkai, kurie padeda abiems tapti laimingesniems ???? \u017dinome kaip nelengva i\u0161gyventi ma\u017eiems verslams, tad nuo \u0161iol, \u010dia rasite ir kit\u0173, ma\u017e\u0173 \u0161eim\u0173 versl\u0173, rank\u0173 darbo, dovan\u0173 sau ir artimiesiems.","publisher":{"@id":"https:\/\/skaitytaknyga.lt\/#organization"},"potentialAction":[{"@type":"SearchAction","target":{"@type":"EntryPoint","urlTemplate":"https:\/\/skaitytaknyga.lt\/?s={search_term_string}"},"query-input":{"@type":"PropertyValueSpecification","valueRequired":true,"valueName":"search_term_string"}}],"inLanguage":"en-GB"},{"@type":"Organization","@id":"https:\/\/skaitytaknyga.lt\/#organization","name":"skaitytaknyga.lt","url":"https:\/\/skaitytaknyga.lt\/","logo":{"@type":"ImageObject","inLanguage":"en-GB","@id":"https:\/\/skaitytaknyga.lt\/#\/schema\/logo\/image\/","url":"https:\/\/skaitytaknyga.lt\/wp-content\/uploads\/2024\/05\/cropped-cropped-cropped-02_00843_jt3bggkj1j3HLc7SyY6rEUpg.jpeg","contentUrl":"https:\/\/skaitytaknyga.lt\/wp-content\/uploads\/2024\/05\/cropped-cropped-cropped-02_00843_jt3bggkj1j3HLc7SyY6rEUpg.jpeg","width":1600,"height":1600,"caption":"skaitytaknyga.lt"},"image":{"@id":"https:\/\/skaitytaknyga.lt\/#\/schema\/logo\/image\/"},"sameAs":["https:\/\/www.facebook.com\/skaitytaknyga\/"]}]}},"_links":{"self":[{"href":"https:\/\/skaitytaknyga.lt\/en\/wp-json\/wp\/v2\/product\/13712","targetHints":{"allow":["GET"]}}],"collection":[{"href":"https:\/\/skaitytaknyga.lt\/en\/wp-json\/wp\/v2\/product"}],"about":[{"href":"https:\/\/skaitytaknyga.lt\/en\/wp-json\/wp\/v2\/types\/product"}],"replies":[{"embeddable":true,"href":"https:\/\/skaitytaknyga.lt\/en\/wp-json\/wp\/v2\/comments?post=13712"}],"wp:featuredmedia":[{"embeddable":true,"href":"https:\/\/skaitytaknyga.lt\/en\/wp-json\/wp\/v2\/media\/13725"}],"wp:attachment":[{"href":"https:\/\/skaitytaknyga.lt\/en\/wp-json\/wp\/v2\/media?parent=13712"}],"wp:term":[{"taxonomy":"product_brand","embeddable":true,"href":"https:\/\/skaitytaknyga.lt\/en\/wp-json\/wp\/v2\/product_brand?post=13712"},{"taxonomy":"product_cat","embeddable":true,"href":"https:\/\/skaitytaknyga.lt\/en\/wp-json\/wp\/v2\/product_cat?post=13712"},{"taxonomy":"product_tag","embeddable":true,"href":"https:\/\/skaitytaknyga.lt\/en\/wp-json\/wp\/v2\/product_tag?post=13712"}],"curies":[{"name":"wp","href":"https:\/\/api.w.org\/{rel}","templated":true}]}}