{"id":13711,"date":"2024-09-09T08:49:17","date_gmt":"2024-09-09T05:49:17","guid":{"rendered":"https:\/\/skaitytaknyga.lt\/?post_type=product&#038;p=13711"},"modified":"2024-10-18T10:05:49","modified_gmt":"2024-10-18T07:05:49","slug":"makiazo-galia","status":"publish","type":"product","link":"https:\/\/skaitytaknyga.lt\/en\/produktas\/makiazo-galia\/","title":{"rendered":"Makia\u017eo galia"},"content":{"rendered":"<p><em>Mano did\u017eiausia aistra \u2013 kurti gro\u017e\u012f. \u012e \u0161i\u0105 knyg\u0105 sud\u0117jau visas makia\u017eo subtilybes ir paslaptis, kad pabr\u0117\u017etum\u0117te gra\u017eiausius savo bruo\u017eus ir spinduliuotum\u0117te pasitik\u0117jimu. Nebijokite eksperimentuoti ir pajuskite makia\u017eo gali\u0105!<\/em><\/p>\n<p>Greta Gird\u017ei\u016bt\u0117<\/p>\n<p><strong>Greta Gird\u017ei\u016bt\u0117<\/strong>\u00a0\u2013 tarptautinio lygio meistr\u0117, 2016 m. Europos OMC \u010dempionato IV vietos nugal\u0117toja. Ji ne tik s\u0117kmingai dalyvauja gro\u017eio specialist\u0173 konkursuose, bet kartu yra makia\u017eo kurs\u0173 d\u0117stytoja ir dviej\u0173 salon\u0173 \u012fk\u016br\u0117ja. \u0160i jauna, ambicinga ir u\u017esispyrusi moteris \u017eavi klientus profesionalumu ir \u0161iltu bendravimu. Knygoje meistr\u0117 dalijasi makia\u017eo darymo subtilyb\u0117mis ir pataria tik tai, k\u0105 yra i\u0161m\u0117ginusi pati. Internete ir \u017eurnaluose \u2013 anaiptol ne viskas!<\/p>\n<p>Knygoje tav\u0119s laukia:<\/p>\n<ul>\n<li>Detali informacija apie makia\u017eo \u012frankius \u2013 nuo kempin\u0117l\u0117s iki teptuk\u0173.<\/li>\n<li>Nuo\u0161ird\u016bs praktiniai patarimai renkantis priemones: \u201eNe visada geriausia tai, kas brangu.&#8221;<\/li>\n<li>Informacija, kaip ir kokiomis priemon\u0117mis u\u017emaskuoti problemines veido vietas ir pary\u0161kinti privalumus<\/li>\n<li>Auksin\u0117s veido modeliavimo taisykl\u0117s<\/li>\n<li>Aki\u0173 makia\u017eo schemos \u2013 patarimai, kaip tinkamai koreguoti aki\u0173 form\u0105<\/li>\n<li>Sukaupta patirtis, kaip atsirinkti tinkamas priemoni\u0173 spalvas norint sukurti i\u0161skirtin\u012f \u012fvaizd\u012f<\/li>\n<li>Patarimai ne tik kaip atlikti makia\u017e\u0105 SAU, bet ir i\u0161sam\u016bs patarimai VIZA\u017dISTAMS<\/li>\n<\/ul>\n<p>Atskleiskite i\u0161skirtinius bruo\u017eus ir spind\u0117kite savitu \u017eavesiu!<\/p>\n<ul class=\"about-product d-none d-xl-block mt-4\">\n<li><strong>Autorius:<\/strong>\u00a0Greta Gird\u017ei\u016bt\u0117,\u00a0Agn\u0117 Gird\u017ei\u016bt\u0117<\/li>\n<li><strong>Leid\u0117jas:<\/strong>\u00a0Alma littera<\/li>\n<li><strong>Metai:<\/strong>\u00a02016<\/li>\n<li><strong>Puslapiai:<\/strong>\u00a0232<\/li>\n<li class=\"toggleable type-new-formats \"><strong>ISBN:<\/strong>\u00a09786090126332<\/li>\n<li><strong>Versijos kodas:<\/strong>\u00a0PT.<\/li>\n<li class=\"toggleable type-new-formats \"><strong>Formatas:<\/strong>\u00a016,5 x 23,5 x 1,7 cm, kieti vir\u0161eliai<\/li>\n<li><strong>Kalba:<\/strong>\u00a0Lietuvi\u0173<\/li>\n<\/ul>\n","protected":false},"excerpt":{"rendered":"<p>Mano did\u017eiausia aistra \u2013 kurti gro\u017e\u012f. \u012e \u0161i\u0105 knyg\u0105 sud\u0117jau visas makia\u017eo subtilybes ir paslaptis, kad pabr\u0117\u017etum\u0117te gra\u017eiausius savo bruo\u017eus ir spinduliuotum\u0117te pasitik\u0117jimu. Nebijokite eksperimentuoti ir pajuskite makia\u017eo gali\u0105! Greta Gird\u017ei\u016bt\u0117 Greta Gird\u017ei\u016bt\u0117\u00a0\u2013 tarptautinio lygio meistr\u0117, 2016 m. Europos OMC \u010dempionato IV vietos nugal\u0117toja. Ji ne tik s\u0117kmingai dalyvauja gro\u017eio specialist\u0173 konkursuose, bet kartu yra makia\u017eo kurs\u0173 d\u0117stytoja ir dviej\u0173 salon\u0173 \u012fk\u016br\u0117ja. \u0160i jauna, ambicinga ir u\u017esispyrusi moteris \u017eavi klientus profesionalumu ir \u0161iltu bendravimu. Knygoje meistr\u0117 dalijasi makia\u017eo darymo subtilyb\u0117mis ir pataria tik tai, k\u0105 yra i\u0161m\u0117ginusi pati. Internete ir \u017eurnaluose \u2013 anaiptol ne viskas! Knygoje tav\u0119s laukia: Detali informacija apie makia\u017eo \u012frankius \u2013 nuo kempin\u0117l\u0117s iki teptuk\u0173. Nuo\u0161ird\u016bs praktiniai patarimai renkantis priemones: \u201eNe visada geriausia tai, kas brangu.&#8221; Informacija, kaip ir kokiomis priemon\u0117mis u\u017emaskuoti problemines veido vietas ir pary\u0161kinti privalumus Auksin\u0117s veido modeliavimo taisykl\u0117s Aki\u0173 makia\u017eo schemos \u2013 patarimai, kaip tinkamai koreguoti aki\u0173 form\u0105 Sukaupta patirtis, kaip atsirinkti tinkamas priemoni\u0173 spalvas norint sukurti i\u0161skirtin\u012f \u012fvaizd\u012f Patarimai ne tik kaip atlikti makia\u017e\u0105 SAU, bet ir i\u0161sam\u016bs patarimai VIZA\u017dISTAMS Atskleiskite i\u0161skirtinius bruo\u017eus ir spind\u0117kite savitu \u017eavesiu! Autorius:\u00a0Greta Gird\u017ei\u016bt\u0117,\u00a0Agn\u0117 Gird\u017ei\u016bt\u0117 Leid\u0117jas:\u00a0Alma littera Metai:\u00a02016 Puslapiai:\u00a0232 ISBN:\u00a09786090126332 Versijos kodas:\u00a0PT. Formatas:\u00a016,5 x 23,5 x 1,7 cm, kieti vir\u0161eliai Kalba:\u00a0Lietuvi\u0173<\/p>\n","protected":false},"featured_media":13729,"comment_status":"open","ping_status":"closed","template":"","meta":{"_acf_changed":false,"site-sidebar-layout":"default","site-content-layout":"","ast-site-content-layout":"default","site-content-style":"default","site-sidebar-style":"default","ast-global-header-display":"","ast-banner-title-visibility":"","ast-main-header-display":"","ast-hfb-above-header-display":"","ast-hfb-below-header-display":"","ast-hfb-mobile-header-display":"","site-post-title":"","ast-breadcrumbs-content":"","ast-featured-img":"","footer-sml-layout":"","ast-disable-related-posts":"","theme-transparent-header-meta":"default","adv-header-id-meta":"","stick-header-meta":"","header-above-stick-meta":"","header-main-stick-meta":"","header-below-stick-meta":"","astra-migrate-meta-layouts":"set","ast-page-background-enabled":"default","ast-page-background-meta":{"desktop":{"background-color":"","background-image":"","background-repeat":"repeat","background-position":"center center","background-size":"auto","background-attachment":"scroll","background-type":"","background-media":"","overlay-type":"","overlay-color":"","overlay-opacity":"","overlay-gradient":""},"tablet":{"background-color":"","background-image":"","background-repeat":"repeat","background-position":"center center","background-size":"auto","background-attachment":"scroll","background-type":"","background-media":"","overlay-type":"","overlay-color":"","overlay-opacity":"","overlay-gradient":""},"mobile":{"background-color":"","background-image":"","background-repeat":"repeat","background-position":"center center","background-size":"auto","background-attachment":"scroll","background-type":"","background-media":"","overlay-type":"","overlay-color":"","overlay-opacity":"","overlay-gradient":""}},"ast-content-background-meta":{"desktop":{"background-color":"var(--ast-global-color-4)","background-image":"","background-repeat":"repeat","background-position":"center center","background-size":"auto","background-attachment":"scroll","background-type":"","background-media":"","overlay-type":"","overlay-color":"","overlay-opacity":"","overlay-gradient":""},"tablet":{"background-color":"var(--ast-global-color-4)","background-image":"","background-repeat":"repeat","background-position":"center center","background-size":"auto","background-attachment":"scroll","background-type":"","background-media":"","overlay-type":"","overlay-color":"","overlay-opacity":"","overlay-gradient":""},"mobile":{"background-color":"var(--ast-global-color-4)","background-image":"","background-repeat":"repeat","background-position":"center center","background-size":"auto","background-attachment":"scroll","background-type":"","background-media":"","overlay-type":"","overlay-color":"","overlay-opacity":"","overlay-gradient":""}}},"product_brand":[],"product_cat":[15],"product_tag":[],"class_list":{"0":"post-13711","1":"product","2":"type-product","3":"status-publish","4":"has-post-thumbnail","6":"product_cat-uncategorized","7":"desktop-align-left","8":"tablet-align-left","9":"mobile-align-left","11":"first","12":"instock","13":"shipping-taxable","14":"purchasable","15":"product-type-simple"},"acf":[],"yoast_head":"<!-- This site is optimized with the Yoast SEO plugin v27.0 - https:\/\/yoast.com\/product\/yoast-seo-wordpress\/ -->\n<title>Makia\u017eo galia<\/title>\n<meta name=\"description\" content=\"Mano did\u017eiausia aistra \u2013 kurti gro\u017e\u012f. \u012e \u0161i\u0105 knyg\u0105 sud\u0117jau visas makia\u017eo subtilybes ir paslaptis, kad pabr\u0117\u017etum\u0117te gra\u017eiausius savo bruo\u017eus ir\" \/>\n<meta name=\"robots\" content=\"index, follow, max-snippet:-1, max-image-preview:large, max-video-preview:-1\" \/>\n<link rel=\"canonical\" href=\"https:\/\/skaitytaknyga.lt\/en\/produktas\/makiazo-galia\/\" \/>\n<meta property=\"og:locale\" content=\"en_GB\" \/>\n<meta property=\"og:locale:alternate\" content=\"lt_LT\" \/>\n<meta property=\"og:type\" content=\"article\" \/>\n<meta property=\"og:title\" content=\"Makia\u017eo galia\" \/>\n<meta property=\"og:description\" content=\"Mano did\u017eiausia aistra \u2013 kurti gro\u017e\u012f. \u012e \u0161i\u0105 knyg\u0105 sud\u0117jau visas makia\u017eo subtilybes ir paslaptis, kad pabr\u0117\u017etum\u0117te gra\u017eiausius savo bruo\u017eus ir\" \/>\n<meta property=\"og:url\" content=\"https:\/\/skaitytaknyga.lt\/en\/produktas\/makiazo-galia\/\" \/>\n<meta property=\"og:site_name\" content=\"Skaitytaknyga\" \/>\n<meta property=\"article:publisher\" content=\"https:\/\/www.facebook.com\/skaitytaknyga\/\" \/>\n<meta property=\"article:modified_time\" content=\"2024-10-18T07:05:49+00:00\" \/>\n<meta property=\"og:image\" content=\"https:\/\/skaitytaknyga.lt\/wp-content\/uploads\/2024\/09\/Makiazo-galia-1.webp\" \/>\n\t<meta property=\"og:image:width\" content=\"285\" \/>\n\t<meta property=\"og:image:height\" content=\"406\" \/>\n\t<meta property=\"og:image:type\" content=\"image\/webp\" \/>\n<meta name=\"twitter:card\" content=\"summary_large_image\" \/>\n<meta name=\"twitter:label1\" content=\"Estimated reading time\" \/>\n\t<meta name=\"twitter:data1\" content=\"2 minutes\" \/>\n<script type=\"application\/ld+json\" class=\"yoast-schema-graph\">{\"@context\":\"https:\/\/schema.org\",\"@graph\":[{\"@type\":\"WebPage\",\"@id\":\"https:\/\/skaitytaknyga.lt\/produktas\/makiazo-galia\/\",\"url\":\"https:\/\/skaitytaknyga.lt\/produktas\/makiazo-galia\/\",\"name\":\"Makia\u017eo galia\",\"isPartOf\":{\"@id\":\"https:\/\/skaitytaknyga.lt\/#website\"},\"primaryImageOfPage\":{\"@id\":\"https:\/\/skaitytaknyga.lt\/produktas\/makiazo-galia\/#primaryimage\"},\"image\":{\"@id\":\"https:\/\/skaitytaknyga.lt\/produktas\/makiazo-galia\/#primaryimage\"},\"thumbnailUrl\":\"https:\/\/skaitytaknyga.lt\/wp-content\/uploads\/2024\/09\/Makiazo-galia-1.webp\",\"datePublished\":\"2024-09-09T05:49:17+00:00\",\"dateModified\":\"2024-10-18T07:05:49+00:00\",\"description\":\"Mano did\u017eiausia aistra \u2013 kurti gro\u017e\u012f. \u012e \u0161i\u0105 knyg\u0105 sud\u0117jau visas makia\u017eo subtilybes ir paslaptis, kad pabr\u0117\u017etum\u0117te gra\u017eiausius savo bruo\u017eus ir\",\"breadcrumb\":{\"@id\":\"https:\/\/skaitytaknyga.lt\/produktas\/makiazo-galia\/#breadcrumb\"},\"inLanguage\":\"en-GB\",\"potentialAction\":[{\"@type\":\"ReadAction\",\"target\":[\"https:\/\/skaitytaknyga.lt\/produktas\/makiazo-galia\/\"]}]},{\"@type\":\"ImageObject\",\"inLanguage\":\"en-GB\",\"@id\":\"https:\/\/skaitytaknyga.lt\/produktas\/makiazo-galia\/#primaryimage\",\"url\":\"https:\/\/skaitytaknyga.lt\/wp-content\/uploads\/2024\/09\/Makiazo-galia-1.webp\",\"contentUrl\":\"https:\/\/skaitytaknyga.lt\/wp-content\/uploads\/2024\/09\/Makiazo-galia-1.webp\",\"width\":285,\"height\":406,\"caption\":\"Makia\u017eo galia\"},{\"@type\":\"BreadcrumbList\",\"@id\":\"https:\/\/skaitytaknyga.lt\/produktas\/makiazo-galia\/#breadcrumb\",\"itemListElement\":[{\"@type\":\"ListItem\",\"position\":1,\"name\":\"Home\",\"item\":\"https:\/\/skaitytaknyga.lt\/\"},{\"@type\":\"ListItem\",\"position\":2,\"name\":\"Parduotuv\u0117\",\"item\":\"https:\/\/skaitytaknyga.lt\/knygu-parduotuve\/\"},{\"@type\":\"ListItem\",\"position\":3,\"name\":\"Makia\u017eo galia\"}]},{\"@type\":\"WebSite\",\"@id\":\"https:\/\/skaitytaknyga.lt\/#website\",\"url\":\"https:\/\/skaitytaknyga.lt\/\",\"name\":\"skaitytaknyga.lt\",\"description\":\"Skaitytaknyga.lt \u2013 tai ma\u017eas \u0161eimos verslas, kuris prasid\u0117jo nuo meil\u0117s knygoms ir siekio i\u0161gelb\u0117ti knygas nuo likimo prie konteinerio. Kas vienam nereikalingas daiktas \u2013 kitam lobis, o mes esame tarpininkai, kurie padeda abiems tapti laimingesniems ???? \u017dinome kaip nelengva i\u0161gyventi ma\u017eiems verslams, tad nuo \u0161iol, \u010dia rasite ir kit\u0173, ma\u017e\u0173 \u0161eim\u0173 versl\u0173, rank\u0173 darbo, dovan\u0173 sau ir artimiesiems.\",\"publisher\":{\"@id\":\"https:\/\/skaitytaknyga.lt\/#organization\"},\"potentialAction\":[{\"@type\":\"SearchAction\",\"target\":{\"@type\":\"EntryPoint\",\"urlTemplate\":\"https:\/\/skaitytaknyga.lt\/?s={search_term_string}\"},\"query-input\":{\"@type\":\"PropertyValueSpecification\",\"valueRequired\":true,\"valueName\":\"search_term_string\"}}],\"inLanguage\":\"en-GB\"},{\"@type\":\"Organization\",\"@id\":\"https:\/\/skaitytaknyga.lt\/#organization\",\"name\":\"skaitytaknyga.lt\",\"url\":\"https:\/\/skaitytaknyga.lt\/\",\"logo\":{\"@type\":\"ImageObject\",\"inLanguage\":\"en-GB\",\"@id\":\"https:\/\/skaitytaknyga.lt\/#\/schema\/logo\/image\/\",\"url\":\"https:\/\/skaitytaknyga.lt\/wp-content\/uploads\/2024\/05\/cropped-cropped-cropped-02_00843_jt3bggkj1j3HLc7SyY6rEUpg.jpeg\",\"contentUrl\":\"https:\/\/skaitytaknyga.lt\/wp-content\/uploads\/2024\/05\/cropped-cropped-cropped-02_00843_jt3bggkj1j3HLc7SyY6rEUpg.jpeg\",\"width\":1600,\"height\":1600,\"caption\":\"skaitytaknyga.lt\"},\"image\":{\"@id\":\"https:\/\/skaitytaknyga.lt\/#\/schema\/logo\/image\/\"},\"sameAs\":[\"https:\/\/www.facebook.com\/skaitytaknyga\/\"]}]}<\/script>\n<!-- \/ Yoast SEO plugin. -->","yoast_head_json":{"title":"Makia\u017eo galia","description":"Mano did\u017eiausia aistra \u2013 kurti gro\u017e\u012f. \u012e \u0161i\u0105 knyg\u0105 sud\u0117jau visas makia\u017eo subtilybes ir paslaptis, kad pabr\u0117\u017etum\u0117te gra\u017eiausius savo bruo\u017eus ir","robots":{"index":"index","follow":"follow","max-snippet":"max-snippet:-1","max-image-preview":"max-image-preview:large","max-video-preview":"max-video-preview:-1"},"canonical":"https:\/\/skaitytaknyga.lt\/en\/produktas\/makiazo-galia\/","og_locale":"en_GB","og_type":"article","og_title":"[:lt]Makia\u017eo galia[:] - Skaitytaknyga","og_description":"Mano did\u017eiausia aistra \u2013 kurti gro\u017e\u012f. \u012e \u0161i\u0105 knyg\u0105 sud\u0117jau visas makia\u017eo subtilybes ir paslaptis, kad pabr\u0117\u017etum\u0117te gra\u017eiausius savo bruo\u017eus ir","og_url":"https:\/\/skaitytaknyga.lt\/en\/produktas\/makiazo-galia\/","og_site_name":"Skaitytaknyga","article_publisher":"https:\/\/www.facebook.com\/skaitytaknyga\/","article_modified_time":"2024-10-18T07:05:49+00:00","og_image":[{"width":285,"height":406,"url":"https:\/\/skaitytaknyga.lt\/wp-content\/uploads\/2024\/09\/Makiazo-galia-1.webp","type":"image\/webp"}],"twitter_card":"summary_large_image","twitter_misc":{"Estimated reading time":"2 minutes"},"schema":{"@context":"https:\/\/schema.org","@graph":[{"@type":"WebPage","@id":"https:\/\/skaitytaknyga.lt\/produktas\/makiazo-galia\/","url":"https:\/\/skaitytaknyga.lt\/produktas\/makiazo-galia\/","name":"Makia\u017eo galia","isPartOf":{"@id":"https:\/\/skaitytaknyga.lt\/#website"},"primaryImageOfPage":{"@id":"https:\/\/skaitytaknyga.lt\/produktas\/makiazo-galia\/#primaryimage"},"image":{"@id":"https:\/\/skaitytaknyga.lt\/produktas\/makiazo-galia\/#primaryimage"},"thumbnailUrl":"https:\/\/skaitytaknyga.lt\/wp-content\/uploads\/2024\/09\/Makiazo-galia-1.webp","datePublished":"2024-09-09T05:49:17+00:00","dateModified":"2024-10-18T07:05:49+00:00","description":"Mano did\u017eiausia aistra \u2013 kurti gro\u017e\u012f. \u012e \u0161i\u0105 knyg\u0105 sud\u0117jau visas makia\u017eo subtilybes ir paslaptis, kad pabr\u0117\u017etum\u0117te gra\u017eiausius savo bruo\u017eus ir","breadcrumb":{"@id":"https:\/\/skaitytaknyga.lt\/produktas\/makiazo-galia\/#breadcrumb"},"inLanguage":"en-GB","potentialAction":[{"@type":"ReadAction","target":["https:\/\/skaitytaknyga.lt\/produktas\/makiazo-galia\/"]}]},{"@type":"ImageObject","inLanguage":"en-GB","@id":"https:\/\/skaitytaknyga.lt\/produktas\/makiazo-galia\/#primaryimage","url":"https:\/\/skaitytaknyga.lt\/wp-content\/uploads\/2024\/09\/Makiazo-galia-1.webp","contentUrl":"https:\/\/skaitytaknyga.lt\/wp-content\/uploads\/2024\/09\/Makiazo-galia-1.webp","width":285,"height":406,"caption":"Makia\u017eo galia"},{"@type":"BreadcrumbList","@id":"https:\/\/skaitytaknyga.lt\/produktas\/makiazo-galia\/#breadcrumb","itemListElement":[{"@type":"ListItem","position":1,"name":"Home","item":"https:\/\/skaitytaknyga.lt\/"},{"@type":"ListItem","position":2,"name":"Parduotuv\u0117","item":"https:\/\/skaitytaknyga.lt\/knygu-parduotuve\/"},{"@type":"ListItem","position":3,"name":"Makia\u017eo galia"}]},{"@type":"WebSite","@id":"https:\/\/skaitytaknyga.lt\/#website","url":"https:\/\/skaitytaknyga.lt\/","name":"skaitytaknyga.lt","description":"Skaitytaknyga.lt \u2013 tai ma\u017eas \u0161eimos verslas, kuris prasid\u0117jo nuo meil\u0117s knygoms ir siekio i\u0161gelb\u0117ti knygas nuo likimo prie konteinerio. Kas vienam nereikalingas daiktas \u2013 kitam lobis, o mes esame tarpininkai, kurie padeda abiems tapti laimingesniems ???? \u017dinome kaip nelengva i\u0161gyventi ma\u017eiems verslams, tad nuo \u0161iol, \u010dia rasite ir kit\u0173, ma\u017e\u0173 \u0161eim\u0173 versl\u0173, rank\u0173 darbo, dovan\u0173 sau ir artimiesiems.","publisher":{"@id":"https:\/\/skaitytaknyga.lt\/#organization"},"potentialAction":[{"@type":"SearchAction","target":{"@type":"EntryPoint","urlTemplate":"https:\/\/skaitytaknyga.lt\/?s={search_term_string}"},"query-input":{"@type":"PropertyValueSpecification","valueRequired":true,"valueName":"search_term_string"}}],"inLanguage":"en-GB"},{"@type":"Organization","@id":"https:\/\/skaitytaknyga.lt\/#organization","name":"skaitytaknyga.lt","url":"https:\/\/skaitytaknyga.lt\/","logo":{"@type":"ImageObject","inLanguage":"en-GB","@id":"https:\/\/skaitytaknyga.lt\/#\/schema\/logo\/image\/","url":"https:\/\/skaitytaknyga.lt\/wp-content\/uploads\/2024\/05\/cropped-cropped-cropped-02_00843_jt3bggkj1j3HLc7SyY6rEUpg.jpeg","contentUrl":"https:\/\/skaitytaknyga.lt\/wp-content\/uploads\/2024\/05\/cropped-cropped-cropped-02_00843_jt3bggkj1j3HLc7SyY6rEUpg.jpeg","width":1600,"height":1600,"caption":"skaitytaknyga.lt"},"image":{"@id":"https:\/\/skaitytaknyga.lt\/#\/schema\/logo\/image\/"},"sameAs":["https:\/\/www.facebook.com\/skaitytaknyga\/"]}]}},"_links":{"self":[{"href":"https:\/\/skaitytaknyga.lt\/en\/wp-json\/wp\/v2\/product\/13711","targetHints":{"allow":["GET"]}}],"collection":[{"href":"https:\/\/skaitytaknyga.lt\/en\/wp-json\/wp\/v2\/product"}],"about":[{"href":"https:\/\/skaitytaknyga.lt\/en\/wp-json\/wp\/v2\/types\/product"}],"replies":[{"embeddable":true,"href":"https:\/\/skaitytaknyga.lt\/en\/wp-json\/wp\/v2\/comments?post=13711"}],"wp:featuredmedia":[{"embeddable":true,"href":"https:\/\/skaitytaknyga.lt\/en\/wp-json\/wp\/v2\/media\/13729"}],"wp:attachment":[{"href":"https:\/\/skaitytaknyga.lt\/en\/wp-json\/wp\/v2\/media?parent=13711"}],"wp:term":[{"taxonomy":"product_brand","embeddable":true,"href":"https:\/\/skaitytaknyga.lt\/en\/wp-json\/wp\/v2\/product_brand?post=13711"},{"taxonomy":"product_cat","embeddable":true,"href":"https:\/\/skaitytaknyga.lt\/en\/wp-json\/wp\/v2\/product_cat?post=13711"},{"taxonomy":"product_tag","embeddable":true,"href":"https:\/\/skaitytaknyga.lt\/en\/wp-json\/wp\/v2\/product_tag?post=13711"}],"curies":[{"name":"wp","href":"https:\/\/api.w.org\/{rel}","templated":true}]}}