{"id":13710,"date":"2024-09-09T08:49:16","date_gmt":"2024-09-09T05:49:16","guid":{"rendered":"https:\/\/skaitytaknyga.lt\/?post_type=product&#038;p=13710"},"modified":"2025-10-30T08:27:58","modified_gmt":"2025-10-30T06:27:58","slug":"leander-kahney-apple-smegenys-steveo-jobso-verslo-paslaptys","status":"publish","type":"product","link":"https:\/\/skaitytaknyga.lt\/en\/produktas\/leander-kahney-apple-smegenys-steveo-jobso-verslo-paslaptys\/","title":{"rendered":"Apple smegenys: Steve\u2019o Jobso verslo paslaptys"},"content":{"rendered":"<p><strong>Steve\u2019o Jobso verslo paslaptys<\/strong><\/p>\n<p><em>Mac<\/em>\u00a0kompiuteri\u0173 kultas ir kult\u016bra&#8230;<\/p>\n<p><em>Pixar<\/em>\u00a0kompiuterin\u0117 animacija, u\u017ekariavusi Holivud\u0105\u2026<\/p>\n<p>Mp3 grotuvas\u00a0<em>Ipod<\/em>, suk\u0117l\u0119s revoliucij\u0105 muzikos pasaulyje\u2026<\/p>\n<p>\u2026 ir galiausiai\u00a0<em>Iphone<\/em>\u00a0\u2013 geid\u017eiamiausias pasaulyje mobilusis telefonas.<\/p>\n<p>Sunku patik\u0117ti, kad vis\u0173 \u0161i\u0173 perversm\u0173 \u201ekaltininkas\u201c yra vienas \u017emogus \u2013 kompanijos\u00a0<em>Apple<\/em>\u00a0vadovas Steve\u2019as Jobsas. Ta\u010diau jo vadovavimo stilius \u2013 ne ma\u017eiau unikalus nei pasiekimai.<\/p>\n<p>Garsiausias XXI-ojo am\u017eiaus technologij\u0173 \u012fmon\u0117s vadovas yra pami\u0161\u0119s d\u0117l kontrol\u0117s. Jis dzenbudistas ir antimaterialistas. Steve\u2019as Jobsas gars\u0117ja kontroversi\u0161kais parei\u0161kimais, atleid\u017eia darbuotojus tiesiog lifte ir savinasi kit\u0173 \u017emoni\u0173 pasiekimus. Egomaniakas, kurio vadovavimo stilius primena sociopato biografij\u0105, kuriame dominuoja \u017eemiausi instinktai \u2013 siekis kontroliuoti, i\u0161naudoti, dominuoti. Kokia gi tikroji istorija? Kas \u0161is \u017emogus \u2013 genijus ar tironas?<\/p>\n<p>\u0160ioje knygoje antr\u0105 de\u0161imtmet\u012f\u00a0<em>Apple<\/em>\u00a0kompanij\u0105 ir jos vadov\u0105 tyrin\u0117jantis Leander Kahney atskleid\u017eia, kokiais principais vadovaujasi Jobsas, kurdamas nepaprastai populiarius, novatori\u0161kus produktus. Jis atskleid\u017eia, kaip asmenines savybes, kit\u0173 laikomas tr\u016bkumais \u2013 narcisizm\u0105, pedanti\u0161kum\u0105, visi\u0161k\u0105 pasikliovim\u0105 intuicija, &#8211; Jobsas i\u0161naudoja s\u0117kmingam\u00a0<em>Apple<\/em>\u00a0ir\u00a0<em>Pixar<\/em>\u00a0kompanij\u0173 vadovavimui ir konkurencinei kovai. Gal\u0173 gale, jis atskleid\u017eia, kaip savo smegenimis jis u\u017edirba milijardus doleri\u0173, galvodamas ne apie pinigus, o apie vartotoj\u0105.<\/p>\n<p>Keli \u012fdom\u016bs faktai:<\/p>\n<p>\u2022 Gr\u012f\u017e\u0119s \u012f\u00a0<em>Apple\u00a0<\/em>Jobs`as nutrauk\u0117 40 produkt\u0173 gamyb\u0105 ir liko prie 4: 2 ne\u0161iojam\u0173 ir 2 stalo kompiuteri\u0173. Tai i\u0161gelb\u0117jo Apple nuo bankroto.<\/p>\n<p>\u2022 1 Apple parduotuv\u0117 daro kit\u0173 6 to paties prekybos centro parduotuvi\u0173 apyvart\u0105.<\/p>\n<p>\u2022 Jobsas supranta, kad svarbiausia dizainas: \u201eKai kas mano, jog dizainas \u2013 tai i\u0161vaizda. \u017dinoma&#8230; nors i\u0161 ties\u0173 dizainas \u2013 tai kaip tas daiktas veikia\u201c.<\/p>\n<p>\u2022 Apple kompanijoje dirbama taip slaptai, kad joks skyrius nepamato naujo produkto ir negali papasakoti nami\u0161kiams, kaip atrodys naujausias iPod`as, kol jis nepasirodo rinkoje.<\/p>\n<ul class=\"about-product d-none d-xl-block mt-4\">\n<li><strong>Autorius:<\/strong>\u00a0Leander Kahney<\/li>\n<li><strong>Leid\u0117jas:<\/strong>\u00a0Obuolys<\/li>\n<li><strong>Metai:<\/strong>\u00a02008<\/li>\n<li><strong>Puslapiai:<\/strong>\u00a0240<\/li>\n<li><strong>ISBN:<\/strong>\u00a09789955700814<\/li>\n<li><strong>Formatas:<\/strong>\u00a015 x 24 cm, kieti vir\u0161eliai<\/li>\n<li><strong>Kalba:<\/strong>\u00a0Lietuvi\u0173<\/li>\n<li><strong>Vert\u0117jas:<\/strong>\u00a0Rasa Krulikauskien\u0117<\/li>\n<li><strong>Knyg\u0173 serija:<\/strong>\u00a0<a href=\"https:\/\/www.knygos.lt\/lt\/knygos\/serija\/guru\/\">Guru<\/a><\/li>\n<\/ul>\n","protected":false},"excerpt":{"rendered":"<p>Steve\u2019o Jobso verslo paslaptys Mac\u00a0kompiuteri\u0173 kultas ir kult\u016bra&#8230; Pixar\u00a0kompiuterin\u0117 animacija, u\u017ekariavusi Holivud\u0105\u2026 Mp3 grotuvas\u00a0Ipod, suk\u0117l\u0119s revoliucij\u0105 muzikos pasaulyje\u2026 \u2026 ir galiausiai\u00a0Iphone\u00a0\u2013 geid\u017eiamiausias pasaulyje mobilusis telefonas. Sunku patik\u0117ti, kad vis\u0173 \u0161i\u0173 perversm\u0173 \u201ekaltininkas\u201c yra vienas \u017emogus \u2013 kompanijos\u00a0Apple\u00a0vadovas Steve\u2019as Jobsas. Ta\u010diau jo vadovavimo stilius \u2013 ne ma\u017eiau unikalus nei pasiekimai. Garsiausias XXI-ojo am\u017eiaus technologij\u0173 \u012fmon\u0117s vadovas yra pami\u0161\u0119s d\u0117l kontrol\u0117s. Jis dzenbudistas ir antimaterialistas. Steve\u2019as Jobsas gars\u0117ja kontroversi\u0161kais parei\u0161kimais, atleid\u017eia darbuotojus tiesiog lifte ir savinasi kit\u0173 \u017emoni\u0173 pasiekimus. Egomaniakas, kurio vadovavimo stilius primena sociopato biografij\u0105, kuriame dominuoja \u017eemiausi instinktai \u2013 siekis kontroliuoti, i\u0161naudoti, dominuoti. Kokia gi tikroji istorija? Kas \u0161is \u017emogus \u2013 genijus ar tironas? \u0160ioje knygoje antr\u0105 de\u0161imtmet\u012f\u00a0Apple\u00a0kompanij\u0105 ir jos vadov\u0105 tyrin\u0117jantis Leander Kahney atskleid\u017eia, kokiais principais vadovaujasi Jobsas, kurdamas nepaprastai populiarius, novatori\u0161kus produktus. Jis atskleid\u017eia, kaip asmenines savybes, kit\u0173 laikomas tr\u016bkumais \u2013 narcisizm\u0105, pedanti\u0161kum\u0105, visi\u0161k\u0105 pasikliovim\u0105 intuicija, &#8211; Jobsas i\u0161naudoja s\u0117kmingam\u00a0Apple\u00a0ir\u00a0Pixar\u00a0kompanij\u0173 vadovavimui ir konkurencinei kovai. Gal\u0173 gale, jis atskleid\u017eia, kaip savo smegenimis jis u\u017edirba milijardus doleri\u0173, galvodamas ne apie pinigus, o apie vartotoj\u0105. Keli \u012fdom\u016bs faktai: \u2022 Gr\u012f\u017e\u0119s \u012f\u00a0Apple\u00a0Jobs`as nutrauk\u0117 40 produkt\u0173 gamyb\u0105 ir liko prie 4: 2 ne\u0161iojam\u0173 ir 2 stalo kompiuteri\u0173. Tai i\u0161gelb\u0117jo Apple nuo bankroto. \u2022 1 Apple parduotuv\u0117 daro kit\u0173 6 to paties prekybos centro parduotuvi\u0173 apyvart\u0105. \u2022 Jobsas supranta, kad svarbiausia dizainas: \u201eKai kas mano, jog dizainas \u2013 tai i\u0161vaizda. \u017dinoma&#8230; nors i\u0161 ties\u0173 dizainas \u2013 tai kaip tas daiktas veikia\u201c. \u2022 Apple kompanijoje dirbama taip slaptai, kad joks skyrius nepamato naujo produkto ir negali papasakoti nami\u0161kiams, kaip atrodys naujausias iPod`as, kol jis nepasirodo rinkoje. Autorius:\u00a0Leander Kahney Leid\u0117jas:\u00a0Obuolys Metai:\u00a02008 Puslapiai:\u00a0240 ISBN:\u00a09789955700814 Formatas:\u00a015 x 24 cm, kieti vir\u0161eliai Kalba:\u00a0Lietuvi\u0173 Vert\u0117jas:\u00a0Rasa Krulikauskien\u0117 Knyg\u0173 serija:\u00a0Guru<\/p>\n","protected":false},"featured_media":13726,"comment_status":"open","ping_status":"closed","template":"","meta":{"_acf_changed":false,"site-sidebar-layout":"default","site-content-layout":"","ast-site-content-layout":"default","site-content-style":"default","site-sidebar-style":"default","ast-global-header-display":"","ast-banner-title-visibility":"","ast-main-header-display":"","ast-hfb-above-header-display":"","ast-hfb-below-header-display":"","ast-hfb-mobile-header-display":"","site-post-title":"","ast-breadcrumbs-content":"","ast-featured-img":"","footer-sml-layout":"","ast-disable-related-posts":"","theme-transparent-header-meta":"default","adv-header-id-meta":"","stick-header-meta":"","header-above-stick-meta":"","header-main-stick-meta":"","header-below-stick-meta":"","astra-migrate-meta-layouts":"set","ast-page-background-enabled":"default","ast-page-background-meta":{"desktop":{"background-color":"","background-image":"","background-repeat":"repeat","background-position":"center center","background-size":"auto","background-attachment":"scroll","background-type":"","background-media":"","overlay-type":"","overlay-color":"","overlay-opacity":"","overlay-gradient":""},"tablet":{"background-color":"","background-image":"","background-repeat":"repeat","background-position":"center center","background-size":"auto","background-attachment":"scroll","background-type":"","background-media":"","overlay-type":"","overlay-color":"","overlay-opacity":"","overlay-gradient":""},"mobile":{"background-color":"","background-image":"","background-repeat":"repeat","background-position":"center center","background-size":"auto","background-attachment":"scroll","background-type":"","background-media":"","overlay-type":"","overlay-color":"","overlay-opacity":"","overlay-gradient":""}},"ast-content-background-meta":{"desktop":{"background-color":"var(--ast-global-color-4)","background-image":"","background-repeat":"repeat","background-position":"center center","background-size":"auto","background-attachment":"scroll","background-type":"","background-media":"","overlay-type":"","overlay-color":"","overlay-opacity":"","overlay-gradient":""},"tablet":{"background-color":"var(--ast-global-color-4)","background-image":"","background-repeat":"repeat","background-position":"center center","background-size":"auto","background-attachment":"scroll","background-type":"","background-media":"","overlay-type":"","overlay-color":"","overlay-opacity":"","overlay-gradient":""},"mobile":{"background-color":"var(--ast-global-color-4)","background-image":"","background-repeat":"repeat","background-position":"center center","background-size":"auto","background-attachment":"scroll","background-type":"","background-media":"","overlay-type":"","overlay-color":"","overlay-opacity":"","overlay-gradient":""}}},"product_brand":[],"product_cat":[33,15,26],"product_tag":[4572,2045,4570,4571,3598,2356],"class_list":{"0":"post-13710","1":"product","2":"type-product","3":"status-publish","4":"has-post-thumbnail","6":"product_cat-biografijos","7":"product_cat-uncategorized","8":"product_cat-verslas-vadyba-ir-finansai","9":"product_tag-apple","10":"product_tag-biografija","11":"product_tag-leander-kahney","12":"product_tag-steve-jobs","13":"product_tag-technologijos","14":"product_tag-verslas","15":"desktop-align-left","16":"tablet-align-left","17":"mobile-align-left","19":"first","20":"instock","21":"shipping-taxable","22":"purchasable","23":"product-type-simple"},"acf":[],"yoast_head":"<!-- This site is optimized with the Yoast SEO plugin v27.0 - https:\/\/yoast.com\/product\/yoast-seo-wordpress\/ -->\n<title>Apple smegenys: Steve\u2019o Jobso verslo paslaptys<\/title>\n<meta name=\"description\" content=\"Steve\u2019o Jobso verslo paslaptys Mac\u00a0kompiuteri\u0173 kultas ir kult\u016bra... Pixar\u00a0kompiuterin\u0117 animacija, u\u017ekariavusi Holivud\u0105\u2026 Mp3 grotuvas\u00a0Ipod, suk\u0117l\u0119s\" \/>\n<meta name=\"robots\" content=\"index, follow, max-snippet:-1, max-image-preview:large, max-video-preview:-1\" \/>\n<link rel=\"canonical\" href=\"https:\/\/skaitytaknyga.lt\/en\/produktas\/leander-kahney-apple-smegenys-steveo-jobso-verslo-paslaptys\/\" \/>\n<meta property=\"og:locale\" content=\"en_GB\" \/>\n<meta property=\"og:locale:alternate\" content=\"lt_LT\" \/>\n<meta property=\"og:type\" content=\"article\" \/>\n<meta property=\"og:title\" content=\"Apple smegenys: Steve\u2019o Jobso verslo paslaptys\" \/>\n<meta property=\"og:description\" content=\"Steve\u2019o Jobso verslo paslaptys Mac\u00a0kompiuteri\u0173 kultas ir kult\u016bra... Pixar\u00a0kompiuterin\u0117 animacija, u\u017ekariavusi Holivud\u0105\u2026 Mp3 grotuvas\u00a0Ipod, suk\u0117l\u0119s\" \/>\n<meta property=\"og:url\" content=\"https:\/\/skaitytaknyga.lt\/en\/produktas\/leander-kahney-apple-smegenys-steveo-jobso-verslo-paslaptys\/\" \/>\n<meta property=\"og:site_name\" content=\"Skaitytaknyga\" \/>\n<meta property=\"article:publisher\" content=\"https:\/\/www.facebook.com\/skaitytaknyga\/\" \/>\n<meta property=\"article:modified_time\" content=\"2025-10-30T06:27:58+00:00\" \/>\n<meta property=\"og:image\" content=\"https:\/\/skaitytaknyga.lt\/wp-content\/uploads\/2024\/09\/Apple-smegenys-Steveo-Jobso-verslo-paslaptys.webp\" \/>\n\t<meta property=\"og:image:width\" content=\"342\" \/>\n\t<meta property=\"og:image:height\" content=\"575\" \/>\n\t<meta property=\"og:image:type\" content=\"image\/webp\" \/>\n<meta name=\"twitter:card\" content=\"summary_large_image\" \/>\n<meta name=\"twitter:label1\" content=\"Estimated reading time\" \/>\n\t<meta name=\"twitter:data1\" content=\"2 minutes\" \/>\n<script type=\"application\/ld+json\" class=\"yoast-schema-graph\">{\"@context\":\"https:\/\/schema.org\",\"@graph\":[{\"@type\":\"WebPage\",\"@id\":\"https:\/\/skaitytaknyga.lt\/produktas\/leander-kahney-apple-smegenys-steveo-jobso-verslo-paslaptys\/\",\"url\":\"https:\/\/skaitytaknyga.lt\/produktas\/leander-kahney-apple-smegenys-steveo-jobso-verslo-paslaptys\/\",\"name\":\"Apple smegenys: Steve\u2019o Jobso verslo paslaptys\",\"isPartOf\":{\"@id\":\"https:\/\/skaitytaknyga.lt\/#website\"},\"primaryImageOfPage\":{\"@id\":\"https:\/\/skaitytaknyga.lt\/produktas\/leander-kahney-apple-smegenys-steveo-jobso-verslo-paslaptys\/#primaryimage\"},\"image\":{\"@id\":\"https:\/\/skaitytaknyga.lt\/produktas\/leander-kahney-apple-smegenys-steveo-jobso-verslo-paslaptys\/#primaryimage\"},\"thumbnailUrl\":\"https:\/\/skaitytaknyga.lt\/wp-content\/uploads\/2024\/09\/Apple-smegenys-Steveo-Jobso-verslo-paslaptys.webp\",\"datePublished\":\"2024-09-09T05:49:16+00:00\",\"dateModified\":\"2025-10-30T06:27:58+00:00\",\"description\":\"Steve\u2019o Jobso verslo paslaptys Mac\u00a0kompiuteri\u0173 kultas ir kult\u016bra... Pixar\u00a0kompiuterin\u0117 animacija, u\u017ekariavusi Holivud\u0105\u2026 Mp3 grotuvas\u00a0Ipod, suk\u0117l\u0119s\",\"breadcrumb\":{\"@id\":\"https:\/\/skaitytaknyga.lt\/produktas\/leander-kahney-apple-smegenys-steveo-jobso-verslo-paslaptys\/#breadcrumb\"},\"inLanguage\":\"en-GB\",\"potentialAction\":[{\"@type\":\"ReadAction\",\"target\":[\"https:\/\/skaitytaknyga.lt\/produktas\/leander-kahney-apple-smegenys-steveo-jobso-verslo-paslaptys\/\"]}]},{\"@type\":\"ImageObject\",\"inLanguage\":\"en-GB\",\"@id\":\"https:\/\/skaitytaknyga.lt\/produktas\/leander-kahney-apple-smegenys-steveo-jobso-verslo-paslaptys\/#primaryimage\",\"url\":\"https:\/\/skaitytaknyga.lt\/wp-content\/uploads\/2024\/09\/Apple-smegenys-Steveo-Jobso-verslo-paslaptys.webp\",\"contentUrl\":\"https:\/\/skaitytaknyga.lt\/wp-content\/uploads\/2024\/09\/Apple-smegenys-Steveo-Jobso-verslo-paslaptys.webp\",\"width\":342,\"height\":575,\"caption\":\"Apple smegenys Steve\u2019o Jobso verslo paslaptys\"},{\"@type\":\"BreadcrumbList\",\"@id\":\"https:\/\/skaitytaknyga.lt\/produktas\/leander-kahney-apple-smegenys-steveo-jobso-verslo-paslaptys\/#breadcrumb\",\"itemListElement\":[{\"@type\":\"ListItem\",\"position\":1,\"name\":\"Home\",\"item\":\"https:\/\/skaitytaknyga.lt\/\"},{\"@type\":\"ListItem\",\"position\":2,\"name\":\"Parduotuv\u0117\",\"item\":\"https:\/\/skaitytaknyga.lt\/knygu-parduotuve\/\"},{\"@type\":\"ListItem\",\"position\":3,\"name\":\"Apple smegenys: Steve\u2019o Jobso verslo paslaptys\"}]},{\"@type\":\"WebSite\",\"@id\":\"https:\/\/skaitytaknyga.lt\/#website\",\"url\":\"https:\/\/skaitytaknyga.lt\/\",\"name\":\"skaitytaknyga.lt\",\"description\":\"Skaitytaknyga.lt \u2013 tai ma\u017eas \u0161eimos verslas, kuris prasid\u0117jo nuo meil\u0117s knygoms ir siekio i\u0161gelb\u0117ti knygas nuo likimo prie konteinerio. Kas vienam nereikalingas daiktas \u2013 kitam lobis, o mes esame tarpininkai, kurie padeda abiems tapti laimingesniems ???? \u017dinome kaip nelengva i\u0161gyventi ma\u017eiems verslams, tad nuo \u0161iol, \u010dia rasite ir kit\u0173, ma\u017e\u0173 \u0161eim\u0173 versl\u0173, rank\u0173 darbo, dovan\u0173 sau ir artimiesiems.\",\"publisher\":{\"@id\":\"https:\/\/skaitytaknyga.lt\/#organization\"},\"potentialAction\":[{\"@type\":\"SearchAction\",\"target\":{\"@type\":\"EntryPoint\",\"urlTemplate\":\"https:\/\/skaitytaknyga.lt\/?s={search_term_string}\"},\"query-input\":{\"@type\":\"PropertyValueSpecification\",\"valueRequired\":true,\"valueName\":\"search_term_string\"}}],\"inLanguage\":\"en-GB\"},{\"@type\":\"Organization\",\"@id\":\"https:\/\/skaitytaknyga.lt\/#organization\",\"name\":\"skaitytaknyga.lt\",\"url\":\"https:\/\/skaitytaknyga.lt\/\",\"logo\":{\"@type\":\"ImageObject\",\"inLanguage\":\"en-GB\",\"@id\":\"https:\/\/skaitytaknyga.lt\/#\/schema\/logo\/image\/\",\"url\":\"https:\/\/skaitytaknyga.lt\/wp-content\/uploads\/2024\/05\/cropped-cropped-cropped-02_00843_jt3bggkj1j3HLc7SyY6rEUpg.jpeg\",\"contentUrl\":\"https:\/\/skaitytaknyga.lt\/wp-content\/uploads\/2024\/05\/cropped-cropped-cropped-02_00843_jt3bggkj1j3HLc7SyY6rEUpg.jpeg\",\"width\":1600,\"height\":1600,\"caption\":\"skaitytaknyga.lt\"},\"image\":{\"@id\":\"https:\/\/skaitytaknyga.lt\/#\/schema\/logo\/image\/\"},\"sameAs\":[\"https:\/\/www.facebook.com\/skaitytaknyga\/\"]}]}<\/script>\n<!-- \/ Yoast SEO plugin. -->","yoast_head_json":{"title":"Apple smegenys: Steve\u2019o Jobso verslo paslaptys","description":"Steve\u2019o Jobso verslo paslaptys Mac\u00a0kompiuteri\u0173 kultas ir kult\u016bra... Pixar\u00a0kompiuterin\u0117 animacija, u\u017ekariavusi Holivud\u0105\u2026 Mp3 grotuvas\u00a0Ipod, suk\u0117l\u0119s","robots":{"index":"index","follow":"follow","max-snippet":"max-snippet:-1","max-image-preview":"max-image-preview:large","max-video-preview":"max-video-preview:-1"},"canonical":"https:\/\/skaitytaknyga.lt\/en\/produktas\/leander-kahney-apple-smegenys-steveo-jobso-verslo-paslaptys\/","og_locale":"en_GB","og_type":"article","og_title":"[:lt]Apple smegenys: Steve\u2019o Jobso verslo paslaptys[:] - Skaitytaknyga","og_description":"Steve\u2019o Jobso verslo paslaptys Mac\u00a0kompiuteri\u0173 kultas ir kult\u016bra... Pixar\u00a0kompiuterin\u0117 animacija, u\u017ekariavusi Holivud\u0105\u2026 Mp3 grotuvas\u00a0Ipod, suk\u0117l\u0119s","og_url":"https:\/\/skaitytaknyga.lt\/en\/produktas\/leander-kahney-apple-smegenys-steveo-jobso-verslo-paslaptys\/","og_site_name":"Skaitytaknyga","article_publisher":"https:\/\/www.facebook.com\/skaitytaknyga\/","article_modified_time":"2025-10-30T06:27:58+00:00","og_image":[{"width":342,"height":575,"url":"https:\/\/skaitytaknyga.lt\/wp-content\/uploads\/2024\/09\/Apple-smegenys-Steveo-Jobso-verslo-paslaptys.webp","type":"image\/webp"}],"twitter_card":"summary_large_image","twitter_misc":{"Estimated reading time":"2 minutes"},"schema":{"@context":"https:\/\/schema.org","@graph":[{"@type":"WebPage","@id":"https:\/\/skaitytaknyga.lt\/produktas\/leander-kahney-apple-smegenys-steveo-jobso-verslo-paslaptys\/","url":"https:\/\/skaitytaknyga.lt\/produktas\/leander-kahney-apple-smegenys-steveo-jobso-verslo-paslaptys\/","name":"Apple smegenys: Steve\u2019o Jobso verslo paslaptys","isPartOf":{"@id":"https:\/\/skaitytaknyga.lt\/#website"},"primaryImageOfPage":{"@id":"https:\/\/skaitytaknyga.lt\/produktas\/leander-kahney-apple-smegenys-steveo-jobso-verslo-paslaptys\/#primaryimage"},"image":{"@id":"https:\/\/skaitytaknyga.lt\/produktas\/leander-kahney-apple-smegenys-steveo-jobso-verslo-paslaptys\/#primaryimage"},"thumbnailUrl":"https:\/\/skaitytaknyga.lt\/wp-content\/uploads\/2024\/09\/Apple-smegenys-Steveo-Jobso-verslo-paslaptys.webp","datePublished":"2024-09-09T05:49:16+00:00","dateModified":"2025-10-30T06:27:58+00:00","description":"Steve\u2019o Jobso verslo paslaptys Mac\u00a0kompiuteri\u0173 kultas ir kult\u016bra... Pixar\u00a0kompiuterin\u0117 animacija, u\u017ekariavusi Holivud\u0105\u2026 Mp3 grotuvas\u00a0Ipod, suk\u0117l\u0119s","breadcrumb":{"@id":"https:\/\/skaitytaknyga.lt\/produktas\/leander-kahney-apple-smegenys-steveo-jobso-verslo-paslaptys\/#breadcrumb"},"inLanguage":"en-GB","potentialAction":[{"@type":"ReadAction","target":["https:\/\/skaitytaknyga.lt\/produktas\/leander-kahney-apple-smegenys-steveo-jobso-verslo-paslaptys\/"]}]},{"@type":"ImageObject","inLanguage":"en-GB","@id":"https:\/\/skaitytaknyga.lt\/produktas\/leander-kahney-apple-smegenys-steveo-jobso-verslo-paslaptys\/#primaryimage","url":"https:\/\/skaitytaknyga.lt\/wp-content\/uploads\/2024\/09\/Apple-smegenys-Steveo-Jobso-verslo-paslaptys.webp","contentUrl":"https:\/\/skaitytaknyga.lt\/wp-content\/uploads\/2024\/09\/Apple-smegenys-Steveo-Jobso-verslo-paslaptys.webp","width":342,"height":575,"caption":"Apple smegenys Steve\u2019o Jobso verslo paslaptys"},{"@type":"BreadcrumbList","@id":"https:\/\/skaitytaknyga.lt\/produktas\/leander-kahney-apple-smegenys-steveo-jobso-verslo-paslaptys\/#breadcrumb","itemListElement":[{"@type":"ListItem","position":1,"name":"Home","item":"https:\/\/skaitytaknyga.lt\/"},{"@type":"ListItem","position":2,"name":"Parduotuv\u0117","item":"https:\/\/skaitytaknyga.lt\/knygu-parduotuve\/"},{"@type":"ListItem","position":3,"name":"Apple smegenys: Steve\u2019o Jobso verslo paslaptys"}]},{"@type":"WebSite","@id":"https:\/\/skaitytaknyga.lt\/#website","url":"https:\/\/skaitytaknyga.lt\/","name":"skaitytaknyga.lt","description":"Skaitytaknyga.lt \u2013 tai ma\u017eas \u0161eimos verslas, kuris prasid\u0117jo nuo meil\u0117s knygoms ir siekio i\u0161gelb\u0117ti knygas nuo likimo prie konteinerio. Kas vienam nereikalingas daiktas \u2013 kitam lobis, o mes esame tarpininkai, kurie padeda abiems tapti laimingesniems ???? \u017dinome kaip nelengva i\u0161gyventi ma\u017eiems verslams, tad nuo \u0161iol, \u010dia rasite ir kit\u0173, ma\u017e\u0173 \u0161eim\u0173 versl\u0173, rank\u0173 darbo, dovan\u0173 sau ir artimiesiems.","publisher":{"@id":"https:\/\/skaitytaknyga.lt\/#organization"},"potentialAction":[{"@type":"SearchAction","target":{"@type":"EntryPoint","urlTemplate":"https:\/\/skaitytaknyga.lt\/?s={search_term_string}"},"query-input":{"@type":"PropertyValueSpecification","valueRequired":true,"valueName":"search_term_string"}}],"inLanguage":"en-GB"},{"@type":"Organization","@id":"https:\/\/skaitytaknyga.lt\/#organization","name":"skaitytaknyga.lt","url":"https:\/\/skaitytaknyga.lt\/","logo":{"@type":"ImageObject","inLanguage":"en-GB","@id":"https:\/\/skaitytaknyga.lt\/#\/schema\/logo\/image\/","url":"https:\/\/skaitytaknyga.lt\/wp-content\/uploads\/2024\/05\/cropped-cropped-cropped-02_00843_jt3bggkj1j3HLc7SyY6rEUpg.jpeg","contentUrl":"https:\/\/skaitytaknyga.lt\/wp-content\/uploads\/2024\/05\/cropped-cropped-cropped-02_00843_jt3bggkj1j3HLc7SyY6rEUpg.jpeg","width":1600,"height":1600,"caption":"skaitytaknyga.lt"},"image":{"@id":"https:\/\/skaitytaknyga.lt\/#\/schema\/logo\/image\/"},"sameAs":["https:\/\/www.facebook.com\/skaitytaknyga\/"]}]}},"_links":{"self":[{"href":"https:\/\/skaitytaknyga.lt\/en\/wp-json\/wp\/v2\/product\/13710","targetHints":{"allow":["GET"]}}],"collection":[{"href":"https:\/\/skaitytaknyga.lt\/en\/wp-json\/wp\/v2\/product"}],"about":[{"href":"https:\/\/skaitytaknyga.lt\/en\/wp-json\/wp\/v2\/types\/product"}],"replies":[{"embeddable":true,"href":"https:\/\/skaitytaknyga.lt\/en\/wp-json\/wp\/v2\/comments?post=13710"}],"wp:featuredmedia":[{"embeddable":true,"href":"https:\/\/skaitytaknyga.lt\/en\/wp-json\/wp\/v2\/media\/13726"}],"wp:attachment":[{"href":"https:\/\/skaitytaknyga.lt\/en\/wp-json\/wp\/v2\/media?parent=13710"}],"wp:term":[{"taxonomy":"product_brand","embeddable":true,"href":"https:\/\/skaitytaknyga.lt\/en\/wp-json\/wp\/v2\/product_brand?post=13710"},{"taxonomy":"product_cat","embeddable":true,"href":"https:\/\/skaitytaknyga.lt\/en\/wp-json\/wp\/v2\/product_cat?post=13710"},{"taxonomy":"product_tag","embeddable":true,"href":"https:\/\/skaitytaknyga.lt\/en\/wp-json\/wp\/v2\/product_tag?post=13710"}],"curies":[{"name":"wp","href":"https:\/\/api.w.org\/{rel}","templated":true}]}}