{"id":13692,"date":"2024-09-06T20:22:55","date_gmt":"2024-09-06T17:22:55","guid":{"rendered":"https:\/\/skaitytaknyga.lt\/?post_type=product&#038;p=13692"},"modified":"2025-06-22T17:21:00","modified_gmt":"2025-06-22T14:21:00","slug":"v-hugo-vargdieniai-ii-tomas-su-defektu","status":"publish","type":"product","link":"https:\/\/skaitytaknyga.lt\/en\/produktas\/v-hugo-vargdieniai-ii-tomas-su-defektu\/","title":{"rendered":"Vargdieniai (I, II, III, IV tomai)"},"content":{"rendered":"<p><strong>Vargdieniai<\/strong>\u00a0\u2013 prie\u0161 153 metus i\u0161leistas did\u017eiausios apimties \u2013 netgi 1900 puslapi\u0173 pranc\u016bzi\u0161ko teksto \u2013 romanas. Jo siu\u017eetas, prasidedantis 1815 m. ir pasibaigiantis 1832 m. bir\u017eelio mai\u0161tu Pary\u017eiuje, apr\u0117pia septyni\u0173 pagrindini\u0173 ir dar per keturiasde\u0161imt antraplani\u0173 veik\u0117j\u0173 gyvenimo vingius, kuriuos sieja buvusio katorgininko \u017dano Val\u017eano paveikslas. Apdovanotas nepaprasta j\u0117ga ir protu \u0161is visuomen\u0117s atstumtasis siekia pab\u0117gti nuo praeities, gr\u012f\u017eti \u012f visavert\u012f gyvenim\u0105, i\u0161taisyti jaunyst\u0117s klaidas, susirasti \u0161eim\u0105, meil\u0119.<\/p>\n<p>D\u0117stydamas savo persona\u017e\u0173 gyvenimo patirtis, garsiausias XIX a. pranc\u016bz\u0173 ra\u0161ytojas\u00a0<strong>Victoras Hugo<\/strong>\u00a0(1802\u20131885) analizuoja \u012fstatymo ir malon\u0117s prigimt\u012f, Pranc\u016bzijos istorij\u0105, Pary\u017eiaus architekt\u016br\u0105 ir dizain\u0105, politik\u0105, moral\u0119, d\u0117sto antimonarchines pa\u017ei\u016bras, svarsto religijos, meil\u0117s prigimt\u012f bei jos aprai\u0161kas. Kiek am\u017eininkai literatai \u0161\u012f darb\u0105 menkino, nes kliuvo autoriaus pa\u017ei\u016bros ir \u017eemakilmiai veik\u0117jai, tiek jo lauk\u0117 ir iki \u0161iol juo tebesid\u017eiaugia skaitytojai. V. Hugo ra\u0161\u0117 apie tuos, kurie kitiems to meto ra\u0161ytojams ir poetams atrod\u0117 ne\u012fdom\u016bs: likimo nuskriaustuosius, betur\u010dius, nekilmingus.<\/p>\n<p>Pats u\u017e demokratines pa\u017ei\u016bras devyniolikai met\u0173 i\u0161tremtas, aktyviai r\u0117m\u0119s demokratines reformas V. Hugo panoro po mirties i\u0161dalyti turt\u0105 savo knyg\u0173 herojams, varg\u0161ams, ir b\u016bti palaidotas tarp j\u0173. Pary\u017eiaus katedros ir Vargdieni\u0173 autoriaus \u012f paskutin\u0119 kelion\u0119 palyd\u0117ti susirinko du milijonai gerb\u0117j\u0173. O romanas Vargdieniai ir \u0161iandien leid\u017eiamas visame pasaulyje, renkamas \u012f geriausi\u0173 pasaulio knyg\u0173 \u0161imtuk\u0105, nuolat statomas teatre. Pagal \u0161\u012f k\u016brin\u012f sukurtas miuziklas, o pernai pasirod\u0117 jau 61 filmas, miuziklas Vargdieniai, peln\u0119s Oskar\u0105 geriausio miuziklo kategorijoje.<\/p>\n<ul class=\"about-product d-none d-xl-block mt-4\">\n<li><strong>Originalus pavadinimas:<\/strong>\u00a0Les Miserables<\/li>\n<li><strong>Autorius:<\/strong>\u00a0Victor Hugo<\/li>\n<li><strong>Leid\u0117jas:<\/strong>\u00a0Vaga<\/li>\n<li><strong>Metai:<\/strong>\u00a01972<\/li>\n<li><strong>Formatas:<\/strong>\u00a013,5 x 20,5 cm, kieti vir\u0161eliai<\/li>\n<li><strong>Kalba:<\/strong>\u00a0Lietuvi\u0173<\/li>\n<li><strong>Vert\u0117jas:<\/strong>\u00a0Pranas Povilaitis<\/li>\n<\/ul>\n","protected":false},"excerpt":{"rendered":"<p>Vargdieniai\u00a0\u2013 prie\u0161 153 metus i\u0161leistas did\u017eiausios apimties \u2013 netgi 1900 puslapi\u0173 pranc\u016bzi\u0161ko teksto \u2013 romanas. Jo siu\u017eetas, prasidedantis 1815 m. ir pasibaigiantis 1832 m. bir\u017eelio mai\u0161tu Pary\u017eiuje, apr\u0117pia septyni\u0173 pagrindini\u0173 ir dar per keturiasde\u0161imt antraplani\u0173 veik\u0117j\u0173 gyvenimo vingius, kuriuos sieja buvusio katorgininko \u017dano Val\u017eano paveikslas. Apdovanotas nepaprasta j\u0117ga ir protu \u0161is visuomen\u0117s atstumtasis siekia pab\u0117gti nuo praeities, gr\u012f\u017eti \u012f visavert\u012f gyvenim\u0105, i\u0161taisyti jaunyst\u0117s klaidas, susirasti \u0161eim\u0105, meil\u0119. D\u0117stydamas savo persona\u017e\u0173 gyvenimo patirtis, garsiausias XIX a. pranc\u016bz\u0173 ra\u0161ytojas\u00a0Victoras Hugo\u00a0(1802\u20131885) analizuoja \u012fstatymo ir malon\u0117s prigimt\u012f, Pranc\u016bzijos istorij\u0105, Pary\u017eiaus architekt\u016br\u0105 ir dizain\u0105, politik\u0105, moral\u0119, d\u0117sto antimonarchines pa\u017ei\u016bras, svarsto religijos, meil\u0117s prigimt\u012f bei jos aprai\u0161kas. Kiek am\u017eininkai literatai \u0161\u012f darb\u0105 menkino, nes kliuvo autoriaus pa\u017ei\u016bros ir \u017eemakilmiai veik\u0117jai, tiek jo lauk\u0117 ir iki \u0161iol juo tebesid\u017eiaugia skaitytojai. V. Hugo ra\u0161\u0117 apie tuos, kurie kitiems to meto ra\u0161ytojams ir poetams atrod\u0117 ne\u012fdom\u016bs: likimo nuskriaustuosius, betur\u010dius, nekilmingus. Pats u\u017e demokratines pa\u017ei\u016bras devyniolikai met\u0173 i\u0161tremtas, aktyviai r\u0117m\u0119s demokratines reformas V. Hugo panoro po mirties i\u0161dalyti turt\u0105 savo knyg\u0173 herojams, varg\u0161ams, ir b\u016bti palaidotas tarp j\u0173. Pary\u017eiaus katedros ir Vargdieni\u0173 autoriaus \u012f paskutin\u0119 kelion\u0119 palyd\u0117ti susirinko du milijonai gerb\u0117j\u0173. O romanas Vargdieniai ir \u0161iandien leid\u017eiamas visame pasaulyje, renkamas \u012f geriausi\u0173 pasaulio knyg\u0173 \u0161imtuk\u0105, nuolat statomas teatre. Pagal \u0161\u012f k\u016brin\u012f sukurtas miuziklas, o pernai pasirod\u0117 jau 61 filmas, miuziklas Vargdieniai, peln\u0119s Oskar\u0105 geriausio miuziklo kategorijoje. Originalus pavadinimas:\u00a0Les Miserables Autorius:\u00a0Victor Hugo Leid\u0117jas:\u00a0Vaga Metai:\u00a01972 Formatas:\u00a013,5 x 20,5 cm, kieti vir\u0161eliai Kalba:\u00a0Lietuvi\u0173 Vert\u0117jas:\u00a0Pranas Povilaitis<\/p>\n","protected":false},"featured_media":13693,"comment_status":"closed","ping_status":"closed","template":"","meta":{"_acf_changed":false,"site-sidebar-layout":"default","site-content-layout":"","ast-site-content-layout":"default","site-content-style":"default","site-sidebar-style":"default","ast-global-header-display":"","ast-banner-title-visibility":"","ast-main-header-display":"","ast-hfb-above-header-display":"","ast-hfb-below-header-display":"","ast-hfb-mobile-header-display":"","site-post-title":"","ast-breadcrumbs-content":"","ast-featured-img":"","footer-sml-layout":"","ast-disable-related-posts":"","theme-transparent-header-meta":"default","adv-header-id-meta":"","stick-header-meta":"","header-above-stick-meta":"","header-main-stick-meta":"","header-below-stick-meta":"","astra-migrate-meta-layouts":"set","ast-page-background-enabled":"default","ast-page-background-meta":{"desktop":{"background-color":"","background-image":"","background-repeat":"repeat","background-position":"center center","background-size":"auto","background-attachment":"scroll","background-type":"","background-media":"","overlay-type":"","overlay-color":"","overlay-opacity":"","overlay-gradient":""},"tablet":{"background-color":"","background-image":"","background-repeat":"repeat","background-position":"center center","background-size":"auto","background-attachment":"scroll","background-type":"","background-media":"","overlay-type":"","overlay-color":"","overlay-opacity":"","overlay-gradient":""},"mobile":{"background-color":"","background-image":"","background-repeat":"repeat","background-position":"center center","background-size":"auto","background-attachment":"scroll","background-type":"","background-media":"","overlay-type":"","overlay-color":"","overlay-opacity":"","overlay-gradient":""}},"ast-content-background-meta":{"desktop":{"background-color":"var(--ast-global-color-4)","background-image":"","background-repeat":"repeat","background-position":"center center","background-size":"auto","background-attachment":"scroll","background-type":"","background-media":"","overlay-type":"","overlay-color":"","overlay-opacity":"","overlay-gradient":""},"tablet":{"background-color":"var(--ast-global-color-4)","background-image":"","background-repeat":"repeat","background-position":"center center","background-size":"auto","background-attachment":"scroll","background-type":"","background-media":"","overlay-type":"","overlay-color":"","overlay-opacity":"","overlay-gradient":""},"mobile":{"background-color":"var(--ast-global-color-4)","background-image":"","background-repeat":"repeat","background-position":"center center","background-size":"auto","background-attachment":"scroll","background-type":"","background-media":"","overlay-type":"","overlay-color":"","overlay-opacity":"","overlay-gradient":""}}},"product_brand":[],"product_cat":[31,28],"product_tag":[],"class_list":{"0":"post-13692","1":"product","2":"type-product","3":"status-publish","4":"has-post-thumbnail","6":"product_cat-grozine-literatura","7":"product_cat-klasika","8":"desktop-align-left","9":"tablet-align-left","10":"mobile-align-left","12":"first","13":"instock","14":"shipping-taxable","15":"purchasable","16":"product-type-simple"},"acf":[],"yoast_head":"<!-- This site is optimized with the Yoast SEO plugin v27.0 - https:\/\/yoast.com\/product\/yoast-seo-wordpress\/ -->\n<title>Vargdieniai (I, II, III, IV tomai)<\/title>\n<meta name=\"description\" content=\",,Vargdieniai&quot;\u00a0\u2013 prie\u0161 153 metus i\u0161leistas did\u017eiausios apimties \u2013 netgi 1900 puslapi\u0173 romanas. Jo siu\u017eetas, prasidedantis 1815 m. ir pasibaigiantis 1832 m. bir\u017eelio mai\u0161tu Pary\u017eiuje.\" \/>\n<meta name=\"robots\" content=\"index, follow, max-snippet:-1, max-image-preview:large, max-video-preview:-1\" \/>\n<link rel=\"canonical\" href=\"https:\/\/skaitytaknyga.lt\/en\/produktas\/v-hugo-vargdieniai-ii-tomas-su-defektu\/\" \/>\n<meta property=\"og:locale\" content=\"en_GB\" \/>\n<meta property=\"og:locale:alternate\" content=\"lt_LT\" \/>\n<meta property=\"og:type\" content=\"article\" \/>\n<meta property=\"og:title\" content=\"Vargdieniai (I, II, III, IV tomai)\" \/>\n<meta property=\"og:description\" content=\",,Vargdieniai&quot;\u00a0\u2013 prie\u0161 153 metus i\u0161leistas did\u017eiausios apimties \u2013 netgi 1900 puslapi\u0173 romanas. Jo siu\u017eetas, prasidedantis 1815 m. ir pasibaigiantis 1832 m. bir\u017eelio mai\u0161tu Pary\u017eiuje.\" \/>\n<meta property=\"og:url\" content=\"https:\/\/skaitytaknyga.lt\/en\/produktas\/v-hugo-vargdieniai-ii-tomas-su-defektu\/\" \/>\n<meta property=\"og:site_name\" content=\"Skaitytaknyga\" \/>\n<meta property=\"article:publisher\" content=\"https:\/\/www.facebook.com\/skaitytaknyga\/\" \/>\n<meta property=\"article:modified_time\" content=\"2025-06-22T14:21:00+00:00\" \/>\n<meta property=\"og:image\" content=\"https:\/\/skaitytaknyga.lt\/wp-content\/uploads\/2024\/09\/Vardieniai.webp\" \/>\n\t<meta property=\"og:image:width\" content=\"502\" \/>\n\t<meta property=\"og:image:height\" content=\"800\" \/>\n\t<meta property=\"og:image:type\" content=\"image\/webp\" \/>\n<meta name=\"twitter:card\" content=\"summary_large_image\" \/>\n<meta name=\"twitter:label1\" content=\"Estimated reading time\" \/>\n\t<meta name=\"twitter:data1\" content=\"2 minutes\" \/>\n<script type=\"application\/ld+json\" class=\"yoast-schema-graph\">{\"@context\":\"https:\/\/schema.org\",\"@graph\":[{\"@type\":\"WebPage\",\"@id\":\"https:\/\/skaitytaknyga.lt\/produktas\/v-hugo-vargdieniai-ii-tomas-su-defektu\/\",\"url\":\"https:\/\/skaitytaknyga.lt\/produktas\/v-hugo-vargdieniai-ii-tomas-su-defektu\/\",\"name\":\"Vargdieniai (I, II, III, IV tomai)\",\"isPartOf\":{\"@id\":\"https:\/\/skaitytaknyga.lt\/#website\"},\"primaryImageOfPage\":{\"@id\":\"https:\/\/skaitytaknyga.lt\/produktas\/v-hugo-vargdieniai-ii-tomas-su-defektu\/#primaryimage\"},\"image\":{\"@id\":\"https:\/\/skaitytaknyga.lt\/produktas\/v-hugo-vargdieniai-ii-tomas-su-defektu\/#primaryimage\"},\"thumbnailUrl\":\"https:\/\/skaitytaknyga.lt\/wp-content\/uploads\/2024\/09\/Vardieniai.webp\",\"datePublished\":\"2024-09-06T17:22:55+00:00\",\"dateModified\":\"2025-06-22T14:21:00+00:00\",\"description\":\",,Vargdieniai\\\"\u00a0\u2013 prie\u0161 153 metus i\u0161leistas did\u017eiausios apimties \u2013 netgi 1900 puslapi\u0173 romanas. Jo siu\u017eetas, prasidedantis 1815 m. ir pasibaigiantis 1832 m. bir\u017eelio mai\u0161tu Pary\u017eiuje.\",\"breadcrumb\":{\"@id\":\"https:\/\/skaitytaknyga.lt\/produktas\/v-hugo-vargdieniai-ii-tomas-su-defektu\/#breadcrumb\"},\"inLanguage\":\"en-GB\",\"potentialAction\":[{\"@type\":\"ReadAction\",\"target\":[\"https:\/\/skaitytaknyga.lt\/produktas\/v-hugo-vargdieniai-ii-tomas-su-defektu\/\"]}]},{\"@type\":\"ImageObject\",\"inLanguage\":\"en-GB\",\"@id\":\"https:\/\/skaitytaknyga.lt\/produktas\/v-hugo-vargdieniai-ii-tomas-su-defektu\/#primaryimage\",\"url\":\"https:\/\/skaitytaknyga.lt\/wp-content\/uploads\/2024\/09\/Vardieniai.webp\",\"contentUrl\":\"https:\/\/skaitytaknyga.lt\/wp-content\/uploads\/2024\/09\/Vardieniai.webp\",\"width\":502,\"height\":800,\"caption\":\"Vardieniai\"},{\"@type\":\"BreadcrumbList\",\"@id\":\"https:\/\/skaitytaknyga.lt\/produktas\/v-hugo-vargdieniai-ii-tomas-su-defektu\/#breadcrumb\",\"itemListElement\":[{\"@type\":\"ListItem\",\"position\":1,\"name\":\"Home\",\"item\":\"https:\/\/skaitytaknyga.lt\/\"},{\"@type\":\"ListItem\",\"position\":2,\"name\":\"Parduotuv\u0117\",\"item\":\"https:\/\/skaitytaknyga.lt\/knygu-parduotuve\/\"},{\"@type\":\"ListItem\",\"position\":3,\"name\":\"Vargdieniai (I, II, III, IV tomai)\"}]},{\"@type\":\"WebSite\",\"@id\":\"https:\/\/skaitytaknyga.lt\/#website\",\"url\":\"https:\/\/skaitytaknyga.lt\/\",\"name\":\"skaitytaknyga.lt\",\"description\":\"Skaitytaknyga.lt \u2013 tai ma\u017eas \u0161eimos verslas, kuris prasid\u0117jo nuo meil\u0117s knygoms ir siekio i\u0161gelb\u0117ti knygas nuo likimo prie konteinerio. Kas vienam nereikalingas daiktas \u2013 kitam lobis, o mes esame tarpininkai, kurie padeda abiems tapti laimingesniems ???? \u017dinome kaip nelengva i\u0161gyventi ma\u017eiems verslams, tad nuo \u0161iol, \u010dia rasite ir kit\u0173, ma\u017e\u0173 \u0161eim\u0173 versl\u0173, rank\u0173 darbo, dovan\u0173 sau ir artimiesiems.\",\"publisher\":{\"@id\":\"https:\/\/skaitytaknyga.lt\/#organization\"},\"potentialAction\":[{\"@type\":\"SearchAction\",\"target\":{\"@type\":\"EntryPoint\",\"urlTemplate\":\"https:\/\/skaitytaknyga.lt\/?s={search_term_string}\"},\"query-input\":{\"@type\":\"PropertyValueSpecification\",\"valueRequired\":true,\"valueName\":\"search_term_string\"}}],\"inLanguage\":\"en-GB\"},{\"@type\":\"Organization\",\"@id\":\"https:\/\/skaitytaknyga.lt\/#organization\",\"name\":\"skaitytaknyga.lt\",\"url\":\"https:\/\/skaitytaknyga.lt\/\",\"logo\":{\"@type\":\"ImageObject\",\"inLanguage\":\"en-GB\",\"@id\":\"https:\/\/skaitytaknyga.lt\/#\/schema\/logo\/image\/\",\"url\":\"https:\/\/skaitytaknyga.lt\/wp-content\/uploads\/2024\/05\/cropped-cropped-cropped-02_00843_jt3bggkj1j3HLc7SyY6rEUpg.jpeg\",\"contentUrl\":\"https:\/\/skaitytaknyga.lt\/wp-content\/uploads\/2024\/05\/cropped-cropped-cropped-02_00843_jt3bggkj1j3HLc7SyY6rEUpg.jpeg\",\"width\":1600,\"height\":1600,\"caption\":\"skaitytaknyga.lt\"},\"image\":{\"@id\":\"https:\/\/skaitytaknyga.lt\/#\/schema\/logo\/image\/\"},\"sameAs\":[\"https:\/\/www.facebook.com\/skaitytaknyga\/\"]}]}<\/script>\n<!-- \/ Yoast SEO plugin. -->","yoast_head_json":{"title":"Vargdieniai (I, II, III, IV tomai)","description":",,Vargdieniai\"\u00a0\u2013 prie\u0161 153 metus i\u0161leistas did\u017eiausios apimties \u2013 netgi 1900 puslapi\u0173 romanas. Jo siu\u017eetas, prasidedantis 1815 m. ir pasibaigiantis 1832 m. bir\u017eelio mai\u0161tu Pary\u017eiuje.","robots":{"index":"index","follow":"follow","max-snippet":"max-snippet:-1","max-image-preview":"max-image-preview:large","max-video-preview":"max-video-preview:-1"},"canonical":"https:\/\/skaitytaknyga.lt\/en\/produktas\/v-hugo-vargdieniai-ii-tomas-su-defektu\/","og_locale":"en_GB","og_type":"article","og_title":"[:lt]Vargdieniai (I, II, III, IV tomai)[:] - Skaitytaknyga","og_description":",,Vargdieniai\"\u00a0\u2013 prie\u0161 153 metus i\u0161leistas did\u017eiausios apimties \u2013 netgi 1900 puslapi\u0173 romanas. Jo siu\u017eetas, prasidedantis 1815 m. ir pasibaigiantis 1832 m. bir\u017eelio mai\u0161tu Pary\u017eiuje.","og_url":"https:\/\/skaitytaknyga.lt\/en\/produktas\/v-hugo-vargdieniai-ii-tomas-su-defektu\/","og_site_name":"Skaitytaknyga","article_publisher":"https:\/\/www.facebook.com\/skaitytaknyga\/","article_modified_time":"2025-06-22T14:21:00+00:00","og_image":[{"width":502,"height":800,"url":"https:\/\/skaitytaknyga.lt\/wp-content\/uploads\/2024\/09\/Vardieniai.webp","type":"image\/webp"}],"twitter_card":"summary_large_image","twitter_misc":{"Estimated reading time":"2 minutes"},"schema":{"@context":"https:\/\/schema.org","@graph":[{"@type":"WebPage","@id":"https:\/\/skaitytaknyga.lt\/produktas\/v-hugo-vargdieniai-ii-tomas-su-defektu\/","url":"https:\/\/skaitytaknyga.lt\/produktas\/v-hugo-vargdieniai-ii-tomas-su-defektu\/","name":"Vargdieniai (I, II, III, IV tomai)","isPartOf":{"@id":"https:\/\/skaitytaknyga.lt\/#website"},"primaryImageOfPage":{"@id":"https:\/\/skaitytaknyga.lt\/produktas\/v-hugo-vargdieniai-ii-tomas-su-defektu\/#primaryimage"},"image":{"@id":"https:\/\/skaitytaknyga.lt\/produktas\/v-hugo-vargdieniai-ii-tomas-su-defektu\/#primaryimage"},"thumbnailUrl":"https:\/\/skaitytaknyga.lt\/wp-content\/uploads\/2024\/09\/Vardieniai.webp","datePublished":"2024-09-06T17:22:55+00:00","dateModified":"2025-06-22T14:21:00+00:00","description":",,Vargdieniai\"\u00a0\u2013 prie\u0161 153 metus i\u0161leistas did\u017eiausios apimties \u2013 netgi 1900 puslapi\u0173 romanas. Jo siu\u017eetas, prasidedantis 1815 m. ir pasibaigiantis 1832 m. bir\u017eelio mai\u0161tu Pary\u017eiuje.","breadcrumb":{"@id":"https:\/\/skaitytaknyga.lt\/produktas\/v-hugo-vargdieniai-ii-tomas-su-defektu\/#breadcrumb"},"inLanguage":"en-GB","potentialAction":[{"@type":"ReadAction","target":["https:\/\/skaitytaknyga.lt\/produktas\/v-hugo-vargdieniai-ii-tomas-su-defektu\/"]}]},{"@type":"ImageObject","inLanguage":"en-GB","@id":"https:\/\/skaitytaknyga.lt\/produktas\/v-hugo-vargdieniai-ii-tomas-su-defektu\/#primaryimage","url":"https:\/\/skaitytaknyga.lt\/wp-content\/uploads\/2024\/09\/Vardieniai.webp","contentUrl":"https:\/\/skaitytaknyga.lt\/wp-content\/uploads\/2024\/09\/Vardieniai.webp","width":502,"height":800,"caption":"Vardieniai"},{"@type":"BreadcrumbList","@id":"https:\/\/skaitytaknyga.lt\/produktas\/v-hugo-vargdieniai-ii-tomas-su-defektu\/#breadcrumb","itemListElement":[{"@type":"ListItem","position":1,"name":"Home","item":"https:\/\/skaitytaknyga.lt\/"},{"@type":"ListItem","position":2,"name":"Parduotuv\u0117","item":"https:\/\/skaitytaknyga.lt\/knygu-parduotuve\/"},{"@type":"ListItem","position":3,"name":"Vargdieniai (I, II, III, IV tomai)"}]},{"@type":"WebSite","@id":"https:\/\/skaitytaknyga.lt\/#website","url":"https:\/\/skaitytaknyga.lt\/","name":"skaitytaknyga.lt","description":"Skaitytaknyga.lt \u2013 tai ma\u017eas \u0161eimos verslas, kuris prasid\u0117jo nuo meil\u0117s knygoms ir siekio i\u0161gelb\u0117ti knygas nuo likimo prie konteinerio. Kas vienam nereikalingas daiktas \u2013 kitam lobis, o mes esame tarpininkai, kurie padeda abiems tapti laimingesniems ???? \u017dinome kaip nelengva i\u0161gyventi ma\u017eiems verslams, tad nuo \u0161iol, \u010dia rasite ir kit\u0173, ma\u017e\u0173 \u0161eim\u0173 versl\u0173, rank\u0173 darbo, dovan\u0173 sau ir artimiesiems.","publisher":{"@id":"https:\/\/skaitytaknyga.lt\/#organization"},"potentialAction":[{"@type":"SearchAction","target":{"@type":"EntryPoint","urlTemplate":"https:\/\/skaitytaknyga.lt\/?s={search_term_string}"},"query-input":{"@type":"PropertyValueSpecification","valueRequired":true,"valueName":"search_term_string"}}],"inLanguage":"en-GB"},{"@type":"Organization","@id":"https:\/\/skaitytaknyga.lt\/#organization","name":"skaitytaknyga.lt","url":"https:\/\/skaitytaknyga.lt\/","logo":{"@type":"ImageObject","inLanguage":"en-GB","@id":"https:\/\/skaitytaknyga.lt\/#\/schema\/logo\/image\/","url":"https:\/\/skaitytaknyga.lt\/wp-content\/uploads\/2024\/05\/cropped-cropped-cropped-02_00843_jt3bggkj1j3HLc7SyY6rEUpg.jpeg","contentUrl":"https:\/\/skaitytaknyga.lt\/wp-content\/uploads\/2024\/05\/cropped-cropped-cropped-02_00843_jt3bggkj1j3HLc7SyY6rEUpg.jpeg","width":1600,"height":1600,"caption":"skaitytaknyga.lt"},"image":{"@id":"https:\/\/skaitytaknyga.lt\/#\/schema\/logo\/image\/"},"sameAs":["https:\/\/www.facebook.com\/skaitytaknyga\/"]}]}},"_links":{"self":[{"href":"https:\/\/skaitytaknyga.lt\/en\/wp-json\/wp\/v2\/product\/13692","targetHints":{"allow":["GET"]}}],"collection":[{"href":"https:\/\/skaitytaknyga.lt\/en\/wp-json\/wp\/v2\/product"}],"about":[{"href":"https:\/\/skaitytaknyga.lt\/en\/wp-json\/wp\/v2\/types\/product"}],"replies":[{"embeddable":true,"href":"https:\/\/skaitytaknyga.lt\/en\/wp-json\/wp\/v2\/comments?post=13692"}],"wp:featuredmedia":[{"embeddable":true,"href":"https:\/\/skaitytaknyga.lt\/en\/wp-json\/wp\/v2\/media\/13693"}],"wp:attachment":[{"href":"https:\/\/skaitytaknyga.lt\/en\/wp-json\/wp\/v2\/media?parent=13692"}],"wp:term":[{"taxonomy":"product_brand","embeddable":true,"href":"https:\/\/skaitytaknyga.lt\/en\/wp-json\/wp\/v2\/product_brand?post=13692"},{"taxonomy":"product_cat","embeddable":true,"href":"https:\/\/skaitytaknyga.lt\/en\/wp-json\/wp\/v2\/product_cat?post=13692"},{"taxonomy":"product_tag","embeddable":true,"href":"https:\/\/skaitytaknyga.lt\/en\/wp-json\/wp\/v2\/product_tag?post=13692"}],"curies":[{"name":"wp","href":"https:\/\/api.w.org\/{rel}","templated":true}]}}