{"id":13681,"date":"2024-09-06T10:34:50","date_gmt":"2024-09-06T07:34:50","guid":{"rendered":"https:\/\/skaitytaknyga.lt\/?post_type=product&#038;p=13681"},"modified":"2025-10-20T18:05:34","modified_gmt":"2025-10-20T15:05:34","slug":"dramblys-kuris-pamirso-laime","status":"publish","type":"product","link":"https:\/\/skaitytaknyga.lt\/en\/produktas\/dramblys-kuris-pamirso-laime\/","title":{"rendered":"Ajahn Brahm \u201eDramblys, kuris pamir\u0161o laim\u0119\u201c"},"content":{"rendered":"<p><strong>Ajahn Brahm<\/strong>\u00a0(Ad\u017eanas Bramas: tikr. Peter Betts) gim\u0117 1951 m. Londone, Kembrid\u017ee studijavo teorin\u0119 fizik\u0105, o dabar jau daugiau kaip trisde\u0161imt met\u0173 yra Theravados budizmo mi\u0161ko tradicijos vienuolis, mokantis budizmo Australijoje, Singap\u016bre ir Malaizijoje. Kassavaitini\u0173 jo mokym\u0173 \u201eYouTube\u201c reguliariai klausosi daugyb\u0117 \u017emoni\u0173 i\u0161 viso pasaulio.<\/p>\n<p>Lietuvi\u0161kai i\u0161leista jo knyga\u00a0\u201eAtverk savo \u0161irdies duris\u201c\u00a0tapo daugelio skaitytoj\u0173 kasdienio gyvenimo palydove. Budistin\u0117s istorijos apie laim\u0119 kupinos i\u0161minties ir humoro. Ta\u010diau juk nei i\u0161minties, nei gyvenimo d\u017eiaugsmo niekuomet negana, tod\u0117l Ajahnas Brahmas savo mokymus t\u0119sia knygoje\u00a0<strong>\u201eDramblys, kuris pamir\u0161o laim\u0119\u201c<\/strong>. Tai i\u0161minties ir geros nuotaikos pasakojimai kiekvienai dienai.<br \/>\n\u0160ie pasakojimai \u2013 Ajahno Brahmo mokymo pagrindas. Da\u017enai atrodo, kad viso pasaulio nelaim\u0117s u\u017egriuvo b\u016btent mus; da\u017enai problemos b\u016bna tikros ir didel\u0117s, o m\u016bs\u0173 galios \u2013 menkos. Da\u017enai li\u016bdime ir nerimaujame, ir juk i\u0161ties yra d\u0117l ko. \u0160iose istorijose sutiksime tokius pat sutrikusius ir nuli\u016bdusius \u017emones, kokie kartais esame ir patys \u2013 ir nepajusime, kaip gyvenimas ims \u0161vies\u0117ti, nes Ajahnas Brahmas kiekvien\u0105 gyvenimo situacij\u0105 moka atgr\u0119\u017eti \u0161viesi\u0105ja ir juoking\u0105ja puse.<\/p>\n<p>Autorius pasakoja istorijas, galin\u010dias pad\u0117ti pasveikti nuo depresijos, pa\u017evelgti \u012f savo gyvenim\u0105 naujomis akimis, pakeisti savo likim\u0105 ir net i\u0161gyventi akistatoje su mirtimi. Jis pasakoja ir apie save \u2013 nuo\u0161ird\u017eiai, \u0161iltai ir nepaprastai juokingai.<\/p>\n<p>Paprastume slypi laim\u0117 ir i\u0161mintis. \u201eDramblys, kuris pamir\u0161o laim\u0119\u201c pelnytai gali tapti knyga, kuri\u0105 nor\u0117site tur\u0117ti \u0161alia kasdien. Nes laim\u0117s ir geros nuotaikos reikia visada ir visiems.<\/p>\n<ul class=\"about-product d-none d-xl-block mt-4\">\n<li><strong>Originalus pavadinimas:<\/strong>\u00a0Don&#8217;t Worry, be Grumpy<\/li>\n<li><strong>Autorius:<\/strong>\u00a0Ajahn Brahm<\/li>\n<li><strong>Leid\u0117jas:<\/strong>\u00a0Tyto alba<\/li>\n<li><strong>Metai:<\/strong>\u00a02023<\/li>\n<li><strong>Puslapiai:<\/strong>\u00a0272<\/li>\n<li><strong>ISBN:<\/strong>\u00a09786094662041<\/li>\n<li><strong>Formatas:<\/strong>\u00a013,8 x 20,6 x 3 cm, kieti vir\u0161eliai<\/li>\n<li><strong>Kalba:<\/strong>\u00a0Lietuvi\u0173<\/li>\n<li><strong>Vert\u0117jas:<\/strong>\u00a0Emilija Ferdmanait\u0117<\/li>\n<\/ul>\n","protected":false},"excerpt":{"rendered":"<p>Ajahn Brahm\u00a0(Ad\u017eanas Bramas: tikr. Peter Betts) gim\u0117 1951 m. Londone, Kembrid\u017ee studijavo teorin\u0119 fizik\u0105, o dabar jau daugiau kaip trisde\u0161imt met\u0173 yra Theravados budizmo mi\u0161ko tradicijos vienuolis, mokantis budizmo Australijoje, Singap\u016bre ir Malaizijoje. Kassavaitini\u0173 jo mokym\u0173 \u201eYouTube\u201c reguliariai klausosi daugyb\u0117 \u017emoni\u0173 i\u0161 viso pasaulio. Lietuvi\u0161kai i\u0161leista jo knyga\u00a0\u201eAtverk savo \u0161irdies duris\u201c\u00a0tapo daugelio skaitytoj\u0173 kasdienio gyvenimo palydove. Budistin\u0117s istorijos apie laim\u0119 kupinos i\u0161minties ir humoro. Ta\u010diau juk nei i\u0161minties, nei gyvenimo d\u017eiaugsmo niekuomet negana, tod\u0117l Ajahnas Brahmas savo mokymus t\u0119sia knygoje\u00a0\u201eDramblys, kuris pamir\u0161o laim\u0119\u201c. Tai i\u0161minties ir geros nuotaikos pasakojimai kiekvienai dienai. \u0160ie pasakojimai \u2013 Ajahno Brahmo mokymo pagrindas. Da\u017enai atrodo, kad viso pasaulio nelaim\u0117s u\u017egriuvo b\u016btent mus; da\u017enai problemos b\u016bna tikros ir didel\u0117s, o m\u016bs\u0173 galios \u2013 menkos. Da\u017enai li\u016bdime ir nerimaujame, ir juk i\u0161ties yra d\u0117l ko. \u0160iose istorijose sutiksime tokius pat sutrikusius ir nuli\u016bdusius \u017emones, kokie kartais esame ir patys \u2013 ir nepajusime, kaip gyvenimas ims \u0161vies\u0117ti, nes Ajahnas Brahmas kiekvien\u0105 gyvenimo situacij\u0105 moka atgr\u0119\u017eti \u0161viesi\u0105ja ir juoking\u0105ja puse. Autorius pasakoja istorijas, galin\u010dias pad\u0117ti pasveikti nuo depresijos, pa\u017evelgti \u012f savo gyvenim\u0105 naujomis akimis, pakeisti savo likim\u0105 ir net i\u0161gyventi akistatoje su mirtimi. Jis pasakoja ir apie save \u2013 nuo\u0161ird\u017eiai, \u0161iltai ir nepaprastai juokingai. Paprastume slypi laim\u0117 ir i\u0161mintis. \u201eDramblys, kuris pamir\u0161o laim\u0119\u201c pelnytai gali tapti knyga, kuri\u0105 nor\u0117site tur\u0117ti \u0161alia kasdien. Nes laim\u0117s ir geros nuotaikos reikia visada ir visiems. Originalus pavadinimas:\u00a0Don&#8217;t Worry, be Grumpy Autorius:\u00a0Ajahn Brahm Leid\u0117jas:\u00a0Tyto alba Metai:\u00a02023 Puslapiai:\u00a0272 ISBN:\u00a09786094662041 Formatas:\u00a013,8 x 20,6 x 3 cm, kieti vir\u0161eliai Kalba:\u00a0Lietuvi\u0173 Vert\u0117jas:\u00a0Emilija Ferdmanait\u0117<\/p>\n","protected":false},"featured_media":13686,"comment_status":"open","ping_status":"closed","template":"","meta":{"_acf_changed":false,"site-sidebar-layout":"default","site-content-layout":"","ast-site-content-layout":"default","site-content-style":"default","site-sidebar-style":"default","ast-global-header-display":"","ast-banner-title-visibility":"","ast-main-header-display":"","ast-hfb-above-header-display":"","ast-hfb-below-header-display":"","ast-hfb-mobile-header-display":"","site-post-title":"","ast-breadcrumbs-content":"","ast-featured-img":"","footer-sml-layout":"","ast-disable-related-posts":"","theme-transparent-header-meta":"default","adv-header-id-meta":"","stick-header-meta":"","header-above-stick-meta":"","header-main-stick-meta":"","header-below-stick-meta":"","astra-migrate-meta-layouts":"set","ast-page-background-enabled":"default","ast-page-background-meta":{"desktop":{"background-color":"","background-image":"","background-repeat":"repeat","background-position":"center center","background-size":"auto","background-attachment":"scroll","background-type":"","background-media":"","overlay-type":"","overlay-color":"","overlay-opacity":"","overlay-gradient":""},"tablet":{"background-color":"","background-image":"","background-repeat":"repeat","background-position":"center center","background-size":"auto","background-attachment":"scroll","background-type":"","background-media":"","overlay-type":"","overlay-color":"","overlay-opacity":"","overlay-gradient":""},"mobile":{"background-color":"","background-image":"","background-repeat":"repeat","background-position":"center center","background-size":"auto","background-attachment":"scroll","background-type":"","background-media":"","overlay-type":"","overlay-color":"","overlay-opacity":"","overlay-gradient":""}},"ast-content-background-meta":{"desktop":{"background-color":"var(--ast-global-color-4)","background-image":"","background-repeat":"repeat","background-position":"center center","background-size":"auto","background-attachment":"scroll","background-type":"","background-media":"","overlay-type":"","overlay-color":"","overlay-opacity":"","overlay-gradient":""},"tablet":{"background-color":"var(--ast-global-color-4)","background-image":"","background-repeat":"repeat","background-position":"center center","background-size":"auto","background-attachment":"scroll","background-type":"","background-media":"","overlay-type":"","overlay-color":"","overlay-opacity":"","overlay-gradient":""},"mobile":{"background-color":"var(--ast-global-color-4)","background-image":"","background-repeat":"repeat","background-position":"center center","background-size":"auto","background-attachment":"scroll","background-type":"","background-media":"","overlay-type":"","overlay-color":"","overlay-opacity":"","overlay-gradient":""}}},"product_brand":[],"product_cat":[15,165],"product_tag":[],"class_list":{"0":"post-13681","1":"product","2":"type-product","3":"status-publish","4":"has-post-thumbnail","6":"product_cat-uncategorized","7":"product_cat-religija-filosofija-ir-ezoterika","8":"desktop-align-left","9":"tablet-align-left","10":"mobile-align-left","12":"first","13":"outofstock","14":"shipping-taxable","15":"purchasable","16":"product-type-simple"},"acf":[],"yoast_head":"<!-- This site is optimized with the Yoast SEO plugin v27.0 - https:\/\/yoast.com\/product\/yoast-seo-wordpress\/ -->\n<title>Ajahn Brahm \u201eDramblys, kuris pamir\u0161o laim\u0119\u201c<\/title>\n<meta name=\"description\" content=\"Ajahn Brahm\u00a0(Ad\u017eanas Bramas: tikr. Peter Betts) gim\u0117 1951 m. Londone, Kembrid\u017ee studijavo teorin\u0119 fizik\u0105, o dabar jau daugiau kaip trisde\u0161imt met\u0173 yra\" \/>\n<meta name=\"robots\" content=\"index, follow, max-snippet:-1, max-image-preview:large, max-video-preview:-1\" \/>\n<link rel=\"canonical\" href=\"https:\/\/skaitytaknyga.lt\/en\/produktas\/dramblys-kuris-pamirso-laime\/\" \/>\n<meta property=\"og:locale\" content=\"en_GB\" \/>\n<meta property=\"og:locale:alternate\" content=\"lt_LT\" \/>\n<meta property=\"og:type\" content=\"article\" \/>\n<meta property=\"og:title\" content=\"Ajahn Brahm \u201eDramblys, kuris pamir\u0161o laim\u0119\u201c\" \/>\n<meta property=\"og:description\" content=\"Ajahn Brahm\u00a0(Ad\u017eanas Bramas: tikr. Peter Betts) gim\u0117 1951 m. Londone, Kembrid\u017ee studijavo teorin\u0119 fizik\u0105, o dabar jau daugiau kaip trisde\u0161imt met\u0173 yra\" \/>\n<meta property=\"og:url\" content=\"https:\/\/skaitytaknyga.lt\/en\/produktas\/dramblys-kuris-pamirso-laime\/\" \/>\n<meta property=\"og:site_name\" content=\"Skaitytaknyga\" \/>\n<meta property=\"article:publisher\" content=\"https:\/\/www.facebook.com\/skaitytaknyga\/\" \/>\n<meta property=\"article:modified_time\" content=\"2025-10-20T15:05:34+00:00\" \/>\n<meta property=\"og:image\" content=\"https:\/\/skaitytaknyga.lt\/wp-content\/uploads\/2024\/09\/Dramblys-kuris-pamirso-laime.webp\" \/>\n\t<meta property=\"og:image:width\" content=\"533\" \/>\n\t<meta property=\"og:image:height\" content=\"800\" \/>\n\t<meta property=\"og:image:type\" content=\"image\/webp\" \/>\n<meta name=\"twitter:card\" content=\"summary_large_image\" \/>\n<meta name=\"twitter:label1\" content=\"Estimated reading time\" \/>\n\t<meta name=\"twitter:data1\" content=\"2 minutes\" \/>\n<script type=\"application\/ld+json\" class=\"yoast-schema-graph\">{\"@context\":\"https:\/\/schema.org\",\"@graph\":[{\"@type\":\"WebPage\",\"@id\":\"https:\/\/skaitytaknyga.lt\/produktas\/dramblys-kuris-pamirso-laime\/\",\"url\":\"https:\/\/skaitytaknyga.lt\/produktas\/dramblys-kuris-pamirso-laime\/\",\"name\":\"Ajahn Brahm \u201eDramblys, kuris pamir\u0161o laim\u0119\u201c\",\"isPartOf\":{\"@id\":\"https:\/\/skaitytaknyga.lt\/#website\"},\"primaryImageOfPage\":{\"@id\":\"https:\/\/skaitytaknyga.lt\/produktas\/dramblys-kuris-pamirso-laime\/#primaryimage\"},\"image\":{\"@id\":\"https:\/\/skaitytaknyga.lt\/produktas\/dramblys-kuris-pamirso-laime\/#primaryimage\"},\"thumbnailUrl\":\"https:\/\/skaitytaknyga.lt\/wp-content\/uploads\/2024\/09\/Dramblys-kuris-pamirso-laime.webp\",\"datePublished\":\"2024-09-06T07:34:50+00:00\",\"dateModified\":\"2025-10-20T15:05:34+00:00\",\"description\":\"Ajahn Brahm\u00a0(Ad\u017eanas Bramas: tikr. Peter Betts) gim\u0117 1951 m. Londone, Kembrid\u017ee studijavo teorin\u0119 fizik\u0105, o dabar jau daugiau kaip trisde\u0161imt met\u0173 yra\",\"breadcrumb\":{\"@id\":\"https:\/\/skaitytaknyga.lt\/produktas\/dramblys-kuris-pamirso-laime\/#breadcrumb\"},\"inLanguage\":\"en-GB\",\"potentialAction\":[{\"@type\":\"ReadAction\",\"target\":[\"https:\/\/skaitytaknyga.lt\/produktas\/dramblys-kuris-pamirso-laime\/\"]}]},{\"@type\":\"ImageObject\",\"inLanguage\":\"en-GB\",\"@id\":\"https:\/\/skaitytaknyga.lt\/produktas\/dramblys-kuris-pamirso-laime\/#primaryimage\",\"url\":\"https:\/\/skaitytaknyga.lt\/wp-content\/uploads\/2024\/09\/Dramblys-kuris-pamirso-laime.webp\",\"contentUrl\":\"https:\/\/skaitytaknyga.lt\/wp-content\/uploads\/2024\/09\/Dramblys-kuris-pamirso-laime.webp\",\"width\":533,\"height\":800,\"caption\":\"Dramblys, kuris pamir\u0161o laim\u0119\"},{\"@type\":\"BreadcrumbList\",\"@id\":\"https:\/\/skaitytaknyga.lt\/produktas\/dramblys-kuris-pamirso-laime\/#breadcrumb\",\"itemListElement\":[{\"@type\":\"ListItem\",\"position\":1,\"name\":\"Home\",\"item\":\"https:\/\/skaitytaknyga.lt\/\"},{\"@type\":\"ListItem\",\"position\":2,\"name\":\"Parduotuv\u0117\",\"item\":\"https:\/\/skaitytaknyga.lt\/knygu-parduotuve\/\"},{\"@type\":\"ListItem\",\"position\":3,\"name\":\"Ajahn Brahm \u201eDramblys, kuris pamir\u0161o laim\u0119\u201c\"}]},{\"@type\":\"WebSite\",\"@id\":\"https:\/\/skaitytaknyga.lt\/#website\",\"url\":\"https:\/\/skaitytaknyga.lt\/\",\"name\":\"skaitytaknyga.lt\",\"description\":\"Skaitytaknyga.lt \u2013 tai ma\u017eas \u0161eimos verslas, kuris prasid\u0117jo nuo meil\u0117s knygoms ir siekio i\u0161gelb\u0117ti knygas nuo likimo prie konteinerio. Kas vienam nereikalingas daiktas \u2013 kitam lobis, o mes esame tarpininkai, kurie padeda abiems tapti laimingesniems ???? \u017dinome kaip nelengva i\u0161gyventi ma\u017eiems verslams, tad nuo \u0161iol, \u010dia rasite ir kit\u0173, ma\u017e\u0173 \u0161eim\u0173 versl\u0173, rank\u0173 darbo, dovan\u0173 sau ir artimiesiems.\",\"publisher\":{\"@id\":\"https:\/\/skaitytaknyga.lt\/#organization\"},\"potentialAction\":[{\"@type\":\"SearchAction\",\"target\":{\"@type\":\"EntryPoint\",\"urlTemplate\":\"https:\/\/skaitytaknyga.lt\/?s={search_term_string}\"},\"query-input\":{\"@type\":\"PropertyValueSpecification\",\"valueRequired\":true,\"valueName\":\"search_term_string\"}}],\"inLanguage\":\"en-GB\"},{\"@type\":\"Organization\",\"@id\":\"https:\/\/skaitytaknyga.lt\/#organization\",\"name\":\"skaitytaknyga.lt\",\"url\":\"https:\/\/skaitytaknyga.lt\/\",\"logo\":{\"@type\":\"ImageObject\",\"inLanguage\":\"en-GB\",\"@id\":\"https:\/\/skaitytaknyga.lt\/#\/schema\/logo\/image\/\",\"url\":\"https:\/\/skaitytaknyga.lt\/wp-content\/uploads\/2024\/05\/cropped-cropped-cropped-02_00843_jt3bggkj1j3HLc7SyY6rEUpg.jpeg\",\"contentUrl\":\"https:\/\/skaitytaknyga.lt\/wp-content\/uploads\/2024\/05\/cropped-cropped-cropped-02_00843_jt3bggkj1j3HLc7SyY6rEUpg.jpeg\",\"width\":1600,\"height\":1600,\"caption\":\"skaitytaknyga.lt\"},\"image\":{\"@id\":\"https:\/\/skaitytaknyga.lt\/#\/schema\/logo\/image\/\"},\"sameAs\":[\"https:\/\/www.facebook.com\/skaitytaknyga\/\"]}]}<\/script>\n<!-- \/ Yoast SEO plugin. -->","yoast_head_json":{"title":"Ajahn Brahm \u201eDramblys, kuris pamir\u0161o laim\u0119\u201c","description":"Ajahn Brahm\u00a0(Ad\u017eanas Bramas: tikr. Peter Betts) gim\u0117 1951 m. Londone, Kembrid\u017ee studijavo teorin\u0119 fizik\u0105, o dabar jau daugiau kaip trisde\u0161imt met\u0173 yra","robots":{"index":"index","follow":"follow","max-snippet":"max-snippet:-1","max-image-preview":"max-image-preview:large","max-video-preview":"max-video-preview:-1"},"canonical":"https:\/\/skaitytaknyga.lt\/en\/produktas\/dramblys-kuris-pamirso-laime\/","og_locale":"en_GB","og_type":"article","og_title":"[:lt]Ajahn Brahm \u201eDramblys, kuris pamir\u0161o laim\u0119\u201c[:] - Skaitytaknyga","og_description":"Ajahn Brahm\u00a0(Ad\u017eanas Bramas: tikr. Peter Betts) gim\u0117 1951 m. Londone, Kembrid\u017ee studijavo teorin\u0119 fizik\u0105, o dabar jau daugiau kaip trisde\u0161imt met\u0173 yra","og_url":"https:\/\/skaitytaknyga.lt\/en\/produktas\/dramblys-kuris-pamirso-laime\/","og_site_name":"Skaitytaknyga","article_publisher":"https:\/\/www.facebook.com\/skaitytaknyga\/","article_modified_time":"2025-10-20T15:05:34+00:00","og_image":[{"width":533,"height":800,"url":"https:\/\/skaitytaknyga.lt\/wp-content\/uploads\/2024\/09\/Dramblys-kuris-pamirso-laime.webp","type":"image\/webp"}],"twitter_card":"summary_large_image","twitter_misc":{"Estimated reading time":"2 minutes"},"schema":{"@context":"https:\/\/schema.org","@graph":[{"@type":"WebPage","@id":"https:\/\/skaitytaknyga.lt\/produktas\/dramblys-kuris-pamirso-laime\/","url":"https:\/\/skaitytaknyga.lt\/produktas\/dramblys-kuris-pamirso-laime\/","name":"Ajahn Brahm \u201eDramblys, kuris pamir\u0161o laim\u0119\u201c","isPartOf":{"@id":"https:\/\/skaitytaknyga.lt\/#website"},"primaryImageOfPage":{"@id":"https:\/\/skaitytaknyga.lt\/produktas\/dramblys-kuris-pamirso-laime\/#primaryimage"},"image":{"@id":"https:\/\/skaitytaknyga.lt\/produktas\/dramblys-kuris-pamirso-laime\/#primaryimage"},"thumbnailUrl":"https:\/\/skaitytaknyga.lt\/wp-content\/uploads\/2024\/09\/Dramblys-kuris-pamirso-laime.webp","datePublished":"2024-09-06T07:34:50+00:00","dateModified":"2025-10-20T15:05:34+00:00","description":"Ajahn Brahm\u00a0(Ad\u017eanas Bramas: tikr. Peter Betts) gim\u0117 1951 m. Londone, Kembrid\u017ee studijavo teorin\u0119 fizik\u0105, o dabar jau daugiau kaip trisde\u0161imt met\u0173 yra","breadcrumb":{"@id":"https:\/\/skaitytaknyga.lt\/produktas\/dramblys-kuris-pamirso-laime\/#breadcrumb"},"inLanguage":"en-GB","potentialAction":[{"@type":"ReadAction","target":["https:\/\/skaitytaknyga.lt\/produktas\/dramblys-kuris-pamirso-laime\/"]}]},{"@type":"ImageObject","inLanguage":"en-GB","@id":"https:\/\/skaitytaknyga.lt\/produktas\/dramblys-kuris-pamirso-laime\/#primaryimage","url":"https:\/\/skaitytaknyga.lt\/wp-content\/uploads\/2024\/09\/Dramblys-kuris-pamirso-laime.webp","contentUrl":"https:\/\/skaitytaknyga.lt\/wp-content\/uploads\/2024\/09\/Dramblys-kuris-pamirso-laime.webp","width":533,"height":800,"caption":"Dramblys, kuris pamir\u0161o laim\u0119"},{"@type":"BreadcrumbList","@id":"https:\/\/skaitytaknyga.lt\/produktas\/dramblys-kuris-pamirso-laime\/#breadcrumb","itemListElement":[{"@type":"ListItem","position":1,"name":"Home","item":"https:\/\/skaitytaknyga.lt\/"},{"@type":"ListItem","position":2,"name":"Parduotuv\u0117","item":"https:\/\/skaitytaknyga.lt\/knygu-parduotuve\/"},{"@type":"ListItem","position":3,"name":"Ajahn Brahm \u201eDramblys, kuris pamir\u0161o laim\u0119\u201c"}]},{"@type":"WebSite","@id":"https:\/\/skaitytaknyga.lt\/#website","url":"https:\/\/skaitytaknyga.lt\/","name":"skaitytaknyga.lt","description":"Skaitytaknyga.lt \u2013 tai ma\u017eas \u0161eimos verslas, kuris prasid\u0117jo nuo meil\u0117s knygoms ir siekio i\u0161gelb\u0117ti knygas nuo likimo prie konteinerio. Kas vienam nereikalingas daiktas \u2013 kitam lobis, o mes esame tarpininkai, kurie padeda abiems tapti laimingesniems ???? \u017dinome kaip nelengva i\u0161gyventi ma\u017eiems verslams, tad nuo \u0161iol, \u010dia rasite ir kit\u0173, ma\u017e\u0173 \u0161eim\u0173 versl\u0173, rank\u0173 darbo, dovan\u0173 sau ir artimiesiems.","publisher":{"@id":"https:\/\/skaitytaknyga.lt\/#organization"},"potentialAction":[{"@type":"SearchAction","target":{"@type":"EntryPoint","urlTemplate":"https:\/\/skaitytaknyga.lt\/?s={search_term_string}"},"query-input":{"@type":"PropertyValueSpecification","valueRequired":true,"valueName":"search_term_string"}}],"inLanguage":"en-GB"},{"@type":"Organization","@id":"https:\/\/skaitytaknyga.lt\/#organization","name":"skaitytaknyga.lt","url":"https:\/\/skaitytaknyga.lt\/","logo":{"@type":"ImageObject","inLanguage":"en-GB","@id":"https:\/\/skaitytaknyga.lt\/#\/schema\/logo\/image\/","url":"https:\/\/skaitytaknyga.lt\/wp-content\/uploads\/2024\/05\/cropped-cropped-cropped-02_00843_jt3bggkj1j3HLc7SyY6rEUpg.jpeg","contentUrl":"https:\/\/skaitytaknyga.lt\/wp-content\/uploads\/2024\/05\/cropped-cropped-cropped-02_00843_jt3bggkj1j3HLc7SyY6rEUpg.jpeg","width":1600,"height":1600,"caption":"skaitytaknyga.lt"},"image":{"@id":"https:\/\/skaitytaknyga.lt\/#\/schema\/logo\/image\/"},"sameAs":["https:\/\/www.facebook.com\/skaitytaknyga\/"]}]}},"_links":{"self":[{"href":"https:\/\/skaitytaknyga.lt\/en\/wp-json\/wp\/v2\/product\/13681","targetHints":{"allow":["GET"]}}],"collection":[{"href":"https:\/\/skaitytaknyga.lt\/en\/wp-json\/wp\/v2\/product"}],"about":[{"href":"https:\/\/skaitytaknyga.lt\/en\/wp-json\/wp\/v2\/types\/product"}],"replies":[{"embeddable":true,"href":"https:\/\/skaitytaknyga.lt\/en\/wp-json\/wp\/v2\/comments?post=13681"}],"wp:featuredmedia":[{"embeddable":true,"href":"https:\/\/skaitytaknyga.lt\/en\/wp-json\/wp\/v2\/media\/13686"}],"wp:attachment":[{"href":"https:\/\/skaitytaknyga.lt\/en\/wp-json\/wp\/v2\/media?parent=13681"}],"wp:term":[{"taxonomy":"product_brand","embeddable":true,"href":"https:\/\/skaitytaknyga.lt\/en\/wp-json\/wp\/v2\/product_brand?post=13681"},{"taxonomy":"product_cat","embeddable":true,"href":"https:\/\/skaitytaknyga.lt\/en\/wp-json\/wp\/v2\/product_cat?post=13681"},{"taxonomy":"product_tag","embeddable":true,"href":"https:\/\/skaitytaknyga.lt\/en\/wp-json\/wp\/v2\/product_tag?post=13681"}],"curies":[{"name":"wp","href":"https:\/\/api.w.org\/{rel}","templated":true}]}}