{"id":13680,"date":"2024-09-06T10:34:50","date_gmt":"2024-09-06T07:34:50","guid":{"rendered":"https:\/\/skaitytaknyga.lt\/?post_type=product&#038;p=13680"},"modified":"2024-09-06T20:13:00","modified_gmt":"2024-09-06T17:13:00","slug":"ajahn-brahm-atverk-savo-sirdies-duris-3","status":"publish","type":"product","link":"https:\/\/skaitytaknyga.lt\/en\/produktas\/ajahn-brahm-atverk-savo-sirdies-duris-3\/","title":{"rendered":"Cornelia Nitsch \u201eBerniukai tiesiog kitokie: kod\u0117l s\u016bnus reikia ugdyti kitaip\u201c"},"content":{"rendered":"<p>K\u0105 galvoja ir jau\u010dia berniukai? Kuo ir kod\u0117l jie skiriasi nuo mergai\u010di\u0173? Ar labai berniukams reikia vyri\u0161ko pavyzd\u017eio? \u012e k\u0105 turi atkreipti d\u0117mes\u012f t\u0117vai, kad s\u016bnus u\u017eaugt\u0173 laimingu ir savimi pasitikin\u010diu vyru? \u012e \u0161iuos ir daugel\u012f kit\u0173 klausim\u0173 atsako didel\u0119 patirt\u012f turinti mama Cornelia Nitsch. Jos knyga pad\u0117s t\u0117vams \u012fveikti svarbiausias kli\u016btis, i\u0161kylan\u010dias auginant berniukus nuo gimimo iki paauglyst\u0117s. Autor\u0117s kalbai b\u016bdingas nuo\u0161irdumas, supratimas ir humoras.<\/p>\n<ul class=\"about-product d-none d-xl-block mt-4\">\n<li><strong>Autorius:<\/strong>\u00a0Cornelia Nitsch<\/li>\n<li><strong>Leid\u0117jas:<\/strong>\u00a0M\u016bs\u0173 knyga<\/li>\n<li><strong>Metai:<\/strong>\u00a02003<\/li>\n<li><strong>Puslapiai:<\/strong>\u00a0187<\/li>\n<li><strong>ISBN:<\/strong>\u00a09789955573296<\/li>\n<li><strong>Formatas:<\/strong>\u00a013,5 x 20 x 1 cm, mink\u0161ti vir\u0161eliai<\/li>\n<li><strong>Kalba:<\/strong>\u00a0Lietuvi\u0173<\/li>\n<li><strong>Vert\u0117jas:<\/strong>\u00a0R\u016bta Antulien\u0117<\/li>\n<li><strong>B\u016bkl\u0117:<\/strong> gera<\/li>\n<\/ul>\n","protected":false},"excerpt":{"rendered":"<p>K\u0105 galvoja ir jau\u010dia berniukai? Kuo ir kod\u0117l jie skiriasi nuo mergai\u010di\u0173? Ar labai berniukams reikia vyri\u0161ko pavyzd\u017eio? \u012e k\u0105 turi atkreipti d\u0117mes\u012f t\u0117vai, kad s\u016bnus u\u017eaugt\u0173 laimingu ir savimi pasitikin\u010diu vyru? \u012e \u0161iuos ir daugel\u012f kit\u0173 klausim\u0173 atsako didel\u0119 patirt\u012f turinti mama Cornelia Nitsch. Jos knyga pad\u0117s t\u0117vams \u012fveikti svarbiausias kli\u016btis, i\u0161kylan\u010dias auginant berniukus nuo gimimo iki paauglyst\u0117s. Autor\u0117s kalbai b\u016bdingas nuo\u0161irdumas, supratimas ir humoras. Autorius:\u00a0Cornelia Nitsch Leid\u0117jas:\u00a0M\u016bs\u0173 knyga Metai:\u00a02003 Puslapiai:\u00a0187 ISBN:\u00a09789955573296 Formatas:\u00a013,5 x 20 x 1 cm, mink\u0161ti vir\u0161eliai Kalba:\u00a0Lietuvi\u0173 Vert\u0117jas:\u00a0R\u016bta Antulien\u0117 B\u016bkl\u0117: gera<\/p>\n","protected":false},"featured_media":13691,"comment_status":"open","ping_status":"closed","template":"","meta":{"_acf_changed":false,"site-sidebar-layout":"default","site-content-layout":"","ast-site-content-layout":"default","site-content-style":"default","site-sidebar-style":"default","ast-global-header-display":"","ast-banner-title-visibility":"","ast-main-header-display":"","ast-hfb-above-header-display":"","ast-hfb-below-header-display":"","ast-hfb-mobile-header-display":"","site-post-title":"","ast-breadcrumbs-content":"","ast-featured-img":"","footer-sml-layout":"","ast-disable-related-posts":"","theme-transparent-header-meta":"default","adv-header-id-meta":"","stick-header-meta":"","header-above-stick-meta":"","header-main-stick-meta":"","header-below-stick-meta":"","astra-migrate-meta-layouts":"set","ast-page-background-enabled":"default","ast-page-background-meta":{"desktop":{"background-color":"","background-image":"","background-repeat":"repeat","background-position":"center center","background-size":"auto","background-attachment":"scroll","background-type":"","background-media":"","overlay-type":"","overlay-color":"","overlay-opacity":"","overlay-gradient":""},"tablet":{"background-color":"","background-image":"","background-repeat":"repeat","background-position":"center center","background-size":"auto","background-attachment":"scroll","background-type":"","background-media":"","overlay-type":"","overlay-color":"","overlay-opacity":"","overlay-gradient":""},"mobile":{"background-color":"","background-image":"","background-repeat":"repeat","background-position":"center center","background-size":"auto","background-attachment":"scroll","background-type":"","background-media":"","overlay-type":"","overlay-color":"","overlay-opacity":"","overlay-gradient":""}},"ast-content-background-meta":{"desktop":{"background-color":"var(--ast-global-color-4)","background-image":"","background-repeat":"repeat","background-position":"center center","background-size":"auto","background-attachment":"scroll","background-type":"","background-media":"","overlay-type":"","overlay-color":"","overlay-opacity":"","overlay-gradient":""},"tablet":{"background-color":"var(--ast-global-color-4)","background-image":"","background-repeat":"repeat","background-position":"center center","background-size":"auto","background-attachment":"scroll","background-type":"","background-media":"","overlay-type":"","overlay-color":"","overlay-opacity":"","overlay-gradient":""},"mobile":{"background-color":"var(--ast-global-color-4)","background-image":"","background-repeat":"repeat","background-position":"center center","background-size":"auto","background-attachment":"scroll","background-type":"","background-media":"","overlay-type":"","overlay-color":"","overlay-opacity":"","overlay-gradient":""}}},"product_brand":[],"product_cat":[15,37],"product_tag":[],"class_list":{"0":"post-13680","1":"product","2":"type-product","3":"status-publish","4":"has-post-thumbnail","6":"product_cat-uncategorized","7":"product_cat-nestumas-ir-vaiku-prieziura-bei-auklejimas","8":"desktop-align-left","9":"tablet-align-left","10":"mobile-align-left","12":"first","13":"instock","14":"shipping-taxable","15":"purchasable","16":"product-type-simple"},"acf":[],"yoast_head":"<!-- This site is optimized with the Yoast SEO plugin v27.0 - https:\/\/yoast.com\/product\/yoast-seo-wordpress\/ -->\n<title>Cornelia Nitsch \u201eBerniukai tiesiog kitokie: kod\u0117l s\u016bnus reikia ugdyti kitaip\u201c<\/title>\n<meta name=\"description\" content=\"K\u0105 galvoja ir jau\u010dia berniukai? Kuo ir kod\u0117l jie skiriasi nuo mergai\u010di\u0173? Ar labai berniukams reikia vyri\u0161ko pavyzd\u017eio? \u012e k\u0105 turi atkreipti d\u0117mes\u012f t\u0117vai,\" \/>\n<meta name=\"robots\" content=\"index, follow, max-snippet:-1, max-image-preview:large, max-video-preview:-1\" \/>\n<link rel=\"canonical\" href=\"https:\/\/skaitytaknyga.lt\/en\/produktas\/ajahn-brahm-atverk-savo-sirdies-duris-3\/\" \/>\n<meta property=\"og:locale\" content=\"en_GB\" \/>\n<meta property=\"og:locale:alternate\" content=\"lt_LT\" \/>\n<meta property=\"og:type\" content=\"article\" \/>\n<meta property=\"og:title\" content=\"Cornelia Nitsch \u201eBerniukai tiesiog kitokie: kod\u0117l s\u016bnus reikia ugdyti kitaip\u201c\" \/>\n<meta property=\"og:description\" content=\"K\u0105 galvoja ir jau\u010dia berniukai? Kuo ir kod\u0117l jie skiriasi nuo mergai\u010di\u0173? Ar labai berniukams reikia vyri\u0161ko pavyzd\u017eio? \u012e k\u0105 turi atkreipti d\u0117mes\u012f t\u0117vai,\" \/>\n<meta property=\"og:url\" content=\"https:\/\/skaitytaknyga.lt\/en\/produktas\/ajahn-brahm-atverk-savo-sirdies-duris-3\/\" \/>\n<meta property=\"og:site_name\" content=\"Skaitytaknyga\" \/>\n<meta property=\"article:publisher\" content=\"https:\/\/www.facebook.com\/skaitytaknyga\/\" \/>\n<meta property=\"article:modified_time\" content=\"2024-09-06T17:13:00+00:00\" \/>\n<meta property=\"og:image\" content=\"https:\/\/skaitytaknyga.lt\/wp-content\/uploads\/2024\/09\/Berniukai-tiesiog-kitokie-kodel-sunus-reikia-ugdyti-kitaip.webp\" \/>\n\t<meta property=\"og:image:width\" content=\"508\" \/>\n\t<meta property=\"og:image:height\" content=\"799\" \/>\n\t<meta property=\"og:image:type\" content=\"image\/webp\" \/>\n<meta name=\"twitter:card\" content=\"summary_large_image\" \/>\n<meta name=\"twitter:label1\" content=\"Estimated reading time\" \/>\n\t<meta name=\"twitter:data1\" content=\"1 minute\" \/>\n<script type=\"application\/ld+json\" class=\"yoast-schema-graph\">{\"@context\":\"https:\/\/schema.org\",\"@graph\":[{\"@type\":\"WebPage\",\"@id\":\"https:\/\/skaitytaknyga.lt\/produktas\/ajahn-brahm-atverk-savo-sirdies-duris-3\/\",\"url\":\"https:\/\/skaitytaknyga.lt\/produktas\/ajahn-brahm-atverk-savo-sirdies-duris-3\/\",\"name\":\"Cornelia Nitsch \u201eBerniukai tiesiog kitokie: kod\u0117l s\u016bnus reikia ugdyti kitaip\u201c\",\"isPartOf\":{\"@id\":\"https:\/\/skaitytaknyga.lt\/#website\"},\"primaryImageOfPage\":{\"@id\":\"https:\/\/skaitytaknyga.lt\/produktas\/ajahn-brahm-atverk-savo-sirdies-duris-3\/#primaryimage\"},\"image\":{\"@id\":\"https:\/\/skaitytaknyga.lt\/produktas\/ajahn-brahm-atverk-savo-sirdies-duris-3\/#primaryimage\"},\"thumbnailUrl\":\"https:\/\/skaitytaknyga.lt\/wp-content\/uploads\/2024\/09\/Berniukai-tiesiog-kitokie-kodel-sunus-reikia-ugdyti-kitaip.webp\",\"datePublished\":\"2024-09-06T07:34:50+00:00\",\"dateModified\":\"2024-09-06T17:13:00+00:00\",\"description\":\"K\u0105 galvoja ir jau\u010dia berniukai? Kuo ir kod\u0117l jie skiriasi nuo mergai\u010di\u0173? Ar labai berniukams reikia vyri\u0161ko pavyzd\u017eio? \u012e k\u0105 turi atkreipti d\u0117mes\u012f t\u0117vai,\",\"breadcrumb\":{\"@id\":\"https:\/\/skaitytaknyga.lt\/produktas\/ajahn-brahm-atverk-savo-sirdies-duris-3\/#breadcrumb\"},\"inLanguage\":\"en-GB\",\"potentialAction\":[{\"@type\":\"ReadAction\",\"target\":[\"https:\/\/skaitytaknyga.lt\/produktas\/ajahn-brahm-atverk-savo-sirdies-duris-3\/\"]}]},{\"@type\":\"ImageObject\",\"inLanguage\":\"en-GB\",\"@id\":\"https:\/\/skaitytaknyga.lt\/produktas\/ajahn-brahm-atverk-savo-sirdies-duris-3\/#primaryimage\",\"url\":\"https:\/\/skaitytaknyga.lt\/wp-content\/uploads\/2024\/09\/Berniukai-tiesiog-kitokie-kodel-sunus-reikia-ugdyti-kitaip.webp\",\"contentUrl\":\"https:\/\/skaitytaknyga.lt\/wp-content\/uploads\/2024\/09\/Berniukai-tiesiog-kitokie-kodel-sunus-reikia-ugdyti-kitaip.webp\",\"width\":508,\"height\":799,\"caption\":\"Berniukai tiesiog kitokie kod\u0117l s\u016bnus reikia ugdyti kitaip\"},{\"@type\":\"BreadcrumbList\",\"@id\":\"https:\/\/skaitytaknyga.lt\/produktas\/ajahn-brahm-atverk-savo-sirdies-duris-3\/#breadcrumb\",\"itemListElement\":[{\"@type\":\"ListItem\",\"position\":1,\"name\":\"Home\",\"item\":\"https:\/\/skaitytaknyga.lt\/\"},{\"@type\":\"ListItem\",\"position\":2,\"name\":\"Parduotuv\u0117\",\"item\":\"https:\/\/skaitytaknyga.lt\/knygu-parduotuve\/\"},{\"@type\":\"ListItem\",\"position\":3,\"name\":\"Cornelia Nitsch \u201eBerniukai tiesiog kitokie: kod\u0117l s\u016bnus reikia ugdyti kitaip\u201c\"}]},{\"@type\":\"WebSite\",\"@id\":\"https:\/\/skaitytaknyga.lt\/#website\",\"url\":\"https:\/\/skaitytaknyga.lt\/\",\"name\":\"skaitytaknyga.lt\",\"description\":\"Skaitytaknyga.lt \u2013 tai ma\u017eas \u0161eimos verslas, kuris prasid\u0117jo nuo meil\u0117s knygoms ir siekio i\u0161gelb\u0117ti knygas nuo likimo prie konteinerio. Kas vienam nereikalingas daiktas \u2013 kitam lobis, o mes esame tarpininkai, kurie padeda abiems tapti laimingesniems ???? \u017dinome kaip nelengva i\u0161gyventi ma\u017eiems verslams, tad nuo \u0161iol, \u010dia rasite ir kit\u0173, ma\u017e\u0173 \u0161eim\u0173 versl\u0173, rank\u0173 darbo, dovan\u0173 sau ir artimiesiems.\",\"publisher\":{\"@id\":\"https:\/\/skaitytaknyga.lt\/#organization\"},\"potentialAction\":[{\"@type\":\"SearchAction\",\"target\":{\"@type\":\"EntryPoint\",\"urlTemplate\":\"https:\/\/skaitytaknyga.lt\/?s={search_term_string}\"},\"query-input\":{\"@type\":\"PropertyValueSpecification\",\"valueRequired\":true,\"valueName\":\"search_term_string\"}}],\"inLanguage\":\"en-GB\"},{\"@type\":\"Organization\",\"@id\":\"https:\/\/skaitytaknyga.lt\/#organization\",\"name\":\"skaitytaknyga.lt\",\"url\":\"https:\/\/skaitytaknyga.lt\/\",\"logo\":{\"@type\":\"ImageObject\",\"inLanguage\":\"en-GB\",\"@id\":\"https:\/\/skaitytaknyga.lt\/#\/schema\/logo\/image\/\",\"url\":\"https:\/\/skaitytaknyga.lt\/wp-content\/uploads\/2024\/05\/cropped-cropped-cropped-02_00843_jt3bggkj1j3HLc7SyY6rEUpg.jpeg\",\"contentUrl\":\"https:\/\/skaitytaknyga.lt\/wp-content\/uploads\/2024\/05\/cropped-cropped-cropped-02_00843_jt3bggkj1j3HLc7SyY6rEUpg.jpeg\",\"width\":1600,\"height\":1600,\"caption\":\"skaitytaknyga.lt\"},\"image\":{\"@id\":\"https:\/\/skaitytaknyga.lt\/#\/schema\/logo\/image\/\"},\"sameAs\":[\"https:\/\/www.facebook.com\/skaitytaknyga\/\"]}]}<\/script>\n<!-- \/ Yoast SEO plugin. -->","yoast_head_json":{"title":"Cornelia Nitsch \u201eBerniukai tiesiog kitokie: kod\u0117l s\u016bnus reikia ugdyti kitaip\u201c","description":"K\u0105 galvoja ir jau\u010dia berniukai? Kuo ir kod\u0117l jie skiriasi nuo mergai\u010di\u0173? Ar labai berniukams reikia vyri\u0161ko pavyzd\u017eio? \u012e k\u0105 turi atkreipti d\u0117mes\u012f t\u0117vai,","robots":{"index":"index","follow":"follow","max-snippet":"max-snippet:-1","max-image-preview":"max-image-preview:large","max-video-preview":"max-video-preview:-1"},"canonical":"https:\/\/skaitytaknyga.lt\/en\/produktas\/ajahn-brahm-atverk-savo-sirdies-duris-3\/","og_locale":"en_GB","og_type":"article","og_title":"[:lt]Cornelia Nitsch \u201eBerniukai tiesiog kitokie: kod\u0117l s\u016bnus reikia ugdyti kitaip\u201c[:] - Skaitytaknyga","og_description":"K\u0105 galvoja ir jau\u010dia berniukai? Kuo ir kod\u0117l jie skiriasi nuo mergai\u010di\u0173? Ar labai berniukams reikia vyri\u0161ko pavyzd\u017eio? \u012e k\u0105 turi atkreipti d\u0117mes\u012f t\u0117vai,","og_url":"https:\/\/skaitytaknyga.lt\/en\/produktas\/ajahn-brahm-atverk-savo-sirdies-duris-3\/","og_site_name":"Skaitytaknyga","article_publisher":"https:\/\/www.facebook.com\/skaitytaknyga\/","article_modified_time":"2024-09-06T17:13:00+00:00","og_image":[{"width":508,"height":799,"url":"https:\/\/skaitytaknyga.lt\/wp-content\/uploads\/2024\/09\/Berniukai-tiesiog-kitokie-kodel-sunus-reikia-ugdyti-kitaip.webp","type":"image\/webp"}],"twitter_card":"summary_large_image","twitter_misc":{"Estimated reading time":"1 minute"},"schema":{"@context":"https:\/\/schema.org","@graph":[{"@type":"WebPage","@id":"https:\/\/skaitytaknyga.lt\/produktas\/ajahn-brahm-atverk-savo-sirdies-duris-3\/","url":"https:\/\/skaitytaknyga.lt\/produktas\/ajahn-brahm-atverk-savo-sirdies-duris-3\/","name":"Cornelia Nitsch \u201eBerniukai tiesiog kitokie: kod\u0117l s\u016bnus reikia ugdyti kitaip\u201c","isPartOf":{"@id":"https:\/\/skaitytaknyga.lt\/#website"},"primaryImageOfPage":{"@id":"https:\/\/skaitytaknyga.lt\/produktas\/ajahn-brahm-atverk-savo-sirdies-duris-3\/#primaryimage"},"image":{"@id":"https:\/\/skaitytaknyga.lt\/produktas\/ajahn-brahm-atverk-savo-sirdies-duris-3\/#primaryimage"},"thumbnailUrl":"https:\/\/skaitytaknyga.lt\/wp-content\/uploads\/2024\/09\/Berniukai-tiesiog-kitokie-kodel-sunus-reikia-ugdyti-kitaip.webp","datePublished":"2024-09-06T07:34:50+00:00","dateModified":"2024-09-06T17:13:00+00:00","description":"K\u0105 galvoja ir jau\u010dia berniukai? Kuo ir kod\u0117l jie skiriasi nuo mergai\u010di\u0173? Ar labai berniukams reikia vyri\u0161ko pavyzd\u017eio? \u012e k\u0105 turi atkreipti d\u0117mes\u012f t\u0117vai,","breadcrumb":{"@id":"https:\/\/skaitytaknyga.lt\/produktas\/ajahn-brahm-atverk-savo-sirdies-duris-3\/#breadcrumb"},"inLanguage":"en-GB","potentialAction":[{"@type":"ReadAction","target":["https:\/\/skaitytaknyga.lt\/produktas\/ajahn-brahm-atverk-savo-sirdies-duris-3\/"]}]},{"@type":"ImageObject","inLanguage":"en-GB","@id":"https:\/\/skaitytaknyga.lt\/produktas\/ajahn-brahm-atverk-savo-sirdies-duris-3\/#primaryimage","url":"https:\/\/skaitytaknyga.lt\/wp-content\/uploads\/2024\/09\/Berniukai-tiesiog-kitokie-kodel-sunus-reikia-ugdyti-kitaip.webp","contentUrl":"https:\/\/skaitytaknyga.lt\/wp-content\/uploads\/2024\/09\/Berniukai-tiesiog-kitokie-kodel-sunus-reikia-ugdyti-kitaip.webp","width":508,"height":799,"caption":"Berniukai tiesiog kitokie kod\u0117l s\u016bnus reikia ugdyti kitaip"},{"@type":"BreadcrumbList","@id":"https:\/\/skaitytaknyga.lt\/produktas\/ajahn-brahm-atverk-savo-sirdies-duris-3\/#breadcrumb","itemListElement":[{"@type":"ListItem","position":1,"name":"Home","item":"https:\/\/skaitytaknyga.lt\/"},{"@type":"ListItem","position":2,"name":"Parduotuv\u0117","item":"https:\/\/skaitytaknyga.lt\/knygu-parduotuve\/"},{"@type":"ListItem","position":3,"name":"Cornelia Nitsch \u201eBerniukai tiesiog kitokie: kod\u0117l s\u016bnus reikia ugdyti kitaip\u201c"}]},{"@type":"WebSite","@id":"https:\/\/skaitytaknyga.lt\/#website","url":"https:\/\/skaitytaknyga.lt\/","name":"skaitytaknyga.lt","description":"Skaitytaknyga.lt \u2013 tai ma\u017eas \u0161eimos verslas, kuris prasid\u0117jo nuo meil\u0117s knygoms ir siekio i\u0161gelb\u0117ti knygas nuo likimo prie konteinerio. Kas vienam nereikalingas daiktas \u2013 kitam lobis, o mes esame tarpininkai, kurie padeda abiems tapti laimingesniems ???? \u017dinome kaip nelengva i\u0161gyventi ma\u017eiems verslams, tad nuo \u0161iol, \u010dia rasite ir kit\u0173, ma\u017e\u0173 \u0161eim\u0173 versl\u0173, rank\u0173 darbo, dovan\u0173 sau ir artimiesiems.","publisher":{"@id":"https:\/\/skaitytaknyga.lt\/#organization"},"potentialAction":[{"@type":"SearchAction","target":{"@type":"EntryPoint","urlTemplate":"https:\/\/skaitytaknyga.lt\/?s={search_term_string}"},"query-input":{"@type":"PropertyValueSpecification","valueRequired":true,"valueName":"search_term_string"}}],"inLanguage":"en-GB"},{"@type":"Organization","@id":"https:\/\/skaitytaknyga.lt\/#organization","name":"skaitytaknyga.lt","url":"https:\/\/skaitytaknyga.lt\/","logo":{"@type":"ImageObject","inLanguage":"en-GB","@id":"https:\/\/skaitytaknyga.lt\/#\/schema\/logo\/image\/","url":"https:\/\/skaitytaknyga.lt\/wp-content\/uploads\/2024\/05\/cropped-cropped-cropped-02_00843_jt3bggkj1j3HLc7SyY6rEUpg.jpeg","contentUrl":"https:\/\/skaitytaknyga.lt\/wp-content\/uploads\/2024\/05\/cropped-cropped-cropped-02_00843_jt3bggkj1j3HLc7SyY6rEUpg.jpeg","width":1600,"height":1600,"caption":"skaitytaknyga.lt"},"image":{"@id":"https:\/\/skaitytaknyga.lt\/#\/schema\/logo\/image\/"},"sameAs":["https:\/\/www.facebook.com\/skaitytaknyga\/"]}]}},"_links":{"self":[{"href":"https:\/\/skaitytaknyga.lt\/en\/wp-json\/wp\/v2\/product\/13680","targetHints":{"allow":["GET"]}}],"collection":[{"href":"https:\/\/skaitytaknyga.lt\/en\/wp-json\/wp\/v2\/product"}],"about":[{"href":"https:\/\/skaitytaknyga.lt\/en\/wp-json\/wp\/v2\/types\/product"}],"replies":[{"embeddable":true,"href":"https:\/\/skaitytaknyga.lt\/en\/wp-json\/wp\/v2\/comments?post=13680"}],"wp:featuredmedia":[{"embeddable":true,"href":"https:\/\/skaitytaknyga.lt\/en\/wp-json\/wp\/v2\/media\/13691"}],"wp:attachment":[{"href":"https:\/\/skaitytaknyga.lt\/en\/wp-json\/wp\/v2\/media?parent=13680"}],"wp:term":[{"taxonomy":"product_brand","embeddable":true,"href":"https:\/\/skaitytaknyga.lt\/en\/wp-json\/wp\/v2\/product_brand?post=13680"},{"taxonomy":"product_cat","embeddable":true,"href":"https:\/\/skaitytaknyga.lt\/en\/wp-json\/wp\/v2\/product_cat?post=13680"},{"taxonomy":"product_tag","embeddable":true,"href":"https:\/\/skaitytaknyga.lt\/en\/wp-json\/wp\/v2\/product_tag?post=13680"}],"curies":[{"name":"wp","href":"https:\/\/api.w.org\/{rel}","templated":true}]}}