{"id":13679,"date":"2024-09-06T10:34:49","date_gmt":"2024-09-06T07:34:49","guid":{"rendered":"https:\/\/skaitytaknyga.lt\/?post_type=product&#038;p=13679"},"modified":"2026-03-05T15:58:06","modified_gmt":"2026-03-05T13:58:06","slug":"ajahn-brahm-atverk-savo-sirdies-duris-4","status":"publish","type":"product","link":"https:\/\/skaitytaknyga.lt\/en\/produktas\/ajahn-brahm-atverk-savo-sirdies-duris-4\/","title":{"rendered":"Numyl\u0117tieji kaulai"},"content":{"rendered":"<p><strong style=\"font-size: 16px\">Istorija apie gyvenim\u0105 ir apie tai, kas b\u016bna po jo<\/strong><\/p>\n<div class=\"more-content\">\n<p><em>Ore tarp gyv\u0173j\u0173 supasi, plevena ir juokiasi dvasios. Jos yra deguonis, kuriuo kv\u0117puojame.<\/em><\/p>\n<p>\u201eEsu Siuz\u0117 Salmon. Buvau keturiolikos, kai mane nu\u017eud\u0117 1973 met\u0173 gruod\u017eio 6-\u0105j\u0105. Mane nu\u017eud\u0117 vienas m\u016bs\u0173 kaimyn\u0173. Mano motinai patiko g\u0117l\u0117s, kuriomis jis buvo apsodin\u0119s savo sklypo ribas, o t\u0117vas syk\u012f net \u0161neku\u010diavosi su juo apie augal\u0173 tr\u0119\u0161im\u0105,\u201c &#8211; taip prasideda \u0161i nepaprasta istorija.<\/p>\n<p>Rojuje Siuz\u0117 gali gauti visk\u0105, ko panor\u0117jusi&#8230; i\u0161skyrus tai, ko mergait\u0117 trok\u0161ta labiausiai \u2013 gr\u012f\u017eti pas tuos, kuriuos myl\u0117jo \u017eem\u0117je. Siuz\u0117 ramiu, ne pagal am\u017ei\u0173 subrendusios paaugl\u0117s balsu pasakoja apie j\u0105 i\u0161tikusi\u0105 siaubing\u0105 mirt\u012f, su meile, ilgesiu ir augan\u010diu supratimu stebi netekties u\u017egri\u016bt\u0105 \u0161eim\u0105: t\u0117v\u0105, aps\u0117st\u0105 manijos surasti \u017eudik\u0105, nuo \u0161eimos tolstan\u010di\u0105 motin\u0105, br\u0119stan\u010di\u0105 seser\u012f, \u012f kuri\u0105 \u017ei\u016br\u0117dami visi prisimena Siuz\u0119, broliuk\u0105, nesuprantant\u012f, kur staiga i\u0161nyko vyresnioji sesuo\u2026<\/p>\n<p>Kartais netektis sudrums\u010dia ram\u0173 m\u016bs\u0173 gyvenim\u0105 it \u012f tvenkin\u012f sviestas akmuo. \u012etaigios ra\u0161ytojos rankose \u0161i nepakeliama tragedija virsta pilna \u012ftampos ir jaudinan\u010dia istorija apie gyvenim\u0105 ir mirt\u012f, ker\u0161t\u0105 ir atleidim\u0105, atmint\u012f ir u\u017esimir\u0161im\u0105. Istorija apie tai, kaip brutaliai tvenkinio ramyb\u0119 sudrumstusio akmens raibuliai metams b\u0117gant i\u0161tirpsta ir v\u0117l stoja palaiminga ramyb\u0117.<\/p>\n<ul class=\"about-product d-none d-xl-block mt-4\">\n<li><strong>Autorius:<\/strong>\u00a0Alice Sebold<\/li>\n<li><strong>Leid\u0117jas:<\/strong>\u00a0Obuolys<\/li>\n<li><strong>Metai:<\/strong>\u00a02009<\/li>\n<li><strong>Puslapiai:<\/strong>\u00a0448<\/li>\n<li><strong>ISBN:<\/strong>\u00a09786094030833<\/li>\n<li><strong>Formatas:<\/strong>\u00a012,5 x 18,7 cm, mink\u0161ti vir\u0161eliai<\/li>\n<li><strong>Kalba:<\/strong>\u00a0Lietuvi\u0173<\/li>\n<li><strong>Vert\u0117jas:<\/strong>\u00a0J\u016brat\u0117 \u017deimantien\u0117<\/li>\n<\/ul>\n<\/div>\n","protected":false},"excerpt":{"rendered":"<p>Istorija apie gyvenim\u0105 ir apie tai, kas b\u016bna po jo Ore tarp gyv\u0173j\u0173 supasi, plevena ir juokiasi dvasios. Jos yra deguonis, kuriuo kv\u0117puojame. \u201eEsu Siuz\u0117 Salmon. Buvau keturiolikos, kai mane nu\u017eud\u0117 1973 met\u0173 gruod\u017eio 6-\u0105j\u0105. Mane nu\u017eud\u0117 vienas m\u016bs\u0173 kaimyn\u0173. Mano motinai patiko g\u0117l\u0117s, kuriomis jis buvo apsodin\u0119s savo sklypo ribas, o t\u0117vas syk\u012f net \u0161neku\u010diavosi su juo apie augal\u0173 tr\u0119\u0161im\u0105,\u201c &#8211; taip prasideda \u0161i nepaprasta istorija. Rojuje Siuz\u0117 gali gauti visk\u0105, ko panor\u0117jusi&#8230; i\u0161skyrus tai, ko mergait\u0117 trok\u0161ta labiausiai \u2013 gr\u012f\u017eti pas tuos, kuriuos myl\u0117jo \u017eem\u0117je. Siuz\u0117 ramiu, ne pagal am\u017ei\u0173 subrendusios paaugl\u0117s balsu pasakoja apie j\u0105 i\u0161tikusi\u0105 siaubing\u0105 mirt\u012f, su meile, ilgesiu ir augan\u010diu supratimu stebi netekties u\u017egri\u016bt\u0105 \u0161eim\u0105: t\u0117v\u0105, aps\u0117st\u0105 manijos surasti \u017eudik\u0105, nuo \u0161eimos tolstan\u010di\u0105 motin\u0105, br\u0119stan\u010di\u0105 seser\u012f, \u012f kuri\u0105 \u017ei\u016br\u0117dami visi prisimena Siuz\u0119, broliuk\u0105, nesuprantant\u012f, kur staiga i\u0161nyko vyresnioji sesuo\u2026 Kartais netektis sudrums\u010dia ram\u0173 m\u016bs\u0173 gyvenim\u0105 it \u012f tvenkin\u012f sviestas akmuo. \u012etaigios ra\u0161ytojos rankose \u0161i nepakeliama tragedija virsta pilna \u012ftampos ir jaudinan\u010dia istorija apie gyvenim\u0105 ir mirt\u012f, ker\u0161t\u0105 ir atleidim\u0105, atmint\u012f ir u\u017esimir\u0161im\u0105. Istorija apie tai, kaip brutaliai tvenkinio ramyb\u0119 sudrumstusio akmens raibuliai metams b\u0117gant i\u0161tirpsta ir v\u0117l stoja palaiminga ramyb\u0117. Autorius:\u00a0Alice Sebold Leid\u0117jas:\u00a0Obuolys Metai:\u00a02009 Puslapiai:\u00a0448 ISBN:\u00a09786094030833 Formatas:\u00a012,5 x 18,7 cm, mink\u0161ti vir\u0161eliai Kalba:\u00a0Lietuvi\u0173 Vert\u0117jas:\u00a0J\u016brat\u0117 \u017deimantien\u0117<\/p>\n","protected":false},"featured_media":13690,"comment_status":"open","ping_status":"closed","template":"","meta":{"_acf_changed":false,"site-sidebar-layout":"default","site-content-layout":"","ast-site-content-layout":"default","site-content-style":"default","site-sidebar-style":"default","ast-global-header-display":"","ast-banner-title-visibility":"","ast-main-header-display":"","ast-hfb-above-header-display":"","ast-hfb-below-header-display":"","ast-hfb-mobile-header-display":"","site-post-title":"","ast-breadcrumbs-content":"","ast-featured-img":"","footer-sml-layout":"","ast-disable-related-posts":"","theme-transparent-header-meta":"default","adv-header-id-meta":"","stick-header-meta":"","header-above-stick-meta":"","header-main-stick-meta":"","header-below-stick-meta":"","astra-migrate-meta-layouts":"set","ast-page-background-enabled":"default","ast-page-background-meta":{"desktop":{"background-color":"","background-image":"","background-repeat":"repeat","background-position":"center center","background-size":"auto","background-attachment":"scroll","background-type":"","background-media":"","overlay-type":"","overlay-color":"","overlay-opacity":"","overlay-gradient":""},"tablet":{"background-color":"","background-image":"","background-repeat":"repeat","background-position":"center center","background-size":"auto","background-attachment":"scroll","background-type":"","background-media":"","overlay-type":"","overlay-color":"","overlay-opacity":"","overlay-gradient":""},"mobile":{"background-color":"","background-image":"","background-repeat":"repeat","background-position":"center center","background-size":"auto","background-attachment":"scroll","background-type":"","background-media":"","overlay-type":"","overlay-color":"","overlay-opacity":"","overlay-gradient":""}},"ast-content-background-meta":{"desktop":{"background-color":"var(--ast-global-color-4)","background-image":"","background-repeat":"repeat","background-position":"center center","background-size":"auto","background-attachment":"scroll","background-type":"","background-media":"","overlay-type":"","overlay-color":"","overlay-opacity":"","overlay-gradient":""},"tablet":{"background-color":"var(--ast-global-color-4)","background-image":"","background-repeat":"repeat","background-position":"center center","background-size":"auto","background-attachment":"scroll","background-type":"","background-media":"","overlay-type":"","overlay-color":"","overlay-opacity":"","overlay-gradient":""},"mobile":{"background-color":"var(--ast-global-color-4)","background-image":"","background-repeat":"repeat","background-position":"center center","background-size":"auto","background-attachment":"scroll","background-type":"","background-media":"","overlay-type":"","overlay-color":"","overlay-opacity":"","overlay-gradient":""}}},"product_brand":[],"product_cat":[9580],"product_tag":[],"class_list":{"0":"post-13679","1":"product","2":"type-product","3":"status-publish","4":"has-post-thumbnail","6":"product_cat-psichologiniai-detektyvai","7":"desktop-align-left","8":"tablet-align-left","9":"mobile-align-left","11":"first","12":"instock","13":"shipping-taxable","14":"purchasable","15":"product-type-simple"},"acf":[],"yoast_head":"<!-- This site is optimized with the Yoast SEO plugin v27.0 - https:\/\/yoast.com\/product\/yoast-seo-wordpress\/ -->\n<title>Numyl\u0117tieji kaulai<\/title>\n<meta name=\"description\" content=\"Istorija apie gyvenim\u0105 ir apie tai, kas b\u016bna po jo Ore tarp gyv\u0173j\u0173 supasi, plevena ir juokiasi dvasios. Jos yra deguonis, kuriuo kv\u0117puojame. \u201eEsu Siuz\u0117\" \/>\n<meta name=\"robots\" content=\"index, follow, max-snippet:-1, max-image-preview:large, max-video-preview:-1\" \/>\n<link rel=\"canonical\" href=\"https:\/\/skaitytaknyga.lt\/en\/produktas\/ajahn-brahm-atverk-savo-sirdies-duris-4\/\" \/>\n<meta property=\"og:locale\" content=\"en_GB\" \/>\n<meta property=\"og:locale:alternate\" content=\"lt_LT\" \/>\n<meta property=\"og:type\" content=\"article\" \/>\n<meta property=\"og:title\" content=\"Numyl\u0117tieji kaulai\" \/>\n<meta property=\"og:description\" content=\"Istorija apie gyvenim\u0105 ir apie tai, kas b\u016bna po jo Ore tarp gyv\u0173j\u0173 supasi, plevena ir juokiasi dvasios. Jos yra deguonis, kuriuo kv\u0117puojame. \u201eEsu Siuz\u0117\" \/>\n<meta property=\"og:url\" content=\"https:\/\/skaitytaknyga.lt\/en\/produktas\/ajahn-brahm-atverk-savo-sirdies-duris-4\/\" \/>\n<meta property=\"og:site_name\" content=\"Skaitytaknyga\" \/>\n<meta property=\"article:publisher\" content=\"https:\/\/www.facebook.com\/skaitytaknyga\/\" \/>\n<meta property=\"article:modified_time\" content=\"2026-03-05T13:58:06+00:00\" \/>\n<meta property=\"og:image\" content=\"https:\/\/skaitytaknyga.lt\/wp-content\/uploads\/2024\/09\/Numyletieji-kaulai.webp\" \/>\n\t<meta property=\"og:image:width\" content=\"534\" \/>\n\t<meta property=\"og:image:height\" content=\"800\" \/>\n\t<meta property=\"og:image:type\" content=\"image\/webp\" \/>\n<meta name=\"twitter:card\" content=\"summary_large_image\" \/>\n<meta name=\"twitter:label1\" content=\"Estimated reading time\" \/>\n\t<meta name=\"twitter:data1\" content=\"2 minutes\" \/>\n<script type=\"application\/ld+json\" class=\"yoast-schema-graph\">{\"@context\":\"https:\/\/schema.org\",\"@graph\":[{\"@type\":\"WebPage\",\"@id\":\"https:\/\/skaitytaknyga.lt\/produktas\/ajahn-brahm-atverk-savo-sirdies-duris-4\/\",\"url\":\"https:\/\/skaitytaknyga.lt\/produktas\/ajahn-brahm-atverk-savo-sirdies-duris-4\/\",\"name\":\"Numyl\u0117tieji kaulai\",\"isPartOf\":{\"@id\":\"https:\/\/skaitytaknyga.lt\/#website\"},\"primaryImageOfPage\":{\"@id\":\"https:\/\/skaitytaknyga.lt\/produktas\/ajahn-brahm-atverk-savo-sirdies-duris-4\/#primaryimage\"},\"image\":{\"@id\":\"https:\/\/skaitytaknyga.lt\/produktas\/ajahn-brahm-atverk-savo-sirdies-duris-4\/#primaryimage\"},\"thumbnailUrl\":\"https:\/\/skaitytaknyga.lt\/wp-content\/uploads\/2024\/09\/Numyletieji-kaulai.webp\",\"datePublished\":\"2024-09-06T07:34:49+00:00\",\"dateModified\":\"2026-03-05T13:58:06+00:00\",\"description\":\"Istorija apie gyvenim\u0105 ir apie tai, kas b\u016bna po jo Ore tarp gyv\u0173j\u0173 supasi, plevena ir juokiasi dvasios. Jos yra deguonis, kuriuo kv\u0117puojame. \u201eEsu Siuz\u0117\",\"breadcrumb\":{\"@id\":\"https:\/\/skaitytaknyga.lt\/produktas\/ajahn-brahm-atverk-savo-sirdies-duris-4\/#breadcrumb\"},\"inLanguage\":\"en-GB\",\"potentialAction\":[{\"@type\":\"ReadAction\",\"target\":[\"https:\/\/skaitytaknyga.lt\/produktas\/ajahn-brahm-atverk-savo-sirdies-duris-4\/\"]}]},{\"@type\":\"ImageObject\",\"inLanguage\":\"en-GB\",\"@id\":\"https:\/\/skaitytaknyga.lt\/produktas\/ajahn-brahm-atverk-savo-sirdies-duris-4\/#primaryimage\",\"url\":\"https:\/\/skaitytaknyga.lt\/wp-content\/uploads\/2024\/09\/Numyletieji-kaulai.webp\",\"contentUrl\":\"https:\/\/skaitytaknyga.lt\/wp-content\/uploads\/2024\/09\/Numyletieji-kaulai.webp\",\"width\":534,\"height\":800,\"caption\":\"Alice Sebold \u201eNumyl\u0117tieji kaulai\u201c\"},{\"@type\":\"BreadcrumbList\",\"@id\":\"https:\/\/skaitytaknyga.lt\/produktas\/ajahn-brahm-atverk-savo-sirdies-duris-4\/#breadcrumb\",\"itemListElement\":[{\"@type\":\"ListItem\",\"position\":1,\"name\":\"Home\",\"item\":\"https:\/\/skaitytaknyga.lt\/\"},{\"@type\":\"ListItem\",\"position\":2,\"name\":\"Parduotuv\u0117\",\"item\":\"https:\/\/skaitytaknyga.lt\/knygu-parduotuve\/\"},{\"@type\":\"ListItem\",\"position\":3,\"name\":\"Numyl\u0117tieji kaulai\"}]},{\"@type\":\"WebSite\",\"@id\":\"https:\/\/skaitytaknyga.lt\/#website\",\"url\":\"https:\/\/skaitytaknyga.lt\/\",\"name\":\"skaitytaknyga.lt\",\"description\":\"Skaitytaknyga.lt \u2013 tai ma\u017eas \u0161eimos verslas, kuris prasid\u0117jo nuo meil\u0117s knygoms ir siekio i\u0161gelb\u0117ti knygas nuo likimo prie konteinerio. Kas vienam nereikalingas daiktas \u2013 kitam lobis, o mes esame tarpininkai, kurie padeda abiems tapti laimingesniems ???? \u017dinome kaip nelengva i\u0161gyventi ma\u017eiems verslams, tad nuo \u0161iol, \u010dia rasite ir kit\u0173, ma\u017e\u0173 \u0161eim\u0173 versl\u0173, rank\u0173 darbo, dovan\u0173 sau ir artimiesiems.\",\"publisher\":{\"@id\":\"https:\/\/skaitytaknyga.lt\/#organization\"},\"potentialAction\":[{\"@type\":\"SearchAction\",\"target\":{\"@type\":\"EntryPoint\",\"urlTemplate\":\"https:\/\/skaitytaknyga.lt\/?s={search_term_string}\"},\"query-input\":{\"@type\":\"PropertyValueSpecification\",\"valueRequired\":true,\"valueName\":\"search_term_string\"}}],\"inLanguage\":\"en-GB\"},{\"@type\":\"Organization\",\"@id\":\"https:\/\/skaitytaknyga.lt\/#organization\",\"name\":\"skaitytaknyga.lt\",\"url\":\"https:\/\/skaitytaknyga.lt\/\",\"logo\":{\"@type\":\"ImageObject\",\"inLanguage\":\"en-GB\",\"@id\":\"https:\/\/skaitytaknyga.lt\/#\/schema\/logo\/image\/\",\"url\":\"https:\/\/skaitytaknyga.lt\/wp-content\/uploads\/2024\/05\/cropped-cropped-cropped-02_00843_jt3bggkj1j3HLc7SyY6rEUpg.jpeg\",\"contentUrl\":\"https:\/\/skaitytaknyga.lt\/wp-content\/uploads\/2024\/05\/cropped-cropped-cropped-02_00843_jt3bggkj1j3HLc7SyY6rEUpg.jpeg\",\"width\":1600,\"height\":1600,\"caption\":\"skaitytaknyga.lt\"},\"image\":{\"@id\":\"https:\/\/skaitytaknyga.lt\/#\/schema\/logo\/image\/\"},\"sameAs\":[\"https:\/\/www.facebook.com\/skaitytaknyga\/\"]}]}<\/script>\n<!-- \/ Yoast SEO plugin. -->","yoast_head_json":{"title":"Numyl\u0117tieji kaulai","description":"Istorija apie gyvenim\u0105 ir apie tai, kas b\u016bna po jo Ore tarp gyv\u0173j\u0173 supasi, plevena ir juokiasi dvasios. Jos yra deguonis, kuriuo kv\u0117puojame. \u201eEsu Siuz\u0117","robots":{"index":"index","follow":"follow","max-snippet":"max-snippet:-1","max-image-preview":"max-image-preview:large","max-video-preview":"max-video-preview:-1"},"canonical":"https:\/\/skaitytaknyga.lt\/en\/produktas\/ajahn-brahm-atverk-savo-sirdies-duris-4\/","og_locale":"en_GB","og_type":"article","og_title":"[:lt]Numyl\u0117tieji kaulai[:] - Skaitytaknyga","og_description":"Istorija apie gyvenim\u0105 ir apie tai, kas b\u016bna po jo Ore tarp gyv\u0173j\u0173 supasi, plevena ir juokiasi dvasios. Jos yra deguonis, kuriuo kv\u0117puojame. \u201eEsu Siuz\u0117","og_url":"https:\/\/skaitytaknyga.lt\/en\/produktas\/ajahn-brahm-atverk-savo-sirdies-duris-4\/","og_site_name":"Skaitytaknyga","article_publisher":"https:\/\/www.facebook.com\/skaitytaknyga\/","article_modified_time":"2026-03-05T13:58:06+00:00","og_image":[{"width":534,"height":800,"url":"https:\/\/skaitytaknyga.lt\/wp-content\/uploads\/2024\/09\/Numyletieji-kaulai.webp","type":"image\/webp"}],"twitter_card":"summary_large_image","twitter_misc":{"Estimated reading time":"2 minutes"},"schema":{"@context":"https:\/\/schema.org","@graph":[{"@type":"WebPage","@id":"https:\/\/skaitytaknyga.lt\/produktas\/ajahn-brahm-atverk-savo-sirdies-duris-4\/","url":"https:\/\/skaitytaknyga.lt\/produktas\/ajahn-brahm-atverk-savo-sirdies-duris-4\/","name":"Numyl\u0117tieji kaulai","isPartOf":{"@id":"https:\/\/skaitytaknyga.lt\/#website"},"primaryImageOfPage":{"@id":"https:\/\/skaitytaknyga.lt\/produktas\/ajahn-brahm-atverk-savo-sirdies-duris-4\/#primaryimage"},"image":{"@id":"https:\/\/skaitytaknyga.lt\/produktas\/ajahn-brahm-atverk-savo-sirdies-duris-4\/#primaryimage"},"thumbnailUrl":"https:\/\/skaitytaknyga.lt\/wp-content\/uploads\/2024\/09\/Numyletieji-kaulai.webp","datePublished":"2024-09-06T07:34:49+00:00","dateModified":"2026-03-05T13:58:06+00:00","description":"Istorija apie gyvenim\u0105 ir apie tai, kas b\u016bna po jo Ore tarp gyv\u0173j\u0173 supasi, plevena ir juokiasi dvasios. Jos yra deguonis, kuriuo kv\u0117puojame. \u201eEsu Siuz\u0117","breadcrumb":{"@id":"https:\/\/skaitytaknyga.lt\/produktas\/ajahn-brahm-atverk-savo-sirdies-duris-4\/#breadcrumb"},"inLanguage":"en-GB","potentialAction":[{"@type":"ReadAction","target":["https:\/\/skaitytaknyga.lt\/produktas\/ajahn-brahm-atverk-savo-sirdies-duris-4\/"]}]},{"@type":"ImageObject","inLanguage":"en-GB","@id":"https:\/\/skaitytaknyga.lt\/produktas\/ajahn-brahm-atverk-savo-sirdies-duris-4\/#primaryimage","url":"https:\/\/skaitytaknyga.lt\/wp-content\/uploads\/2024\/09\/Numyletieji-kaulai.webp","contentUrl":"https:\/\/skaitytaknyga.lt\/wp-content\/uploads\/2024\/09\/Numyletieji-kaulai.webp","width":534,"height":800,"caption":"Alice Sebold \u201eNumyl\u0117tieji kaulai\u201c"},{"@type":"BreadcrumbList","@id":"https:\/\/skaitytaknyga.lt\/produktas\/ajahn-brahm-atverk-savo-sirdies-duris-4\/#breadcrumb","itemListElement":[{"@type":"ListItem","position":1,"name":"Home","item":"https:\/\/skaitytaknyga.lt\/"},{"@type":"ListItem","position":2,"name":"Parduotuv\u0117","item":"https:\/\/skaitytaknyga.lt\/knygu-parduotuve\/"},{"@type":"ListItem","position":3,"name":"Numyl\u0117tieji kaulai"}]},{"@type":"WebSite","@id":"https:\/\/skaitytaknyga.lt\/#website","url":"https:\/\/skaitytaknyga.lt\/","name":"skaitytaknyga.lt","description":"Skaitytaknyga.lt \u2013 tai ma\u017eas \u0161eimos verslas, kuris prasid\u0117jo nuo meil\u0117s knygoms ir siekio i\u0161gelb\u0117ti knygas nuo likimo prie konteinerio. Kas vienam nereikalingas daiktas \u2013 kitam lobis, o mes esame tarpininkai, kurie padeda abiems tapti laimingesniems ???? \u017dinome kaip nelengva i\u0161gyventi ma\u017eiems verslams, tad nuo \u0161iol, \u010dia rasite ir kit\u0173, ma\u017e\u0173 \u0161eim\u0173 versl\u0173, rank\u0173 darbo, dovan\u0173 sau ir artimiesiems.","publisher":{"@id":"https:\/\/skaitytaknyga.lt\/#organization"},"potentialAction":[{"@type":"SearchAction","target":{"@type":"EntryPoint","urlTemplate":"https:\/\/skaitytaknyga.lt\/?s={search_term_string}"},"query-input":{"@type":"PropertyValueSpecification","valueRequired":true,"valueName":"search_term_string"}}],"inLanguage":"en-GB"},{"@type":"Organization","@id":"https:\/\/skaitytaknyga.lt\/#organization","name":"skaitytaknyga.lt","url":"https:\/\/skaitytaknyga.lt\/","logo":{"@type":"ImageObject","inLanguage":"en-GB","@id":"https:\/\/skaitytaknyga.lt\/#\/schema\/logo\/image\/","url":"https:\/\/skaitytaknyga.lt\/wp-content\/uploads\/2024\/05\/cropped-cropped-cropped-02_00843_jt3bggkj1j3HLc7SyY6rEUpg.jpeg","contentUrl":"https:\/\/skaitytaknyga.lt\/wp-content\/uploads\/2024\/05\/cropped-cropped-cropped-02_00843_jt3bggkj1j3HLc7SyY6rEUpg.jpeg","width":1600,"height":1600,"caption":"skaitytaknyga.lt"},"image":{"@id":"https:\/\/skaitytaknyga.lt\/#\/schema\/logo\/image\/"},"sameAs":["https:\/\/www.facebook.com\/skaitytaknyga\/"]}]}},"_links":{"self":[{"href":"https:\/\/skaitytaknyga.lt\/en\/wp-json\/wp\/v2\/product\/13679","targetHints":{"allow":["GET"]}}],"collection":[{"href":"https:\/\/skaitytaknyga.lt\/en\/wp-json\/wp\/v2\/product"}],"about":[{"href":"https:\/\/skaitytaknyga.lt\/en\/wp-json\/wp\/v2\/types\/product"}],"replies":[{"embeddable":true,"href":"https:\/\/skaitytaknyga.lt\/en\/wp-json\/wp\/v2\/comments?post=13679"}],"wp:featuredmedia":[{"embeddable":true,"href":"https:\/\/skaitytaknyga.lt\/en\/wp-json\/wp\/v2\/media\/13690"}],"wp:attachment":[{"href":"https:\/\/skaitytaknyga.lt\/en\/wp-json\/wp\/v2\/media?parent=13679"}],"wp:term":[{"taxonomy":"product_brand","embeddable":true,"href":"https:\/\/skaitytaknyga.lt\/en\/wp-json\/wp\/v2\/product_brand?post=13679"},{"taxonomy":"product_cat","embeddable":true,"href":"https:\/\/skaitytaknyga.lt\/en\/wp-json\/wp\/v2\/product_cat?post=13679"},{"taxonomy":"product_tag","embeddable":true,"href":"https:\/\/skaitytaknyga.lt\/en\/wp-json\/wp\/v2\/product_tag?post=13679"}],"curies":[{"name":"wp","href":"https:\/\/api.w.org\/{rel}","templated":true}]}}