{"id":13678,"date":"2024-09-06T10:34:49","date_gmt":"2024-09-06T07:34:49","guid":{"rendered":"https:\/\/skaitytaknyga.lt\/?post_type=product&#038;p=13678"},"modified":"2025-11-24T20:57:38","modified_gmt":"2025-11-24T18:57:38","slug":"ajahn-brahm-atverk-savo-sirdies-duris-5","status":"publish","type":"product","link":"https:\/\/skaitytaknyga.lt\/en\/produktas\/ajahn-brahm-atverk-savo-sirdies-duris-5\/","title":{"rendered":"Olga Potiomkina \u201eReiki. Prisilietimo paslaptis\u201c"},"content":{"rendered":"<p>Savo strukt\u016bros at\u017evilgiu Reiki yra ateities gydymo metodas. Jis skirtas i\u0161ai\u0161kinti energines informacines prie\u017eastis, sukelian\u010dias vienoki\u0105 ar kitoki\u0105 problem\u0105, vis vien, ar tai pablog\u0117jusi sveikata, ar \u017emoni\u0173 tarpusavio santykiai, ar likimas. Reiki metodo privalumai \u2013 galimyb\u0117 i\u0161sigydyti pa\u010diam ir pad\u0117ti i\u0161gyti kitiems, \u0161io metodo paprastumas ir saugumas, taip pat neabejotinai taurinanti \u012ftaka. Reiki gydovu gali tapti kiekvienas \u017emogus, am\u017eiaus apribojimo \u010dia n\u0117ra. Knyga skiriama pla\u010diam skaitytoj\u0173 ratui.<\/p>\n<p>Knyg\u0105 \u201eReiki \u2013 prisilietimo paslaptis\u201c galima vadinti vienu i\u0161 geriausi\u0173 Reiki vadov\u0117li\u0173, joje skaitytojas ras atsakymus \u012f klausimus, susijusius su Reiki poveikio mechanizmu, to poveikio reik\u0161me sveikatai, erdvei ir likimui.<\/p>\n<p>Olga Potiomkina \u012fk\u016br\u0117 netradicin\u0119 Reiki linij\u0105 Mercar, yra Mercar meistr\u0117. \u0160ioje knygoje ji pateikia i\u0161sam\u0173 Reiki apib\u016bdinim\u0105, atskleid\u017eia, paai\u0161kina ir tokias \u0161io metodo gilumines slaptis, kuri\u0173 tradicin\u0117s Reiki linijos meistrai neatskleid\u017eia.<\/p>\n<p>Analizuodama skirtum\u0105 tarp tradicini\u0173 ir netradicini\u0173 Reiki linij\u0173, autor\u0117 \u012ftikinamai parodo, kad principinio skirtumo tarp j\u0173 n\u0117ra, nes Reiki metodo pagrindas \u2013 tas pats mechanizmas, leid\u017eiantis universali\u0105j\u0105 Visatos energij\u0105 perduoti per energijos kanal\u0105, per gydov\u0105.<\/p>\n<p>Skaitytojams prie\u0161 akis atsiskleid\u017eia u\u017e \u012fprasto pa\u017einimo rib\u0173 esantis stebuklingas pasaulis, \u0161i knyga jiems leid\u017eia prisiliesti prie b\u016bties paslap\u010di\u0173, su\u017einoti, kokia paprasta ir visk\u0105 apr\u0117pianti yra Reiki galia, kaip ji padeda i\u0161spr\u0119sti bet kuri\u0105, net pa\u010di\u0105 sud\u0117tingiausi\u0105 m\u016bs\u0173 gyvenimo situacij\u0105 ir problem\u0105.<\/p>\n<p>Knygos lietuvi\u0161kas leidimas yra papildytas nauja knygos dalimi: PASAULIN\u0116 AKCIJA \u2013 \u017dMONIJA PRIE\u0160 V\u0116\u017d\u012e ARBA 8 DIENOS ROJUJE.<\/p>\n<ul class=\"about-product d-none d-xl-block mt-4\">\n<li><strong>Autorius:<\/strong>\u00a0Olga Potiomkina<\/li>\n<li><strong>Leid\u0117jas:<\/strong>\u00a0Mijalba<\/li>\n<li><strong>Metai:<\/strong>\u00a02011<\/li>\n<li><strong>Puslapiai:<\/strong>\u00a0320<\/li>\n<li><strong>ISBN:<\/strong>\u00a09786098050165<\/li>\n<li><strong>Versijos kodas:<\/strong>\u00a0PT.<\/li>\n<li><strong>Formatas:<\/strong>\u00a015 x 21,5 cm, mink\u0161ti vir\u0161eliai<\/li>\n<li><strong>Kalba:<\/strong>\u00a0Lietuvi\u0173<\/li>\n<li><strong>Vert\u0117jas:<\/strong>\u00a0Dalia Elena Montvilien\u0117<\/li>\n<\/ul>\n","protected":false},"excerpt":{"rendered":"<p>Savo strukt\u016bros at\u017evilgiu Reiki yra ateities gydymo metodas. Jis skirtas i\u0161ai\u0161kinti energines informacines prie\u017eastis, sukelian\u010dias vienoki\u0105 ar kitoki\u0105 problem\u0105, vis vien, ar tai pablog\u0117jusi sveikata, ar \u017emoni\u0173 tarpusavio santykiai, ar likimas. Reiki metodo privalumai \u2013 galimyb\u0117 i\u0161sigydyti pa\u010diam ir pad\u0117ti i\u0161gyti kitiems, \u0161io metodo paprastumas ir saugumas, taip pat neabejotinai taurinanti \u012ftaka. Reiki gydovu gali tapti kiekvienas \u017emogus, am\u017eiaus apribojimo \u010dia n\u0117ra. Knyga skiriama pla\u010diam skaitytoj\u0173 ratui. Knyg\u0105 \u201eReiki \u2013 prisilietimo paslaptis\u201c galima vadinti vienu i\u0161 geriausi\u0173 Reiki vadov\u0117li\u0173, joje skaitytojas ras atsakymus \u012f klausimus, susijusius su Reiki poveikio mechanizmu, to poveikio reik\u0161me sveikatai, erdvei ir likimui. Olga Potiomkina \u012fk\u016br\u0117 netradicin\u0119 Reiki linij\u0105 Mercar, yra Mercar meistr\u0117. \u0160ioje knygoje ji pateikia i\u0161sam\u0173 Reiki apib\u016bdinim\u0105, atskleid\u017eia, paai\u0161kina ir tokias \u0161io metodo gilumines slaptis, kuri\u0173 tradicin\u0117s Reiki linijos meistrai neatskleid\u017eia. Analizuodama skirtum\u0105 tarp tradicini\u0173 ir netradicini\u0173 Reiki linij\u0173, autor\u0117 \u012ftikinamai parodo, kad principinio skirtumo tarp j\u0173 n\u0117ra, nes Reiki metodo pagrindas \u2013 tas pats mechanizmas, leid\u017eiantis universali\u0105j\u0105 Visatos energij\u0105 perduoti per energijos kanal\u0105, per gydov\u0105. Skaitytojams prie\u0161 akis atsiskleid\u017eia u\u017e \u012fprasto pa\u017einimo rib\u0173 esantis stebuklingas pasaulis, \u0161i knyga jiems leid\u017eia prisiliesti prie b\u016bties paslap\u010di\u0173, su\u017einoti, kokia paprasta ir visk\u0105 apr\u0117pianti yra Reiki galia, kaip ji padeda i\u0161spr\u0119sti bet kuri\u0105, net pa\u010di\u0105 sud\u0117tingiausi\u0105 m\u016bs\u0173 gyvenimo situacij\u0105 ir problem\u0105. Knygos lietuvi\u0161kas leidimas yra papildytas nauja knygos dalimi: PASAULIN\u0116 AKCIJA \u2013 \u017dMONIJA PRIE\u0160 V\u0116\u017d\u012e ARBA 8 DIENOS ROJUJE. Autorius:\u00a0Olga Potiomkina Leid\u0117jas:\u00a0Mijalba Metai:\u00a02011 Puslapiai:\u00a0320 ISBN:\u00a09786098050165 Versijos kodas:\u00a0PT. Formatas:\u00a015 x 21,5 cm, mink\u0161ti vir\u0161eliai Kalba:\u00a0Lietuvi\u0173 Vert\u0117jas:\u00a0Dalia Elena Montvilien\u0117<\/p>\n","protected":false},"featured_media":13689,"comment_status":"open","ping_status":"closed","template":"","meta":{"_acf_changed":false,"site-sidebar-layout":"default","site-content-layout":"","ast-site-content-layout":"default","site-content-style":"default","site-sidebar-style":"default","ast-global-header-display":"","ast-banner-title-visibility":"","ast-main-header-display":"","ast-hfb-above-header-display":"","ast-hfb-below-header-display":"","ast-hfb-mobile-header-display":"","site-post-title":"","ast-breadcrumbs-content":"","ast-featured-img":"","footer-sml-layout":"","ast-disable-related-posts":"","theme-transparent-header-meta":"default","adv-header-id-meta":"","stick-header-meta":"","header-above-stick-meta":"","header-main-stick-meta":"","header-below-stick-meta":"","astra-migrate-meta-layouts":"set","ast-page-background-enabled":"default","ast-page-background-meta":{"desktop":{"background-color":"","background-image":"","background-repeat":"repeat","background-position":"center center","background-size":"auto","background-attachment":"scroll","background-type":"","background-media":"","overlay-type":"","overlay-color":"","overlay-opacity":"","overlay-gradient":""},"tablet":{"background-color":"","background-image":"","background-repeat":"repeat","background-position":"center center","background-size":"auto","background-attachment":"scroll","background-type":"","background-media":"","overlay-type":"","overlay-color":"","overlay-opacity":"","overlay-gradient":""},"mobile":{"background-color":"","background-image":"","background-repeat":"repeat","background-position":"center center","background-size":"auto","background-attachment":"scroll","background-type":"","background-media":"","overlay-type":"","overlay-color":"","overlay-opacity":"","overlay-gradient":""}},"ast-content-background-meta":{"desktop":{"background-color":"var(--ast-global-color-4)","background-image":"","background-repeat":"repeat","background-position":"center center","background-size":"auto","background-attachment":"scroll","background-type":"","background-media":"","overlay-type":"","overlay-color":"","overlay-opacity":"","overlay-gradient":""},"tablet":{"background-color":"var(--ast-global-color-4)","background-image":"","background-repeat":"repeat","background-position":"center center","background-size":"auto","background-attachment":"scroll","background-type":"","background-media":"","overlay-type":"","overlay-color":"","overlay-opacity":"","overlay-gradient":""},"mobile":{"background-color":"var(--ast-global-color-4)","background-image":"","background-repeat":"repeat","background-position":"center center","background-size":"auto","background-attachment":"scroll","background-type":"","background-media":"","overlay-type":"","overlay-color":"","overlay-opacity":"","overlay-gradient":""}}},"product_brand":[],"product_cat":[15,165],"product_tag":[],"class_list":{"0":"post-13678","1":"product","2":"type-product","3":"status-publish","4":"has-post-thumbnail","6":"product_cat-uncategorized","7":"product_cat-religija-filosofija-ir-ezoterika","8":"desktop-align-left","9":"tablet-align-left","10":"mobile-align-left","12":"first","13":"outofstock","14":"shipping-taxable","15":"purchasable","16":"product-type-simple"},"acf":[],"yoast_head":"<!-- This site is optimized with the Yoast SEO plugin v27.0 - https:\/\/yoast.com\/product\/yoast-seo-wordpress\/ -->\n<title>Olga Potiomkina \u201eReiki. Prisilietimo paslaptis\u201c<\/title>\n<meta name=\"description\" content=\"Savo strukt\u016bros at\u017evilgiu Reiki yra ateities gydymo metodas. Jis skirtas i\u0161ai\u0161kinti energines informacines prie\u017eastis, sukelian\u010dias vienoki\u0105 ar kitoki\u0105\" \/>\n<meta name=\"robots\" content=\"index, follow, max-snippet:-1, max-image-preview:large, max-video-preview:-1\" \/>\n<link rel=\"canonical\" href=\"https:\/\/skaitytaknyga.lt\/en\/produktas\/ajahn-brahm-atverk-savo-sirdies-duris-5\/\" \/>\n<meta property=\"og:locale\" content=\"en_GB\" \/>\n<meta property=\"og:locale:alternate\" content=\"lt_LT\" \/>\n<meta property=\"og:type\" content=\"article\" \/>\n<meta property=\"og:title\" content=\"Olga Potiomkina \u201eReiki. Prisilietimo paslaptis\u201c\" \/>\n<meta property=\"og:description\" content=\"Savo strukt\u016bros at\u017evilgiu Reiki yra ateities gydymo metodas. Jis skirtas i\u0161ai\u0161kinti energines informacines prie\u017eastis, sukelian\u010dias vienoki\u0105 ar kitoki\u0105\" \/>\n<meta property=\"og:url\" content=\"https:\/\/skaitytaknyga.lt\/en\/produktas\/ajahn-brahm-atverk-savo-sirdies-duris-5\/\" \/>\n<meta property=\"og:site_name\" content=\"Skaitytaknyga\" \/>\n<meta property=\"article:publisher\" content=\"https:\/\/www.facebook.com\/skaitytaknyga\/\" \/>\n<meta property=\"article:modified_time\" content=\"2025-11-24T18:57:38+00:00\" \/>\n<meta property=\"og:image\" content=\"https:\/\/skaitytaknyga.lt\/wp-content\/uploads\/2024\/09\/Reiki.-Prisilietimo-paslaptis.webp\" \/>\n\t<meta property=\"og:image:width\" content=\"437\" \/>\n\t<meta property=\"og:image:height\" content=\"624\" \/>\n\t<meta property=\"og:image:type\" content=\"image\/webp\" \/>\n<meta name=\"twitter:card\" content=\"summary_large_image\" \/>\n<meta name=\"twitter:label1\" content=\"Estimated reading time\" \/>\n\t<meta name=\"twitter:data1\" content=\"2 minutes\" \/>\n<script type=\"application\/ld+json\" class=\"yoast-schema-graph\">{\"@context\":\"https:\/\/schema.org\",\"@graph\":[{\"@type\":\"WebPage\",\"@id\":\"https:\/\/skaitytaknyga.lt\/produktas\/ajahn-brahm-atverk-savo-sirdies-duris-5\/\",\"url\":\"https:\/\/skaitytaknyga.lt\/produktas\/ajahn-brahm-atverk-savo-sirdies-duris-5\/\",\"name\":\"Olga Potiomkina \u201eReiki. Prisilietimo paslaptis\u201c\",\"isPartOf\":{\"@id\":\"https:\/\/skaitytaknyga.lt\/#website\"},\"primaryImageOfPage\":{\"@id\":\"https:\/\/skaitytaknyga.lt\/produktas\/ajahn-brahm-atverk-savo-sirdies-duris-5\/#primaryimage\"},\"image\":{\"@id\":\"https:\/\/skaitytaknyga.lt\/produktas\/ajahn-brahm-atverk-savo-sirdies-duris-5\/#primaryimage\"},\"thumbnailUrl\":\"https:\/\/skaitytaknyga.lt\/wp-content\/uploads\/2024\/09\/Reiki.-Prisilietimo-paslaptis.webp\",\"datePublished\":\"2024-09-06T07:34:49+00:00\",\"dateModified\":\"2025-11-24T18:57:38+00:00\",\"description\":\"Savo strukt\u016bros at\u017evilgiu Reiki yra ateities gydymo metodas. Jis skirtas i\u0161ai\u0161kinti energines informacines prie\u017eastis, sukelian\u010dias vienoki\u0105 ar kitoki\u0105\",\"breadcrumb\":{\"@id\":\"https:\/\/skaitytaknyga.lt\/produktas\/ajahn-brahm-atverk-savo-sirdies-duris-5\/#breadcrumb\"},\"inLanguage\":\"en-GB\",\"potentialAction\":[{\"@type\":\"ReadAction\",\"target\":[\"https:\/\/skaitytaknyga.lt\/produktas\/ajahn-brahm-atverk-savo-sirdies-duris-5\/\"]}]},{\"@type\":\"ImageObject\",\"inLanguage\":\"en-GB\",\"@id\":\"https:\/\/skaitytaknyga.lt\/produktas\/ajahn-brahm-atverk-savo-sirdies-duris-5\/#primaryimage\",\"url\":\"https:\/\/skaitytaknyga.lt\/wp-content\/uploads\/2024\/09\/Reiki.-Prisilietimo-paslaptis.webp\",\"contentUrl\":\"https:\/\/skaitytaknyga.lt\/wp-content\/uploads\/2024\/09\/Reiki.-Prisilietimo-paslaptis.webp\",\"width\":437,\"height\":624,\"caption\":\"Olga Potiomkina \u201eReiki. Prisilietimo paslaptis\u201c\"},{\"@type\":\"BreadcrumbList\",\"@id\":\"https:\/\/skaitytaknyga.lt\/produktas\/ajahn-brahm-atverk-savo-sirdies-duris-5\/#breadcrumb\",\"itemListElement\":[{\"@type\":\"ListItem\",\"position\":1,\"name\":\"Home\",\"item\":\"https:\/\/skaitytaknyga.lt\/\"},{\"@type\":\"ListItem\",\"position\":2,\"name\":\"Parduotuv\u0117\",\"item\":\"https:\/\/skaitytaknyga.lt\/knygu-parduotuve\/\"},{\"@type\":\"ListItem\",\"position\":3,\"name\":\"Olga Potiomkina \u201eReiki. Prisilietimo paslaptis\u201c\"}]},{\"@type\":\"WebSite\",\"@id\":\"https:\/\/skaitytaknyga.lt\/#website\",\"url\":\"https:\/\/skaitytaknyga.lt\/\",\"name\":\"skaitytaknyga.lt\",\"description\":\"Skaitytaknyga.lt \u2013 tai ma\u017eas \u0161eimos verslas, kuris prasid\u0117jo nuo meil\u0117s knygoms ir siekio i\u0161gelb\u0117ti knygas nuo likimo prie konteinerio. Kas vienam nereikalingas daiktas \u2013 kitam lobis, o mes esame tarpininkai, kurie padeda abiems tapti laimingesniems ???? \u017dinome kaip nelengva i\u0161gyventi ma\u017eiems verslams, tad nuo \u0161iol, \u010dia rasite ir kit\u0173, ma\u017e\u0173 \u0161eim\u0173 versl\u0173, rank\u0173 darbo, dovan\u0173 sau ir artimiesiems.\",\"publisher\":{\"@id\":\"https:\/\/skaitytaknyga.lt\/#organization\"},\"potentialAction\":[{\"@type\":\"SearchAction\",\"target\":{\"@type\":\"EntryPoint\",\"urlTemplate\":\"https:\/\/skaitytaknyga.lt\/?s={search_term_string}\"},\"query-input\":{\"@type\":\"PropertyValueSpecification\",\"valueRequired\":true,\"valueName\":\"search_term_string\"}}],\"inLanguage\":\"en-GB\"},{\"@type\":\"Organization\",\"@id\":\"https:\/\/skaitytaknyga.lt\/#organization\",\"name\":\"skaitytaknyga.lt\",\"url\":\"https:\/\/skaitytaknyga.lt\/\",\"logo\":{\"@type\":\"ImageObject\",\"inLanguage\":\"en-GB\",\"@id\":\"https:\/\/skaitytaknyga.lt\/#\/schema\/logo\/image\/\",\"url\":\"https:\/\/skaitytaknyga.lt\/wp-content\/uploads\/2024\/05\/cropped-cropped-cropped-02_00843_jt3bggkj1j3HLc7SyY6rEUpg.jpeg\",\"contentUrl\":\"https:\/\/skaitytaknyga.lt\/wp-content\/uploads\/2024\/05\/cropped-cropped-cropped-02_00843_jt3bggkj1j3HLc7SyY6rEUpg.jpeg\",\"width\":1600,\"height\":1600,\"caption\":\"skaitytaknyga.lt\"},\"image\":{\"@id\":\"https:\/\/skaitytaknyga.lt\/#\/schema\/logo\/image\/\"},\"sameAs\":[\"https:\/\/www.facebook.com\/skaitytaknyga\/\"]}]}<\/script>\n<!-- \/ Yoast SEO plugin. -->","yoast_head_json":{"title":"Olga Potiomkina \u201eReiki. Prisilietimo paslaptis\u201c","description":"Savo strukt\u016bros at\u017evilgiu Reiki yra ateities gydymo metodas. Jis skirtas i\u0161ai\u0161kinti energines informacines prie\u017eastis, sukelian\u010dias vienoki\u0105 ar kitoki\u0105","robots":{"index":"index","follow":"follow","max-snippet":"max-snippet:-1","max-image-preview":"max-image-preview:large","max-video-preview":"max-video-preview:-1"},"canonical":"https:\/\/skaitytaknyga.lt\/en\/produktas\/ajahn-brahm-atverk-savo-sirdies-duris-5\/","og_locale":"en_GB","og_type":"article","og_title":"[:lt]Olga Potiomkina \u201eReiki. Prisilietimo paslaptis\u201c[:] - Skaitytaknyga","og_description":"Savo strukt\u016bros at\u017evilgiu Reiki yra ateities gydymo metodas. Jis skirtas i\u0161ai\u0161kinti energines informacines prie\u017eastis, sukelian\u010dias vienoki\u0105 ar kitoki\u0105","og_url":"https:\/\/skaitytaknyga.lt\/en\/produktas\/ajahn-brahm-atverk-savo-sirdies-duris-5\/","og_site_name":"Skaitytaknyga","article_publisher":"https:\/\/www.facebook.com\/skaitytaknyga\/","article_modified_time":"2025-11-24T18:57:38+00:00","og_image":[{"width":437,"height":624,"url":"https:\/\/skaitytaknyga.lt\/wp-content\/uploads\/2024\/09\/Reiki.-Prisilietimo-paslaptis.webp","type":"image\/webp"}],"twitter_card":"summary_large_image","twitter_misc":{"Estimated reading time":"2 minutes"},"schema":{"@context":"https:\/\/schema.org","@graph":[{"@type":"WebPage","@id":"https:\/\/skaitytaknyga.lt\/produktas\/ajahn-brahm-atverk-savo-sirdies-duris-5\/","url":"https:\/\/skaitytaknyga.lt\/produktas\/ajahn-brahm-atverk-savo-sirdies-duris-5\/","name":"Olga Potiomkina \u201eReiki. Prisilietimo paslaptis\u201c","isPartOf":{"@id":"https:\/\/skaitytaknyga.lt\/#website"},"primaryImageOfPage":{"@id":"https:\/\/skaitytaknyga.lt\/produktas\/ajahn-brahm-atverk-savo-sirdies-duris-5\/#primaryimage"},"image":{"@id":"https:\/\/skaitytaknyga.lt\/produktas\/ajahn-brahm-atverk-savo-sirdies-duris-5\/#primaryimage"},"thumbnailUrl":"https:\/\/skaitytaknyga.lt\/wp-content\/uploads\/2024\/09\/Reiki.-Prisilietimo-paslaptis.webp","datePublished":"2024-09-06T07:34:49+00:00","dateModified":"2025-11-24T18:57:38+00:00","description":"Savo strukt\u016bros at\u017evilgiu Reiki yra ateities gydymo metodas. Jis skirtas i\u0161ai\u0161kinti energines informacines prie\u017eastis, sukelian\u010dias vienoki\u0105 ar kitoki\u0105","breadcrumb":{"@id":"https:\/\/skaitytaknyga.lt\/produktas\/ajahn-brahm-atverk-savo-sirdies-duris-5\/#breadcrumb"},"inLanguage":"en-GB","potentialAction":[{"@type":"ReadAction","target":["https:\/\/skaitytaknyga.lt\/produktas\/ajahn-brahm-atverk-savo-sirdies-duris-5\/"]}]},{"@type":"ImageObject","inLanguage":"en-GB","@id":"https:\/\/skaitytaknyga.lt\/produktas\/ajahn-brahm-atverk-savo-sirdies-duris-5\/#primaryimage","url":"https:\/\/skaitytaknyga.lt\/wp-content\/uploads\/2024\/09\/Reiki.-Prisilietimo-paslaptis.webp","contentUrl":"https:\/\/skaitytaknyga.lt\/wp-content\/uploads\/2024\/09\/Reiki.-Prisilietimo-paslaptis.webp","width":437,"height":624,"caption":"Olga Potiomkina \u201eReiki. Prisilietimo paslaptis\u201c"},{"@type":"BreadcrumbList","@id":"https:\/\/skaitytaknyga.lt\/produktas\/ajahn-brahm-atverk-savo-sirdies-duris-5\/#breadcrumb","itemListElement":[{"@type":"ListItem","position":1,"name":"Home","item":"https:\/\/skaitytaknyga.lt\/"},{"@type":"ListItem","position":2,"name":"Parduotuv\u0117","item":"https:\/\/skaitytaknyga.lt\/knygu-parduotuve\/"},{"@type":"ListItem","position":3,"name":"Olga Potiomkina \u201eReiki. Prisilietimo paslaptis\u201c"}]},{"@type":"WebSite","@id":"https:\/\/skaitytaknyga.lt\/#website","url":"https:\/\/skaitytaknyga.lt\/","name":"skaitytaknyga.lt","description":"Skaitytaknyga.lt \u2013 tai ma\u017eas \u0161eimos verslas, kuris prasid\u0117jo nuo meil\u0117s knygoms ir siekio i\u0161gelb\u0117ti knygas nuo likimo prie konteinerio. Kas vienam nereikalingas daiktas \u2013 kitam lobis, o mes esame tarpininkai, kurie padeda abiems tapti laimingesniems ???? \u017dinome kaip nelengva i\u0161gyventi ma\u017eiems verslams, tad nuo \u0161iol, \u010dia rasite ir kit\u0173, ma\u017e\u0173 \u0161eim\u0173 versl\u0173, rank\u0173 darbo, dovan\u0173 sau ir artimiesiems.","publisher":{"@id":"https:\/\/skaitytaknyga.lt\/#organization"},"potentialAction":[{"@type":"SearchAction","target":{"@type":"EntryPoint","urlTemplate":"https:\/\/skaitytaknyga.lt\/?s={search_term_string}"},"query-input":{"@type":"PropertyValueSpecification","valueRequired":true,"valueName":"search_term_string"}}],"inLanguage":"en-GB"},{"@type":"Organization","@id":"https:\/\/skaitytaknyga.lt\/#organization","name":"skaitytaknyga.lt","url":"https:\/\/skaitytaknyga.lt\/","logo":{"@type":"ImageObject","inLanguage":"en-GB","@id":"https:\/\/skaitytaknyga.lt\/#\/schema\/logo\/image\/","url":"https:\/\/skaitytaknyga.lt\/wp-content\/uploads\/2024\/05\/cropped-cropped-cropped-02_00843_jt3bggkj1j3HLc7SyY6rEUpg.jpeg","contentUrl":"https:\/\/skaitytaknyga.lt\/wp-content\/uploads\/2024\/05\/cropped-cropped-cropped-02_00843_jt3bggkj1j3HLc7SyY6rEUpg.jpeg","width":1600,"height":1600,"caption":"skaitytaknyga.lt"},"image":{"@id":"https:\/\/skaitytaknyga.lt\/#\/schema\/logo\/image\/"},"sameAs":["https:\/\/www.facebook.com\/skaitytaknyga\/"]}]}},"_links":{"self":[{"href":"https:\/\/skaitytaknyga.lt\/en\/wp-json\/wp\/v2\/product\/13678","targetHints":{"allow":["GET"]}}],"collection":[{"href":"https:\/\/skaitytaknyga.lt\/en\/wp-json\/wp\/v2\/product"}],"about":[{"href":"https:\/\/skaitytaknyga.lt\/en\/wp-json\/wp\/v2\/types\/product"}],"replies":[{"embeddable":true,"href":"https:\/\/skaitytaknyga.lt\/en\/wp-json\/wp\/v2\/comments?post=13678"}],"wp:featuredmedia":[{"embeddable":true,"href":"https:\/\/skaitytaknyga.lt\/en\/wp-json\/wp\/v2\/media\/13689"}],"wp:attachment":[{"href":"https:\/\/skaitytaknyga.lt\/en\/wp-json\/wp\/v2\/media?parent=13678"}],"wp:term":[{"taxonomy":"product_brand","embeddable":true,"href":"https:\/\/skaitytaknyga.lt\/en\/wp-json\/wp\/v2\/product_brand?post=13678"},{"taxonomy":"product_cat","embeddable":true,"href":"https:\/\/skaitytaknyga.lt\/en\/wp-json\/wp\/v2\/product_cat?post=13678"},{"taxonomy":"product_tag","embeddable":true,"href":"https:\/\/skaitytaknyga.lt\/en\/wp-json\/wp\/v2\/product_tag?post=13678"}],"curies":[{"name":"wp","href":"https:\/\/api.w.org\/{rel}","templated":true}]}}