{"id":13676,"date":"2024-09-06T10:34:49","date_gmt":"2024-09-06T07:34:49","guid":{"rendered":"https:\/\/skaitytaknyga.lt\/?post_type=product&#038;p=13676"},"modified":"2025-10-04T19:31:17","modified_gmt":"2025-10-04T16:31:17","slug":"hare-krisna-vegetariniai-valgiai","status":"publish","type":"product","link":"https:\/\/skaitytaknyga.lt\/en\/produktas\/hare-krisna-vegetariniai-valgiai\/","title":{"rendered":"Har\u0117 Kri\u0161na. Vegetariniai valgiai"},"content":{"rendered":"<p>\u0160i kulinarijos knyga n\u0117ra tiesiog 130 ind\u0173 vegetarini\u0173 valgi\u0173 rinkinys. Ji leid\u017eia pajhusti autenti\u0161k\u0105 senov\u0117s Indijos atmosfer\u0105, kur nepakartojamai tarpusavy persipina i\u0161mintis ir gro\u017eis.<\/p>\n<p>Knygos receptai tokie paprasti, kad da\u017enas nusisteb\u0117s, kaip pagal juos pavyksta pasigaminti toki\u0173 gard\u017ei\u0173 valgi\u0173. Bet j\u0173 paragavus nesunku suprasti, kuo \u0161ie tradiciniai Ved\u0173 valgiai taip patinka m\u016bs\u0173 draugams bei sve\u010diams, u\u017esukantiems \u012f ar\u0117 Kri\u0161na jud\u0117jimo centrus visame pasaulyje.<\/p>\n<ul class=\"about-product d-none d-xl-block mt-4\">\n<li><strong>Autorius:<\/strong>\u00a0Adirad\u017ea dasa<\/li>\n<li><strong>Leid\u0117jas:<\/strong>\u00a0The Bhaktivedanta Book Trust<\/li>\n<li><strong>Metai:<\/strong>\u00a02000<\/li>\n<li><strong>Puslapiai:<\/strong>\u00a0269<\/li>\n<li><strong>ISBN-10:<\/strong>\u00a09171492526<\/li>\n<li><strong>ISBN-13:<\/strong>\u00a09789171492524<\/li>\n<li><strong>Formatas:<\/strong>\u00a014 x 20,5 cm, kieti vir\u0161eliai<\/li>\n<li><strong>Kalba:<\/strong>\u00a0Lietuvi\u0173<\/li>\n<\/ul>\n<p>&nbsp;<\/p>\n","protected":false},"excerpt":{"rendered":"<p>\u0160i kulinarijos knyga n\u0117ra tiesiog 130 ind\u0173 vegetarini\u0173 valgi\u0173 rinkinys. Ji leid\u017eia pajhusti autenti\u0161k\u0105 senov\u0117s Indijos atmosfer\u0105, kur nepakartojamai tarpusavy persipina i\u0161mintis ir gro\u017eis. Knygos receptai tokie paprasti, kad da\u017enas nusisteb\u0117s, kaip pagal juos pavyksta pasigaminti toki\u0173 gard\u017ei\u0173 valgi\u0173. Bet j\u0173 paragavus nesunku suprasti, kuo \u0161ie tradiciniai Ved\u0173 valgiai taip patinka m\u016bs\u0173 draugams bei sve\u010diams, u\u017esukantiems \u012f ar\u0117 Kri\u0161na jud\u0117jimo centrus visame pasaulyje. Autorius:\u00a0Adirad\u017ea dasa Leid\u0117jas:\u00a0The Bhaktivedanta Book Trust Metai:\u00a02000 Puslapiai:\u00a0269 ISBN-10:\u00a09171492526 ISBN-13:\u00a09789171492524 Formatas:\u00a014 x 20,5 cm, kieti vir\u0161eliai Kalba:\u00a0Lietuvi\u0173 &nbsp;<\/p>\n","protected":false},"featured_media":13701,"comment_status":"open","ping_status":"closed","template":"","meta":{"_acf_changed":false,"site-sidebar-layout":"default","site-content-layout":"","ast-site-content-layout":"default","site-content-style":"default","site-sidebar-style":"default","ast-global-header-display":"","ast-banner-title-visibility":"","ast-main-header-display":"","ast-hfb-above-header-display":"","ast-hfb-below-header-display":"","ast-hfb-mobile-header-display":"","site-post-title":"","ast-breadcrumbs-content":"","ast-featured-img":"","footer-sml-layout":"","ast-disable-related-posts":"","theme-transparent-header-meta":"default","adv-header-id-meta":"","stick-header-meta":"","header-above-stick-meta":"","header-main-stick-meta":"","header-below-stick-meta":"","astra-migrate-meta-layouts":"set","ast-page-background-enabled":"default","ast-page-background-meta":{"desktop":{"background-color":"","background-image":"","background-repeat":"repeat","background-position":"center center","background-size":"auto","background-attachment":"scroll","background-type":"","background-media":"","overlay-type":"","overlay-color":"","overlay-opacity":"","overlay-gradient":""},"tablet":{"background-color":"","background-image":"","background-repeat":"repeat","background-position":"center center","background-size":"auto","background-attachment":"scroll","background-type":"","background-media":"","overlay-type":"","overlay-color":"","overlay-opacity":"","overlay-gradient":""},"mobile":{"background-color":"","background-image":"","background-repeat":"repeat","background-position":"center center","background-size":"auto","background-attachment":"scroll","background-type":"","background-media":"","overlay-type":"","overlay-color":"","overlay-opacity":"","overlay-gradient":""}},"ast-content-background-meta":{"desktop":{"background-color":"var(--ast-global-color-4)","background-image":"","background-repeat":"repeat","background-position":"center center","background-size":"auto","background-attachment":"scroll","background-type":"","background-media":"","overlay-type":"","overlay-color":"","overlay-opacity":"","overlay-gradient":""},"tablet":{"background-color":"var(--ast-global-color-4)","background-image":"","background-repeat":"repeat","background-position":"center center","background-size":"auto","background-attachment":"scroll","background-type":"","background-media":"","overlay-type":"","overlay-color":"","overlay-opacity":"","overlay-gradient":""},"mobile":{"background-color":"var(--ast-global-color-4)","background-image":"","background-repeat":"repeat","background-position":"center center","background-size":"auto","background-attachment":"scroll","background-type":"","background-media":"","overlay-type":"","overlay-color":"","overlay-opacity":"","overlay-gradient":""}}},"product_brand":[],"product_cat":[15,58],"product_tag":[],"class_list":{"0":"post-13676","1":"product","2":"type-product","3":"status-publish","4":"has-post-thumbnail","6":"product_cat-uncategorized","7":"product_cat-receptai","8":"desktop-align-left","9":"tablet-align-left","10":"mobile-align-left","12":"first","13":"instock","14":"shipping-taxable","15":"purchasable","16":"product-type-simple"},"acf":[],"yoast_head":"<!-- This site is optimized with the Yoast SEO plugin v27.0 - https:\/\/yoast.com\/product\/yoast-seo-wordpress\/ -->\n<title>Har\u0117 Kri\u0161na. Vegetariniai valgiai<\/title>\n<meta name=\"description\" content=\"\u0160i kulinarijos knyga n\u0117ra tiesiog 130 ind\u0173 vegetarini\u0173 valgi\u0173 rinkinys. Ji leid\u017eia pajhusti autenti\u0161k\u0105 senov\u0117s Indijos atmosfer\u0105, kur nepakartojamai\" \/>\n<meta name=\"robots\" content=\"index, follow, max-snippet:-1, max-image-preview:large, max-video-preview:-1\" \/>\n<link rel=\"canonical\" href=\"https:\/\/skaitytaknyga.lt\/en\/produktas\/hare-krisna-vegetariniai-valgiai\/\" \/>\n<meta property=\"og:locale\" content=\"en_GB\" \/>\n<meta property=\"og:locale:alternate\" content=\"lt_LT\" \/>\n<meta property=\"og:type\" content=\"article\" \/>\n<meta property=\"og:title\" content=\"Har\u0117 Kri\u0161na. Vegetariniai valgiai\" \/>\n<meta property=\"og:description\" content=\"\u0160i kulinarijos knyga n\u0117ra tiesiog 130 ind\u0173 vegetarini\u0173 valgi\u0173 rinkinys. Ji leid\u017eia pajhusti autenti\u0161k\u0105 senov\u0117s Indijos atmosfer\u0105, kur nepakartojamai\" \/>\n<meta property=\"og:url\" content=\"https:\/\/skaitytaknyga.lt\/en\/produktas\/hare-krisna-vegetariniai-valgiai\/\" \/>\n<meta property=\"og:site_name\" content=\"Skaitytaknyga\" \/>\n<meta property=\"article:publisher\" content=\"https:\/\/www.facebook.com\/skaitytaknyga\/\" \/>\n<meta property=\"article:modified_time\" content=\"2025-10-04T16:31:17+00:00\" \/>\n<meta property=\"og:image\" content=\"https:\/\/skaitytaknyga.lt\/wp-content\/uploads\/2024\/09\/Hare-Krisna.-Vegetariniai-valgiai.webp\" \/>\n\t<meta property=\"og:image:width\" content=\"507\" \/>\n\t<meta property=\"og:image:height\" content=\"800\" \/>\n\t<meta property=\"og:image:type\" content=\"image\/webp\" \/>\n<meta name=\"twitter:card\" content=\"summary_large_image\" \/>\n<meta name=\"twitter:label1\" content=\"Estimated reading time\" \/>\n\t<meta name=\"twitter:data1\" content=\"1 minute\" \/>\n<script type=\"application\/ld+json\" class=\"yoast-schema-graph\">{\"@context\":\"https:\/\/schema.org\",\"@graph\":[{\"@type\":\"WebPage\",\"@id\":\"https:\/\/skaitytaknyga.lt\/produktas\/hare-krisna-vegetariniai-valgiai\/\",\"url\":\"https:\/\/skaitytaknyga.lt\/produktas\/hare-krisna-vegetariniai-valgiai\/\",\"name\":\"Har\u0117 Kri\u0161na. Vegetariniai valgiai\",\"isPartOf\":{\"@id\":\"https:\/\/skaitytaknyga.lt\/#website\"},\"primaryImageOfPage\":{\"@id\":\"https:\/\/skaitytaknyga.lt\/produktas\/hare-krisna-vegetariniai-valgiai\/#primaryimage\"},\"image\":{\"@id\":\"https:\/\/skaitytaknyga.lt\/produktas\/hare-krisna-vegetariniai-valgiai\/#primaryimage\"},\"thumbnailUrl\":\"https:\/\/skaitytaknyga.lt\/wp-content\/uploads\/2024\/09\/Hare-Krisna.-Vegetariniai-valgiai.webp\",\"datePublished\":\"2024-09-06T07:34:49+00:00\",\"dateModified\":\"2025-10-04T16:31:17+00:00\",\"description\":\"\u0160i kulinarijos knyga n\u0117ra tiesiog 130 ind\u0173 vegetarini\u0173 valgi\u0173 rinkinys. Ji leid\u017eia pajhusti autenti\u0161k\u0105 senov\u0117s Indijos atmosfer\u0105, kur nepakartojamai\",\"breadcrumb\":{\"@id\":\"https:\/\/skaitytaknyga.lt\/produktas\/hare-krisna-vegetariniai-valgiai\/#breadcrumb\"},\"inLanguage\":\"en-GB\",\"potentialAction\":[{\"@type\":\"ReadAction\",\"target\":[\"https:\/\/skaitytaknyga.lt\/produktas\/hare-krisna-vegetariniai-valgiai\/\"]}]},{\"@type\":\"ImageObject\",\"inLanguage\":\"en-GB\",\"@id\":\"https:\/\/skaitytaknyga.lt\/produktas\/hare-krisna-vegetariniai-valgiai\/#primaryimage\",\"url\":\"https:\/\/skaitytaknyga.lt\/wp-content\/uploads\/2024\/09\/Hare-Krisna.-Vegetariniai-valgiai.webp\",\"contentUrl\":\"https:\/\/skaitytaknyga.lt\/wp-content\/uploads\/2024\/09\/Hare-Krisna.-Vegetariniai-valgiai.webp\",\"width\":507,\"height\":800,\"caption\":\"Har\u0117 Kri\u0161na. Vegetariniai valgiai\"},{\"@type\":\"BreadcrumbList\",\"@id\":\"https:\/\/skaitytaknyga.lt\/produktas\/hare-krisna-vegetariniai-valgiai\/#breadcrumb\",\"itemListElement\":[{\"@type\":\"ListItem\",\"position\":1,\"name\":\"Home\",\"item\":\"https:\/\/skaitytaknyga.lt\/\"},{\"@type\":\"ListItem\",\"position\":2,\"name\":\"Parduotuv\u0117\",\"item\":\"https:\/\/skaitytaknyga.lt\/knygu-parduotuve\/\"},{\"@type\":\"ListItem\",\"position\":3,\"name\":\"Har\u0117 Kri\u0161na. Vegetariniai valgiai\"}]},{\"@type\":\"WebSite\",\"@id\":\"https:\/\/skaitytaknyga.lt\/#website\",\"url\":\"https:\/\/skaitytaknyga.lt\/\",\"name\":\"skaitytaknyga.lt\",\"description\":\"Skaitytaknyga.lt \u2013 tai ma\u017eas \u0161eimos verslas, kuris prasid\u0117jo nuo meil\u0117s knygoms ir siekio i\u0161gelb\u0117ti knygas nuo likimo prie konteinerio. Kas vienam nereikalingas daiktas \u2013 kitam lobis, o mes esame tarpininkai, kurie padeda abiems tapti laimingesniems ???? \u017dinome kaip nelengva i\u0161gyventi ma\u017eiems verslams, tad nuo \u0161iol, \u010dia rasite ir kit\u0173, ma\u017e\u0173 \u0161eim\u0173 versl\u0173, rank\u0173 darbo, dovan\u0173 sau ir artimiesiems.\",\"publisher\":{\"@id\":\"https:\/\/skaitytaknyga.lt\/#organization\"},\"potentialAction\":[{\"@type\":\"SearchAction\",\"target\":{\"@type\":\"EntryPoint\",\"urlTemplate\":\"https:\/\/skaitytaknyga.lt\/?s={search_term_string}\"},\"query-input\":{\"@type\":\"PropertyValueSpecification\",\"valueRequired\":true,\"valueName\":\"search_term_string\"}}],\"inLanguage\":\"en-GB\"},{\"@type\":\"Organization\",\"@id\":\"https:\/\/skaitytaknyga.lt\/#organization\",\"name\":\"skaitytaknyga.lt\",\"url\":\"https:\/\/skaitytaknyga.lt\/\",\"logo\":{\"@type\":\"ImageObject\",\"inLanguage\":\"en-GB\",\"@id\":\"https:\/\/skaitytaknyga.lt\/#\/schema\/logo\/image\/\",\"url\":\"https:\/\/skaitytaknyga.lt\/wp-content\/uploads\/2024\/05\/cropped-cropped-cropped-02_00843_jt3bggkj1j3HLc7SyY6rEUpg.jpeg\",\"contentUrl\":\"https:\/\/skaitytaknyga.lt\/wp-content\/uploads\/2024\/05\/cropped-cropped-cropped-02_00843_jt3bggkj1j3HLc7SyY6rEUpg.jpeg\",\"width\":1600,\"height\":1600,\"caption\":\"skaitytaknyga.lt\"},\"image\":{\"@id\":\"https:\/\/skaitytaknyga.lt\/#\/schema\/logo\/image\/\"},\"sameAs\":[\"https:\/\/www.facebook.com\/skaitytaknyga\/\"]}]}<\/script>\n<!-- \/ Yoast SEO plugin. -->","yoast_head_json":{"title":"Har\u0117 Kri\u0161na. Vegetariniai valgiai","description":"\u0160i kulinarijos knyga n\u0117ra tiesiog 130 ind\u0173 vegetarini\u0173 valgi\u0173 rinkinys. Ji leid\u017eia pajhusti autenti\u0161k\u0105 senov\u0117s Indijos atmosfer\u0105, kur nepakartojamai","robots":{"index":"index","follow":"follow","max-snippet":"max-snippet:-1","max-image-preview":"max-image-preview:large","max-video-preview":"max-video-preview:-1"},"canonical":"https:\/\/skaitytaknyga.lt\/en\/produktas\/hare-krisna-vegetariniai-valgiai\/","og_locale":"en_GB","og_type":"article","og_title":"[:lt]Har\u0117 Kri\u0161na. Vegetariniai valgiai[:] - Skaitytaknyga","og_description":"\u0160i kulinarijos knyga n\u0117ra tiesiog 130 ind\u0173 vegetarini\u0173 valgi\u0173 rinkinys. Ji leid\u017eia pajhusti autenti\u0161k\u0105 senov\u0117s Indijos atmosfer\u0105, kur nepakartojamai","og_url":"https:\/\/skaitytaknyga.lt\/en\/produktas\/hare-krisna-vegetariniai-valgiai\/","og_site_name":"Skaitytaknyga","article_publisher":"https:\/\/www.facebook.com\/skaitytaknyga\/","article_modified_time":"2025-10-04T16:31:17+00:00","og_image":[{"width":507,"height":800,"url":"https:\/\/skaitytaknyga.lt\/wp-content\/uploads\/2024\/09\/Hare-Krisna.-Vegetariniai-valgiai.webp","type":"image\/webp"}],"twitter_card":"summary_large_image","twitter_misc":{"Estimated reading time":"1 minute"},"schema":{"@context":"https:\/\/schema.org","@graph":[{"@type":"WebPage","@id":"https:\/\/skaitytaknyga.lt\/produktas\/hare-krisna-vegetariniai-valgiai\/","url":"https:\/\/skaitytaknyga.lt\/produktas\/hare-krisna-vegetariniai-valgiai\/","name":"Har\u0117 Kri\u0161na. Vegetariniai valgiai","isPartOf":{"@id":"https:\/\/skaitytaknyga.lt\/#website"},"primaryImageOfPage":{"@id":"https:\/\/skaitytaknyga.lt\/produktas\/hare-krisna-vegetariniai-valgiai\/#primaryimage"},"image":{"@id":"https:\/\/skaitytaknyga.lt\/produktas\/hare-krisna-vegetariniai-valgiai\/#primaryimage"},"thumbnailUrl":"https:\/\/skaitytaknyga.lt\/wp-content\/uploads\/2024\/09\/Hare-Krisna.-Vegetariniai-valgiai.webp","datePublished":"2024-09-06T07:34:49+00:00","dateModified":"2025-10-04T16:31:17+00:00","description":"\u0160i kulinarijos knyga n\u0117ra tiesiog 130 ind\u0173 vegetarini\u0173 valgi\u0173 rinkinys. Ji leid\u017eia pajhusti autenti\u0161k\u0105 senov\u0117s Indijos atmosfer\u0105, kur nepakartojamai","breadcrumb":{"@id":"https:\/\/skaitytaknyga.lt\/produktas\/hare-krisna-vegetariniai-valgiai\/#breadcrumb"},"inLanguage":"en-GB","potentialAction":[{"@type":"ReadAction","target":["https:\/\/skaitytaknyga.lt\/produktas\/hare-krisna-vegetariniai-valgiai\/"]}]},{"@type":"ImageObject","inLanguage":"en-GB","@id":"https:\/\/skaitytaknyga.lt\/produktas\/hare-krisna-vegetariniai-valgiai\/#primaryimage","url":"https:\/\/skaitytaknyga.lt\/wp-content\/uploads\/2024\/09\/Hare-Krisna.-Vegetariniai-valgiai.webp","contentUrl":"https:\/\/skaitytaknyga.lt\/wp-content\/uploads\/2024\/09\/Hare-Krisna.-Vegetariniai-valgiai.webp","width":507,"height":800,"caption":"Har\u0117 Kri\u0161na. Vegetariniai valgiai"},{"@type":"BreadcrumbList","@id":"https:\/\/skaitytaknyga.lt\/produktas\/hare-krisna-vegetariniai-valgiai\/#breadcrumb","itemListElement":[{"@type":"ListItem","position":1,"name":"Home","item":"https:\/\/skaitytaknyga.lt\/"},{"@type":"ListItem","position":2,"name":"Parduotuv\u0117","item":"https:\/\/skaitytaknyga.lt\/knygu-parduotuve\/"},{"@type":"ListItem","position":3,"name":"Har\u0117 Kri\u0161na. Vegetariniai valgiai"}]},{"@type":"WebSite","@id":"https:\/\/skaitytaknyga.lt\/#website","url":"https:\/\/skaitytaknyga.lt\/","name":"skaitytaknyga.lt","description":"Skaitytaknyga.lt \u2013 tai ma\u017eas \u0161eimos verslas, kuris prasid\u0117jo nuo meil\u0117s knygoms ir siekio i\u0161gelb\u0117ti knygas nuo likimo prie konteinerio. Kas vienam nereikalingas daiktas \u2013 kitam lobis, o mes esame tarpininkai, kurie padeda abiems tapti laimingesniems ???? \u017dinome kaip nelengva i\u0161gyventi ma\u017eiems verslams, tad nuo \u0161iol, \u010dia rasite ir kit\u0173, ma\u017e\u0173 \u0161eim\u0173 versl\u0173, rank\u0173 darbo, dovan\u0173 sau ir artimiesiems.","publisher":{"@id":"https:\/\/skaitytaknyga.lt\/#organization"},"potentialAction":[{"@type":"SearchAction","target":{"@type":"EntryPoint","urlTemplate":"https:\/\/skaitytaknyga.lt\/?s={search_term_string}"},"query-input":{"@type":"PropertyValueSpecification","valueRequired":true,"valueName":"search_term_string"}}],"inLanguage":"en-GB"},{"@type":"Organization","@id":"https:\/\/skaitytaknyga.lt\/#organization","name":"skaitytaknyga.lt","url":"https:\/\/skaitytaknyga.lt\/","logo":{"@type":"ImageObject","inLanguage":"en-GB","@id":"https:\/\/skaitytaknyga.lt\/#\/schema\/logo\/image\/","url":"https:\/\/skaitytaknyga.lt\/wp-content\/uploads\/2024\/05\/cropped-cropped-cropped-02_00843_jt3bggkj1j3HLc7SyY6rEUpg.jpeg","contentUrl":"https:\/\/skaitytaknyga.lt\/wp-content\/uploads\/2024\/05\/cropped-cropped-cropped-02_00843_jt3bggkj1j3HLc7SyY6rEUpg.jpeg","width":1600,"height":1600,"caption":"skaitytaknyga.lt"},"image":{"@id":"https:\/\/skaitytaknyga.lt\/#\/schema\/logo\/image\/"},"sameAs":["https:\/\/www.facebook.com\/skaitytaknyga\/"]}]}},"_links":{"self":[{"href":"https:\/\/skaitytaknyga.lt\/en\/wp-json\/wp\/v2\/product\/13676","targetHints":{"allow":["GET"]}}],"collection":[{"href":"https:\/\/skaitytaknyga.lt\/en\/wp-json\/wp\/v2\/product"}],"about":[{"href":"https:\/\/skaitytaknyga.lt\/en\/wp-json\/wp\/v2\/types\/product"}],"replies":[{"embeddable":true,"href":"https:\/\/skaitytaknyga.lt\/en\/wp-json\/wp\/v2\/comments?post=13676"}],"wp:featuredmedia":[{"embeddable":true,"href":"https:\/\/skaitytaknyga.lt\/en\/wp-json\/wp\/v2\/media\/13701"}],"wp:attachment":[{"href":"https:\/\/skaitytaknyga.lt\/en\/wp-json\/wp\/v2\/media?parent=13676"}],"wp:term":[{"taxonomy":"product_brand","embeddable":true,"href":"https:\/\/skaitytaknyga.lt\/en\/wp-json\/wp\/v2\/product_brand?post=13676"},{"taxonomy":"product_cat","embeddable":true,"href":"https:\/\/skaitytaknyga.lt\/en\/wp-json\/wp\/v2\/product_cat?post=13676"},{"taxonomy":"product_tag","embeddable":true,"href":"https:\/\/skaitytaknyga.lt\/en\/wp-json\/wp\/v2\/product_tag?post=13676"}],"curies":[{"name":"wp","href":"https:\/\/api.w.org\/{rel}","templated":true}]}}