{"id":13675,"date":"2024-09-06T10:34:49","date_gmt":"2024-09-06T07:34:49","guid":{"rendered":"https:\/\/skaitytaknyga.lt\/?post_type=product&#038;p=13675"},"modified":"2024-09-09T08:40:33","modified_gmt":"2024-09-09T05:40:33","slug":"algirdas-julius-greimas-tautos-atminties-beieskant","status":"publish","type":"product","link":"https:\/\/skaitytaknyga.lt\/en\/produktas\/algirdas-julius-greimas-tautos-atminties-beieskant\/","title":{"rendered":"Algirdas Julius Greimas \u201eTautos atminties beie\u0161kant\u201c"},"content":{"rendered":"<p>Pasaulyje pla\u010diai \u017einomo m\u016bs\u0173 tautie\u010dio\u00a0<strong>A. J. Greimo<\/strong>\u00a0knyga sudaryta i\u0161 dviej\u0173 skirtingais de\u0161imtme\u010diais para\u0161yt\u0173 lietuvi\u0173 mitologijos studij\u0173: \u201eApie dievus ir \u017emones\u201c ir \u201eTautos atminties beie\u0161kant\u201c.<\/p>\n<p>Mitologijos tyrin\u0117jim\u0105 Greimas supranta kaip kult\u016bros archeologij\u0105, naudoja tokius metodus, kurie padeda i\u0161 \u201ekeli\u0173 atskir\u0173 \u0161uki\u0173\u201c, i\u0161 ra\u0161ytiniuose \u0161altiniuose ir tautosakoje fiksuot\u0173 paskir\u0173 m\u016bs\u0173 mitologijos fragment\u0173, rekonstruoti am\u017ei\u0173 b\u016bvyje suei\u017e\u0117jus\u012f ir subirus\u012f masyv\u0105, atskleisti m\u016bs\u0173 mitologini\u0173 tekst\u0173 tikr\u0105j\u0105, t. y. mitologin\u0119, prasm\u0119.<\/p>\n<p>Gauti rezultatai leid\u017eia teigti, kad autorius yra bene \u012f\u017evalgiausias ir jautriausias lietuvi\u0173 mitologijos tyrin\u0117tojas.<\/p>\n<ul class=\"about-product d-none d-xl-block mt-4\">\n<li><strong>Autorius:<\/strong>\u00a0Algirdas Julius Greimas<\/li>\n<li><strong>Leid\u0117jas:<\/strong>\u00a0Mokslas<\/li>\n<li><strong>Metai:<\/strong>\u00a01990<\/li>\n<li><strong>Puslapiai:<\/strong>\u00a0525<\/li>\n<li><strong>ISBN-10:<\/strong>\u00a05420008300<\/li>\n<li><strong>ISBN-13:<\/strong>\u00a09785420008300<\/li>\n<li><strong>Formatas:<\/strong>\u00a013,5 x 20 cm, kieti vir\u0161eliai<\/li>\n<li><strong>Kalba:<\/strong>\u00a0Lietuvi\u0173<\/li>\n<\/ul>\n","protected":false},"excerpt":{"rendered":"<p>Pasaulyje pla\u010diai \u017einomo m\u016bs\u0173 tautie\u010dio\u00a0A. J. Greimo\u00a0knyga sudaryta i\u0161 dviej\u0173 skirtingais de\u0161imtme\u010diais para\u0161yt\u0173 lietuvi\u0173 mitologijos studij\u0173: \u201eApie dievus ir \u017emones\u201c ir \u201eTautos atminties beie\u0161kant\u201c. Mitologijos tyrin\u0117jim\u0105 Greimas supranta kaip kult\u016bros archeologij\u0105, naudoja tokius metodus, kurie padeda i\u0161 \u201ekeli\u0173 atskir\u0173 \u0161uki\u0173\u201c, i\u0161 ra\u0161ytiniuose \u0161altiniuose ir tautosakoje fiksuot\u0173 paskir\u0173 m\u016bs\u0173 mitologijos fragment\u0173, rekonstruoti am\u017ei\u0173 b\u016bvyje suei\u017e\u0117jus\u012f ir subirus\u012f masyv\u0105, atskleisti m\u016bs\u0173 mitologini\u0173 tekst\u0173 tikr\u0105j\u0105, t. y. mitologin\u0119, prasm\u0119. Gauti rezultatai leid\u017eia teigti, kad autorius yra bene \u012f\u017evalgiausias ir jautriausias lietuvi\u0173 mitologijos tyrin\u0117tojas. Autorius:\u00a0Algirdas Julius Greimas Leid\u0117jas:\u00a0Mokslas Metai:\u00a01990 Puslapiai:\u00a0525 ISBN-10:\u00a05420008300 ISBN-13:\u00a09785420008300 Formatas:\u00a013,5 x 20 cm, kieti vir\u0161eliai Kalba:\u00a0Lietuvi\u0173<\/p>\n","protected":false},"featured_media":13700,"comment_status":"open","ping_status":"closed","template":"","meta":{"_acf_changed":false,"site-sidebar-layout":"default","site-content-layout":"","ast-site-content-layout":"default","site-content-style":"default","site-sidebar-style":"default","ast-global-header-display":"","ast-banner-title-visibility":"","ast-main-header-display":"","ast-hfb-above-header-display":"","ast-hfb-below-header-display":"","ast-hfb-mobile-header-display":"","site-post-title":"","ast-breadcrumbs-content":"","ast-featured-img":"","footer-sml-layout":"","ast-disable-related-posts":"","theme-transparent-header-meta":"default","adv-header-id-meta":"","stick-header-meta":"","header-above-stick-meta":"","header-main-stick-meta":"","header-below-stick-meta":"","astra-migrate-meta-layouts":"set","ast-page-background-enabled":"default","ast-page-background-meta":{"desktop":{"background-color":"","background-image":"","background-repeat":"repeat","background-position":"center center","background-size":"auto","background-attachment":"scroll","background-type":"","background-media":"","overlay-type":"","overlay-color":"","overlay-opacity":"","overlay-gradient":""},"tablet":{"background-color":"","background-image":"","background-repeat":"repeat","background-position":"center center","background-size":"auto","background-attachment":"scroll","background-type":"","background-media":"","overlay-type":"","overlay-color":"","overlay-opacity":"","overlay-gradient":""},"mobile":{"background-color":"","background-image":"","background-repeat":"repeat","background-position":"center center","background-size":"auto","background-attachment":"scroll","background-type":"","background-media":"","overlay-type":"","overlay-color":"","overlay-opacity":"","overlay-gradient":""}},"ast-content-background-meta":{"desktop":{"background-color":"var(--ast-global-color-4)","background-image":"","background-repeat":"repeat","background-position":"center center","background-size":"auto","background-attachment":"scroll","background-type":"","background-media":"","overlay-type":"","overlay-color":"","overlay-opacity":"","overlay-gradient":""},"tablet":{"background-color":"var(--ast-global-color-4)","background-image":"","background-repeat":"repeat","background-position":"center center","background-size":"auto","background-attachment":"scroll","background-type":"","background-media":"","overlay-type":"","overlay-color":"","overlay-opacity":"","overlay-gradient":""},"mobile":{"background-color":"var(--ast-global-color-4)","background-image":"","background-repeat":"repeat","background-position":"center center","background-size":"auto","background-attachment":"scroll","background-type":"","background-media":"","overlay-type":"","overlay-color":"","overlay-opacity":"","overlay-gradient":""}}},"product_brand":[],"product_cat":[174,15],"product_tag":[],"class_list":{"0":"post-13675","1":"product","2":"type-product","3":"status-publish","4":"has-post-thumbnail","6":"product_cat-istorija-ir-politologija","7":"product_cat-uncategorized","8":"desktop-align-left","9":"tablet-align-left","10":"mobile-align-left","12":"first","13":"instock","14":"shipping-taxable","15":"purchasable","16":"product-type-simple"},"acf":[],"yoast_head":"<!-- This site is optimized with the Yoast SEO plugin v27.0 - https:\/\/yoast.com\/product\/yoast-seo-wordpress\/ -->\n<title>Algirdas Julius Greimas \u201eTautos atminties beie\u0161kant\u201c<\/title>\n<meta name=\"description\" content=\"Pasaulyje pla\u010diai \u017einomo m\u016bs\u0173 tautie\u010dio\u00a0A. J. Greimo\u00a0knyga sudaryta i\u0161 dviej\u0173 skirtingais de\u0161imtme\u010diais para\u0161yt\u0173 lietuvi\u0173 mitologijos studij\u0173: \u201eApie\" \/>\n<meta name=\"robots\" content=\"index, follow, max-snippet:-1, max-image-preview:large, max-video-preview:-1\" \/>\n<link rel=\"canonical\" href=\"https:\/\/skaitytaknyga.lt\/en\/produktas\/algirdas-julius-greimas-tautos-atminties-beieskant\/\" \/>\n<meta property=\"og:locale\" content=\"en_GB\" \/>\n<meta property=\"og:locale:alternate\" content=\"lt_LT\" \/>\n<meta property=\"og:type\" content=\"article\" \/>\n<meta property=\"og:title\" content=\"Algirdas Julius Greimas \u201eTautos atminties beie\u0161kant\u201c\" \/>\n<meta property=\"og:description\" content=\"Pasaulyje pla\u010diai \u017einomo m\u016bs\u0173 tautie\u010dio\u00a0A. J. Greimo\u00a0knyga sudaryta i\u0161 dviej\u0173 skirtingais de\u0161imtme\u010diais para\u0161yt\u0173 lietuvi\u0173 mitologijos studij\u0173: \u201eApie\" \/>\n<meta property=\"og:url\" content=\"https:\/\/skaitytaknyga.lt\/en\/produktas\/algirdas-julius-greimas-tautos-atminties-beieskant\/\" \/>\n<meta property=\"og:site_name\" content=\"Skaitytaknyga\" \/>\n<meta property=\"article:publisher\" content=\"https:\/\/www.facebook.com\/skaitytaknyga\/\" \/>\n<meta property=\"article:modified_time\" content=\"2024-09-09T05:40:33+00:00\" \/>\n<meta property=\"og:image\" content=\"https:\/\/skaitytaknyga.lt\/wp-content\/uploads\/2024\/09\/Tautos-atminties-beieskant.webp\" \/>\n\t<meta property=\"og:image:width\" content=\"514\" \/>\n\t<meta property=\"og:image:height\" content=\"800\" \/>\n\t<meta property=\"og:image:type\" content=\"image\/webp\" \/>\n<meta name=\"twitter:card\" content=\"summary_large_image\" \/>\n<meta name=\"twitter:label1\" content=\"Estimated reading time\" \/>\n\t<meta name=\"twitter:data1\" content=\"1 minute\" \/>\n<script type=\"application\/ld+json\" class=\"yoast-schema-graph\">{\"@context\":\"https:\/\/schema.org\",\"@graph\":[{\"@type\":\"WebPage\",\"@id\":\"https:\/\/skaitytaknyga.lt\/produktas\/algirdas-julius-greimas-tautos-atminties-beieskant\/\",\"url\":\"https:\/\/skaitytaknyga.lt\/produktas\/algirdas-julius-greimas-tautos-atminties-beieskant\/\",\"name\":\"Algirdas Julius Greimas \u201eTautos atminties beie\u0161kant\u201c\",\"isPartOf\":{\"@id\":\"https:\/\/skaitytaknyga.lt\/#website\"},\"primaryImageOfPage\":{\"@id\":\"https:\/\/skaitytaknyga.lt\/produktas\/algirdas-julius-greimas-tautos-atminties-beieskant\/#primaryimage\"},\"image\":{\"@id\":\"https:\/\/skaitytaknyga.lt\/produktas\/algirdas-julius-greimas-tautos-atminties-beieskant\/#primaryimage\"},\"thumbnailUrl\":\"https:\/\/skaitytaknyga.lt\/wp-content\/uploads\/2024\/09\/Tautos-atminties-beieskant.webp\",\"datePublished\":\"2024-09-06T07:34:49+00:00\",\"dateModified\":\"2024-09-09T05:40:33+00:00\",\"description\":\"Pasaulyje pla\u010diai \u017einomo m\u016bs\u0173 tautie\u010dio\u00a0A. J. Greimo\u00a0knyga sudaryta i\u0161 dviej\u0173 skirtingais de\u0161imtme\u010diais para\u0161yt\u0173 lietuvi\u0173 mitologijos studij\u0173: \u201eApie\",\"breadcrumb\":{\"@id\":\"https:\/\/skaitytaknyga.lt\/produktas\/algirdas-julius-greimas-tautos-atminties-beieskant\/#breadcrumb\"},\"inLanguage\":\"en-GB\",\"potentialAction\":[{\"@type\":\"ReadAction\",\"target\":[\"https:\/\/skaitytaknyga.lt\/produktas\/algirdas-julius-greimas-tautos-atminties-beieskant\/\"]}]},{\"@type\":\"ImageObject\",\"inLanguage\":\"en-GB\",\"@id\":\"https:\/\/skaitytaknyga.lt\/produktas\/algirdas-julius-greimas-tautos-atminties-beieskant\/#primaryimage\",\"url\":\"https:\/\/skaitytaknyga.lt\/wp-content\/uploads\/2024\/09\/Tautos-atminties-beieskant.webp\",\"contentUrl\":\"https:\/\/skaitytaknyga.lt\/wp-content\/uploads\/2024\/09\/Tautos-atminties-beieskant.webp\",\"width\":514,\"height\":800,\"caption\":\"Algirdas Julius Greimas \u201eTautos atminties beie\u0161kant\u201c\"},{\"@type\":\"BreadcrumbList\",\"@id\":\"https:\/\/skaitytaknyga.lt\/produktas\/algirdas-julius-greimas-tautos-atminties-beieskant\/#breadcrumb\",\"itemListElement\":[{\"@type\":\"ListItem\",\"position\":1,\"name\":\"Home\",\"item\":\"https:\/\/skaitytaknyga.lt\/\"},{\"@type\":\"ListItem\",\"position\":2,\"name\":\"Parduotuv\u0117\",\"item\":\"https:\/\/skaitytaknyga.lt\/knygu-parduotuve\/\"},{\"@type\":\"ListItem\",\"position\":3,\"name\":\"Algirdas Julius Greimas \u201eTautos atminties beie\u0161kant\u201c\"}]},{\"@type\":\"WebSite\",\"@id\":\"https:\/\/skaitytaknyga.lt\/#website\",\"url\":\"https:\/\/skaitytaknyga.lt\/\",\"name\":\"skaitytaknyga.lt\",\"description\":\"Skaitytaknyga.lt \u2013 tai ma\u017eas \u0161eimos verslas, kuris prasid\u0117jo nuo meil\u0117s knygoms ir siekio i\u0161gelb\u0117ti knygas nuo likimo prie konteinerio. Kas vienam nereikalingas daiktas \u2013 kitam lobis, o mes esame tarpininkai, kurie padeda abiems tapti laimingesniems ???? \u017dinome kaip nelengva i\u0161gyventi ma\u017eiems verslams, tad nuo \u0161iol, \u010dia rasite ir kit\u0173, ma\u017e\u0173 \u0161eim\u0173 versl\u0173, rank\u0173 darbo, dovan\u0173 sau ir artimiesiems.\",\"publisher\":{\"@id\":\"https:\/\/skaitytaknyga.lt\/#organization\"},\"potentialAction\":[{\"@type\":\"SearchAction\",\"target\":{\"@type\":\"EntryPoint\",\"urlTemplate\":\"https:\/\/skaitytaknyga.lt\/?s={search_term_string}\"},\"query-input\":{\"@type\":\"PropertyValueSpecification\",\"valueRequired\":true,\"valueName\":\"search_term_string\"}}],\"inLanguage\":\"en-GB\"},{\"@type\":\"Organization\",\"@id\":\"https:\/\/skaitytaknyga.lt\/#organization\",\"name\":\"skaitytaknyga.lt\",\"url\":\"https:\/\/skaitytaknyga.lt\/\",\"logo\":{\"@type\":\"ImageObject\",\"inLanguage\":\"en-GB\",\"@id\":\"https:\/\/skaitytaknyga.lt\/#\/schema\/logo\/image\/\",\"url\":\"https:\/\/skaitytaknyga.lt\/wp-content\/uploads\/2024\/05\/cropped-cropped-cropped-02_00843_jt3bggkj1j3HLc7SyY6rEUpg.jpeg\",\"contentUrl\":\"https:\/\/skaitytaknyga.lt\/wp-content\/uploads\/2024\/05\/cropped-cropped-cropped-02_00843_jt3bggkj1j3HLc7SyY6rEUpg.jpeg\",\"width\":1600,\"height\":1600,\"caption\":\"skaitytaknyga.lt\"},\"image\":{\"@id\":\"https:\/\/skaitytaknyga.lt\/#\/schema\/logo\/image\/\"},\"sameAs\":[\"https:\/\/www.facebook.com\/skaitytaknyga\/\"]}]}<\/script>\n<!-- \/ Yoast SEO plugin. -->","yoast_head_json":{"title":"Algirdas Julius Greimas \u201eTautos atminties beie\u0161kant\u201c","description":"Pasaulyje pla\u010diai \u017einomo m\u016bs\u0173 tautie\u010dio\u00a0A. J. Greimo\u00a0knyga sudaryta i\u0161 dviej\u0173 skirtingais de\u0161imtme\u010diais para\u0161yt\u0173 lietuvi\u0173 mitologijos studij\u0173: \u201eApie","robots":{"index":"index","follow":"follow","max-snippet":"max-snippet:-1","max-image-preview":"max-image-preview:large","max-video-preview":"max-video-preview:-1"},"canonical":"https:\/\/skaitytaknyga.lt\/en\/produktas\/algirdas-julius-greimas-tautos-atminties-beieskant\/","og_locale":"en_GB","og_type":"article","og_title":"[:lt]Algirdas Julius Greimas \u201eTautos atminties beie\u0161kant\u201c[:] - Skaitytaknyga","og_description":"Pasaulyje pla\u010diai \u017einomo m\u016bs\u0173 tautie\u010dio\u00a0A. J. Greimo\u00a0knyga sudaryta i\u0161 dviej\u0173 skirtingais de\u0161imtme\u010diais para\u0161yt\u0173 lietuvi\u0173 mitologijos studij\u0173: \u201eApie","og_url":"https:\/\/skaitytaknyga.lt\/en\/produktas\/algirdas-julius-greimas-tautos-atminties-beieskant\/","og_site_name":"Skaitytaknyga","article_publisher":"https:\/\/www.facebook.com\/skaitytaknyga\/","article_modified_time":"2024-09-09T05:40:33+00:00","og_image":[{"width":514,"height":800,"url":"https:\/\/skaitytaknyga.lt\/wp-content\/uploads\/2024\/09\/Tautos-atminties-beieskant.webp","type":"image\/webp"}],"twitter_card":"summary_large_image","twitter_misc":{"Estimated reading time":"1 minute"},"schema":{"@context":"https:\/\/schema.org","@graph":[{"@type":"WebPage","@id":"https:\/\/skaitytaknyga.lt\/produktas\/algirdas-julius-greimas-tautos-atminties-beieskant\/","url":"https:\/\/skaitytaknyga.lt\/produktas\/algirdas-julius-greimas-tautos-atminties-beieskant\/","name":"Algirdas Julius Greimas \u201eTautos atminties beie\u0161kant\u201c","isPartOf":{"@id":"https:\/\/skaitytaknyga.lt\/#website"},"primaryImageOfPage":{"@id":"https:\/\/skaitytaknyga.lt\/produktas\/algirdas-julius-greimas-tautos-atminties-beieskant\/#primaryimage"},"image":{"@id":"https:\/\/skaitytaknyga.lt\/produktas\/algirdas-julius-greimas-tautos-atminties-beieskant\/#primaryimage"},"thumbnailUrl":"https:\/\/skaitytaknyga.lt\/wp-content\/uploads\/2024\/09\/Tautos-atminties-beieskant.webp","datePublished":"2024-09-06T07:34:49+00:00","dateModified":"2024-09-09T05:40:33+00:00","description":"Pasaulyje pla\u010diai \u017einomo m\u016bs\u0173 tautie\u010dio\u00a0A. J. Greimo\u00a0knyga sudaryta i\u0161 dviej\u0173 skirtingais de\u0161imtme\u010diais para\u0161yt\u0173 lietuvi\u0173 mitologijos studij\u0173: \u201eApie","breadcrumb":{"@id":"https:\/\/skaitytaknyga.lt\/produktas\/algirdas-julius-greimas-tautos-atminties-beieskant\/#breadcrumb"},"inLanguage":"en-GB","potentialAction":[{"@type":"ReadAction","target":["https:\/\/skaitytaknyga.lt\/produktas\/algirdas-julius-greimas-tautos-atminties-beieskant\/"]}]},{"@type":"ImageObject","inLanguage":"en-GB","@id":"https:\/\/skaitytaknyga.lt\/produktas\/algirdas-julius-greimas-tautos-atminties-beieskant\/#primaryimage","url":"https:\/\/skaitytaknyga.lt\/wp-content\/uploads\/2024\/09\/Tautos-atminties-beieskant.webp","contentUrl":"https:\/\/skaitytaknyga.lt\/wp-content\/uploads\/2024\/09\/Tautos-atminties-beieskant.webp","width":514,"height":800,"caption":"Algirdas Julius Greimas \u201eTautos atminties beie\u0161kant\u201c"},{"@type":"BreadcrumbList","@id":"https:\/\/skaitytaknyga.lt\/produktas\/algirdas-julius-greimas-tautos-atminties-beieskant\/#breadcrumb","itemListElement":[{"@type":"ListItem","position":1,"name":"Home","item":"https:\/\/skaitytaknyga.lt\/"},{"@type":"ListItem","position":2,"name":"Parduotuv\u0117","item":"https:\/\/skaitytaknyga.lt\/knygu-parduotuve\/"},{"@type":"ListItem","position":3,"name":"Algirdas Julius Greimas \u201eTautos atminties beie\u0161kant\u201c"}]},{"@type":"WebSite","@id":"https:\/\/skaitytaknyga.lt\/#website","url":"https:\/\/skaitytaknyga.lt\/","name":"skaitytaknyga.lt","description":"Skaitytaknyga.lt \u2013 tai ma\u017eas \u0161eimos verslas, kuris prasid\u0117jo nuo meil\u0117s knygoms ir siekio i\u0161gelb\u0117ti knygas nuo likimo prie konteinerio. Kas vienam nereikalingas daiktas \u2013 kitam lobis, o mes esame tarpininkai, kurie padeda abiems tapti laimingesniems ???? \u017dinome kaip nelengva i\u0161gyventi ma\u017eiems verslams, tad nuo \u0161iol, \u010dia rasite ir kit\u0173, ma\u017e\u0173 \u0161eim\u0173 versl\u0173, rank\u0173 darbo, dovan\u0173 sau ir artimiesiems.","publisher":{"@id":"https:\/\/skaitytaknyga.lt\/#organization"},"potentialAction":[{"@type":"SearchAction","target":{"@type":"EntryPoint","urlTemplate":"https:\/\/skaitytaknyga.lt\/?s={search_term_string}"},"query-input":{"@type":"PropertyValueSpecification","valueRequired":true,"valueName":"search_term_string"}}],"inLanguage":"en-GB"},{"@type":"Organization","@id":"https:\/\/skaitytaknyga.lt\/#organization","name":"skaitytaknyga.lt","url":"https:\/\/skaitytaknyga.lt\/","logo":{"@type":"ImageObject","inLanguage":"en-GB","@id":"https:\/\/skaitytaknyga.lt\/#\/schema\/logo\/image\/","url":"https:\/\/skaitytaknyga.lt\/wp-content\/uploads\/2024\/05\/cropped-cropped-cropped-02_00843_jt3bggkj1j3HLc7SyY6rEUpg.jpeg","contentUrl":"https:\/\/skaitytaknyga.lt\/wp-content\/uploads\/2024\/05\/cropped-cropped-cropped-02_00843_jt3bggkj1j3HLc7SyY6rEUpg.jpeg","width":1600,"height":1600,"caption":"skaitytaknyga.lt"},"image":{"@id":"https:\/\/skaitytaknyga.lt\/#\/schema\/logo\/image\/"},"sameAs":["https:\/\/www.facebook.com\/skaitytaknyga\/"]}]}},"_links":{"self":[{"href":"https:\/\/skaitytaknyga.lt\/en\/wp-json\/wp\/v2\/product\/13675","targetHints":{"allow":["GET"]}}],"collection":[{"href":"https:\/\/skaitytaknyga.lt\/en\/wp-json\/wp\/v2\/product"}],"about":[{"href":"https:\/\/skaitytaknyga.lt\/en\/wp-json\/wp\/v2\/types\/product"}],"replies":[{"embeddable":true,"href":"https:\/\/skaitytaknyga.lt\/en\/wp-json\/wp\/v2\/comments?post=13675"}],"wp:featuredmedia":[{"embeddable":true,"href":"https:\/\/skaitytaknyga.lt\/en\/wp-json\/wp\/v2\/media\/13700"}],"wp:attachment":[{"href":"https:\/\/skaitytaknyga.lt\/en\/wp-json\/wp\/v2\/media?parent=13675"}],"wp:term":[{"taxonomy":"product_brand","embeddable":true,"href":"https:\/\/skaitytaknyga.lt\/en\/wp-json\/wp\/v2\/product_brand?post=13675"},{"taxonomy":"product_cat","embeddable":true,"href":"https:\/\/skaitytaknyga.lt\/en\/wp-json\/wp\/v2\/product_cat?post=13675"},{"taxonomy":"product_tag","embeddable":true,"href":"https:\/\/skaitytaknyga.lt\/en\/wp-json\/wp\/v2\/product_tag?post=13675"}],"curies":[{"name":"wp","href":"https:\/\/api.w.org\/{rel}","templated":true}]}}