{"id":13674,"date":"2024-09-06T10:34:49","date_gmt":"2024-09-06T07:34:49","guid":{"rendered":"https:\/\/skaitytaknyga.lt\/?post_type=product&#038;p=13674"},"modified":"2025-05-24T11:26:35","modified_gmt":"2025-05-24T08:26:35","slug":"penkiasdesimt-islaisvintu-atspalviu","status":"publish","type":"product","link":"https:\/\/skaitytaknyga.lt\/en\/produktas\/penkiasdesimt-islaisvintu-atspalviu\/","title":{"rendered":"Penkiasde\u0161imt i\u0161laisvint\u0173 atspalvi\u0173"},"content":{"rendered":"<p class=\"western\">Kai Anastasia Steel sutiko valding\u0105 jaun\u0105 verslinink\u0105 Kristian\u0105 Gr\u0117j\u0173, tarp j\u0173 \u012fsi\u017eieb\u0117 geidulingas romanas, kuris negr\u012f\u017etamai pakeit\u0117 abiej\u0173 gyvenimus. \u0160okiruota, bet sudominta Kristiano ne\u012fprasto erotinio skonio, Ana reikalauja Kristiano \u012fsipareigoti. Nor\u0117damas i\u0161saugoti An\u0105 jis sutinka.<\/p>\n<p class=\"western\">Pagaliau Ana ir Kristianas turi visk\u0105 \u2013 meil\u0119, aistr\u0105, intymum\u0105, turtus ir begalines galimybes. Bet Ana supranta, kad myl\u0117ti valding\u0105j\u012f Kristian\u0105 nebus lengva, nor\u0117dama b\u016bti su juo ji tur\u0117s \u012fveikti i\u0161\u0161\u016bkius, kuri\u0173 n\u0117 vienas j\u0173 nesitik\u0117jo. Ana tur\u0117s i\u0161mokti gyventi prabang\u0173 Kristiano gyvenim\u0105, neprarasdama savo tapatyb\u0117s, o Kristianas tur\u0117s nugal\u0117ti savo valdingum\u0105 ir j\u012f kankinan\u010dius praeities demonus.<\/p>\n<p class=\"western\">Kai visos kli\u016btys, nelaim\u0117s ir pagie\u017ea atrodys nugal\u0117tos, likimas pavers tamsiausias Anos baimes realybe&#8230;<\/p>\n<p class=\"western\"><strong>\u012esp\u0117jame:<\/strong>\u00a0knygoje yra scen\u0173, skirt\u0173 tik suaugusiesiems.<\/p>\n<p class=\"western\"><strong>E. L. James<\/strong>\u00a0\u2013 buvusi televizijos vadov\u0117, \u017emona ir dviej\u0173 vaik\u0173 motina, gyvena Vakar\u0173 Londone. Nuo pat vaikyst\u0117s ji svajojo ra\u0161yti istorijas, kurias skaitytojai pamilt\u0173, bet \u0161ios svajon\u0117s buvo nustumtos \u0161eimos ir karjeros r\u016bpes\u010di\u0173. Kai E. L. James pagaliau grieb\u0117si plunksnos, gim\u0117 pirmoji jos knyga \u201ePenkiasde\u0161imt pilk\u0173 atspalvi\u0173\u201c.<\/p>\n<ul class=\"about-product d-none d-xl-block mt-4\">\n<li><strong>Originalus pavadinimas:<\/strong>\u00a0Fifty Shades Freed<\/li>\n<li><strong>Autorius:<\/strong>\u00a0E L James<\/li>\n<li><strong>Leid\u0117jas:<\/strong>\u00a0Alma littera<\/li>\n<li><strong>Metai:<\/strong>\u00a02013<\/li>\n<li><strong>Puslapiai:<\/strong>\u00a0600<\/li>\n<li><strong>ISBN:<\/strong>\u00a09786090111642<\/li>\n<li><strong>Versijos kodas:<\/strong>\u00a0PT.<\/li>\n<li><strong>Formatas:<\/strong>\u00a025,3 x 14,3 cm, kieti vir\u0161eliai<\/li>\n<li><strong>Kalba:<\/strong>\u00a0Lietuvi\u0173<\/li>\n<li><strong>Vert\u0117jas:<\/strong>\u00a0Jovita Liutkut\u0117<\/li>\n<li><strong>Knyg\u0173 serija:<\/strong>\u00a0Penkiasde\u0161imt pilk\u0173 atspalvi\u0173<\/li>\n<\/ul>\n","protected":false},"excerpt":{"rendered":"<p>Kai Anastasia Steel sutiko valding\u0105 jaun\u0105 verslinink\u0105 Kristian\u0105 Gr\u0117j\u0173, tarp j\u0173 \u012fsi\u017eieb\u0117 geidulingas romanas, kuris negr\u012f\u017etamai pakeit\u0117 abiej\u0173 gyvenimus. \u0160okiruota, bet sudominta Kristiano ne\u012fprasto erotinio skonio, Ana reikalauja Kristiano \u012fsipareigoti. Nor\u0117damas i\u0161saugoti An\u0105 jis sutinka. Pagaliau Ana ir Kristianas turi visk\u0105 \u2013 meil\u0119, aistr\u0105, intymum\u0105, turtus ir begalines galimybes. Bet Ana supranta, kad myl\u0117ti valding\u0105j\u012f Kristian\u0105 nebus lengva, nor\u0117dama b\u016bti su juo ji tur\u0117s \u012fveikti i\u0161\u0161\u016bkius, kuri\u0173 n\u0117 vienas j\u0173 nesitik\u0117jo. Ana tur\u0117s i\u0161mokti gyventi prabang\u0173 Kristiano gyvenim\u0105, neprarasdama savo tapatyb\u0117s, o Kristianas tur\u0117s nugal\u0117ti savo valdingum\u0105 ir j\u012f kankinan\u010dius praeities demonus. Kai visos kli\u016btys, nelaim\u0117s ir pagie\u017ea atrodys nugal\u0117tos, likimas pavers tamsiausias Anos baimes realybe&#8230; \u012esp\u0117jame:\u00a0knygoje yra scen\u0173, skirt\u0173 tik suaugusiesiems. E. L. James\u00a0\u2013 buvusi televizijos vadov\u0117, \u017emona ir dviej\u0173 vaik\u0173 motina, gyvena Vakar\u0173 Londone. Nuo pat vaikyst\u0117s ji svajojo ra\u0161yti istorijas, kurias skaitytojai pamilt\u0173, bet \u0161ios svajon\u0117s buvo nustumtos \u0161eimos ir karjeros r\u016bpes\u010di\u0173. Kai E. L. James pagaliau grieb\u0117si plunksnos, gim\u0117 pirmoji jos knyga \u201ePenkiasde\u0161imt pilk\u0173 atspalvi\u0173\u201c. Originalus pavadinimas:\u00a0Fifty Shades Freed Autorius:\u00a0E L James Leid\u0117jas:\u00a0Alma littera Metai:\u00a02013 Puslapiai:\u00a0600 ISBN:\u00a09786090111642 Versijos kodas:\u00a0PT. Formatas:\u00a025,3 x 14,3 cm, kieti vir\u0161eliai Kalba:\u00a0Lietuvi\u0173 Vert\u0117jas:\u00a0Jovita Liutkut\u0117 Knyg\u0173 serija:\u00a0Penkiasde\u0161imt pilk\u0173 atspalvi\u0173<\/p>\n","protected":false},"featured_media":13699,"comment_status":"open","ping_status":"closed","template":"","meta":{"_acf_changed":false,"site-sidebar-layout":"default","site-content-layout":"","ast-site-content-layout":"default","site-content-style":"default","site-sidebar-style":"default","ast-global-header-display":"","ast-banner-title-visibility":"","ast-main-header-display":"","ast-hfb-above-header-display":"","ast-hfb-below-header-display":"","ast-hfb-mobile-header-display":"","site-post-title":"","ast-breadcrumbs-content":"","ast-featured-img":"","footer-sml-layout":"","ast-disable-related-posts":"","theme-transparent-header-meta":"default","adv-header-id-meta":"","stick-header-meta":"","header-above-stick-meta":"","header-main-stick-meta":"","header-below-stick-meta":"","astra-migrate-meta-layouts":"set","ast-page-background-enabled":"default","ast-page-background-meta":{"desktop":{"background-color":"","background-image":"","background-repeat":"repeat","background-position":"center center","background-size":"auto","background-attachment":"scroll","background-type":"","background-media":"","overlay-type":"","overlay-color":"","overlay-opacity":"","overlay-gradient":""},"tablet":{"background-color":"","background-image":"","background-repeat":"repeat","background-position":"center center","background-size":"auto","background-attachment":"scroll","background-type":"","background-media":"","overlay-type":"","overlay-color":"","overlay-opacity":"","overlay-gradient":""},"mobile":{"background-color":"","background-image":"","background-repeat":"repeat","background-position":"center center","background-size":"auto","background-attachment":"scroll","background-type":"","background-media":"","overlay-type":"","overlay-color":"","overlay-opacity":"","overlay-gradient":""}},"ast-content-background-meta":{"desktop":{"background-color":"var(--ast-global-color-4)","background-image":"","background-repeat":"repeat","background-position":"center center","background-size":"auto","background-attachment":"scroll","background-type":"","background-media":"","overlay-type":"","overlay-color":"","overlay-opacity":"","overlay-gradient":""},"tablet":{"background-color":"var(--ast-global-color-4)","background-image":"","background-repeat":"repeat","background-position":"center center","background-size":"auto","background-attachment":"scroll","background-type":"","background-media":"","overlay-type":"","overlay-color":"","overlay-opacity":"","overlay-gradient":""},"mobile":{"background-color":"var(--ast-global-color-4)","background-image":"","background-repeat":"repeat","background-position":"center center","background-size":"auto","background-attachment":"scroll","background-type":"","background-media":"","overlay-type":"","overlay-color":"","overlay-opacity":"","overlay-gradient":""}}},"product_brand":[],"product_cat":[31,15],"product_tag":[],"class_list":{"0":"post-13674","1":"product","2":"type-product","3":"status-publish","4":"has-post-thumbnail","6":"product_cat-grozine-literatura","7":"product_cat-uncategorized","8":"desktop-align-left","9":"tablet-align-left","10":"mobile-align-left","12":"first","13":"instock","14":"shipping-taxable","15":"purchasable","16":"product-type-simple"},"acf":[],"yoast_head":"<!-- This site is optimized with the Yoast SEO plugin v27.0 - https:\/\/yoast.com\/product\/yoast-seo-wordpress\/ -->\n<title>Penkiasde\u0161imt i\u0161laisvint\u0173 atspalvi\u0173<\/title>\n<meta name=\"description\" content=\"Kai Anastasia Steel sutiko valding\u0105 jaun\u0105 verslinink\u0105 Kristian\u0105 Gr\u0117j\u0173, tarp j\u0173 \u012fsi\u017eieb\u0117 geidulingas romanas, kuris negr\u012f\u017etamai pakeit\u0117 abiej\u0173 gyvenimus.\" \/>\n<meta name=\"robots\" content=\"index, follow, max-snippet:-1, max-image-preview:large, max-video-preview:-1\" \/>\n<link rel=\"canonical\" href=\"https:\/\/skaitytaknyga.lt\/en\/produktas\/penkiasdesimt-islaisvintu-atspalviu\/\" \/>\n<meta property=\"og:locale\" content=\"en_GB\" \/>\n<meta property=\"og:locale:alternate\" content=\"lt_LT\" \/>\n<meta property=\"og:type\" content=\"article\" \/>\n<meta property=\"og:title\" content=\"Penkiasde\u0161imt i\u0161laisvint\u0173 atspalvi\u0173\" \/>\n<meta property=\"og:description\" content=\"Kai Anastasia Steel sutiko valding\u0105 jaun\u0105 verslinink\u0105 Kristian\u0105 Gr\u0117j\u0173, tarp j\u0173 \u012fsi\u017eieb\u0117 geidulingas romanas, kuris negr\u012f\u017etamai pakeit\u0117 abiej\u0173 gyvenimus.\" \/>\n<meta property=\"og:url\" content=\"https:\/\/skaitytaknyga.lt\/en\/produktas\/penkiasdesimt-islaisvintu-atspalviu\/\" \/>\n<meta property=\"og:site_name\" content=\"Skaitytaknyga\" \/>\n<meta property=\"article:publisher\" content=\"https:\/\/www.facebook.com\/skaitytaknyga\/\" \/>\n<meta property=\"article:modified_time\" content=\"2025-05-24T08:26:35+00:00\" \/>\n<meta property=\"og:image\" content=\"https:\/\/skaitytaknyga.lt\/wp-content\/uploads\/2024\/09\/Penkiasdesimt-islaisvintu-atspalviu.webp\" \/>\n\t<meta property=\"og:image:width\" content=\"458\" \/>\n\t<meta property=\"og:image:height\" content=\"750\" \/>\n\t<meta property=\"og:image:type\" content=\"image\/webp\" \/>\n<meta name=\"twitter:card\" content=\"summary_large_image\" \/>\n<meta name=\"twitter:label1\" content=\"Estimated reading time\" \/>\n\t<meta name=\"twitter:data1\" content=\"2 minutes\" \/>\n<script type=\"application\/ld+json\" class=\"yoast-schema-graph\">{\"@context\":\"https:\/\/schema.org\",\"@graph\":[{\"@type\":\"WebPage\",\"@id\":\"https:\/\/skaitytaknyga.lt\/produktas\/penkiasdesimt-islaisvintu-atspalviu\/\",\"url\":\"https:\/\/skaitytaknyga.lt\/produktas\/penkiasdesimt-islaisvintu-atspalviu\/\",\"name\":\"Penkiasde\u0161imt i\u0161laisvint\u0173 atspalvi\u0173\",\"isPartOf\":{\"@id\":\"https:\/\/skaitytaknyga.lt\/#website\"},\"primaryImageOfPage\":{\"@id\":\"https:\/\/skaitytaknyga.lt\/produktas\/penkiasdesimt-islaisvintu-atspalviu\/#primaryimage\"},\"image\":{\"@id\":\"https:\/\/skaitytaknyga.lt\/produktas\/penkiasdesimt-islaisvintu-atspalviu\/#primaryimage\"},\"thumbnailUrl\":\"https:\/\/skaitytaknyga.lt\/wp-content\/uploads\/2024\/09\/Penkiasdesimt-islaisvintu-atspalviu.webp\",\"datePublished\":\"2024-09-06T07:34:49+00:00\",\"dateModified\":\"2025-05-24T08:26:35+00:00\",\"description\":\"Kai Anastasia Steel sutiko valding\u0105 jaun\u0105 verslinink\u0105 Kristian\u0105 Gr\u0117j\u0173, tarp j\u0173 \u012fsi\u017eieb\u0117 geidulingas romanas, kuris negr\u012f\u017etamai pakeit\u0117 abiej\u0173 gyvenimus.\",\"breadcrumb\":{\"@id\":\"https:\/\/skaitytaknyga.lt\/produktas\/penkiasdesimt-islaisvintu-atspalviu\/#breadcrumb\"},\"inLanguage\":\"en-GB\",\"potentialAction\":[{\"@type\":\"ReadAction\",\"target\":[\"https:\/\/skaitytaknyga.lt\/produktas\/penkiasdesimt-islaisvintu-atspalviu\/\"]}]},{\"@type\":\"ImageObject\",\"inLanguage\":\"en-GB\",\"@id\":\"https:\/\/skaitytaknyga.lt\/produktas\/penkiasdesimt-islaisvintu-atspalviu\/#primaryimage\",\"url\":\"https:\/\/skaitytaknyga.lt\/wp-content\/uploads\/2024\/09\/Penkiasdesimt-islaisvintu-atspalviu.webp\",\"contentUrl\":\"https:\/\/skaitytaknyga.lt\/wp-content\/uploads\/2024\/09\/Penkiasdesimt-islaisvintu-atspalviu.webp\",\"width\":458,\"height\":750,\"caption\":\"Penkiasde\u0161imt i\u0161laisvint\u0173 atspalvi\u0173\"},{\"@type\":\"BreadcrumbList\",\"@id\":\"https:\/\/skaitytaknyga.lt\/produktas\/penkiasdesimt-islaisvintu-atspalviu\/#breadcrumb\",\"itemListElement\":[{\"@type\":\"ListItem\",\"position\":1,\"name\":\"Home\",\"item\":\"https:\/\/skaitytaknyga.lt\/\"},{\"@type\":\"ListItem\",\"position\":2,\"name\":\"Parduotuv\u0117\",\"item\":\"https:\/\/skaitytaknyga.lt\/knygu-parduotuve\/\"},{\"@type\":\"ListItem\",\"position\":3,\"name\":\"Penkiasde\u0161imt i\u0161laisvint\u0173 atspalvi\u0173\"}]},{\"@type\":\"WebSite\",\"@id\":\"https:\/\/skaitytaknyga.lt\/#website\",\"url\":\"https:\/\/skaitytaknyga.lt\/\",\"name\":\"skaitytaknyga.lt\",\"description\":\"Skaitytaknyga.lt \u2013 tai ma\u017eas \u0161eimos verslas, kuris prasid\u0117jo nuo meil\u0117s knygoms ir siekio i\u0161gelb\u0117ti knygas nuo likimo prie konteinerio. Kas vienam nereikalingas daiktas \u2013 kitam lobis, o mes esame tarpininkai, kurie padeda abiems tapti laimingesniems ???? \u017dinome kaip nelengva i\u0161gyventi ma\u017eiems verslams, tad nuo \u0161iol, \u010dia rasite ir kit\u0173, ma\u017e\u0173 \u0161eim\u0173 versl\u0173, rank\u0173 darbo, dovan\u0173 sau ir artimiesiems.\",\"publisher\":{\"@id\":\"https:\/\/skaitytaknyga.lt\/#organization\"},\"potentialAction\":[{\"@type\":\"SearchAction\",\"target\":{\"@type\":\"EntryPoint\",\"urlTemplate\":\"https:\/\/skaitytaknyga.lt\/?s={search_term_string}\"},\"query-input\":{\"@type\":\"PropertyValueSpecification\",\"valueRequired\":true,\"valueName\":\"search_term_string\"}}],\"inLanguage\":\"en-GB\"},{\"@type\":\"Organization\",\"@id\":\"https:\/\/skaitytaknyga.lt\/#organization\",\"name\":\"skaitytaknyga.lt\",\"url\":\"https:\/\/skaitytaknyga.lt\/\",\"logo\":{\"@type\":\"ImageObject\",\"inLanguage\":\"en-GB\",\"@id\":\"https:\/\/skaitytaknyga.lt\/#\/schema\/logo\/image\/\",\"url\":\"https:\/\/skaitytaknyga.lt\/wp-content\/uploads\/2024\/05\/cropped-cropped-cropped-02_00843_jt3bggkj1j3HLc7SyY6rEUpg.jpeg\",\"contentUrl\":\"https:\/\/skaitytaknyga.lt\/wp-content\/uploads\/2024\/05\/cropped-cropped-cropped-02_00843_jt3bggkj1j3HLc7SyY6rEUpg.jpeg\",\"width\":1600,\"height\":1600,\"caption\":\"skaitytaknyga.lt\"},\"image\":{\"@id\":\"https:\/\/skaitytaknyga.lt\/#\/schema\/logo\/image\/\"},\"sameAs\":[\"https:\/\/www.facebook.com\/skaitytaknyga\/\"]}]}<\/script>\n<!-- \/ Yoast SEO plugin. -->","yoast_head_json":{"title":"Penkiasde\u0161imt i\u0161laisvint\u0173 atspalvi\u0173","description":"Kai Anastasia Steel sutiko valding\u0105 jaun\u0105 verslinink\u0105 Kristian\u0105 Gr\u0117j\u0173, tarp j\u0173 \u012fsi\u017eieb\u0117 geidulingas romanas, kuris negr\u012f\u017etamai pakeit\u0117 abiej\u0173 gyvenimus.","robots":{"index":"index","follow":"follow","max-snippet":"max-snippet:-1","max-image-preview":"max-image-preview:large","max-video-preview":"max-video-preview:-1"},"canonical":"https:\/\/skaitytaknyga.lt\/en\/produktas\/penkiasdesimt-islaisvintu-atspalviu\/","og_locale":"en_GB","og_type":"article","og_title":"[:lt]Penkiasde\u0161imt i\u0161laisvint\u0173 atspalvi\u0173[:] - Skaitytaknyga","og_description":"Kai Anastasia Steel sutiko valding\u0105 jaun\u0105 verslinink\u0105 Kristian\u0105 Gr\u0117j\u0173, tarp j\u0173 \u012fsi\u017eieb\u0117 geidulingas romanas, kuris negr\u012f\u017etamai pakeit\u0117 abiej\u0173 gyvenimus.","og_url":"https:\/\/skaitytaknyga.lt\/en\/produktas\/penkiasdesimt-islaisvintu-atspalviu\/","og_site_name":"Skaitytaknyga","article_publisher":"https:\/\/www.facebook.com\/skaitytaknyga\/","article_modified_time":"2025-05-24T08:26:35+00:00","og_image":[{"width":458,"height":750,"url":"https:\/\/skaitytaknyga.lt\/wp-content\/uploads\/2024\/09\/Penkiasdesimt-islaisvintu-atspalviu.webp","type":"image\/webp"}],"twitter_card":"summary_large_image","twitter_misc":{"Estimated reading time":"2 minutes"},"schema":{"@context":"https:\/\/schema.org","@graph":[{"@type":"WebPage","@id":"https:\/\/skaitytaknyga.lt\/produktas\/penkiasdesimt-islaisvintu-atspalviu\/","url":"https:\/\/skaitytaknyga.lt\/produktas\/penkiasdesimt-islaisvintu-atspalviu\/","name":"Penkiasde\u0161imt i\u0161laisvint\u0173 atspalvi\u0173","isPartOf":{"@id":"https:\/\/skaitytaknyga.lt\/#website"},"primaryImageOfPage":{"@id":"https:\/\/skaitytaknyga.lt\/produktas\/penkiasdesimt-islaisvintu-atspalviu\/#primaryimage"},"image":{"@id":"https:\/\/skaitytaknyga.lt\/produktas\/penkiasdesimt-islaisvintu-atspalviu\/#primaryimage"},"thumbnailUrl":"https:\/\/skaitytaknyga.lt\/wp-content\/uploads\/2024\/09\/Penkiasdesimt-islaisvintu-atspalviu.webp","datePublished":"2024-09-06T07:34:49+00:00","dateModified":"2025-05-24T08:26:35+00:00","description":"Kai Anastasia Steel sutiko valding\u0105 jaun\u0105 verslinink\u0105 Kristian\u0105 Gr\u0117j\u0173, tarp j\u0173 \u012fsi\u017eieb\u0117 geidulingas romanas, kuris negr\u012f\u017etamai pakeit\u0117 abiej\u0173 gyvenimus.","breadcrumb":{"@id":"https:\/\/skaitytaknyga.lt\/produktas\/penkiasdesimt-islaisvintu-atspalviu\/#breadcrumb"},"inLanguage":"en-GB","potentialAction":[{"@type":"ReadAction","target":["https:\/\/skaitytaknyga.lt\/produktas\/penkiasdesimt-islaisvintu-atspalviu\/"]}]},{"@type":"ImageObject","inLanguage":"en-GB","@id":"https:\/\/skaitytaknyga.lt\/produktas\/penkiasdesimt-islaisvintu-atspalviu\/#primaryimage","url":"https:\/\/skaitytaknyga.lt\/wp-content\/uploads\/2024\/09\/Penkiasdesimt-islaisvintu-atspalviu.webp","contentUrl":"https:\/\/skaitytaknyga.lt\/wp-content\/uploads\/2024\/09\/Penkiasdesimt-islaisvintu-atspalviu.webp","width":458,"height":750,"caption":"Penkiasde\u0161imt i\u0161laisvint\u0173 atspalvi\u0173"},{"@type":"BreadcrumbList","@id":"https:\/\/skaitytaknyga.lt\/produktas\/penkiasdesimt-islaisvintu-atspalviu\/#breadcrumb","itemListElement":[{"@type":"ListItem","position":1,"name":"Home","item":"https:\/\/skaitytaknyga.lt\/"},{"@type":"ListItem","position":2,"name":"Parduotuv\u0117","item":"https:\/\/skaitytaknyga.lt\/knygu-parduotuve\/"},{"@type":"ListItem","position":3,"name":"Penkiasde\u0161imt i\u0161laisvint\u0173 atspalvi\u0173"}]},{"@type":"WebSite","@id":"https:\/\/skaitytaknyga.lt\/#website","url":"https:\/\/skaitytaknyga.lt\/","name":"skaitytaknyga.lt","description":"Skaitytaknyga.lt \u2013 tai ma\u017eas \u0161eimos verslas, kuris prasid\u0117jo nuo meil\u0117s knygoms ir siekio i\u0161gelb\u0117ti knygas nuo likimo prie konteinerio. Kas vienam nereikalingas daiktas \u2013 kitam lobis, o mes esame tarpininkai, kurie padeda abiems tapti laimingesniems ???? \u017dinome kaip nelengva i\u0161gyventi ma\u017eiems verslams, tad nuo \u0161iol, \u010dia rasite ir kit\u0173, ma\u017e\u0173 \u0161eim\u0173 versl\u0173, rank\u0173 darbo, dovan\u0173 sau ir artimiesiems.","publisher":{"@id":"https:\/\/skaitytaknyga.lt\/#organization"},"potentialAction":[{"@type":"SearchAction","target":{"@type":"EntryPoint","urlTemplate":"https:\/\/skaitytaknyga.lt\/?s={search_term_string}"},"query-input":{"@type":"PropertyValueSpecification","valueRequired":true,"valueName":"search_term_string"}}],"inLanguage":"en-GB"},{"@type":"Organization","@id":"https:\/\/skaitytaknyga.lt\/#organization","name":"skaitytaknyga.lt","url":"https:\/\/skaitytaknyga.lt\/","logo":{"@type":"ImageObject","inLanguage":"en-GB","@id":"https:\/\/skaitytaknyga.lt\/#\/schema\/logo\/image\/","url":"https:\/\/skaitytaknyga.lt\/wp-content\/uploads\/2024\/05\/cropped-cropped-cropped-02_00843_jt3bggkj1j3HLc7SyY6rEUpg.jpeg","contentUrl":"https:\/\/skaitytaknyga.lt\/wp-content\/uploads\/2024\/05\/cropped-cropped-cropped-02_00843_jt3bggkj1j3HLc7SyY6rEUpg.jpeg","width":1600,"height":1600,"caption":"skaitytaknyga.lt"},"image":{"@id":"https:\/\/skaitytaknyga.lt\/#\/schema\/logo\/image\/"},"sameAs":["https:\/\/www.facebook.com\/skaitytaknyga\/"]}]}},"_links":{"self":[{"href":"https:\/\/skaitytaknyga.lt\/en\/wp-json\/wp\/v2\/product\/13674","targetHints":{"allow":["GET"]}}],"collection":[{"href":"https:\/\/skaitytaknyga.lt\/en\/wp-json\/wp\/v2\/product"}],"about":[{"href":"https:\/\/skaitytaknyga.lt\/en\/wp-json\/wp\/v2\/types\/product"}],"replies":[{"embeddable":true,"href":"https:\/\/skaitytaknyga.lt\/en\/wp-json\/wp\/v2\/comments?post=13674"}],"wp:featuredmedia":[{"embeddable":true,"href":"https:\/\/skaitytaknyga.lt\/en\/wp-json\/wp\/v2\/media\/13699"}],"wp:attachment":[{"href":"https:\/\/skaitytaknyga.lt\/en\/wp-json\/wp\/v2\/media?parent=13674"}],"wp:term":[{"taxonomy":"product_brand","embeddable":true,"href":"https:\/\/skaitytaknyga.lt\/en\/wp-json\/wp\/v2\/product_brand?post=13674"},{"taxonomy":"product_cat","embeddable":true,"href":"https:\/\/skaitytaknyga.lt\/en\/wp-json\/wp\/v2\/product_cat?post=13674"},{"taxonomy":"product_tag","embeddable":true,"href":"https:\/\/skaitytaknyga.lt\/en\/wp-json\/wp\/v2\/product_tag?post=13674"}],"curies":[{"name":"wp","href":"https:\/\/api.w.org\/{rel}","templated":true}]}}