{"id":13673,"date":"2024-09-06T10:34:49","date_gmt":"2024-09-06T07:34:49","guid":{"rendered":"https:\/\/skaitytaknyga.lt\/?post_type=product&#038;p=13673"},"modified":"2024-09-09T08:42:06","modified_gmt":"2024-09-09T05:42:06","slug":"rajiv-parti-mirtis-tai-prabudimas","status":"publish","type":"product","link":"https:\/\/skaitytaknyga.lt\/en\/produktas\/rajiv-parti-mirtis-tai-prabudimas\/","title":{"rendered":"Rajiv Parti \u201eMirtis \u2013 tai prabudimas\u201c"},"content":{"rendered":"<p><em>Knygoje\u00a0<strong>\u201eMirtis \u2013 tai prabudimas\u201c<\/strong>\u00a0pasakojama apie b\u016bties transcendencij\u0105 ir \u017emogaus transformacij\u0105. Tai vienas i\u0161 labiausiai priblo\u0161kian\u010di\u0173 ir i\u0161samiausi\u0173 apymirtin\u0117s patirties liudijim\u0173 i\u0161 vis\u0173, kokius man teko gird\u0117ti beveik penkiasde\u0161imt met\u0173 tyrin\u0117jant \u0161\u012f rei\u0161kin\u012f.<\/em><\/p>\n<p>Dr. Raymond A. Moody<\/p>\n<p>Gydytojas anesteziologas Rajivas Parti grei\u010diausiai b\u016bt\u0173 buv\u0119s paskutinis \u017eem\u0117je \u017emogus, patik\u0117j\u0119s, jog egzistuoja dangus ar pragaras, jei vien\u0105 dien\u0105 pats ten neb\u016bt\u0173 pabuvoj\u0119s&#8230;<\/p>\n<p>Prie\u0161 savo anapusyb\u0117s patirt\u012f Rajivas buvo itin pasiturintis \u017emogus, besidid\u017eiuojantis savo socialine pad\u0117timi ir turtais \u2013 jo i\u0161taigingi, didesni nei 600 kv. m \u00a0namai primin\u0117 pil\u012f, o keturi\u0173 viet\u0173 gara\u017ee puikavosi tokie automobiliai, kaip por\u0161\u0117, mersedesai ir hameris. Akcij\u0173 bir\u017ea ir nuosava klinika jam leido m\u0117gautis \u0161ia prabanga.<\/p>\n<p>Ta\u010diau vien\u0105 dien\u0105 viskas apvirsta auk\u0161tyn kojomis. 2005 m. Rajivas suserga prostatos v\u0117\u017eiu, o a\u0161tuntos operacijos metu staiga atsiskiria nuo k\u016bno ir patiria did\u017eiausi\u0105 savo gyvenimo i\u0161bandym\u0105 \u2013 kelion\u0119 \u012f pomirtin\u012f pasaul\u012f! Ry\u0161ki \u0161viesa, ne\u012ftik\u0117tinos meil\u0117s persmelkta atmosfera, susitikimas ir susitaikymas su mirusiu t\u0117vu, o svarbiausia \u2013 arkangel\u0173 suteiktos \u017einios i\u0161 pagrind\u0173 pakeis vis\u0105 tolimesn\u012f Rajivo gyvenim\u0105.<\/p>\n<p>\u0160i stebinanti, medicininias faiktais paremta istorija ne tik paskatins \u012f mirt\u012f pa\u017evelgti kaip \u012f kitokios b\u016bties prad\u017ei\u0105, bet ir suteiks unikali\u0173 \u017eini\u0173 apie pomirtin\u012f pasaul\u012f, \u012fkv\u0117ps ie\u0161koti tikrojo pa\u0161aukimo, o svarbiausia \u2013 i\u0161mokys myl\u0117ti ir atleisti.<\/p>\n<ul class=\"about-product d-none d-xl-block mt-4\">\n<li><strong>Originalus pavadinimas:<\/strong>\u00a0Dying to Wake Up: A Doctor&#8217;s Voyage into the Afterlife and the Wisdom He Brought Back<\/li>\n<li><strong>Autorius:<\/strong>\u00a0Rajiv Parti<\/li>\n<li><strong>Leid\u0117jas:<\/strong>\u00a0Eugrimas<\/li>\n<li><strong>Metai:<\/strong>\u00a02018<\/li>\n<li><strong>Puslapiai:<\/strong>\u00a0272<\/li>\n<li><strong>ISBN:<\/strong>\u00a09786094373664<\/li>\n<li><strong>Versijos kodas:<\/strong>\u00a08<\/li>\n<li><strong>Formatas:<\/strong>\u00a015,2 x 22,2 x 2,7 cm, kieti vir\u0161eliai<\/li>\n<li><strong>Kalba:<\/strong>\u00a0Lietuvi\u0173<\/li>\n<li><strong>Vert\u0117jas:<\/strong>\u00a0Darius Kaunelis<\/li>\n<\/ul>\n","protected":false},"excerpt":{"rendered":"<p>Knygoje\u00a0\u201eMirtis \u2013 tai prabudimas\u201c\u00a0pasakojama apie b\u016bties transcendencij\u0105 ir \u017emogaus transformacij\u0105. Tai vienas i\u0161 labiausiai priblo\u0161kian\u010di\u0173 ir i\u0161samiausi\u0173 apymirtin\u0117s patirties liudijim\u0173 i\u0161 vis\u0173, kokius man teko gird\u0117ti beveik penkiasde\u0161imt met\u0173 tyrin\u0117jant \u0161\u012f rei\u0161kin\u012f. Dr. Raymond A. Moody Gydytojas anesteziologas Rajivas Parti grei\u010diausiai b\u016bt\u0173 buv\u0119s paskutinis \u017eem\u0117je \u017emogus, patik\u0117j\u0119s, jog egzistuoja dangus ar pragaras, jei vien\u0105 dien\u0105 pats ten neb\u016bt\u0173 pabuvoj\u0119s&#8230; Prie\u0161 savo anapusyb\u0117s patirt\u012f Rajivas buvo itin pasiturintis \u017emogus, besidid\u017eiuojantis savo socialine pad\u0117timi ir turtais \u2013 jo i\u0161taigingi, didesni nei 600 kv. m \u00a0namai primin\u0117 pil\u012f, o keturi\u0173 viet\u0173 gara\u017ee puikavosi tokie automobiliai, kaip por\u0161\u0117, mersedesai ir hameris. Akcij\u0173 bir\u017ea ir nuosava klinika jam leido m\u0117gautis \u0161ia prabanga. Ta\u010diau vien\u0105 dien\u0105 viskas apvirsta auk\u0161tyn kojomis. 2005 m. Rajivas suserga prostatos v\u0117\u017eiu, o a\u0161tuntos operacijos metu staiga atsiskiria nuo k\u016bno ir patiria did\u017eiausi\u0105 savo gyvenimo i\u0161bandym\u0105 \u2013 kelion\u0119 \u012f pomirtin\u012f pasaul\u012f! Ry\u0161ki \u0161viesa, ne\u012ftik\u0117tinos meil\u0117s persmelkta atmosfera, susitikimas ir susitaikymas su mirusiu t\u0117vu, o svarbiausia \u2013 arkangel\u0173 suteiktos \u017einios i\u0161 pagrind\u0173 pakeis vis\u0105 tolimesn\u012f Rajivo gyvenim\u0105. \u0160i stebinanti, medicininias faiktais paremta istorija ne tik paskatins \u012f mirt\u012f pa\u017evelgti kaip \u012f kitokios b\u016bties prad\u017ei\u0105, bet ir suteiks unikali\u0173 \u017eini\u0173 apie pomirtin\u012f pasaul\u012f, \u012fkv\u0117ps ie\u0161koti tikrojo pa\u0161aukimo, o svarbiausia \u2013 i\u0161mokys myl\u0117ti ir atleisti. Originalus pavadinimas:\u00a0Dying to Wake Up: A Doctor&#8217;s Voyage into the Afterlife and the Wisdom He Brought Back Autorius:\u00a0Rajiv Parti Leid\u0117jas:\u00a0Eugrimas Metai:\u00a02018 Puslapiai:\u00a0272 ISBN:\u00a09786094373664 Versijos kodas:\u00a08 Formatas:\u00a015,2 x 22,2 x 2,7 cm, kieti vir\u0161eliai Kalba:\u00a0Lietuvi\u0173 Vert\u0117jas:\u00a0Darius Kaunelis<\/p>\n","protected":false},"featured_media":13698,"comment_status":"open","ping_status":"closed","template":"","meta":{"_acf_changed":false,"site-sidebar-layout":"default","site-content-layout":"","ast-site-content-layout":"default","site-content-style":"default","site-sidebar-style":"default","ast-global-header-display":"","ast-banner-title-visibility":"","ast-main-header-display":"","ast-hfb-above-header-display":"","ast-hfb-below-header-display":"","ast-hfb-mobile-header-display":"","site-post-title":"","ast-breadcrumbs-content":"","ast-featured-img":"","footer-sml-layout":"","ast-disable-related-posts":"","theme-transparent-header-meta":"default","adv-header-id-meta":"","stick-header-meta":"","header-above-stick-meta":"","header-main-stick-meta":"","header-below-stick-meta":"","astra-migrate-meta-layouts":"set","ast-page-background-enabled":"default","ast-page-background-meta":{"desktop":{"background-color":"","background-image":"","background-repeat":"repeat","background-position":"center center","background-size":"auto","background-attachment":"scroll","background-type":"","background-media":"","overlay-type":"","overlay-color":"","overlay-opacity":"","overlay-gradient":""},"tablet":{"background-color":"","background-image":"","background-repeat":"repeat","background-position":"center center","background-size":"auto","background-attachment":"scroll","background-type":"","background-media":"","overlay-type":"","overlay-color":"","overlay-opacity":"","overlay-gradient":""},"mobile":{"background-color":"","background-image":"","background-repeat":"repeat","background-position":"center center","background-size":"auto","background-attachment":"scroll","background-type":"","background-media":"","overlay-type":"","overlay-color":"","overlay-opacity":"","overlay-gradient":""}},"ast-content-background-meta":{"desktop":{"background-color":"var(--ast-global-color-4)","background-image":"","background-repeat":"repeat","background-position":"center center","background-size":"auto","background-attachment":"scroll","background-type":"","background-media":"","overlay-type":"","overlay-color":"","overlay-opacity":"","overlay-gradient":""},"tablet":{"background-color":"var(--ast-global-color-4)","background-image":"","background-repeat":"repeat","background-position":"center center","background-size":"auto","background-attachment":"scroll","background-type":"","background-media":"","overlay-type":"","overlay-color":"","overlay-opacity":"","overlay-gradient":""},"mobile":{"background-color":"var(--ast-global-color-4)","background-image":"","background-repeat":"repeat","background-position":"center center","background-size":"auto","background-attachment":"scroll","background-type":"","background-media":"","overlay-type":"","overlay-color":"","overlay-opacity":"","overlay-gradient":""}}},"product_brand":[],"product_cat":[15,165],"product_tag":[],"class_list":{"0":"post-13673","1":"product","2":"type-product","3":"status-publish","4":"has-post-thumbnail","6":"product_cat-uncategorized","7":"product_cat-religija-filosofija-ir-ezoterika","8":"desktop-align-left","9":"tablet-align-left","10":"mobile-align-left","12":"first","13":"instock","14":"shipping-taxable","15":"purchasable","16":"product-type-simple"},"acf":[],"yoast_head":"<!-- This site is optimized with the Yoast SEO plugin v27.0 - https:\/\/yoast.com\/product\/yoast-seo-wordpress\/ -->\n<title>Rajiv Parti \u201eMirtis \u2013 tai prabudimas\u201c<\/title>\n<meta name=\"description\" content=\"Knygoje\u00a0\u201eMirtis \u2013 tai prabudimas\u201c\u00a0pasakojama apie b\u016bties transcendencij\u0105 ir \u017emogaus transformacij\u0105. Tai vienas i\u0161 labiausiai priblo\u0161kian\u010di\u0173 ir i\u0161samiausi\u0173\" \/>\n<meta name=\"robots\" content=\"index, follow, max-snippet:-1, max-image-preview:large, max-video-preview:-1\" \/>\n<link rel=\"canonical\" href=\"https:\/\/skaitytaknyga.lt\/en\/produktas\/rajiv-parti-mirtis-tai-prabudimas\/\" \/>\n<meta property=\"og:locale\" content=\"en_GB\" \/>\n<meta property=\"og:locale:alternate\" content=\"lt_LT\" \/>\n<meta property=\"og:type\" content=\"article\" \/>\n<meta property=\"og:title\" content=\"Rajiv Parti \u201eMirtis \u2013 tai prabudimas\u201c\" \/>\n<meta property=\"og:description\" content=\"Knygoje\u00a0\u201eMirtis \u2013 tai prabudimas\u201c\u00a0pasakojama apie b\u016bties transcendencij\u0105 ir \u017emogaus transformacij\u0105. Tai vienas i\u0161 labiausiai priblo\u0161kian\u010di\u0173 ir i\u0161samiausi\u0173\" \/>\n<meta property=\"og:url\" content=\"https:\/\/skaitytaknyga.lt\/en\/produktas\/rajiv-parti-mirtis-tai-prabudimas\/\" \/>\n<meta property=\"og:site_name\" content=\"Skaitytaknyga\" \/>\n<meta property=\"article:publisher\" content=\"https:\/\/www.facebook.com\/skaitytaknyga\/\" \/>\n<meta property=\"article:modified_time\" content=\"2024-09-09T05:42:06+00:00\" \/>\n<meta property=\"og:image\" content=\"https:\/\/skaitytaknyga.lt\/wp-content\/uploads\/2024\/09\/mirtis-tai-prabudimas.webp\" \/>\n\t<meta property=\"og:image:width\" content=\"524\" \/>\n\t<meta property=\"og:image:height\" content=\"800\" \/>\n\t<meta property=\"og:image:type\" content=\"image\/webp\" \/>\n<meta name=\"twitter:card\" content=\"summary_large_image\" \/>\n<meta name=\"twitter:label1\" content=\"Estimated reading time\" \/>\n\t<meta name=\"twitter:data1\" content=\"2 minutes\" \/>\n<script type=\"application\/ld+json\" class=\"yoast-schema-graph\">{\"@context\":\"https:\/\/schema.org\",\"@graph\":[{\"@type\":\"WebPage\",\"@id\":\"https:\/\/skaitytaknyga.lt\/produktas\/rajiv-parti-mirtis-tai-prabudimas\/\",\"url\":\"https:\/\/skaitytaknyga.lt\/produktas\/rajiv-parti-mirtis-tai-prabudimas\/\",\"name\":\"Rajiv Parti \u201eMirtis \u2013 tai prabudimas\u201c\",\"isPartOf\":{\"@id\":\"https:\/\/skaitytaknyga.lt\/#website\"},\"primaryImageOfPage\":{\"@id\":\"https:\/\/skaitytaknyga.lt\/produktas\/rajiv-parti-mirtis-tai-prabudimas\/#primaryimage\"},\"image\":{\"@id\":\"https:\/\/skaitytaknyga.lt\/produktas\/rajiv-parti-mirtis-tai-prabudimas\/#primaryimage\"},\"thumbnailUrl\":\"https:\/\/skaitytaknyga.lt\/wp-content\/uploads\/2024\/09\/mirtis-tai-prabudimas.webp\",\"datePublished\":\"2024-09-06T07:34:49+00:00\",\"dateModified\":\"2024-09-09T05:42:06+00:00\",\"description\":\"Knygoje\u00a0\u201eMirtis \u2013 tai prabudimas\u201c\u00a0pasakojama apie b\u016bties transcendencij\u0105 ir \u017emogaus transformacij\u0105. Tai vienas i\u0161 labiausiai priblo\u0161kian\u010di\u0173 ir i\u0161samiausi\u0173\",\"breadcrumb\":{\"@id\":\"https:\/\/skaitytaknyga.lt\/produktas\/rajiv-parti-mirtis-tai-prabudimas\/#breadcrumb\"},\"inLanguage\":\"en-GB\",\"potentialAction\":[{\"@type\":\"ReadAction\",\"target\":[\"https:\/\/skaitytaknyga.lt\/produktas\/rajiv-parti-mirtis-tai-prabudimas\/\"]}]},{\"@type\":\"ImageObject\",\"inLanguage\":\"en-GB\",\"@id\":\"https:\/\/skaitytaknyga.lt\/produktas\/rajiv-parti-mirtis-tai-prabudimas\/#primaryimage\",\"url\":\"https:\/\/skaitytaknyga.lt\/wp-content\/uploads\/2024\/09\/mirtis-tai-prabudimas.webp\",\"contentUrl\":\"https:\/\/skaitytaknyga.lt\/wp-content\/uploads\/2024\/09\/mirtis-tai-prabudimas.webp\",\"width\":524,\"height\":800,\"caption\":\"Rajiv Parti \u201eMirtis \u2013 tai prabudimas\u201c\"},{\"@type\":\"BreadcrumbList\",\"@id\":\"https:\/\/skaitytaknyga.lt\/produktas\/rajiv-parti-mirtis-tai-prabudimas\/#breadcrumb\",\"itemListElement\":[{\"@type\":\"ListItem\",\"position\":1,\"name\":\"Home\",\"item\":\"https:\/\/skaitytaknyga.lt\/\"},{\"@type\":\"ListItem\",\"position\":2,\"name\":\"Parduotuv\u0117\",\"item\":\"https:\/\/skaitytaknyga.lt\/knygu-parduotuve\/\"},{\"@type\":\"ListItem\",\"position\":3,\"name\":\"Rajiv Parti \u201eMirtis \u2013 tai prabudimas\u201c\"}]},{\"@type\":\"WebSite\",\"@id\":\"https:\/\/skaitytaknyga.lt\/#website\",\"url\":\"https:\/\/skaitytaknyga.lt\/\",\"name\":\"skaitytaknyga.lt\",\"description\":\"Skaitytaknyga.lt \u2013 tai ma\u017eas \u0161eimos verslas, kuris prasid\u0117jo nuo meil\u0117s knygoms ir siekio i\u0161gelb\u0117ti knygas nuo likimo prie konteinerio. Kas vienam nereikalingas daiktas \u2013 kitam lobis, o mes esame tarpininkai, kurie padeda abiems tapti laimingesniems ???? \u017dinome kaip nelengva i\u0161gyventi ma\u017eiems verslams, tad nuo \u0161iol, \u010dia rasite ir kit\u0173, ma\u017e\u0173 \u0161eim\u0173 versl\u0173, rank\u0173 darbo, dovan\u0173 sau ir artimiesiems.\",\"publisher\":{\"@id\":\"https:\/\/skaitytaknyga.lt\/#organization\"},\"potentialAction\":[{\"@type\":\"SearchAction\",\"target\":{\"@type\":\"EntryPoint\",\"urlTemplate\":\"https:\/\/skaitytaknyga.lt\/?s={search_term_string}\"},\"query-input\":{\"@type\":\"PropertyValueSpecification\",\"valueRequired\":true,\"valueName\":\"search_term_string\"}}],\"inLanguage\":\"en-GB\"},{\"@type\":\"Organization\",\"@id\":\"https:\/\/skaitytaknyga.lt\/#organization\",\"name\":\"skaitytaknyga.lt\",\"url\":\"https:\/\/skaitytaknyga.lt\/\",\"logo\":{\"@type\":\"ImageObject\",\"inLanguage\":\"en-GB\",\"@id\":\"https:\/\/skaitytaknyga.lt\/#\/schema\/logo\/image\/\",\"url\":\"https:\/\/skaitytaknyga.lt\/wp-content\/uploads\/2024\/05\/cropped-cropped-cropped-02_00843_jt3bggkj1j3HLc7SyY6rEUpg.jpeg\",\"contentUrl\":\"https:\/\/skaitytaknyga.lt\/wp-content\/uploads\/2024\/05\/cropped-cropped-cropped-02_00843_jt3bggkj1j3HLc7SyY6rEUpg.jpeg\",\"width\":1600,\"height\":1600,\"caption\":\"skaitytaknyga.lt\"},\"image\":{\"@id\":\"https:\/\/skaitytaknyga.lt\/#\/schema\/logo\/image\/\"},\"sameAs\":[\"https:\/\/www.facebook.com\/skaitytaknyga\/\"]}]}<\/script>\n<!-- \/ Yoast SEO plugin. -->","yoast_head_json":{"title":"Rajiv Parti \u201eMirtis \u2013 tai prabudimas\u201c","description":"Knygoje\u00a0\u201eMirtis \u2013 tai prabudimas\u201c\u00a0pasakojama apie b\u016bties transcendencij\u0105 ir \u017emogaus transformacij\u0105. Tai vienas i\u0161 labiausiai priblo\u0161kian\u010di\u0173 ir i\u0161samiausi\u0173","robots":{"index":"index","follow":"follow","max-snippet":"max-snippet:-1","max-image-preview":"max-image-preview:large","max-video-preview":"max-video-preview:-1"},"canonical":"https:\/\/skaitytaknyga.lt\/en\/produktas\/rajiv-parti-mirtis-tai-prabudimas\/","og_locale":"en_GB","og_type":"article","og_title":"[:lt]Rajiv Parti \u201eMirtis \u2013 tai prabudimas\u201c[:] - Skaitytaknyga","og_description":"Knygoje\u00a0\u201eMirtis \u2013 tai prabudimas\u201c\u00a0pasakojama apie b\u016bties transcendencij\u0105 ir \u017emogaus transformacij\u0105. Tai vienas i\u0161 labiausiai priblo\u0161kian\u010di\u0173 ir i\u0161samiausi\u0173","og_url":"https:\/\/skaitytaknyga.lt\/en\/produktas\/rajiv-parti-mirtis-tai-prabudimas\/","og_site_name":"Skaitytaknyga","article_publisher":"https:\/\/www.facebook.com\/skaitytaknyga\/","article_modified_time":"2024-09-09T05:42:06+00:00","og_image":[{"width":524,"height":800,"url":"https:\/\/skaitytaknyga.lt\/wp-content\/uploads\/2024\/09\/mirtis-tai-prabudimas.webp","type":"image\/webp"}],"twitter_card":"summary_large_image","twitter_misc":{"Estimated reading time":"2 minutes"},"schema":{"@context":"https:\/\/schema.org","@graph":[{"@type":"WebPage","@id":"https:\/\/skaitytaknyga.lt\/produktas\/rajiv-parti-mirtis-tai-prabudimas\/","url":"https:\/\/skaitytaknyga.lt\/produktas\/rajiv-parti-mirtis-tai-prabudimas\/","name":"Rajiv Parti \u201eMirtis \u2013 tai prabudimas\u201c","isPartOf":{"@id":"https:\/\/skaitytaknyga.lt\/#website"},"primaryImageOfPage":{"@id":"https:\/\/skaitytaknyga.lt\/produktas\/rajiv-parti-mirtis-tai-prabudimas\/#primaryimage"},"image":{"@id":"https:\/\/skaitytaknyga.lt\/produktas\/rajiv-parti-mirtis-tai-prabudimas\/#primaryimage"},"thumbnailUrl":"https:\/\/skaitytaknyga.lt\/wp-content\/uploads\/2024\/09\/mirtis-tai-prabudimas.webp","datePublished":"2024-09-06T07:34:49+00:00","dateModified":"2024-09-09T05:42:06+00:00","description":"Knygoje\u00a0\u201eMirtis \u2013 tai prabudimas\u201c\u00a0pasakojama apie b\u016bties transcendencij\u0105 ir \u017emogaus transformacij\u0105. Tai vienas i\u0161 labiausiai priblo\u0161kian\u010di\u0173 ir i\u0161samiausi\u0173","breadcrumb":{"@id":"https:\/\/skaitytaknyga.lt\/produktas\/rajiv-parti-mirtis-tai-prabudimas\/#breadcrumb"},"inLanguage":"en-GB","potentialAction":[{"@type":"ReadAction","target":["https:\/\/skaitytaknyga.lt\/produktas\/rajiv-parti-mirtis-tai-prabudimas\/"]}]},{"@type":"ImageObject","inLanguage":"en-GB","@id":"https:\/\/skaitytaknyga.lt\/produktas\/rajiv-parti-mirtis-tai-prabudimas\/#primaryimage","url":"https:\/\/skaitytaknyga.lt\/wp-content\/uploads\/2024\/09\/mirtis-tai-prabudimas.webp","contentUrl":"https:\/\/skaitytaknyga.lt\/wp-content\/uploads\/2024\/09\/mirtis-tai-prabudimas.webp","width":524,"height":800,"caption":"Rajiv Parti \u201eMirtis \u2013 tai prabudimas\u201c"},{"@type":"BreadcrumbList","@id":"https:\/\/skaitytaknyga.lt\/produktas\/rajiv-parti-mirtis-tai-prabudimas\/#breadcrumb","itemListElement":[{"@type":"ListItem","position":1,"name":"Home","item":"https:\/\/skaitytaknyga.lt\/"},{"@type":"ListItem","position":2,"name":"Parduotuv\u0117","item":"https:\/\/skaitytaknyga.lt\/knygu-parduotuve\/"},{"@type":"ListItem","position":3,"name":"Rajiv Parti \u201eMirtis \u2013 tai prabudimas\u201c"}]},{"@type":"WebSite","@id":"https:\/\/skaitytaknyga.lt\/#website","url":"https:\/\/skaitytaknyga.lt\/","name":"skaitytaknyga.lt","description":"Skaitytaknyga.lt \u2013 tai ma\u017eas \u0161eimos verslas, kuris prasid\u0117jo nuo meil\u0117s knygoms ir siekio i\u0161gelb\u0117ti knygas nuo likimo prie konteinerio. Kas vienam nereikalingas daiktas \u2013 kitam lobis, o mes esame tarpininkai, kurie padeda abiems tapti laimingesniems ???? \u017dinome kaip nelengva i\u0161gyventi ma\u017eiems verslams, tad nuo \u0161iol, \u010dia rasite ir kit\u0173, ma\u017e\u0173 \u0161eim\u0173 versl\u0173, rank\u0173 darbo, dovan\u0173 sau ir artimiesiems.","publisher":{"@id":"https:\/\/skaitytaknyga.lt\/#organization"},"potentialAction":[{"@type":"SearchAction","target":{"@type":"EntryPoint","urlTemplate":"https:\/\/skaitytaknyga.lt\/?s={search_term_string}"},"query-input":{"@type":"PropertyValueSpecification","valueRequired":true,"valueName":"search_term_string"}}],"inLanguage":"en-GB"},{"@type":"Organization","@id":"https:\/\/skaitytaknyga.lt\/#organization","name":"skaitytaknyga.lt","url":"https:\/\/skaitytaknyga.lt\/","logo":{"@type":"ImageObject","inLanguage":"en-GB","@id":"https:\/\/skaitytaknyga.lt\/#\/schema\/logo\/image\/","url":"https:\/\/skaitytaknyga.lt\/wp-content\/uploads\/2024\/05\/cropped-cropped-cropped-02_00843_jt3bggkj1j3HLc7SyY6rEUpg.jpeg","contentUrl":"https:\/\/skaitytaknyga.lt\/wp-content\/uploads\/2024\/05\/cropped-cropped-cropped-02_00843_jt3bggkj1j3HLc7SyY6rEUpg.jpeg","width":1600,"height":1600,"caption":"skaitytaknyga.lt"},"image":{"@id":"https:\/\/skaitytaknyga.lt\/#\/schema\/logo\/image\/"},"sameAs":["https:\/\/www.facebook.com\/skaitytaknyga\/"]}]}},"_links":{"self":[{"href":"https:\/\/skaitytaknyga.lt\/en\/wp-json\/wp\/v2\/product\/13673","targetHints":{"allow":["GET"]}}],"collection":[{"href":"https:\/\/skaitytaknyga.lt\/en\/wp-json\/wp\/v2\/product"}],"about":[{"href":"https:\/\/skaitytaknyga.lt\/en\/wp-json\/wp\/v2\/types\/product"}],"replies":[{"embeddable":true,"href":"https:\/\/skaitytaknyga.lt\/en\/wp-json\/wp\/v2\/comments?post=13673"}],"wp:featuredmedia":[{"embeddable":true,"href":"https:\/\/skaitytaknyga.lt\/en\/wp-json\/wp\/v2\/media\/13698"}],"wp:attachment":[{"href":"https:\/\/skaitytaknyga.lt\/en\/wp-json\/wp\/v2\/media?parent=13673"}],"wp:term":[{"taxonomy":"product_brand","embeddable":true,"href":"https:\/\/skaitytaknyga.lt\/en\/wp-json\/wp\/v2\/product_brand?post=13673"},{"taxonomy":"product_cat","embeddable":true,"href":"https:\/\/skaitytaknyga.lt\/en\/wp-json\/wp\/v2\/product_cat?post=13673"},{"taxonomy":"product_tag","embeddable":true,"href":"https:\/\/skaitytaknyga.lt\/en\/wp-json\/wp\/v2\/product_tag?post=13673"}],"curies":[{"name":"wp","href":"https:\/\/api.w.org\/{rel}","templated":true}]}}