{"id":13663,"date":"2024-09-06T08:03:09","date_gmt":"2024-09-06T05:03:09","guid":{"rendered":"https:\/\/skaitytaknyga.lt\/?post_type=product&#038;p=13663"},"modified":"2024-09-17T22:16:28","modified_gmt":"2024-09-17T19:16:28","slug":"asmenybe-ir-sveikata","status":"publish","type":"product","link":"https:\/\/skaitytaknyga.lt\/en\/produktas\/asmenybe-ir-sveikata\/","title":{"rendered":"Vyd\u016bnas \u201eAsmenyb\u0117 ir sveikata\u201c"},"content":{"rendered":"<p>Ne kiekviena tauta gali pasigirti turinti tok\u012f m\u0105stytoj\u0105 kaip Vyd\u016bnas. Vadinamas rei\u0161kiniu, tautos s\u0105moningumo puosel\u0117toju, dvasiniu guru ir prilyginamas tokiems minties gali\u016bnams kaip Sokratas, Tagor\u0117 ar Gandis, Vyd\u016bnas visuomet \u017emon\u0117ms dar\u0117 i\u0161skirtinai teigiam\u0105 ir stipr\u0173 \u012fsp\u016bd\u012f.<\/p>\n<p>Knygoje, sudarytoje i\u0161 1903\u20131952 m. ra\u0161yt\u0173 publicistini\u0173 straipsni\u0173, Vyd\u016bnas pabr\u0117\u017eia \u017emogaus s\u0105moningumo ry\u0161\u012f su sveikata, daug d\u0117mesio skiria asmenyb\u0117s laisv\u0117s ir vidin\u0117s darnos svarbai. Publikuojami Vyd\u016bno lai\u0161kai papildo jo filosofin\u012f po\u017ei\u016br\u012f, pagal kur\u012f pats gyveno ir \u017eav\u0117jo am\u017eininkus savo dvasios gro\u017eiu. Vyd\u016bno filosofija pralenk\u0117 jo gyvenam\u0105j\u012f laik\u0105, ta\u010diau materialiame, beproti\u0161ko tempo XXI a. pasaulyje jo mintys yra i\u0161 naujo atrastas dvasin\u0117s stipryb\u0117s \u0161altinis.<\/p>\n<ul class=\"about-product d-none d-xl-block mt-4\">\n<li><strong>Autorius:<\/strong>\u00a0Vyd\u016bnas<\/li>\n<li><strong>Leid\u0117jas:<\/strong>\u00a0Obuolys<\/li>\n<li><strong>Metai:<\/strong>\u00a02018<\/li>\n<li><strong>Puslapiai:<\/strong>\u00a0256<\/li>\n<li><strong>ISBN:<\/strong>\u00a09786090404423<\/li>\n<li><strong>Versijos kodas:<\/strong>\u00a0PT.<\/li>\n<li><strong>Formatas:<\/strong>\u00a015 x 20 x 2,1 cm, kieti vir\u0161eliai<\/li>\n<li><strong>Kalba:<\/strong>\u00a0Lietuvi\u0173<\/li>\n<\/ul>\n","protected":false},"excerpt":{"rendered":"<p>Ne kiekviena tauta gali pasigirti turinti tok\u012f m\u0105stytoj\u0105 kaip Vyd\u016bnas. Vadinamas rei\u0161kiniu, tautos s\u0105moningumo puosel\u0117toju, dvasiniu guru ir prilyginamas tokiems minties gali\u016bnams kaip Sokratas, Tagor\u0117 ar Gandis, Vyd\u016bnas visuomet \u017emon\u0117ms dar\u0117 i\u0161skirtinai teigiam\u0105 ir stipr\u0173 \u012fsp\u016bd\u012f. Knygoje, sudarytoje i\u0161 1903\u20131952 m. ra\u0161yt\u0173 publicistini\u0173 straipsni\u0173, Vyd\u016bnas pabr\u0117\u017eia \u017emogaus s\u0105moningumo ry\u0161\u012f su sveikata, daug d\u0117mesio skiria asmenyb\u0117s laisv\u0117s ir vidin\u0117s darnos svarbai. Publikuojami Vyd\u016bno lai\u0161kai papildo jo filosofin\u012f po\u017ei\u016br\u012f, pagal kur\u012f pats gyveno ir \u017eav\u0117jo am\u017eininkus savo dvasios gro\u017eiu. Vyd\u016bno filosofija pralenk\u0117 jo gyvenam\u0105j\u012f laik\u0105, ta\u010diau materialiame, beproti\u0161ko tempo XXI a. pasaulyje jo mintys yra i\u0161 naujo atrastas dvasin\u0117s stipryb\u0117s \u0161altinis. Autorius:\u00a0Vyd\u016bnas Leid\u0117jas:\u00a0Obuolys Metai:\u00a02018 Puslapiai:\u00a0256 ISBN:\u00a09786090404423 Versijos kodas:\u00a0PT. Formatas:\u00a015 x 20 x 2,1 cm, kieti vir\u0161eliai Kalba:\u00a0Lietuvi\u0173<\/p>\n","protected":false},"featured_media":13696,"comment_status":"open","ping_status":"closed","template":"","meta":{"_acf_changed":false,"site-sidebar-layout":"default","site-content-layout":"","ast-site-content-layout":"default","site-content-style":"default","site-sidebar-style":"default","ast-global-header-display":"","ast-banner-title-visibility":"","ast-main-header-display":"","ast-hfb-above-header-display":"","ast-hfb-below-header-display":"","ast-hfb-mobile-header-display":"","site-post-title":"","ast-breadcrumbs-content":"","ast-featured-img":"","footer-sml-layout":"","ast-disable-related-posts":"","theme-transparent-header-meta":"default","adv-header-id-meta":"","stick-header-meta":"","header-above-stick-meta":"","header-main-stick-meta":"","header-below-stick-meta":"","astra-migrate-meta-layouts":"set","ast-page-background-enabled":"default","ast-page-background-meta":{"desktop":{"background-color":"","background-image":"","background-repeat":"repeat","background-position":"center center","background-size":"auto","background-attachment":"scroll","background-type":"","background-media":"","overlay-type":"","overlay-color":"","overlay-opacity":"","overlay-gradient":""},"tablet":{"background-color":"","background-image":"","background-repeat":"repeat","background-position":"center center","background-size":"auto","background-attachment":"scroll","background-type":"","background-media":"","overlay-type":"","overlay-color":"","overlay-opacity":"","overlay-gradient":""},"mobile":{"background-color":"","background-image":"","background-repeat":"repeat","background-position":"center center","background-size":"auto","background-attachment":"scroll","background-type":"","background-media":"","overlay-type":"","overlay-color":"","overlay-opacity":"","overlay-gradient":""}},"ast-content-background-meta":{"desktop":{"background-color":"var(--ast-global-color-4)","background-image":"","background-repeat":"repeat","background-position":"center center","background-size":"auto","background-attachment":"scroll","background-type":"","background-media":"","overlay-type":"","overlay-color":"","overlay-opacity":"","overlay-gradient":""},"tablet":{"background-color":"var(--ast-global-color-4)","background-image":"","background-repeat":"repeat","background-position":"center center","background-size":"auto","background-attachment":"scroll","background-type":"","background-media":"","overlay-type":"","overlay-color":"","overlay-opacity":"","overlay-gradient":""},"mobile":{"background-color":"var(--ast-global-color-4)","background-image":"","background-repeat":"repeat","background-position":"center center","background-size":"auto","background-attachment":"scroll","background-type":"","background-media":"","overlay-type":"","overlay-color":"","overlay-opacity":"","overlay-gradient":""}}},"product_brand":[],"product_cat":[174,15],"product_tag":[],"class_list":{"0":"post-13663","1":"product","2":"type-product","3":"status-publish","4":"has-post-thumbnail","6":"product_cat-istorija-ir-politologija","7":"product_cat-uncategorized","8":"desktop-align-left","9":"tablet-align-left","10":"mobile-align-left","12":"first","13":"outofstock","14":"shipping-taxable","15":"purchasable","16":"product-type-simple"},"acf":[],"yoast_head":"<!-- This site is optimized with the Yoast SEO plugin v27.0 - https:\/\/yoast.com\/product\/yoast-seo-wordpress\/ -->\n<title>Vyd\u016bnas \u201eAsmenyb\u0117 ir sveikata\u201c<\/title>\n<meta name=\"description\" content=\"Ne kiekviena tauta gali pasigirti turinti tok\u012f m\u0105stytoj\u0105 kaip Vyd\u016bnas. Vadinamas rei\u0161kiniu, tautos s\u0105moningumo puosel\u0117toju, dvasiniu guru ir prilyginamas\" \/>\n<meta name=\"robots\" content=\"index, follow, max-snippet:-1, max-image-preview:large, max-video-preview:-1\" \/>\n<link rel=\"canonical\" href=\"https:\/\/skaitytaknyga.lt\/en\/produktas\/asmenybe-ir-sveikata\/\" \/>\n<meta property=\"og:locale\" content=\"en_GB\" \/>\n<meta property=\"og:locale:alternate\" content=\"lt_LT\" \/>\n<meta property=\"og:type\" content=\"article\" \/>\n<meta property=\"og:title\" content=\"Vyd\u016bnas \u201eAsmenyb\u0117 ir sveikata\u201c\" \/>\n<meta property=\"og:description\" content=\"Ne kiekviena tauta gali pasigirti turinti tok\u012f m\u0105stytoj\u0105 kaip Vyd\u016bnas. Vadinamas rei\u0161kiniu, tautos s\u0105moningumo puosel\u0117toju, dvasiniu guru ir prilyginamas\" \/>\n<meta property=\"og:url\" content=\"https:\/\/skaitytaknyga.lt\/en\/produktas\/asmenybe-ir-sveikata\/\" \/>\n<meta property=\"og:site_name\" content=\"Skaitytaknyga\" \/>\n<meta property=\"article:publisher\" content=\"https:\/\/www.facebook.com\/skaitytaknyga\/\" \/>\n<meta property=\"article:modified_time\" content=\"2024-09-17T19:16:28+00:00\" \/>\n<meta property=\"og:image\" content=\"https:\/\/skaitytaknyga.lt\/wp-content\/uploads\/2024\/09\/Asmenybe-ir-sveikata.webp\" \/>\n\t<meta property=\"og:image:width\" content=\"537\" \/>\n\t<meta property=\"og:image:height\" content=\"800\" \/>\n\t<meta property=\"og:image:type\" content=\"image\/webp\" \/>\n<meta name=\"twitter:card\" content=\"summary_large_image\" \/>\n<meta name=\"twitter:label1\" content=\"Estimated reading time\" \/>\n\t<meta name=\"twitter:data1\" content=\"1 minute\" \/>\n<script type=\"application\/ld+json\" class=\"yoast-schema-graph\">{\"@context\":\"https:\/\/schema.org\",\"@graph\":[{\"@type\":\"WebPage\",\"@id\":\"https:\/\/skaitytaknyga.lt\/produktas\/asmenybe-ir-sveikata\/\",\"url\":\"https:\/\/skaitytaknyga.lt\/produktas\/asmenybe-ir-sveikata\/\",\"name\":\"Vyd\u016bnas \u201eAsmenyb\u0117 ir sveikata\u201c\",\"isPartOf\":{\"@id\":\"https:\/\/skaitytaknyga.lt\/#website\"},\"primaryImageOfPage\":{\"@id\":\"https:\/\/skaitytaknyga.lt\/produktas\/asmenybe-ir-sveikata\/#primaryimage\"},\"image\":{\"@id\":\"https:\/\/skaitytaknyga.lt\/produktas\/asmenybe-ir-sveikata\/#primaryimage\"},\"thumbnailUrl\":\"https:\/\/skaitytaknyga.lt\/wp-content\/uploads\/2024\/09\/Asmenybe-ir-sveikata.webp\",\"datePublished\":\"2024-09-06T05:03:09+00:00\",\"dateModified\":\"2024-09-17T19:16:28+00:00\",\"description\":\"Ne kiekviena tauta gali pasigirti turinti tok\u012f m\u0105stytoj\u0105 kaip Vyd\u016bnas. Vadinamas rei\u0161kiniu, tautos s\u0105moningumo puosel\u0117toju, dvasiniu guru ir prilyginamas\",\"breadcrumb\":{\"@id\":\"https:\/\/skaitytaknyga.lt\/produktas\/asmenybe-ir-sveikata\/#breadcrumb\"},\"inLanguage\":\"en-GB\",\"potentialAction\":[{\"@type\":\"ReadAction\",\"target\":[\"https:\/\/skaitytaknyga.lt\/produktas\/asmenybe-ir-sveikata\/\"]}]},{\"@type\":\"ImageObject\",\"inLanguage\":\"en-GB\",\"@id\":\"https:\/\/skaitytaknyga.lt\/produktas\/asmenybe-ir-sveikata\/#primaryimage\",\"url\":\"https:\/\/skaitytaknyga.lt\/wp-content\/uploads\/2024\/09\/Asmenybe-ir-sveikata.webp\",\"contentUrl\":\"https:\/\/skaitytaknyga.lt\/wp-content\/uploads\/2024\/09\/Asmenybe-ir-sveikata.webp\",\"width\":537,\"height\":800,\"caption\":\"Asmenyb\u0117 ir sveikata\"},{\"@type\":\"BreadcrumbList\",\"@id\":\"https:\/\/skaitytaknyga.lt\/produktas\/asmenybe-ir-sveikata\/#breadcrumb\",\"itemListElement\":[{\"@type\":\"ListItem\",\"position\":1,\"name\":\"Home\",\"item\":\"https:\/\/skaitytaknyga.lt\/\"},{\"@type\":\"ListItem\",\"position\":2,\"name\":\"Parduotuv\u0117\",\"item\":\"https:\/\/skaitytaknyga.lt\/knygu-parduotuve\/\"},{\"@type\":\"ListItem\",\"position\":3,\"name\":\"Vyd\u016bnas \u201eAsmenyb\u0117 ir sveikata\u201c\"}]},{\"@type\":\"WebSite\",\"@id\":\"https:\/\/skaitytaknyga.lt\/#website\",\"url\":\"https:\/\/skaitytaknyga.lt\/\",\"name\":\"skaitytaknyga.lt\",\"description\":\"Skaitytaknyga.lt \u2013 tai ma\u017eas \u0161eimos verslas, kuris prasid\u0117jo nuo meil\u0117s knygoms ir siekio i\u0161gelb\u0117ti knygas nuo likimo prie konteinerio. Kas vienam nereikalingas daiktas \u2013 kitam lobis, o mes esame tarpininkai, kurie padeda abiems tapti laimingesniems ???? \u017dinome kaip nelengva i\u0161gyventi ma\u017eiems verslams, tad nuo \u0161iol, \u010dia rasite ir kit\u0173, ma\u017e\u0173 \u0161eim\u0173 versl\u0173, rank\u0173 darbo, dovan\u0173 sau ir artimiesiems.\",\"publisher\":{\"@id\":\"https:\/\/skaitytaknyga.lt\/#organization\"},\"potentialAction\":[{\"@type\":\"SearchAction\",\"target\":{\"@type\":\"EntryPoint\",\"urlTemplate\":\"https:\/\/skaitytaknyga.lt\/?s={search_term_string}\"},\"query-input\":{\"@type\":\"PropertyValueSpecification\",\"valueRequired\":true,\"valueName\":\"search_term_string\"}}],\"inLanguage\":\"en-GB\"},{\"@type\":\"Organization\",\"@id\":\"https:\/\/skaitytaknyga.lt\/#organization\",\"name\":\"skaitytaknyga.lt\",\"url\":\"https:\/\/skaitytaknyga.lt\/\",\"logo\":{\"@type\":\"ImageObject\",\"inLanguage\":\"en-GB\",\"@id\":\"https:\/\/skaitytaknyga.lt\/#\/schema\/logo\/image\/\",\"url\":\"https:\/\/skaitytaknyga.lt\/wp-content\/uploads\/2024\/05\/cropped-cropped-cropped-02_00843_jt3bggkj1j3HLc7SyY6rEUpg.jpeg\",\"contentUrl\":\"https:\/\/skaitytaknyga.lt\/wp-content\/uploads\/2024\/05\/cropped-cropped-cropped-02_00843_jt3bggkj1j3HLc7SyY6rEUpg.jpeg\",\"width\":1600,\"height\":1600,\"caption\":\"skaitytaknyga.lt\"},\"image\":{\"@id\":\"https:\/\/skaitytaknyga.lt\/#\/schema\/logo\/image\/\"},\"sameAs\":[\"https:\/\/www.facebook.com\/skaitytaknyga\/\"]}]}<\/script>\n<!-- \/ Yoast SEO plugin. -->","yoast_head_json":{"title":"Vyd\u016bnas \u201eAsmenyb\u0117 ir sveikata\u201c","description":"Ne kiekviena tauta gali pasigirti turinti tok\u012f m\u0105stytoj\u0105 kaip Vyd\u016bnas. Vadinamas rei\u0161kiniu, tautos s\u0105moningumo puosel\u0117toju, dvasiniu guru ir prilyginamas","robots":{"index":"index","follow":"follow","max-snippet":"max-snippet:-1","max-image-preview":"max-image-preview:large","max-video-preview":"max-video-preview:-1"},"canonical":"https:\/\/skaitytaknyga.lt\/en\/produktas\/asmenybe-ir-sveikata\/","og_locale":"en_GB","og_type":"article","og_title":"[:lt]Vyd\u016bnas \u201eAsmenyb\u0117 ir sveikata\u201c[:] - Skaitytaknyga","og_description":"Ne kiekviena tauta gali pasigirti turinti tok\u012f m\u0105stytoj\u0105 kaip Vyd\u016bnas. Vadinamas rei\u0161kiniu, tautos s\u0105moningumo puosel\u0117toju, dvasiniu guru ir prilyginamas","og_url":"https:\/\/skaitytaknyga.lt\/en\/produktas\/asmenybe-ir-sveikata\/","og_site_name":"Skaitytaknyga","article_publisher":"https:\/\/www.facebook.com\/skaitytaknyga\/","article_modified_time":"2024-09-17T19:16:28+00:00","og_image":[{"width":537,"height":800,"url":"https:\/\/skaitytaknyga.lt\/wp-content\/uploads\/2024\/09\/Asmenybe-ir-sveikata.webp","type":"image\/webp"}],"twitter_card":"summary_large_image","twitter_misc":{"Estimated reading time":"1 minute"},"schema":{"@context":"https:\/\/schema.org","@graph":[{"@type":"WebPage","@id":"https:\/\/skaitytaknyga.lt\/produktas\/asmenybe-ir-sveikata\/","url":"https:\/\/skaitytaknyga.lt\/produktas\/asmenybe-ir-sveikata\/","name":"Vyd\u016bnas \u201eAsmenyb\u0117 ir sveikata\u201c","isPartOf":{"@id":"https:\/\/skaitytaknyga.lt\/#website"},"primaryImageOfPage":{"@id":"https:\/\/skaitytaknyga.lt\/produktas\/asmenybe-ir-sveikata\/#primaryimage"},"image":{"@id":"https:\/\/skaitytaknyga.lt\/produktas\/asmenybe-ir-sveikata\/#primaryimage"},"thumbnailUrl":"https:\/\/skaitytaknyga.lt\/wp-content\/uploads\/2024\/09\/Asmenybe-ir-sveikata.webp","datePublished":"2024-09-06T05:03:09+00:00","dateModified":"2024-09-17T19:16:28+00:00","description":"Ne kiekviena tauta gali pasigirti turinti tok\u012f m\u0105stytoj\u0105 kaip Vyd\u016bnas. Vadinamas rei\u0161kiniu, tautos s\u0105moningumo puosel\u0117toju, dvasiniu guru ir prilyginamas","breadcrumb":{"@id":"https:\/\/skaitytaknyga.lt\/produktas\/asmenybe-ir-sveikata\/#breadcrumb"},"inLanguage":"en-GB","potentialAction":[{"@type":"ReadAction","target":["https:\/\/skaitytaknyga.lt\/produktas\/asmenybe-ir-sveikata\/"]}]},{"@type":"ImageObject","inLanguage":"en-GB","@id":"https:\/\/skaitytaknyga.lt\/produktas\/asmenybe-ir-sveikata\/#primaryimage","url":"https:\/\/skaitytaknyga.lt\/wp-content\/uploads\/2024\/09\/Asmenybe-ir-sveikata.webp","contentUrl":"https:\/\/skaitytaknyga.lt\/wp-content\/uploads\/2024\/09\/Asmenybe-ir-sveikata.webp","width":537,"height":800,"caption":"Asmenyb\u0117 ir sveikata"},{"@type":"BreadcrumbList","@id":"https:\/\/skaitytaknyga.lt\/produktas\/asmenybe-ir-sveikata\/#breadcrumb","itemListElement":[{"@type":"ListItem","position":1,"name":"Home","item":"https:\/\/skaitytaknyga.lt\/"},{"@type":"ListItem","position":2,"name":"Parduotuv\u0117","item":"https:\/\/skaitytaknyga.lt\/knygu-parduotuve\/"},{"@type":"ListItem","position":3,"name":"Vyd\u016bnas \u201eAsmenyb\u0117 ir sveikata\u201c"}]},{"@type":"WebSite","@id":"https:\/\/skaitytaknyga.lt\/#website","url":"https:\/\/skaitytaknyga.lt\/","name":"skaitytaknyga.lt","description":"Skaitytaknyga.lt \u2013 tai ma\u017eas \u0161eimos verslas, kuris prasid\u0117jo nuo meil\u0117s knygoms ir siekio i\u0161gelb\u0117ti knygas nuo likimo prie konteinerio. Kas vienam nereikalingas daiktas \u2013 kitam lobis, o mes esame tarpininkai, kurie padeda abiems tapti laimingesniems ???? \u017dinome kaip nelengva i\u0161gyventi ma\u017eiems verslams, tad nuo \u0161iol, \u010dia rasite ir kit\u0173, ma\u017e\u0173 \u0161eim\u0173 versl\u0173, rank\u0173 darbo, dovan\u0173 sau ir artimiesiems.","publisher":{"@id":"https:\/\/skaitytaknyga.lt\/#organization"},"potentialAction":[{"@type":"SearchAction","target":{"@type":"EntryPoint","urlTemplate":"https:\/\/skaitytaknyga.lt\/?s={search_term_string}"},"query-input":{"@type":"PropertyValueSpecification","valueRequired":true,"valueName":"search_term_string"}}],"inLanguage":"en-GB"},{"@type":"Organization","@id":"https:\/\/skaitytaknyga.lt\/#organization","name":"skaitytaknyga.lt","url":"https:\/\/skaitytaknyga.lt\/","logo":{"@type":"ImageObject","inLanguage":"en-GB","@id":"https:\/\/skaitytaknyga.lt\/#\/schema\/logo\/image\/","url":"https:\/\/skaitytaknyga.lt\/wp-content\/uploads\/2024\/05\/cropped-cropped-cropped-02_00843_jt3bggkj1j3HLc7SyY6rEUpg.jpeg","contentUrl":"https:\/\/skaitytaknyga.lt\/wp-content\/uploads\/2024\/05\/cropped-cropped-cropped-02_00843_jt3bggkj1j3HLc7SyY6rEUpg.jpeg","width":1600,"height":1600,"caption":"skaitytaknyga.lt"},"image":{"@id":"https:\/\/skaitytaknyga.lt\/#\/schema\/logo\/image\/"},"sameAs":["https:\/\/www.facebook.com\/skaitytaknyga\/"]}]}},"_links":{"self":[{"href":"https:\/\/skaitytaknyga.lt\/en\/wp-json\/wp\/v2\/product\/13663","targetHints":{"allow":["GET"]}}],"collection":[{"href":"https:\/\/skaitytaknyga.lt\/en\/wp-json\/wp\/v2\/product"}],"about":[{"href":"https:\/\/skaitytaknyga.lt\/en\/wp-json\/wp\/v2\/types\/product"}],"replies":[{"embeddable":true,"href":"https:\/\/skaitytaknyga.lt\/en\/wp-json\/wp\/v2\/comments?post=13663"}],"wp:featuredmedia":[{"embeddable":true,"href":"https:\/\/skaitytaknyga.lt\/en\/wp-json\/wp\/v2\/media\/13696"}],"wp:attachment":[{"href":"https:\/\/skaitytaknyga.lt\/en\/wp-json\/wp\/v2\/media?parent=13663"}],"wp:term":[{"taxonomy":"product_brand","embeddable":true,"href":"https:\/\/skaitytaknyga.lt\/en\/wp-json\/wp\/v2\/product_brand?post=13663"},{"taxonomy":"product_cat","embeddable":true,"href":"https:\/\/skaitytaknyga.lt\/en\/wp-json\/wp\/v2\/product_cat?post=13663"},{"taxonomy":"product_tag","embeddable":true,"href":"https:\/\/skaitytaknyga.lt\/en\/wp-json\/wp\/v2\/product_tag?post=13663"}],"curies":[{"name":"wp","href":"https:\/\/api.w.org\/{rel}","templated":true}]}}