{"id":13661,"date":"2024-09-06T08:03:09","date_gmt":"2024-09-06T05:03:09","guid":{"rendered":"https:\/\/skaitytaknyga.lt\/?post_type=product&#038;p=13661"},"modified":"2024-09-09T08:48:06","modified_gmt":"2024-09-09T05:48:06","slug":"moters-biblija","status":"publish","type":"product","link":"https:\/\/skaitytaknyga.lt\/en\/produktas\/moters-biblija\/","title":{"rendered":"Camilla Morton \u201eMoters biblija. Nuo l\u016bp\u0173 da\u017e\u0173 iki automobilio remonto\u201c"},"content":{"rendered":"<p>Ar moki \u0161okti tango, lo\u0161ti poker\u012f ir degustuoti vyn\u0105 it tikra \u017einov\u0117?<\/p>\n<p>Ar plaktuk\u0105 valdai taip pat mikliai kaip kompiuterio pel\u0119?<\/p>\n<p>Vaik\u0161tai grak\u0161\u010diai ir eleganti\u0161kai, i\u0161lipi i\u0161 automobilio su trumpa suknute?<\/p>\n<p>Meistri\u0161kai \u201ei\u0161kepi&#8221; DVD ir neprisvilini jo kaip pyrago?<\/p>\n<p>Jei ne, metas pa\u017evelgti baimei \u012f akis ir su\u017einoti visk\u0105, be ko negali apsieiti ver\u017eli, stilinga ir nepriklausoma mergina, kad i\u0161likt\u0173 tvirta, net b\u0117gdama su auk\u0161takulniais.<\/p>\n<p>Nuostabi knyga, skirta visoms ver\u017elioms, \u0161aunioms ir nepriklausomoms pasaulio moterims ir merginoms. Gidas, kuriuo galima pasikliauti net ir kebliausiose gyvenimi\u0161kose situacijose, o k\u0105 jau kalb\u0117ti apie t\u0105 gausyb\u0119 paprast\u0173 klausim\u0173,\u00a0 kurie mus kankina kiekvien\u0105 dien\u0105, o atsakymus rasti \u012f juos taip sunku.<\/p>\n<ul class=\"about-product d-none d-xl-block mt-4\">\n<li><strong>Autorius:<\/strong>\u00a0Camilla Morton<\/li>\n<li><strong>Leid\u0117jas:<\/strong>\u00a0Alma littera<\/li>\n<li><strong>Metai:<\/strong>\u00a02009<\/li>\n<li><strong>Puslapiai:<\/strong>\u00a0472<\/li>\n<li><strong>ISBN:<\/strong>\u00a09789955384441<\/li>\n<li><strong>Versijos kodas:<\/strong>\u00a0PT.<\/li>\n<li><strong>Formatas:<\/strong>\u00a017 x 24 cm, kieti vir\u0161eliai<\/li>\n<li><strong>Kalba:<\/strong>\u00a0Lietuvi\u0173<\/li>\n<li><strong>Vert\u0117jas:<\/strong>\u00a0Rasa Akstinien\u0117, Margarita Bautr\u0117nien\u0117<\/li>\n<\/ul>\n","protected":false},"excerpt":{"rendered":"<p>Ar moki \u0161okti tango, lo\u0161ti poker\u012f ir degustuoti vyn\u0105 it tikra \u017einov\u0117? Ar plaktuk\u0105 valdai taip pat mikliai kaip kompiuterio pel\u0119? Vaik\u0161tai grak\u0161\u010diai ir eleganti\u0161kai, i\u0161lipi i\u0161 automobilio su trumpa suknute? Meistri\u0161kai \u201ei\u0161kepi&#8221; DVD ir neprisvilini jo kaip pyrago? Jei ne, metas pa\u017evelgti baimei \u012f akis ir su\u017einoti visk\u0105, be ko negali apsieiti ver\u017eli, stilinga ir nepriklausoma mergina, kad i\u0161likt\u0173 tvirta, net b\u0117gdama su auk\u0161takulniais. Nuostabi knyga, skirta visoms ver\u017elioms, \u0161aunioms ir nepriklausomoms pasaulio moterims ir merginoms. Gidas, kuriuo galima pasikliauti net ir kebliausiose gyvenimi\u0161kose situacijose, o k\u0105 jau kalb\u0117ti apie t\u0105 gausyb\u0119 paprast\u0173 klausim\u0173,\u00a0 kurie mus kankina kiekvien\u0105 dien\u0105, o atsakymus rasti \u012f juos taip sunku. Autorius:\u00a0Camilla Morton Leid\u0117jas:\u00a0Alma littera Metai:\u00a02009 Puslapiai:\u00a0472 ISBN:\u00a09789955384441 Versijos kodas:\u00a0PT. Formatas:\u00a017 x 24 cm, kieti vir\u0161eliai Kalba:\u00a0Lietuvi\u0173 Vert\u0117jas:\u00a0Rasa Akstinien\u0117, Margarita Bautr\u0117nien\u0117<\/p>\n","protected":false},"featured_media":13708,"comment_status":"open","ping_status":"closed","template":"","meta":{"_acf_changed":false,"site-sidebar-layout":"default","site-content-layout":"","ast-site-content-layout":"default","site-content-style":"default","site-sidebar-style":"default","ast-global-header-display":"","ast-banner-title-visibility":"","ast-main-header-display":"","ast-hfb-above-header-display":"","ast-hfb-below-header-display":"","ast-hfb-mobile-header-display":"","site-post-title":"","ast-breadcrumbs-content":"","ast-featured-img":"","footer-sml-layout":"","ast-disable-related-posts":"","theme-transparent-header-meta":"default","adv-header-id-meta":"","stick-header-meta":"","header-above-stick-meta":"","header-main-stick-meta":"","header-below-stick-meta":"","astra-migrate-meta-layouts":"set","ast-page-background-enabled":"default","ast-page-background-meta":{"desktop":{"background-color":"","background-image":"","background-repeat":"repeat","background-position":"center center","background-size":"auto","background-attachment":"scroll","background-type":"","background-media":"","overlay-type":"","overlay-color":"","overlay-opacity":"","overlay-gradient":""},"tablet":{"background-color":"","background-image":"","background-repeat":"repeat","background-position":"center center","background-size":"auto","background-attachment":"scroll","background-type":"","background-media":"","overlay-type":"","overlay-color":"","overlay-opacity":"","overlay-gradient":""},"mobile":{"background-color":"","background-image":"","background-repeat":"repeat","background-position":"center center","background-size":"auto","background-attachment":"scroll","background-type":"","background-media":"","overlay-type":"","overlay-color":"","overlay-opacity":"","overlay-gradient":""}},"ast-content-background-meta":{"desktop":{"background-color":"var(--ast-global-color-4)","background-image":"","background-repeat":"repeat","background-position":"center center","background-size":"auto","background-attachment":"scroll","background-type":"","background-media":"","overlay-type":"","overlay-color":"","overlay-opacity":"","overlay-gradient":""},"tablet":{"background-color":"var(--ast-global-color-4)","background-image":"","background-repeat":"repeat","background-position":"center center","background-size":"auto","background-attachment":"scroll","background-type":"","background-media":"","overlay-type":"","overlay-color":"","overlay-opacity":"","overlay-gradient":""},"mobile":{"background-color":"var(--ast-global-color-4)","background-image":"","background-repeat":"repeat","background-position":"center center","background-size":"auto","background-attachment":"scroll","background-type":"","background-media":"","overlay-type":"","overlay-color":"","overlay-opacity":"","overlay-gradient":""}}},"product_brand":[],"product_cat":[15],"product_tag":[],"class_list":{"0":"post-13661","1":"product","2":"type-product","3":"status-publish","4":"has-post-thumbnail","6":"product_cat-uncategorized","7":"desktop-align-left","8":"tablet-align-left","9":"mobile-align-left","11":"first","12":"instock","13":"shipping-taxable","14":"purchasable","15":"product-type-simple"},"acf":[],"yoast_head":"<!-- This site is optimized with the Yoast SEO plugin v27.0 - https:\/\/yoast.com\/product\/yoast-seo-wordpress\/ -->\n<title>Camilla Morton \u201eMoters biblija. Nuo l\u016bp\u0173 da\u017e\u0173 iki automobilio remonto\u201c<\/title>\n<meta name=\"description\" content=\"Ar moki \u0161okti tango, lo\u0161ti poker\u012f ir degustuoti vyn\u0105 it tikra \u017einov\u0117? Ar plaktuk\u0105 valdai taip pat mikliai kaip kompiuterio pel\u0119? Vaik\u0161tai grak\u0161\u010diai ir\" \/>\n<meta name=\"robots\" content=\"index, follow, max-snippet:-1, max-image-preview:large, max-video-preview:-1\" \/>\n<link rel=\"canonical\" href=\"https:\/\/skaitytaknyga.lt\/en\/produktas\/moters-biblija\/\" \/>\n<meta property=\"og:locale\" content=\"en_GB\" \/>\n<meta property=\"og:locale:alternate\" content=\"lt_LT\" \/>\n<meta property=\"og:type\" content=\"article\" \/>\n<meta property=\"og:title\" content=\"Camilla Morton \u201eMoters biblija. Nuo l\u016bp\u0173 da\u017e\u0173 iki automobilio remonto\u201c\" \/>\n<meta property=\"og:description\" content=\"Ar moki \u0161okti tango, lo\u0161ti poker\u012f ir degustuoti vyn\u0105 it tikra \u017einov\u0117? Ar plaktuk\u0105 valdai taip pat mikliai kaip kompiuterio pel\u0119? Vaik\u0161tai grak\u0161\u010diai ir\" \/>\n<meta property=\"og:url\" content=\"https:\/\/skaitytaknyga.lt\/en\/produktas\/moters-biblija\/\" \/>\n<meta property=\"og:site_name\" content=\"Skaitytaknyga\" \/>\n<meta property=\"article:publisher\" content=\"https:\/\/www.facebook.com\/skaitytaknyga\/\" \/>\n<meta property=\"article:modified_time\" content=\"2024-09-09T05:48:06+00:00\" \/>\n<meta property=\"og:image\" content=\"https:\/\/skaitytaknyga.lt\/wp-content\/uploads\/2024\/09\/Moters-biblija.webp\" \/>\n\t<meta property=\"og:image:width\" content=\"564\" \/>\n\t<meta property=\"og:image:height\" content=\"800\" \/>\n\t<meta property=\"og:image:type\" content=\"image\/webp\" \/>\n<meta name=\"twitter:card\" content=\"summary_large_image\" \/>\n<meta name=\"twitter:label1\" content=\"Estimated reading time\" \/>\n\t<meta name=\"twitter:data1\" content=\"1 minute\" \/>\n<script type=\"application\/ld+json\" class=\"yoast-schema-graph\">{\"@context\":\"https:\/\/schema.org\",\"@graph\":[{\"@type\":\"WebPage\",\"@id\":\"https:\/\/skaitytaknyga.lt\/produktas\/moters-biblija\/\",\"url\":\"https:\/\/skaitytaknyga.lt\/produktas\/moters-biblija\/\",\"name\":\"Camilla Morton \u201eMoters biblija. Nuo l\u016bp\u0173 da\u017e\u0173 iki automobilio remonto\u201c\",\"isPartOf\":{\"@id\":\"https:\/\/skaitytaknyga.lt\/#website\"},\"primaryImageOfPage\":{\"@id\":\"https:\/\/skaitytaknyga.lt\/produktas\/moters-biblija\/#primaryimage\"},\"image\":{\"@id\":\"https:\/\/skaitytaknyga.lt\/produktas\/moters-biblija\/#primaryimage\"},\"thumbnailUrl\":\"https:\/\/skaitytaknyga.lt\/wp-content\/uploads\/2024\/09\/Moters-biblija.webp\",\"datePublished\":\"2024-09-06T05:03:09+00:00\",\"dateModified\":\"2024-09-09T05:48:06+00:00\",\"description\":\"Ar moki \u0161okti tango, lo\u0161ti poker\u012f ir degustuoti vyn\u0105 it tikra \u017einov\u0117? Ar plaktuk\u0105 valdai taip pat mikliai kaip kompiuterio pel\u0119? Vaik\u0161tai grak\u0161\u010diai ir\",\"breadcrumb\":{\"@id\":\"https:\/\/skaitytaknyga.lt\/produktas\/moters-biblija\/#breadcrumb\"},\"inLanguage\":\"en-GB\",\"potentialAction\":[{\"@type\":\"ReadAction\",\"target\":[\"https:\/\/skaitytaknyga.lt\/produktas\/moters-biblija\/\"]}]},{\"@type\":\"ImageObject\",\"inLanguage\":\"en-GB\",\"@id\":\"https:\/\/skaitytaknyga.lt\/produktas\/moters-biblija\/#primaryimage\",\"url\":\"https:\/\/skaitytaknyga.lt\/wp-content\/uploads\/2024\/09\/Moters-biblija.webp\",\"contentUrl\":\"https:\/\/skaitytaknyga.lt\/wp-content\/uploads\/2024\/09\/Moters-biblija.webp\",\"width\":564,\"height\":800,\"caption\":\"Moters biblija\"},{\"@type\":\"BreadcrumbList\",\"@id\":\"https:\/\/skaitytaknyga.lt\/produktas\/moters-biblija\/#breadcrumb\",\"itemListElement\":[{\"@type\":\"ListItem\",\"position\":1,\"name\":\"Home\",\"item\":\"https:\/\/skaitytaknyga.lt\/\"},{\"@type\":\"ListItem\",\"position\":2,\"name\":\"Parduotuv\u0117\",\"item\":\"https:\/\/skaitytaknyga.lt\/knygu-parduotuve\/\"},{\"@type\":\"ListItem\",\"position\":3,\"name\":\"Camilla Morton \u201eMoters biblija. Nuo l\u016bp\u0173 da\u017e\u0173 iki automobilio remonto\u201c\"}]},{\"@type\":\"WebSite\",\"@id\":\"https:\/\/skaitytaknyga.lt\/#website\",\"url\":\"https:\/\/skaitytaknyga.lt\/\",\"name\":\"skaitytaknyga.lt\",\"description\":\"Skaitytaknyga.lt \u2013 tai ma\u017eas \u0161eimos verslas, kuris prasid\u0117jo nuo meil\u0117s knygoms ir siekio i\u0161gelb\u0117ti knygas nuo likimo prie konteinerio. Kas vienam nereikalingas daiktas \u2013 kitam lobis, o mes esame tarpininkai, kurie padeda abiems tapti laimingesniems ???? \u017dinome kaip nelengva i\u0161gyventi ma\u017eiems verslams, tad nuo \u0161iol, \u010dia rasite ir kit\u0173, ma\u017e\u0173 \u0161eim\u0173 versl\u0173, rank\u0173 darbo, dovan\u0173 sau ir artimiesiems.\",\"publisher\":{\"@id\":\"https:\/\/skaitytaknyga.lt\/#organization\"},\"potentialAction\":[{\"@type\":\"SearchAction\",\"target\":{\"@type\":\"EntryPoint\",\"urlTemplate\":\"https:\/\/skaitytaknyga.lt\/?s={search_term_string}\"},\"query-input\":{\"@type\":\"PropertyValueSpecification\",\"valueRequired\":true,\"valueName\":\"search_term_string\"}}],\"inLanguage\":\"en-GB\"},{\"@type\":\"Organization\",\"@id\":\"https:\/\/skaitytaknyga.lt\/#organization\",\"name\":\"skaitytaknyga.lt\",\"url\":\"https:\/\/skaitytaknyga.lt\/\",\"logo\":{\"@type\":\"ImageObject\",\"inLanguage\":\"en-GB\",\"@id\":\"https:\/\/skaitytaknyga.lt\/#\/schema\/logo\/image\/\",\"url\":\"https:\/\/skaitytaknyga.lt\/wp-content\/uploads\/2024\/05\/cropped-cropped-cropped-02_00843_jt3bggkj1j3HLc7SyY6rEUpg.jpeg\",\"contentUrl\":\"https:\/\/skaitytaknyga.lt\/wp-content\/uploads\/2024\/05\/cropped-cropped-cropped-02_00843_jt3bggkj1j3HLc7SyY6rEUpg.jpeg\",\"width\":1600,\"height\":1600,\"caption\":\"skaitytaknyga.lt\"},\"image\":{\"@id\":\"https:\/\/skaitytaknyga.lt\/#\/schema\/logo\/image\/\"},\"sameAs\":[\"https:\/\/www.facebook.com\/skaitytaknyga\/\"]}]}<\/script>\n<!-- \/ Yoast SEO plugin. -->","yoast_head_json":{"title":"Camilla Morton \u201eMoters biblija. Nuo l\u016bp\u0173 da\u017e\u0173 iki automobilio remonto\u201c","description":"Ar moki \u0161okti tango, lo\u0161ti poker\u012f ir degustuoti vyn\u0105 it tikra \u017einov\u0117? Ar plaktuk\u0105 valdai taip pat mikliai kaip kompiuterio pel\u0119? Vaik\u0161tai grak\u0161\u010diai ir","robots":{"index":"index","follow":"follow","max-snippet":"max-snippet:-1","max-image-preview":"max-image-preview:large","max-video-preview":"max-video-preview:-1"},"canonical":"https:\/\/skaitytaknyga.lt\/en\/produktas\/moters-biblija\/","og_locale":"en_GB","og_type":"article","og_title":"[:lt]Camilla Morton \u201eMoters biblija. Nuo l\u016bp\u0173 da\u017e\u0173 iki automobilio remonto\u201c[:] - Skaitytaknyga","og_description":"Ar moki \u0161okti tango, lo\u0161ti poker\u012f ir degustuoti vyn\u0105 it tikra \u017einov\u0117? Ar plaktuk\u0105 valdai taip pat mikliai kaip kompiuterio pel\u0119? Vaik\u0161tai grak\u0161\u010diai ir","og_url":"https:\/\/skaitytaknyga.lt\/en\/produktas\/moters-biblija\/","og_site_name":"Skaitytaknyga","article_publisher":"https:\/\/www.facebook.com\/skaitytaknyga\/","article_modified_time":"2024-09-09T05:48:06+00:00","og_image":[{"width":564,"height":800,"url":"https:\/\/skaitytaknyga.lt\/wp-content\/uploads\/2024\/09\/Moters-biblija.webp","type":"image\/webp"}],"twitter_card":"summary_large_image","twitter_misc":{"Estimated reading time":"1 minute"},"schema":{"@context":"https:\/\/schema.org","@graph":[{"@type":"WebPage","@id":"https:\/\/skaitytaknyga.lt\/produktas\/moters-biblija\/","url":"https:\/\/skaitytaknyga.lt\/produktas\/moters-biblija\/","name":"Camilla Morton \u201eMoters biblija. Nuo l\u016bp\u0173 da\u017e\u0173 iki automobilio remonto\u201c","isPartOf":{"@id":"https:\/\/skaitytaknyga.lt\/#website"},"primaryImageOfPage":{"@id":"https:\/\/skaitytaknyga.lt\/produktas\/moters-biblija\/#primaryimage"},"image":{"@id":"https:\/\/skaitytaknyga.lt\/produktas\/moters-biblija\/#primaryimage"},"thumbnailUrl":"https:\/\/skaitytaknyga.lt\/wp-content\/uploads\/2024\/09\/Moters-biblija.webp","datePublished":"2024-09-06T05:03:09+00:00","dateModified":"2024-09-09T05:48:06+00:00","description":"Ar moki \u0161okti tango, lo\u0161ti poker\u012f ir degustuoti vyn\u0105 it tikra \u017einov\u0117? Ar plaktuk\u0105 valdai taip pat mikliai kaip kompiuterio pel\u0119? Vaik\u0161tai grak\u0161\u010diai ir","breadcrumb":{"@id":"https:\/\/skaitytaknyga.lt\/produktas\/moters-biblija\/#breadcrumb"},"inLanguage":"en-GB","potentialAction":[{"@type":"ReadAction","target":["https:\/\/skaitytaknyga.lt\/produktas\/moters-biblija\/"]}]},{"@type":"ImageObject","inLanguage":"en-GB","@id":"https:\/\/skaitytaknyga.lt\/produktas\/moters-biblija\/#primaryimage","url":"https:\/\/skaitytaknyga.lt\/wp-content\/uploads\/2024\/09\/Moters-biblija.webp","contentUrl":"https:\/\/skaitytaknyga.lt\/wp-content\/uploads\/2024\/09\/Moters-biblija.webp","width":564,"height":800,"caption":"Moters biblija"},{"@type":"BreadcrumbList","@id":"https:\/\/skaitytaknyga.lt\/produktas\/moters-biblija\/#breadcrumb","itemListElement":[{"@type":"ListItem","position":1,"name":"Home","item":"https:\/\/skaitytaknyga.lt\/"},{"@type":"ListItem","position":2,"name":"Parduotuv\u0117","item":"https:\/\/skaitytaknyga.lt\/knygu-parduotuve\/"},{"@type":"ListItem","position":3,"name":"Camilla Morton \u201eMoters biblija. Nuo l\u016bp\u0173 da\u017e\u0173 iki automobilio remonto\u201c"}]},{"@type":"WebSite","@id":"https:\/\/skaitytaknyga.lt\/#website","url":"https:\/\/skaitytaknyga.lt\/","name":"skaitytaknyga.lt","description":"Skaitytaknyga.lt \u2013 tai ma\u017eas \u0161eimos verslas, kuris prasid\u0117jo nuo meil\u0117s knygoms ir siekio i\u0161gelb\u0117ti knygas nuo likimo prie konteinerio. Kas vienam nereikalingas daiktas \u2013 kitam lobis, o mes esame tarpininkai, kurie padeda abiems tapti laimingesniems ???? \u017dinome kaip nelengva i\u0161gyventi ma\u017eiems verslams, tad nuo \u0161iol, \u010dia rasite ir kit\u0173, ma\u017e\u0173 \u0161eim\u0173 versl\u0173, rank\u0173 darbo, dovan\u0173 sau ir artimiesiems.","publisher":{"@id":"https:\/\/skaitytaknyga.lt\/#organization"},"potentialAction":[{"@type":"SearchAction","target":{"@type":"EntryPoint","urlTemplate":"https:\/\/skaitytaknyga.lt\/?s={search_term_string}"},"query-input":{"@type":"PropertyValueSpecification","valueRequired":true,"valueName":"search_term_string"}}],"inLanguage":"en-GB"},{"@type":"Organization","@id":"https:\/\/skaitytaknyga.lt\/#organization","name":"skaitytaknyga.lt","url":"https:\/\/skaitytaknyga.lt\/","logo":{"@type":"ImageObject","inLanguage":"en-GB","@id":"https:\/\/skaitytaknyga.lt\/#\/schema\/logo\/image\/","url":"https:\/\/skaitytaknyga.lt\/wp-content\/uploads\/2024\/05\/cropped-cropped-cropped-02_00843_jt3bggkj1j3HLc7SyY6rEUpg.jpeg","contentUrl":"https:\/\/skaitytaknyga.lt\/wp-content\/uploads\/2024\/05\/cropped-cropped-cropped-02_00843_jt3bggkj1j3HLc7SyY6rEUpg.jpeg","width":1600,"height":1600,"caption":"skaitytaknyga.lt"},"image":{"@id":"https:\/\/skaitytaknyga.lt\/#\/schema\/logo\/image\/"},"sameAs":["https:\/\/www.facebook.com\/skaitytaknyga\/"]}]}},"_links":{"self":[{"href":"https:\/\/skaitytaknyga.lt\/en\/wp-json\/wp\/v2\/product\/13661","targetHints":{"allow":["GET"]}}],"collection":[{"href":"https:\/\/skaitytaknyga.lt\/en\/wp-json\/wp\/v2\/product"}],"about":[{"href":"https:\/\/skaitytaknyga.lt\/en\/wp-json\/wp\/v2\/types\/product"}],"replies":[{"embeddable":true,"href":"https:\/\/skaitytaknyga.lt\/en\/wp-json\/wp\/v2\/comments?post=13661"}],"wp:featuredmedia":[{"embeddable":true,"href":"https:\/\/skaitytaknyga.lt\/en\/wp-json\/wp\/v2\/media\/13708"}],"wp:attachment":[{"href":"https:\/\/skaitytaknyga.lt\/en\/wp-json\/wp\/v2\/media?parent=13661"}],"wp:term":[{"taxonomy":"product_brand","embeddable":true,"href":"https:\/\/skaitytaknyga.lt\/en\/wp-json\/wp\/v2\/product_brand?post=13661"},{"taxonomy":"product_cat","embeddable":true,"href":"https:\/\/skaitytaknyga.lt\/en\/wp-json\/wp\/v2\/product_cat?post=13661"},{"taxonomy":"product_tag","embeddable":true,"href":"https:\/\/skaitytaknyga.lt\/en\/wp-json\/wp\/v2\/product_tag?post=13661"}],"curies":[{"name":"wp","href":"https:\/\/api.w.org\/{rel}","templated":true}]}}