{"id":13659,"date":"2024-09-06T08:03:09","date_gmt":"2024-09-06T05:03:09","guid":{"rendered":"https:\/\/skaitytaknyga.lt\/?post_type=product&#038;p=13659"},"modified":"2024-09-15T20:38:13","modified_gmt":"2024-09-15T17:38:13","slug":"pavojingi-tipai","status":"publish","type":"product","link":"https:\/\/skaitytaknyga.lt\/en\/produktas\/pavojingi-tipai\/","title":{"rendered":"Pavojingi tipai: FTB agento patarimai, kaip atpa\u017einti manipuliuotoj\u0105 ir apsisaugoti"},"content":{"rendered":"<p>Kaip i\u0161mokti pasteb\u0117ti kit\u0173 \u017emoni\u0173 charakterio ar asmenyb\u0117s sutrikimus?<\/p>\n<p>Kaip apsisaugoti nuo emocin\u0117s, psichologin\u0117s, finansin\u0117s ar fizin\u0117s \u017ealos?<\/p>\n<p><strong>Joe Navarro<\/strong>, buv\u0119s FTB agentas, remdamasis faktais ir ilgamete FTB specialiojo agento bei nusikalt\u0117li\u0173 psichologini\u0173 portret\u0173 modeliuotojo darbo patirtimi, pateikia:<\/p>\n<p>&#8211; \u017eini\u0173, kaip atpa\u017einti pavojingus \u017emones ir ne\u012fsileisti j\u0173 \u012f savo gyvenim\u0105;<\/p>\n<p>&#8211; patarim\u0173, kaip su jais susid\u016brus i\u0161spr\u0119sti situacij\u0105;<\/p>\n<p>&#8211; persp\u0117jim\u0173, kuri\u0173 paklausius galima i\u0161gelb\u0117ti kam nors gyvyb\u0119 ar bent jau apsisaugoti nuo psichin\u0117s, fizin\u0117s ar finansin\u0117s traumos.<\/p>\n<p>Perskait\u0119 knyg\u0105<strong>\u00a0\u201ePavojingi tipai: FTB agento patarimai, kaip atpa\u017einti manipuliuotoj\u0105 ir apsisaugoti\u201c<\/strong>\u00a0su\u017einosite, kaip i\u0161vengti nes\u0105\u017eining\u0173 patik\u0117tini\u0173, suk\u010di\u0173 ir apgavik\u0173 spend\u017eiam\u0173 sp\u0105st\u0173 bei emocin\u0117s \u017ealos, kuri\u0105 pavojingi \u017emon\u0117s daro savo aukoms.<\/p>\n<p>Dr. Werner U. Spitz, teismo medicinos patologas, Mi\u010diganas<\/p>\n<p><strong>Joe Navarro<\/strong>\u00a0\u2013 bestselerio\u00a0\u201eK\u016bno kalba. FTB agento patarimai, kaip greitai perprasti \u017emones&#8221;\u00a0autorius. Dirbdamas specialiuoju FTB agentu 25 metus nuolat tyrin\u0117jo ir prakti\u0161kai pritaik\u0117 neverbalin\u0117s komunikacijos \u017einias apie veido i\u0161rai\u0161k\u0105, gestus, judesius, laikysen\u0105 ir netgi drabu\u017eius.<\/p>\n<p><strong>Toni Sciarra Poynter<\/strong>\u00a0daugiau nei 25 metus dirba leidybos srityje kaip konsultant\u0117, autor\u0117, bendraautor\u0117 ir redaktor\u0117 koordinator\u0117.<\/p>\n<ul class=\"about-product d-none d-xl-block mt-4\">\n<li><strong>Originalus pavadinimas:<\/strong>\u00a0Dangerous Personalities: An FBI Profiler Shows You How to Identify and Protect Yourself from Harmful People<\/li>\n<li><strong>Autorius:<\/strong>\u00a0Joe Navarro,\u00a0Toni Sciarra Poynter<\/li>\n<li><strong>Leid\u0117jas:<\/strong>\u00a0Alma littera<\/li>\n<li><strong>Metai:<\/strong>\u00a02015<\/li>\n<li><strong>Puslapiai:<\/strong>\u00a0256<\/li>\n<li><strong>ISBN:<\/strong>\u00a09786090120477<\/li>\n<li><strong>Versijos kodas:<\/strong>\u00a0PT.<\/li>\n<li><strong>Formatas:<\/strong>\u00a014,3 x 21,3 x 1,7 cm, mink\u0161ti vir\u0161eliai<\/li>\n<li><strong>Kalba:<\/strong>\u00a0Lietuvi\u0173<\/li>\n<li><strong>Vert\u0117jas:<\/strong>\u00a0Ieva Sakalinskait\u0117<\/li>\n<\/ul>\n","protected":false},"excerpt":{"rendered":"<p>Kaip i\u0161mokti pasteb\u0117ti kit\u0173 \u017emoni\u0173 charakterio ar asmenyb\u0117s sutrikimus? Kaip apsisaugoti nuo emocin\u0117s, psichologin\u0117s, finansin\u0117s ar fizin\u0117s \u017ealos? Joe Navarro, buv\u0119s FTB agentas, remdamasis faktais ir ilgamete FTB specialiojo agento bei nusikalt\u0117li\u0173 psichologini\u0173 portret\u0173 modeliuotojo darbo patirtimi, pateikia: &#8211; \u017eini\u0173, kaip atpa\u017einti pavojingus \u017emones ir ne\u012fsileisti j\u0173 \u012f savo gyvenim\u0105; &#8211; patarim\u0173, kaip su jais susid\u016brus i\u0161spr\u0119sti situacij\u0105; &#8211; persp\u0117jim\u0173, kuri\u0173 paklausius galima i\u0161gelb\u0117ti kam nors gyvyb\u0119 ar bent jau apsisaugoti nuo psichin\u0117s, fizin\u0117s ar finansin\u0117s traumos. Perskait\u0119 knyg\u0105\u00a0\u201ePavojingi tipai: FTB agento patarimai, kaip atpa\u017einti manipuliuotoj\u0105 ir apsisaugoti\u201c\u00a0su\u017einosite, kaip i\u0161vengti nes\u0105\u017eining\u0173 patik\u0117tini\u0173, suk\u010di\u0173 ir apgavik\u0173 spend\u017eiam\u0173 sp\u0105st\u0173 bei emocin\u0117s \u017ealos, kuri\u0105 pavojingi \u017emon\u0117s daro savo aukoms. Dr. Werner U. Spitz, teismo medicinos patologas, Mi\u010diganas Joe Navarro\u00a0\u2013 bestselerio\u00a0\u201eK\u016bno kalba. FTB agento patarimai, kaip greitai perprasti \u017emones&#8221;\u00a0autorius. Dirbdamas specialiuoju FTB agentu 25 metus nuolat tyrin\u0117jo ir prakti\u0161kai pritaik\u0117 neverbalin\u0117s komunikacijos \u017einias apie veido i\u0161rai\u0161k\u0105, gestus, judesius, laikysen\u0105 ir netgi drabu\u017eius. Toni Sciarra Poynter\u00a0daugiau nei 25 metus dirba leidybos srityje kaip konsultant\u0117, autor\u0117, bendraautor\u0117 ir redaktor\u0117 koordinator\u0117. Originalus pavadinimas:\u00a0Dangerous Personalities: An FBI Profiler Shows You How to Identify and Protect Yourself from Harmful People Autorius:\u00a0Joe Navarro,\u00a0Toni Sciarra Poynter Leid\u0117jas:\u00a0Alma littera Metai:\u00a02015 Puslapiai:\u00a0256 ISBN:\u00a09786090120477 Versijos kodas:\u00a0PT. Formatas:\u00a014,3 x 21,3 x 1,7 cm, mink\u0161ti vir\u0161eliai Kalba:\u00a0Lietuvi\u0173 Vert\u0117jas:\u00a0Ieva Sakalinskait\u0117<\/p>\n","protected":false},"featured_media":13703,"comment_status":"open","ping_status":"closed","template":"","meta":{"_acf_changed":false,"site-sidebar-layout":"default","site-content-layout":"","ast-site-content-layout":"default","site-content-style":"default","site-sidebar-style":"default","ast-global-header-display":"","ast-banner-title-visibility":"","ast-main-header-display":"","ast-hfb-above-header-display":"","ast-hfb-below-header-display":"","ast-hfb-mobile-header-display":"","site-post-title":"","ast-breadcrumbs-content":"","ast-featured-img":"","footer-sml-layout":"","ast-disable-related-posts":"","theme-transparent-header-meta":"default","adv-header-id-meta":"","stick-header-meta":"","header-above-stick-meta":"","header-main-stick-meta":"","header-below-stick-meta":"","astra-migrate-meta-layouts":"set","ast-page-background-enabled":"default","ast-page-background-meta":{"desktop":{"background-color":"","background-image":"","background-repeat":"repeat","background-position":"center center","background-size":"auto","background-attachment":"scroll","background-type":"","background-media":"","overlay-type":"","overlay-color":"","overlay-opacity":"","overlay-gradient":""},"tablet":{"background-color":"","background-image":"","background-repeat":"repeat","background-position":"center center","background-size":"auto","background-attachment":"scroll","background-type":"","background-media":"","overlay-type":"","overlay-color":"","overlay-opacity":"","overlay-gradient":""},"mobile":{"background-color":"","background-image":"","background-repeat":"repeat","background-position":"center center","background-size":"auto","background-attachment":"scroll","background-type":"","background-media":"","overlay-type":"","overlay-color":"","overlay-opacity":"","overlay-gradient":""}},"ast-content-background-meta":{"desktop":{"background-color":"var(--ast-global-color-4)","background-image":"","background-repeat":"repeat","background-position":"center center","background-size":"auto","background-attachment":"scroll","background-type":"","background-media":"","overlay-type":"","overlay-color":"","overlay-opacity":"","overlay-gradient":""},"tablet":{"background-color":"var(--ast-global-color-4)","background-image":"","background-repeat":"repeat","background-position":"center center","background-size":"auto","background-attachment":"scroll","background-type":"","background-media":"","overlay-type":"","overlay-color":"","overlay-opacity":"","overlay-gradient":""},"mobile":{"background-color":"var(--ast-global-color-4)","background-image":"","background-repeat":"repeat","background-position":"center center","background-size":"auto","background-attachment":"scroll","background-type":"","background-media":"","overlay-type":"","overlay-color":"","overlay-opacity":"","overlay-gradient":""}}},"product_brand":[],"product_cat":[15,30],"product_tag":[],"class_list":{"0":"post-13659","1":"product","2":"type-product","3":"status-publish","4":"has-post-thumbnail","6":"product_cat-uncategorized","7":"product_cat-psichologija-ir-saviugda","8":"desktop-align-left","9":"tablet-align-left","10":"mobile-align-left","12":"first","13":"outofstock","14":"shipping-taxable","15":"purchasable","16":"product-type-simple"},"acf":[],"yoast_head":"<!-- This site is optimized with the Yoast SEO plugin v27.0 - https:\/\/yoast.com\/product\/yoast-seo-wordpress\/ -->\n<title>Pavojingi tipai: FTB agento patarimai, kaip atpa\u017einti manipuliuotoj\u0105 ir apsisaugoti<\/title>\n<meta name=\"description\" content=\"Kaip i\u0161mokti pasteb\u0117ti kit\u0173 \u017emoni\u0173 charakterio ar asmenyb\u0117s sutrikimus? Kaip apsisaugoti nuo emocin\u0117s, psichologin\u0117s, finansin\u0117s ar fizin\u0117s \u017ealos? Joe\" \/>\n<meta name=\"robots\" content=\"index, follow, max-snippet:-1, max-image-preview:large, max-video-preview:-1\" \/>\n<link rel=\"canonical\" href=\"https:\/\/skaitytaknyga.lt\/en\/produktas\/pavojingi-tipai\/\" \/>\n<meta property=\"og:locale\" content=\"en_GB\" \/>\n<meta property=\"og:locale:alternate\" content=\"lt_LT\" \/>\n<meta property=\"og:type\" content=\"article\" \/>\n<meta property=\"og:title\" content=\"Pavojingi tipai: FTB agento patarimai, kaip atpa\u017einti manipuliuotoj\u0105 ir apsisaugoti\" \/>\n<meta property=\"og:description\" content=\"Kaip i\u0161mokti pasteb\u0117ti kit\u0173 \u017emoni\u0173 charakterio ar asmenyb\u0117s sutrikimus? Kaip apsisaugoti nuo emocin\u0117s, psichologin\u0117s, finansin\u0117s ar fizin\u0117s \u017ealos? Joe\" \/>\n<meta property=\"og:url\" content=\"https:\/\/skaitytaknyga.lt\/en\/produktas\/pavojingi-tipai\/\" \/>\n<meta property=\"og:site_name\" content=\"Skaitytaknyga\" \/>\n<meta property=\"article:publisher\" content=\"https:\/\/www.facebook.com\/skaitytaknyga\/\" \/>\n<meta property=\"article:modified_time\" content=\"2024-09-15T17:38:13+00:00\" \/>\n<meta property=\"og:image\" content=\"https:\/\/skaitytaknyga.lt\/wp-content\/uploads\/2024\/09\/Pavojingi-tipai-FTB-agento-patarimai-kaip-atpazinti-manipuliuotoja-ir-apsisaugoti.jpg\" \/>\n\t<meta property=\"og:image:width\" content=\"302\" \/>\n\t<meta property=\"og:image:height\" content=\"450\" \/>\n\t<meta property=\"og:image:type\" content=\"image\/jpeg\" \/>\n<meta name=\"twitter:card\" content=\"summary_large_image\" \/>\n<meta name=\"twitter:label1\" content=\"Estimated reading time\" \/>\n\t<meta name=\"twitter:data1\" content=\"2 minutes\" \/>\n<script type=\"application\/ld+json\" class=\"yoast-schema-graph\">{\"@context\":\"https:\/\/schema.org\",\"@graph\":[{\"@type\":\"WebPage\",\"@id\":\"https:\/\/skaitytaknyga.lt\/produktas\/pavojingi-tipai\/\",\"url\":\"https:\/\/skaitytaknyga.lt\/produktas\/pavojingi-tipai\/\",\"name\":\"Pavojingi tipai: FTB agento patarimai, kaip atpa\u017einti manipuliuotoj\u0105 ir apsisaugoti\",\"isPartOf\":{\"@id\":\"https:\/\/skaitytaknyga.lt\/#website\"},\"primaryImageOfPage\":{\"@id\":\"https:\/\/skaitytaknyga.lt\/produktas\/pavojingi-tipai\/#primaryimage\"},\"image\":{\"@id\":\"https:\/\/skaitytaknyga.lt\/produktas\/pavojingi-tipai\/#primaryimage\"},\"thumbnailUrl\":\"https:\/\/skaitytaknyga.lt\/wp-content\/uploads\/2024\/09\/Pavojingi-tipai-FTB-agento-patarimai-kaip-atpazinti-manipuliuotoja-ir-apsisaugoti.jpg\",\"datePublished\":\"2024-09-06T05:03:09+00:00\",\"dateModified\":\"2024-09-15T17:38:13+00:00\",\"description\":\"Kaip i\u0161mokti pasteb\u0117ti kit\u0173 \u017emoni\u0173 charakterio ar asmenyb\u0117s sutrikimus? Kaip apsisaugoti nuo emocin\u0117s, psichologin\u0117s, finansin\u0117s ar fizin\u0117s \u017ealos? Joe\",\"breadcrumb\":{\"@id\":\"https:\/\/skaitytaknyga.lt\/produktas\/pavojingi-tipai\/#breadcrumb\"},\"inLanguage\":\"en-GB\",\"potentialAction\":[{\"@type\":\"ReadAction\",\"target\":[\"https:\/\/skaitytaknyga.lt\/produktas\/pavojingi-tipai\/\"]}]},{\"@type\":\"ImageObject\",\"inLanguage\":\"en-GB\",\"@id\":\"https:\/\/skaitytaknyga.lt\/produktas\/pavojingi-tipai\/#primaryimage\",\"url\":\"https:\/\/skaitytaknyga.lt\/wp-content\/uploads\/2024\/09\/Pavojingi-tipai-FTB-agento-patarimai-kaip-atpazinti-manipuliuotoja-ir-apsisaugoti.jpg\",\"contentUrl\":\"https:\/\/skaitytaknyga.lt\/wp-content\/uploads\/2024\/09\/Pavojingi-tipai-FTB-agento-patarimai-kaip-atpazinti-manipuliuotoja-ir-apsisaugoti.jpg\",\"width\":302,\"height\":450,\"caption\":\"Pavojingi tipai\"},{\"@type\":\"BreadcrumbList\",\"@id\":\"https:\/\/skaitytaknyga.lt\/produktas\/pavojingi-tipai\/#breadcrumb\",\"itemListElement\":[{\"@type\":\"ListItem\",\"position\":1,\"name\":\"Home\",\"item\":\"https:\/\/skaitytaknyga.lt\/\"},{\"@type\":\"ListItem\",\"position\":2,\"name\":\"Parduotuv\u0117\",\"item\":\"https:\/\/skaitytaknyga.lt\/knygu-parduotuve\/\"},{\"@type\":\"ListItem\",\"position\":3,\"name\":\"Pavojingi tipai: FTB agento patarimai, kaip atpa\u017einti manipuliuotoj\u0105 ir apsisaugoti\"}]},{\"@type\":\"WebSite\",\"@id\":\"https:\/\/skaitytaknyga.lt\/#website\",\"url\":\"https:\/\/skaitytaknyga.lt\/\",\"name\":\"skaitytaknyga.lt\",\"description\":\"Skaitytaknyga.lt \u2013 tai ma\u017eas \u0161eimos verslas, kuris prasid\u0117jo nuo meil\u0117s knygoms ir siekio i\u0161gelb\u0117ti knygas nuo likimo prie konteinerio. Kas vienam nereikalingas daiktas \u2013 kitam lobis, o mes esame tarpininkai, kurie padeda abiems tapti laimingesniems ???? \u017dinome kaip nelengva i\u0161gyventi ma\u017eiems verslams, tad nuo \u0161iol, \u010dia rasite ir kit\u0173, ma\u017e\u0173 \u0161eim\u0173 versl\u0173, rank\u0173 darbo, dovan\u0173 sau ir artimiesiems.\",\"publisher\":{\"@id\":\"https:\/\/skaitytaknyga.lt\/#organization\"},\"potentialAction\":[{\"@type\":\"SearchAction\",\"target\":{\"@type\":\"EntryPoint\",\"urlTemplate\":\"https:\/\/skaitytaknyga.lt\/?s={search_term_string}\"},\"query-input\":{\"@type\":\"PropertyValueSpecification\",\"valueRequired\":true,\"valueName\":\"search_term_string\"}}],\"inLanguage\":\"en-GB\"},{\"@type\":\"Organization\",\"@id\":\"https:\/\/skaitytaknyga.lt\/#organization\",\"name\":\"skaitytaknyga.lt\",\"url\":\"https:\/\/skaitytaknyga.lt\/\",\"logo\":{\"@type\":\"ImageObject\",\"inLanguage\":\"en-GB\",\"@id\":\"https:\/\/skaitytaknyga.lt\/#\/schema\/logo\/image\/\",\"url\":\"https:\/\/skaitytaknyga.lt\/wp-content\/uploads\/2024\/05\/cropped-cropped-cropped-02_00843_jt3bggkj1j3HLc7SyY6rEUpg.jpeg\",\"contentUrl\":\"https:\/\/skaitytaknyga.lt\/wp-content\/uploads\/2024\/05\/cropped-cropped-cropped-02_00843_jt3bggkj1j3HLc7SyY6rEUpg.jpeg\",\"width\":1600,\"height\":1600,\"caption\":\"skaitytaknyga.lt\"},\"image\":{\"@id\":\"https:\/\/skaitytaknyga.lt\/#\/schema\/logo\/image\/\"},\"sameAs\":[\"https:\/\/www.facebook.com\/skaitytaknyga\/\"]}]}<\/script>\n<!-- \/ Yoast SEO plugin. -->","yoast_head_json":{"title":"Pavojingi tipai: FTB agento patarimai, kaip atpa\u017einti manipuliuotoj\u0105 ir apsisaugoti","description":"Kaip i\u0161mokti pasteb\u0117ti kit\u0173 \u017emoni\u0173 charakterio ar asmenyb\u0117s sutrikimus? Kaip apsisaugoti nuo emocin\u0117s, psichologin\u0117s, finansin\u0117s ar fizin\u0117s \u017ealos? Joe","robots":{"index":"index","follow":"follow","max-snippet":"max-snippet:-1","max-image-preview":"max-image-preview:large","max-video-preview":"max-video-preview:-1"},"canonical":"https:\/\/skaitytaknyga.lt\/en\/produktas\/pavojingi-tipai\/","og_locale":"en_GB","og_type":"article","og_title":"[:lt]Pavojingi tipai: FTB agento patarimai, kaip atpa\u017einti manipuliuotoj\u0105 ir apsisaugoti[:] - Skaitytaknyga","og_description":"Kaip i\u0161mokti pasteb\u0117ti kit\u0173 \u017emoni\u0173 charakterio ar asmenyb\u0117s sutrikimus? Kaip apsisaugoti nuo emocin\u0117s, psichologin\u0117s, finansin\u0117s ar fizin\u0117s \u017ealos? Joe","og_url":"https:\/\/skaitytaknyga.lt\/en\/produktas\/pavojingi-tipai\/","og_site_name":"Skaitytaknyga","article_publisher":"https:\/\/www.facebook.com\/skaitytaknyga\/","article_modified_time":"2024-09-15T17:38:13+00:00","og_image":[{"width":302,"height":450,"url":"https:\/\/skaitytaknyga.lt\/wp-content\/uploads\/2024\/09\/Pavojingi-tipai-FTB-agento-patarimai-kaip-atpazinti-manipuliuotoja-ir-apsisaugoti.jpg","type":"image\/jpeg"}],"twitter_card":"summary_large_image","twitter_misc":{"Estimated reading time":"2 minutes"},"schema":{"@context":"https:\/\/schema.org","@graph":[{"@type":"WebPage","@id":"https:\/\/skaitytaknyga.lt\/produktas\/pavojingi-tipai\/","url":"https:\/\/skaitytaknyga.lt\/produktas\/pavojingi-tipai\/","name":"Pavojingi tipai: FTB agento patarimai, kaip atpa\u017einti manipuliuotoj\u0105 ir apsisaugoti","isPartOf":{"@id":"https:\/\/skaitytaknyga.lt\/#website"},"primaryImageOfPage":{"@id":"https:\/\/skaitytaknyga.lt\/produktas\/pavojingi-tipai\/#primaryimage"},"image":{"@id":"https:\/\/skaitytaknyga.lt\/produktas\/pavojingi-tipai\/#primaryimage"},"thumbnailUrl":"https:\/\/skaitytaknyga.lt\/wp-content\/uploads\/2024\/09\/Pavojingi-tipai-FTB-agento-patarimai-kaip-atpazinti-manipuliuotoja-ir-apsisaugoti.jpg","datePublished":"2024-09-06T05:03:09+00:00","dateModified":"2024-09-15T17:38:13+00:00","description":"Kaip i\u0161mokti pasteb\u0117ti kit\u0173 \u017emoni\u0173 charakterio ar asmenyb\u0117s sutrikimus? Kaip apsisaugoti nuo emocin\u0117s, psichologin\u0117s, finansin\u0117s ar fizin\u0117s \u017ealos? Joe","breadcrumb":{"@id":"https:\/\/skaitytaknyga.lt\/produktas\/pavojingi-tipai\/#breadcrumb"},"inLanguage":"en-GB","potentialAction":[{"@type":"ReadAction","target":["https:\/\/skaitytaknyga.lt\/produktas\/pavojingi-tipai\/"]}]},{"@type":"ImageObject","inLanguage":"en-GB","@id":"https:\/\/skaitytaknyga.lt\/produktas\/pavojingi-tipai\/#primaryimage","url":"https:\/\/skaitytaknyga.lt\/wp-content\/uploads\/2024\/09\/Pavojingi-tipai-FTB-agento-patarimai-kaip-atpazinti-manipuliuotoja-ir-apsisaugoti.jpg","contentUrl":"https:\/\/skaitytaknyga.lt\/wp-content\/uploads\/2024\/09\/Pavojingi-tipai-FTB-agento-patarimai-kaip-atpazinti-manipuliuotoja-ir-apsisaugoti.jpg","width":302,"height":450,"caption":"Pavojingi tipai"},{"@type":"BreadcrumbList","@id":"https:\/\/skaitytaknyga.lt\/produktas\/pavojingi-tipai\/#breadcrumb","itemListElement":[{"@type":"ListItem","position":1,"name":"Home","item":"https:\/\/skaitytaknyga.lt\/"},{"@type":"ListItem","position":2,"name":"Parduotuv\u0117","item":"https:\/\/skaitytaknyga.lt\/knygu-parduotuve\/"},{"@type":"ListItem","position":3,"name":"Pavojingi tipai: FTB agento patarimai, kaip atpa\u017einti manipuliuotoj\u0105 ir apsisaugoti"}]},{"@type":"WebSite","@id":"https:\/\/skaitytaknyga.lt\/#website","url":"https:\/\/skaitytaknyga.lt\/","name":"skaitytaknyga.lt","description":"Skaitytaknyga.lt \u2013 tai ma\u017eas \u0161eimos verslas, kuris prasid\u0117jo nuo meil\u0117s knygoms ir siekio i\u0161gelb\u0117ti knygas nuo likimo prie konteinerio. Kas vienam nereikalingas daiktas \u2013 kitam lobis, o mes esame tarpininkai, kurie padeda abiems tapti laimingesniems ???? \u017dinome kaip nelengva i\u0161gyventi ma\u017eiems verslams, tad nuo \u0161iol, \u010dia rasite ir kit\u0173, ma\u017e\u0173 \u0161eim\u0173 versl\u0173, rank\u0173 darbo, dovan\u0173 sau ir artimiesiems.","publisher":{"@id":"https:\/\/skaitytaknyga.lt\/#organization"},"potentialAction":[{"@type":"SearchAction","target":{"@type":"EntryPoint","urlTemplate":"https:\/\/skaitytaknyga.lt\/?s={search_term_string}"},"query-input":{"@type":"PropertyValueSpecification","valueRequired":true,"valueName":"search_term_string"}}],"inLanguage":"en-GB"},{"@type":"Organization","@id":"https:\/\/skaitytaknyga.lt\/#organization","name":"skaitytaknyga.lt","url":"https:\/\/skaitytaknyga.lt\/","logo":{"@type":"ImageObject","inLanguage":"en-GB","@id":"https:\/\/skaitytaknyga.lt\/#\/schema\/logo\/image\/","url":"https:\/\/skaitytaknyga.lt\/wp-content\/uploads\/2024\/05\/cropped-cropped-cropped-02_00843_jt3bggkj1j3HLc7SyY6rEUpg.jpeg","contentUrl":"https:\/\/skaitytaknyga.lt\/wp-content\/uploads\/2024\/05\/cropped-cropped-cropped-02_00843_jt3bggkj1j3HLc7SyY6rEUpg.jpeg","width":1600,"height":1600,"caption":"skaitytaknyga.lt"},"image":{"@id":"https:\/\/skaitytaknyga.lt\/#\/schema\/logo\/image\/"},"sameAs":["https:\/\/www.facebook.com\/skaitytaknyga\/"]}]}},"_links":{"self":[{"href":"https:\/\/skaitytaknyga.lt\/en\/wp-json\/wp\/v2\/product\/13659","targetHints":{"allow":["GET"]}}],"collection":[{"href":"https:\/\/skaitytaknyga.lt\/en\/wp-json\/wp\/v2\/product"}],"about":[{"href":"https:\/\/skaitytaknyga.lt\/en\/wp-json\/wp\/v2\/types\/product"}],"replies":[{"embeddable":true,"href":"https:\/\/skaitytaknyga.lt\/en\/wp-json\/wp\/v2\/comments?post=13659"}],"wp:featuredmedia":[{"embeddable":true,"href":"https:\/\/skaitytaknyga.lt\/en\/wp-json\/wp\/v2\/media\/13703"}],"wp:attachment":[{"href":"https:\/\/skaitytaknyga.lt\/en\/wp-json\/wp\/v2\/media?parent=13659"}],"wp:term":[{"taxonomy":"product_brand","embeddable":true,"href":"https:\/\/skaitytaknyga.lt\/en\/wp-json\/wp\/v2\/product_brand?post=13659"},{"taxonomy":"product_cat","embeddable":true,"href":"https:\/\/skaitytaknyga.lt\/en\/wp-json\/wp\/v2\/product_cat?post=13659"},{"taxonomy":"product_tag","embeddable":true,"href":"https:\/\/skaitytaknyga.lt\/en\/wp-json\/wp\/v2\/product_tag?post=13659"}],"curies":[{"name":"wp","href":"https:\/\/api.w.org\/{rel}","templated":true}]}}