{"id":13658,"date":"2024-09-06T08:03:09","date_gmt":"2024-09-06T05:03:09","guid":{"rendered":"https:\/\/skaitytaknyga.lt\/?post_type=product&#038;p=13658"},"modified":"2025-09-02T20:44:13","modified_gmt":"2025-09-02T17:44:13","slug":"itakos-menas","status":"publish","type":"product","link":"https:\/\/skaitytaknyga.lt\/en\/produktas\/itakos-menas\/","title":{"rendered":"Robert B. Cialdini \u201e\u012etakos menas\u201c"},"content":{"rendered":"<p>KNYGA, MOKANTI ATSISPIRTI POVEIKIUI, IR AI\u0160KINANTI, KAS NULEMIA M\u016aS\u0172 SPRENDIMUS.<\/p>\n<p>Efektyvi komunikacija yra ta sritis, kuri nulemia s\u0117km\u0119 daugelyje verslo sri\u010di\u0173. Jeigu norime \u012fvaldyti \u0161i\u0105 srit\u012f, itin svarbu suprasti, kokie \u012ftakos faktoriai \u017emoni\u0173 s\u0105monei yra lemtingi ir kaip juos tinkamai i\u0161naudoti. Pasaulinio bestselerio \u012etakos galia autorius, socialin\u0117s psichologijos meistras Robert B. Cialdini teigia, kad norint \u012ftikinti svarbu ne tai, kas sakoma, bet tai, kokiame kontekste ir kokiomis aplinkyb\u0117mis \u017einia yra perduodama. I\u0161maniai ir nepretenzingai susiedamas mokslinius tyrimus su daugybe realaus gyvenimo pavyzd\u017ei\u0173, autorius para\u0161\u0117 solid\u017ei\u0105 knyg\u0105, kuri verta vietos ne j\u016bs\u0173 lentynoje, o j\u016bs\u0173 galvoje.<\/p>\n<p>Ar \u017einote,<\/p>\n<p>\u00b7 kad \u017emogaus m\u0105stym\u0105 galima pakeisti tik i\u0161 anksto pakeitus jo min\u010di\u0173 eig\u0105?<\/p>\n<p>\u00b7 kad k\u016brybingas d\u0117mesio nukreipimas gali tinkamai paveikti auditorij\u0105?<\/p>\n<p>\u00b7 kad efektyvios propagandos priemon\u0117s naudojamos ne tik reklamoje, bet ir karo metu?<\/p>\n<p>\u00b7 kaip padidinti \u017einut\u0117s efektyvum\u0105, prie\u0161 i\u0161siun\u010diant j\u0105?<\/p>\n<p>\u0160I KNYGA \u2013 TAI UNIKALUS VADOVAS APIE M\u016aS\u0172 ELGES\u012e, \u012ePRO\u010cIUS IR B\u016aDUS \u0160\u012e ELGES\u012e PROGNOZUOTI. SU\u017dINOSITE, NE TIK, K\u0104 SAKYTI, NOR\u0116DAMI PADARYTI \u012eTAK\u0104, BET IR KADA TAI PASAKYTI. J\u016aS\u0172 RANKOSE \u2013 VISI SLAPTI \u012eTAKOS GINKLAI. TAD PIRMYN!<\/p>\n<ul class=\"about-product d-none d-xl-block mt-4\">\n<li><strong>Originalus pavadinimas:<\/strong>\u00a0Pre-Suasion: A Revolutionary Way to Influence and Persuade<\/li>\n<li><strong>Autorius:<\/strong>\u00a0Robert B. Cialdini<\/li>\n<li><strong>Leid\u0117jas:<\/strong>\u00a0Alma littera<\/li>\n<li><strong>Metai:<\/strong>\u00a02017<\/li>\n<li><strong>Puslapiai:<\/strong>\u00a0424<\/li>\n<li><strong>ISBN:<\/strong>\u00a09786090130681<\/li>\n<li><strong>Versijos kodas:<\/strong>\u00a0PT.<\/li>\n<li><strong>Formatas:<\/strong>\u00a015 x 22 x 3 cm, kieti vir\u0161eliai<\/li>\n<li><strong>Kalba:<\/strong>\u00a0Lietuvi\u0173<\/li>\n<li><strong>Vert\u0117jas:<\/strong>\u00a0Nomeda Gudelien\u0117<\/li>\n<\/ul>\n","protected":false},"excerpt":{"rendered":"<p>KNYGA, MOKANTI ATSISPIRTI POVEIKIUI, IR AI\u0160KINANTI, KAS NULEMIA M\u016aS\u0172 SPRENDIMUS. Efektyvi komunikacija yra ta sritis, kuri nulemia s\u0117km\u0119 daugelyje verslo sri\u010di\u0173. Jeigu norime \u012fvaldyti \u0161i\u0105 srit\u012f, itin svarbu suprasti, kokie \u012ftakos faktoriai \u017emoni\u0173 s\u0105monei yra lemtingi ir kaip juos tinkamai i\u0161naudoti. Pasaulinio bestselerio \u012etakos galia autorius, socialin\u0117s psichologijos meistras Robert B. Cialdini teigia, kad norint \u012ftikinti svarbu ne tai, kas sakoma, bet tai, kokiame kontekste ir kokiomis aplinkyb\u0117mis \u017einia yra perduodama. I\u0161maniai ir nepretenzingai susiedamas mokslinius tyrimus su daugybe realaus gyvenimo pavyzd\u017ei\u0173, autorius para\u0161\u0117 solid\u017ei\u0105 knyg\u0105, kuri verta vietos ne j\u016bs\u0173 lentynoje, o j\u016bs\u0173 galvoje. Ar \u017einote, \u00b7 kad \u017emogaus m\u0105stym\u0105 galima pakeisti tik i\u0161 anksto pakeitus jo min\u010di\u0173 eig\u0105? \u00b7 kad k\u016brybingas d\u0117mesio nukreipimas gali tinkamai paveikti auditorij\u0105? \u00b7 kad efektyvios propagandos priemon\u0117s naudojamos ne tik reklamoje, bet ir karo metu? \u00b7 kaip padidinti \u017einut\u0117s efektyvum\u0105, prie\u0161 i\u0161siun\u010diant j\u0105? \u0160I KNYGA \u2013 TAI UNIKALUS VADOVAS APIE M\u016aS\u0172 ELGES\u012e, \u012ePRO\u010cIUS IR B\u016aDUS \u0160\u012e ELGES\u012e PROGNOZUOTI. SU\u017dINOSITE, NE TIK, K\u0104 SAKYTI, NOR\u0116DAMI PADARYTI \u012eTAK\u0104, BET IR KADA TAI PASAKYTI. J\u016aS\u0172 RANKOSE \u2013 VISI SLAPTI \u012eTAKOS GINKLAI. TAD PIRMYN! Originalus pavadinimas:\u00a0Pre-Suasion: A Revolutionary Way to Influence and Persuade Autorius:\u00a0Robert B. Cialdini Leid\u0117jas:\u00a0Alma littera Metai:\u00a02017 Puslapiai:\u00a0424 ISBN:\u00a09786090130681 Versijos kodas:\u00a0PT. Formatas:\u00a015 x 22 x 3 cm, kieti vir\u0161eliai Kalba:\u00a0Lietuvi\u0173 Vert\u0117jas:\u00a0Nomeda Gudelien\u0117<\/p>\n","protected":false},"featured_media":13702,"comment_status":"open","ping_status":"closed","template":"","meta":{"_acf_changed":false,"site-sidebar-layout":"default","site-content-layout":"","ast-site-content-layout":"default","site-content-style":"default","site-sidebar-style":"default","ast-global-header-display":"","ast-banner-title-visibility":"","ast-main-header-display":"","ast-hfb-above-header-display":"","ast-hfb-below-header-display":"","ast-hfb-mobile-header-display":"","site-post-title":"","ast-breadcrumbs-content":"","ast-featured-img":"","footer-sml-layout":"","ast-disable-related-posts":"","theme-transparent-header-meta":"default","adv-header-id-meta":"","stick-header-meta":"","header-above-stick-meta":"","header-main-stick-meta":"","header-below-stick-meta":"","astra-migrate-meta-layouts":"set","ast-page-background-enabled":"default","ast-page-background-meta":{"desktop":{"background-color":"","background-image":"","background-repeat":"repeat","background-position":"center center","background-size":"auto","background-attachment":"scroll","background-type":"","background-media":"","overlay-type":"","overlay-color":"","overlay-opacity":"","overlay-gradient":""},"tablet":{"background-color":"","background-image":"","background-repeat":"repeat","background-position":"center center","background-size":"auto","background-attachment":"scroll","background-type":"","background-media":"","overlay-type":"","overlay-color":"","overlay-opacity":"","overlay-gradient":""},"mobile":{"background-color":"","background-image":"","background-repeat":"repeat","background-position":"center center","background-size":"auto","background-attachment":"scroll","background-type":"","background-media":"","overlay-type":"","overlay-color":"","overlay-opacity":"","overlay-gradient":""}},"ast-content-background-meta":{"desktop":{"background-color":"var(--ast-global-color-4)","background-image":"","background-repeat":"repeat","background-position":"center center","background-size":"auto","background-attachment":"scroll","background-type":"","background-media":"","overlay-type":"","overlay-color":"","overlay-opacity":"","overlay-gradient":""},"tablet":{"background-color":"var(--ast-global-color-4)","background-image":"","background-repeat":"repeat","background-position":"center center","background-size":"auto","background-attachment":"scroll","background-type":"","background-media":"","overlay-type":"","overlay-color":"","overlay-opacity":"","overlay-gradient":""},"mobile":{"background-color":"var(--ast-global-color-4)","background-image":"","background-repeat":"repeat","background-position":"center center","background-size":"auto","background-attachment":"scroll","background-type":"","background-media":"","overlay-type":"","overlay-color":"","overlay-opacity":"","overlay-gradient":""}}},"product_brand":[],"product_cat":[15,30],"product_tag":[],"class_list":{"0":"post-13658","1":"product","2":"type-product","3":"status-publish","4":"has-post-thumbnail","6":"product_cat-uncategorized","7":"product_cat-psichologija-ir-saviugda","8":"desktop-align-left","9":"tablet-align-left","10":"mobile-align-left","12":"first","13":"outofstock","14":"shipping-taxable","15":"purchasable","16":"product-type-simple"},"acf":[],"yoast_head":"<!-- This site is optimized with the Yoast SEO plugin v27.0 - https:\/\/yoast.com\/product\/yoast-seo-wordpress\/ -->\n<title>Robert B. Cialdini \u201e\u012etakos menas\u201c<\/title>\n<meta name=\"description\" content=\"KNYGA, MOKANTI ATSISPIRTI POVEIKIUI, IR AI\u0160KINANTI, KAS NULEMIA M\u016aS\u0172 SPRENDIMUS. Efektyvi komunikacija yra ta sritis, kuri nulemia s\u0117km\u0119 daugelyje verslo\" \/>\n<meta name=\"robots\" content=\"index, follow, max-snippet:-1, max-image-preview:large, max-video-preview:-1\" \/>\n<link rel=\"canonical\" href=\"https:\/\/skaitytaknyga.lt\/en\/produktas\/itakos-menas\/\" \/>\n<meta property=\"og:locale\" content=\"en_GB\" \/>\n<meta property=\"og:locale:alternate\" content=\"lt_LT\" \/>\n<meta property=\"og:type\" content=\"article\" \/>\n<meta property=\"og:title\" content=\"Robert B. Cialdini \u201e\u012etakos menas\u201c\" \/>\n<meta property=\"og:description\" content=\"KNYGA, MOKANTI ATSISPIRTI POVEIKIUI, IR AI\u0160KINANTI, KAS NULEMIA M\u016aS\u0172 SPRENDIMUS. Efektyvi komunikacija yra ta sritis, kuri nulemia s\u0117km\u0119 daugelyje verslo\" \/>\n<meta property=\"og:url\" content=\"https:\/\/skaitytaknyga.lt\/en\/produktas\/itakos-menas\/\" \/>\n<meta property=\"og:site_name\" content=\"Skaitytaknyga\" \/>\n<meta property=\"article:publisher\" content=\"https:\/\/www.facebook.com\/skaitytaknyga\/\" \/>\n<meta property=\"article:modified_time\" content=\"2025-09-02T17:44:13+00:00\" \/>\n<meta property=\"og:image\" content=\"https:\/\/skaitytaknyga.lt\/wp-content\/uploads\/2024\/09\/itakos-menas.webp\" \/>\n\t<meta property=\"og:image:width\" content=\"402\" \/>\n\t<meta property=\"og:image:height\" content=\"600\" \/>\n\t<meta property=\"og:image:type\" content=\"image\/webp\" \/>\n<meta name=\"twitter:card\" content=\"summary_large_image\" \/>\n<meta name=\"twitter:label1\" content=\"Estimated reading time\" \/>\n\t<meta name=\"twitter:data1\" content=\"2 minutes\" \/>\n<script type=\"application\/ld+json\" class=\"yoast-schema-graph\">{\"@context\":\"https:\/\/schema.org\",\"@graph\":[{\"@type\":\"WebPage\",\"@id\":\"https:\/\/skaitytaknyga.lt\/produktas\/itakos-menas\/\",\"url\":\"https:\/\/skaitytaknyga.lt\/produktas\/itakos-menas\/\",\"name\":\"Robert B. Cialdini \u201e\u012etakos menas\u201c\",\"isPartOf\":{\"@id\":\"https:\/\/skaitytaknyga.lt\/#website\"},\"primaryImageOfPage\":{\"@id\":\"https:\/\/skaitytaknyga.lt\/produktas\/itakos-menas\/#primaryimage\"},\"image\":{\"@id\":\"https:\/\/skaitytaknyga.lt\/produktas\/itakos-menas\/#primaryimage\"},\"thumbnailUrl\":\"https:\/\/skaitytaknyga.lt\/wp-content\/uploads\/2024\/09\/itakos-menas.webp\",\"datePublished\":\"2024-09-06T05:03:09+00:00\",\"dateModified\":\"2025-09-02T17:44:13+00:00\",\"description\":\"KNYGA, MOKANTI ATSISPIRTI POVEIKIUI, IR AI\u0160KINANTI, KAS NULEMIA M\u016aS\u0172 SPRENDIMUS. Efektyvi komunikacija yra ta sritis, kuri nulemia s\u0117km\u0119 daugelyje verslo\",\"breadcrumb\":{\"@id\":\"https:\/\/skaitytaknyga.lt\/produktas\/itakos-menas\/#breadcrumb\"},\"inLanguage\":\"en-GB\",\"potentialAction\":[{\"@type\":\"ReadAction\",\"target\":[\"https:\/\/skaitytaknyga.lt\/produktas\/itakos-menas\/\"]}]},{\"@type\":\"ImageObject\",\"inLanguage\":\"en-GB\",\"@id\":\"https:\/\/skaitytaknyga.lt\/produktas\/itakos-menas\/#primaryimage\",\"url\":\"https:\/\/skaitytaknyga.lt\/wp-content\/uploads\/2024\/09\/itakos-menas.webp\",\"contentUrl\":\"https:\/\/skaitytaknyga.lt\/wp-content\/uploads\/2024\/09\/itakos-menas.webp\",\"width\":402,\"height\":600,\"caption\":\"\u012etakos menas\"},{\"@type\":\"BreadcrumbList\",\"@id\":\"https:\/\/skaitytaknyga.lt\/produktas\/itakos-menas\/#breadcrumb\",\"itemListElement\":[{\"@type\":\"ListItem\",\"position\":1,\"name\":\"Home\",\"item\":\"https:\/\/skaitytaknyga.lt\/\"},{\"@type\":\"ListItem\",\"position\":2,\"name\":\"Parduotuv\u0117\",\"item\":\"https:\/\/skaitytaknyga.lt\/knygu-parduotuve\/\"},{\"@type\":\"ListItem\",\"position\":3,\"name\":\"Robert B. Cialdini \u201e\u012etakos menas\u201c\"}]},{\"@type\":\"WebSite\",\"@id\":\"https:\/\/skaitytaknyga.lt\/#website\",\"url\":\"https:\/\/skaitytaknyga.lt\/\",\"name\":\"skaitytaknyga.lt\",\"description\":\"Skaitytaknyga.lt \u2013 tai ma\u017eas \u0161eimos verslas, kuris prasid\u0117jo nuo meil\u0117s knygoms ir siekio i\u0161gelb\u0117ti knygas nuo likimo prie konteinerio. Kas vienam nereikalingas daiktas \u2013 kitam lobis, o mes esame tarpininkai, kurie padeda abiems tapti laimingesniems ???? \u017dinome kaip nelengva i\u0161gyventi ma\u017eiems verslams, tad nuo \u0161iol, \u010dia rasite ir kit\u0173, ma\u017e\u0173 \u0161eim\u0173 versl\u0173, rank\u0173 darbo, dovan\u0173 sau ir artimiesiems.\",\"publisher\":{\"@id\":\"https:\/\/skaitytaknyga.lt\/#organization\"},\"potentialAction\":[{\"@type\":\"SearchAction\",\"target\":{\"@type\":\"EntryPoint\",\"urlTemplate\":\"https:\/\/skaitytaknyga.lt\/?s={search_term_string}\"},\"query-input\":{\"@type\":\"PropertyValueSpecification\",\"valueRequired\":true,\"valueName\":\"search_term_string\"}}],\"inLanguage\":\"en-GB\"},{\"@type\":\"Organization\",\"@id\":\"https:\/\/skaitytaknyga.lt\/#organization\",\"name\":\"skaitytaknyga.lt\",\"url\":\"https:\/\/skaitytaknyga.lt\/\",\"logo\":{\"@type\":\"ImageObject\",\"inLanguage\":\"en-GB\",\"@id\":\"https:\/\/skaitytaknyga.lt\/#\/schema\/logo\/image\/\",\"url\":\"https:\/\/skaitytaknyga.lt\/wp-content\/uploads\/2024\/05\/cropped-cropped-cropped-02_00843_jt3bggkj1j3HLc7SyY6rEUpg.jpeg\",\"contentUrl\":\"https:\/\/skaitytaknyga.lt\/wp-content\/uploads\/2024\/05\/cropped-cropped-cropped-02_00843_jt3bggkj1j3HLc7SyY6rEUpg.jpeg\",\"width\":1600,\"height\":1600,\"caption\":\"skaitytaknyga.lt\"},\"image\":{\"@id\":\"https:\/\/skaitytaknyga.lt\/#\/schema\/logo\/image\/\"},\"sameAs\":[\"https:\/\/www.facebook.com\/skaitytaknyga\/\"]}]}<\/script>\n<!-- \/ Yoast SEO plugin. -->","yoast_head_json":{"title":"Robert B. Cialdini \u201e\u012etakos menas\u201c","description":"KNYGA, MOKANTI ATSISPIRTI POVEIKIUI, IR AI\u0160KINANTI, KAS NULEMIA M\u016aS\u0172 SPRENDIMUS. Efektyvi komunikacija yra ta sritis, kuri nulemia s\u0117km\u0119 daugelyje verslo","robots":{"index":"index","follow":"follow","max-snippet":"max-snippet:-1","max-image-preview":"max-image-preview:large","max-video-preview":"max-video-preview:-1"},"canonical":"https:\/\/skaitytaknyga.lt\/en\/produktas\/itakos-menas\/","og_locale":"en_GB","og_type":"article","og_title":"[:lt]Robert B. Cialdini \u201e\u012etakos menas\u201c[:] - Skaitytaknyga","og_description":"KNYGA, MOKANTI ATSISPIRTI POVEIKIUI, IR AI\u0160KINANTI, KAS NULEMIA M\u016aS\u0172 SPRENDIMUS. Efektyvi komunikacija yra ta sritis, kuri nulemia s\u0117km\u0119 daugelyje verslo","og_url":"https:\/\/skaitytaknyga.lt\/en\/produktas\/itakos-menas\/","og_site_name":"Skaitytaknyga","article_publisher":"https:\/\/www.facebook.com\/skaitytaknyga\/","article_modified_time":"2025-09-02T17:44:13+00:00","og_image":[{"width":402,"height":600,"url":"https:\/\/skaitytaknyga.lt\/wp-content\/uploads\/2024\/09\/itakos-menas.webp","type":"image\/webp"}],"twitter_card":"summary_large_image","twitter_misc":{"Estimated reading time":"2 minutes"},"schema":{"@context":"https:\/\/schema.org","@graph":[{"@type":"WebPage","@id":"https:\/\/skaitytaknyga.lt\/produktas\/itakos-menas\/","url":"https:\/\/skaitytaknyga.lt\/produktas\/itakos-menas\/","name":"Robert B. Cialdini \u201e\u012etakos menas\u201c","isPartOf":{"@id":"https:\/\/skaitytaknyga.lt\/#website"},"primaryImageOfPage":{"@id":"https:\/\/skaitytaknyga.lt\/produktas\/itakos-menas\/#primaryimage"},"image":{"@id":"https:\/\/skaitytaknyga.lt\/produktas\/itakos-menas\/#primaryimage"},"thumbnailUrl":"https:\/\/skaitytaknyga.lt\/wp-content\/uploads\/2024\/09\/itakos-menas.webp","datePublished":"2024-09-06T05:03:09+00:00","dateModified":"2025-09-02T17:44:13+00:00","description":"KNYGA, MOKANTI ATSISPIRTI POVEIKIUI, IR AI\u0160KINANTI, KAS NULEMIA M\u016aS\u0172 SPRENDIMUS. Efektyvi komunikacija yra ta sritis, kuri nulemia s\u0117km\u0119 daugelyje verslo","breadcrumb":{"@id":"https:\/\/skaitytaknyga.lt\/produktas\/itakos-menas\/#breadcrumb"},"inLanguage":"en-GB","potentialAction":[{"@type":"ReadAction","target":["https:\/\/skaitytaknyga.lt\/produktas\/itakos-menas\/"]}]},{"@type":"ImageObject","inLanguage":"en-GB","@id":"https:\/\/skaitytaknyga.lt\/produktas\/itakos-menas\/#primaryimage","url":"https:\/\/skaitytaknyga.lt\/wp-content\/uploads\/2024\/09\/itakos-menas.webp","contentUrl":"https:\/\/skaitytaknyga.lt\/wp-content\/uploads\/2024\/09\/itakos-menas.webp","width":402,"height":600,"caption":"\u012etakos menas"},{"@type":"BreadcrumbList","@id":"https:\/\/skaitytaknyga.lt\/produktas\/itakos-menas\/#breadcrumb","itemListElement":[{"@type":"ListItem","position":1,"name":"Home","item":"https:\/\/skaitytaknyga.lt\/"},{"@type":"ListItem","position":2,"name":"Parduotuv\u0117","item":"https:\/\/skaitytaknyga.lt\/knygu-parduotuve\/"},{"@type":"ListItem","position":3,"name":"Robert B. Cialdini \u201e\u012etakos menas\u201c"}]},{"@type":"WebSite","@id":"https:\/\/skaitytaknyga.lt\/#website","url":"https:\/\/skaitytaknyga.lt\/","name":"skaitytaknyga.lt","description":"Skaitytaknyga.lt \u2013 tai ma\u017eas \u0161eimos verslas, kuris prasid\u0117jo nuo meil\u0117s knygoms ir siekio i\u0161gelb\u0117ti knygas nuo likimo prie konteinerio. Kas vienam nereikalingas daiktas \u2013 kitam lobis, o mes esame tarpininkai, kurie padeda abiems tapti laimingesniems ???? \u017dinome kaip nelengva i\u0161gyventi ma\u017eiems verslams, tad nuo \u0161iol, \u010dia rasite ir kit\u0173, ma\u017e\u0173 \u0161eim\u0173 versl\u0173, rank\u0173 darbo, dovan\u0173 sau ir artimiesiems.","publisher":{"@id":"https:\/\/skaitytaknyga.lt\/#organization"},"potentialAction":[{"@type":"SearchAction","target":{"@type":"EntryPoint","urlTemplate":"https:\/\/skaitytaknyga.lt\/?s={search_term_string}"},"query-input":{"@type":"PropertyValueSpecification","valueRequired":true,"valueName":"search_term_string"}}],"inLanguage":"en-GB"},{"@type":"Organization","@id":"https:\/\/skaitytaknyga.lt\/#organization","name":"skaitytaknyga.lt","url":"https:\/\/skaitytaknyga.lt\/","logo":{"@type":"ImageObject","inLanguage":"en-GB","@id":"https:\/\/skaitytaknyga.lt\/#\/schema\/logo\/image\/","url":"https:\/\/skaitytaknyga.lt\/wp-content\/uploads\/2024\/05\/cropped-cropped-cropped-02_00843_jt3bggkj1j3HLc7SyY6rEUpg.jpeg","contentUrl":"https:\/\/skaitytaknyga.lt\/wp-content\/uploads\/2024\/05\/cropped-cropped-cropped-02_00843_jt3bggkj1j3HLc7SyY6rEUpg.jpeg","width":1600,"height":1600,"caption":"skaitytaknyga.lt"},"image":{"@id":"https:\/\/skaitytaknyga.lt\/#\/schema\/logo\/image\/"},"sameAs":["https:\/\/www.facebook.com\/skaitytaknyga\/"]}]}},"_links":{"self":[{"href":"https:\/\/skaitytaknyga.lt\/en\/wp-json\/wp\/v2\/product\/13658","targetHints":{"allow":["GET"]}}],"collection":[{"href":"https:\/\/skaitytaknyga.lt\/en\/wp-json\/wp\/v2\/product"}],"about":[{"href":"https:\/\/skaitytaknyga.lt\/en\/wp-json\/wp\/v2\/types\/product"}],"replies":[{"embeddable":true,"href":"https:\/\/skaitytaknyga.lt\/en\/wp-json\/wp\/v2\/comments?post=13658"}],"wp:featuredmedia":[{"embeddable":true,"href":"https:\/\/skaitytaknyga.lt\/en\/wp-json\/wp\/v2\/media\/13702"}],"wp:attachment":[{"href":"https:\/\/skaitytaknyga.lt\/en\/wp-json\/wp\/v2\/media?parent=13658"}],"wp:term":[{"taxonomy":"product_brand","embeddable":true,"href":"https:\/\/skaitytaknyga.lt\/en\/wp-json\/wp\/v2\/product_brand?post=13658"},{"taxonomy":"product_cat","embeddable":true,"href":"https:\/\/skaitytaknyga.lt\/en\/wp-json\/wp\/v2\/product_cat?post=13658"},{"taxonomy":"product_tag","embeddable":true,"href":"https:\/\/skaitytaknyga.lt\/en\/wp-json\/wp\/v2\/product_tag?post=13658"}],"curies":[{"name":"wp","href":"https:\/\/api.w.org\/{rel}","templated":true}]}}