{"id":13657,"date":"2024-09-06T08:03:09","date_gmt":"2024-09-06T05:03:09","guid":{"rendered":"https:\/\/skaitytaknyga.lt\/?post_type=product&#038;p=13657"},"modified":"2024-11-04T10:34:19","modified_gmt":"2024-11-04T08:34:19","slug":"john-marks-templeton-amziu-ismintis-knyga-apie-prasminga-gyvenima","status":"publish","type":"product","link":"https:\/\/skaitytaknyga.lt\/en\/produktas\/john-marks-templeton-amziu-ismintis-knyga-apie-prasminga-gyvenima\/","title":{"rendered":"John Marks Templeton \u201eAm\u017ei\u0173 i\u0161mintis. Knyga apie prasming\u0105 gyvenim\u0105\u201c"},"content":{"rendered":"<p>Ar mes galime b\u016bti laimingi \u0161iame neramiame ir konflikt\u0173 draskomame pasaulyje? Kaip mums i\u0161vengti nes\u0117kmi\u0173, k\u0105 daryti, kad gra\u017e\u016bs tikslai nelikt\u0173 tu\u0161\u010diomis svajon\u0117mis? Kaip tur\u0117tume elgtis, kai i\u0161tinka kokia b\u0117da, kaip atremti gyvenimo nelaimes ir nepal\u016b\u017eti po sunkum\u0173 na\u0161ta?<\/p>\n<p>Tai yra klausimai, kurie r\u016bpi visiems. Laimei, atsakymai \u012f juos \u017einomi jau seniai: jei norite gyventi prasmingai, turite laikytis tam tikr\u0173 d\u0117sni\u0173, ar princip\u0173. D\u0117sni\u0173 \u0161altiniai \u012fvair\u016bs: religij\u0173 \u0161ventra\u0161\u010diai, dabarties ir senov\u0117s filosof\u0173 bei mokslinink\u0173 darbai, pasaulin\u0117s literat\u016bros lobynas&#8230;<\/p>\n<p>Kaip tik toks ir yra \u0161ios knygos tikslas \u2013 supa\u017eindinti \u012fvairi\u0173 kult\u016br\u0173 ir religij\u0173 \u017emones su visuotiniais gyvenimo d\u0117sniais, ar principais. D\u0117sniai apra\u0161yti es\u0117 forma drauge su pavyzd\u017eiais, kaip jie veikia. \u0160i knyga atsakys \u012f daugyb\u0119 klausim\u0173, kurie \u017emon\u0117ms nei\u0161vengiamai kyla gyvenimo kelyje.<\/p>\n<ul class=\"about-product d-none d-xl-block mt-4\">\n<li><strong>Originalus pavadinimas:<\/strong>\u00a0The Essential Worldwide Laws of Life<\/li>\n<li><strong>Autorius:<\/strong>\u00a0John Marks Templeton<\/li>\n<li><strong>Leid\u0117jas:<\/strong>\u00a0Luceo<\/li>\n<li><strong>Metai:<\/strong>\u00a02017<\/li>\n<li><strong>Puslapiai:<\/strong>\u00a0360<\/li>\n<li><strong>ISBN:<\/strong>\u00a09786098112597<\/li>\n<li><strong>Versijos kodas:<\/strong>\u00a0P.<\/li>\n<li><strong>Formatas:<\/strong>\u00a017,5 x 25 x 4 cm, kieti vir\u0161eliai<\/li>\n<li><strong>Kalba:<\/strong>\u00a0Lietuvi\u0173<\/li>\n<li><strong>Vert\u0117jas:<\/strong>\u00a0Vytautas Lapukauskas<\/li>\n<\/ul>\n","protected":false},"excerpt":{"rendered":"<p>Ar mes galime b\u016bti laimingi \u0161iame neramiame ir konflikt\u0173 draskomame pasaulyje? Kaip mums i\u0161vengti nes\u0117kmi\u0173, k\u0105 daryti, kad gra\u017e\u016bs tikslai nelikt\u0173 tu\u0161\u010diomis svajon\u0117mis? Kaip tur\u0117tume elgtis, kai i\u0161tinka kokia b\u0117da, kaip atremti gyvenimo nelaimes ir nepal\u016b\u017eti po sunkum\u0173 na\u0161ta? Tai yra klausimai, kurie r\u016bpi visiems. Laimei, atsakymai \u012f juos \u017einomi jau seniai: jei norite gyventi prasmingai, turite laikytis tam tikr\u0173 d\u0117sni\u0173, ar princip\u0173. D\u0117sni\u0173 \u0161altiniai \u012fvair\u016bs: religij\u0173 \u0161ventra\u0161\u010diai, dabarties ir senov\u0117s filosof\u0173 bei mokslinink\u0173 darbai, pasaulin\u0117s literat\u016bros lobynas&#8230; Kaip tik toks ir yra \u0161ios knygos tikslas \u2013 supa\u017eindinti \u012fvairi\u0173 kult\u016br\u0173 ir religij\u0173 \u017emones su visuotiniais gyvenimo d\u0117sniais, ar principais. D\u0117sniai apra\u0161yti es\u0117 forma drauge su pavyzd\u017eiais, kaip jie veikia. \u0160i knyga atsakys \u012f daugyb\u0119 klausim\u0173, kurie \u017emon\u0117ms nei\u0161vengiamai kyla gyvenimo kelyje. Originalus pavadinimas:\u00a0The Essential Worldwide Laws of Life Autorius:\u00a0John Marks Templeton Leid\u0117jas:\u00a0Luceo Metai:\u00a02017 Puslapiai:\u00a0360 ISBN:\u00a09786098112597 Versijos kodas:\u00a0P. Formatas:\u00a017,5 x 25 x 4 cm, kieti vir\u0161eliai Kalba:\u00a0Lietuvi\u0173 Vert\u0117jas:\u00a0Vytautas Lapukauskas<\/p>\n","protected":false},"featured_media":13685,"comment_status":"open","ping_status":"closed","template":"","meta":{"_acf_changed":false,"site-sidebar-layout":"default","site-content-layout":"","ast-site-content-layout":"default","site-content-style":"default","site-sidebar-style":"default","ast-global-header-display":"","ast-banner-title-visibility":"","ast-main-header-display":"","ast-hfb-above-header-display":"","ast-hfb-below-header-display":"","ast-hfb-mobile-header-display":"","site-post-title":"","ast-breadcrumbs-content":"","ast-featured-img":"","footer-sml-layout":"","ast-disable-related-posts":"","theme-transparent-header-meta":"default","adv-header-id-meta":"","stick-header-meta":"","header-above-stick-meta":"","header-main-stick-meta":"","header-below-stick-meta":"","astra-migrate-meta-layouts":"set","ast-page-background-enabled":"default","ast-page-background-meta":{"desktop":{"background-color":"","background-image":"","background-repeat":"repeat","background-position":"center center","background-size":"auto","background-attachment":"scroll","background-type":"","background-media":"","overlay-type":"","overlay-color":"","overlay-opacity":"","overlay-gradient":""},"tablet":{"background-color":"","background-image":"","background-repeat":"repeat","background-position":"center center","background-size":"auto","background-attachment":"scroll","background-type":"","background-media":"","overlay-type":"","overlay-color":"","overlay-opacity":"","overlay-gradient":""},"mobile":{"background-color":"","background-image":"","background-repeat":"repeat","background-position":"center center","background-size":"auto","background-attachment":"scroll","background-type":"","background-media":"","overlay-type":"","overlay-color":"","overlay-opacity":"","overlay-gradient":""}},"ast-content-background-meta":{"desktop":{"background-color":"var(--ast-global-color-4)","background-image":"","background-repeat":"repeat","background-position":"center center","background-size":"auto","background-attachment":"scroll","background-type":"","background-media":"","overlay-type":"","overlay-color":"","overlay-opacity":"","overlay-gradient":""},"tablet":{"background-color":"var(--ast-global-color-4)","background-image":"","background-repeat":"repeat","background-position":"center center","background-size":"auto","background-attachment":"scroll","background-type":"","background-media":"","overlay-type":"","overlay-color":"","overlay-opacity":"","overlay-gradient":""},"mobile":{"background-color":"var(--ast-global-color-4)","background-image":"","background-repeat":"repeat","background-position":"center center","background-size":"auto","background-attachment":"scroll","background-type":"","background-media":"","overlay-type":"","overlay-color":"","overlay-opacity":"","overlay-gradient":""}}},"product_brand":[],"product_cat":[15,165],"product_tag":[],"class_list":{"0":"post-13657","1":"product","2":"type-product","3":"status-publish","4":"has-post-thumbnail","6":"product_cat-uncategorized","7":"product_cat-religija-filosofija-ir-ezoterika","8":"desktop-align-left","9":"tablet-align-left","10":"mobile-align-left","12":"first","13":"outofstock","14":"shipping-taxable","15":"purchasable","16":"product-type-simple"},"acf":[],"yoast_head":"<!-- This site is optimized with the Yoast SEO plugin v27.0 - https:\/\/yoast.com\/product\/yoast-seo-wordpress\/ -->\n<title>John Marks Templeton \u201eAm\u017ei\u0173 i\u0161mintis. Knyga apie prasming\u0105 gyvenim\u0105\u201c<\/title>\n<meta name=\"description\" content=\"Ar mes galime b\u016bti laimingi \u0161iame neramiame ir konflikt\u0173 draskomame pasaulyje? Kaip mums i\u0161vengti nes\u0117kmi\u0173, k\u0105 daryti, kad gra\u017e\u016bs tikslai nelikt\u0173\" \/>\n<meta name=\"robots\" content=\"index, follow, max-snippet:-1, max-image-preview:large, max-video-preview:-1\" \/>\n<link rel=\"canonical\" href=\"https:\/\/skaitytaknyga.lt\/en\/produktas\/john-marks-templeton-amziu-ismintis-knyga-apie-prasminga-gyvenima\/\" \/>\n<meta property=\"og:locale\" content=\"en_GB\" \/>\n<meta property=\"og:locale:alternate\" content=\"lt_LT\" \/>\n<meta property=\"og:type\" content=\"article\" \/>\n<meta property=\"og:title\" content=\"John Marks Templeton \u201eAm\u017ei\u0173 i\u0161mintis. Knyga apie prasming\u0105 gyvenim\u0105\u201c\" \/>\n<meta property=\"og:description\" content=\"Ar mes galime b\u016bti laimingi \u0161iame neramiame ir konflikt\u0173 draskomame pasaulyje? Kaip mums i\u0161vengti nes\u0117kmi\u0173, k\u0105 daryti, kad gra\u017e\u016bs tikslai nelikt\u0173\" \/>\n<meta property=\"og:url\" content=\"https:\/\/skaitytaknyga.lt\/en\/produktas\/john-marks-templeton-amziu-ismintis-knyga-apie-prasminga-gyvenima\/\" \/>\n<meta property=\"og:site_name\" content=\"Skaitytaknyga\" \/>\n<meta property=\"article:publisher\" content=\"https:\/\/www.facebook.com\/skaitytaknyga\/\" \/>\n<meta property=\"article:modified_time\" content=\"2024-11-04T08:34:19+00:00\" \/>\n<meta property=\"og:image\" content=\"https:\/\/skaitytaknyga.lt\/wp-content\/uploads\/2024\/09\/amziu-ismintis-john-marks-templeton.jpg\" \/>\n\t<meta property=\"og:image:width\" content=\"315\" \/>\n\t<meta property=\"og:image:height\" content=\"450\" \/>\n\t<meta property=\"og:image:type\" content=\"image\/jpeg\" \/>\n<meta name=\"twitter:card\" content=\"summary_large_image\" \/>\n<meta name=\"twitter:label1\" content=\"Estimated reading time\" \/>\n\t<meta name=\"twitter:data1\" content=\"2 minutes\" \/>\n<script type=\"application\/ld+json\" class=\"yoast-schema-graph\">{\"@context\":\"https:\/\/schema.org\",\"@graph\":[{\"@type\":\"WebPage\",\"@id\":\"https:\/\/skaitytaknyga.lt\/produktas\/john-marks-templeton-amziu-ismintis-knyga-apie-prasminga-gyvenima\/\",\"url\":\"https:\/\/skaitytaknyga.lt\/produktas\/john-marks-templeton-amziu-ismintis-knyga-apie-prasminga-gyvenima\/\",\"name\":\"John Marks Templeton \u201eAm\u017ei\u0173 i\u0161mintis. Knyga apie prasming\u0105 gyvenim\u0105\u201c\",\"isPartOf\":{\"@id\":\"https:\/\/skaitytaknyga.lt\/#website\"},\"primaryImageOfPage\":{\"@id\":\"https:\/\/skaitytaknyga.lt\/produktas\/john-marks-templeton-amziu-ismintis-knyga-apie-prasminga-gyvenima\/#primaryimage\"},\"image\":{\"@id\":\"https:\/\/skaitytaknyga.lt\/produktas\/john-marks-templeton-amziu-ismintis-knyga-apie-prasminga-gyvenima\/#primaryimage\"},\"thumbnailUrl\":\"https:\/\/skaitytaknyga.lt\/wp-content\/uploads\/2024\/09\/amziu-ismintis-john-marks-templeton.jpg\",\"datePublished\":\"2024-09-06T05:03:09+00:00\",\"dateModified\":\"2024-11-04T08:34:19+00:00\",\"description\":\"Ar mes galime b\u016bti laimingi \u0161iame neramiame ir konflikt\u0173 draskomame pasaulyje? Kaip mums i\u0161vengti nes\u0117kmi\u0173, k\u0105 daryti, kad gra\u017e\u016bs tikslai nelikt\u0173\",\"breadcrumb\":{\"@id\":\"https:\/\/skaitytaknyga.lt\/produktas\/john-marks-templeton-amziu-ismintis-knyga-apie-prasminga-gyvenima\/#breadcrumb\"},\"inLanguage\":\"en-GB\",\"potentialAction\":[{\"@type\":\"ReadAction\",\"target\":[\"https:\/\/skaitytaknyga.lt\/produktas\/john-marks-templeton-amziu-ismintis-knyga-apie-prasminga-gyvenima\/\"]}]},{\"@type\":\"ImageObject\",\"inLanguage\":\"en-GB\",\"@id\":\"https:\/\/skaitytaknyga.lt\/produktas\/john-marks-templeton-amziu-ismintis-knyga-apie-prasminga-gyvenima\/#primaryimage\",\"url\":\"https:\/\/skaitytaknyga.lt\/wp-content\/uploads\/2024\/09\/amziu-ismintis-john-marks-templeton.jpg\",\"contentUrl\":\"https:\/\/skaitytaknyga.lt\/wp-content\/uploads\/2024\/09\/amziu-ismintis-john-marks-templeton.jpg\",\"width\":315,\"height\":450},{\"@type\":\"BreadcrumbList\",\"@id\":\"https:\/\/skaitytaknyga.lt\/produktas\/john-marks-templeton-amziu-ismintis-knyga-apie-prasminga-gyvenima\/#breadcrumb\",\"itemListElement\":[{\"@type\":\"ListItem\",\"position\":1,\"name\":\"Home\",\"item\":\"https:\/\/skaitytaknyga.lt\/\"},{\"@type\":\"ListItem\",\"position\":2,\"name\":\"Parduotuv\u0117\",\"item\":\"https:\/\/skaitytaknyga.lt\/knygu-parduotuve\/\"},{\"@type\":\"ListItem\",\"position\":3,\"name\":\"John Marks Templeton \u201eAm\u017ei\u0173 i\u0161mintis. Knyga apie prasming\u0105 gyvenim\u0105\u201c\"}]},{\"@type\":\"WebSite\",\"@id\":\"https:\/\/skaitytaknyga.lt\/#website\",\"url\":\"https:\/\/skaitytaknyga.lt\/\",\"name\":\"skaitytaknyga.lt\",\"description\":\"Skaitytaknyga.lt \u2013 tai ma\u017eas \u0161eimos verslas, kuris prasid\u0117jo nuo meil\u0117s knygoms ir siekio i\u0161gelb\u0117ti knygas nuo likimo prie konteinerio. Kas vienam nereikalingas daiktas \u2013 kitam lobis, o mes esame tarpininkai, kurie padeda abiems tapti laimingesniems ???? \u017dinome kaip nelengva i\u0161gyventi ma\u017eiems verslams, tad nuo \u0161iol, \u010dia rasite ir kit\u0173, ma\u017e\u0173 \u0161eim\u0173 versl\u0173, rank\u0173 darbo, dovan\u0173 sau ir artimiesiems.\",\"publisher\":{\"@id\":\"https:\/\/skaitytaknyga.lt\/#organization\"},\"potentialAction\":[{\"@type\":\"SearchAction\",\"target\":{\"@type\":\"EntryPoint\",\"urlTemplate\":\"https:\/\/skaitytaknyga.lt\/?s={search_term_string}\"},\"query-input\":{\"@type\":\"PropertyValueSpecification\",\"valueRequired\":true,\"valueName\":\"search_term_string\"}}],\"inLanguage\":\"en-GB\"},{\"@type\":\"Organization\",\"@id\":\"https:\/\/skaitytaknyga.lt\/#organization\",\"name\":\"skaitytaknyga.lt\",\"url\":\"https:\/\/skaitytaknyga.lt\/\",\"logo\":{\"@type\":\"ImageObject\",\"inLanguage\":\"en-GB\",\"@id\":\"https:\/\/skaitytaknyga.lt\/#\/schema\/logo\/image\/\",\"url\":\"https:\/\/skaitytaknyga.lt\/wp-content\/uploads\/2024\/05\/cropped-cropped-cropped-02_00843_jt3bggkj1j3HLc7SyY6rEUpg.jpeg\",\"contentUrl\":\"https:\/\/skaitytaknyga.lt\/wp-content\/uploads\/2024\/05\/cropped-cropped-cropped-02_00843_jt3bggkj1j3HLc7SyY6rEUpg.jpeg\",\"width\":1600,\"height\":1600,\"caption\":\"skaitytaknyga.lt\"},\"image\":{\"@id\":\"https:\/\/skaitytaknyga.lt\/#\/schema\/logo\/image\/\"},\"sameAs\":[\"https:\/\/www.facebook.com\/skaitytaknyga\/\"]}]}<\/script>\n<!-- \/ Yoast SEO plugin. -->","yoast_head_json":{"title":"John Marks Templeton \u201eAm\u017ei\u0173 i\u0161mintis. Knyga apie prasming\u0105 gyvenim\u0105\u201c","description":"Ar mes galime b\u016bti laimingi \u0161iame neramiame ir konflikt\u0173 draskomame pasaulyje? Kaip mums i\u0161vengti nes\u0117kmi\u0173, k\u0105 daryti, kad gra\u017e\u016bs tikslai nelikt\u0173","robots":{"index":"index","follow":"follow","max-snippet":"max-snippet:-1","max-image-preview":"max-image-preview:large","max-video-preview":"max-video-preview:-1"},"canonical":"https:\/\/skaitytaknyga.lt\/en\/produktas\/john-marks-templeton-amziu-ismintis-knyga-apie-prasminga-gyvenima\/","og_locale":"en_GB","og_type":"article","og_title":"[:lt]John Marks Templeton \u201eAm\u017ei\u0173 i\u0161mintis. Knyga apie prasming\u0105 gyvenim\u0105\u201c[:] - Skaitytaknyga","og_description":"Ar mes galime b\u016bti laimingi \u0161iame neramiame ir konflikt\u0173 draskomame pasaulyje? Kaip mums i\u0161vengti nes\u0117kmi\u0173, k\u0105 daryti, kad gra\u017e\u016bs tikslai nelikt\u0173","og_url":"https:\/\/skaitytaknyga.lt\/en\/produktas\/john-marks-templeton-amziu-ismintis-knyga-apie-prasminga-gyvenima\/","og_site_name":"Skaitytaknyga","article_publisher":"https:\/\/www.facebook.com\/skaitytaknyga\/","article_modified_time":"2024-11-04T08:34:19+00:00","og_image":[{"width":315,"height":450,"url":"https:\/\/skaitytaknyga.lt\/wp-content\/uploads\/2024\/09\/amziu-ismintis-john-marks-templeton.jpg","type":"image\/jpeg"}],"twitter_card":"summary_large_image","twitter_misc":{"Estimated reading time":"2 minutes"},"schema":{"@context":"https:\/\/schema.org","@graph":[{"@type":"WebPage","@id":"https:\/\/skaitytaknyga.lt\/produktas\/john-marks-templeton-amziu-ismintis-knyga-apie-prasminga-gyvenima\/","url":"https:\/\/skaitytaknyga.lt\/produktas\/john-marks-templeton-amziu-ismintis-knyga-apie-prasminga-gyvenima\/","name":"John Marks Templeton \u201eAm\u017ei\u0173 i\u0161mintis. Knyga apie prasming\u0105 gyvenim\u0105\u201c","isPartOf":{"@id":"https:\/\/skaitytaknyga.lt\/#website"},"primaryImageOfPage":{"@id":"https:\/\/skaitytaknyga.lt\/produktas\/john-marks-templeton-amziu-ismintis-knyga-apie-prasminga-gyvenima\/#primaryimage"},"image":{"@id":"https:\/\/skaitytaknyga.lt\/produktas\/john-marks-templeton-amziu-ismintis-knyga-apie-prasminga-gyvenima\/#primaryimage"},"thumbnailUrl":"https:\/\/skaitytaknyga.lt\/wp-content\/uploads\/2024\/09\/amziu-ismintis-john-marks-templeton.jpg","datePublished":"2024-09-06T05:03:09+00:00","dateModified":"2024-11-04T08:34:19+00:00","description":"Ar mes galime b\u016bti laimingi \u0161iame neramiame ir konflikt\u0173 draskomame pasaulyje? Kaip mums i\u0161vengti nes\u0117kmi\u0173, k\u0105 daryti, kad gra\u017e\u016bs tikslai nelikt\u0173","breadcrumb":{"@id":"https:\/\/skaitytaknyga.lt\/produktas\/john-marks-templeton-amziu-ismintis-knyga-apie-prasminga-gyvenima\/#breadcrumb"},"inLanguage":"en-GB","potentialAction":[{"@type":"ReadAction","target":["https:\/\/skaitytaknyga.lt\/produktas\/john-marks-templeton-amziu-ismintis-knyga-apie-prasminga-gyvenima\/"]}]},{"@type":"ImageObject","inLanguage":"en-GB","@id":"https:\/\/skaitytaknyga.lt\/produktas\/john-marks-templeton-amziu-ismintis-knyga-apie-prasminga-gyvenima\/#primaryimage","url":"https:\/\/skaitytaknyga.lt\/wp-content\/uploads\/2024\/09\/amziu-ismintis-john-marks-templeton.jpg","contentUrl":"https:\/\/skaitytaknyga.lt\/wp-content\/uploads\/2024\/09\/amziu-ismintis-john-marks-templeton.jpg","width":315,"height":450},{"@type":"BreadcrumbList","@id":"https:\/\/skaitytaknyga.lt\/produktas\/john-marks-templeton-amziu-ismintis-knyga-apie-prasminga-gyvenima\/#breadcrumb","itemListElement":[{"@type":"ListItem","position":1,"name":"Home","item":"https:\/\/skaitytaknyga.lt\/"},{"@type":"ListItem","position":2,"name":"Parduotuv\u0117","item":"https:\/\/skaitytaknyga.lt\/knygu-parduotuve\/"},{"@type":"ListItem","position":3,"name":"John Marks Templeton \u201eAm\u017ei\u0173 i\u0161mintis. Knyga apie prasming\u0105 gyvenim\u0105\u201c"}]},{"@type":"WebSite","@id":"https:\/\/skaitytaknyga.lt\/#website","url":"https:\/\/skaitytaknyga.lt\/","name":"skaitytaknyga.lt","description":"Skaitytaknyga.lt \u2013 tai ma\u017eas \u0161eimos verslas, kuris prasid\u0117jo nuo meil\u0117s knygoms ir siekio i\u0161gelb\u0117ti knygas nuo likimo prie konteinerio. Kas vienam nereikalingas daiktas \u2013 kitam lobis, o mes esame tarpininkai, kurie padeda abiems tapti laimingesniems ???? \u017dinome kaip nelengva i\u0161gyventi ma\u017eiems verslams, tad nuo \u0161iol, \u010dia rasite ir kit\u0173, ma\u017e\u0173 \u0161eim\u0173 versl\u0173, rank\u0173 darbo, dovan\u0173 sau ir artimiesiems.","publisher":{"@id":"https:\/\/skaitytaknyga.lt\/#organization"},"potentialAction":[{"@type":"SearchAction","target":{"@type":"EntryPoint","urlTemplate":"https:\/\/skaitytaknyga.lt\/?s={search_term_string}"},"query-input":{"@type":"PropertyValueSpecification","valueRequired":true,"valueName":"search_term_string"}}],"inLanguage":"en-GB"},{"@type":"Organization","@id":"https:\/\/skaitytaknyga.lt\/#organization","name":"skaitytaknyga.lt","url":"https:\/\/skaitytaknyga.lt\/","logo":{"@type":"ImageObject","inLanguage":"en-GB","@id":"https:\/\/skaitytaknyga.lt\/#\/schema\/logo\/image\/","url":"https:\/\/skaitytaknyga.lt\/wp-content\/uploads\/2024\/05\/cropped-cropped-cropped-02_00843_jt3bggkj1j3HLc7SyY6rEUpg.jpeg","contentUrl":"https:\/\/skaitytaknyga.lt\/wp-content\/uploads\/2024\/05\/cropped-cropped-cropped-02_00843_jt3bggkj1j3HLc7SyY6rEUpg.jpeg","width":1600,"height":1600,"caption":"skaitytaknyga.lt"},"image":{"@id":"https:\/\/skaitytaknyga.lt\/#\/schema\/logo\/image\/"},"sameAs":["https:\/\/www.facebook.com\/skaitytaknyga\/"]}]}},"_links":{"self":[{"href":"https:\/\/skaitytaknyga.lt\/en\/wp-json\/wp\/v2\/product\/13657","targetHints":{"allow":["GET"]}}],"collection":[{"href":"https:\/\/skaitytaknyga.lt\/en\/wp-json\/wp\/v2\/product"}],"about":[{"href":"https:\/\/skaitytaknyga.lt\/en\/wp-json\/wp\/v2\/types\/product"}],"replies":[{"embeddable":true,"href":"https:\/\/skaitytaknyga.lt\/en\/wp-json\/wp\/v2\/comments?post=13657"}],"wp:featuredmedia":[{"embeddable":true,"href":"https:\/\/skaitytaknyga.lt\/en\/wp-json\/wp\/v2\/media\/13685"}],"wp:attachment":[{"href":"https:\/\/skaitytaknyga.lt\/en\/wp-json\/wp\/v2\/media?parent=13657"}],"wp:term":[{"taxonomy":"product_brand","embeddable":true,"href":"https:\/\/skaitytaknyga.lt\/en\/wp-json\/wp\/v2\/product_brand?post=13657"},{"taxonomy":"product_cat","embeddable":true,"href":"https:\/\/skaitytaknyga.lt\/en\/wp-json\/wp\/v2\/product_cat?post=13657"},{"taxonomy":"product_tag","embeddable":true,"href":"https:\/\/skaitytaknyga.lt\/en\/wp-json\/wp\/v2\/product_tag?post=13657"}],"curies":[{"name":"wp","href":"https:\/\/api.w.org\/{rel}","templated":true}]}}