{"id":13655,"date":"2024-09-06T08:03:08","date_gmt":"2024-09-06T05:03:08","guid":{"rendered":"https:\/\/skaitytaknyga.lt\/?post_type=product&#038;p=13655"},"modified":"2024-12-18T11:32:59","modified_gmt":"2024-12-18T09:32:59","slug":"sigmund-freud-kasdienio-gyvenimo-psichopatologija","status":"publish","type":"product","link":"https:\/\/skaitytaknyga.lt\/en\/produktas\/sigmund-freud-kasdienio-gyvenimo-psichopatologija\/","title":{"rendered":"Sigmund Freud \u201eKasdienio gyvenimo psichopatologija\u201c"},"content":{"rendered":"<p>\u201eKasdienio gyvenimo psichopatologija\u201c (1901)\u00a0\u2013 lengvai skaitomas, specialia terminija neperkrautas tekstas\u00a0\u2013 bene populiariausias psichoanaliz\u0117s k\u016br\u0117jo Sigmundo Freudo (1856-1939) k\u016brinys.<\/p>\n<p>Jame autorius gvildena \u201etam tikrus gana da\u017enus, visiems \u017einomus, d\u0117mesio nepatraukian\u010dius fenomenus, kurie neturi nieko bendra su ligomis, nes pasitaiko kiekvienam sveikam \u017emogui\u201c, \u2013 vadinamuosius riktus, v\u0117liau liaudyje pramintus tiesiog \u201eFreudo riktais\u201c, kai apsirinkama \u0161nekant, skaitant, klausant, kai nuki\u0161ami ar pametami daiktai, u\u017emir\u0161tami vardai ir pana\u0161iai.<\/p>\n<p>Autorius: Sigmund Freud<br \/>\nLeid\u0117jas: Apostrofa<br \/>\nMetai: 2006<br \/>\nPuslapiai: 375<br \/>\nISBN: 9789955605263<br \/>\nVersijos kodas: PT.<br \/>\nFormatas: 12 x 16 cm, mink\u0161ti vir\u0161eliai<br \/>\nKalba: Lietuvi\u0173<br \/>\nVert\u0117jas: Ona Meiglien\u0117, R\u016bta Jonynait\u0117<br \/>\nKnyg\u0173 serija: Academia<\/p>\n","protected":false},"excerpt":{"rendered":"<p>\u201eKasdienio gyvenimo psichopatologija\u201c (1901)\u00a0\u2013 lengvai skaitomas, specialia terminija neperkrautas tekstas\u00a0\u2013 bene populiariausias psichoanaliz\u0117s k\u016br\u0117jo Sigmundo Freudo (1856-1939) k\u016brinys. Jame autorius gvildena \u201etam tikrus gana da\u017enus, visiems \u017einomus, d\u0117mesio nepatraukian\u010dius fenomenus, kurie neturi nieko bendra su ligomis, nes pasitaiko kiekvienam sveikam \u017emogui\u201c, \u2013 vadinamuosius riktus, v\u0117liau liaudyje pramintus tiesiog \u201eFreudo riktais\u201c, kai apsirinkama \u0161nekant, skaitant, klausant, kai nuki\u0161ami ar pametami daiktai, u\u017emir\u0161tami vardai ir pana\u0161iai. Autorius: Sigmund Freud Leid\u0117jas: Apostrofa Metai: 2006 Puslapiai: 375 ISBN: 9789955605263 Versijos kodas: PT. Formatas: 12 x 16 cm, mink\u0161ti vir\u0161eliai Kalba: Lietuvi\u0173 Vert\u0117jas: Ona Meiglien\u0117, R\u016bta Jonynait\u0117 Knyg\u0173 serija: Academia<\/p>\n","protected":false},"featured_media":13683,"comment_status":"open","ping_status":"closed","template":"","meta":{"_acf_changed":false,"site-sidebar-layout":"default","site-content-layout":"","ast-site-content-layout":"default","site-content-style":"default","site-sidebar-style":"default","ast-global-header-display":"","ast-banner-title-visibility":"","ast-main-header-display":"","ast-hfb-above-header-display":"","ast-hfb-below-header-display":"","ast-hfb-mobile-header-display":"","site-post-title":"","ast-breadcrumbs-content":"","ast-featured-img":"","footer-sml-layout":"","ast-disable-related-posts":"","theme-transparent-header-meta":"default","adv-header-id-meta":"","stick-header-meta":"","header-above-stick-meta":"","header-main-stick-meta":"","header-below-stick-meta":"","astra-migrate-meta-layouts":"set","ast-page-background-enabled":"default","ast-page-background-meta":{"desktop":{"background-color":"","background-image":"","background-repeat":"repeat","background-position":"center center","background-size":"auto","background-attachment":"scroll","background-type":"","background-media":"","overlay-type":"","overlay-color":"","overlay-opacity":"","overlay-gradient":""},"tablet":{"background-color":"","background-image":"","background-repeat":"repeat","background-position":"center center","background-size":"auto","background-attachment":"scroll","background-type":"","background-media":"","overlay-type":"","overlay-color":"","overlay-opacity":"","overlay-gradient":""},"mobile":{"background-color":"","background-image":"","background-repeat":"repeat","background-position":"center center","background-size":"auto","background-attachment":"scroll","background-type":"","background-media":"","overlay-type":"","overlay-color":"","overlay-opacity":"","overlay-gradient":""}},"ast-content-background-meta":{"desktop":{"background-color":"var(--ast-global-color-4)","background-image":"","background-repeat":"repeat","background-position":"center center","background-size":"auto","background-attachment":"scroll","background-type":"","background-media":"","overlay-type":"","overlay-color":"","overlay-opacity":"","overlay-gradient":""},"tablet":{"background-color":"var(--ast-global-color-4)","background-image":"","background-repeat":"repeat","background-position":"center center","background-size":"auto","background-attachment":"scroll","background-type":"","background-media":"","overlay-type":"","overlay-color":"","overlay-opacity":"","overlay-gradient":""},"mobile":{"background-color":"var(--ast-global-color-4)","background-image":"","background-repeat":"repeat","background-position":"center center","background-size":"auto","background-attachment":"scroll","background-type":"","background-media":"","overlay-type":"","overlay-color":"","overlay-opacity":"","overlay-gradient":""}}},"product_brand":[],"product_cat":[15,165],"product_tag":[],"class_list":{"0":"post-13655","1":"product","2":"type-product","3":"status-publish","4":"has-post-thumbnail","6":"product_cat-uncategorized","7":"product_cat-religija-filosofija-ir-ezoterika","8":"desktop-align-left","9":"tablet-align-left","10":"mobile-align-left","12":"first","13":"outofstock","14":"shipping-taxable","15":"purchasable","16":"product-type-simple"},"acf":[],"yoast_head":"<!-- This site is optimized with the Yoast SEO plugin v27.0 - https:\/\/yoast.com\/product\/yoast-seo-wordpress\/ -->\n<title>Sigmund Freud \u201eKasdienio gyvenimo psichopatologija\u201c<\/title>\n<meta name=\"description\" content=\"\u201eKasdienio gyvenimo psichopatologija\u201c (1901)\u00a0\u2013 lengvai skaitomas, specialia terminija neperkrautas tekstas\u00a0\u2013 bene populiariausias psichoanaliz\u0117s k\u016br\u0117jo\" \/>\n<meta name=\"robots\" content=\"index, follow, max-snippet:-1, max-image-preview:large, max-video-preview:-1\" \/>\n<link rel=\"canonical\" href=\"https:\/\/skaitytaknyga.lt\/en\/produktas\/sigmund-freud-kasdienio-gyvenimo-psichopatologija\/\" \/>\n<meta property=\"og:locale\" content=\"en_GB\" \/>\n<meta property=\"og:locale:alternate\" content=\"lt_LT\" \/>\n<meta property=\"og:type\" content=\"article\" \/>\n<meta property=\"og:title\" content=\"Sigmund Freud \u201eKasdienio gyvenimo psichopatologija\u201c\" \/>\n<meta property=\"og:description\" content=\"\u201eKasdienio gyvenimo psichopatologija\u201c (1901)\u00a0\u2013 lengvai skaitomas, specialia terminija neperkrautas tekstas\u00a0\u2013 bene populiariausias psichoanaliz\u0117s k\u016br\u0117jo\" \/>\n<meta property=\"og:url\" content=\"https:\/\/skaitytaknyga.lt\/en\/produktas\/sigmund-freud-kasdienio-gyvenimo-psichopatologija\/\" \/>\n<meta property=\"og:site_name\" content=\"Skaitytaknyga\" \/>\n<meta property=\"article:publisher\" content=\"https:\/\/www.facebook.com\/skaitytaknyga\/\" \/>\n<meta property=\"article:modified_time\" content=\"2024-12-18T09:32:59+00:00\" \/>\n<meta property=\"og:image\" content=\"https:\/\/skaitytaknyga.lt\/wp-content\/uploads\/2024\/09\/kasdienio-gyvenimo-psichopatologija.webp\" \/>\n\t<meta property=\"og:image:width\" content=\"572\" \/>\n\t<meta property=\"og:image:height\" content=\"800\" \/>\n\t<meta property=\"og:image:type\" content=\"image\/webp\" \/>\n<meta name=\"twitter:card\" content=\"summary_large_image\" \/>\n<meta name=\"twitter:label1\" content=\"Estimated reading time\" \/>\n\t<meta name=\"twitter:data1\" content=\"1 minute\" \/>\n<script type=\"application\/ld+json\" class=\"yoast-schema-graph\">{\"@context\":\"https:\/\/schema.org\",\"@graph\":[{\"@type\":\"WebPage\",\"@id\":\"https:\/\/skaitytaknyga.lt\/produktas\/sigmund-freud-kasdienio-gyvenimo-psichopatologija\/\",\"url\":\"https:\/\/skaitytaknyga.lt\/produktas\/sigmund-freud-kasdienio-gyvenimo-psichopatologija\/\",\"name\":\"Sigmund Freud \u201eKasdienio gyvenimo psichopatologija\u201c\",\"isPartOf\":{\"@id\":\"https:\/\/skaitytaknyga.lt\/#website\"},\"primaryImageOfPage\":{\"@id\":\"https:\/\/skaitytaknyga.lt\/produktas\/sigmund-freud-kasdienio-gyvenimo-psichopatologija\/#primaryimage\"},\"image\":{\"@id\":\"https:\/\/skaitytaknyga.lt\/produktas\/sigmund-freud-kasdienio-gyvenimo-psichopatologija\/#primaryimage\"},\"thumbnailUrl\":\"https:\/\/skaitytaknyga.lt\/wp-content\/uploads\/2024\/09\/kasdienio-gyvenimo-psichopatologija.webp\",\"datePublished\":\"2024-09-06T05:03:08+00:00\",\"dateModified\":\"2024-12-18T09:32:59+00:00\",\"description\":\"\u201eKasdienio gyvenimo psichopatologija\u201c (1901)\u00a0\u2013 lengvai skaitomas, specialia terminija neperkrautas tekstas\u00a0\u2013 bene populiariausias psichoanaliz\u0117s k\u016br\u0117jo\",\"breadcrumb\":{\"@id\":\"https:\/\/skaitytaknyga.lt\/produktas\/sigmund-freud-kasdienio-gyvenimo-psichopatologija\/#breadcrumb\"},\"inLanguage\":\"en-GB\",\"potentialAction\":[{\"@type\":\"ReadAction\",\"target\":[\"https:\/\/skaitytaknyga.lt\/produktas\/sigmund-freud-kasdienio-gyvenimo-psichopatologija\/\"]}]},{\"@type\":\"ImageObject\",\"inLanguage\":\"en-GB\",\"@id\":\"https:\/\/skaitytaknyga.lt\/produktas\/sigmund-freud-kasdienio-gyvenimo-psichopatologija\/#primaryimage\",\"url\":\"https:\/\/skaitytaknyga.lt\/wp-content\/uploads\/2024\/09\/kasdienio-gyvenimo-psichopatologija.webp\",\"contentUrl\":\"https:\/\/skaitytaknyga.lt\/wp-content\/uploads\/2024\/09\/kasdienio-gyvenimo-psichopatologija.webp\",\"width\":572,\"height\":800,\"caption\":\"Sigmund Freud \u201eKasdienio gyvenimo psichopatologija\u201c\"},{\"@type\":\"BreadcrumbList\",\"@id\":\"https:\/\/skaitytaknyga.lt\/produktas\/sigmund-freud-kasdienio-gyvenimo-psichopatologija\/#breadcrumb\",\"itemListElement\":[{\"@type\":\"ListItem\",\"position\":1,\"name\":\"Home\",\"item\":\"https:\/\/skaitytaknyga.lt\/\"},{\"@type\":\"ListItem\",\"position\":2,\"name\":\"Parduotuv\u0117\",\"item\":\"https:\/\/skaitytaknyga.lt\/knygu-parduotuve\/\"},{\"@type\":\"ListItem\",\"position\":3,\"name\":\"Sigmund Freud \u201eKasdienio gyvenimo psichopatologija\u201c\"}]},{\"@type\":\"WebSite\",\"@id\":\"https:\/\/skaitytaknyga.lt\/#website\",\"url\":\"https:\/\/skaitytaknyga.lt\/\",\"name\":\"skaitytaknyga.lt\",\"description\":\"Skaitytaknyga.lt \u2013 tai ma\u017eas \u0161eimos verslas, kuris prasid\u0117jo nuo meil\u0117s knygoms ir siekio i\u0161gelb\u0117ti knygas nuo likimo prie konteinerio. Kas vienam nereikalingas daiktas \u2013 kitam lobis, o mes esame tarpininkai, kurie padeda abiems tapti laimingesniems ???? \u017dinome kaip nelengva i\u0161gyventi ma\u017eiems verslams, tad nuo \u0161iol, \u010dia rasite ir kit\u0173, ma\u017e\u0173 \u0161eim\u0173 versl\u0173, rank\u0173 darbo, dovan\u0173 sau ir artimiesiems.\",\"publisher\":{\"@id\":\"https:\/\/skaitytaknyga.lt\/#organization\"},\"potentialAction\":[{\"@type\":\"SearchAction\",\"target\":{\"@type\":\"EntryPoint\",\"urlTemplate\":\"https:\/\/skaitytaknyga.lt\/?s={search_term_string}\"},\"query-input\":{\"@type\":\"PropertyValueSpecification\",\"valueRequired\":true,\"valueName\":\"search_term_string\"}}],\"inLanguage\":\"en-GB\"},{\"@type\":\"Organization\",\"@id\":\"https:\/\/skaitytaknyga.lt\/#organization\",\"name\":\"skaitytaknyga.lt\",\"url\":\"https:\/\/skaitytaknyga.lt\/\",\"logo\":{\"@type\":\"ImageObject\",\"inLanguage\":\"en-GB\",\"@id\":\"https:\/\/skaitytaknyga.lt\/#\/schema\/logo\/image\/\",\"url\":\"https:\/\/skaitytaknyga.lt\/wp-content\/uploads\/2024\/05\/cropped-cropped-cropped-02_00843_jt3bggkj1j3HLc7SyY6rEUpg.jpeg\",\"contentUrl\":\"https:\/\/skaitytaknyga.lt\/wp-content\/uploads\/2024\/05\/cropped-cropped-cropped-02_00843_jt3bggkj1j3HLc7SyY6rEUpg.jpeg\",\"width\":1600,\"height\":1600,\"caption\":\"skaitytaknyga.lt\"},\"image\":{\"@id\":\"https:\/\/skaitytaknyga.lt\/#\/schema\/logo\/image\/\"},\"sameAs\":[\"https:\/\/www.facebook.com\/skaitytaknyga\/\"]}]}<\/script>\n<!-- \/ Yoast SEO plugin. -->","yoast_head_json":{"title":"Sigmund Freud \u201eKasdienio gyvenimo psichopatologija\u201c","description":"\u201eKasdienio gyvenimo psichopatologija\u201c (1901)\u00a0\u2013 lengvai skaitomas, specialia terminija neperkrautas tekstas\u00a0\u2013 bene populiariausias psichoanaliz\u0117s k\u016br\u0117jo","robots":{"index":"index","follow":"follow","max-snippet":"max-snippet:-1","max-image-preview":"max-image-preview:large","max-video-preview":"max-video-preview:-1"},"canonical":"https:\/\/skaitytaknyga.lt\/en\/produktas\/sigmund-freud-kasdienio-gyvenimo-psichopatologija\/","og_locale":"en_GB","og_type":"article","og_title":"[:lt]Sigmund Freud \u201eKasdienio gyvenimo psichopatologija\u201c[:] - Skaitytaknyga","og_description":"\u201eKasdienio gyvenimo psichopatologija\u201c (1901)\u00a0\u2013 lengvai skaitomas, specialia terminija neperkrautas tekstas\u00a0\u2013 bene populiariausias psichoanaliz\u0117s k\u016br\u0117jo","og_url":"https:\/\/skaitytaknyga.lt\/en\/produktas\/sigmund-freud-kasdienio-gyvenimo-psichopatologija\/","og_site_name":"Skaitytaknyga","article_publisher":"https:\/\/www.facebook.com\/skaitytaknyga\/","article_modified_time":"2024-12-18T09:32:59+00:00","og_image":[{"width":572,"height":800,"url":"https:\/\/skaitytaknyga.lt\/wp-content\/uploads\/2024\/09\/kasdienio-gyvenimo-psichopatologija.webp","type":"image\/webp"}],"twitter_card":"summary_large_image","twitter_misc":{"Estimated reading time":"1 minute"},"schema":{"@context":"https:\/\/schema.org","@graph":[{"@type":"WebPage","@id":"https:\/\/skaitytaknyga.lt\/produktas\/sigmund-freud-kasdienio-gyvenimo-psichopatologija\/","url":"https:\/\/skaitytaknyga.lt\/produktas\/sigmund-freud-kasdienio-gyvenimo-psichopatologija\/","name":"Sigmund Freud \u201eKasdienio gyvenimo psichopatologija\u201c","isPartOf":{"@id":"https:\/\/skaitytaknyga.lt\/#website"},"primaryImageOfPage":{"@id":"https:\/\/skaitytaknyga.lt\/produktas\/sigmund-freud-kasdienio-gyvenimo-psichopatologija\/#primaryimage"},"image":{"@id":"https:\/\/skaitytaknyga.lt\/produktas\/sigmund-freud-kasdienio-gyvenimo-psichopatologija\/#primaryimage"},"thumbnailUrl":"https:\/\/skaitytaknyga.lt\/wp-content\/uploads\/2024\/09\/kasdienio-gyvenimo-psichopatologija.webp","datePublished":"2024-09-06T05:03:08+00:00","dateModified":"2024-12-18T09:32:59+00:00","description":"\u201eKasdienio gyvenimo psichopatologija\u201c (1901)\u00a0\u2013 lengvai skaitomas, specialia terminija neperkrautas tekstas\u00a0\u2013 bene populiariausias psichoanaliz\u0117s k\u016br\u0117jo","breadcrumb":{"@id":"https:\/\/skaitytaknyga.lt\/produktas\/sigmund-freud-kasdienio-gyvenimo-psichopatologija\/#breadcrumb"},"inLanguage":"en-GB","potentialAction":[{"@type":"ReadAction","target":["https:\/\/skaitytaknyga.lt\/produktas\/sigmund-freud-kasdienio-gyvenimo-psichopatologija\/"]}]},{"@type":"ImageObject","inLanguage":"en-GB","@id":"https:\/\/skaitytaknyga.lt\/produktas\/sigmund-freud-kasdienio-gyvenimo-psichopatologija\/#primaryimage","url":"https:\/\/skaitytaknyga.lt\/wp-content\/uploads\/2024\/09\/kasdienio-gyvenimo-psichopatologija.webp","contentUrl":"https:\/\/skaitytaknyga.lt\/wp-content\/uploads\/2024\/09\/kasdienio-gyvenimo-psichopatologija.webp","width":572,"height":800,"caption":"Sigmund Freud \u201eKasdienio gyvenimo psichopatologija\u201c"},{"@type":"BreadcrumbList","@id":"https:\/\/skaitytaknyga.lt\/produktas\/sigmund-freud-kasdienio-gyvenimo-psichopatologija\/#breadcrumb","itemListElement":[{"@type":"ListItem","position":1,"name":"Home","item":"https:\/\/skaitytaknyga.lt\/"},{"@type":"ListItem","position":2,"name":"Parduotuv\u0117","item":"https:\/\/skaitytaknyga.lt\/knygu-parduotuve\/"},{"@type":"ListItem","position":3,"name":"Sigmund Freud \u201eKasdienio gyvenimo psichopatologija\u201c"}]},{"@type":"WebSite","@id":"https:\/\/skaitytaknyga.lt\/#website","url":"https:\/\/skaitytaknyga.lt\/","name":"skaitytaknyga.lt","description":"Skaitytaknyga.lt \u2013 tai ma\u017eas \u0161eimos verslas, kuris prasid\u0117jo nuo meil\u0117s knygoms ir siekio i\u0161gelb\u0117ti knygas nuo likimo prie konteinerio. Kas vienam nereikalingas daiktas \u2013 kitam lobis, o mes esame tarpininkai, kurie padeda abiems tapti laimingesniems ???? \u017dinome kaip nelengva i\u0161gyventi ma\u017eiems verslams, tad nuo \u0161iol, \u010dia rasite ir kit\u0173, ma\u017e\u0173 \u0161eim\u0173 versl\u0173, rank\u0173 darbo, dovan\u0173 sau ir artimiesiems.","publisher":{"@id":"https:\/\/skaitytaknyga.lt\/#organization"},"potentialAction":[{"@type":"SearchAction","target":{"@type":"EntryPoint","urlTemplate":"https:\/\/skaitytaknyga.lt\/?s={search_term_string}"},"query-input":{"@type":"PropertyValueSpecification","valueRequired":true,"valueName":"search_term_string"}}],"inLanguage":"en-GB"},{"@type":"Organization","@id":"https:\/\/skaitytaknyga.lt\/#organization","name":"skaitytaknyga.lt","url":"https:\/\/skaitytaknyga.lt\/","logo":{"@type":"ImageObject","inLanguage":"en-GB","@id":"https:\/\/skaitytaknyga.lt\/#\/schema\/logo\/image\/","url":"https:\/\/skaitytaknyga.lt\/wp-content\/uploads\/2024\/05\/cropped-cropped-cropped-02_00843_jt3bggkj1j3HLc7SyY6rEUpg.jpeg","contentUrl":"https:\/\/skaitytaknyga.lt\/wp-content\/uploads\/2024\/05\/cropped-cropped-cropped-02_00843_jt3bggkj1j3HLc7SyY6rEUpg.jpeg","width":1600,"height":1600,"caption":"skaitytaknyga.lt"},"image":{"@id":"https:\/\/skaitytaknyga.lt\/#\/schema\/logo\/image\/"},"sameAs":["https:\/\/www.facebook.com\/skaitytaknyga\/"]}]}},"_links":{"self":[{"href":"https:\/\/skaitytaknyga.lt\/en\/wp-json\/wp\/v2\/product\/13655","targetHints":{"allow":["GET"]}}],"collection":[{"href":"https:\/\/skaitytaknyga.lt\/en\/wp-json\/wp\/v2\/product"}],"about":[{"href":"https:\/\/skaitytaknyga.lt\/en\/wp-json\/wp\/v2\/types\/product"}],"replies":[{"embeddable":true,"href":"https:\/\/skaitytaknyga.lt\/en\/wp-json\/wp\/v2\/comments?post=13655"}],"wp:featuredmedia":[{"embeddable":true,"href":"https:\/\/skaitytaknyga.lt\/en\/wp-json\/wp\/v2\/media\/13683"}],"wp:attachment":[{"href":"https:\/\/skaitytaknyga.lt\/en\/wp-json\/wp\/v2\/media?parent=13655"}],"wp:term":[{"taxonomy":"product_brand","embeddable":true,"href":"https:\/\/skaitytaknyga.lt\/en\/wp-json\/wp\/v2\/product_brand?post=13655"},{"taxonomy":"product_cat","embeddable":true,"href":"https:\/\/skaitytaknyga.lt\/en\/wp-json\/wp\/v2\/product_cat?post=13655"},{"taxonomy":"product_tag","embeddable":true,"href":"https:\/\/skaitytaknyga.lt\/en\/wp-json\/wp\/v2\/product_tag?post=13655"}],"curies":[{"name":"wp","href":"https:\/\/api.w.org\/{rel}","templated":true}]}}