{"id":13654,"date":"2024-09-06T08:03:08","date_gmt":"2024-09-06T05:03:08","guid":{"rendered":"https:\/\/skaitytaknyga.lt\/?post_type=product&#038;p=13654"},"modified":"2025-05-12T14:15:58","modified_gmt":"2025-05-12T11:15:58","slug":"ajahn-brahm-atverk-savo-sirdies-duris-2","status":"publish","type":"product","link":"https:\/\/skaitytaknyga.lt\/en\/produktas\/ajahn-brahm-atverk-savo-sirdies-duris-2\/","title":{"rendered":"Atverk savo \u0161irdies duris"},"content":{"rendered":"<p><strong>Ajahn Brahm<\/strong>\u00a0gim\u0117 1951 m. Londone kaip Peter Betts, Cambridge studijavo teorin\u0119 fizik\u0105, o dabar jau daugiau kaip trisde\u0161imt met\u0173 yra Theravada budizmo mi\u0161ko tradicijos vienuolis, mokantis budizmo Australijoje, Singap\u016bre ir Malaizijoje. Kassavaitini\u0173 jo pamokym\u0173 You Tube reguliariai klausosi daugiau nei 20 000 \u017emoni\u0173 i\u0161 viso pasaulio.<\/p>\n<p>Budizmo istorijos apie laim\u0119, surinktos \u0161ioje knygoje \u2013 A<strong>jahn Brahm<\/strong>\u00a0mokymo pagrindas. Da\u017enai atrodo, kad viso pasaulio nelaim\u0117s u\u017egriuvo b\u016btent mus; da\u017enai problemos b\u016bna tikros, o m\u016bs\u0173 j\u0117gos \u2013 menkos. Da\u017enai apima li\u016bdesys ir nepasitenkinimas pa\u010diais savimi. Ta\u010diau Ajahn Brahm sako: mums tr\u016bksta tik sielos ramyb\u0117s, skaidraus \u017evilgsnio ir sugeb\u0117jimo atverti savo \u0161irdis laimei.<\/p>\n<p>K\u0105 daryti, kai problem\u0173 kalnas atrodo nepakeliamas?<br \/>\nK\u0105 daryti, kai ne\u017einai, k\u0105 daryti?<br \/>\nK\u0105 daryti, kai \u0161ird\u012f nuodija pavydas ar savigrau\u017ea?<br \/>\nK\u0105 daryti, kai atrodo, kad gyvenimo d\u017eiaugsmas dingo negr\u012f\u017etamai?<\/p>\n<p>Reikia tiesiog atsis\u0117sti ir pasinerti \u012f \u0161i\u0105 knyg\u0105. Vienai valandai, vienai dienai ar penkiolikai minu\u010di\u0173 \u2013 vienai istorijai. I\u0161mintis slypi paprastume; didel\u0117 i\u0161mintis \u2013 \u0161ypsenoje, nieko nedaryme ar arbatos puodelyje.<\/p>\n<p><strong>Ajahn Brahm<\/strong>\u00a0pasakoja istorijas, galin\u010dias pad\u0117ti pasveikti nuo depresijos, pa\u017evelgti \u012f savo gyvenim\u0105 naujomis akimis, pakeisti savo likim\u0105 ir net i\u0161gyventi tarp gyvyb\u0117s ir mirties.<\/p>\n<p>Istorijos paprastos ir linksmos.<br \/>\nIstorijos \u2013 gilios ir i\u0161mintingos.<br \/>\nIstorijos, kurios reikalingos kiekvienam kaip oras ar vandens gurk\u0161nis.<br \/>\nIstorijos, pasakojan\u010dios apie gyvates ir tigrus, politikus ir vienuolius, kalinius ir mokytojus, karalius ir ministrus.<br \/>\nIstorijos, kuri\u0173 herojais gale tapti kiekvienas m\u016bs\u0173 \u2013 jei atversime savo \u0161irdis laimei.<\/p>\n<p>Beje, amerikieti\u0161kasis \u0161ios knygos leidimas vadinosi \u201eKas u\u017esak\u0117 \u0161\u012f ve\u017eim\u0105 m\u0117\u0161lo?\u201c<\/p>\n<ul class=\"about-product mb-3\">\n<li><strong style=\"font-weight: bold;\">Autorius:<\/strong><span class=\"Apple-converted-space\">\u00a0<\/span>Ajahn Brahm<\/li>\n<li><strong style=\"font-weight: bold;\">Leid\u0117jas:<\/strong><span class=\"Apple-converted-space\">\u00a0<\/span>Tyto alba<\/li>\n<li><strong style=\"font-weight: bold;\">Metai:<\/strong><span class=\"Apple-converted-space\">\u00a0<\/span>2019<\/li>\n<li><strong style=\"font-weight: bold;\">Puslapiai:<\/strong><span class=\"Apple-converted-space\">\u00a0<\/span>304<\/li>\n<li><strong style=\"font-weight: bold;\">ISBN:<\/strong><span class=\"Apple-converted-space\">\u00a0<\/span>9789986167792<\/li>\n<li class=\"toggleable type-new-formats \"><strong style=\"font-weight: bold;\">Formatas:<\/strong><span class=\"Apple-converted-space\">\u00a0<\/span>12 x 18 cm, kieti vir\u0161eliai<\/li>\n<li><strong style=\"font-weight: bold;\">Kalba:<\/strong><span class=\"Apple-converted-space\">\u00a0<\/span>Lietuvi\u0173<\/li>\n<li><strong style=\"font-weight: bold;\">Vert\u0117jas:<\/strong><span class=\"Apple-converted-space\">\u00a0<\/span>Inga Bytaut\u0117<\/li>\n<\/ul>\n","protected":false},"excerpt":{"rendered":"<p>Ajahn Brahm\u00a0gim\u0117 1951 m. Londone kaip Peter Betts, Cambridge studijavo teorin\u0119 fizik\u0105, o dabar jau daugiau kaip trisde\u0161imt met\u0173 yra Theravada budizmo mi\u0161ko tradicijos vienuolis, mokantis budizmo Australijoje, Singap\u016bre ir Malaizijoje. Kassavaitini\u0173 jo pamokym\u0173 You Tube reguliariai klausosi daugiau nei 20 000 \u017emoni\u0173 i\u0161 viso pasaulio. Budizmo istorijos apie laim\u0119, surinktos \u0161ioje knygoje \u2013 Ajahn Brahm\u00a0mokymo pagrindas. Da\u017enai atrodo, kad viso pasaulio nelaim\u0117s u\u017egriuvo b\u016btent mus; da\u017enai problemos b\u016bna tikros, o m\u016bs\u0173 j\u0117gos \u2013 menkos. Da\u017enai apima li\u016bdesys ir nepasitenkinimas pa\u010diais savimi. Ta\u010diau Ajahn Brahm sako: mums tr\u016bksta tik sielos ramyb\u0117s, skaidraus \u017evilgsnio ir sugeb\u0117jimo atverti savo \u0161irdis laimei. K\u0105 daryti, kai problem\u0173 kalnas atrodo nepakeliamas? K\u0105 daryti, kai ne\u017einai, k\u0105 daryti? K\u0105 daryti, kai \u0161ird\u012f nuodija pavydas ar savigrau\u017ea? K\u0105 daryti, kai atrodo, kad gyvenimo d\u017eiaugsmas dingo negr\u012f\u017etamai? Reikia tiesiog atsis\u0117sti ir pasinerti \u012f \u0161i\u0105 knyg\u0105. Vienai valandai, vienai dienai ar penkiolikai minu\u010di\u0173 \u2013 vienai istorijai. I\u0161mintis slypi paprastume; didel\u0117 i\u0161mintis \u2013 \u0161ypsenoje, nieko nedaryme ar arbatos puodelyje. Ajahn Brahm\u00a0pasakoja istorijas, galin\u010dias pad\u0117ti pasveikti nuo depresijos, pa\u017evelgti \u012f savo gyvenim\u0105 naujomis akimis, pakeisti savo likim\u0105 ir net i\u0161gyventi tarp gyvyb\u0117s ir mirties. Istorijos paprastos ir linksmos. Istorijos \u2013 gilios ir i\u0161mintingos. Istorijos, kurios reikalingos kiekvienam kaip oras ar vandens gurk\u0161nis. Istorijos, pasakojan\u010dios apie gyvates ir tigrus, politikus ir vienuolius, kalinius ir mokytojus, karalius ir ministrus. Istorijos, kuri\u0173 herojais gale tapti kiekvienas m\u016bs\u0173 \u2013 jei atversime savo \u0161irdis laimei. Beje, amerikieti\u0161kasis \u0161ios knygos leidimas vadinosi \u201eKas u\u017esak\u0117 \u0161\u012f ve\u017eim\u0105 m\u0117\u0161lo?\u201c Autorius:\u00a0Ajahn Brahm Leid\u0117jas:\u00a0Tyto alba Metai:\u00a02019 Puslapiai:\u00a0304 ISBN:\u00a09789986167792 Formatas:\u00a012 x 18 cm, kieti vir\u0161eliai Kalba:\u00a0Lietuvi\u0173 Vert\u0117jas:\u00a0Inga Bytaut\u0117<\/p>\n","protected":false},"featured_media":13687,"comment_status":"open","ping_status":"closed","template":"","meta":{"_acf_changed":false,"site-sidebar-layout":"default","site-content-layout":"","ast-site-content-layout":"default","site-content-style":"default","site-sidebar-style":"default","ast-global-header-display":"","ast-banner-title-visibility":"","ast-main-header-display":"","ast-hfb-above-header-display":"","ast-hfb-below-header-display":"","ast-hfb-mobile-header-display":"","site-post-title":"","ast-breadcrumbs-content":"","ast-featured-img":"","footer-sml-layout":"","ast-disable-related-posts":"","theme-transparent-header-meta":"default","adv-header-id-meta":"","stick-header-meta":"","header-above-stick-meta":"","header-main-stick-meta":"","header-below-stick-meta":"","astra-migrate-meta-layouts":"set","ast-page-background-enabled":"default","ast-page-background-meta":{"desktop":{"background-color":"","background-image":"","background-repeat":"repeat","background-position":"center center","background-size":"auto","background-attachment":"scroll","background-type":"","background-media":"","overlay-type":"","overlay-color":"","overlay-opacity":"","overlay-gradient":""},"tablet":{"background-color":"","background-image":"","background-repeat":"repeat","background-position":"center center","background-size":"auto","background-attachment":"scroll","background-type":"","background-media":"","overlay-type":"","overlay-color":"","overlay-opacity":"","overlay-gradient":""},"mobile":{"background-color":"","background-image":"","background-repeat":"repeat","background-position":"center center","background-size":"auto","background-attachment":"scroll","background-type":"","background-media":"","overlay-type":"","overlay-color":"","overlay-opacity":"","overlay-gradient":""}},"ast-content-background-meta":{"desktop":{"background-color":"var(--ast-global-color-4)","background-image":"","background-repeat":"repeat","background-position":"center center","background-size":"auto","background-attachment":"scroll","background-type":"","background-media":"","overlay-type":"","overlay-color":"","overlay-opacity":"","overlay-gradient":""},"tablet":{"background-color":"var(--ast-global-color-4)","background-image":"","background-repeat":"repeat","background-position":"center center","background-size":"auto","background-attachment":"scroll","background-type":"","background-media":"","overlay-type":"","overlay-color":"","overlay-opacity":"","overlay-gradient":""},"mobile":{"background-color":"var(--ast-global-color-4)","background-image":"","background-repeat":"repeat","background-position":"center center","background-size":"auto","background-attachment":"scroll","background-type":"","background-media":"","overlay-type":"","overlay-color":"","overlay-opacity":"","overlay-gradient":""}}},"product_brand":[],"product_cat":[15,165],"product_tag":[2018,1969,1994,1963,1968],"class_list":{"0":"post-13654","1":"product","2":"type-product","3":"status-publish","4":"has-post-thumbnail","6":"product_cat-uncategorized","7":"product_cat-religija-filosofija-ir-ezoterika","8":"product_tag-ajahn-brahm","9":"product_tag-budizmas","10":"product_tag-dvasinis-augimas","11":"product_tag-meditacija","12":"product_tag-samoningumas","13":"desktop-align-left","14":"tablet-align-left","15":"mobile-align-left","17":"first","18":"instock","19":"sale","20":"shipping-taxable","21":"purchasable","22":"product-type-simple"},"acf":[],"yoast_head":"<!-- This site is optimized with the Yoast SEO plugin v27.0 - https:\/\/yoast.com\/product\/yoast-seo-wordpress\/ -->\n<title>Atverk savo \u0161irdies duris<\/title>\n<meta name=\"description\" content=\"Ajahn Brahm\u00a0gim\u0117 1951 m. Londone kaip Peter Betts, Cambridge studijavo teorin\u0119 fizik\u0105, o dabar jau daugiau kaip trisde\u0161imt met\u0173 yra Theravada budizmo\" \/>\n<meta name=\"robots\" content=\"index, follow, max-snippet:-1, max-image-preview:large, max-video-preview:-1\" \/>\n<link rel=\"canonical\" href=\"https:\/\/skaitytaknyga.lt\/en\/produktas\/ajahn-brahm-atverk-savo-sirdies-duris-2\/\" \/>\n<meta property=\"og:locale\" content=\"en_GB\" \/>\n<meta property=\"og:locale:alternate\" content=\"lt_LT\" \/>\n<meta property=\"og:type\" content=\"article\" \/>\n<meta property=\"og:title\" content=\"Atverk savo \u0161irdies duris\" \/>\n<meta property=\"og:description\" content=\"Ajahn Brahm\u00a0gim\u0117 1951 m. Londone kaip Peter Betts, Cambridge studijavo teorin\u0119 fizik\u0105, o dabar jau daugiau kaip trisde\u0161imt met\u0173 yra Theravada budizmo\" \/>\n<meta property=\"og:url\" content=\"https:\/\/skaitytaknyga.lt\/en\/produktas\/ajahn-brahm-atverk-savo-sirdies-duris-2\/\" \/>\n<meta property=\"og:site_name\" content=\"Skaitytaknyga\" \/>\n<meta property=\"article:publisher\" content=\"https:\/\/www.facebook.com\/skaitytaknyga\/\" \/>\n<meta property=\"article:modified_time\" content=\"2025-05-12T11:15:58+00:00\" \/>\n<meta property=\"og:image\" content=\"https:\/\/skaitytaknyga.lt\/wp-content\/uploads\/2024\/09\/Ajahn-Brahm-\u201eAtverk-savo-sirdies-duris.webp\" \/>\n\t<meta property=\"og:image:width\" content=\"342\" \/>\n\t<meta property=\"og:image:height\" content=\"550\" \/>\n\t<meta property=\"og:image:type\" content=\"image\/webp\" \/>\n<meta name=\"twitter:card\" content=\"summary_large_image\" \/>\n<meta name=\"twitter:label1\" content=\"Estimated reading time\" \/>\n\t<meta name=\"twitter:data1\" content=\"2 minutes\" \/>\n<script type=\"application\/ld+json\" class=\"yoast-schema-graph\">{\"@context\":\"https:\/\/schema.org\",\"@graph\":[{\"@type\":\"WebPage\",\"@id\":\"https:\/\/skaitytaknyga.lt\/produktas\/ajahn-brahm-atverk-savo-sirdies-duris-2\/\",\"url\":\"https:\/\/skaitytaknyga.lt\/produktas\/ajahn-brahm-atverk-savo-sirdies-duris-2\/\",\"name\":\"Atverk savo \u0161irdies duris\",\"isPartOf\":{\"@id\":\"https:\/\/skaitytaknyga.lt\/#website\"},\"primaryImageOfPage\":{\"@id\":\"https:\/\/skaitytaknyga.lt\/produktas\/ajahn-brahm-atverk-savo-sirdies-duris-2\/#primaryimage\"},\"image\":{\"@id\":\"https:\/\/skaitytaknyga.lt\/produktas\/ajahn-brahm-atverk-savo-sirdies-duris-2\/#primaryimage\"},\"thumbnailUrl\":\"https:\/\/skaitytaknyga.lt\/wp-content\/uploads\/2024\/09\/Ajahn-Brahm-\u201eAtverk-savo-sirdies-duris.webp\",\"datePublished\":\"2024-09-06T05:03:08+00:00\",\"dateModified\":\"2025-05-12T11:15:58+00:00\",\"description\":\"Ajahn Brahm\u00a0gim\u0117 1951 m. Londone kaip Peter Betts, Cambridge studijavo teorin\u0119 fizik\u0105, o dabar jau daugiau kaip trisde\u0161imt met\u0173 yra Theravada budizmo\",\"breadcrumb\":{\"@id\":\"https:\/\/skaitytaknyga.lt\/produktas\/ajahn-brahm-atverk-savo-sirdies-duris-2\/#breadcrumb\"},\"inLanguage\":\"en-GB\",\"potentialAction\":[{\"@type\":\"ReadAction\",\"target\":[\"https:\/\/skaitytaknyga.lt\/produktas\/ajahn-brahm-atverk-savo-sirdies-duris-2\/\"]}]},{\"@type\":\"ImageObject\",\"inLanguage\":\"en-GB\",\"@id\":\"https:\/\/skaitytaknyga.lt\/produktas\/ajahn-brahm-atverk-savo-sirdies-duris-2\/#primaryimage\",\"url\":\"https:\/\/skaitytaknyga.lt\/wp-content\/uploads\/2024\/09\/Ajahn-Brahm-\u201eAtverk-savo-sirdies-duris.webp\",\"contentUrl\":\"https:\/\/skaitytaknyga.lt\/wp-content\/uploads\/2024\/09\/Ajahn-Brahm-\u201eAtverk-savo-sirdies-duris.webp\",\"width\":342,\"height\":550,\"caption\":\"Ajahn Brahm \u201eAtverk savo \u0161irdies duris\u201c\"},{\"@type\":\"BreadcrumbList\",\"@id\":\"https:\/\/skaitytaknyga.lt\/produktas\/ajahn-brahm-atverk-savo-sirdies-duris-2\/#breadcrumb\",\"itemListElement\":[{\"@type\":\"ListItem\",\"position\":1,\"name\":\"Home\",\"item\":\"https:\/\/skaitytaknyga.lt\/\"},{\"@type\":\"ListItem\",\"position\":2,\"name\":\"Parduotuv\u0117\",\"item\":\"https:\/\/skaitytaknyga.lt\/knygu-parduotuve\/\"},{\"@type\":\"ListItem\",\"position\":3,\"name\":\"Atverk savo \u0161irdies duris\"}]},{\"@type\":\"WebSite\",\"@id\":\"https:\/\/skaitytaknyga.lt\/#website\",\"url\":\"https:\/\/skaitytaknyga.lt\/\",\"name\":\"skaitytaknyga.lt\",\"description\":\"Skaitytaknyga.lt \u2013 tai ma\u017eas \u0161eimos verslas, kuris prasid\u0117jo nuo meil\u0117s knygoms ir siekio i\u0161gelb\u0117ti knygas nuo likimo prie konteinerio. Kas vienam nereikalingas daiktas \u2013 kitam lobis, o mes esame tarpininkai, kurie padeda abiems tapti laimingesniems ???? \u017dinome kaip nelengva i\u0161gyventi ma\u017eiems verslams, tad nuo \u0161iol, \u010dia rasite ir kit\u0173, ma\u017e\u0173 \u0161eim\u0173 versl\u0173, rank\u0173 darbo, dovan\u0173 sau ir artimiesiems.\",\"publisher\":{\"@id\":\"https:\/\/skaitytaknyga.lt\/#organization\"},\"potentialAction\":[{\"@type\":\"SearchAction\",\"target\":{\"@type\":\"EntryPoint\",\"urlTemplate\":\"https:\/\/skaitytaknyga.lt\/?s={search_term_string}\"},\"query-input\":{\"@type\":\"PropertyValueSpecification\",\"valueRequired\":true,\"valueName\":\"search_term_string\"}}],\"inLanguage\":\"en-GB\"},{\"@type\":\"Organization\",\"@id\":\"https:\/\/skaitytaknyga.lt\/#organization\",\"name\":\"skaitytaknyga.lt\",\"url\":\"https:\/\/skaitytaknyga.lt\/\",\"logo\":{\"@type\":\"ImageObject\",\"inLanguage\":\"en-GB\",\"@id\":\"https:\/\/skaitytaknyga.lt\/#\/schema\/logo\/image\/\",\"url\":\"https:\/\/skaitytaknyga.lt\/wp-content\/uploads\/2024\/05\/cropped-cropped-cropped-02_00843_jt3bggkj1j3HLc7SyY6rEUpg.jpeg\",\"contentUrl\":\"https:\/\/skaitytaknyga.lt\/wp-content\/uploads\/2024\/05\/cropped-cropped-cropped-02_00843_jt3bggkj1j3HLc7SyY6rEUpg.jpeg\",\"width\":1600,\"height\":1600,\"caption\":\"skaitytaknyga.lt\"},\"image\":{\"@id\":\"https:\/\/skaitytaknyga.lt\/#\/schema\/logo\/image\/\"},\"sameAs\":[\"https:\/\/www.facebook.com\/skaitytaknyga\/\"]}]}<\/script>\n<!-- \/ Yoast SEO plugin. -->","yoast_head_json":{"title":"Atverk savo \u0161irdies duris","description":"Ajahn Brahm\u00a0gim\u0117 1951 m. Londone kaip Peter Betts, Cambridge studijavo teorin\u0119 fizik\u0105, o dabar jau daugiau kaip trisde\u0161imt met\u0173 yra Theravada budizmo","robots":{"index":"index","follow":"follow","max-snippet":"max-snippet:-1","max-image-preview":"max-image-preview:large","max-video-preview":"max-video-preview:-1"},"canonical":"https:\/\/skaitytaknyga.lt\/en\/produktas\/ajahn-brahm-atverk-savo-sirdies-duris-2\/","og_locale":"en_GB","og_type":"article","og_title":"[:lt]Atverk savo \u0161irdies duris[:] - Skaitytaknyga","og_description":"Ajahn Brahm\u00a0gim\u0117 1951 m. Londone kaip Peter Betts, Cambridge studijavo teorin\u0119 fizik\u0105, o dabar jau daugiau kaip trisde\u0161imt met\u0173 yra Theravada budizmo","og_url":"https:\/\/skaitytaknyga.lt\/en\/produktas\/ajahn-brahm-atverk-savo-sirdies-duris-2\/","og_site_name":"Skaitytaknyga","article_publisher":"https:\/\/www.facebook.com\/skaitytaknyga\/","article_modified_time":"2025-05-12T11:15:58+00:00","og_image":[{"width":342,"height":550,"url":"https:\/\/skaitytaknyga.lt\/wp-content\/uploads\/2024\/09\/Ajahn-Brahm-\u201eAtverk-savo-sirdies-duris.webp","type":"image\/webp"}],"twitter_card":"summary_large_image","twitter_misc":{"Estimated reading time":"2 minutes"},"schema":{"@context":"https:\/\/schema.org","@graph":[{"@type":"WebPage","@id":"https:\/\/skaitytaknyga.lt\/produktas\/ajahn-brahm-atverk-savo-sirdies-duris-2\/","url":"https:\/\/skaitytaknyga.lt\/produktas\/ajahn-brahm-atverk-savo-sirdies-duris-2\/","name":"Atverk savo \u0161irdies duris","isPartOf":{"@id":"https:\/\/skaitytaknyga.lt\/#website"},"primaryImageOfPage":{"@id":"https:\/\/skaitytaknyga.lt\/produktas\/ajahn-brahm-atverk-savo-sirdies-duris-2\/#primaryimage"},"image":{"@id":"https:\/\/skaitytaknyga.lt\/produktas\/ajahn-brahm-atverk-savo-sirdies-duris-2\/#primaryimage"},"thumbnailUrl":"https:\/\/skaitytaknyga.lt\/wp-content\/uploads\/2024\/09\/Ajahn-Brahm-\u201eAtverk-savo-sirdies-duris.webp","datePublished":"2024-09-06T05:03:08+00:00","dateModified":"2025-05-12T11:15:58+00:00","description":"Ajahn Brahm\u00a0gim\u0117 1951 m. Londone kaip Peter Betts, Cambridge studijavo teorin\u0119 fizik\u0105, o dabar jau daugiau kaip trisde\u0161imt met\u0173 yra Theravada budizmo","breadcrumb":{"@id":"https:\/\/skaitytaknyga.lt\/produktas\/ajahn-brahm-atverk-savo-sirdies-duris-2\/#breadcrumb"},"inLanguage":"en-GB","potentialAction":[{"@type":"ReadAction","target":["https:\/\/skaitytaknyga.lt\/produktas\/ajahn-brahm-atverk-savo-sirdies-duris-2\/"]}]},{"@type":"ImageObject","inLanguage":"en-GB","@id":"https:\/\/skaitytaknyga.lt\/produktas\/ajahn-brahm-atverk-savo-sirdies-duris-2\/#primaryimage","url":"https:\/\/skaitytaknyga.lt\/wp-content\/uploads\/2024\/09\/Ajahn-Brahm-\u201eAtverk-savo-sirdies-duris.webp","contentUrl":"https:\/\/skaitytaknyga.lt\/wp-content\/uploads\/2024\/09\/Ajahn-Brahm-\u201eAtverk-savo-sirdies-duris.webp","width":342,"height":550,"caption":"Ajahn Brahm \u201eAtverk savo \u0161irdies duris\u201c"},{"@type":"BreadcrumbList","@id":"https:\/\/skaitytaknyga.lt\/produktas\/ajahn-brahm-atverk-savo-sirdies-duris-2\/#breadcrumb","itemListElement":[{"@type":"ListItem","position":1,"name":"Home","item":"https:\/\/skaitytaknyga.lt\/"},{"@type":"ListItem","position":2,"name":"Parduotuv\u0117","item":"https:\/\/skaitytaknyga.lt\/knygu-parduotuve\/"},{"@type":"ListItem","position":3,"name":"Atverk savo \u0161irdies duris"}]},{"@type":"WebSite","@id":"https:\/\/skaitytaknyga.lt\/#website","url":"https:\/\/skaitytaknyga.lt\/","name":"skaitytaknyga.lt","description":"Skaitytaknyga.lt \u2013 tai ma\u017eas \u0161eimos verslas, kuris prasid\u0117jo nuo meil\u0117s knygoms ir siekio i\u0161gelb\u0117ti knygas nuo likimo prie konteinerio. Kas vienam nereikalingas daiktas \u2013 kitam lobis, o mes esame tarpininkai, kurie padeda abiems tapti laimingesniems ???? \u017dinome kaip nelengva i\u0161gyventi ma\u017eiems verslams, tad nuo \u0161iol, \u010dia rasite ir kit\u0173, ma\u017e\u0173 \u0161eim\u0173 versl\u0173, rank\u0173 darbo, dovan\u0173 sau ir artimiesiems.","publisher":{"@id":"https:\/\/skaitytaknyga.lt\/#organization"},"potentialAction":[{"@type":"SearchAction","target":{"@type":"EntryPoint","urlTemplate":"https:\/\/skaitytaknyga.lt\/?s={search_term_string}"},"query-input":{"@type":"PropertyValueSpecification","valueRequired":true,"valueName":"search_term_string"}}],"inLanguage":"en-GB"},{"@type":"Organization","@id":"https:\/\/skaitytaknyga.lt\/#organization","name":"skaitytaknyga.lt","url":"https:\/\/skaitytaknyga.lt\/","logo":{"@type":"ImageObject","inLanguage":"en-GB","@id":"https:\/\/skaitytaknyga.lt\/#\/schema\/logo\/image\/","url":"https:\/\/skaitytaknyga.lt\/wp-content\/uploads\/2024\/05\/cropped-cropped-cropped-02_00843_jt3bggkj1j3HLc7SyY6rEUpg.jpeg","contentUrl":"https:\/\/skaitytaknyga.lt\/wp-content\/uploads\/2024\/05\/cropped-cropped-cropped-02_00843_jt3bggkj1j3HLc7SyY6rEUpg.jpeg","width":1600,"height":1600,"caption":"skaitytaknyga.lt"},"image":{"@id":"https:\/\/skaitytaknyga.lt\/#\/schema\/logo\/image\/"},"sameAs":["https:\/\/www.facebook.com\/skaitytaknyga\/"]}]}},"_links":{"self":[{"href":"https:\/\/skaitytaknyga.lt\/en\/wp-json\/wp\/v2\/product\/13654","targetHints":{"allow":["GET"]}}],"collection":[{"href":"https:\/\/skaitytaknyga.lt\/en\/wp-json\/wp\/v2\/product"}],"about":[{"href":"https:\/\/skaitytaknyga.lt\/en\/wp-json\/wp\/v2\/types\/product"}],"replies":[{"embeddable":true,"href":"https:\/\/skaitytaknyga.lt\/en\/wp-json\/wp\/v2\/comments?post=13654"}],"wp:featuredmedia":[{"embeddable":true,"href":"https:\/\/skaitytaknyga.lt\/en\/wp-json\/wp\/v2\/media\/13687"}],"wp:attachment":[{"href":"https:\/\/skaitytaknyga.lt\/en\/wp-json\/wp\/v2\/media?parent=13654"}],"wp:term":[{"taxonomy":"product_brand","embeddable":true,"href":"https:\/\/skaitytaknyga.lt\/en\/wp-json\/wp\/v2\/product_brand?post=13654"},{"taxonomy":"product_cat","embeddable":true,"href":"https:\/\/skaitytaknyga.lt\/en\/wp-json\/wp\/v2\/product_cat?post=13654"},{"taxonomy":"product_tag","embeddable":true,"href":"https:\/\/skaitytaknyga.lt\/en\/wp-json\/wp\/v2\/product_tag?post=13654"}],"curies":[{"name":"wp","href":"https:\/\/api.w.org\/{rel}","templated":true}]}}