{"id":13629,"date":"2024-08-25T17:19:16","date_gmt":"2024-08-25T14:19:16","guid":{"rendered":"https:\/\/skaitytaknyga.lt\/?post_type=product&#038;p=13629"},"modified":"2024-08-25T17:25:22","modified_gmt":"2024-08-25T14:25:22","slug":"bohumil-hrabal-pernelyg-triuksminga-vienatve","status":"publish","type":"product","link":"https:\/\/skaitytaknyga.lt\/en\/produktas\/bohumil-hrabal-pernelyg-triuksminga-vienatve\/","title":{"rendered":"Bohumil Hrabal \u201ePernelyg triuk\u0161minga vienatv\u0117\u201c"},"content":{"rendered":"<p><strong>Bohumil Hrabal<\/strong>\u00a0(1914-1997) &#8211; vienas \u017eymiausi\u0173 XX a. \u010dek\u0173 prozinink\u0173. K\u016brini\u0173 rinktin\u0117je publikuojamos dvi reik\u0161mingiausias jo apysakos ir keturiolika apsakym\u0173. Apysaka \u201ePernelyg triuk\u0161minga vienatv\u0117\u201c, pagal kuri\u0105 pavadinta \u0161i knyga, &#8211; brand\u017eiausias ra\u0161ytojo darbas, savoti\u0161ka jo i\u0161pa\u017eintis.<\/p>\n<p>Ra\u0161ytojo gyvenim\u0105 ir k\u016bryb\u0105 dabar da\u017enai bandoma nusakyti vienu \u017eodz\u017eiu &#8211; hrabaliada. Tas savitas Hrabalo pasaulis apr\u0117pia tik jam b\u016bding\u0105 \u012fronij\u0105, humor\u0105, komi\u0161k\u0105 absurd\u0105 ir a\u0161tr\u0173 stili\u0173, jame alini\u0173 pasakoriaus \u0161nekta dera su filosofiniu kalb\u0117jimu, liaudies i\u0161mintis &#8211; su m\u0105stytoj\u0173 teorijomis.<\/p>\n<ul class=\"about-product d-none d-xl-block mt-4\">\n<li><strong>Autorius:<\/strong>\u00a0Bohumil Hrabal<\/li>\n<li><strong>Leid\u0117jas:<\/strong>\u00a0Lietuvos rytas<\/li>\n<li><strong>Metai:<\/strong>\u00a02007<\/li>\n<li><strong>Puslapiai:<\/strong>\u00a0285<\/li>\n<li><strong>ISBN:<\/strong>\u00a09788498196702<\/li>\n<li><strong>Formatas:<\/strong>\u00a012,2 x 21 cm, kieti vir\u0161eliai<\/li>\n<li><strong>Kalba:<\/strong>\u00a0Lietuvi\u0173<\/li>\n<li><strong>Vert\u0117jas:<\/strong>\u00a0Vytautas Visockas<\/li>\n<\/ul>\n","protected":false},"excerpt":{"rendered":"<p>Bohumil Hrabal\u00a0(1914-1997) &#8211; vienas \u017eymiausi\u0173 XX a. \u010dek\u0173 prozinink\u0173. K\u016brini\u0173 rinktin\u0117je publikuojamos dvi reik\u0161mingiausias jo apysakos ir keturiolika apsakym\u0173. Apysaka \u201ePernelyg triuk\u0161minga vienatv\u0117\u201c, pagal kuri\u0105 pavadinta \u0161i knyga, &#8211; brand\u017eiausias ra\u0161ytojo darbas, savoti\u0161ka jo i\u0161pa\u017eintis. Ra\u0161ytojo gyvenim\u0105 ir k\u016bryb\u0105 dabar da\u017enai bandoma nusakyti vienu \u017eodz\u017eiu &#8211; hrabaliada. Tas savitas Hrabalo pasaulis apr\u0117pia tik jam b\u016bding\u0105 \u012fronij\u0105, humor\u0105, komi\u0161k\u0105 absurd\u0105 ir a\u0161tr\u0173 stili\u0173, jame alini\u0173 pasakoriaus \u0161nekta dera su filosofiniu kalb\u0117jimu, liaudies i\u0161mintis &#8211; su m\u0105stytoj\u0173 teorijomis. Autorius:\u00a0Bohumil Hrabal Leid\u0117jas:\u00a0Lietuvos rytas Metai:\u00a02007 Puslapiai:\u00a0285 ISBN:\u00a09788498196702 Formatas:\u00a012,2 x 21 cm, kieti vir\u0161eliai Kalba:\u00a0Lietuvi\u0173 Vert\u0117jas:\u00a0Vytautas Visockas<\/p>\n","protected":false},"featured_media":13632,"comment_status":"open","ping_status":"closed","template":"","meta":{"_acf_changed":false,"site-sidebar-layout":"default","site-content-layout":"","ast-site-content-layout":"default","site-content-style":"default","site-sidebar-style":"default","ast-global-header-display":"","ast-banner-title-visibility":"","ast-main-header-display":"","ast-hfb-above-header-display":"","ast-hfb-below-header-display":"","ast-hfb-mobile-header-display":"","site-post-title":"","ast-breadcrumbs-content":"","ast-featured-img":"","footer-sml-layout":"","ast-disable-related-posts":"","theme-transparent-header-meta":"default","adv-header-id-meta":"","stick-header-meta":"","header-above-stick-meta":"","header-main-stick-meta":"","header-below-stick-meta":"","astra-migrate-meta-layouts":"set","ast-page-background-enabled":"default","ast-page-background-meta":{"desktop":{"background-color":"","background-image":"","background-repeat":"repeat","background-position":"center center","background-size":"auto","background-attachment":"scroll","background-type":"","background-media":"","overlay-type":"","overlay-color":"","overlay-opacity":"","overlay-gradient":""},"tablet":{"background-color":"","background-image":"","background-repeat":"repeat","background-position":"center center","background-size":"auto","background-attachment":"scroll","background-type":"","background-media":"","overlay-type":"","overlay-color":"","overlay-opacity":"","overlay-gradient":""},"mobile":{"background-color":"","background-image":"","background-repeat":"repeat","background-position":"center center","background-size":"auto","background-attachment":"scroll","background-type":"","background-media":"","overlay-type":"","overlay-color":"","overlay-opacity":"","overlay-gradient":""}},"ast-content-background-meta":{"desktop":{"background-color":"var(--ast-global-color-4)","background-image":"","background-repeat":"repeat","background-position":"center center","background-size":"auto","background-attachment":"scroll","background-type":"","background-media":"","overlay-type":"","overlay-color":"","overlay-opacity":"","overlay-gradient":""},"tablet":{"background-color":"var(--ast-global-color-4)","background-image":"","background-repeat":"repeat","background-position":"center center","background-size":"auto","background-attachment":"scroll","background-type":"","background-media":"","overlay-type":"","overlay-color":"","overlay-opacity":"","overlay-gradient":""},"mobile":{"background-color":"var(--ast-global-color-4)","background-image":"","background-repeat":"repeat","background-position":"center center","background-size":"auto","background-attachment":"scroll","background-type":"","background-media":"","overlay-type":"","overlay-color":"","overlay-opacity":"","overlay-gradient":""}}},"product_brand":[],"product_cat":[31,15],"product_tag":[],"class_list":{"0":"post-13629","1":"product","2":"type-product","3":"status-publish","4":"has-post-thumbnail","6":"product_cat-grozine-literatura","7":"product_cat-uncategorized","8":"desktop-align-left","9":"tablet-align-left","10":"mobile-align-left","12":"first","13":"instock","14":"shipping-taxable","15":"purchasable","16":"product-type-simple"},"acf":[],"yoast_head":"<!-- This site is optimized with the Yoast SEO plugin v27.0 - https:\/\/yoast.com\/product\/yoast-seo-wordpress\/ -->\n<title>Bohumil Hrabal \u201ePernelyg triuk\u0161minga vienatv\u0117\u201c<\/title>\n<meta name=\"description\" content=\"Bohumil Hrabal\u00a0(1914-1997) - vienas \u017eymiausi\u0173 XX a. \u010dek\u0173 prozinink\u0173. K\u016brini\u0173 rinktin\u0117je publikuojamos dvi reik\u0161mingiausias jo apysakos ir keturiolika\" \/>\n<meta name=\"robots\" content=\"index, follow, max-snippet:-1, max-image-preview:large, max-video-preview:-1\" \/>\n<link rel=\"canonical\" href=\"https:\/\/skaitytaknyga.lt\/en\/produktas\/bohumil-hrabal-pernelyg-triuksminga-vienatve\/\" \/>\n<meta property=\"og:locale\" content=\"en_GB\" \/>\n<meta property=\"og:locale:alternate\" content=\"lt_LT\" \/>\n<meta property=\"og:type\" content=\"article\" \/>\n<meta property=\"og:title\" content=\"Bohumil Hrabal \u201ePernelyg triuk\u0161minga vienatv\u0117\u201c\" \/>\n<meta property=\"og:description\" content=\"Bohumil Hrabal\u00a0(1914-1997) - vienas \u017eymiausi\u0173 XX a. \u010dek\u0173 prozinink\u0173. K\u016brini\u0173 rinktin\u0117je publikuojamos dvi reik\u0161mingiausias jo apysakos ir keturiolika\" \/>\n<meta property=\"og:url\" content=\"https:\/\/skaitytaknyga.lt\/en\/produktas\/bohumil-hrabal-pernelyg-triuksminga-vienatve\/\" \/>\n<meta property=\"og:site_name\" content=\"Skaitytaknyga\" \/>\n<meta property=\"article:publisher\" content=\"https:\/\/www.facebook.com\/skaitytaknyga\/\" \/>\n<meta property=\"article:modified_time\" content=\"2024-08-25T14:25:22+00:00\" \/>\n<meta property=\"og:image\" content=\"https:\/\/skaitytaknyga.lt\/wp-content\/uploads\/2024\/08\/Pernelyg-triuksminga-vienatve.webp\" \/>\n\t<meta property=\"og:image:width\" content=\"465\" \/>\n\t<meta property=\"og:image:height\" content=\"800\" \/>\n\t<meta property=\"og:image:type\" content=\"image\/webp\" \/>\n<meta name=\"twitter:card\" content=\"summary_large_image\" \/>\n<meta name=\"twitter:label1\" content=\"Estimated reading time\" \/>\n\t<meta name=\"twitter:data1\" content=\"1 minute\" \/>\n<script type=\"application\/ld+json\" class=\"yoast-schema-graph\">{\"@context\":\"https:\/\/schema.org\",\"@graph\":[{\"@type\":\"WebPage\",\"@id\":\"https:\/\/skaitytaknyga.lt\/produktas\/bohumil-hrabal-pernelyg-triuksminga-vienatve\/\",\"url\":\"https:\/\/skaitytaknyga.lt\/produktas\/bohumil-hrabal-pernelyg-triuksminga-vienatve\/\",\"name\":\"Bohumil Hrabal \u201ePernelyg triuk\u0161minga vienatv\u0117\u201c\",\"isPartOf\":{\"@id\":\"https:\/\/skaitytaknyga.lt\/#website\"},\"primaryImageOfPage\":{\"@id\":\"https:\/\/skaitytaknyga.lt\/produktas\/bohumil-hrabal-pernelyg-triuksminga-vienatve\/#primaryimage\"},\"image\":{\"@id\":\"https:\/\/skaitytaknyga.lt\/produktas\/bohumil-hrabal-pernelyg-triuksminga-vienatve\/#primaryimage\"},\"thumbnailUrl\":\"https:\/\/skaitytaknyga.lt\/wp-content\/uploads\/2024\/08\/Pernelyg-triuksminga-vienatve.webp\",\"datePublished\":\"2024-08-25T14:19:16+00:00\",\"dateModified\":\"2024-08-25T14:25:22+00:00\",\"description\":\"Bohumil Hrabal\u00a0(1914-1997) - vienas \u017eymiausi\u0173 XX a. \u010dek\u0173 prozinink\u0173. K\u016brini\u0173 rinktin\u0117je publikuojamos dvi reik\u0161mingiausias jo apysakos ir keturiolika\",\"breadcrumb\":{\"@id\":\"https:\/\/skaitytaknyga.lt\/produktas\/bohumil-hrabal-pernelyg-triuksminga-vienatve\/#breadcrumb\"},\"inLanguage\":\"en-GB\",\"potentialAction\":[{\"@type\":\"ReadAction\",\"target\":[\"https:\/\/skaitytaknyga.lt\/produktas\/bohumil-hrabal-pernelyg-triuksminga-vienatve\/\"]}]},{\"@type\":\"ImageObject\",\"inLanguage\":\"en-GB\",\"@id\":\"https:\/\/skaitytaknyga.lt\/produktas\/bohumil-hrabal-pernelyg-triuksminga-vienatve\/#primaryimage\",\"url\":\"https:\/\/skaitytaknyga.lt\/wp-content\/uploads\/2024\/08\/Pernelyg-triuksminga-vienatve.webp\",\"contentUrl\":\"https:\/\/skaitytaknyga.lt\/wp-content\/uploads\/2024\/08\/Pernelyg-triuksminga-vienatve.webp\",\"width\":465,\"height\":800,\"caption\":\"Pernelyg triuk\u0161minga vienatv\u0117\"},{\"@type\":\"BreadcrumbList\",\"@id\":\"https:\/\/skaitytaknyga.lt\/produktas\/bohumil-hrabal-pernelyg-triuksminga-vienatve\/#breadcrumb\",\"itemListElement\":[{\"@type\":\"ListItem\",\"position\":1,\"name\":\"Home\",\"item\":\"https:\/\/skaitytaknyga.lt\/\"},{\"@type\":\"ListItem\",\"position\":2,\"name\":\"Parduotuv\u0117\",\"item\":\"https:\/\/skaitytaknyga.lt\/knygu-parduotuve\/\"},{\"@type\":\"ListItem\",\"position\":3,\"name\":\"Bohumil Hrabal \u201ePernelyg triuk\u0161minga vienatv\u0117\u201c\"}]},{\"@type\":\"WebSite\",\"@id\":\"https:\/\/skaitytaknyga.lt\/#website\",\"url\":\"https:\/\/skaitytaknyga.lt\/\",\"name\":\"skaitytaknyga.lt\",\"description\":\"Skaitytaknyga.lt \u2013 tai ma\u017eas \u0161eimos verslas, kuris prasid\u0117jo nuo meil\u0117s knygoms ir siekio i\u0161gelb\u0117ti knygas nuo likimo prie konteinerio. Kas vienam nereikalingas daiktas \u2013 kitam lobis, o mes esame tarpininkai, kurie padeda abiems tapti laimingesniems ???? \u017dinome kaip nelengva i\u0161gyventi ma\u017eiems verslams, tad nuo \u0161iol, \u010dia rasite ir kit\u0173, ma\u017e\u0173 \u0161eim\u0173 versl\u0173, rank\u0173 darbo, dovan\u0173 sau ir artimiesiems.\",\"publisher\":{\"@id\":\"https:\/\/skaitytaknyga.lt\/#organization\"},\"potentialAction\":[{\"@type\":\"SearchAction\",\"target\":{\"@type\":\"EntryPoint\",\"urlTemplate\":\"https:\/\/skaitytaknyga.lt\/?s={search_term_string}\"},\"query-input\":{\"@type\":\"PropertyValueSpecification\",\"valueRequired\":true,\"valueName\":\"search_term_string\"}}],\"inLanguage\":\"en-GB\"},{\"@type\":\"Organization\",\"@id\":\"https:\/\/skaitytaknyga.lt\/#organization\",\"name\":\"skaitytaknyga.lt\",\"url\":\"https:\/\/skaitytaknyga.lt\/\",\"logo\":{\"@type\":\"ImageObject\",\"inLanguage\":\"en-GB\",\"@id\":\"https:\/\/skaitytaknyga.lt\/#\/schema\/logo\/image\/\",\"url\":\"https:\/\/skaitytaknyga.lt\/wp-content\/uploads\/2024\/05\/cropped-cropped-cropped-02_00843_jt3bggkj1j3HLc7SyY6rEUpg.jpeg\",\"contentUrl\":\"https:\/\/skaitytaknyga.lt\/wp-content\/uploads\/2024\/05\/cropped-cropped-cropped-02_00843_jt3bggkj1j3HLc7SyY6rEUpg.jpeg\",\"width\":1600,\"height\":1600,\"caption\":\"skaitytaknyga.lt\"},\"image\":{\"@id\":\"https:\/\/skaitytaknyga.lt\/#\/schema\/logo\/image\/\"},\"sameAs\":[\"https:\/\/www.facebook.com\/skaitytaknyga\/\"]}]}<\/script>\n<!-- \/ Yoast SEO plugin. -->","yoast_head_json":{"title":"Bohumil Hrabal \u201ePernelyg triuk\u0161minga vienatv\u0117\u201c","description":"Bohumil Hrabal\u00a0(1914-1997) - vienas \u017eymiausi\u0173 XX a. \u010dek\u0173 prozinink\u0173. K\u016brini\u0173 rinktin\u0117je publikuojamos dvi reik\u0161mingiausias jo apysakos ir keturiolika","robots":{"index":"index","follow":"follow","max-snippet":"max-snippet:-1","max-image-preview":"max-image-preview:large","max-video-preview":"max-video-preview:-1"},"canonical":"https:\/\/skaitytaknyga.lt\/en\/produktas\/bohumil-hrabal-pernelyg-triuksminga-vienatve\/","og_locale":"en_GB","og_type":"article","og_title":"[:lt]Bohumil Hrabal \u201ePernelyg triuk\u0161minga vienatv\u0117\u201c[:] - Skaitytaknyga","og_description":"Bohumil Hrabal\u00a0(1914-1997) - vienas \u017eymiausi\u0173 XX a. \u010dek\u0173 prozinink\u0173. K\u016brini\u0173 rinktin\u0117je publikuojamos dvi reik\u0161mingiausias jo apysakos ir keturiolika","og_url":"https:\/\/skaitytaknyga.lt\/en\/produktas\/bohumil-hrabal-pernelyg-triuksminga-vienatve\/","og_site_name":"Skaitytaknyga","article_publisher":"https:\/\/www.facebook.com\/skaitytaknyga\/","article_modified_time":"2024-08-25T14:25:22+00:00","og_image":[{"width":465,"height":800,"url":"https:\/\/skaitytaknyga.lt\/wp-content\/uploads\/2024\/08\/Pernelyg-triuksminga-vienatve.webp","type":"image\/webp"}],"twitter_card":"summary_large_image","twitter_misc":{"Estimated reading time":"1 minute"},"schema":{"@context":"https:\/\/schema.org","@graph":[{"@type":"WebPage","@id":"https:\/\/skaitytaknyga.lt\/produktas\/bohumil-hrabal-pernelyg-triuksminga-vienatve\/","url":"https:\/\/skaitytaknyga.lt\/produktas\/bohumil-hrabal-pernelyg-triuksminga-vienatve\/","name":"Bohumil Hrabal \u201ePernelyg triuk\u0161minga vienatv\u0117\u201c","isPartOf":{"@id":"https:\/\/skaitytaknyga.lt\/#website"},"primaryImageOfPage":{"@id":"https:\/\/skaitytaknyga.lt\/produktas\/bohumil-hrabal-pernelyg-triuksminga-vienatve\/#primaryimage"},"image":{"@id":"https:\/\/skaitytaknyga.lt\/produktas\/bohumil-hrabal-pernelyg-triuksminga-vienatve\/#primaryimage"},"thumbnailUrl":"https:\/\/skaitytaknyga.lt\/wp-content\/uploads\/2024\/08\/Pernelyg-triuksminga-vienatve.webp","datePublished":"2024-08-25T14:19:16+00:00","dateModified":"2024-08-25T14:25:22+00:00","description":"Bohumil Hrabal\u00a0(1914-1997) - vienas \u017eymiausi\u0173 XX a. \u010dek\u0173 prozinink\u0173. K\u016brini\u0173 rinktin\u0117je publikuojamos dvi reik\u0161mingiausias jo apysakos ir keturiolika","breadcrumb":{"@id":"https:\/\/skaitytaknyga.lt\/produktas\/bohumil-hrabal-pernelyg-triuksminga-vienatve\/#breadcrumb"},"inLanguage":"en-GB","potentialAction":[{"@type":"ReadAction","target":["https:\/\/skaitytaknyga.lt\/produktas\/bohumil-hrabal-pernelyg-triuksminga-vienatve\/"]}]},{"@type":"ImageObject","inLanguage":"en-GB","@id":"https:\/\/skaitytaknyga.lt\/produktas\/bohumil-hrabal-pernelyg-triuksminga-vienatve\/#primaryimage","url":"https:\/\/skaitytaknyga.lt\/wp-content\/uploads\/2024\/08\/Pernelyg-triuksminga-vienatve.webp","contentUrl":"https:\/\/skaitytaknyga.lt\/wp-content\/uploads\/2024\/08\/Pernelyg-triuksminga-vienatve.webp","width":465,"height":800,"caption":"Pernelyg triuk\u0161minga vienatv\u0117"},{"@type":"BreadcrumbList","@id":"https:\/\/skaitytaknyga.lt\/produktas\/bohumil-hrabal-pernelyg-triuksminga-vienatve\/#breadcrumb","itemListElement":[{"@type":"ListItem","position":1,"name":"Home","item":"https:\/\/skaitytaknyga.lt\/"},{"@type":"ListItem","position":2,"name":"Parduotuv\u0117","item":"https:\/\/skaitytaknyga.lt\/knygu-parduotuve\/"},{"@type":"ListItem","position":3,"name":"Bohumil Hrabal \u201ePernelyg triuk\u0161minga vienatv\u0117\u201c"}]},{"@type":"WebSite","@id":"https:\/\/skaitytaknyga.lt\/#website","url":"https:\/\/skaitytaknyga.lt\/","name":"skaitytaknyga.lt","description":"Skaitytaknyga.lt \u2013 tai ma\u017eas \u0161eimos verslas, kuris prasid\u0117jo nuo meil\u0117s knygoms ir siekio i\u0161gelb\u0117ti knygas nuo likimo prie konteinerio. Kas vienam nereikalingas daiktas \u2013 kitam lobis, o mes esame tarpininkai, kurie padeda abiems tapti laimingesniems ???? \u017dinome kaip nelengva i\u0161gyventi ma\u017eiems verslams, tad nuo \u0161iol, \u010dia rasite ir kit\u0173, ma\u017e\u0173 \u0161eim\u0173 versl\u0173, rank\u0173 darbo, dovan\u0173 sau ir artimiesiems.","publisher":{"@id":"https:\/\/skaitytaknyga.lt\/#organization"},"potentialAction":[{"@type":"SearchAction","target":{"@type":"EntryPoint","urlTemplate":"https:\/\/skaitytaknyga.lt\/?s={search_term_string}"},"query-input":{"@type":"PropertyValueSpecification","valueRequired":true,"valueName":"search_term_string"}}],"inLanguage":"en-GB"},{"@type":"Organization","@id":"https:\/\/skaitytaknyga.lt\/#organization","name":"skaitytaknyga.lt","url":"https:\/\/skaitytaknyga.lt\/","logo":{"@type":"ImageObject","inLanguage":"en-GB","@id":"https:\/\/skaitytaknyga.lt\/#\/schema\/logo\/image\/","url":"https:\/\/skaitytaknyga.lt\/wp-content\/uploads\/2024\/05\/cropped-cropped-cropped-02_00843_jt3bggkj1j3HLc7SyY6rEUpg.jpeg","contentUrl":"https:\/\/skaitytaknyga.lt\/wp-content\/uploads\/2024\/05\/cropped-cropped-cropped-02_00843_jt3bggkj1j3HLc7SyY6rEUpg.jpeg","width":1600,"height":1600,"caption":"skaitytaknyga.lt"},"image":{"@id":"https:\/\/skaitytaknyga.lt\/#\/schema\/logo\/image\/"},"sameAs":["https:\/\/www.facebook.com\/skaitytaknyga\/"]}]}},"_links":{"self":[{"href":"https:\/\/skaitytaknyga.lt\/en\/wp-json\/wp\/v2\/product\/13629","targetHints":{"allow":["GET"]}}],"collection":[{"href":"https:\/\/skaitytaknyga.lt\/en\/wp-json\/wp\/v2\/product"}],"about":[{"href":"https:\/\/skaitytaknyga.lt\/en\/wp-json\/wp\/v2\/types\/product"}],"replies":[{"embeddable":true,"href":"https:\/\/skaitytaknyga.lt\/en\/wp-json\/wp\/v2\/comments?post=13629"}],"wp:featuredmedia":[{"embeddable":true,"href":"https:\/\/skaitytaknyga.lt\/en\/wp-json\/wp\/v2\/media\/13632"}],"wp:attachment":[{"href":"https:\/\/skaitytaknyga.lt\/en\/wp-json\/wp\/v2\/media?parent=13629"}],"wp:term":[{"taxonomy":"product_brand","embeddable":true,"href":"https:\/\/skaitytaknyga.lt\/en\/wp-json\/wp\/v2\/product_brand?post=13629"},{"taxonomy":"product_cat","embeddable":true,"href":"https:\/\/skaitytaknyga.lt\/en\/wp-json\/wp\/v2\/product_cat?post=13629"},{"taxonomy":"product_tag","embeddable":true,"href":"https:\/\/skaitytaknyga.lt\/en\/wp-json\/wp\/v2\/product_tag?post=13629"}],"curies":[{"name":"wp","href":"https:\/\/api.w.org\/{rel}","templated":true}]}}