{"id":13623,"date":"2024-08-25T17:19:22","date_gmt":"2024-08-25T14:19:22","guid":{"rendered":"https:\/\/skaitytaknyga.lt\/?post_type=product&#038;p=13623"},"modified":"2024-08-25T17:23:29","modified_gmt":"2024-08-25T14:23:29","slug":"michail-bulgakov-suns-sirdis","status":"publish","type":"product","link":"https:\/\/skaitytaknyga.lt\/en\/produktas\/michail-bulgakov-suns-sirdis\/","title":{"rendered":"Michail Bulgakov \u201e\u0160uns \u0160irdis\u201c"},"content":{"rendered":"<p>1917 metais u\u017egrob\u0119 vald\u017ei\u0105 Rusijoje bol\u0161evikai nutild\u0117 \u0161alies menininkus, revoliucijos ir pilietinio karo liudininkus. Daugum\u0105 tiesiog sunaikino. Kelis de\u0161imtme\u010dius literat\u016broje, kine, teatre, tapyboje, skulpt\u016broje spind\u0117jo plok\u0161\u010dias \u201eherojin\u0117s\u201c revoliucijos paveikslas. Kitos to meto \u012fvyki\u0173 versijos, neredaguotos ir nekupi\u016bruotos, pasirod\u0117 tik XX am\u017eiaus pabaigoje.<\/p>\n<p>Rus\u0173 literat\u016bros klasikas Michailas Bulgakovas (1891\u20131940) \u2013 did\u017eiojo bol\u0161evik\u0173 perversmo liudininkas, teis\u0117jas ir auka. Apysakoje \u201e\u0160uns \u0161irdis\u201c, kupinoje satyros, grotesko ir juodojo humoro alegorijoje, \u012ftaigiai atskleid\u017eiamos pragai\u0161tingos toki\u0173 perversm\u0173 pasekm\u0117s. Joje ra\u0161ytojas sujung\u0117 sovietini\u0173 laik\u0173 prad\u017eios gyvenimo aktualijas su i\u0161moninga fantastika. \u012estabiai atskleistas tuometis gyvenimas, itin stipriomis emocijomis tryk\u0161tantis dinami\u0161kas pasakojimas \u017eavi ir stulbina skaitytojus iki \u0161iol.<\/p>\n<ul class=\"about-product d-none d-xl-block mt-4\">\n<li><strong>Autorius:<\/strong>\u00a0Michail Bulgakov<\/li>\n<li><strong>Leid\u0117jas:<\/strong>\u00a0Lietuvos rytas<\/li>\n<li><strong>Metai:<\/strong>\u00a02006<\/li>\n<li><strong>Puslapiai:<\/strong>\u00a0158<\/li>\n<li><strong>ISBN:<\/strong>\u00a09788498196702<\/li>\n<li><strong>Formatas:<\/strong>\u00a012,5 x 21 cm, kieti vir\u0161eliai<\/li>\n<li><strong>Kalba:<\/strong>\u00a0Lietuvi\u0173<\/li>\n<li><strong>Vert\u0117jas:<\/strong>\u00a0Jurgis Gimberis<\/li>\n<\/ul>\n","protected":false},"excerpt":{"rendered":"<p>1917 metais u\u017egrob\u0119 vald\u017ei\u0105 Rusijoje bol\u0161evikai nutild\u0117 \u0161alies menininkus, revoliucijos ir pilietinio karo liudininkus. Daugum\u0105 tiesiog sunaikino. Kelis de\u0161imtme\u010dius literat\u016broje, kine, teatre, tapyboje, skulpt\u016broje spind\u0117jo plok\u0161\u010dias \u201eherojin\u0117s\u201c revoliucijos paveikslas. Kitos to meto \u012fvyki\u0173 versijos, neredaguotos ir nekupi\u016bruotos, pasirod\u0117 tik XX am\u017eiaus pabaigoje. Rus\u0173 literat\u016bros klasikas Michailas Bulgakovas (1891\u20131940) \u2013 did\u017eiojo bol\u0161evik\u0173 perversmo liudininkas, teis\u0117jas ir auka. Apysakoje \u201e\u0160uns \u0161irdis\u201c, kupinoje satyros, grotesko ir juodojo humoro alegorijoje, \u012ftaigiai atskleid\u017eiamos pragai\u0161tingos toki\u0173 perversm\u0173 pasekm\u0117s. Joje ra\u0161ytojas sujung\u0117 sovietini\u0173 laik\u0173 prad\u017eios gyvenimo aktualijas su i\u0161moninga fantastika. \u012estabiai atskleistas tuometis gyvenimas, itin stipriomis emocijomis tryk\u0161tantis dinami\u0161kas pasakojimas \u017eavi ir stulbina skaitytojus iki \u0161iol. Autorius:\u00a0Michail Bulgakov Leid\u0117jas:\u00a0Lietuvos rytas Metai:\u00a02006 Puslapiai:\u00a0158 ISBN:\u00a09788498196702 Formatas:\u00a012,5 x 21 cm, kieti vir\u0161eliai Kalba:\u00a0Lietuvi\u0173 Vert\u0117jas:\u00a0Jurgis Gimberis<\/p>\n","protected":false},"featured_media":13638,"comment_status":"open","ping_status":"closed","template":"","meta":{"_acf_changed":false,"site-sidebar-layout":"default","site-content-layout":"","ast-site-content-layout":"default","site-content-style":"default","site-sidebar-style":"default","ast-global-header-display":"","ast-banner-title-visibility":"","ast-main-header-display":"","ast-hfb-above-header-display":"","ast-hfb-below-header-display":"","ast-hfb-mobile-header-display":"","site-post-title":"","ast-breadcrumbs-content":"","ast-featured-img":"","footer-sml-layout":"","ast-disable-related-posts":"","theme-transparent-header-meta":"default","adv-header-id-meta":"","stick-header-meta":"","header-above-stick-meta":"","header-main-stick-meta":"","header-below-stick-meta":"","astra-migrate-meta-layouts":"set","ast-page-background-enabled":"default","ast-page-background-meta":{"desktop":{"background-color":"","background-image":"","background-repeat":"repeat","background-position":"center center","background-size":"auto","background-attachment":"scroll","background-type":"","background-media":"","overlay-type":"","overlay-color":"","overlay-opacity":"","overlay-gradient":""},"tablet":{"background-color":"","background-image":"","background-repeat":"repeat","background-position":"center center","background-size":"auto","background-attachment":"scroll","background-type":"","background-media":"","overlay-type":"","overlay-color":"","overlay-opacity":"","overlay-gradient":""},"mobile":{"background-color":"","background-image":"","background-repeat":"repeat","background-position":"center center","background-size":"auto","background-attachment":"scroll","background-type":"","background-media":"","overlay-type":"","overlay-color":"","overlay-opacity":"","overlay-gradient":""}},"ast-content-background-meta":{"desktop":{"background-color":"var(--ast-global-color-4)","background-image":"","background-repeat":"repeat","background-position":"center center","background-size":"auto","background-attachment":"scroll","background-type":"","background-media":"","overlay-type":"","overlay-color":"","overlay-opacity":"","overlay-gradient":""},"tablet":{"background-color":"var(--ast-global-color-4)","background-image":"","background-repeat":"repeat","background-position":"center center","background-size":"auto","background-attachment":"scroll","background-type":"","background-media":"","overlay-type":"","overlay-color":"","overlay-opacity":"","overlay-gradient":""},"mobile":{"background-color":"var(--ast-global-color-4)","background-image":"","background-repeat":"repeat","background-position":"center center","background-size":"auto","background-attachment":"scroll","background-type":"","background-media":"","overlay-type":"","overlay-color":"","overlay-opacity":"","overlay-gradient":""}}},"product_brand":[],"product_cat":[31,15],"product_tag":[],"class_list":{"0":"post-13623","1":"product","2":"type-product","3":"status-publish","4":"has-post-thumbnail","6":"product_cat-grozine-literatura","7":"product_cat-uncategorized","8":"desktop-align-left","9":"tablet-align-left","10":"mobile-align-left","12":"first","13":"instock","14":"shipping-taxable","15":"purchasable","16":"product-type-simple"},"acf":[],"yoast_head":"<!-- This site is optimized with the Yoast SEO plugin v27.0 - https:\/\/yoast.com\/product\/yoast-seo-wordpress\/ -->\n<title>Michail Bulgakov \u201e\u0160uns \u0160irdis\u201c<\/title>\n<meta name=\"description\" content=\"1917 metais u\u017egrob\u0119 vald\u017ei\u0105 Rusijoje bol\u0161evikai nutild\u0117 \u0161alies menininkus, revoliucijos ir pilietinio karo liudininkus. Daugum\u0105 tiesiog sunaikino. Kelis\" \/>\n<meta name=\"robots\" content=\"index, follow, max-snippet:-1, max-image-preview:large, max-video-preview:-1\" \/>\n<link rel=\"canonical\" href=\"https:\/\/skaitytaknyga.lt\/en\/produktas\/michail-bulgakov-suns-sirdis\/\" \/>\n<meta property=\"og:locale\" content=\"en_GB\" \/>\n<meta property=\"og:locale:alternate\" content=\"lt_LT\" \/>\n<meta property=\"og:type\" content=\"article\" \/>\n<meta property=\"og:title\" content=\"Michail Bulgakov \u201e\u0160uns \u0160irdis\u201c\" \/>\n<meta property=\"og:description\" content=\"1917 metais u\u017egrob\u0119 vald\u017ei\u0105 Rusijoje bol\u0161evikai nutild\u0117 \u0161alies menininkus, revoliucijos ir pilietinio karo liudininkus. Daugum\u0105 tiesiog sunaikino. Kelis\" \/>\n<meta property=\"og:url\" content=\"https:\/\/skaitytaknyga.lt\/en\/produktas\/michail-bulgakov-suns-sirdis\/\" \/>\n<meta property=\"og:site_name\" content=\"Skaitytaknyga\" \/>\n<meta property=\"article:publisher\" content=\"https:\/\/www.facebook.com\/skaitytaknyga\/\" \/>\n<meta property=\"article:modified_time\" content=\"2024-08-25T14:23:29+00:00\" \/>\n<meta property=\"og:image\" content=\"https:\/\/skaitytaknyga.lt\/wp-content\/uploads\/2024\/08\/1462882522_img0022-001.webp\" \/>\n\t<meta property=\"og:image:width\" content=\"465\" \/>\n\t<meta property=\"og:image:height\" content=\"800\" \/>\n\t<meta property=\"og:image:type\" content=\"image\/webp\" \/>\n<meta name=\"twitter:card\" content=\"summary_large_image\" \/>\n<meta name=\"twitter:label1\" content=\"Estimated reading time\" \/>\n\t<meta name=\"twitter:data1\" content=\"1 minute\" \/>\n<script type=\"application\/ld+json\" class=\"yoast-schema-graph\">{\"@context\":\"https:\/\/schema.org\",\"@graph\":[{\"@type\":\"WebPage\",\"@id\":\"https:\/\/skaitytaknyga.lt\/produktas\/michail-bulgakov-suns-sirdis\/\",\"url\":\"https:\/\/skaitytaknyga.lt\/produktas\/michail-bulgakov-suns-sirdis\/\",\"name\":\"Michail Bulgakov \u201e\u0160uns \u0160irdis\u201c\",\"isPartOf\":{\"@id\":\"https:\/\/skaitytaknyga.lt\/#website\"},\"primaryImageOfPage\":{\"@id\":\"https:\/\/skaitytaknyga.lt\/produktas\/michail-bulgakov-suns-sirdis\/#primaryimage\"},\"image\":{\"@id\":\"https:\/\/skaitytaknyga.lt\/produktas\/michail-bulgakov-suns-sirdis\/#primaryimage\"},\"thumbnailUrl\":\"https:\/\/skaitytaknyga.lt\/wp-content\/uploads\/2024\/08\/1462882522_img0022-001.webp\",\"datePublished\":\"2024-08-25T14:19:22+00:00\",\"dateModified\":\"2024-08-25T14:23:29+00:00\",\"description\":\"1917 metais u\u017egrob\u0119 vald\u017ei\u0105 Rusijoje bol\u0161evikai nutild\u0117 \u0161alies menininkus, revoliucijos ir pilietinio karo liudininkus. Daugum\u0105 tiesiog sunaikino. Kelis\",\"breadcrumb\":{\"@id\":\"https:\/\/skaitytaknyga.lt\/produktas\/michail-bulgakov-suns-sirdis\/#breadcrumb\"},\"inLanguage\":\"en-GB\",\"potentialAction\":[{\"@type\":\"ReadAction\",\"target\":[\"https:\/\/skaitytaknyga.lt\/produktas\/michail-bulgakov-suns-sirdis\/\"]}]},{\"@type\":\"ImageObject\",\"inLanguage\":\"en-GB\",\"@id\":\"https:\/\/skaitytaknyga.lt\/produktas\/michail-bulgakov-suns-sirdis\/#primaryimage\",\"url\":\"https:\/\/skaitytaknyga.lt\/wp-content\/uploads\/2024\/08\/1462882522_img0022-001.webp\",\"contentUrl\":\"https:\/\/skaitytaknyga.lt\/wp-content\/uploads\/2024\/08\/1462882522_img0022-001.webp\",\"width\":465,\"height\":800,\"caption\":\"\u0160uns \u0160irdis\"},{\"@type\":\"BreadcrumbList\",\"@id\":\"https:\/\/skaitytaknyga.lt\/produktas\/michail-bulgakov-suns-sirdis\/#breadcrumb\",\"itemListElement\":[{\"@type\":\"ListItem\",\"position\":1,\"name\":\"Home\",\"item\":\"https:\/\/skaitytaknyga.lt\/\"},{\"@type\":\"ListItem\",\"position\":2,\"name\":\"Parduotuv\u0117\",\"item\":\"https:\/\/skaitytaknyga.lt\/knygu-parduotuve\/\"},{\"@type\":\"ListItem\",\"position\":3,\"name\":\"Michail Bulgakov \u201e\u0160uns \u0160irdis\u201c\"}]},{\"@type\":\"WebSite\",\"@id\":\"https:\/\/skaitytaknyga.lt\/#website\",\"url\":\"https:\/\/skaitytaknyga.lt\/\",\"name\":\"skaitytaknyga.lt\",\"description\":\"Skaitytaknyga.lt \u2013 tai ma\u017eas \u0161eimos verslas, kuris prasid\u0117jo nuo meil\u0117s knygoms ir siekio i\u0161gelb\u0117ti knygas nuo likimo prie konteinerio. Kas vienam nereikalingas daiktas \u2013 kitam lobis, o mes esame tarpininkai, kurie padeda abiems tapti laimingesniems ???? \u017dinome kaip nelengva i\u0161gyventi ma\u017eiems verslams, tad nuo \u0161iol, \u010dia rasite ir kit\u0173, ma\u017e\u0173 \u0161eim\u0173 versl\u0173, rank\u0173 darbo, dovan\u0173 sau ir artimiesiems.\",\"publisher\":{\"@id\":\"https:\/\/skaitytaknyga.lt\/#organization\"},\"potentialAction\":[{\"@type\":\"SearchAction\",\"target\":{\"@type\":\"EntryPoint\",\"urlTemplate\":\"https:\/\/skaitytaknyga.lt\/?s={search_term_string}\"},\"query-input\":{\"@type\":\"PropertyValueSpecification\",\"valueRequired\":true,\"valueName\":\"search_term_string\"}}],\"inLanguage\":\"en-GB\"},{\"@type\":\"Organization\",\"@id\":\"https:\/\/skaitytaknyga.lt\/#organization\",\"name\":\"skaitytaknyga.lt\",\"url\":\"https:\/\/skaitytaknyga.lt\/\",\"logo\":{\"@type\":\"ImageObject\",\"inLanguage\":\"en-GB\",\"@id\":\"https:\/\/skaitytaknyga.lt\/#\/schema\/logo\/image\/\",\"url\":\"https:\/\/skaitytaknyga.lt\/wp-content\/uploads\/2024\/05\/cropped-cropped-cropped-02_00843_jt3bggkj1j3HLc7SyY6rEUpg.jpeg\",\"contentUrl\":\"https:\/\/skaitytaknyga.lt\/wp-content\/uploads\/2024\/05\/cropped-cropped-cropped-02_00843_jt3bggkj1j3HLc7SyY6rEUpg.jpeg\",\"width\":1600,\"height\":1600,\"caption\":\"skaitytaknyga.lt\"},\"image\":{\"@id\":\"https:\/\/skaitytaknyga.lt\/#\/schema\/logo\/image\/\"},\"sameAs\":[\"https:\/\/www.facebook.com\/skaitytaknyga\/\"]}]}<\/script>\n<!-- \/ Yoast SEO plugin. -->","yoast_head_json":{"title":"Michail Bulgakov \u201e\u0160uns \u0160irdis\u201c","description":"1917 metais u\u017egrob\u0119 vald\u017ei\u0105 Rusijoje bol\u0161evikai nutild\u0117 \u0161alies menininkus, revoliucijos ir pilietinio karo liudininkus. Daugum\u0105 tiesiog sunaikino. Kelis","robots":{"index":"index","follow":"follow","max-snippet":"max-snippet:-1","max-image-preview":"max-image-preview:large","max-video-preview":"max-video-preview:-1"},"canonical":"https:\/\/skaitytaknyga.lt\/en\/produktas\/michail-bulgakov-suns-sirdis\/","og_locale":"en_GB","og_type":"article","og_title":"[:lt]Michail Bulgakov \u201e\u0160uns \u0160irdis\u201c[:] - Skaitytaknyga","og_description":"1917 metais u\u017egrob\u0119 vald\u017ei\u0105 Rusijoje bol\u0161evikai nutild\u0117 \u0161alies menininkus, revoliucijos ir pilietinio karo liudininkus. Daugum\u0105 tiesiog sunaikino. Kelis","og_url":"https:\/\/skaitytaknyga.lt\/en\/produktas\/michail-bulgakov-suns-sirdis\/","og_site_name":"Skaitytaknyga","article_publisher":"https:\/\/www.facebook.com\/skaitytaknyga\/","article_modified_time":"2024-08-25T14:23:29+00:00","og_image":[{"width":465,"height":800,"url":"https:\/\/skaitytaknyga.lt\/wp-content\/uploads\/2024\/08\/1462882522_img0022-001.webp","type":"image\/webp"}],"twitter_card":"summary_large_image","twitter_misc":{"Estimated reading time":"1 minute"},"schema":{"@context":"https:\/\/schema.org","@graph":[{"@type":"WebPage","@id":"https:\/\/skaitytaknyga.lt\/produktas\/michail-bulgakov-suns-sirdis\/","url":"https:\/\/skaitytaknyga.lt\/produktas\/michail-bulgakov-suns-sirdis\/","name":"Michail Bulgakov \u201e\u0160uns \u0160irdis\u201c","isPartOf":{"@id":"https:\/\/skaitytaknyga.lt\/#website"},"primaryImageOfPage":{"@id":"https:\/\/skaitytaknyga.lt\/produktas\/michail-bulgakov-suns-sirdis\/#primaryimage"},"image":{"@id":"https:\/\/skaitytaknyga.lt\/produktas\/michail-bulgakov-suns-sirdis\/#primaryimage"},"thumbnailUrl":"https:\/\/skaitytaknyga.lt\/wp-content\/uploads\/2024\/08\/1462882522_img0022-001.webp","datePublished":"2024-08-25T14:19:22+00:00","dateModified":"2024-08-25T14:23:29+00:00","description":"1917 metais u\u017egrob\u0119 vald\u017ei\u0105 Rusijoje bol\u0161evikai nutild\u0117 \u0161alies menininkus, revoliucijos ir pilietinio karo liudininkus. Daugum\u0105 tiesiog sunaikino. Kelis","breadcrumb":{"@id":"https:\/\/skaitytaknyga.lt\/produktas\/michail-bulgakov-suns-sirdis\/#breadcrumb"},"inLanguage":"en-GB","potentialAction":[{"@type":"ReadAction","target":["https:\/\/skaitytaknyga.lt\/produktas\/michail-bulgakov-suns-sirdis\/"]}]},{"@type":"ImageObject","inLanguage":"en-GB","@id":"https:\/\/skaitytaknyga.lt\/produktas\/michail-bulgakov-suns-sirdis\/#primaryimage","url":"https:\/\/skaitytaknyga.lt\/wp-content\/uploads\/2024\/08\/1462882522_img0022-001.webp","contentUrl":"https:\/\/skaitytaknyga.lt\/wp-content\/uploads\/2024\/08\/1462882522_img0022-001.webp","width":465,"height":800,"caption":"\u0160uns \u0160irdis"},{"@type":"BreadcrumbList","@id":"https:\/\/skaitytaknyga.lt\/produktas\/michail-bulgakov-suns-sirdis\/#breadcrumb","itemListElement":[{"@type":"ListItem","position":1,"name":"Home","item":"https:\/\/skaitytaknyga.lt\/"},{"@type":"ListItem","position":2,"name":"Parduotuv\u0117","item":"https:\/\/skaitytaknyga.lt\/knygu-parduotuve\/"},{"@type":"ListItem","position":3,"name":"Michail Bulgakov \u201e\u0160uns \u0160irdis\u201c"}]},{"@type":"WebSite","@id":"https:\/\/skaitytaknyga.lt\/#website","url":"https:\/\/skaitytaknyga.lt\/","name":"skaitytaknyga.lt","description":"Skaitytaknyga.lt \u2013 tai ma\u017eas \u0161eimos verslas, kuris prasid\u0117jo nuo meil\u0117s knygoms ir siekio i\u0161gelb\u0117ti knygas nuo likimo prie konteinerio. Kas vienam nereikalingas daiktas \u2013 kitam lobis, o mes esame tarpininkai, kurie padeda abiems tapti laimingesniems ???? \u017dinome kaip nelengva i\u0161gyventi ma\u017eiems verslams, tad nuo \u0161iol, \u010dia rasite ir kit\u0173, ma\u017e\u0173 \u0161eim\u0173 versl\u0173, rank\u0173 darbo, dovan\u0173 sau ir artimiesiems.","publisher":{"@id":"https:\/\/skaitytaknyga.lt\/#organization"},"potentialAction":[{"@type":"SearchAction","target":{"@type":"EntryPoint","urlTemplate":"https:\/\/skaitytaknyga.lt\/?s={search_term_string}"},"query-input":{"@type":"PropertyValueSpecification","valueRequired":true,"valueName":"search_term_string"}}],"inLanguage":"en-GB"},{"@type":"Organization","@id":"https:\/\/skaitytaknyga.lt\/#organization","name":"skaitytaknyga.lt","url":"https:\/\/skaitytaknyga.lt\/","logo":{"@type":"ImageObject","inLanguage":"en-GB","@id":"https:\/\/skaitytaknyga.lt\/#\/schema\/logo\/image\/","url":"https:\/\/skaitytaknyga.lt\/wp-content\/uploads\/2024\/05\/cropped-cropped-cropped-02_00843_jt3bggkj1j3HLc7SyY6rEUpg.jpeg","contentUrl":"https:\/\/skaitytaknyga.lt\/wp-content\/uploads\/2024\/05\/cropped-cropped-cropped-02_00843_jt3bggkj1j3HLc7SyY6rEUpg.jpeg","width":1600,"height":1600,"caption":"skaitytaknyga.lt"},"image":{"@id":"https:\/\/skaitytaknyga.lt\/#\/schema\/logo\/image\/"},"sameAs":["https:\/\/www.facebook.com\/skaitytaknyga\/"]}]}},"_links":{"self":[{"href":"https:\/\/skaitytaknyga.lt\/en\/wp-json\/wp\/v2\/product\/13623","targetHints":{"allow":["GET"]}}],"collection":[{"href":"https:\/\/skaitytaknyga.lt\/en\/wp-json\/wp\/v2\/product"}],"about":[{"href":"https:\/\/skaitytaknyga.lt\/en\/wp-json\/wp\/v2\/types\/product"}],"replies":[{"embeddable":true,"href":"https:\/\/skaitytaknyga.lt\/en\/wp-json\/wp\/v2\/comments?post=13623"}],"wp:featuredmedia":[{"embeddable":true,"href":"https:\/\/skaitytaknyga.lt\/en\/wp-json\/wp\/v2\/media\/13638"}],"wp:attachment":[{"href":"https:\/\/skaitytaknyga.lt\/en\/wp-json\/wp\/v2\/media?parent=13623"}],"wp:term":[{"taxonomy":"product_brand","embeddable":true,"href":"https:\/\/skaitytaknyga.lt\/en\/wp-json\/wp\/v2\/product_brand?post=13623"},{"taxonomy":"product_cat","embeddable":true,"href":"https:\/\/skaitytaknyga.lt\/en\/wp-json\/wp\/v2\/product_cat?post=13623"},{"taxonomy":"product_tag","embeddable":true,"href":"https:\/\/skaitytaknyga.lt\/en\/wp-json\/wp\/v2\/product_tag?post=13623"}],"curies":[{"name":"wp","href":"https:\/\/api.w.org\/{rel}","templated":true}]}}