{"id":13621,"date":"2024-08-25T17:19:25","date_gmt":"2024-08-25T14:19:25","guid":{"rendered":"https:\/\/skaitytaknyga.lt\/?post_type=product&#038;p=13621"},"modified":"2025-08-22T18:51:15","modified_gmt":"2025-08-22T15:51:15","slug":"william-faulkner-triuksmas-ir-inirsis","status":"publish","type":"product","link":"https:\/\/skaitytaknyga.lt\/en\/produktas\/william-faulkner-triuksmas-ir-inirsis\/","title":{"rendered":"William Faulkner \u201eTriuk\u0161mas ir \u012fnir\u0161is\u201c"},"content":{"rendered":"<p><strong>\u201eTriuk\u0161mas ir \u012fnir\u0161is\u201c<\/strong>\u00a0\u2013 ketvirtasis W. Faulknerio romanas, kuris vadinamas pirmuoju tikru ra\u0161ytojo \u0161edevru. Ir jis pats \u0161\u012f roman\u0105 laik\u0117 savo m\u0117gstamiausiu k\u016briniu. Pirmiausia tod\u0117l, kad, jo \u017eod\u017eiais tariant, tai buvo \u201enuostabiausia nes\u0117km\u0117\u201c.<\/p>\n<p>\u201eTriuk\u0161mas ir \u012fnir\u0161is\u201c \u2013 savoti\u0161kas i\u0161\u0161\u016bkis tiek kritikams, tiek skaitytojams. \u0160is moderniojo epo pavydzys sulauk\u0117 galyb\u0117s skirting\u0173 interpretacij\u0173. Kiekvienas skaitytojas \u0161\u012f roman\u0105 supranta kitaip, jame randa tai, kas t\u0105 akimirk\u0105 jam aktualu.<\/p>\n<ul class=\"about-product d-none d-xl-block mt-4\">\n<li><strong>Autorius:<\/strong>\u00a0William Faulkner<\/li>\n<li><strong>Leid\u0117jas:<\/strong>\u00a0Lietuvos rytas<\/li>\n<li><strong>Metai:<\/strong>\u00a02007<\/li>\n<li><strong>Puslapiai:<\/strong>\u00a0249<\/li>\n<li><strong>ISBN:<\/strong>\u00a09788498197211<\/li>\n<li><strong>Formatas:<\/strong>\u00a012,5 x 21 cm, kieti vir\u0161eliai<\/li>\n<li><strong>Kalba:<\/strong>\u00a0Lietuvi\u0173<\/li>\n<li><strong>Vert\u0117jas:<\/strong>\u00a0Violeta Tauragien\u0117<\/li>\n<\/ul>\n","protected":false},"excerpt":{"rendered":"<p>\u201eTriuk\u0161mas ir \u012fnir\u0161is\u201c\u00a0\u2013 ketvirtasis W. Faulknerio romanas, kuris vadinamas pirmuoju tikru ra\u0161ytojo \u0161edevru. Ir jis pats \u0161\u012f roman\u0105 laik\u0117 savo m\u0117gstamiausiu k\u016briniu. Pirmiausia tod\u0117l, kad, jo \u017eod\u017eiais tariant, tai buvo \u201enuostabiausia nes\u0117km\u0117\u201c. \u201eTriuk\u0161mas ir \u012fnir\u0161is\u201c \u2013 savoti\u0161kas i\u0161\u0161\u016bkis tiek kritikams, tiek skaitytojams. \u0160is moderniojo epo pavydzys sulauk\u0117 galyb\u0117s skirting\u0173 interpretacij\u0173. Kiekvienas skaitytojas \u0161\u012f roman\u0105 supranta kitaip, jame randa tai, kas t\u0105 akimirk\u0105 jam aktualu. Autorius:\u00a0William Faulkner Leid\u0117jas:\u00a0Lietuvos rytas Metai:\u00a02007 Puslapiai:\u00a0249 ISBN:\u00a09788498197211 Formatas:\u00a012,5 x 21 cm, kieti vir\u0161eliai Kalba:\u00a0Lietuvi\u0173 Vert\u0117jas:\u00a0Violeta Tauragien\u0117<\/p>\n","protected":false},"featured_media":13640,"comment_status":"open","ping_status":"closed","template":"","meta":{"_acf_changed":false,"site-sidebar-layout":"default","site-content-layout":"","ast-site-content-layout":"default","site-content-style":"default","site-sidebar-style":"default","ast-global-header-display":"","ast-banner-title-visibility":"","ast-main-header-display":"","ast-hfb-above-header-display":"","ast-hfb-below-header-display":"","ast-hfb-mobile-header-display":"","site-post-title":"","ast-breadcrumbs-content":"","ast-featured-img":"","footer-sml-layout":"","ast-disable-related-posts":"","theme-transparent-header-meta":"default","adv-header-id-meta":"","stick-header-meta":"","header-above-stick-meta":"","header-main-stick-meta":"","header-below-stick-meta":"","astra-migrate-meta-layouts":"set","ast-page-background-enabled":"default","ast-page-background-meta":{"desktop":{"background-color":"","background-image":"","background-repeat":"repeat","background-position":"center center","background-size":"auto","background-attachment":"scroll","background-type":"","background-media":"","overlay-type":"","overlay-color":"","overlay-opacity":"","overlay-gradient":""},"tablet":{"background-color":"","background-image":"","background-repeat":"repeat","background-position":"center center","background-size":"auto","background-attachment":"scroll","background-type":"","background-media":"","overlay-type":"","overlay-color":"","overlay-opacity":"","overlay-gradient":""},"mobile":{"background-color":"","background-image":"","background-repeat":"repeat","background-position":"center center","background-size":"auto","background-attachment":"scroll","background-type":"","background-media":"","overlay-type":"","overlay-color":"","overlay-opacity":"","overlay-gradient":""}},"ast-content-background-meta":{"desktop":{"background-color":"var(--ast-global-color-4)","background-image":"","background-repeat":"repeat","background-position":"center center","background-size":"auto","background-attachment":"scroll","background-type":"","background-media":"","overlay-type":"","overlay-color":"","overlay-opacity":"","overlay-gradient":""},"tablet":{"background-color":"var(--ast-global-color-4)","background-image":"","background-repeat":"repeat","background-position":"center center","background-size":"auto","background-attachment":"scroll","background-type":"","background-media":"","overlay-type":"","overlay-color":"","overlay-opacity":"","overlay-gradient":""},"mobile":{"background-color":"var(--ast-global-color-4)","background-image":"","background-repeat":"repeat","background-position":"center center","background-size":"auto","background-attachment":"scroll","background-type":"","background-media":"","overlay-type":"","overlay-color":"","overlay-opacity":"","overlay-gradient":""}}},"product_brand":[],"product_cat":[31,15],"product_tag":[],"class_list":{"0":"post-13621","1":"product","2":"type-product","3":"status-publish","4":"has-post-thumbnail","6":"product_cat-grozine-literatura","7":"product_cat-uncategorized","8":"desktop-align-left","9":"tablet-align-left","10":"mobile-align-left","12":"first","13":"outofstock","14":"shipping-taxable","15":"purchasable","16":"product-type-simple"},"acf":[],"yoast_head":"<!-- This site is optimized with the Yoast SEO plugin v27.0 - https:\/\/yoast.com\/product\/yoast-seo-wordpress\/ -->\n<title>William Faulkner \u201eTriuk\u0161mas ir \u012fnir\u0161is\u201c<\/title>\n<meta name=\"description\" content=\"\u201eTriuk\u0161mas ir \u012fnir\u0161is\u201c\u00a0\u2013 ketvirtasis W. Faulknerio romanas, kuris vadinamas pirmuoju tikru ra\u0161ytojo \u0161edevru. Ir jis pats \u0161\u012f roman\u0105 laik\u0117 savo\" \/>\n<meta name=\"robots\" content=\"index, follow, max-snippet:-1, max-image-preview:large, max-video-preview:-1\" \/>\n<link rel=\"canonical\" href=\"https:\/\/skaitytaknyga.lt\/en\/produktas\/william-faulkner-triuksmas-ir-inirsis\/\" \/>\n<meta property=\"og:locale\" content=\"en_GB\" \/>\n<meta property=\"og:locale:alternate\" content=\"lt_LT\" \/>\n<meta property=\"og:type\" content=\"article\" \/>\n<meta property=\"og:title\" content=\"William Faulkner \u201eTriuk\u0161mas ir \u012fnir\u0161is\u201c\" \/>\n<meta property=\"og:description\" content=\"\u201eTriuk\u0161mas ir \u012fnir\u0161is\u201c\u00a0\u2013 ketvirtasis W. Faulknerio romanas, kuris vadinamas pirmuoju tikru ra\u0161ytojo \u0161edevru. Ir jis pats \u0161\u012f roman\u0105 laik\u0117 savo\" \/>\n<meta property=\"og:url\" content=\"https:\/\/skaitytaknyga.lt\/en\/produktas\/william-faulkner-triuksmas-ir-inirsis\/\" \/>\n<meta property=\"og:site_name\" content=\"Skaitytaknyga\" \/>\n<meta property=\"article:publisher\" content=\"https:\/\/www.facebook.com\/skaitytaknyga\/\" \/>\n<meta property=\"article:modified_time\" content=\"2025-08-22T15:51:15+00:00\" \/>\n<meta property=\"og:image\" content=\"https:\/\/skaitytaknyga.lt\/wp-content\/uploads\/2024\/08\/1462882527_img0028-001.webp\" \/>\n\t<meta property=\"og:image:width\" content=\"464\" \/>\n\t<meta property=\"og:image:height\" content=\"800\" \/>\n\t<meta property=\"og:image:type\" content=\"image\/webp\" \/>\n<meta name=\"twitter:card\" content=\"summary_large_image\" \/>\n<meta name=\"twitter:label1\" content=\"Estimated reading time\" \/>\n\t<meta name=\"twitter:data1\" content=\"1 minute\" \/>\n<script type=\"application\/ld+json\" class=\"yoast-schema-graph\">{\"@context\":\"https:\/\/schema.org\",\"@graph\":[{\"@type\":\"WebPage\",\"@id\":\"https:\/\/skaitytaknyga.lt\/produktas\/william-faulkner-triuksmas-ir-inirsis\/\",\"url\":\"https:\/\/skaitytaknyga.lt\/produktas\/william-faulkner-triuksmas-ir-inirsis\/\",\"name\":\"William Faulkner \u201eTriuk\u0161mas ir \u012fnir\u0161is\u201c\",\"isPartOf\":{\"@id\":\"https:\/\/skaitytaknyga.lt\/#website\"},\"primaryImageOfPage\":{\"@id\":\"https:\/\/skaitytaknyga.lt\/produktas\/william-faulkner-triuksmas-ir-inirsis\/#primaryimage\"},\"image\":{\"@id\":\"https:\/\/skaitytaknyga.lt\/produktas\/william-faulkner-triuksmas-ir-inirsis\/#primaryimage\"},\"thumbnailUrl\":\"https:\/\/skaitytaknyga.lt\/wp-content\/uploads\/2024\/08\/1462882527_img0028-001.webp\",\"datePublished\":\"2024-08-25T14:19:25+00:00\",\"dateModified\":\"2025-08-22T15:51:15+00:00\",\"description\":\"\u201eTriuk\u0161mas ir \u012fnir\u0161is\u201c\u00a0\u2013 ketvirtasis W. Faulknerio romanas, kuris vadinamas pirmuoju tikru ra\u0161ytojo \u0161edevru. Ir jis pats \u0161\u012f roman\u0105 laik\u0117 savo\",\"breadcrumb\":{\"@id\":\"https:\/\/skaitytaknyga.lt\/produktas\/william-faulkner-triuksmas-ir-inirsis\/#breadcrumb\"},\"inLanguage\":\"en-GB\",\"potentialAction\":[{\"@type\":\"ReadAction\",\"target\":[\"https:\/\/skaitytaknyga.lt\/produktas\/william-faulkner-triuksmas-ir-inirsis\/\"]}]},{\"@type\":\"ImageObject\",\"inLanguage\":\"en-GB\",\"@id\":\"https:\/\/skaitytaknyga.lt\/produktas\/william-faulkner-triuksmas-ir-inirsis\/#primaryimage\",\"url\":\"https:\/\/skaitytaknyga.lt\/wp-content\/uploads\/2024\/08\/1462882527_img0028-001.webp\",\"contentUrl\":\"https:\/\/skaitytaknyga.lt\/wp-content\/uploads\/2024\/08\/1462882527_img0028-001.webp\",\"width\":464,\"height\":800,\"caption\":\"Triuk\u0161mas ir \u012fnir\u0161is\"},{\"@type\":\"BreadcrumbList\",\"@id\":\"https:\/\/skaitytaknyga.lt\/produktas\/william-faulkner-triuksmas-ir-inirsis\/#breadcrumb\",\"itemListElement\":[{\"@type\":\"ListItem\",\"position\":1,\"name\":\"Home\",\"item\":\"https:\/\/skaitytaknyga.lt\/\"},{\"@type\":\"ListItem\",\"position\":2,\"name\":\"Parduotuv\u0117\",\"item\":\"https:\/\/skaitytaknyga.lt\/knygu-parduotuve\/\"},{\"@type\":\"ListItem\",\"position\":3,\"name\":\"William Faulkner \u201eTriuk\u0161mas ir \u012fnir\u0161is\u201c\"}]},{\"@type\":\"WebSite\",\"@id\":\"https:\/\/skaitytaknyga.lt\/#website\",\"url\":\"https:\/\/skaitytaknyga.lt\/\",\"name\":\"skaitytaknyga.lt\",\"description\":\"Skaitytaknyga.lt \u2013 tai ma\u017eas \u0161eimos verslas, kuris prasid\u0117jo nuo meil\u0117s knygoms ir siekio i\u0161gelb\u0117ti knygas nuo likimo prie konteinerio. Kas vienam nereikalingas daiktas \u2013 kitam lobis, o mes esame tarpininkai, kurie padeda abiems tapti laimingesniems ???? \u017dinome kaip nelengva i\u0161gyventi ma\u017eiems verslams, tad nuo \u0161iol, \u010dia rasite ir kit\u0173, ma\u017e\u0173 \u0161eim\u0173 versl\u0173, rank\u0173 darbo, dovan\u0173 sau ir artimiesiems.\",\"publisher\":{\"@id\":\"https:\/\/skaitytaknyga.lt\/#organization\"},\"potentialAction\":[{\"@type\":\"SearchAction\",\"target\":{\"@type\":\"EntryPoint\",\"urlTemplate\":\"https:\/\/skaitytaknyga.lt\/?s={search_term_string}\"},\"query-input\":{\"@type\":\"PropertyValueSpecification\",\"valueRequired\":true,\"valueName\":\"search_term_string\"}}],\"inLanguage\":\"en-GB\"},{\"@type\":\"Organization\",\"@id\":\"https:\/\/skaitytaknyga.lt\/#organization\",\"name\":\"skaitytaknyga.lt\",\"url\":\"https:\/\/skaitytaknyga.lt\/\",\"logo\":{\"@type\":\"ImageObject\",\"inLanguage\":\"en-GB\",\"@id\":\"https:\/\/skaitytaknyga.lt\/#\/schema\/logo\/image\/\",\"url\":\"https:\/\/skaitytaknyga.lt\/wp-content\/uploads\/2024\/05\/cropped-cropped-cropped-02_00843_jt3bggkj1j3HLc7SyY6rEUpg.jpeg\",\"contentUrl\":\"https:\/\/skaitytaknyga.lt\/wp-content\/uploads\/2024\/05\/cropped-cropped-cropped-02_00843_jt3bggkj1j3HLc7SyY6rEUpg.jpeg\",\"width\":1600,\"height\":1600,\"caption\":\"skaitytaknyga.lt\"},\"image\":{\"@id\":\"https:\/\/skaitytaknyga.lt\/#\/schema\/logo\/image\/\"},\"sameAs\":[\"https:\/\/www.facebook.com\/skaitytaknyga\/\"]}]}<\/script>\n<!-- \/ Yoast SEO plugin. -->","yoast_head_json":{"title":"William Faulkner \u201eTriuk\u0161mas ir \u012fnir\u0161is\u201c","description":"\u201eTriuk\u0161mas ir \u012fnir\u0161is\u201c\u00a0\u2013 ketvirtasis W. Faulknerio romanas, kuris vadinamas pirmuoju tikru ra\u0161ytojo \u0161edevru. Ir jis pats \u0161\u012f roman\u0105 laik\u0117 savo","robots":{"index":"index","follow":"follow","max-snippet":"max-snippet:-1","max-image-preview":"max-image-preview:large","max-video-preview":"max-video-preview:-1"},"canonical":"https:\/\/skaitytaknyga.lt\/en\/produktas\/william-faulkner-triuksmas-ir-inirsis\/","og_locale":"en_GB","og_type":"article","og_title":"[:lt]William Faulkner \u201eTriuk\u0161mas ir \u012fnir\u0161is\u201c[:] - Skaitytaknyga","og_description":"\u201eTriuk\u0161mas ir \u012fnir\u0161is\u201c\u00a0\u2013 ketvirtasis W. Faulknerio romanas, kuris vadinamas pirmuoju tikru ra\u0161ytojo \u0161edevru. Ir jis pats \u0161\u012f roman\u0105 laik\u0117 savo","og_url":"https:\/\/skaitytaknyga.lt\/en\/produktas\/william-faulkner-triuksmas-ir-inirsis\/","og_site_name":"Skaitytaknyga","article_publisher":"https:\/\/www.facebook.com\/skaitytaknyga\/","article_modified_time":"2025-08-22T15:51:15+00:00","og_image":[{"width":464,"height":800,"url":"https:\/\/skaitytaknyga.lt\/wp-content\/uploads\/2024\/08\/1462882527_img0028-001.webp","type":"image\/webp"}],"twitter_card":"summary_large_image","twitter_misc":{"Estimated reading time":"1 minute"},"schema":{"@context":"https:\/\/schema.org","@graph":[{"@type":"WebPage","@id":"https:\/\/skaitytaknyga.lt\/produktas\/william-faulkner-triuksmas-ir-inirsis\/","url":"https:\/\/skaitytaknyga.lt\/produktas\/william-faulkner-triuksmas-ir-inirsis\/","name":"William Faulkner \u201eTriuk\u0161mas ir \u012fnir\u0161is\u201c","isPartOf":{"@id":"https:\/\/skaitytaknyga.lt\/#website"},"primaryImageOfPage":{"@id":"https:\/\/skaitytaknyga.lt\/produktas\/william-faulkner-triuksmas-ir-inirsis\/#primaryimage"},"image":{"@id":"https:\/\/skaitytaknyga.lt\/produktas\/william-faulkner-triuksmas-ir-inirsis\/#primaryimage"},"thumbnailUrl":"https:\/\/skaitytaknyga.lt\/wp-content\/uploads\/2024\/08\/1462882527_img0028-001.webp","datePublished":"2024-08-25T14:19:25+00:00","dateModified":"2025-08-22T15:51:15+00:00","description":"\u201eTriuk\u0161mas ir \u012fnir\u0161is\u201c\u00a0\u2013 ketvirtasis W. Faulknerio romanas, kuris vadinamas pirmuoju tikru ra\u0161ytojo \u0161edevru. Ir jis pats \u0161\u012f roman\u0105 laik\u0117 savo","breadcrumb":{"@id":"https:\/\/skaitytaknyga.lt\/produktas\/william-faulkner-triuksmas-ir-inirsis\/#breadcrumb"},"inLanguage":"en-GB","potentialAction":[{"@type":"ReadAction","target":["https:\/\/skaitytaknyga.lt\/produktas\/william-faulkner-triuksmas-ir-inirsis\/"]}]},{"@type":"ImageObject","inLanguage":"en-GB","@id":"https:\/\/skaitytaknyga.lt\/produktas\/william-faulkner-triuksmas-ir-inirsis\/#primaryimage","url":"https:\/\/skaitytaknyga.lt\/wp-content\/uploads\/2024\/08\/1462882527_img0028-001.webp","contentUrl":"https:\/\/skaitytaknyga.lt\/wp-content\/uploads\/2024\/08\/1462882527_img0028-001.webp","width":464,"height":800,"caption":"Triuk\u0161mas ir \u012fnir\u0161is"},{"@type":"BreadcrumbList","@id":"https:\/\/skaitytaknyga.lt\/produktas\/william-faulkner-triuksmas-ir-inirsis\/#breadcrumb","itemListElement":[{"@type":"ListItem","position":1,"name":"Home","item":"https:\/\/skaitytaknyga.lt\/"},{"@type":"ListItem","position":2,"name":"Parduotuv\u0117","item":"https:\/\/skaitytaknyga.lt\/knygu-parduotuve\/"},{"@type":"ListItem","position":3,"name":"William Faulkner \u201eTriuk\u0161mas ir \u012fnir\u0161is\u201c"}]},{"@type":"WebSite","@id":"https:\/\/skaitytaknyga.lt\/#website","url":"https:\/\/skaitytaknyga.lt\/","name":"skaitytaknyga.lt","description":"Skaitytaknyga.lt \u2013 tai ma\u017eas \u0161eimos verslas, kuris prasid\u0117jo nuo meil\u0117s knygoms ir siekio i\u0161gelb\u0117ti knygas nuo likimo prie konteinerio. Kas vienam nereikalingas daiktas \u2013 kitam lobis, o mes esame tarpininkai, kurie padeda abiems tapti laimingesniems ???? \u017dinome kaip nelengva i\u0161gyventi ma\u017eiems verslams, tad nuo \u0161iol, \u010dia rasite ir kit\u0173, ma\u017e\u0173 \u0161eim\u0173 versl\u0173, rank\u0173 darbo, dovan\u0173 sau ir artimiesiems.","publisher":{"@id":"https:\/\/skaitytaknyga.lt\/#organization"},"potentialAction":[{"@type":"SearchAction","target":{"@type":"EntryPoint","urlTemplate":"https:\/\/skaitytaknyga.lt\/?s={search_term_string}"},"query-input":{"@type":"PropertyValueSpecification","valueRequired":true,"valueName":"search_term_string"}}],"inLanguage":"en-GB"},{"@type":"Organization","@id":"https:\/\/skaitytaknyga.lt\/#organization","name":"skaitytaknyga.lt","url":"https:\/\/skaitytaknyga.lt\/","logo":{"@type":"ImageObject","inLanguage":"en-GB","@id":"https:\/\/skaitytaknyga.lt\/#\/schema\/logo\/image\/","url":"https:\/\/skaitytaknyga.lt\/wp-content\/uploads\/2024\/05\/cropped-cropped-cropped-02_00843_jt3bggkj1j3HLc7SyY6rEUpg.jpeg","contentUrl":"https:\/\/skaitytaknyga.lt\/wp-content\/uploads\/2024\/05\/cropped-cropped-cropped-02_00843_jt3bggkj1j3HLc7SyY6rEUpg.jpeg","width":1600,"height":1600,"caption":"skaitytaknyga.lt"},"image":{"@id":"https:\/\/skaitytaknyga.lt\/#\/schema\/logo\/image\/"},"sameAs":["https:\/\/www.facebook.com\/skaitytaknyga\/"]}]}},"_links":{"self":[{"href":"https:\/\/skaitytaknyga.lt\/en\/wp-json\/wp\/v2\/product\/13621","targetHints":{"allow":["GET"]}}],"collection":[{"href":"https:\/\/skaitytaknyga.lt\/en\/wp-json\/wp\/v2\/product"}],"about":[{"href":"https:\/\/skaitytaknyga.lt\/en\/wp-json\/wp\/v2\/types\/product"}],"replies":[{"embeddable":true,"href":"https:\/\/skaitytaknyga.lt\/en\/wp-json\/wp\/v2\/comments?post=13621"}],"wp:featuredmedia":[{"embeddable":true,"href":"https:\/\/skaitytaknyga.lt\/en\/wp-json\/wp\/v2\/media\/13640"}],"wp:attachment":[{"href":"https:\/\/skaitytaknyga.lt\/en\/wp-json\/wp\/v2\/media?parent=13621"}],"wp:term":[{"taxonomy":"product_brand","embeddable":true,"href":"https:\/\/skaitytaknyga.lt\/en\/wp-json\/wp\/v2\/product_brand?post=13621"},{"taxonomy":"product_cat","embeddable":true,"href":"https:\/\/skaitytaknyga.lt\/en\/wp-json\/wp\/v2\/product_cat?post=13621"},{"taxonomy":"product_tag","embeddable":true,"href":"https:\/\/skaitytaknyga.lt\/en\/wp-json\/wp\/v2\/product_tag?post=13621"}],"curies":[{"name":"wp","href":"https:\/\/api.w.org\/{rel}","templated":true}]}}