{"id":13618,"date":"2024-08-25T16:11:57","date_gmt":"2024-08-25T13:11:57","guid":{"rendered":"https:\/\/skaitytaknyga.lt\/?post_type=product&#038;p=13618"},"modified":"2025-10-10T21:35:42","modified_gmt":"2025-10-10T18:35:42","slug":"hermann-hesse-stepiu-vilkas","status":"publish","type":"product","link":"https:\/\/skaitytaknyga.lt\/en\/produktas\/hermann-hesse-stepiu-vilkas\/","title":{"rendered":"Hermann Hesse \u201eStepi\u0173 vilkas\u201c"},"content":{"rendered":"<p>Vokie\u010di\u0173 ra\u0161ytojo H. Hes\u0117s (1877-1962) romanas, para\u0161ytas 1927 metais, apie dvasios ir gyvenimo, m\u0105stytojo ir menininko prie\u0161prie\u0161\u0105.<\/p>\n<p>Haris Haleris \u2013 li\u016bdnas ir vieni\u0161as intelektualas, klaid\u017eiojantis po didelio miesto d\u017eiungles. Neigdamas visa, i\u0161 ko susideda paprasta \u017emogi\u0161ka laim\u0117, ir nepritapdamas prie visuomen\u0117s norm\u0173, jis save laiko stepi\u0173 vilku. Ta\u010diau tai vilkas \u017emogaus veidu: laukinis, draskomas instinkt\u0173, ir kartu \u2013 itin jautrus \u017emogus, apdovanotas giliu protu ir subtilumu.<\/p>\n<p>Haris kovoja, siekdamas sutaikyti savyje laukin\u012f vilk\u0105 ir racional\u0173 \u017emog\u0173. Ir kai \u0161i kova jau atrodo pralaim\u0117ta, jo gyvenimas netik\u0117tai pasikei\u010dia &#8211; jis sutinka moter\u012f, visi\u0161k\u0105 savo prie\u0161ingyb\u0119 &#8211; ner\u016bpesting\u0105 ir gyvenimo d\u017eiaugsmu tryk\u0161tan\u010di\u0105 Hermin\u0105. Hermina m\u0117gaujasi malonumais. Ji ir Har\u012f \u012ftikina juos prisijaukinti bei jiems atsiduoti. Prasideda Hario Halerio kelion\u0117 \u012f gyvenim\u0105, nelengvi bandymai rasti pusiausvyr\u0105 tarp k\u016bno ir dvasios, be kurios joks \u017emogus negal\u0117t\u0173 pasiekti pilnatv\u0117s&#8230;<\/p>\n<div>\n<div class=\"smTitle\">Leid\u0117jas: <span style=\"font-size: 16px\">Alma littera<\/span><\/div>\n<\/div>\n<div>\n<div class=\"smTitle\">Metai: <span style=\"font-size: 16px\">2009<\/span><\/div>\n<\/div>\n<div>\n<div class=\"smTitle\">Puslapiai: <span style=\"font-size: 16px\">216<\/span><\/div>\n<\/div>\n<div>\n<div class=\"smTitle\"><span style=\"font-size: 16px\">ISBN: 9789955384335<\/span><\/div>\n<\/div>\n","protected":false},"excerpt":{"rendered":"<p>Vokie\u010di\u0173 ra\u0161ytojo H. Hes\u0117s (1877-1962) romanas, para\u0161ytas 1927 metais, apie dvasios ir gyvenimo, m\u0105stytojo ir menininko prie\u0161prie\u0161\u0105. Haris Haleris \u2013 li\u016bdnas ir vieni\u0161as intelektualas, klaid\u017eiojantis po didelio miesto d\u017eiungles. Neigdamas visa, i\u0161 ko susideda paprasta \u017emogi\u0161ka laim\u0117, ir nepritapdamas prie visuomen\u0117s norm\u0173, jis save laiko stepi\u0173 vilku. Ta\u010diau tai vilkas \u017emogaus veidu: laukinis, draskomas instinkt\u0173, ir kartu \u2013 itin jautrus \u017emogus, apdovanotas giliu protu ir subtilumu. Haris kovoja, siekdamas sutaikyti savyje laukin\u012f vilk\u0105 ir racional\u0173 \u017emog\u0173. Ir kai \u0161i kova jau atrodo pralaim\u0117ta, jo gyvenimas netik\u0117tai pasikei\u010dia &#8211; jis sutinka moter\u012f, visi\u0161k\u0105 savo prie\u0161ingyb\u0119 &#8211; ner\u016bpesting\u0105 ir gyvenimo d\u017eiaugsmu tryk\u0161tan\u010di\u0105 Hermin\u0105. Hermina m\u0117gaujasi malonumais. Ji ir Har\u012f \u012ftikina juos prisijaukinti bei jiems atsiduoti. Prasideda Hario Halerio kelion\u0117 \u012f gyvenim\u0105, nelengvi bandymai rasti pusiausvyr\u0105 tarp k\u016bno ir dvasios, be kurios joks \u017emogus negal\u0117t\u0173 pasiekti pilnatv\u0117s&#8230; Leid\u0117jas: Alma littera Metai: 2009 Puslapiai: 216 ISBN: 9789955384335<\/p>\n","protected":false},"featured_media":13620,"comment_status":"closed","ping_status":"closed","template":"","meta":{"_acf_changed":false,"site-sidebar-layout":"default","site-content-layout":"","ast-site-content-layout":"default","site-content-style":"default","site-sidebar-style":"default","ast-global-header-display":"","ast-banner-title-visibility":"","ast-main-header-display":"","ast-hfb-above-header-display":"","ast-hfb-below-header-display":"","ast-hfb-mobile-header-display":"","site-post-title":"","ast-breadcrumbs-content":"","ast-featured-img":"","footer-sml-layout":"","ast-disable-related-posts":"","theme-transparent-header-meta":"default","adv-header-id-meta":"","stick-header-meta":"","header-above-stick-meta":"","header-main-stick-meta":"","header-below-stick-meta":"","astra-migrate-meta-layouts":"set","ast-page-background-enabled":"default","ast-page-background-meta":{"desktop":{"background-color":"","background-image":"","background-repeat":"repeat","background-position":"center center","background-size":"auto","background-attachment":"scroll","background-type":"","background-media":"","overlay-type":"","overlay-color":"","overlay-opacity":"","overlay-gradient":""},"tablet":{"background-color":"","background-image":"","background-repeat":"repeat","background-position":"center center","background-size":"auto","background-attachment":"scroll","background-type":"","background-media":"","overlay-type":"","overlay-color":"","overlay-opacity":"","overlay-gradient":""},"mobile":{"background-color":"","background-image":"","background-repeat":"repeat","background-position":"center center","background-size":"auto","background-attachment":"scroll","background-type":"","background-media":"","overlay-type":"","overlay-color":"","overlay-opacity":"","overlay-gradient":""}},"ast-content-background-meta":{"desktop":{"background-color":"var(--ast-global-color-4)","background-image":"","background-repeat":"repeat","background-position":"center center","background-size":"auto","background-attachment":"scroll","background-type":"","background-media":"","overlay-type":"","overlay-color":"","overlay-opacity":"","overlay-gradient":""},"tablet":{"background-color":"var(--ast-global-color-4)","background-image":"","background-repeat":"repeat","background-position":"center center","background-size":"auto","background-attachment":"scroll","background-type":"","background-media":"","overlay-type":"","overlay-color":"","overlay-opacity":"","overlay-gradient":""},"mobile":{"background-color":"var(--ast-global-color-4)","background-image":"","background-repeat":"repeat","background-position":"center center","background-size":"auto","background-attachment":"scroll","background-type":"","background-media":"","overlay-type":"","overlay-color":"","overlay-opacity":"","overlay-gradient":""}}},"product_brand":[],"product_cat":[31],"product_tag":[],"class_list":{"0":"post-13618","1":"product","2":"type-product","3":"status-publish","4":"has-post-thumbnail","6":"product_cat-grozine-literatura","7":"desktop-align-left","8":"tablet-align-left","9":"mobile-align-left","11":"first","12":"outofstock","13":"shipping-taxable","14":"purchasable","15":"product-type-simple"},"acf":[],"yoast_head":"<!-- This site is optimized with the Yoast SEO plugin v27.0 - https:\/\/yoast.com\/product\/yoast-seo-wordpress\/ -->\n<title>Hermann Hesse \u201eStepi\u0173 vilkas\u201c<\/title>\n<meta name=\"description\" content=\"Vokie\u010di\u0173 ra\u0161ytojo H. Hes\u0117s (1877-1962) romanas, para\u0161ytas 1927 metais, apie dvasios ir gyvenimo, m\u0105stytojo ir menininko prie\u0161prie\u0161\u0105. Haris Haleris \u2013\" \/>\n<meta name=\"robots\" content=\"index, follow, max-snippet:-1, max-image-preview:large, max-video-preview:-1\" \/>\n<link rel=\"canonical\" href=\"https:\/\/skaitytaknyga.lt\/en\/produktas\/hermann-hesse-stepiu-vilkas\/\" \/>\n<meta property=\"og:locale\" content=\"en_GB\" \/>\n<meta property=\"og:locale:alternate\" content=\"lt_LT\" \/>\n<meta property=\"og:type\" content=\"article\" \/>\n<meta property=\"og:title\" content=\"Hermann Hesse \u201eStepi\u0173 vilkas\u201c\" \/>\n<meta property=\"og:description\" content=\"Vokie\u010di\u0173 ra\u0161ytojo H. Hes\u0117s (1877-1962) romanas, para\u0161ytas 1927 metais, apie dvasios ir gyvenimo, m\u0105stytojo ir menininko prie\u0161prie\u0161\u0105. Haris Haleris \u2013\" \/>\n<meta property=\"og:url\" content=\"https:\/\/skaitytaknyga.lt\/en\/produktas\/hermann-hesse-stepiu-vilkas\/\" \/>\n<meta property=\"og:site_name\" content=\"Skaitytaknyga\" \/>\n<meta property=\"article:publisher\" content=\"https:\/\/www.facebook.com\/skaitytaknyga\/\" \/>\n<meta property=\"article:modified_time\" content=\"2025-10-10T18:35:42+00:00\" \/>\n<meta property=\"og:image\" content=\"https:\/\/skaitytaknyga.lt\/wp-content\/uploads\/2024\/08\/stepiu-vilkas-1.png\" \/>\n\t<meta property=\"og:image:width\" content=\"222\" \/>\n\t<meta property=\"og:image:height\" content=\"397\" \/>\n\t<meta property=\"og:image:type\" content=\"image\/png\" \/>\n<meta name=\"twitter:card\" content=\"summary_large_image\" \/>\n<meta name=\"twitter:label1\" content=\"Estimated reading time\" \/>\n\t<meta name=\"twitter:data1\" content=\"1 minute\" \/>\n<script type=\"application\/ld+json\" class=\"yoast-schema-graph\">{\"@context\":\"https:\/\/schema.org\",\"@graph\":[{\"@type\":\"WebPage\",\"@id\":\"https:\/\/skaitytaknyga.lt\/produktas\/hermann-hesse-stepiu-vilkas\/\",\"url\":\"https:\/\/skaitytaknyga.lt\/produktas\/hermann-hesse-stepiu-vilkas\/\",\"name\":\"Hermann Hesse \u201eStepi\u0173 vilkas\u201c\",\"isPartOf\":{\"@id\":\"https:\/\/skaitytaknyga.lt\/#website\"},\"primaryImageOfPage\":{\"@id\":\"https:\/\/skaitytaknyga.lt\/produktas\/hermann-hesse-stepiu-vilkas\/#primaryimage\"},\"image\":{\"@id\":\"https:\/\/skaitytaknyga.lt\/produktas\/hermann-hesse-stepiu-vilkas\/#primaryimage\"},\"thumbnailUrl\":\"https:\/\/skaitytaknyga.lt\/wp-content\/uploads\/2024\/08\/stepiu-vilkas-1.png\",\"datePublished\":\"2024-08-25T13:11:57+00:00\",\"dateModified\":\"2025-10-10T18:35:42+00:00\",\"description\":\"Vokie\u010di\u0173 ra\u0161ytojo H. Hes\u0117s (1877-1962) romanas, para\u0161ytas 1927 metais, apie dvasios ir gyvenimo, m\u0105stytojo ir menininko prie\u0161prie\u0161\u0105. Haris Haleris \u2013\",\"breadcrumb\":{\"@id\":\"https:\/\/skaitytaknyga.lt\/produktas\/hermann-hesse-stepiu-vilkas\/#breadcrumb\"},\"inLanguage\":\"en-GB\",\"potentialAction\":[{\"@type\":\"ReadAction\",\"target\":[\"https:\/\/skaitytaknyga.lt\/produktas\/hermann-hesse-stepiu-vilkas\/\"]}]},{\"@type\":\"ImageObject\",\"inLanguage\":\"en-GB\",\"@id\":\"https:\/\/skaitytaknyga.lt\/produktas\/hermann-hesse-stepiu-vilkas\/#primaryimage\",\"url\":\"https:\/\/skaitytaknyga.lt\/wp-content\/uploads\/2024\/08\/stepiu-vilkas-1.png\",\"contentUrl\":\"https:\/\/skaitytaknyga.lt\/wp-content\/uploads\/2024\/08\/stepiu-vilkas-1.png\",\"width\":222,\"height\":397,\"caption\":\"stepiu vilkas\"},{\"@type\":\"BreadcrumbList\",\"@id\":\"https:\/\/skaitytaknyga.lt\/produktas\/hermann-hesse-stepiu-vilkas\/#breadcrumb\",\"itemListElement\":[{\"@type\":\"ListItem\",\"position\":1,\"name\":\"Home\",\"item\":\"https:\/\/skaitytaknyga.lt\/\"},{\"@type\":\"ListItem\",\"position\":2,\"name\":\"Parduotuv\u0117\",\"item\":\"https:\/\/skaitytaknyga.lt\/knygu-parduotuve\/\"},{\"@type\":\"ListItem\",\"position\":3,\"name\":\"Hermann Hesse \u201eStepi\u0173 vilkas\u201c\"}]},{\"@type\":\"WebSite\",\"@id\":\"https:\/\/skaitytaknyga.lt\/#website\",\"url\":\"https:\/\/skaitytaknyga.lt\/\",\"name\":\"skaitytaknyga.lt\",\"description\":\"Skaitytaknyga.lt \u2013 tai ma\u017eas \u0161eimos verslas, kuris prasid\u0117jo nuo meil\u0117s knygoms ir siekio i\u0161gelb\u0117ti knygas nuo likimo prie konteinerio. Kas vienam nereikalingas daiktas \u2013 kitam lobis, o mes esame tarpininkai, kurie padeda abiems tapti laimingesniems ???? \u017dinome kaip nelengva i\u0161gyventi ma\u017eiems verslams, tad nuo \u0161iol, \u010dia rasite ir kit\u0173, ma\u017e\u0173 \u0161eim\u0173 versl\u0173, rank\u0173 darbo, dovan\u0173 sau ir artimiesiems.\",\"publisher\":{\"@id\":\"https:\/\/skaitytaknyga.lt\/#organization\"},\"potentialAction\":[{\"@type\":\"SearchAction\",\"target\":{\"@type\":\"EntryPoint\",\"urlTemplate\":\"https:\/\/skaitytaknyga.lt\/?s={search_term_string}\"},\"query-input\":{\"@type\":\"PropertyValueSpecification\",\"valueRequired\":true,\"valueName\":\"search_term_string\"}}],\"inLanguage\":\"en-GB\"},{\"@type\":\"Organization\",\"@id\":\"https:\/\/skaitytaknyga.lt\/#organization\",\"name\":\"skaitytaknyga.lt\",\"url\":\"https:\/\/skaitytaknyga.lt\/\",\"logo\":{\"@type\":\"ImageObject\",\"inLanguage\":\"en-GB\",\"@id\":\"https:\/\/skaitytaknyga.lt\/#\/schema\/logo\/image\/\",\"url\":\"https:\/\/skaitytaknyga.lt\/wp-content\/uploads\/2024\/05\/cropped-cropped-cropped-02_00843_jt3bggkj1j3HLc7SyY6rEUpg.jpeg\",\"contentUrl\":\"https:\/\/skaitytaknyga.lt\/wp-content\/uploads\/2024\/05\/cropped-cropped-cropped-02_00843_jt3bggkj1j3HLc7SyY6rEUpg.jpeg\",\"width\":1600,\"height\":1600,\"caption\":\"skaitytaknyga.lt\"},\"image\":{\"@id\":\"https:\/\/skaitytaknyga.lt\/#\/schema\/logo\/image\/\"},\"sameAs\":[\"https:\/\/www.facebook.com\/skaitytaknyga\/\"]}]}<\/script>\n<!-- \/ Yoast SEO plugin. -->","yoast_head_json":{"title":"Hermann Hesse \u201eStepi\u0173 vilkas\u201c","description":"Vokie\u010di\u0173 ra\u0161ytojo H. Hes\u0117s (1877-1962) romanas, para\u0161ytas 1927 metais, apie dvasios ir gyvenimo, m\u0105stytojo ir menininko prie\u0161prie\u0161\u0105. Haris Haleris \u2013","robots":{"index":"index","follow":"follow","max-snippet":"max-snippet:-1","max-image-preview":"max-image-preview:large","max-video-preview":"max-video-preview:-1"},"canonical":"https:\/\/skaitytaknyga.lt\/en\/produktas\/hermann-hesse-stepiu-vilkas\/","og_locale":"en_GB","og_type":"article","og_title":"[:lt]Hermann Hesse \u201eStepi\u0173 vilkas\u201c[:] - Skaitytaknyga","og_description":"Vokie\u010di\u0173 ra\u0161ytojo H. Hes\u0117s (1877-1962) romanas, para\u0161ytas 1927 metais, apie dvasios ir gyvenimo, m\u0105stytojo ir menininko prie\u0161prie\u0161\u0105. Haris Haleris \u2013","og_url":"https:\/\/skaitytaknyga.lt\/en\/produktas\/hermann-hesse-stepiu-vilkas\/","og_site_name":"Skaitytaknyga","article_publisher":"https:\/\/www.facebook.com\/skaitytaknyga\/","article_modified_time":"2025-10-10T18:35:42+00:00","og_image":[{"width":222,"height":397,"url":"https:\/\/skaitytaknyga.lt\/wp-content\/uploads\/2024\/08\/stepiu-vilkas-1.png","type":"image\/png"}],"twitter_card":"summary_large_image","twitter_misc":{"Estimated reading time":"1 minute"},"schema":{"@context":"https:\/\/schema.org","@graph":[{"@type":"WebPage","@id":"https:\/\/skaitytaknyga.lt\/produktas\/hermann-hesse-stepiu-vilkas\/","url":"https:\/\/skaitytaknyga.lt\/produktas\/hermann-hesse-stepiu-vilkas\/","name":"Hermann Hesse \u201eStepi\u0173 vilkas\u201c","isPartOf":{"@id":"https:\/\/skaitytaknyga.lt\/#website"},"primaryImageOfPage":{"@id":"https:\/\/skaitytaknyga.lt\/produktas\/hermann-hesse-stepiu-vilkas\/#primaryimage"},"image":{"@id":"https:\/\/skaitytaknyga.lt\/produktas\/hermann-hesse-stepiu-vilkas\/#primaryimage"},"thumbnailUrl":"https:\/\/skaitytaknyga.lt\/wp-content\/uploads\/2024\/08\/stepiu-vilkas-1.png","datePublished":"2024-08-25T13:11:57+00:00","dateModified":"2025-10-10T18:35:42+00:00","description":"Vokie\u010di\u0173 ra\u0161ytojo H. Hes\u0117s (1877-1962) romanas, para\u0161ytas 1927 metais, apie dvasios ir gyvenimo, m\u0105stytojo ir menininko prie\u0161prie\u0161\u0105. Haris Haleris \u2013","breadcrumb":{"@id":"https:\/\/skaitytaknyga.lt\/produktas\/hermann-hesse-stepiu-vilkas\/#breadcrumb"},"inLanguage":"en-GB","potentialAction":[{"@type":"ReadAction","target":["https:\/\/skaitytaknyga.lt\/produktas\/hermann-hesse-stepiu-vilkas\/"]}]},{"@type":"ImageObject","inLanguage":"en-GB","@id":"https:\/\/skaitytaknyga.lt\/produktas\/hermann-hesse-stepiu-vilkas\/#primaryimage","url":"https:\/\/skaitytaknyga.lt\/wp-content\/uploads\/2024\/08\/stepiu-vilkas-1.png","contentUrl":"https:\/\/skaitytaknyga.lt\/wp-content\/uploads\/2024\/08\/stepiu-vilkas-1.png","width":222,"height":397,"caption":"stepiu vilkas"},{"@type":"BreadcrumbList","@id":"https:\/\/skaitytaknyga.lt\/produktas\/hermann-hesse-stepiu-vilkas\/#breadcrumb","itemListElement":[{"@type":"ListItem","position":1,"name":"Home","item":"https:\/\/skaitytaknyga.lt\/"},{"@type":"ListItem","position":2,"name":"Parduotuv\u0117","item":"https:\/\/skaitytaknyga.lt\/knygu-parduotuve\/"},{"@type":"ListItem","position":3,"name":"Hermann Hesse \u201eStepi\u0173 vilkas\u201c"}]},{"@type":"WebSite","@id":"https:\/\/skaitytaknyga.lt\/#website","url":"https:\/\/skaitytaknyga.lt\/","name":"skaitytaknyga.lt","description":"Skaitytaknyga.lt \u2013 tai ma\u017eas \u0161eimos verslas, kuris prasid\u0117jo nuo meil\u0117s knygoms ir siekio i\u0161gelb\u0117ti knygas nuo likimo prie konteinerio. Kas vienam nereikalingas daiktas \u2013 kitam lobis, o mes esame tarpininkai, kurie padeda abiems tapti laimingesniems ???? \u017dinome kaip nelengva i\u0161gyventi ma\u017eiems verslams, tad nuo \u0161iol, \u010dia rasite ir kit\u0173, ma\u017e\u0173 \u0161eim\u0173 versl\u0173, rank\u0173 darbo, dovan\u0173 sau ir artimiesiems.","publisher":{"@id":"https:\/\/skaitytaknyga.lt\/#organization"},"potentialAction":[{"@type":"SearchAction","target":{"@type":"EntryPoint","urlTemplate":"https:\/\/skaitytaknyga.lt\/?s={search_term_string}"},"query-input":{"@type":"PropertyValueSpecification","valueRequired":true,"valueName":"search_term_string"}}],"inLanguage":"en-GB"},{"@type":"Organization","@id":"https:\/\/skaitytaknyga.lt\/#organization","name":"skaitytaknyga.lt","url":"https:\/\/skaitytaknyga.lt\/","logo":{"@type":"ImageObject","inLanguage":"en-GB","@id":"https:\/\/skaitytaknyga.lt\/#\/schema\/logo\/image\/","url":"https:\/\/skaitytaknyga.lt\/wp-content\/uploads\/2024\/05\/cropped-cropped-cropped-02_00843_jt3bggkj1j3HLc7SyY6rEUpg.jpeg","contentUrl":"https:\/\/skaitytaknyga.lt\/wp-content\/uploads\/2024\/05\/cropped-cropped-cropped-02_00843_jt3bggkj1j3HLc7SyY6rEUpg.jpeg","width":1600,"height":1600,"caption":"skaitytaknyga.lt"},"image":{"@id":"https:\/\/skaitytaknyga.lt\/#\/schema\/logo\/image\/"},"sameAs":["https:\/\/www.facebook.com\/skaitytaknyga\/"]}]}},"_links":{"self":[{"href":"https:\/\/skaitytaknyga.lt\/en\/wp-json\/wp\/v2\/product\/13618","targetHints":{"allow":["GET"]}}],"collection":[{"href":"https:\/\/skaitytaknyga.lt\/en\/wp-json\/wp\/v2\/product"}],"about":[{"href":"https:\/\/skaitytaknyga.lt\/en\/wp-json\/wp\/v2\/types\/product"}],"replies":[{"embeddable":true,"href":"https:\/\/skaitytaknyga.lt\/en\/wp-json\/wp\/v2\/comments?post=13618"}],"wp:featuredmedia":[{"embeddable":true,"href":"https:\/\/skaitytaknyga.lt\/en\/wp-json\/wp\/v2\/media\/13620"}],"wp:attachment":[{"href":"https:\/\/skaitytaknyga.lt\/en\/wp-json\/wp\/v2\/media?parent=13618"}],"wp:term":[{"taxonomy":"product_brand","embeddable":true,"href":"https:\/\/skaitytaknyga.lt\/en\/wp-json\/wp\/v2\/product_brand?post=13618"},{"taxonomy":"product_cat","embeddable":true,"href":"https:\/\/skaitytaknyga.lt\/en\/wp-json\/wp\/v2\/product_cat?post=13618"},{"taxonomy":"product_tag","embeddable":true,"href":"https:\/\/skaitytaknyga.lt\/en\/wp-json\/wp\/v2\/product_tag?post=13618"}],"curies":[{"name":"wp","href":"https:\/\/api.w.org\/{rel}","templated":true}]}}