{"id":13616,"date":"2024-08-25T16:08:48","date_gmt":"2024-08-25T13:08:48","guid":{"rendered":"https:\/\/skaitytaknyga.lt\/?post_type=product&#038;p=13616"},"modified":"2025-08-27T09:05:19","modified_gmt":"2025-08-27T06:05:19","slug":"selma-lagerlof-stebuklingosios-nilso-keliones-kopija","status":"publish","type":"product","link":"https:\/\/skaitytaknyga.lt\/en\/produktas\/selma-lagerlof-stebuklingosios-nilso-keliones-kopija\/","title":{"rendered":"Stebuklingosios Nilso kelion\u0117s  (kiek padil\u0119 kra\u0161teliai)"},"content":{"rendered":"<p>Stebuklingosios Nilso kelion\u0117s su \u017e\u0105simis, be joki\u0173 abejoni\u0173, garsiausia pasaulyje \u0161ved\u0173 knyga. J\u0105 da\u017enai mini ra\u0161ytojai, Nobelio premijos laureatai, atvyk\u0119 \u012f premijos \u012fteikimo ceremonij\u0105. Ta\u010diau daugelyje \u0161ali\u0173 \u017einomas tik \u0161ios knygos perpasakojimas, sutrumpintas variantas.<\/p>\n<p>Pavyzd\u017eiui, Rusijoje Nilso kelion\u0117s milijoniniais tira\u017eais i\u0161leistos ma\u017e\u0173 ma\u017eiausiai dvide\u0161imt kart\u0173, ta\u010diau rus\u0173 vaikai pa\u017e\u012fsta ne tikr\u0105j\u012f Nils\u0105, o i\u0161 1940 m. A. Liubars &#8211; kos ir Z. Zadunaiskajos perdirbinio. \u0160is perpasakojimas &#8211; ne tik ma\u017edaug \u0161e\u0161iskart trumpesnis u\u017e original\u0105, bet ir jo akcentai visi\u0161kai kitokie. Daugiaplanis, gilus k\u016brinys virto pirmiausiai \u012fdomia pasaka, o jo autor\u0117 \u012fgijo geros, doros pasak\u0173 k\u016br\u0117jos reputacij\u0105. Tuo tarpu Nilso kelion\u0117s S. Lagerliof k\u016bryboje u\u017eima ypating\u0105 viet\u0105.<\/p>\n","protected":false},"excerpt":{"rendered":"<p>Stebuklingosios Nilso kelion\u0117s su \u017e\u0105simis, be joki\u0173 abejoni\u0173, garsiausia pasaulyje \u0161ved\u0173 knyga. J\u0105 da\u017enai mini ra\u0161ytojai, Nobelio premijos laureatai, atvyk\u0119 \u012f premijos \u012fteikimo ceremonij\u0105. Ta\u010diau daugelyje \u0161ali\u0173 \u017einomas tik \u0161ios knygos perpasakojimas, sutrumpintas variantas. Pavyzd\u017eiui, Rusijoje Nilso kelion\u0117s milijoniniais tira\u017eais i\u0161leistos ma\u017e\u0173 ma\u017eiausiai dvide\u0161imt kart\u0173, ta\u010diau rus\u0173 vaikai pa\u017e\u012fsta ne tikr\u0105j\u012f Nils\u0105, o i\u0161 1940 m. A. Liubars &#8211; kos ir Z. Zadunaiskajos perdirbinio. \u0160is perpasakojimas &#8211; ne tik ma\u017edaug \u0161e\u0161iskart trumpesnis u\u017e original\u0105, bet ir jo akcentai visi\u0161kai kitokie. Daugiaplanis, gilus k\u016brinys virto pirmiausiai \u012fdomia pasaka, o jo autor\u0117 \u012fgijo geros, doros pasak\u0173 k\u016br\u0117jos reputacij\u0105. Tuo tarpu Nilso kelion\u0117s S. Lagerliof k\u016bryboje u\u017eima ypating\u0105 viet\u0105.<\/p>\n","protected":false},"featured_media":13617,"comment_status":"closed","ping_status":"closed","template":"","meta":{"_acf_changed":false,"site-sidebar-layout":"default","site-content-layout":"","ast-site-content-layout":"default","site-content-style":"default","site-sidebar-style":"default","ast-global-header-display":"","ast-banner-title-visibility":"","ast-main-header-display":"","ast-hfb-above-header-display":"","ast-hfb-below-header-display":"","ast-hfb-mobile-header-display":"","site-post-title":"","ast-breadcrumbs-content":"","ast-featured-img":"","footer-sml-layout":"","ast-disable-related-posts":"","theme-transparent-header-meta":"default","adv-header-id-meta":"","stick-header-meta":"","header-above-stick-meta":"","header-main-stick-meta":"","header-below-stick-meta":"","astra-migrate-meta-layouts":"set","ast-page-background-enabled":"default","ast-page-background-meta":{"desktop":{"background-color":"","background-image":"","background-repeat":"repeat","background-position":"center center","background-size":"auto","background-attachment":"scroll","background-type":"","background-media":"","overlay-type":"","overlay-color":"","overlay-opacity":"","overlay-gradient":""},"tablet":{"background-color":"","background-image":"","background-repeat":"repeat","background-position":"center center","background-size":"auto","background-attachment":"scroll","background-type":"","background-media":"","overlay-type":"","overlay-color":"","overlay-opacity":"","overlay-gradient":""},"mobile":{"background-color":"","background-image":"","background-repeat":"repeat","background-position":"center center","background-size":"auto","background-attachment":"scroll","background-type":"","background-media":"","overlay-type":"","overlay-color":"","overlay-opacity":"","overlay-gradient":""}},"ast-content-background-meta":{"desktop":{"background-color":"var(--ast-global-color-4)","background-image":"","background-repeat":"repeat","background-position":"center center","background-size":"auto","background-attachment":"scroll","background-type":"","background-media":"","overlay-type":"","overlay-color":"","overlay-opacity":"","overlay-gradient":""},"tablet":{"background-color":"var(--ast-global-color-4)","background-image":"","background-repeat":"repeat","background-position":"center center","background-size":"auto","background-attachment":"scroll","background-type":"","background-media":"","overlay-type":"","overlay-color":"","overlay-opacity":"","overlay-gradient":""},"mobile":{"background-color":"var(--ast-global-color-4)","background-image":"","background-repeat":"repeat","background-position":"center center","background-size":"auto","background-attachment":"scroll","background-type":"","background-media":"","overlay-type":"","overlay-color":"","overlay-opacity":"","overlay-gradient":""}}},"product_brand":[],"product_cat":[35],"product_tag":[2857,4816,5771,2942,1978],"class_list":{"0":"post-13616","1":"product","2":"type-product","3":"status-publish","4":"has-post-thumbnail","6":"product_cat-vaikams-ir-paaugliams","7":"product_tag-nobelio-premija","8":"product_tag-pasaka","9":"product_tag-selma-lagerlof","10":"product_tag-svedu-literatura","11":"product_tag-vaiku-knyga","12":"desktop-align-left","13":"tablet-align-left","14":"mobile-align-left","16":"first","17":"instock","18":"shipping-taxable","19":"purchasable","20":"product-type-simple"},"acf":[],"yoast_head":"<!-- This site is optimized with the Yoast SEO plugin v27.0 - https:\/\/yoast.com\/product\/yoast-seo-wordpress\/ -->\n<title>Stebuklingosios Nilso kelion\u0117s (kiek padil\u0119 kra\u0161teliai)<\/title>\n<meta name=\"description\" content=\"Stebuklingosios Nilso kelion\u0117s su \u017e\u0105simis, be joki\u0173 abejoni\u0173, garsiausia pasaulyje \u0161ved\u0173 knyga. J\u0105 da\u017enai mini ra\u0161ytojai, Nobelio premijos laureatai,\" \/>\n<meta name=\"robots\" content=\"index, follow, max-snippet:-1, max-image-preview:large, max-video-preview:-1\" \/>\n<link rel=\"canonical\" href=\"https:\/\/skaitytaknyga.lt\/en\/produktas\/selma-lagerlof-stebuklingosios-nilso-keliones-kopija\/\" \/>\n<meta property=\"og:locale\" content=\"en_GB\" \/>\n<meta property=\"og:locale:alternate\" content=\"lt_LT\" \/>\n<meta property=\"og:type\" content=\"article\" \/>\n<meta property=\"og:title\" content=\"Stebuklingosios Nilso kelion\u0117s (kiek padil\u0119 kra\u0161teliai)\" \/>\n<meta property=\"og:description\" content=\"Stebuklingosios Nilso kelion\u0117s su \u017e\u0105simis, be joki\u0173 abejoni\u0173, garsiausia pasaulyje \u0161ved\u0173 knyga. J\u0105 da\u017enai mini ra\u0161ytojai, Nobelio premijos laureatai,\" \/>\n<meta property=\"og:url\" content=\"https:\/\/skaitytaknyga.lt\/en\/produktas\/selma-lagerlof-stebuklingosios-nilso-keliones-kopija\/\" \/>\n<meta property=\"og:site_name\" content=\"Skaitytaknyga\" \/>\n<meta property=\"article:publisher\" content=\"https:\/\/www.facebook.com\/skaitytaknyga\/\" \/>\n<meta property=\"article:modified_time\" content=\"2025-08-27T06:05:19+00:00\" \/>\n<meta property=\"og:image\" content=\"https:\/\/skaitytaknyga.lt\/wp-content\/uploads\/2024\/08\/881a71223522a157fba97debfd96ad54.webp\" \/>\n\t<meta property=\"og:image:width\" content=\"359\" \/>\n\t<meta property=\"og:image:height\" content=\"575\" \/>\n\t<meta property=\"og:image:type\" content=\"image\/webp\" \/>\n<meta name=\"twitter:card\" content=\"summary_large_image\" \/>\n<meta name=\"twitter:label1\" content=\"Estimated reading time\" \/>\n\t<meta name=\"twitter:data1\" content=\"1 minute\" \/>\n<script type=\"application\/ld+json\" class=\"yoast-schema-graph\">{\"@context\":\"https:\/\/schema.org\",\"@graph\":[{\"@type\":\"WebPage\",\"@id\":\"https:\/\/skaitytaknyga.lt\/produktas\/selma-lagerlof-stebuklingosios-nilso-keliones-kopija\/\",\"url\":\"https:\/\/skaitytaknyga.lt\/produktas\/selma-lagerlof-stebuklingosios-nilso-keliones-kopija\/\",\"name\":\"Stebuklingosios Nilso kelion\u0117s (kiek padil\u0119 kra\u0161teliai)\",\"isPartOf\":{\"@id\":\"https:\/\/skaitytaknyga.lt\/#website\"},\"primaryImageOfPage\":{\"@id\":\"https:\/\/skaitytaknyga.lt\/produktas\/selma-lagerlof-stebuklingosios-nilso-keliones-kopija\/#primaryimage\"},\"image\":{\"@id\":\"https:\/\/skaitytaknyga.lt\/produktas\/selma-lagerlof-stebuklingosios-nilso-keliones-kopija\/#primaryimage\"},\"thumbnailUrl\":\"https:\/\/skaitytaknyga.lt\/wp-content\/uploads\/2024\/08\/881a71223522a157fba97debfd96ad54.webp\",\"datePublished\":\"2024-08-25T13:08:48+00:00\",\"dateModified\":\"2025-08-27T06:05:19+00:00\",\"description\":\"Stebuklingosios Nilso kelion\u0117s su \u017e\u0105simis, be joki\u0173 abejoni\u0173, garsiausia pasaulyje \u0161ved\u0173 knyga. J\u0105 da\u017enai mini ra\u0161ytojai, Nobelio premijos laureatai,\",\"breadcrumb\":{\"@id\":\"https:\/\/skaitytaknyga.lt\/produktas\/selma-lagerlof-stebuklingosios-nilso-keliones-kopija\/#breadcrumb\"},\"inLanguage\":\"en-GB\",\"potentialAction\":[{\"@type\":\"ReadAction\",\"target\":[\"https:\/\/skaitytaknyga.lt\/produktas\/selma-lagerlof-stebuklingosios-nilso-keliones-kopija\/\"]}]},{\"@type\":\"ImageObject\",\"inLanguage\":\"en-GB\",\"@id\":\"https:\/\/skaitytaknyga.lt\/produktas\/selma-lagerlof-stebuklingosios-nilso-keliones-kopija\/#primaryimage\",\"url\":\"https:\/\/skaitytaknyga.lt\/wp-content\/uploads\/2024\/08\/881a71223522a157fba97debfd96ad54.webp\",\"contentUrl\":\"https:\/\/skaitytaknyga.lt\/wp-content\/uploads\/2024\/08\/881a71223522a157fba97debfd96ad54.webp\",\"width\":359,\"height\":575,\"caption\":\"Selma Lagerl\u00f6f \u201eStebuklingosios Nilso kelion\u0117s\u201c\"},{\"@type\":\"BreadcrumbList\",\"@id\":\"https:\/\/skaitytaknyga.lt\/produktas\/selma-lagerlof-stebuklingosios-nilso-keliones-kopija\/#breadcrumb\",\"itemListElement\":[{\"@type\":\"ListItem\",\"position\":1,\"name\":\"Home\",\"item\":\"https:\/\/skaitytaknyga.lt\/\"},{\"@type\":\"ListItem\",\"position\":2,\"name\":\"Parduotuv\u0117\",\"item\":\"https:\/\/skaitytaknyga.lt\/knygu-parduotuve\/\"},{\"@type\":\"ListItem\",\"position\":3,\"name\":\"Stebuklingosios Nilso kelion\u0117s (kiek padil\u0119 kra\u0161teliai)\"}]},{\"@type\":\"WebSite\",\"@id\":\"https:\/\/skaitytaknyga.lt\/#website\",\"url\":\"https:\/\/skaitytaknyga.lt\/\",\"name\":\"skaitytaknyga.lt\",\"description\":\"Skaitytaknyga.lt \u2013 tai ma\u017eas \u0161eimos verslas, kuris prasid\u0117jo nuo meil\u0117s knygoms ir siekio i\u0161gelb\u0117ti knygas nuo likimo prie konteinerio. Kas vienam nereikalingas daiktas \u2013 kitam lobis, o mes esame tarpininkai, kurie padeda abiems tapti laimingesniems ???? \u017dinome kaip nelengva i\u0161gyventi ma\u017eiems verslams, tad nuo \u0161iol, \u010dia rasite ir kit\u0173, ma\u017e\u0173 \u0161eim\u0173 versl\u0173, rank\u0173 darbo, dovan\u0173 sau ir artimiesiems.\",\"publisher\":{\"@id\":\"https:\/\/skaitytaknyga.lt\/#organization\"},\"potentialAction\":[{\"@type\":\"SearchAction\",\"target\":{\"@type\":\"EntryPoint\",\"urlTemplate\":\"https:\/\/skaitytaknyga.lt\/?s={search_term_string}\"},\"query-input\":{\"@type\":\"PropertyValueSpecification\",\"valueRequired\":true,\"valueName\":\"search_term_string\"}}],\"inLanguage\":\"en-GB\"},{\"@type\":\"Organization\",\"@id\":\"https:\/\/skaitytaknyga.lt\/#organization\",\"name\":\"skaitytaknyga.lt\",\"url\":\"https:\/\/skaitytaknyga.lt\/\",\"logo\":{\"@type\":\"ImageObject\",\"inLanguage\":\"en-GB\",\"@id\":\"https:\/\/skaitytaknyga.lt\/#\/schema\/logo\/image\/\",\"url\":\"https:\/\/skaitytaknyga.lt\/wp-content\/uploads\/2024\/05\/cropped-cropped-cropped-02_00843_jt3bggkj1j3HLc7SyY6rEUpg.jpeg\",\"contentUrl\":\"https:\/\/skaitytaknyga.lt\/wp-content\/uploads\/2024\/05\/cropped-cropped-cropped-02_00843_jt3bggkj1j3HLc7SyY6rEUpg.jpeg\",\"width\":1600,\"height\":1600,\"caption\":\"skaitytaknyga.lt\"},\"image\":{\"@id\":\"https:\/\/skaitytaknyga.lt\/#\/schema\/logo\/image\/\"},\"sameAs\":[\"https:\/\/www.facebook.com\/skaitytaknyga\/\"]}]}<\/script>\n<!-- \/ Yoast SEO plugin. -->","yoast_head_json":{"title":"Stebuklingosios Nilso kelion\u0117s (kiek padil\u0119 kra\u0161teliai)","description":"Stebuklingosios Nilso kelion\u0117s su \u017e\u0105simis, be joki\u0173 abejoni\u0173, garsiausia pasaulyje \u0161ved\u0173 knyga. J\u0105 da\u017enai mini ra\u0161ytojai, Nobelio premijos laureatai,","robots":{"index":"index","follow":"follow","max-snippet":"max-snippet:-1","max-image-preview":"max-image-preview:large","max-video-preview":"max-video-preview:-1"},"canonical":"https:\/\/skaitytaknyga.lt\/en\/produktas\/selma-lagerlof-stebuklingosios-nilso-keliones-kopija\/","og_locale":"en_GB","og_type":"article","og_title":"[:lt]Stebuklingosios Nilso kelion\u0117s (kiek padil\u0119 kra\u0161teliai)[:] - Skaitytaknyga","og_description":"Stebuklingosios Nilso kelion\u0117s su \u017e\u0105simis, be joki\u0173 abejoni\u0173, garsiausia pasaulyje \u0161ved\u0173 knyga. J\u0105 da\u017enai mini ra\u0161ytojai, Nobelio premijos laureatai,","og_url":"https:\/\/skaitytaknyga.lt\/en\/produktas\/selma-lagerlof-stebuklingosios-nilso-keliones-kopija\/","og_site_name":"Skaitytaknyga","article_publisher":"https:\/\/www.facebook.com\/skaitytaknyga\/","article_modified_time":"2025-08-27T06:05:19+00:00","og_image":[{"width":359,"height":575,"url":"https:\/\/skaitytaknyga.lt\/wp-content\/uploads\/2024\/08\/881a71223522a157fba97debfd96ad54.webp","type":"image\/webp"}],"twitter_card":"summary_large_image","twitter_misc":{"Estimated reading time":"1 minute"},"schema":{"@context":"https:\/\/schema.org","@graph":[{"@type":"WebPage","@id":"https:\/\/skaitytaknyga.lt\/produktas\/selma-lagerlof-stebuklingosios-nilso-keliones-kopija\/","url":"https:\/\/skaitytaknyga.lt\/produktas\/selma-lagerlof-stebuklingosios-nilso-keliones-kopija\/","name":"Stebuklingosios Nilso kelion\u0117s (kiek padil\u0119 kra\u0161teliai)","isPartOf":{"@id":"https:\/\/skaitytaknyga.lt\/#website"},"primaryImageOfPage":{"@id":"https:\/\/skaitytaknyga.lt\/produktas\/selma-lagerlof-stebuklingosios-nilso-keliones-kopija\/#primaryimage"},"image":{"@id":"https:\/\/skaitytaknyga.lt\/produktas\/selma-lagerlof-stebuklingosios-nilso-keliones-kopija\/#primaryimage"},"thumbnailUrl":"https:\/\/skaitytaknyga.lt\/wp-content\/uploads\/2024\/08\/881a71223522a157fba97debfd96ad54.webp","datePublished":"2024-08-25T13:08:48+00:00","dateModified":"2025-08-27T06:05:19+00:00","description":"Stebuklingosios Nilso kelion\u0117s su \u017e\u0105simis, be joki\u0173 abejoni\u0173, garsiausia pasaulyje \u0161ved\u0173 knyga. J\u0105 da\u017enai mini ra\u0161ytojai, Nobelio premijos laureatai,","breadcrumb":{"@id":"https:\/\/skaitytaknyga.lt\/produktas\/selma-lagerlof-stebuklingosios-nilso-keliones-kopija\/#breadcrumb"},"inLanguage":"en-GB","potentialAction":[{"@type":"ReadAction","target":["https:\/\/skaitytaknyga.lt\/produktas\/selma-lagerlof-stebuklingosios-nilso-keliones-kopija\/"]}]},{"@type":"ImageObject","inLanguage":"en-GB","@id":"https:\/\/skaitytaknyga.lt\/produktas\/selma-lagerlof-stebuklingosios-nilso-keliones-kopija\/#primaryimage","url":"https:\/\/skaitytaknyga.lt\/wp-content\/uploads\/2024\/08\/881a71223522a157fba97debfd96ad54.webp","contentUrl":"https:\/\/skaitytaknyga.lt\/wp-content\/uploads\/2024\/08\/881a71223522a157fba97debfd96ad54.webp","width":359,"height":575,"caption":"Selma Lagerl\u00f6f \u201eStebuklingosios Nilso kelion\u0117s\u201c"},{"@type":"BreadcrumbList","@id":"https:\/\/skaitytaknyga.lt\/produktas\/selma-lagerlof-stebuklingosios-nilso-keliones-kopija\/#breadcrumb","itemListElement":[{"@type":"ListItem","position":1,"name":"Home","item":"https:\/\/skaitytaknyga.lt\/"},{"@type":"ListItem","position":2,"name":"Parduotuv\u0117","item":"https:\/\/skaitytaknyga.lt\/knygu-parduotuve\/"},{"@type":"ListItem","position":3,"name":"Stebuklingosios Nilso kelion\u0117s (kiek padil\u0119 kra\u0161teliai)"}]},{"@type":"WebSite","@id":"https:\/\/skaitytaknyga.lt\/#website","url":"https:\/\/skaitytaknyga.lt\/","name":"skaitytaknyga.lt","description":"Skaitytaknyga.lt \u2013 tai ma\u017eas \u0161eimos verslas, kuris prasid\u0117jo nuo meil\u0117s knygoms ir siekio i\u0161gelb\u0117ti knygas nuo likimo prie konteinerio. Kas vienam nereikalingas daiktas \u2013 kitam lobis, o mes esame tarpininkai, kurie padeda abiems tapti laimingesniems ???? \u017dinome kaip nelengva i\u0161gyventi ma\u017eiems verslams, tad nuo \u0161iol, \u010dia rasite ir kit\u0173, ma\u017e\u0173 \u0161eim\u0173 versl\u0173, rank\u0173 darbo, dovan\u0173 sau ir artimiesiems.","publisher":{"@id":"https:\/\/skaitytaknyga.lt\/#organization"},"potentialAction":[{"@type":"SearchAction","target":{"@type":"EntryPoint","urlTemplate":"https:\/\/skaitytaknyga.lt\/?s={search_term_string}"},"query-input":{"@type":"PropertyValueSpecification","valueRequired":true,"valueName":"search_term_string"}}],"inLanguage":"en-GB"},{"@type":"Organization","@id":"https:\/\/skaitytaknyga.lt\/#organization","name":"skaitytaknyga.lt","url":"https:\/\/skaitytaknyga.lt\/","logo":{"@type":"ImageObject","inLanguage":"en-GB","@id":"https:\/\/skaitytaknyga.lt\/#\/schema\/logo\/image\/","url":"https:\/\/skaitytaknyga.lt\/wp-content\/uploads\/2024\/05\/cropped-cropped-cropped-02_00843_jt3bggkj1j3HLc7SyY6rEUpg.jpeg","contentUrl":"https:\/\/skaitytaknyga.lt\/wp-content\/uploads\/2024\/05\/cropped-cropped-cropped-02_00843_jt3bggkj1j3HLc7SyY6rEUpg.jpeg","width":1600,"height":1600,"caption":"skaitytaknyga.lt"},"image":{"@id":"https:\/\/skaitytaknyga.lt\/#\/schema\/logo\/image\/"},"sameAs":["https:\/\/www.facebook.com\/skaitytaknyga\/"]}]}},"_links":{"self":[{"href":"https:\/\/skaitytaknyga.lt\/en\/wp-json\/wp\/v2\/product\/13616","targetHints":{"allow":["GET"]}}],"collection":[{"href":"https:\/\/skaitytaknyga.lt\/en\/wp-json\/wp\/v2\/product"}],"about":[{"href":"https:\/\/skaitytaknyga.lt\/en\/wp-json\/wp\/v2\/types\/product"}],"replies":[{"embeddable":true,"href":"https:\/\/skaitytaknyga.lt\/en\/wp-json\/wp\/v2\/comments?post=13616"}],"wp:featuredmedia":[{"embeddable":true,"href":"https:\/\/skaitytaknyga.lt\/en\/wp-json\/wp\/v2\/media\/13617"}],"wp:attachment":[{"href":"https:\/\/skaitytaknyga.lt\/en\/wp-json\/wp\/v2\/media?parent=13616"}],"wp:term":[{"taxonomy":"product_brand","embeddable":true,"href":"https:\/\/skaitytaknyga.lt\/en\/wp-json\/wp\/v2\/product_brand?post=13616"},{"taxonomy":"product_cat","embeddable":true,"href":"https:\/\/skaitytaknyga.lt\/en\/wp-json\/wp\/v2\/product_cat?post=13616"},{"taxonomy":"product_tag","embeddable":true,"href":"https:\/\/skaitytaknyga.lt\/en\/wp-json\/wp\/v2\/product_tag?post=13616"}],"curies":[{"name":"wp","href":"https:\/\/api.w.org\/{rel}","templated":true}]}}