{"id":13614,"date":"2024-08-25T15:54:21","date_gmt":"2024-08-25T12:54:21","guid":{"rendered":"https:\/\/skaitytaknyga.lt\/?post_type=product&#038;p=13614"},"modified":"2025-05-19T15:31:40","modified_gmt":"2025-05-19T12:31:40","slug":"ilja-ilf-jevgenij-petrov-dvylika-kedziu-paklijuotas-irisimas","status":"publish","type":"product","link":"https:\/\/skaitytaknyga.lt\/en\/produktas\/ilja-ilf-jevgenij-petrov-dvylika-kedziu-paklijuotas-irisimas\/","title":{"rendered":"Dvylika k\u0117d\u017ei\u0173"},"content":{"rendered":"<p>Iljos Ilfo ir Jevgenijaus Petrovo romanas \u201eDvylika k\u0117d\u017ei\u0173\u201c (1928) labiausiai \u012fsimena savo \u017eaisminga, su \u0161maik\u0161\u010dia ironija perteikta be galo ry\u0161ki\u0173 tipa\u017e\u0173 galerija labai autenti\u0161kame SSRS tre\u010diojo de\u0161imtme\u010dio socialinio gyvenimo fone.<\/p>\n<p>\u0160iame leidime pateiktas romano variantas, kuriame pagal rankra\u0161t\u012f, ma\u0161inra\u0161t\u012f, publikacij\u0105 \u017eurnale \u201e30 dien\u0173\u201c ir pirm\u0105j\u012f \u201e\u017dem\u0117s ir Fabriko\u201c leidim\u0105 ra\u0161ytojo Iljos Ilfo dukra Aleksandra Ilf atstat\u0117 reik\u0161mingiausius fragmentus, pa\u0161alintus i\u0161 ankstesni\u0173 leidim\u0173 skonio arba cenz\u016bros sumetimais, ir i\u0161saugojo stilistinius taisymus, pirminiame tekste darytus arba aprobuotus pa\u010di\u0173 autori\u0173.<\/p>\n<ul class=\"about-product d-none d-xl-block mt-4\">\n<li><strong>Autorius:<\/strong>\u00a0I. Ilfas,\u00a0E. Petrovas<\/li>\n<li><strong>Leid\u0117jas:<\/strong>\u00a0Valstybin\u0117 gro\u017ein\u0117s literat\u016bros leidykla<\/li>\n<li><strong>Metai:<\/strong>\u00a01957<\/li>\n<li><strong>Puslapiai:<\/strong>\u00a0431<\/li>\n<li><strong>Formatas:<\/strong>\u00a013,5 x 20 x 2,8 cm, kieti vir\u0161eliai<\/li>\n<li><strong>Vert\u0117jas:<\/strong>\u00a0Petras Cvirka, P. Laurinaitis, P. Dirs\u0117<\/li>\n<\/ul>\n","protected":false},"excerpt":{"rendered":"<p>Iljos Ilfo ir Jevgenijaus Petrovo romanas \u201eDvylika k\u0117d\u017ei\u0173\u201c (1928) labiausiai \u012fsimena savo \u017eaisminga, su \u0161maik\u0161\u010dia ironija perteikta be galo ry\u0161ki\u0173 tipa\u017e\u0173 galerija labai autenti\u0161kame SSRS tre\u010diojo de\u0161imtme\u010dio socialinio gyvenimo fone. \u0160iame leidime pateiktas romano variantas, kuriame pagal rankra\u0161t\u012f, ma\u0161inra\u0161t\u012f, publikacij\u0105 \u017eurnale \u201e30 dien\u0173\u201c ir pirm\u0105j\u012f \u201e\u017dem\u0117s ir Fabriko\u201c leidim\u0105 ra\u0161ytojo Iljos Ilfo dukra Aleksandra Ilf atstat\u0117 reik\u0161mingiausius fragmentus, pa\u0161alintus i\u0161 ankstesni\u0173 leidim\u0173 skonio arba cenz\u016bros sumetimais, ir i\u0161saugojo stilistinius taisymus, pirminiame tekste darytus arba aprobuotus pa\u010di\u0173 autori\u0173. Autorius:\u00a0I. Ilfas,\u00a0E. Petrovas Leid\u0117jas:\u00a0Valstybin\u0117 gro\u017ein\u0117s literat\u016bros leidykla Metai:\u00a01957 Puslapiai:\u00a0431 Formatas:\u00a013,5 x 20 x 2,8 cm, kieti vir\u0161eliai Vert\u0117jas:\u00a0Petras Cvirka, P. Laurinaitis, P. Dirs\u0117<\/p>\n","protected":false},"featured_media":13615,"comment_status":"closed","ping_status":"closed","template":"","meta":{"_acf_changed":false,"site-sidebar-layout":"default","site-content-layout":"","ast-site-content-layout":"default","site-content-style":"default","site-sidebar-style":"default","ast-global-header-display":"","ast-banner-title-visibility":"","ast-main-header-display":"","ast-hfb-above-header-display":"","ast-hfb-below-header-display":"","ast-hfb-mobile-header-display":"","site-post-title":"","ast-breadcrumbs-content":"","ast-featured-img":"","footer-sml-layout":"","ast-disable-related-posts":"","theme-transparent-header-meta":"default","adv-header-id-meta":"","stick-header-meta":"","header-above-stick-meta":"","header-main-stick-meta":"","header-below-stick-meta":"","astra-migrate-meta-layouts":"set","ast-page-background-enabled":"default","ast-page-background-meta":{"desktop":{"background-color":"","background-image":"","background-repeat":"repeat","background-position":"center center","background-size":"auto","background-attachment":"scroll","background-type":"","background-media":"","overlay-type":"","overlay-color":"","overlay-opacity":"","overlay-gradient":""},"tablet":{"background-color":"","background-image":"","background-repeat":"repeat","background-position":"center center","background-size":"auto","background-attachment":"scroll","background-type":"","background-media":"","overlay-type":"","overlay-color":"","overlay-opacity":"","overlay-gradient":""},"mobile":{"background-color":"","background-image":"","background-repeat":"repeat","background-position":"center center","background-size":"auto","background-attachment":"scroll","background-type":"","background-media":"","overlay-type":"","overlay-color":"","overlay-opacity":"","overlay-gradient":""}},"ast-content-background-meta":{"desktop":{"background-color":"var(--ast-global-color-4)","background-image":"","background-repeat":"repeat","background-position":"center center","background-size":"auto","background-attachment":"scroll","background-type":"","background-media":"","overlay-type":"","overlay-color":"","overlay-opacity":"","overlay-gradient":""},"tablet":{"background-color":"var(--ast-global-color-4)","background-image":"","background-repeat":"repeat","background-position":"center center","background-size":"auto","background-attachment":"scroll","background-type":"","background-media":"","overlay-type":"","overlay-color":"","overlay-opacity":"","overlay-gradient":""},"mobile":{"background-color":"var(--ast-global-color-4)","background-image":"","background-repeat":"repeat","background-position":"center center","background-size":"auto","background-attachment":"scroll","background-type":"","background-media":"","overlay-type":"","overlay-color":"","overlay-opacity":"","overlay-gradient":""}}},"product_brand":[],"product_cat":[31],"product_tag":[4139,4140,1437,1842,2189],"class_list":{"0":"post-13614","1":"product","2":"type-product","3":"status-publish","4":"has-post-thumbnail","6":"product_cat-grozine-literatura","7":"product_tag-ilja-ilf","8":"product_tag-jevgenij-petrov","9":"product_tag-klasika","10":"product_tag-rusu-literatura","11":"product_tag-satyra","12":"desktop-align-left","13":"tablet-align-left","14":"mobile-align-left","16":"first","17":"instock","18":"shipping-taxable","19":"purchasable","20":"product-type-simple"},"acf":[],"yoast_head":"<!-- This site is optimized with the Yoast SEO plugin v27.0 - https:\/\/yoast.com\/product\/yoast-seo-wordpress\/ -->\n<title>med\u017ei\u0173 istorija<\/title>\n<meta name=\"description\" content=\"Iljos Ilfo ir Jevgenijaus Petrovo romanas \u201eDvylika k\u0117d\u017ei\u0173\u201c (1928) labiausiai \u012fsimena savo \u017eaisminga, su \u0161maik\u0161\u010dia ironija perteikta be galo ry\u0161ki\u0173 tipa\u017e\u0173\" \/>\n<meta name=\"robots\" content=\"index, follow, max-snippet:-1, max-image-preview:large, max-video-preview:-1\" \/>\n<link rel=\"canonical\" href=\"https:\/\/skaitytaknyga.lt\/en\/produktas\/ilja-ilf-jevgenij-petrov-dvylika-kedziu-paklijuotas-irisimas\/\" \/>\n<meta property=\"og:locale\" content=\"en_GB\" \/>\n<meta property=\"og:locale:alternate\" content=\"lt_LT\" \/>\n<meta property=\"og:type\" content=\"article\" \/>\n<meta property=\"og:title\" content=\"med\u017ei\u0173 istorija\" \/>\n<meta property=\"og:description\" content=\"Iljos Ilfo ir Jevgenijaus Petrovo romanas \u201eDvylika k\u0117d\u017ei\u0173\u201c (1928) labiausiai \u012fsimena savo \u017eaisminga, su \u0161maik\u0161\u010dia ironija perteikta be galo ry\u0161ki\u0173 tipa\u017e\u0173\" \/>\n<meta property=\"og:url\" content=\"https:\/\/skaitytaknyga.lt\/en\/produktas\/ilja-ilf-jevgenij-petrov-dvylika-kedziu-paklijuotas-irisimas\/\" \/>\n<meta property=\"og:site_name\" content=\"Skaitytaknyga\" \/>\n<meta property=\"article:publisher\" content=\"https:\/\/www.facebook.com\/skaitytaknyga\/\" \/>\n<meta property=\"article:modified_time\" content=\"2025-05-19T12:31:40+00:00\" \/>\n<meta property=\"og:image\" content=\"https:\/\/skaitytaknyga.lt\/wp-content\/uploads\/2024\/08\/Dvylika-kedziu.webp\" \/>\n\t<meta property=\"og:image:width\" content=\"523\" \/>\n\t<meta property=\"og:image:height\" content=\"800\" \/>\n\t<meta property=\"og:image:type\" content=\"image\/webp\" \/>\n<meta name=\"twitter:card\" content=\"summary_large_image\" \/>\n<meta name=\"twitter:label1\" content=\"Estimated reading time\" \/>\n\t<meta name=\"twitter:data1\" content=\"1 minute\" \/>\n<script type=\"application\/ld+json\" class=\"yoast-schema-graph\">{\"@context\":\"https:\/\/schema.org\",\"@graph\":[{\"@type\":\"WebPage\",\"@id\":\"https:\/\/skaitytaknyga.lt\/produktas\/ilja-ilf-jevgenij-petrov-dvylika-kedziu-paklijuotas-irisimas\/\",\"url\":\"https:\/\/skaitytaknyga.lt\/produktas\/ilja-ilf-jevgenij-petrov-dvylika-kedziu-paklijuotas-irisimas\/\",\"name\":\"med\u017ei\u0173 istorija\",\"isPartOf\":{\"@id\":\"https:\/\/skaitytaknyga.lt\/#website\"},\"primaryImageOfPage\":{\"@id\":\"https:\/\/skaitytaknyga.lt\/produktas\/ilja-ilf-jevgenij-petrov-dvylika-kedziu-paklijuotas-irisimas\/#primaryimage\"},\"image\":{\"@id\":\"https:\/\/skaitytaknyga.lt\/produktas\/ilja-ilf-jevgenij-petrov-dvylika-kedziu-paklijuotas-irisimas\/#primaryimage\"},\"thumbnailUrl\":\"https:\/\/skaitytaknyga.lt\/wp-content\/uploads\/2024\/08\/Dvylika-kedziu.webp\",\"datePublished\":\"2024-08-25T12:54:21+00:00\",\"dateModified\":\"2025-05-19T12:31:40+00:00\",\"description\":\"Iljos Ilfo ir Jevgenijaus Petrovo romanas \u201eDvylika k\u0117d\u017ei\u0173\u201c (1928) labiausiai \u012fsimena savo \u017eaisminga, su \u0161maik\u0161\u010dia ironija perteikta be galo ry\u0161ki\u0173 tipa\u017e\u0173\",\"breadcrumb\":{\"@id\":\"https:\/\/skaitytaknyga.lt\/produktas\/ilja-ilf-jevgenij-petrov-dvylika-kedziu-paklijuotas-irisimas\/#breadcrumb\"},\"inLanguage\":\"en-GB\",\"potentialAction\":[{\"@type\":\"ReadAction\",\"target\":[\"https:\/\/skaitytaknyga.lt\/produktas\/ilja-ilf-jevgenij-petrov-dvylika-kedziu-paklijuotas-irisimas\/\"]}]},{\"@type\":\"ImageObject\",\"inLanguage\":\"en-GB\",\"@id\":\"https:\/\/skaitytaknyga.lt\/produktas\/ilja-ilf-jevgenij-petrov-dvylika-kedziu-paklijuotas-irisimas\/#primaryimage\",\"url\":\"https:\/\/skaitytaknyga.lt\/wp-content\/uploads\/2024\/08\/Dvylika-kedziu.webp\",\"contentUrl\":\"https:\/\/skaitytaknyga.lt\/wp-content\/uploads\/2024\/08\/Dvylika-kedziu.webp\",\"width\":523,\"height\":800,\"caption\":\"Dvylika k\u0117d\u017ei\u0173\"},{\"@type\":\"BreadcrumbList\",\"@id\":\"https:\/\/skaitytaknyga.lt\/produktas\/ilja-ilf-jevgenij-petrov-dvylika-kedziu-paklijuotas-irisimas\/#breadcrumb\",\"itemListElement\":[{\"@type\":\"ListItem\",\"position\":1,\"name\":\"Home\",\"item\":\"https:\/\/skaitytaknyga.lt\/\"},{\"@type\":\"ListItem\",\"position\":2,\"name\":\"Parduotuv\u0117\",\"item\":\"https:\/\/skaitytaknyga.lt\/knygu-parduotuve\/\"},{\"@type\":\"ListItem\",\"position\":3,\"name\":\"Dvylika k\u0117d\u017ei\u0173\"}]},{\"@type\":\"WebSite\",\"@id\":\"https:\/\/skaitytaknyga.lt\/#website\",\"url\":\"https:\/\/skaitytaknyga.lt\/\",\"name\":\"skaitytaknyga.lt\",\"description\":\"Skaitytaknyga.lt \u2013 tai ma\u017eas \u0161eimos verslas, kuris prasid\u0117jo nuo meil\u0117s knygoms ir siekio i\u0161gelb\u0117ti knygas nuo likimo prie konteinerio. Kas vienam nereikalingas daiktas \u2013 kitam lobis, o mes esame tarpininkai, kurie padeda abiems tapti laimingesniems ???? \u017dinome kaip nelengva i\u0161gyventi ma\u017eiems verslams, tad nuo \u0161iol, \u010dia rasite ir kit\u0173, ma\u017e\u0173 \u0161eim\u0173 versl\u0173, rank\u0173 darbo, dovan\u0173 sau ir artimiesiems.\",\"publisher\":{\"@id\":\"https:\/\/skaitytaknyga.lt\/#organization\"},\"potentialAction\":[{\"@type\":\"SearchAction\",\"target\":{\"@type\":\"EntryPoint\",\"urlTemplate\":\"https:\/\/skaitytaknyga.lt\/?s={search_term_string}\"},\"query-input\":{\"@type\":\"PropertyValueSpecification\",\"valueRequired\":true,\"valueName\":\"search_term_string\"}}],\"inLanguage\":\"en-GB\"},{\"@type\":\"Organization\",\"@id\":\"https:\/\/skaitytaknyga.lt\/#organization\",\"name\":\"skaitytaknyga.lt\",\"url\":\"https:\/\/skaitytaknyga.lt\/\",\"logo\":{\"@type\":\"ImageObject\",\"inLanguage\":\"en-GB\",\"@id\":\"https:\/\/skaitytaknyga.lt\/#\/schema\/logo\/image\/\",\"url\":\"https:\/\/skaitytaknyga.lt\/wp-content\/uploads\/2024\/05\/cropped-cropped-cropped-02_00843_jt3bggkj1j3HLc7SyY6rEUpg.jpeg\",\"contentUrl\":\"https:\/\/skaitytaknyga.lt\/wp-content\/uploads\/2024\/05\/cropped-cropped-cropped-02_00843_jt3bggkj1j3HLc7SyY6rEUpg.jpeg\",\"width\":1600,\"height\":1600,\"caption\":\"skaitytaknyga.lt\"},\"image\":{\"@id\":\"https:\/\/skaitytaknyga.lt\/#\/schema\/logo\/image\/\"},\"sameAs\":[\"https:\/\/www.facebook.com\/skaitytaknyga\/\"]}]}<\/script>\n<!-- \/ Yoast SEO plugin. -->","yoast_head_json":{"title":"med\u017ei\u0173 istorija","description":"Iljos Ilfo ir Jevgenijaus Petrovo romanas \u201eDvylika k\u0117d\u017ei\u0173\u201c (1928) labiausiai \u012fsimena savo \u017eaisminga, su \u0161maik\u0161\u010dia ironija perteikta be galo ry\u0161ki\u0173 tipa\u017e\u0173","robots":{"index":"index","follow":"follow","max-snippet":"max-snippet:-1","max-image-preview":"max-image-preview:large","max-video-preview":"max-video-preview:-1"},"canonical":"https:\/\/skaitytaknyga.lt\/en\/produktas\/ilja-ilf-jevgenij-petrov-dvylika-kedziu-paklijuotas-irisimas\/","og_locale":"en_GB","og_type":"article","og_title":"med\u017ei\u0173 istorija","og_description":"Iljos Ilfo ir Jevgenijaus Petrovo romanas \u201eDvylika k\u0117d\u017ei\u0173\u201c (1928) labiausiai \u012fsimena savo \u017eaisminga, su \u0161maik\u0161\u010dia ironija perteikta be galo ry\u0161ki\u0173 tipa\u017e\u0173","og_url":"https:\/\/skaitytaknyga.lt\/en\/produktas\/ilja-ilf-jevgenij-petrov-dvylika-kedziu-paklijuotas-irisimas\/","og_site_name":"Skaitytaknyga","article_publisher":"https:\/\/www.facebook.com\/skaitytaknyga\/","article_modified_time":"2025-05-19T12:31:40+00:00","og_image":[{"width":523,"height":800,"url":"https:\/\/skaitytaknyga.lt\/wp-content\/uploads\/2024\/08\/Dvylika-kedziu.webp","type":"image\/webp"}],"twitter_card":"summary_large_image","twitter_misc":{"Estimated reading time":"1 minute"},"schema":{"@context":"https:\/\/schema.org","@graph":[{"@type":"WebPage","@id":"https:\/\/skaitytaknyga.lt\/produktas\/ilja-ilf-jevgenij-petrov-dvylika-kedziu-paklijuotas-irisimas\/","url":"https:\/\/skaitytaknyga.lt\/produktas\/ilja-ilf-jevgenij-petrov-dvylika-kedziu-paklijuotas-irisimas\/","name":"med\u017ei\u0173 istorija","isPartOf":{"@id":"https:\/\/skaitytaknyga.lt\/#website"},"primaryImageOfPage":{"@id":"https:\/\/skaitytaknyga.lt\/produktas\/ilja-ilf-jevgenij-petrov-dvylika-kedziu-paklijuotas-irisimas\/#primaryimage"},"image":{"@id":"https:\/\/skaitytaknyga.lt\/produktas\/ilja-ilf-jevgenij-petrov-dvylika-kedziu-paklijuotas-irisimas\/#primaryimage"},"thumbnailUrl":"https:\/\/skaitytaknyga.lt\/wp-content\/uploads\/2024\/08\/Dvylika-kedziu.webp","datePublished":"2024-08-25T12:54:21+00:00","dateModified":"2025-05-19T12:31:40+00:00","description":"Iljos Ilfo ir Jevgenijaus Petrovo romanas \u201eDvylika k\u0117d\u017ei\u0173\u201c (1928) labiausiai \u012fsimena savo \u017eaisminga, su \u0161maik\u0161\u010dia ironija perteikta be galo ry\u0161ki\u0173 tipa\u017e\u0173","breadcrumb":{"@id":"https:\/\/skaitytaknyga.lt\/produktas\/ilja-ilf-jevgenij-petrov-dvylika-kedziu-paklijuotas-irisimas\/#breadcrumb"},"inLanguage":"en-GB","potentialAction":[{"@type":"ReadAction","target":["https:\/\/skaitytaknyga.lt\/produktas\/ilja-ilf-jevgenij-petrov-dvylika-kedziu-paklijuotas-irisimas\/"]}]},{"@type":"ImageObject","inLanguage":"en-GB","@id":"https:\/\/skaitytaknyga.lt\/produktas\/ilja-ilf-jevgenij-petrov-dvylika-kedziu-paklijuotas-irisimas\/#primaryimage","url":"https:\/\/skaitytaknyga.lt\/wp-content\/uploads\/2024\/08\/Dvylika-kedziu.webp","contentUrl":"https:\/\/skaitytaknyga.lt\/wp-content\/uploads\/2024\/08\/Dvylika-kedziu.webp","width":523,"height":800,"caption":"Dvylika k\u0117d\u017ei\u0173"},{"@type":"BreadcrumbList","@id":"https:\/\/skaitytaknyga.lt\/produktas\/ilja-ilf-jevgenij-petrov-dvylika-kedziu-paklijuotas-irisimas\/#breadcrumb","itemListElement":[{"@type":"ListItem","position":1,"name":"Home","item":"https:\/\/skaitytaknyga.lt\/"},{"@type":"ListItem","position":2,"name":"Parduotuv\u0117","item":"https:\/\/skaitytaknyga.lt\/knygu-parduotuve\/"},{"@type":"ListItem","position":3,"name":"Dvylika k\u0117d\u017ei\u0173"}]},{"@type":"WebSite","@id":"https:\/\/skaitytaknyga.lt\/#website","url":"https:\/\/skaitytaknyga.lt\/","name":"skaitytaknyga.lt","description":"Skaitytaknyga.lt \u2013 tai ma\u017eas \u0161eimos verslas, kuris prasid\u0117jo nuo meil\u0117s knygoms ir siekio i\u0161gelb\u0117ti knygas nuo likimo prie konteinerio. Kas vienam nereikalingas daiktas \u2013 kitam lobis, o mes esame tarpininkai, kurie padeda abiems tapti laimingesniems ???? \u017dinome kaip nelengva i\u0161gyventi ma\u017eiems verslams, tad nuo \u0161iol, \u010dia rasite ir kit\u0173, ma\u017e\u0173 \u0161eim\u0173 versl\u0173, rank\u0173 darbo, dovan\u0173 sau ir artimiesiems.","publisher":{"@id":"https:\/\/skaitytaknyga.lt\/#organization"},"potentialAction":[{"@type":"SearchAction","target":{"@type":"EntryPoint","urlTemplate":"https:\/\/skaitytaknyga.lt\/?s={search_term_string}"},"query-input":{"@type":"PropertyValueSpecification","valueRequired":true,"valueName":"search_term_string"}}],"inLanguage":"en-GB"},{"@type":"Organization","@id":"https:\/\/skaitytaknyga.lt\/#organization","name":"skaitytaknyga.lt","url":"https:\/\/skaitytaknyga.lt\/","logo":{"@type":"ImageObject","inLanguage":"en-GB","@id":"https:\/\/skaitytaknyga.lt\/#\/schema\/logo\/image\/","url":"https:\/\/skaitytaknyga.lt\/wp-content\/uploads\/2024\/05\/cropped-cropped-cropped-02_00843_jt3bggkj1j3HLc7SyY6rEUpg.jpeg","contentUrl":"https:\/\/skaitytaknyga.lt\/wp-content\/uploads\/2024\/05\/cropped-cropped-cropped-02_00843_jt3bggkj1j3HLc7SyY6rEUpg.jpeg","width":1600,"height":1600,"caption":"skaitytaknyga.lt"},"image":{"@id":"https:\/\/skaitytaknyga.lt\/#\/schema\/logo\/image\/"},"sameAs":["https:\/\/www.facebook.com\/skaitytaknyga\/"]}]}},"_links":{"self":[{"href":"https:\/\/skaitytaknyga.lt\/en\/wp-json\/wp\/v2\/product\/13614","targetHints":{"allow":["GET"]}}],"collection":[{"href":"https:\/\/skaitytaknyga.lt\/en\/wp-json\/wp\/v2\/product"}],"about":[{"href":"https:\/\/skaitytaknyga.lt\/en\/wp-json\/wp\/v2\/types\/product"}],"replies":[{"embeddable":true,"href":"https:\/\/skaitytaknyga.lt\/en\/wp-json\/wp\/v2\/comments?post=13614"}],"wp:featuredmedia":[{"embeddable":true,"href":"https:\/\/skaitytaknyga.lt\/en\/wp-json\/wp\/v2\/media\/13615"}],"wp:attachment":[{"href":"https:\/\/skaitytaknyga.lt\/en\/wp-json\/wp\/v2\/media?parent=13614"}],"wp:term":[{"taxonomy":"product_brand","embeddable":true,"href":"https:\/\/skaitytaknyga.lt\/en\/wp-json\/wp\/v2\/product_brand?post=13614"},{"taxonomy":"product_cat","embeddable":true,"href":"https:\/\/skaitytaknyga.lt\/en\/wp-json\/wp\/v2\/product_cat?post=13614"},{"taxonomy":"product_tag","embeddable":true,"href":"https:\/\/skaitytaknyga.lt\/en\/wp-json\/wp\/v2\/product_tag?post=13614"}],"curies":[{"name":"wp","href":"https:\/\/api.w.org\/{rel}","templated":true}]}}