{"id":13613,"date":"2024-08-25T15:49:32","date_gmt":"2024-08-25T12:49:32","guid":{"rendered":"https:\/\/skaitytaknyga.lt\/?post_type=product&#038;p=13613"},"modified":"2025-05-15T10:12:11","modified_gmt":"2025-05-15T07:12:11","slug":"goran-tunstrom-kaledu-oratorija","status":"publish","type":"product","link":"https:\/\/skaitytaknyga.lt\/en\/produktas\/goran-tunstrom-kaledu-oratorija\/","title":{"rendered":"Kal\u0117d\u0173 oratorija"},"content":{"rendered":"<p>Vieno populiariausi\u0173 \u0161i\u0173 dien\u0173 \u0161ved\u0173 ra\u0161ytojo G. Tunstromo romanas\u00a0<strong>\u201eKal\u0117d\u0173 oratorija\u201c<\/strong>\u00a0nukelia \u012f Selmos Lagerlef Vermland\u0105, kur vaizduoja trij\u0173 kart\u0173 gyvenim\u0105 nuo \u0161io am\u017eiaus ketvirto de\u0161imtme\u010dio iki m\u016bs\u0173 dien\u0173. Autoriui savas ir \u017eemi\u0161kasis ir dvasinis pasaulis, Pagrindinis romano veik\u0117jas Sidneris Nordensonas ie\u0161ko pusiausvyros tarp d\u017eiaugsmo ir li\u016bdesio, meil\u0117s ir kan\u010dios, tikrov\u0117s ir svaj\u0173. Jo sud\u0117tinga gyvenimo istorija pavaizduota su skandinav\u0173 literat\u016brai b\u016bdinga fantazija.<\/p>\n<ul class=\"about-product d-none d-xl-block mt-4\">\n<li><strong>Autorius:<\/strong>\u00a0G\u00f6ran Tunstr\u00f6m<\/li>\n<li><strong>Leid\u0117jas:<\/strong>\u00a0Alma littera<\/li>\n<li><strong>Metai:<\/strong>\u00a01995<\/li>\n<li><strong>Puslapiai:<\/strong>\u00a0351<\/li>\n<li><strong>ISBN:<\/strong>\u00a09986021545<\/li>\n<li><strong>Formatas:<\/strong>\u00a013,5 x 20,5 cm, kieti vir\u0161eliai<\/li>\n<li><strong>Kalba:<\/strong>\u00a0Lietuvi\u0173<\/li>\n<li><strong>Vert\u0117jas:<\/strong>\u00a0Eugenija Stravinskien\u0117<\/li>\n<\/ul>\n","protected":false},"excerpt":{"rendered":"<p>Vieno populiariausi\u0173 \u0161i\u0173 dien\u0173 \u0161ved\u0173 ra\u0161ytojo G. Tunstromo romanas\u00a0\u201eKal\u0117d\u0173 oratorija\u201c\u00a0nukelia \u012f Selmos Lagerlef Vermland\u0105, kur vaizduoja trij\u0173 kart\u0173 gyvenim\u0105 nuo \u0161io am\u017eiaus ketvirto de\u0161imtme\u010dio iki m\u016bs\u0173 dien\u0173. Autoriui savas ir \u017eemi\u0161kasis ir dvasinis pasaulis, Pagrindinis romano veik\u0117jas Sidneris Nordensonas ie\u0161ko pusiausvyros tarp d\u017eiaugsmo ir li\u016bdesio, meil\u0117s ir kan\u010dios, tikrov\u0117s ir svaj\u0173. Jo sud\u0117tinga gyvenimo istorija pavaizduota su skandinav\u0173 literat\u016brai b\u016bdinga fantazija. Autorius:\u00a0G\u00f6ran Tunstr\u00f6m Leid\u0117jas:\u00a0Alma littera Metai:\u00a01995 Puslapiai:\u00a0351 ISBN:\u00a09986021545 Formatas:\u00a013,5 x 20,5 cm, kieti vir\u0161eliai Kalba:\u00a0Lietuvi\u0173 Vert\u0117jas:\u00a0Eugenija Stravinskien\u0117<\/p>\n","protected":false},"featured_media":13641,"comment_status":"open","ping_status":"closed","template":"","meta":{"_acf_changed":false,"site-sidebar-layout":"default","site-content-layout":"","ast-site-content-layout":"default","site-content-style":"default","site-sidebar-style":"default","ast-global-header-display":"","ast-banner-title-visibility":"","ast-main-header-display":"","ast-hfb-above-header-display":"","ast-hfb-below-header-display":"","ast-hfb-mobile-header-display":"","site-post-title":"","ast-breadcrumbs-content":"","ast-featured-img":"","footer-sml-layout":"","ast-disable-related-posts":"","theme-transparent-header-meta":"default","adv-header-id-meta":"","stick-header-meta":"","header-above-stick-meta":"","header-main-stick-meta":"","header-below-stick-meta":"","astra-migrate-meta-layouts":"set","ast-page-background-enabled":"default","ast-page-background-meta":{"desktop":{"background-color":"","background-image":"","background-repeat":"repeat","background-position":"center center","background-size":"auto","background-attachment":"scroll","background-type":"","background-media":"","overlay-type":"","overlay-color":"","overlay-opacity":"","overlay-gradient":""},"tablet":{"background-color":"","background-image":"","background-repeat":"repeat","background-position":"center center","background-size":"auto","background-attachment":"scroll","background-type":"","background-media":"","overlay-type":"","overlay-color":"","overlay-opacity":"","overlay-gradient":""},"mobile":{"background-color":"","background-image":"","background-repeat":"repeat","background-position":"center center","background-size":"auto","background-attachment":"scroll","background-type":"","background-media":"","overlay-type":"","overlay-color":"","overlay-opacity":"","overlay-gradient":""}},"ast-content-background-meta":{"desktop":{"background-color":"var(--ast-global-color-4)","background-image":"","background-repeat":"repeat","background-position":"center center","background-size":"auto","background-attachment":"scroll","background-type":"","background-media":"","overlay-type":"","overlay-color":"","overlay-opacity":"","overlay-gradient":""},"tablet":{"background-color":"var(--ast-global-color-4)","background-image":"","background-repeat":"repeat","background-position":"center center","background-size":"auto","background-attachment":"scroll","background-type":"","background-media":"","overlay-type":"","overlay-color":"","overlay-opacity":"","overlay-gradient":""},"mobile":{"background-color":"var(--ast-global-color-4)","background-image":"","background-repeat":"repeat","background-position":"center center","background-size":"auto","background-attachment":"scroll","background-type":"","background-media":"","overlay-type":"","overlay-color":"","overlay-opacity":"","overlay-gradient":""}}},"product_brand":[],"product_cat":[31,15],"product_tag":[2938,2939,1911,2940,2942,2941],"class_list":{"0":"post-13613","1":"product","2":"type-product","3":"status-publish","4":"has-post-thumbnail","6":"product_cat-grozine-literatura","7":"product_cat-uncategorized","8":"product_tag-goran-tunstrom","9":"product_tag-kaledos","10":"product_tag-lyrika","11":"product_tag-oratorija","12":"product_tag-svedu-literatura","13":"product_tag-sventes","14":"desktop-align-left","15":"tablet-align-left","16":"mobile-align-left","18":"first","19":"instock","20":"shipping-taxable","21":"purchasable","22":"product-type-simple"},"acf":[],"yoast_head":"<!-- This site is optimized with the Yoast SEO plugin v27.0 - https:\/\/yoast.com\/product\/yoast-seo-wordpress\/ -->\n<title>Kal\u0117d\u0173 oratorija<\/title>\n<meta name=\"description\" content=\"Vieno populiariausi\u0173 \u0161i\u0173 dien\u0173 \u0161ved\u0173 ra\u0161ytojo G. Tunstromo romanas\u00a0\u201eKal\u0117d\u0173 oratorija\u201c\u00a0nukelia \u012f Selmos Lagerlef Vermland\u0105, kur vaizduoja trij\u0173 kart\u0173\" \/>\n<meta name=\"robots\" content=\"index, follow, max-snippet:-1, max-image-preview:large, max-video-preview:-1\" \/>\n<link rel=\"canonical\" href=\"https:\/\/skaitytaknyga.lt\/en\/produktas\/goran-tunstrom-kaledu-oratorija\/\" \/>\n<meta property=\"og:locale\" content=\"en_GB\" \/>\n<meta property=\"og:locale:alternate\" content=\"lt_LT\" \/>\n<meta property=\"og:type\" content=\"article\" \/>\n<meta property=\"og:title\" content=\"Kal\u0117d\u0173 oratorija\" \/>\n<meta property=\"og:description\" content=\"Vieno populiariausi\u0173 \u0161i\u0173 dien\u0173 \u0161ved\u0173 ra\u0161ytojo G. Tunstromo romanas\u00a0\u201eKal\u0117d\u0173 oratorija\u201c\u00a0nukelia \u012f Selmos Lagerlef Vermland\u0105, kur vaizduoja trij\u0173 kart\u0173\" \/>\n<meta property=\"og:url\" content=\"https:\/\/skaitytaknyga.lt\/en\/produktas\/goran-tunstrom-kaledu-oratorija\/\" \/>\n<meta property=\"og:site_name\" content=\"Skaitytaknyga\" \/>\n<meta property=\"article:publisher\" content=\"https:\/\/www.facebook.com\/skaitytaknyga\/\" \/>\n<meta property=\"article:modified_time\" content=\"2025-05-15T07:12:11+00:00\" \/>\n<meta property=\"og:image\" content=\"https:\/\/skaitytaknyga.lt\/wp-content\/uploads\/2024\/08\/Kaledu-oratorija.webp\" \/>\n\t<meta property=\"og:image:width\" content=\"501\" \/>\n\t<meta property=\"og:image:height\" content=\"800\" \/>\n\t<meta property=\"og:image:type\" content=\"image\/webp\" \/>\n<meta name=\"twitter:card\" content=\"summary_large_image\" \/>\n<meta name=\"twitter:label1\" content=\"Estimated reading time\" \/>\n\t<meta name=\"twitter:data1\" content=\"1 minute\" \/>\n<script type=\"application\/ld+json\" class=\"yoast-schema-graph\">{\"@context\":\"https:\/\/schema.org\",\"@graph\":[{\"@type\":\"WebPage\",\"@id\":\"https:\/\/skaitytaknyga.lt\/produktas\/goran-tunstrom-kaledu-oratorija\/\",\"url\":\"https:\/\/skaitytaknyga.lt\/produktas\/goran-tunstrom-kaledu-oratorija\/\",\"name\":\"Kal\u0117d\u0173 oratorija\",\"isPartOf\":{\"@id\":\"https:\/\/skaitytaknyga.lt\/#website\"},\"primaryImageOfPage\":{\"@id\":\"https:\/\/skaitytaknyga.lt\/produktas\/goran-tunstrom-kaledu-oratorija\/#primaryimage\"},\"image\":{\"@id\":\"https:\/\/skaitytaknyga.lt\/produktas\/goran-tunstrom-kaledu-oratorija\/#primaryimage\"},\"thumbnailUrl\":\"https:\/\/skaitytaknyga.lt\/wp-content\/uploads\/2024\/08\/Kaledu-oratorija.webp\",\"datePublished\":\"2024-08-25T12:49:32+00:00\",\"dateModified\":\"2025-05-15T07:12:11+00:00\",\"description\":\"Vieno populiariausi\u0173 \u0161i\u0173 dien\u0173 \u0161ved\u0173 ra\u0161ytojo G. Tunstromo romanas\u00a0\u201eKal\u0117d\u0173 oratorija\u201c\u00a0nukelia \u012f Selmos Lagerlef Vermland\u0105, kur vaizduoja trij\u0173 kart\u0173\",\"breadcrumb\":{\"@id\":\"https:\/\/skaitytaknyga.lt\/produktas\/goran-tunstrom-kaledu-oratorija\/#breadcrumb\"},\"inLanguage\":\"en-GB\",\"potentialAction\":[{\"@type\":\"ReadAction\",\"target\":[\"https:\/\/skaitytaknyga.lt\/produktas\/goran-tunstrom-kaledu-oratorija\/\"]}]},{\"@type\":\"ImageObject\",\"inLanguage\":\"en-GB\",\"@id\":\"https:\/\/skaitytaknyga.lt\/produktas\/goran-tunstrom-kaledu-oratorija\/#primaryimage\",\"url\":\"https:\/\/skaitytaknyga.lt\/wp-content\/uploads\/2024\/08\/Kaledu-oratorija.webp\",\"contentUrl\":\"https:\/\/skaitytaknyga.lt\/wp-content\/uploads\/2024\/08\/Kaledu-oratorija.webp\",\"width\":501,\"height\":800,\"caption\":\"Kal\u0117d\u0173 oratorija\"},{\"@type\":\"BreadcrumbList\",\"@id\":\"https:\/\/skaitytaknyga.lt\/produktas\/goran-tunstrom-kaledu-oratorija\/#breadcrumb\",\"itemListElement\":[{\"@type\":\"ListItem\",\"position\":1,\"name\":\"Home\",\"item\":\"https:\/\/skaitytaknyga.lt\/\"},{\"@type\":\"ListItem\",\"position\":2,\"name\":\"Parduotuv\u0117\",\"item\":\"https:\/\/skaitytaknyga.lt\/knygu-parduotuve\/\"},{\"@type\":\"ListItem\",\"position\":3,\"name\":\"Kal\u0117d\u0173 oratorija\"}]},{\"@type\":\"WebSite\",\"@id\":\"https:\/\/skaitytaknyga.lt\/#website\",\"url\":\"https:\/\/skaitytaknyga.lt\/\",\"name\":\"skaitytaknyga.lt\",\"description\":\"Skaitytaknyga.lt \u2013 tai ma\u017eas \u0161eimos verslas, kuris prasid\u0117jo nuo meil\u0117s knygoms ir siekio i\u0161gelb\u0117ti knygas nuo likimo prie konteinerio. Kas vienam nereikalingas daiktas \u2013 kitam lobis, o mes esame tarpininkai, kurie padeda abiems tapti laimingesniems ???? \u017dinome kaip nelengva i\u0161gyventi ma\u017eiems verslams, tad nuo \u0161iol, \u010dia rasite ir kit\u0173, ma\u017e\u0173 \u0161eim\u0173 versl\u0173, rank\u0173 darbo, dovan\u0173 sau ir artimiesiems.\",\"publisher\":{\"@id\":\"https:\/\/skaitytaknyga.lt\/#organization\"},\"potentialAction\":[{\"@type\":\"SearchAction\",\"target\":{\"@type\":\"EntryPoint\",\"urlTemplate\":\"https:\/\/skaitytaknyga.lt\/?s={search_term_string}\"},\"query-input\":{\"@type\":\"PropertyValueSpecification\",\"valueRequired\":true,\"valueName\":\"search_term_string\"}}],\"inLanguage\":\"en-GB\"},{\"@type\":\"Organization\",\"@id\":\"https:\/\/skaitytaknyga.lt\/#organization\",\"name\":\"skaitytaknyga.lt\",\"url\":\"https:\/\/skaitytaknyga.lt\/\",\"logo\":{\"@type\":\"ImageObject\",\"inLanguage\":\"en-GB\",\"@id\":\"https:\/\/skaitytaknyga.lt\/#\/schema\/logo\/image\/\",\"url\":\"https:\/\/skaitytaknyga.lt\/wp-content\/uploads\/2024\/05\/cropped-cropped-cropped-02_00843_jt3bggkj1j3HLc7SyY6rEUpg.jpeg\",\"contentUrl\":\"https:\/\/skaitytaknyga.lt\/wp-content\/uploads\/2024\/05\/cropped-cropped-cropped-02_00843_jt3bggkj1j3HLc7SyY6rEUpg.jpeg\",\"width\":1600,\"height\":1600,\"caption\":\"skaitytaknyga.lt\"},\"image\":{\"@id\":\"https:\/\/skaitytaknyga.lt\/#\/schema\/logo\/image\/\"},\"sameAs\":[\"https:\/\/www.facebook.com\/skaitytaknyga\/\"]}]}<\/script>\n<!-- \/ Yoast SEO plugin. -->","yoast_head_json":{"title":"Kal\u0117d\u0173 oratorija","description":"Vieno populiariausi\u0173 \u0161i\u0173 dien\u0173 \u0161ved\u0173 ra\u0161ytojo G. Tunstromo romanas\u00a0\u201eKal\u0117d\u0173 oratorija\u201c\u00a0nukelia \u012f Selmos Lagerlef Vermland\u0105, kur vaizduoja trij\u0173 kart\u0173","robots":{"index":"index","follow":"follow","max-snippet":"max-snippet:-1","max-image-preview":"max-image-preview:large","max-video-preview":"max-video-preview:-1"},"canonical":"https:\/\/skaitytaknyga.lt\/en\/produktas\/goran-tunstrom-kaledu-oratorija\/","og_locale":"en_GB","og_type":"article","og_title":"[:lt]Kal\u0117d\u0173 oratorija[:] - Skaitytaknyga","og_description":"Vieno populiariausi\u0173 \u0161i\u0173 dien\u0173 \u0161ved\u0173 ra\u0161ytojo G. Tunstromo romanas\u00a0\u201eKal\u0117d\u0173 oratorija\u201c\u00a0nukelia \u012f Selmos Lagerlef Vermland\u0105, kur vaizduoja trij\u0173 kart\u0173","og_url":"https:\/\/skaitytaknyga.lt\/en\/produktas\/goran-tunstrom-kaledu-oratorija\/","og_site_name":"Skaitytaknyga","article_publisher":"https:\/\/www.facebook.com\/skaitytaknyga\/","article_modified_time":"2025-05-15T07:12:11+00:00","og_image":[{"width":501,"height":800,"url":"https:\/\/skaitytaknyga.lt\/wp-content\/uploads\/2024\/08\/Kaledu-oratorija.webp","type":"image\/webp"}],"twitter_card":"summary_large_image","twitter_misc":{"Estimated reading time":"1 minute"},"schema":{"@context":"https:\/\/schema.org","@graph":[{"@type":"WebPage","@id":"https:\/\/skaitytaknyga.lt\/produktas\/goran-tunstrom-kaledu-oratorija\/","url":"https:\/\/skaitytaknyga.lt\/produktas\/goran-tunstrom-kaledu-oratorija\/","name":"Kal\u0117d\u0173 oratorija","isPartOf":{"@id":"https:\/\/skaitytaknyga.lt\/#website"},"primaryImageOfPage":{"@id":"https:\/\/skaitytaknyga.lt\/produktas\/goran-tunstrom-kaledu-oratorija\/#primaryimage"},"image":{"@id":"https:\/\/skaitytaknyga.lt\/produktas\/goran-tunstrom-kaledu-oratorija\/#primaryimage"},"thumbnailUrl":"https:\/\/skaitytaknyga.lt\/wp-content\/uploads\/2024\/08\/Kaledu-oratorija.webp","datePublished":"2024-08-25T12:49:32+00:00","dateModified":"2025-05-15T07:12:11+00:00","description":"Vieno populiariausi\u0173 \u0161i\u0173 dien\u0173 \u0161ved\u0173 ra\u0161ytojo G. Tunstromo romanas\u00a0\u201eKal\u0117d\u0173 oratorija\u201c\u00a0nukelia \u012f Selmos Lagerlef Vermland\u0105, kur vaizduoja trij\u0173 kart\u0173","breadcrumb":{"@id":"https:\/\/skaitytaknyga.lt\/produktas\/goran-tunstrom-kaledu-oratorija\/#breadcrumb"},"inLanguage":"en-GB","potentialAction":[{"@type":"ReadAction","target":["https:\/\/skaitytaknyga.lt\/produktas\/goran-tunstrom-kaledu-oratorija\/"]}]},{"@type":"ImageObject","inLanguage":"en-GB","@id":"https:\/\/skaitytaknyga.lt\/produktas\/goran-tunstrom-kaledu-oratorija\/#primaryimage","url":"https:\/\/skaitytaknyga.lt\/wp-content\/uploads\/2024\/08\/Kaledu-oratorija.webp","contentUrl":"https:\/\/skaitytaknyga.lt\/wp-content\/uploads\/2024\/08\/Kaledu-oratorija.webp","width":501,"height":800,"caption":"Kal\u0117d\u0173 oratorija"},{"@type":"BreadcrumbList","@id":"https:\/\/skaitytaknyga.lt\/produktas\/goran-tunstrom-kaledu-oratorija\/#breadcrumb","itemListElement":[{"@type":"ListItem","position":1,"name":"Home","item":"https:\/\/skaitytaknyga.lt\/"},{"@type":"ListItem","position":2,"name":"Parduotuv\u0117","item":"https:\/\/skaitytaknyga.lt\/knygu-parduotuve\/"},{"@type":"ListItem","position":3,"name":"Kal\u0117d\u0173 oratorija"}]},{"@type":"WebSite","@id":"https:\/\/skaitytaknyga.lt\/#website","url":"https:\/\/skaitytaknyga.lt\/","name":"skaitytaknyga.lt","description":"Skaitytaknyga.lt \u2013 tai ma\u017eas \u0161eimos verslas, kuris prasid\u0117jo nuo meil\u0117s knygoms ir siekio i\u0161gelb\u0117ti knygas nuo likimo prie konteinerio. Kas vienam nereikalingas daiktas \u2013 kitam lobis, o mes esame tarpininkai, kurie padeda abiems tapti laimingesniems ???? \u017dinome kaip nelengva i\u0161gyventi ma\u017eiems verslams, tad nuo \u0161iol, \u010dia rasite ir kit\u0173, ma\u017e\u0173 \u0161eim\u0173 versl\u0173, rank\u0173 darbo, dovan\u0173 sau ir artimiesiems.","publisher":{"@id":"https:\/\/skaitytaknyga.lt\/#organization"},"potentialAction":[{"@type":"SearchAction","target":{"@type":"EntryPoint","urlTemplate":"https:\/\/skaitytaknyga.lt\/?s={search_term_string}"},"query-input":{"@type":"PropertyValueSpecification","valueRequired":true,"valueName":"search_term_string"}}],"inLanguage":"en-GB"},{"@type":"Organization","@id":"https:\/\/skaitytaknyga.lt\/#organization","name":"skaitytaknyga.lt","url":"https:\/\/skaitytaknyga.lt\/","logo":{"@type":"ImageObject","inLanguage":"en-GB","@id":"https:\/\/skaitytaknyga.lt\/#\/schema\/logo\/image\/","url":"https:\/\/skaitytaknyga.lt\/wp-content\/uploads\/2024\/05\/cropped-cropped-cropped-02_00843_jt3bggkj1j3HLc7SyY6rEUpg.jpeg","contentUrl":"https:\/\/skaitytaknyga.lt\/wp-content\/uploads\/2024\/05\/cropped-cropped-cropped-02_00843_jt3bggkj1j3HLc7SyY6rEUpg.jpeg","width":1600,"height":1600,"caption":"skaitytaknyga.lt"},"image":{"@id":"https:\/\/skaitytaknyga.lt\/#\/schema\/logo\/image\/"},"sameAs":["https:\/\/www.facebook.com\/skaitytaknyga\/"]}]}},"_links":{"self":[{"href":"https:\/\/skaitytaknyga.lt\/en\/wp-json\/wp\/v2\/product\/13613","targetHints":{"allow":["GET"]}}],"collection":[{"href":"https:\/\/skaitytaknyga.lt\/en\/wp-json\/wp\/v2\/product"}],"about":[{"href":"https:\/\/skaitytaknyga.lt\/en\/wp-json\/wp\/v2\/types\/product"}],"replies":[{"embeddable":true,"href":"https:\/\/skaitytaknyga.lt\/en\/wp-json\/wp\/v2\/comments?post=13613"}],"wp:featuredmedia":[{"embeddable":true,"href":"https:\/\/skaitytaknyga.lt\/en\/wp-json\/wp\/v2\/media\/13641"}],"wp:attachment":[{"href":"https:\/\/skaitytaknyga.lt\/en\/wp-json\/wp\/v2\/media?parent=13613"}],"wp:term":[{"taxonomy":"product_brand","embeddable":true,"href":"https:\/\/skaitytaknyga.lt\/en\/wp-json\/wp\/v2\/product_brand?post=13613"},{"taxonomy":"product_cat","embeddable":true,"href":"https:\/\/skaitytaknyga.lt\/en\/wp-json\/wp\/v2\/product_cat?post=13613"},{"taxonomy":"product_tag","embeddable":true,"href":"https:\/\/skaitytaknyga.lt\/en\/wp-json\/wp\/v2\/product_tag?post=13613"}],"curies":[{"name":"wp","href":"https:\/\/api.w.org\/{rel}","templated":true}]}}